{"id":16325,"date":"2019-12-11T17:07:36","date_gmt":"2019-12-11T16:07:36","guid":{"rendered":"https:\/\/thebiopool.com\/?page_id=16325"},"modified":"2024-10-29T16:43:17","modified_gmt":"2024-10-29T15:43:17","slug":"deutsch-versandkosten","status":"publish","type":"page","link":"https:\/\/thebiopool.com\/de\/deutsch-versandkosten\/","title":{"rendered":"Versandkosten"},"content":{"rendered":"<p><\/p>\n<h2><strong>1. Versandkosten<\/strong><\/h2>\n<p>Bitte beachten: wir versenden alle Bestellungen aus Deutschland.<\/p>\n<h3><strong>Deutschland<\/strong><\/h3>\n<p>Die Berechnung der Versandpreise steht in Abh\u00e4ngigkeit des Volumens und der Gewichte der Einzelartikel, sowie des gesamten Warenkorbes.\u00a0\u00dcber die genaue H\u00f6he der Versandpreise werden Sie im Rahmen des Bestellvorgangs informiert.\u00a0Die Versandart mit der unsere Produkte verschickt werden ist auf der jeweiligen Produktseite ersichtlich.<\/p>\n<p>Unsere Waren bis 31,5 KG werden ausschlie\u00dflich per DHL innerhalb <strong>Deutschlands<\/strong> in 2-5 Werktagen zu der gew\u00fcnschten Lieferadresse geliefert, hierf\u00fcr berechnen wir\u00a0Ihnen pro Bestellung\u00a0eine Versandkostenpauschale von 14,28 EUR.<br \/>\nEinige Produke k\u00f6nnen Versandkosenfrei geliefert werden, dieses wird im Checkout deutlich angezeigt.<\/p>\n<p>Setzt sich eine Bestellung aus mehreren Sendungseinheiten zusammen, die das Gesamtgewicht von 31,5 Kilo \u00fcberschreitet,\u00a0berechnen wir Ihnen nochmals\u00a0eine Versandkostenpauschale von 14,28 EUR.<\/p>\n<p>Je nach Bestellung werden Waren \u00fcber 31,5 kg Gesamtgewicht auf mehrere Sendungseinheiten aufgeteilt und per DHL versendet.<\/p>\n<p>Nicht paketf\u00e4hige Artikel (\u00a0wegen Volumen oder Gewicht ) werden Ihnen von einer Spedition bequem nach Hause geliefert.\u00a0Die Kosten entnehmen Sie der Tabelle unten.<\/p>\n<table class=\"table--blue\" border=\"1\">\n<tbody>\n<tr class=\"even\">\n<td>DHL\u00a0 31,5 KG<\/td>\n<td>\u00a014,28 \u20ac<\/td>\n<\/tr>\n<tr class=\"odd\">\n<td>Spedition Einwegpalette<\/td>\n<td>\u00a0100,56 \u20ac<\/td>\n<\/tr>\n<tr class=\"even\">\n<td>Spedition\u00a0Halbpalette<\/td>\n<td>\u00a0 77,35 \u20ac<\/td>\n<\/tr>\n<tr class=\"odd\">\n<td>Spedition f\u00fcr\u00a0Teleskopstange XL<\/td>\n<td>\u00a0 69,62\u00a0\u20ac<\/td>\n<\/tr>\n<tr class=\"even\">\n<td>Spedition f\u00fcr\u00a0Teleskopstange Normal<\/td>\n<td>\u00a0 47,01 \u20ac<\/td>\n<\/tr>\n<tr class=\"odd\">\n<td>Spedition f\u00fcr \u00a0Motorschrubber XL<\/td>\n<td>\u00a0\u00a069,62 \u20ac<\/td>\n<\/tr>\n<tr class=\"even\">\n<td>UPS f\u00fcr\u00a0Motorschrubber Normal<\/td>\n<td>\u00a0 \u00a041,65\u00a0\u20ac<\/td>\n<\/tr>\n<\/tbody>\n<\/table>\n<h3><strong>Europ\u00e4ische Union<\/strong><\/h3>\n<p>Die Berechnung der Versandpreise steht in Abh\u00e4ngigkeit des Volumens und der Gewichte der Einzelartikel, sowie des gesamten Warenkorbes.\u00a0\u00dcber die genaue H\u00f6he der Versandpreise werden Sie im Rahmen des Bestellvorgangs informiert.\u00a0Die Versandart mit der unsere Produkte verschickt werden ist auf der jeweiligen Produktseite ersichtlich.<\/p>\n<p>Unsere Waren bis 31,5 KG werden ausschlie\u00dflich per DHL innerhalb <strong>Europ\u00e4ische Union<\/strong> in 4-6 Werktagen zu der gew\u00fcnschten Lieferadresse geliefert, hierf\u00fcr berechnen wir\u00a0Ihnen pro Bestellung\u00a0eine Versandkostenpauschale von 45,49 EUR.<\/p>\n<p>Setzt sich eine Bestellung aus mehreren Sendungseinheiten zusammen, die das Gesamtgewicht von 31,5 Kilo \u00fcberschreitet,\u00a0berechnen wir Ihnen nochmals\u00a0eine Versandkostenpauschale von 43,44 EUR.<\/p>\n<p>Je nach Bestellung werden Waren \u00fcber 31,5 kg Gesamtgewicht auf mehrere Sendungseinheiten aufgeteilt und per DHL versendet.<\/p>\n<p>Nicht paketf\u00e4hige Artikel (\u00a0wegen Volumen oder Gewicht ) werden Ihnen von einer Spedition bequem nach Hause geliefert.\u00a0Die Kosten entnehmen Sie der Tabelle unten.<\/p>\n<table class=\"table--blue\" border=\"1\">\n<tbody>\n<tr class=\"even\">\n<td>DHL 31,5 KG<\/td>\n<td>\u00a045,49 \u20ac<\/td>\n<\/tr>\n<tr class=\"odd\">\n<td>Spedition Einwegpalette<\/td>\n<td>\u00a0135,00 \u20ac<\/td>\n<\/tr>\n<tr class=\"even\">\n<td>Spedition Halbpalette<\/td>\n<td>\u00a0115,00 \u20ac<\/td>\n<\/tr>\n<tr class=\"odd\">\n<td>Spedition f\u00fcr\u00a0Teleskopstange XL<\/td>\n<td>\u00a099,37 \u20ac<\/td>\n<\/tr>\n<tr class=\"even\">\n<td>Spedition f\u00fcr\u00a0Teleskopstange Normal<\/td>\n<td>\u00a076,76 \u20ac<\/td>\n<\/tr>\n<tr class=\"odd\">\n<td>Spedition f\u00fcr \u00a0Motorschrubber XL<\/td>\n<td>\u00a099,37\u00a0\u20ac<\/td>\n<\/tr>\n<tr class=\"even\">\n<td>UPS f\u00fcr\u00a0Motorschrubber Normal<\/td>\n<td>\u00a0\u00a077,35 \u20ac<\/td>\n<\/tr>\n<\/tbody>\n<\/table>\n<p><strong>Ziell\u00e4nder:<\/strong> Belgien, Bulgarien, D\u00e4nemark,\u00a0Estland, Finnland, Frankreich, Griechenland, Irland, Italien, Kroatien, Lettland, Litauen, Luxemburg, Malta,\u00a0Niederlande,\u00a0\u00d6sterreich, Polen, Portugal, Rum\u00e4nen,\u00a0 Schweden,Slowakei, Slowenien, Spanien, Tschechische Republik, Ungarn, Vereinigtes K\u00f6nigreich, Zypern<\/p>\n<h3><strong>Schweiz<\/strong><\/h3>\n<p>Die Berechnung der Versandpreise steht in Abh\u00e4ngigkeit des Volumens und der Gewichte der Einzelartikel, sowie des gesamten Warenkorbes.\u00a0\u00dcber die genaue H\u00f6he der Versandpreise werden Sie im Rahmen des Bestellvorgangs informiert.\u00a0Die Versandart mit der unsere Produkte verschickt werden ist auf der jeweiligen Produktseite ersichtlich.<\/p>\n<p>Unsere Waren bis 31,5 KG werden ausschlie\u00dflich per DHL in <strong>die Schweiz<\/strong> innerhalb 5-14 Werktagen zu der gew\u00fcnschten Lieferadresse geliefert, hierf\u00fcr berechnen wir\u00a0Ihnen pro Bestellung\u00a0eine Versandkostenpauschale von 61,50 EUR.<\/p>\n<p>Setzt sich eine Bestellung aus mehreren Sendungseinheiten zusammen, die das Gesamtgewicht von 31,5 Kilo \u00fcberschreitet,\u00a0berechnen wir Ihnen nochmals\u00a0eine Versandkostenpauschale von 61,50 EUR.<\/p>\n<p>Je nach Bestellung werden Waren \u00fcber 31,5 kg Gesamtgewicht auf mehrere Sendungseinheiten aufgeteilt und per DHL versendet.<\/p>\n<p>Nicht paketf\u00e4hige Artikel (\u00a0wegen Volumen oder Gewicht ) werden Ihnen von einer Spedition bequem nach Hause geliefert.\u00a0Die Kosten entnehmen Sie der Tabelle unten.<\/p>\n<table class=\"table--blue\" border=\"1\">\n<tbody>\n<tr class=\"even\">\n<td>DHL 31,5 KG<\/td>\n<td>\u00a0 61,50 \u20ac<\/td>\n<\/tr>\n<tr class=\"odd\">\n<td>Spedition Einwegpalette<\/td>\n<td>\u00a0210,00 \u20ac<\/td>\n<\/tr>\n<tr class=\"even\">\n<td>Spedition Halbpalette<\/td>\n<td>\u00a0145,00\u00a0\u20ac<\/td>\n<\/tr>\n<tr class=\"odd\">\n<td>Spedition f\u00fcr\u00a0Teleskopstange XL<\/td>\n<td>\u00a0130,00 \u20ac<\/td>\n<\/tr>\n<tr class=\"even\">\n<td>Spedition f\u00fcr\u00a0Teleskopstange Normal<\/td>\n<td>\u00a0 115,00 \u20ac<\/td>\n<\/tr>\n<tr class=\"odd\">\n<td>Spedition f\u00fcr \u00a0Motorschrubber XL<\/td>\n<td>\u00a0130,00\u00a0\u20ac<\/td>\n<\/tr>\n<tr class=\"even\">\n<td>UPS f\u00fcr\u00a0Motorschrubber Normal<\/td>\n<td>\u00a0 115,35 \u20ac<\/td>\n<\/tr>\n<\/tbody>\n<\/table>\n<h2><strong>2. Versandinformationen<\/strong><\/h2>\n<p>Bitte bedenken Sie, dass die Verpackungs- und Versandkosten nicht nur die reinen Portokosten beinhalten. Auch Transportversicherung, Personalkosten der\u00a0Versandmitarbeiter und die Verpackung z\u00e4hlen hierzu.<\/p>\n<h2><strong>3. Retoure<\/strong><\/h2>\n<p>Ja, Sie haben 14 Tage Zeit die Waren ohne Angabe von Gr\u00fcnden zu uns zur\u00fcck zu schicken.<\/p>\n<p>K\u00f6nnen die Waren auf Grund ihrer Beschaffenheit mit der Post an uns zur\u00fcckgeschickt werden, \u00fcbernehmen wir daf\u00fcr\u00a0die Kosten. Dies gilt ausschlie\u00dflich bei einem Warenr\u00fcckversand per DHL. Andernfalls tragen Sie die unmittelbaren Kosten der R\u00fccksendung der Waren.<\/p>\n<p>Bei Waren, die aufgrund ihrer Beschaffenheit nicht normal mit der Post zur\u00fcckgesandt werden sind die unmittelbaren Speditionskosten von Ihnen zu tragen:<\/p>\n<p><strong> Deutschland:\u00a0<\/strong> 93,42 EUR<\/p>\n<p><strong>Europ\u00e4ische Union:<\/strong> 130,90 EUR<\/p>\n<p><strong>Schweiz:<\/strong>\u00a0 226,10 EUR<\/p>\n<p><strong class=\"b5\">Die angegebenen Preise sind Bruttopreise.<\/strong><\/p>","protected":false},"excerpt":{"rendered":"<p>1. Versandkosten Bitte beachten: wir versenden alle Bestellungen aus Deutschland. Deutschland Die Berechnung der Versandpreise steht in Abh&auml;ngigkeit des Volumens und der Gewichte der Einzelartikel, sowie des gesamten Warenkorbes.&nbsp;&Uuml;ber die genaue H&ouml;he der Versandpreise werden Sie im Rahmen des Bestellvorgangs informiert.&nbsp;Die Versandart mit der unsere Produkte verschickt werden ist auf der jeweiligen Produktseite ersichtlich. Unsere Waren bis 31,5 KG werden ausschlie&szlig;lich per DHL innerhalb Deutschlands in 2-5 Werktagen zu der gew&uuml;nschten Lieferadresse geliefert, hierf&uuml;r berechnen wir&nbsp;Ihnen pro Bestellung&nbsp;eine Versandkostenpauschale von 14,28 EUR. Einige Produke k&ouml;nnen Versandkosenfrei geliefert werden, dieses wird im Checkout deutlich angezeigt. Setzt sich eine Bestellung aus mehreren&hellip;<\/p>\n","protected":false},"author":1,"featured_media":0,"parent":0,"menu_order":0,"comment_status":"closed","ping_status":"closed","template":"","meta":{"footnotes":""},"class_list":["post-16325","page","type-page","status-publish","hentry"],"yoast_head":"<!-- This site is optimized with the Yoast SEO plugin v27.4 - https:\/\/yoast.com\/product\/yoast-seo-wordpress\/ -->\n<title>Versandkosten - Natur Pools und Schwimmteiche<\/title>\n<meta name=\"robots\" content=\"index, follow, max-snippet:-1, max-image-preview:large, max-video-preview:-1\" \/>\n<link rel=\"canonical\" href=\"https:\/\/thebiopool.com\/de\/deutsch-versandkosten\/\" \/>\n<meta property=\"og:locale\" content=\"de_DE\" \/>\n<meta property=\"og:type\" content=\"article\" \/>\n<meta property=\"og:title\" content=\"Versandkosten - Natur Pools und Schwimmteiche\" \/>\n<meta property=\"og:description\" content=\"1. Versandkosten Bitte beachten: wir versenden alle Bestellungen aus Deutschland. Deutschland Die Berechnung der Versandpreise steht in Abh&auml;ngigkeit des Volumens und der Gewichte der Einzelartikel, sowie des gesamten Warenkorbes.&nbsp;&Uuml;ber die genaue H&ouml;he der Versandpreise werden Sie im Rahmen des Bestellvorgangs informiert.&nbsp;Die Versandart mit der unsere Produkte verschickt werden ist auf der jeweiligen Produktseite ersichtlich. Unsere Waren bis 31,5 KG werden ausschlie&szlig;lich per DHL innerhalb Deutschlands in 2-5 Werktagen zu der gew&uuml;nschten Lieferadresse geliefert, hierf&uuml;r berechnen wir&nbsp;Ihnen pro Bestellung&nbsp;eine Versandkostenpauschale von 14,28 EUR. Einige Produke k&ouml;nnen Versandkosenfrei geliefert werden, dieses wird im Checkout deutlich angezeigt. Setzt sich eine Bestellung aus mehreren&hellip;\" \/>\n<meta property=\"og:url\" content=\"https:\/\/thebiopool.com\/de\/deutsch-versandkosten\/\" \/>\n<meta property=\"og:site_name\" content=\"Natur Pools und Schwimmteiche\" \/>\n<meta property=\"article:publisher\" content=\"https:\/\/www.facebook.com\/Naturaleza-y-Arte-Stefan-Meier-162702410430553\/\" \/>\n<meta property=\"article:modified_time\" content=\"2024-10-29T15:43:17+00:00\" \/>\n<meta name=\"twitter:card\" content=\"summary_large_image\" \/>\n<script type=\"application\/ld+json\" class=\"yoast-schema-graph\">{\"@context\":\"https:\\\/\\\/schema.org\",\"@graph\":[{\"@type\":\"WebPage\",\"@id\":\"https:\\\/\\\/thebiopool.com\\\/de\\\/deutsch-versandkosten\\\/\",\"url\":\"https:\\\/\\\/thebiopool.com\\\/de\\\/deutsch-versandkosten\\\/\",\"name\":\"Versandkosten - Natur Pools und Schwimmteiche\",\"isPartOf\":{\"@id\":\"https:\\\/\\\/thebiopool.com\\\/de\\\/#website\"},\"datePublished\":\"2019-12-11T16:07:36+00:00\",\"dateModified\":\"2024-10-29T15:43:17+00:00\",\"breadcrumb\":{\"@id\":\"https:\\\/\\\/thebiopool.com\\\/de\\\/deutsch-versandkosten\\\/#breadcrumb\"},\"inLanguage\":\"de\",\"potentialAction\":[{\"@type\":\"ReadAction\",\"target\":[[\"https:\\\/\\\/thebiopool.com\\\/de\\\/deutsch-versandkosten\\\/\"]]}]},{\"@type\":\"BreadcrumbList\",\"@id\":\"https:\\\/\\\/thebiopool.com\\\/de\\\/deutsch-versandkosten\\\/#breadcrumb\",\"itemListElement\":[{\"@type\":\"ListItem\",\"position\":1,\"name\":\"Home\",\"item\":\"https:\\\/\\\/thebiopool.com\\\/de\\\/\"},{\"@type\":\"ListItem\",\"position\":2,\"name\":\"Shipping\"}]},{\"@type\":\"WebSite\",\"@id\":\"https:\\\/\\\/thebiopool.com\\\/de\\\/#website\",\"url\":\"https:\\\/\\\/thebiopool.com\\\/de\\\/\",\"name\":\"TheBiopool\",\"description\":\"wir planen und bauen Ihren perfecten Schwimmteich und Natur Pool\",\"publisher\":{\"@id\":\"https:\\\/\\\/thebiopool.com\\\/de\\\/#organization\"},\"potentialAction\":[{\"@type\":\"SearchAction\",\"target\":{\"@type\":\"EntryPoint\",\"urlTemplate\":\"https:\\\/\\\/thebiopool.com\\\/de\\\/?s={search_term_string}\"},\"query-input\":{\"@type\":\"PropertyValueSpecification\",\"valueRequired\":true,\"valueName\":\"search_term_string\"}}],\"inLanguage\":\"de\"},{\"@type\":\"Organization\",\"@id\":\"https:\\\/\\\/thebiopool.com\\\/de\\\/#organization\",\"name\":\"TheBiopool\",\"url\":\"https:\\\/\\\/thebiopool.com\\\/de\\\/\",\"logo\":{\"@type\":\"ImageObject\",\"inLanguage\":\"de\",\"@id\":\"https:\\\/\\\/thebiopool.com\\\/de\\\/#\\\/schema\\\/logo\\\/image\\\/\",\"url\":\"https:\\\/\\\/thebiopool.com\\\/wp-content\\\/uploads\\\/logo-schatten-website-klein.png\",\"contentUrl\":\"https:\\\/\\\/thebiopool.com\\\/wp-content\\\/uploads\\\/logo-schatten-website-klein.png\",\"width\":220,\"height\":64,\"caption\":\"TheBiopool\"},\"image\":{\"@id\":\"https:\\\/\\\/thebiopool.com\\\/de\\\/#\\\/schema\\\/logo\\\/image\\\/\"},\"sameAs\":[\"https:\\\/\\\/www.facebook.com\\\/Naturaleza-y-Arte-Stefan-Meier-162702410430553\\\/\",\"https:\\\/\\\/www.instagram.com\\\/thebiopool\\\/\"]}]}<\/script>\n<!-- \/ Yoast SEO plugin. -->","yoast_head_json":{"title":"Versandkosten - Natur Pools und Schwimmteiche","robots":{"index":"index","follow":"follow","max-snippet":"max-snippet:-1","max-image-preview":"max-image-preview:large","max-video-preview":"max-video-preview:-1"},"canonical":"https:\/\/thebiopool.com\/de\/deutsch-versandkosten\/","og_locale":"de_DE","og_type":"article","og_title":"Versandkosten - Natur Pools und Schwimmteiche","og_description":"1. Versandkosten Bitte beachten: wir versenden alle Bestellungen aus Deutschland. Deutschland Die Berechnung der Versandpreise steht in Abh&auml;ngigkeit des Volumens und der Gewichte der Einzelartikel, sowie des gesamten Warenkorbes.&nbsp;&Uuml;ber die genaue H&ouml;he der Versandpreise werden Sie im Rahmen des Bestellvorgangs informiert.&nbsp;Die Versandart mit der unsere Produkte verschickt werden ist auf der jeweiligen Produktseite ersichtlich. Unsere Waren bis 31,5 KG werden ausschlie&szlig;lich per DHL innerhalb Deutschlands in 2-5 Werktagen zu der gew&uuml;nschten Lieferadresse geliefert, hierf&uuml;r berechnen wir&nbsp;Ihnen pro Bestellung&nbsp;eine Versandkostenpauschale von 14,28 EUR. Einige Produke k&ouml;nnen Versandkosenfrei geliefert werden, dieses wird im Checkout deutlich angezeigt. Setzt sich eine Bestellung aus mehreren&hellip;","og_url":"https:\/\/thebiopool.com\/de\/deutsch-versandkosten\/","og_site_name":"Natur Pools und Schwimmteiche","article_publisher":"https:\/\/www.facebook.com\/Naturaleza-y-Arte-Stefan-Meier-162702410430553\/","article_modified_time":"2024-10-29T15:43:17+00:00","twitter_card":"summary_large_image","schema":{"@context":"https:\/\/schema.org","@graph":[{"@type":"WebPage","@id":"https:\/\/thebiopool.com\/de\/deutsch-versandkosten\/","url":"https:\/\/thebiopool.com\/de\/deutsch-versandkosten\/","name":"Versandkosten - Natur Pools und Schwimmteiche","isPartOf":{"@id":"https:\/\/thebiopool.com\/de\/#website"},"datePublished":"2019-12-11T16:07:36+00:00","dateModified":"2024-10-29T15:43:17+00:00","breadcrumb":{"@id":"https:\/\/thebiopool.com\/de\/deutsch-versandkosten\/#breadcrumb"},"inLanguage":"de","potentialAction":[{"@type":"ReadAction","target":[["https:\/\/thebiopool.com\/de\/deutsch-versandkosten\/"]]}]},{"@type":"BreadcrumbList","@id":"https:\/\/thebiopool.com\/de\/deutsch-versandkosten\/#breadcrumb","itemListElement":[{"@type":"ListItem","position":1,"name":"Home","item":"https:\/\/thebiopool.com\/de\/"},{"@type":"ListItem","position":2,"name":"Shipping"}]},{"@type":"WebSite","@id":"https:\/\/thebiopool.com\/de\/#website","url":"https:\/\/thebiopool.com\/de\/","name":"TheBiopool","description":"wir planen und bauen Ihren perfecten Schwimmteich und Natur Pool","publisher":{"@id":"https:\/\/thebiopool.com\/de\/#organization"},"potentialAction":[{"@type":"SearchAction","target":{"@type":"EntryPoint","urlTemplate":"https:\/\/thebiopool.com\/de\/?s={search_term_string}"},"query-input":{"@type":"PropertyValueSpecification","valueRequired":true,"valueName":"search_term_string"}}],"inLanguage":"de"},{"@type":"Organization","@id":"https:\/\/thebiopool.com\/de\/#organization","name":"TheBiopool","url":"https:\/\/thebiopool.com\/de\/","logo":{"@type":"ImageObject","inLanguage":"de","@id":"https:\/\/thebiopool.com\/de\/#\/schema\/logo\/image\/","url":"https:\/\/thebiopool.com\/wp-content\/uploads\/logo-schatten-website-klein.png","contentUrl":"https:\/\/thebiopool.com\/wp-content\/uploads\/logo-schatten-website-klein.png","width":220,"height":64,"caption":"TheBiopool"},"image":{"@id":"https:\/\/thebiopool.com\/de\/#\/schema\/logo\/image\/"},"sameAs":["https:\/\/www.facebook.com\/Naturaleza-y-Arte-Stefan-Meier-162702410430553\/","https:\/\/www.instagram.com\/thebiopool\/"]}]}},"_links":{"self":[{"href":"https:\/\/thebiopool.com\/de\/wp-json\/wp\/v2\/pages\/16325","targetHints":{"allow":["GET"]}}],"collection":[{"href":"https:\/\/thebiopool.com\/de\/wp-json\/wp\/v2\/pages"}],"about":[{"href":"https:\/\/thebiopool.com\/de\/wp-json\/wp\/v2\/types\/page"}],"author":[{"embeddable":true,"href":"https:\/\/thebiopool.com\/de\/wp-json\/wp\/v2\/users\/1"}],"replies":[{"embeddable":true,"href":"https:\/\/thebiopool.com\/de\/wp-json\/wp\/v2\/comments?post=16325"}],"version-history":[{"count":0,"href":"https:\/\/thebiopool.com\/de\/wp-json\/wp\/v2\/pages\/16325\/revisions"}],"wp:attachment":[{"href":"https:\/\/thebiopool.com\/de\/wp-json\/wp\/v2\/media?parent=16325"}],"curies":[{"name":"wp","href":"https:\/\/api.w.org\/{rel}","templated":true}]}}