{"id":16364,"date":"2020-04-30T16:28:32","date_gmt":"2020-04-30T14:28:32","guid":{"rendered":"https:\/\/thebiopool.com\/?page_id=16364"},"modified":"2020-04-30T16:30:41","modified_gmt":"2020-04-30T14:30:41","slug":"16364-2","status":"publish","type":"page","link":"https:\/\/thebiopool.com\/de\/16364-2\/","title":{"rendered":"Naturbasierten L\u00f6sungen im Mittelmeerraum"},"content":{"rendered":"<p>Eine naturbasierte L\u00f6sung<\/p>\n<p>Das biologische Schwimmbad ist eine naturbasierte L\u00f6sung, die sich der Wasser- und Gesundheitssicherheit von Badegew\u00e4ssern anhand eines \u00d6kosystemansatzes n\u00e4hert. Es wendet nat\u00fcrliche Prozesse als Grundlage an, um das Poolwasser auf optimale Bedingungen f\u00fcr das Baden einzustellen, und gleichzeitig alle Auswirkungen von Standardbehandlungen zu reduzieren. Somit wird zur Erhaltung der biologischen Vielfalt des S\u00fc\u00dfwassers beitragen, indem es aquatische \u00d6kosysteme wiederherstellt.<\/p>\n<div id='gallery-3' class='gallery galleryid-16364 gallery-columns-3 gallery-size-large'><figure class='gallery-item'>\n\t\t\t<div class='gallery-icon landscape'>\n\t\t\t\t<a href='https:\/\/thebiopool.com\/wp-content\/uploads\/P1100189.jpg'><img decoding=\"async\" width=\"1024\" height=\"768\" data-src=\"https:\/\/thebiopool.com\/wp-content\/uploads\/P1100189-1024x768.jpg\" class=\"attachment-large size-large lazyload\" alt=\"\" data-srcset=\"https:\/\/thebiopool.com\/wp-content\/uploads\/P1100189-1024x768.jpg 1024w, https:\/\/thebiopool.com\/wp-content\/uploads\/P1100189-600x450.jpg 600w, https:\/\/thebiopool.com\/wp-content\/uploads\/P1100189-300x225.jpg 300w, https:\/\/thebiopool.com\/wp-content\/uploads\/P1100189-768x576.jpg 768w, https:\/\/thebiopool.com\/wp-content\/uploads\/P1100189-350x263.jpg 350w, https:\/\/thebiopool.com\/wp-content\/uploads\/P1100189.jpg 1280w\" data-sizes=\"(max-width: 1024px) 100vw, 1024px\" src=\"data:image\/svg+xml;base64,PHN2ZyB3aWR0aD0iMSIgaGVpZ2h0PSIxIiB4bWxucz0iaHR0cDovL3d3dy53My5vcmcvMjAwMC9zdmciPjwvc3ZnPg==\" style=\"--smush-placeholder-width: 1024px; --smush-placeholder-aspect-ratio: 1024\/768;\" \/><\/a>\n\t\t\t<\/div><\/figure><figure class='gallery-item'>\n\t\t\t<div class='gallery-icon landscape'>\n\t\t\t\t<a href='https:\/\/thebiopool.com\/wp-content\/uploads\/P1100186.jpg'><img decoding=\"async\" width=\"1024\" height=\"768\" data-src=\"https:\/\/thebiopool.com\/wp-content\/uploads\/P1100186-1024x768.jpg\" class=\"attachment-large size-large lazyload\" alt=\"\" data-srcset=\"https:\/\/thebiopool.com\/wp-content\/uploads\/P1100186-1024x768.jpg 1024w, https:\/\/thebiopool.com\/wp-content\/uploads\/P1100186-600x450.jpg 600w, https:\/\/thebiopool.com\/wp-content\/uploads\/P1100186-300x225.jpg 300w, https:\/\/thebiopool.com\/wp-content\/uploads\/P1100186-768x576.jpg 768w, https:\/\/thebiopool.com\/wp-content\/uploads\/P1100186-350x263.jpg 350w, https:\/\/thebiopool.com\/wp-content\/uploads\/P1100186.jpg 1280w\" data-sizes=\"(max-width: 1024px) 100vw, 1024px\" src=\"data:image\/svg+xml;base64,PHN2ZyB3aWR0aD0iMSIgaGVpZ2h0PSIxIiB4bWxucz0iaHR0cDovL3d3dy53My5vcmcvMjAwMC9zdmciPjwvc3ZnPg==\" style=\"--smush-placeholder-width: 1024px; --smush-placeholder-aspect-ratio: 1024\/768;\" \/><\/a>\n\t\t\t<\/div><\/figure><figure class='gallery-item'>\n\t\t\t<div class='gallery-icon landscape'>\n\t\t\t\t<a href='https:\/\/thebiopool.com\/wp-content\/uploads\/P1100177-c\u00f3pia.jpg'><img decoding=\"async\" width=\"1024\" height=\"768\" data-src=\"https:\/\/thebiopool.com\/wp-content\/uploads\/P1100177-c\u00f3pia-1024x768.jpg\" class=\"attachment-large size-large lazyload\" alt=\"\" data-srcset=\"https:\/\/thebiopool.com\/wp-content\/uploads\/P1100177-c\u00f3pia-1024x768.jpg 1024w, https:\/\/thebiopool.com\/wp-content\/uploads\/P1100177-c\u00f3pia-600x450.jpg 600w, https:\/\/thebiopool.com\/wp-content\/uploads\/P1100177-c\u00f3pia-300x225.jpg 300w, https:\/\/thebiopool.com\/wp-content\/uploads\/P1100177-c\u00f3pia-768x576.jpg 768w, https:\/\/thebiopool.com\/wp-content\/uploads\/P1100177-c\u00f3pia-350x263.jpg 350w, https:\/\/thebiopool.com\/wp-content\/uploads\/P1100177-c\u00f3pia.jpg 1280w\" data-sizes=\"(max-width: 1024px) 100vw, 1024px\" src=\"data:image\/svg+xml;base64,PHN2ZyB3aWR0aD0iMSIgaGVpZ2h0PSIxIiB4bWxucz0iaHR0cDovL3d3dy53My5vcmcvMjAwMC9zdmciPjwvc3ZnPg==\" style=\"--smush-placeholder-width: 1024px; --smush-placeholder-aspect-ratio: 1024\/768;\" \/><\/a>\n\t\t\t<\/div><\/figure>\n\t\t<\/div>\n\n<p>Biologische Pools sind gebaute Seen, die die \u00f6kologischen Prozesse in nat\u00fcrlichen Systemen nachahmen und nachbilden. Sie stellen eine nat\u00fcrliche technische L\u00f6sung dar, mit der aquatische Freizeitr\u00e4ume mit geringen Umweltauswirkungen geschaffen werden k\u00f6nnen. In diesen Systemen wird die Wasserreinigung mit dem Ziel einer Qualit\u00e4t zum Baden durch biologische Filter und Wasserpflanzen durchgef\u00fchrt (Nutzung von \u00d6kosystemleistungen). Da dem Wasser keine Chemikalie zugesetzt wird, werden diese Systeme schnell von Plankton, Makroinvertebraten und einigen Wirbeltieren besiedelt, was die Erhaltung der biologischen Vielfalt f\u00f6rdert und den \u00e4sthetischen Wert der Umwelt erh\u00f6ht (Erhaltung und Wiederherstellung von \u00d6kosystemleistungen). Biologische Pools fungieren auch als Lebensr\u00e4ume (im Landschaftsma\u00dfstab), die den Fluss einiger Arten zwischen verschiedenen Wasserl\u00e4ufen erleichtern, und als Wasserreservoirs.<\/p>\n<p>Die Benutzer eines nat\u00fcrlichen Schwimmbades werden es als ein Beispiel f\u00fcr eine gute Wasserpraxis erleben, (keine Zusatzstoffe, nur biologische Prozesse reinigen) und als einen Ort von nat\u00fcrlicher Sch\u00f6nheit und einem Biotop f\u00fcr Feuchtgebietsarten wie Amphibien und Wasserinsekten.<\/p>\n<div id='gallery-4' class='gallery galleryid-16364 gallery-columns-2 gallery-size-medium'><figure class='gallery-item'>\n\t\t\t<div class='gallery-icon landscape'>\n\t\t\t\t<a href='https:\/\/thebiopool.com\/wp-content\/uploads\/Libellula-quadrimaculata.jpeg'><img decoding=\"async\" width=\"300\" height=\"225\" data-src=\"https:\/\/thebiopool.com\/wp-content\/uploads\/Libellula-quadrimaculata-300x225.jpeg\" class=\"attachment-medium size-medium lazyload\" alt=\"\" data-srcset=\"https:\/\/thebiopool.com\/wp-content\/uploads\/Libellula-quadrimaculata-300x225.jpeg 300w, https:\/\/thebiopool.com\/wp-content\/uploads\/Libellula-quadrimaculata-600x450.jpeg 600w, https:\/\/thebiopool.com\/wp-content\/uploads\/Libellula-quadrimaculata-1024x768.jpeg 1024w, https:\/\/thebiopool.com\/wp-content\/uploads\/Libellula-quadrimaculata-768x576.jpeg 768w, https:\/\/thebiopool.com\/wp-content\/uploads\/Libellula-quadrimaculata-350x263.jpeg 350w, https:\/\/thebiopool.com\/wp-content\/uploads\/Libellula-quadrimaculata.jpeg 1280w\" data-sizes=\"(max-width: 300px) 100vw, 300px\" src=\"data:image\/svg+xml;base64,PHN2ZyB3aWR0aD0iMSIgaGVpZ2h0PSIxIiB4bWxucz0iaHR0cDovL3d3dy53My5vcmcvMjAwMC9zdmciPjwvc3ZnPg==\" style=\"--smush-placeholder-width: 300px; --smush-placeholder-aspect-ratio: 300\/225;\" \/><\/a>\n\t\t\t<\/div><\/figure><figure class='gallery-item'>\n\t\t\t<div class='gallery-icon landscape'>\n\t\t\t\t<a href='https:\/\/thebiopool.com\/wp-content\/uploads\/EnallagmaCyathigerum-2-1.jpeg'><img decoding=\"async\" width=\"300\" height=\"225\" data-src=\"https:\/\/thebiopool.com\/wp-content\/uploads\/EnallagmaCyathigerum-2-1-300x225.jpeg\" class=\"attachment-medium size-medium lazyload\" alt=\"\" data-srcset=\"https:\/\/thebiopool.com\/wp-content\/uploads\/EnallagmaCyathigerum-2-1-300x225.jpeg 300w, https:\/\/thebiopool.com\/wp-content\/uploads\/EnallagmaCyathigerum-2-1-600x450.jpeg 600w, https:\/\/thebiopool.com\/wp-content\/uploads\/EnallagmaCyathigerum-2-1-1024x768.jpeg 1024w, https:\/\/thebiopool.com\/wp-content\/uploads\/EnallagmaCyathigerum-2-1-768x576.jpeg 768w, https:\/\/thebiopool.com\/wp-content\/uploads\/EnallagmaCyathigerum-2-1-350x263.jpeg 350w, https:\/\/thebiopool.com\/wp-content\/uploads\/EnallagmaCyathigerum-2-1.jpeg 1280w\" data-sizes=\"(max-width: 300px) 100vw, 300px\" src=\"data:image\/svg+xml;base64,PHN2ZyB3aWR0aD0iMSIgaGVpZ2h0PSIxIiB4bWxucz0iaHR0cDovL3d3dy53My5vcmcvMjAwMC9zdmciPjwvc3ZnPg==\" style=\"--smush-placeholder-width: 300px; --smush-placeholder-aspect-ratio: 300\/225;\" \/><\/a>\n\t\t\t<\/div><\/figure>\n\t\t<\/div>\n\n<p>Ein nat\u00fcrliches Schwimmbad hat viele verschiedene Auswirkungen:<\/p>\n<p>\u2022 Tr\u00e4gt zum Wohlbefinden der Benutzer bei, indem es eine viel ges\u00fcndere Form zum Schwimmen bietet als herk\u00f6mmliche L\u00f6sungen zum Reinigen von Schwimmwasser.<\/p>\n<p>\u2022 Spart Wasser durch Verwendung von Binnenwasser mit Techniken der Bio\u00f6konomie.<\/p>\n<p>\u2022 Reduziert den Energieverbrauch pro Badegast oder Quadratmeter im Vergleich zu herk\u00f6mmlichen L\u00f6sungen.<\/p>\n<p>\u2022 Reduziert die Auswirkungen auf den Ozonmangel in der Atmosph\u00e4re, der teilweise durch Chlorgeblicke verursacht wird.<\/p>\n<p>\u2022 F\u00e4ngt CO2 ein und fungiert als Ablauf (wie die meisten Feuchtgebiete)<\/p>\n<p>\u2022 Es ist ressourceneffizient, da nat\u00fcrliche Schwimmb\u00e4der keine produzieren<\/p>\n<p>Fl\u00fcssigkeiten, die f\u00fcr die Umwelt sch\u00e4dlich sind, weil die Wasserqualit\u00e4t dem Wasser<\/p>\n<p>von meso- bis oligotrophen flachen Seen entspricht.<\/p>\n<p>\u2022 Nat\u00fcrliche Schwimmb\u00e4der k\u00f6nnen als Sprungbrett f\u00fcr viele Organismen in Feuchtgebieten wie Amphibien und Wasserinsekten dienen.<\/p>\n<p>Quelle des Textes: IUCN: Auf dem Weg zu naturbasierten L\u00f6sungen im Mittelmeerraum<\/p>\n<p><a href=\"https:\/\/www.iucn.org\/sites\/dev\/files\/content\/documents\/towards_nature-based_solutions_in_the_mediterranean.pdf\">https:\/\/www.iucn.org\/sites\/dev\/files\/content\/documents\/towards_nature-based_solutions_in_the_mediterranean.pdf<\/a><\/p>","protected":false},"excerpt":{"rendered":"<p>Eine naturbasierte L&ouml;sung Das biologische Schwimmbad ist eine naturbasierte L&ouml;sung, die sich der Wasser- und Gesundheitssicherheit von Badegew&auml;ssern anhand eines &Ouml;kosystemansatzes n&auml;hert. Es wendet nat&uuml;rliche Prozesse als Grundlage an, um das Poolwasser auf optimale Bedingungen f&uuml;r das Baden einzustellen, und gleichzeitig alle Auswirkungen von Standardbehandlungen zu reduzieren. Somit wird zur Erhaltung der biologischen Vielfalt des S&uuml;&szlig;wassers beitragen, indem es aquatische &Ouml;kosysteme wiederherstellt. Biologische Pools sind gebaute Seen, die die &ouml;kologischen Prozesse in nat&uuml;rlichen Systemen nachahmen und nachbilden. Sie stellen eine nat&uuml;rliche technische L&ouml;sung dar, mit der aquatische Freizeitr&auml;ume mit geringen Umweltauswirkungen geschaffen werden k&ouml;nnen. In diesen Systemen wird die Wasserreinigung&hellip;<\/p>\n","protected":false},"author":1,"featured_media":0,"parent":0,"menu_order":0,"comment_status":"closed","ping_status":"closed","template":"","meta":{"footnotes":""},"class_list":["post-16364","page","type-page","status-publish","hentry"],"yoast_head":"<!-- This site is optimized with the Yoast SEO plugin v27.5 - https:\/\/yoast.com\/product\/yoast-seo-wordpress\/ -->\n<title>Naturbasierten L\u00f6sungen im Mittelmeerraum - Natur Pools und Schwimmteiche<\/title>\n<meta name=\"robots\" content=\"index, follow, max-snippet:-1, max-image-preview:large, max-video-preview:-1\" \/>\n<link rel=\"canonical\" href=\"https:\/\/thebiopool.com\/de\/16364-2\/\" \/>\n<meta property=\"og:locale\" content=\"de_DE\" \/>\n<meta property=\"og:type\" content=\"article\" \/>\n<meta property=\"og:title\" content=\"Naturbasierten L\u00f6sungen im Mittelmeerraum - Natur Pools und Schwimmteiche\" \/>\n<meta property=\"og:description\" content=\"Eine naturbasierte L&ouml;sung Das biologische Schwimmbad ist eine naturbasierte L&ouml;sung, die sich der Wasser- und Gesundheitssicherheit von Badegew&auml;ssern anhand eines &Ouml;kosystemansatzes n&auml;hert. Es wendet nat&uuml;rliche Prozesse als Grundlage an, um das Poolwasser auf optimale Bedingungen f&uuml;r das Baden einzustellen, und gleichzeitig alle Auswirkungen von Standardbehandlungen zu reduzieren. Somit wird zur Erhaltung der biologischen Vielfalt des S&uuml;&szlig;wassers beitragen, indem es aquatische &Ouml;kosysteme wiederherstellt. Biologische Pools sind gebaute Seen, die die &ouml;kologischen Prozesse in nat&uuml;rlichen Systemen nachahmen und nachbilden. Sie stellen eine nat&uuml;rliche technische L&ouml;sung dar, mit der aquatische Freizeitr&auml;ume mit geringen Umweltauswirkungen geschaffen werden k&ouml;nnen. In diesen Systemen wird die Wasserreinigung&hellip;\" \/>\n<meta property=\"og:url\" content=\"https:\/\/thebiopool.com\/de\/16364-2\/\" \/>\n<meta property=\"og:site_name\" content=\"Natur Pools und Schwimmteiche\" \/>\n<meta property=\"article:publisher\" content=\"https:\/\/www.facebook.com\/Naturaleza-y-Arte-Stefan-Meier-162702410430553\/\" \/>\n<meta property=\"article:modified_time\" content=\"2020-04-30T14:30:41+00:00\" \/>\n<meta property=\"og:image\" content=\"https:\/\/thebiopool.com\/wp-content\/uploads\/P1100189-1024x768.jpg\" \/>\n<meta name=\"twitter:card\" content=\"summary_large_image\" \/>\n<meta name=\"twitter:label1\" content=\"Gesch\u00e4tzte Lesezeit\" \/>\n\t<meta name=\"twitter:data1\" content=\"4\u00a0Minuten\" \/>\n<script type=\"application\/ld+json\" class=\"yoast-schema-graph\">{\"@context\":\"https:\\\/\\\/schema.org\",\"@graph\":[{\"@type\":\"WebPage\",\"@id\":\"https:\\\/\\\/thebiopool.com\\\/de\\\/16364-2\\\/\",\"url\":\"https:\\\/\\\/thebiopool.com\\\/de\\\/16364-2\\\/\",\"name\":\"Naturbasierten L\u00f6sungen im Mittelmeerraum - Natur Pools und Schwimmteiche\",\"isPartOf\":{\"@id\":\"https:\\\/\\\/thebiopool.com\\\/de\\\/#website\"},\"datePublished\":\"2020-04-30T14:28:32+00:00\",\"dateModified\":\"2020-04-30T14:30:41+00:00\",\"breadcrumb\":{\"@id\":\"https:\\\/\\\/thebiopool.com\\\/de\\\/16364-2\\\/#breadcrumb\"},\"inLanguage\":\"de\",\"potentialAction\":[{\"@type\":\"ReadAction\",\"target\":[[\"https:\\\/\\\/thebiopool.com\\\/de\\\/16364-2\\\/\"]]}]},{\"@type\":\"BreadcrumbList\",\"@id\":\"https:\\\/\\\/thebiopool.com\\\/de\\\/16364-2\\\/#breadcrumb\",\"itemListElement\":[{\"@type\":\"ListItem\",\"position\":1,\"name\":\"Home\",\"item\":\"https:\\\/\\\/thebiopool.com\\\/de\\\/\"},{\"@type\":\"ListItem\",\"position\":2,\"name\":\"Nature-based Solutions in the Mediterranean\"}]},{\"@type\":\"WebSite\",\"@id\":\"https:\\\/\\\/thebiopool.com\\\/de\\\/#website\",\"url\":\"https:\\\/\\\/thebiopool.com\\\/de\\\/\",\"name\":\"TheBiopool\",\"description\":\"wir planen und bauen Ihren perfecten Schwimmteich und Natur Pool\",\"publisher\":{\"@id\":\"https:\\\/\\\/thebiopool.com\\\/de\\\/#organization\"},\"potentialAction\":[{\"@type\":\"SearchAction\",\"target\":{\"@type\":\"EntryPoint\",\"urlTemplate\":\"https:\\\/\\\/thebiopool.com\\\/de\\\/?s={search_term_string}\"},\"query-input\":{\"@type\":\"PropertyValueSpecification\",\"valueRequired\":true,\"valueName\":\"search_term_string\"}}],\"inLanguage\":\"de\"},{\"@type\":\"Organization\",\"@id\":\"https:\\\/\\\/thebiopool.com\\\/de\\\/#organization\",\"name\":\"TheBiopool\",\"url\":\"https:\\\/\\\/thebiopool.com\\\/de\\\/\",\"logo\":{\"@type\":\"ImageObject\",\"inLanguage\":\"de\",\"@id\":\"https:\\\/\\\/thebiopool.com\\\/de\\\/#\\\/schema\\\/logo\\\/image\\\/\",\"url\":\"https:\\\/\\\/thebiopool.com\\\/wp-content\\\/uploads\\\/logo-schatten-website-klein.png\",\"contentUrl\":\"https:\\\/\\\/thebiopool.com\\\/wp-content\\\/uploads\\\/logo-schatten-website-klein.png\",\"width\":220,\"height\":64,\"caption\":\"TheBiopool\"},\"image\":{\"@id\":\"https:\\\/\\\/thebiopool.com\\\/de\\\/#\\\/schema\\\/logo\\\/image\\\/\"},\"sameAs\":[\"https:\\\/\\\/www.facebook.com\\\/Naturaleza-y-Arte-Stefan-Meier-162702410430553\\\/\",\"https:\\\/\\\/www.instagram.com\\\/thebiopool\\\/\"]}]}<\/script>\n<!-- \/ Yoast SEO plugin. -->","yoast_head_json":{"title":"Naturbasierten L\u00f6sungen im Mittelmeerraum - Natur Pools und Schwimmteiche","robots":{"index":"index","follow":"follow","max-snippet":"max-snippet:-1","max-image-preview":"max-image-preview:large","max-video-preview":"max-video-preview:-1"},"canonical":"https:\/\/thebiopool.com\/de\/16364-2\/","og_locale":"de_DE","og_type":"article","og_title":"Naturbasierten L\u00f6sungen im Mittelmeerraum - Natur Pools und Schwimmteiche","og_description":"Eine naturbasierte L&ouml;sung Das biologische Schwimmbad ist eine naturbasierte L&ouml;sung, die sich der Wasser- und Gesundheitssicherheit von Badegew&auml;ssern anhand eines &Ouml;kosystemansatzes n&auml;hert. Es wendet nat&uuml;rliche Prozesse als Grundlage an, um das Poolwasser auf optimale Bedingungen f&uuml;r das Baden einzustellen, und gleichzeitig alle Auswirkungen von Standardbehandlungen zu reduzieren. Somit wird zur Erhaltung der biologischen Vielfalt des S&uuml;&szlig;wassers beitragen, indem es aquatische &Ouml;kosysteme wiederherstellt. Biologische Pools sind gebaute Seen, die die &ouml;kologischen Prozesse in nat&uuml;rlichen Systemen nachahmen und nachbilden. Sie stellen eine nat&uuml;rliche technische L&ouml;sung dar, mit der aquatische Freizeitr&auml;ume mit geringen Umweltauswirkungen geschaffen werden k&ouml;nnen. In diesen Systemen wird die Wasserreinigung&hellip;","og_url":"https:\/\/thebiopool.com\/de\/16364-2\/","og_site_name":"Natur Pools und Schwimmteiche","article_publisher":"https:\/\/www.facebook.com\/Naturaleza-y-Arte-Stefan-Meier-162702410430553\/","article_modified_time":"2020-04-30T14:30:41+00:00","og_image":[{"url":"https:\/\/thebiopool.com\/wp-content\/uploads\/P1100189-1024x768.jpg","type":"","width":"","height":""}],"twitter_card":"summary_large_image","twitter_misc":{"Gesch\u00e4tzte Lesezeit":"4\u00a0Minuten"},"schema":{"@context":"https:\/\/schema.org","@graph":[{"@type":"WebPage","@id":"https:\/\/thebiopool.com\/de\/16364-2\/","url":"https:\/\/thebiopool.com\/de\/16364-2\/","name":"Naturbasierten L\u00f6sungen im Mittelmeerraum - Natur Pools und Schwimmteiche","isPartOf":{"@id":"https:\/\/thebiopool.com\/de\/#website"},"datePublished":"2020-04-30T14:28:32+00:00","dateModified":"2020-04-30T14:30:41+00:00","breadcrumb":{"@id":"https:\/\/thebiopool.com\/de\/16364-2\/#breadcrumb"},"inLanguage":"de","potentialAction":[{"@type":"ReadAction","target":[["https:\/\/thebiopool.com\/de\/16364-2\/"]]}]},{"@type":"BreadcrumbList","@id":"https:\/\/thebiopool.com\/de\/16364-2\/#breadcrumb","itemListElement":[{"@type":"ListItem","position":1,"name":"Home","item":"https:\/\/thebiopool.com\/de\/"},{"@type":"ListItem","position":2,"name":"Nature-based Solutions in the Mediterranean"}]},{"@type":"WebSite","@id":"https:\/\/thebiopool.com\/de\/#website","url":"https:\/\/thebiopool.com\/de\/","name":"TheBiopool","description":"wir planen und bauen Ihren perfecten Schwimmteich und Natur Pool","publisher":{"@id":"https:\/\/thebiopool.com\/de\/#organization"},"potentialAction":[{"@type":"SearchAction","target":{"@type":"EntryPoint","urlTemplate":"https:\/\/thebiopool.com\/de\/?s={search_term_string}"},"query-input":{"@type":"PropertyValueSpecification","valueRequired":true,"valueName":"search_term_string"}}],"inLanguage":"de"},{"@type":"Organization","@id":"https:\/\/thebiopool.com\/de\/#organization","name":"TheBiopool","url":"https:\/\/thebiopool.com\/de\/","logo":{"@type":"ImageObject","inLanguage":"de","@id":"https:\/\/thebiopool.com\/de\/#\/schema\/logo\/image\/","url":"https:\/\/thebiopool.com\/wp-content\/uploads\/logo-schatten-website-klein.png","contentUrl":"https:\/\/thebiopool.com\/wp-content\/uploads\/logo-schatten-website-klein.png","width":220,"height":64,"caption":"TheBiopool"},"image":{"@id":"https:\/\/thebiopool.com\/de\/#\/schema\/logo\/image\/"},"sameAs":["https:\/\/www.facebook.com\/Naturaleza-y-Arte-Stefan-Meier-162702410430553\/","https:\/\/www.instagram.com\/thebiopool\/"]}]}},"_links":{"self":[{"href":"https:\/\/thebiopool.com\/de\/wp-json\/wp\/v2\/pages\/16364","targetHints":{"allow":["GET"]}}],"collection":[{"href":"https:\/\/thebiopool.com\/de\/wp-json\/wp\/v2\/pages"}],"about":[{"href":"https:\/\/thebiopool.com\/de\/wp-json\/wp\/v2\/types\/page"}],"author":[{"embeddable":true,"href":"https:\/\/thebiopool.com\/de\/wp-json\/wp\/v2\/users\/1"}],"replies":[{"embeddable":true,"href":"https:\/\/thebiopool.com\/de\/wp-json\/wp\/v2\/comments?post=16364"}],"version-history":[{"count":0,"href":"https:\/\/thebiopool.com\/de\/wp-json\/wp\/v2\/pages\/16364\/revisions"}],"wp:attachment":[{"href":"https:\/\/thebiopool.com\/de\/wp-json\/wp\/v2\/media?parent=16364"}],"curies":[{"name":"wp","href":"https:\/\/api.w.org\/{rel}","templated":true}]}}