{"id":16673,"date":"2021-04-26T17:48:53","date_gmt":"2021-04-26T15:48:53","guid":{"rendered":"https:\/\/thebiopool.com\/?page_id=16673"},"modified":"2022-02-09T09:21:07","modified_gmt":"2022-02-09T08:21:07","slug":"boki-mediterranean-swimming-pond-balearic-islands","status":"publish","type":"page","link":"https:\/\/thebiopool.com\/de\/boki-mediterranean-swimming-pond-balearic-islands\/","title":{"rendered":"Boki &#8211; mediterraner Schwimmteich, Balearen"},"content":{"rendered":"<div id=\"pl-16673\"  class=\"panel-layout\" ><div id=\"pg-16673-0\"  class=\"panel-grid panel-no-style\" ><div id=\"pgc-16673-0-0\"  class=\"panel-grid-cell\" ><div id=\"panel-16673-0-0-0\" class=\"so-panel widget widget_sow-editor panel-first-child panel-last-child\" data-index=\"0\" ><div\n\t\t\t\n\t\t\tclass=\"so-widget-sow-editor so-widget-sow-editor-base\"\n\t\t\t\n\t\t>\n<div class=\"siteorigin-widget-tinymce textwidget\">\n\t<p>mediterraner Schwimmteich in privatem Freizeitpark<\/p>\n<p>Ein Schwimmteich als Erg\u00e4nzung eines privaten Freizeitparks mit Fussballplatz, Sauna, Trampolin, Klassischem Schwimmbad und Privatzoo. Er l\u00e4dt zum Baden, Entspannen und Schnorcheln in sanften, biologisch gereinigtem Wasser ein. Mit Flachwasser-Bereich f\u00fcr Kinder und zum Sitzen, ein Nichtschwimmer-Bereich f\u00fcr Shiatzu, Wassergymnastik und Plaudern sowie ein 3-meter tiefer Bereich mit Trampolin zum Springen, Schwimmen und Schnorcheln sowie f\u00fcr die Unterwasserpflanzen. Lebensraum f\u00fcr Fr\u00f6sche und eine Vielzahl selten gewordener Insekten- und Pflanzenarten, Trinkwasserangebot f\u00fcr eine Vielzahl von V\u00f6gel, Insekten und Flederm\u00e4usen.<\/p>\n<style type=\"text\/css\">\n#foogallery-gallery-16675 .fg-image { width: 300px; }\n#foogallery-gallery-16675 { --fg-gutter: 10px; }<\/style>\n\t\t\t<style type=\"text\/css\">\n#foogallery-gallery-16675_1 .fg-image { width: 300px; }\n#foogallery-gallery-16675_1 { --fg-gutter: 10px; }<\/style>\n\t\t\t<div class=\"foogallery foogallery-container foogallery-default foogallery-lightbox-foobox fg-center fg-default fg-ready fg-light fg-shadow-outline fg-loading-trail fg-loaded-fade-in fg-caption-hover fg-hover-fade fg-hover-zoom\" id=\"foogallery-gallery-16675_1\" data-foogallery=\"{&quot;item&quot;:{&quot;showCaptionTitle&quot;:true,&quot;showCaptionDescription&quot;:true},&quot;lazy&quot;:true}\" style=\"--fg-title-line-clamp: 0; --fg-description-line-clamp: 0;\" >\n\t<div class=\"fg-item fg-type-iframe fg-idle\"><figure class=\"fg-item-inner\"><a href=\"https:\/\/thebiopool.com\/es-saltas\/\" data-caption-desc=\"Es Saltas\" data-attachment-id=\"18833\" data-type=\"iframe\" class=\"fg-thumb\"><span class=\"fg-image-wrap\"><img fetchpriority=\"high\" decoding=\"async\" width=\"300\" height=\"300\" class=\"skip-lazy fg-image\" data-src-fg=\"https:\/\/thebiopool.com\/wp-content\/uploads\/cache\/es-saltas-3\/3233985571.jpg\" src=\"data:image\/svg+xml,%3Csvg%20xmlns%3D%22http%3A%2F%2Fwww.w3.org%2F2000%2Fsvg%22%20width%3D%22300%22%20height%3D%22300%22%20viewBox%3D%220%200%20300%20300%22%3E%3C%2Fsvg%3E\" loading=\"eager\"><\/span><span class=\"fg-image-overlay\"><\/span><\/a><figcaption class=\"fg-caption\"><div class=\"fg-caption-inner\"><div class=\"fg-caption-desc\">Es Saltas<\/div><\/div><\/figcaption><\/figure><div class=\"fg-loader\"><\/div><\/div><div class=\"fg-item fg-type-iframe fg-idle\"><figure class=\"fg-item-inner\"><a href=\"https:\/\/thebiopool.com\/can-cantera\/\" data-caption-desc=\"Can Cantera\" data-attachment-id=\"18809\" data-type=\"iframe\" class=\"fg-thumb\"><span class=\"fg-image-wrap\"><img decoding=\"async\" width=\"300\" height=\"300\" class=\"skip-lazy fg-image\" data-src-fg=\"https:\/\/thebiopool.com\/wp-content\/uploads\/cache\/cancanterra-1-min\/2221888729.jpg\" src=\"data:image\/svg+xml,%3Csvg%20xmlns%3D%22http%3A%2F%2Fwww.w3.org%2F2000%2Fsvg%22%20width%3D%22300%22%20height%3D%22300%22%20viewBox%3D%220%200%20300%20300%22%3E%3C%2Fsvg%3E\" loading=\"eager\"><\/span><span class=\"fg-image-overlay\"><\/span><\/a><figcaption class=\"fg-caption\"><div class=\"fg-caption-inner\"><div class=\"fg-caption-desc\">Can Cantera<\/div><\/div><\/figcaption><\/figure><div class=\"fg-loader\"><\/div><\/div><div class=\"fg-item fg-type-iframe fg-idle\"><figure class=\"fg-item-inner\"><a href=\"https:\/\/thebiopool.com\/can-lupes\/\" data-caption-desc=\"Can Lupes\" data-attachment-id=\"18785\" data-type=\"iframe\" class=\"fg-thumb\"><span class=\"fg-image-wrap\"><img decoding=\"async\" alt=\"can-Lupes-by-theBIOPOOL-1.jpg\" width=\"300\" height=\"300\" class=\"skip-lazy fg-image\" data-src-fg=\"https:\/\/thebiopool.com\/wp-content\/uploads\/cache\/can-Lupes-by-theBIOPOOL-1\/776054932.jpg\" src=\"data:image\/svg+xml,%3Csvg%20xmlns%3D%22http%3A%2F%2Fwww.w3.org%2F2000%2Fsvg%22%20width%3D%22300%22%20height%3D%22300%22%20viewBox%3D%220%200%20300%20300%22%3E%3C%2Fsvg%3E\" loading=\"eager\"><\/span><span class=\"fg-image-overlay\"><\/span><\/a><figcaption class=\"fg-caption\"><div class=\"fg-caption-inner\"><div class=\"fg-caption-desc\">Can Lupes<\/div><\/div><\/figcaption><\/figure><div class=\"fg-loader\"><\/div><\/div><div class=\"fg-item fg-type-iframe fg-idle\"><figure class=\"fg-item-inner\"><a href=\"https:\/\/thebiopool.com\/can-jomay\" data-caption-desc=\"Can Jomay\" data-attachment-id=\"18743\" data-type=\"iframe\" class=\"fg-thumb\"><span class=\"fg-image-wrap\"><img decoding=\"async\" alt=\"Can Jomay by theBIOPOOL Ibiza\" width=\"300\" height=\"300\" class=\"skip-lazy fg-image\" data-src-fg=\"https:\/\/thebiopool.com\/wp-content\/uploads\/cache\/can-jomay-4-web-e1733740356925\/2512146054.jpg\" src=\"data:image\/svg+xml,%3Csvg%20xmlns%3D%22http%3A%2F%2Fwww.w3.org%2F2000%2Fsvg%22%20width%3D%22300%22%20height%3D%22300%22%20viewBox%3D%220%200%20300%20300%22%3E%3C%2Fsvg%3E\" loading=\"eager\"><\/span><span class=\"fg-image-overlay\"><\/span><\/a><figcaption class=\"fg-caption\"><div class=\"fg-caption-inner\"><div class=\"fg-caption-desc\">Can Jomay<\/div><\/div><\/figcaption><\/figure><div class=\"fg-loader\"><\/div><\/div><div class=\"fg-item fg-type-iframe fg-idle\"><figure class=\"fg-item-inner\"><a href=\"https:\/\/thebiopool.com\/voeuja\/\" data-caption-desc=\"Voeuja\" data-attachment-id=\"18960\" data-type=\"iframe\" class=\"fg-thumb\"><span class=\"fg-image-wrap\"><img decoding=\"async\" alt=\"Voeuja by theBIOPOOL\" width=\"300\" height=\"300\" class=\"skip-lazy fg-image\" data-src-fg=\"https:\/\/thebiopool.com\/wp-content\/uploads\/cache\/veouja-pic1-1500\/3300563034.jpg\" src=\"data:image\/svg+xml,%3Csvg%20xmlns%3D%22http%3A%2F%2Fwww.w3.org%2F2000%2Fsvg%22%20width%3D%22300%22%20height%3D%22300%22%20viewBox%3D%220%200%20300%20300%22%3E%3C%2Fsvg%3E\" loading=\"eager\"><\/span><span class=\"fg-image-overlay\"><\/span><\/a><figcaption class=\"fg-caption\"><div class=\"fg-caption-inner\"><div class=\"fg-caption-desc\">Voeuja<\/div><\/div><\/figcaption><\/figure><div class=\"fg-loader\"><\/div><\/div><div class=\"fg-item fg-type-iframe fg-idle\"><figure class=\"fg-item-inner\"><a href=\"https:\/\/thebiopool.com\/bio-jacuzzi\/\" data-caption-title=\"BIO JACUZZI\" data-caption-desc=\"Club Robinson\" data-attachment-id=\"16722\" data-type=\"iframe\" class=\"fg-thumb\"><span class=\"fg-image-wrap\"><img decoding=\"async\" alt=\"BIOJACUZZI, Ibiza by theBIOPOOL\" title=\"BIO JACUZZI\" width=\"300\" height=\"300\" class=\"skip-lazy fg-image\" data-src-fg=\"https:\/\/thebiopool.com\/wp-content\/uploads\/cache\/View-natural-pool-to-Es-Vedra\/786897001.jpg\" src=\"data:image\/svg+xml,%3Csvg%20xmlns%3D%22http%3A%2F%2Fwww.w3.org%2F2000%2Fsvg%22%20width%3D%22300%22%20height%3D%22300%22%20viewBox%3D%220%200%20300%20300%22%3E%3C%2Fsvg%3E\" loading=\"eager\"><\/span><span class=\"fg-image-overlay\"><\/span><\/a><figcaption class=\"fg-caption\"><div class=\"fg-caption-inner\"><div class=\"fg-caption-title\">BIO JACUZZI<\/div><div class=\"fg-caption-desc\">Club Robinson<\/div><\/div><\/figcaption><\/figure><div class=\"fg-loader\"><\/div><\/div><div class=\"fg-item fg-type-iframe fg-idle\"><figure class=\"fg-item-inner\"><a href=\"https:\/\/thebiopool.com\/sermita\/\" data-caption-desc=\"Sermita\" data-attachment-id=\"17453\" data-type=\"iframe\" class=\"fg-thumb\"><span class=\"fg-image-wrap\"><img decoding=\"async\" alt=\"Sermita by theBIOPOOL\" width=\"300\" height=\"300\" class=\"skip-lazy fg-image\" data-src-fg=\"https:\/\/thebiopool.com\/wp-content\/uploads\/cache\/Sermita-by-theBIOPOOL-e1743070827485\/450087976.jpg\" src=\"data:image\/svg+xml,%3Csvg%20xmlns%3D%22http%3A%2F%2Fwww.w3.org%2F2000%2Fsvg%22%20width%3D%22300%22%20height%3D%22300%22%20viewBox%3D%220%200%20300%20300%22%3E%3C%2Fsvg%3E\" loading=\"eager\"><\/span><span class=\"fg-image-overlay\"><\/span><\/a><figcaption class=\"fg-caption\"><div class=\"fg-caption-inner\"><div class=\"fg-caption-desc\">Sermita<\/div><\/div><\/figcaption><\/figure><div class=\"fg-loader\"><\/div><\/div><\/div>\n\n<table border=\"1\" width=\"769\" cellspacing=\"0\" cellpadding=\"6\">\n<thead>\n<tr valign=\"TOP\">\n<td bgcolor=\"#bdc0bf\" width=\"179\" height=\"11\"><\/td>\n<td bgcolor=\"#bdc0bf\" width=\"180\"><\/td>\n<td bgcolor=\"#bdc0bf\" width=\"180\"><\/td>\n<td bgcolor=\"#bdc0bf\" width=\"180\"><\/td>\n<\/tr>\n<\/thead>\n<tbody>\n<tr valign=\"TOP\">\n<td bgcolor=\"#dcdcdc\" width=\"179\" height=\"12\">\n<p align=\"LEFT\"><span style=\"color: #000000;\"><span style=\"font-family: Arial, sans-serif;\"><span style=\"font-size: small;\"><b>Oberfl\u00e4che<\/b><\/span><\/span><\/span><\/p>\n<\/td>\n<td width=\"180\">\n<p align=\"LEFT\"><span style=\"color: #000000;\"><span style=\"font-family: Arial, sans-serif;\"><span style=\"font-size: small;\">300 m2<\/span><\/span><\/span><\/p>\n<\/td>\n<td width=\"180\"><\/td>\n<td width=\"180\"><\/td>\n<\/tr>\n<tr valign=\"TOP\">\n<td bgcolor=\"#dcdcdc\" width=\"179\" height=\"12\">\n<p align=\"LEFT\"><span style=\"color: #000000;\"><span style=\"font-family: Arial, sans-serif;\"><span style=\"font-size: small;\"><b>Wasservolumen<\/b><\/span><\/span><\/span><\/p>\n<\/td>\n<td bgcolor=\"#f5f5f5\" width=\"180\">\n<p align=\"LEFT\"><span style=\"color: #000000;\"><span style=\"font-family: Arial, sans-serif;\"><span style=\"font-size: small;\">480 m3<\/span><\/span><\/span><\/p>\n<\/td>\n<td bgcolor=\"#f5f5f5\" width=\"180\"><\/td>\n<td bgcolor=\"#f5f5f5\" width=\"180\"><\/td>\n<\/tr>\n<tr valign=\"TOP\">\n<td bgcolor=\"#dcdcdc\" width=\"179\" height=\"12\">\n<p align=\"LEFT\"><span style=\"color: #000000;\"><span style=\"font-family: Arial, sans-serif;\"><span style=\"font-size: small;\"><b>Tiefe<\/b><\/span><\/span><\/span><\/p>\n<\/td>\n<td width=\"180\">\n<p align=\"LEFT\"><span style=\"color: #000000;\"><span style=\"font-family: Arial, sans-serif;\"><span style=\"font-size: small;\">50 cm<\/span><\/span><\/span><\/p>\n<\/td>\n<td width=\"180\">\n<p align=\"LEFT\"><span style=\"color: #000000;\"><span style=\"font-family: Arial, sans-serif;\"><span style=\"font-size: small;\">135 cm<\/span><\/span><\/span><\/p>\n<\/td>\n<td width=\"180\">\n<p align=\"LEFT\"><span style=\"color: #000000;\"><span style=\"font-family: Arial, sans-serif;\"><span style=\"font-size: small;\">300 cm<\/span><\/span><\/span><\/p>\n<\/td>\n<\/tr>\n<tr valign=\"TOP\">\n<td bgcolor=\"#dcdcdc\" width=\"179\" height=\"65\">\n<p align=\"LEFT\"><span style=\"color: #000000;\"><span style=\"font-family: Arial, sans-serif;\"><span style=\"font-size: small;\"><b>Filterkonzept<\/b><\/span><\/span><\/span><\/p>\n<\/td>\n<td bgcolor=\"#f5f5f5\" width=\"180\">\n<p align=\"LEFT\"><span style=\"color: #000000;\"><span style=\"font-family: Arial, sans-serif;\"><span style=\"font-size: small;\">gestauter Kiesfilter, langsam vertikal durchstr\u00f6mt, \u00fcberbaut mit Sonnendeck<\/span><\/span><\/span><\/p>\n<\/td>\n<td bgcolor=\"#f5f5f5\" width=\"180\">\n<p align=\"LEFT\"><span style=\"color: #000000;\"><span style=\"font-family: Arial, sans-serif;\"><span style=\"font-size: small;\">Aquakultur<\/span><\/span><\/span><\/p>\n<\/td>\n<td bgcolor=\"#f5f5f5\" width=\"180\"><\/td>\n<\/tr>\n<tr valign=\"TOP\">\n<td bgcolor=\"#dcdcdc\" width=\"179\" height=\"122\">\n<p align=\"LEFT\"><span style=\"color: #000000;\"><span style=\"font-family: Arial, sans-serif;\"><span style=\"font-size: small;\"><b>Technik<\/b><\/span><\/span><\/span><\/p>\n<\/td>\n<td width=\"180\">\n<p align=\"LEFT\"><span style=\"color: #000000;\"><span style=\"font-family: Arial, sans-serif;\"><span style=\"font-size: small;\">2 Pool-Skimmer, Kurvensieb-Filter und regulierbare Energiespar-Pumpe blue-eco 320, Dauerkonsum bei ca. 80W<\/span><\/span><\/span><\/p>\n<\/td>\n<td width=\"180\">\n<p align=\"LEFT\"><span style=\"color: #000000;\"><span style=\"font-family: Arial, sans-serif;\"><span style=\"font-size: small;\">CO2-D\u00fcngung<\/span><\/span><\/span><\/p>\n<\/td>\n<td width=\"180\">\n<p align=\"LEFT\"><span style=\"color: #000000;\"><span style=\"font-family: Arial, sans-serif;\"><span style=\"font-size: small;\">Bodenreinigung durch integrierte Absaugrohre, Poolpumpe<\/span><\/span><\/span><\/p>\n<\/td>\n<\/tr>\n<tr valign=\"TOP\">\n<td bgcolor=\"#dcdcdc\" width=\"179\" height=\"12\">\n<p align=\"LEFT\"><span style=\"color: #000000;\"><span style=\"font-family: Arial, sans-serif;\"><span style=\"font-size: small;\"><b>Planung<\/b><\/span><\/span><\/span><\/p>\n<\/td>\n<td bgcolor=\"#f5f5f5\" width=\"180\">\n<p align=\"LEFT\"><span style=\"color: #000000;\"><span style=\"font-family: Arial, sans-serif;\"><span style=\"font-size: small;\">10\/20<\/span><\/span><\/span><\/p>\n<\/td>\n<td bgcolor=\"#f5f5f5\" width=\"180\"><\/td>\n<td bgcolor=\"#f5f5f5\" width=\"180\"><\/td>\n<\/tr>\n<tr valign=\"TOP\">\n<td bgcolor=\"#dcdcdc\" width=\"179\" height=\"11\">\n<p align=\"LEFT\"><span style=\"color: #000000;\"><span style=\"font-family: Arial, sans-serif;\"><span style=\"font-size: small;\"><b>Ausf\u00fchrung<\/b><\/span><\/span><\/span><\/p>\n<\/td>\n<td width=\"180\">\n<p align=\"LEFT\"><span style=\"color: #000000;\"><span style=\"font-family: Arial, sans-serif;\"><span style=\"font-size: small;\">10\/20 - 4\/21<\/span><\/span><\/span><\/p>\n<\/td>\n<td width=\"180\"><\/td>\n<td width=\"180\"><\/td>\n<\/tr>\n<\/tbody>\n<\/table>\n<\/div>\n<\/div><\/div><\/div><\/div><\/div>","protected":false},"excerpt":{"rendered":"<p>mediterraner Schwimmteich in privatem Freizeitpark Ein Schwimmteich als Erg&auml;nzung eines privaten Freizeitparks mit Fussballplatz, Sauna, Trampolin, Klassischem Schwimmbad und Privatzoo. Er l&auml;dt zum Baden, Entspannen und Schnorcheln in sanften, biologisch gereinigtem Wasser ein. Mit Flachwasser-Bereich f&uuml;r Kinder und zum Sitzen, ein Nichtschwimmer-Bereich f&uuml;r Shiatzu, Wassergymnastik und Plaudern sowie ein 3-meter tiefer Bereich mit Trampolin zum Springen, Schwimmen und Schnorcheln sowie f&uuml;r die Unterwasserpflanzen. Lebensraum f&uuml;r Fr&ouml;sche und eine Vielzahl selten gewordener Insekten- und Pflanzenarten, Trinkwasserangebot f&uuml;r eine Vielzahl von V&ouml;gel, Insekten und Flederm&auml;usen. Oberfl&auml;che 300 m2 Wasservolumen 480 m3 Tiefe 50 cm 135 cm 300 cm Filterkonzept gestauter Kiesfilter, langsam&hellip;<\/p>\n","protected":false},"author":1,"featured_media":17013,"parent":0,"menu_order":0,"comment_status":"closed","ping_status":"closed","template":"","meta":{"footnotes":""},"class_list":["post-16673","page","type-page","status-publish","has-post-thumbnail","hentry"],"yoast_head":"<!-- This site is optimized with the Yoast SEO plugin v27.5 - https:\/\/yoast.com\/product\/yoast-seo-wordpress\/ -->\n<title>Boki - mediterraner Schwimmteich, Balearen - Natur Pools und Schwimmteiche<\/title>\n<meta name=\"robots\" content=\"index, follow, max-snippet:-1, max-image-preview:large, max-video-preview:-1\" \/>\n<link rel=\"canonical\" href=\"https:\/\/thebiopool.com\/de\/boki-mediterranean-swimming-pond-balearic-islands\/\" \/>\n<meta property=\"og:locale\" content=\"de_DE\" \/>\n<meta property=\"og:type\" content=\"article\" \/>\n<meta property=\"og:title\" content=\"Boki - mediterraner Schwimmteich, Balearen - Natur Pools und Schwimmteiche\" \/>\n<meta property=\"og:description\" content=\"mediterraner Schwimmteich in privatem Freizeitpark Ein Schwimmteich als Erg&auml;nzung eines privaten Freizeitparks mit Fussballplatz, Sauna, Trampolin, Klassischem Schwimmbad und Privatzoo. Er l&auml;dt zum Baden, Entspannen und Schnorcheln in sanften, biologisch gereinigtem Wasser ein. Mit Flachwasser-Bereich f&uuml;r Kinder und zum Sitzen, ein Nichtschwimmer-Bereich f&uuml;r Shiatzu, Wassergymnastik und Plaudern sowie ein 3-meter tiefer Bereich mit Trampolin zum Springen, Schwimmen und Schnorcheln sowie f&uuml;r die Unterwasserpflanzen. Lebensraum f&uuml;r Fr&ouml;sche und eine Vielzahl selten gewordener Insekten- und Pflanzenarten, Trinkwasserangebot f&uuml;r eine Vielzahl von V&ouml;gel, Insekten und Flederm&auml;usen. Oberfl&auml;che 300 m2 Wasservolumen 480 m3 Tiefe 50 cm 135 cm 300 cm Filterkonzept gestauter Kiesfilter, langsam&hellip;\" \/>\n<meta property=\"og:url\" content=\"https:\/\/thebiopool.com\/de\/boki-mediterranean-swimming-pond-balearic-islands\/\" \/>\n<meta property=\"og:site_name\" content=\"Natur Pools und Schwimmteiche\" \/>\n<meta property=\"article:publisher\" content=\"https:\/\/www.facebook.com\/Naturaleza-y-Arte-Stefan-Meier-162702410430553\/\" \/>\n<meta property=\"article:modified_time\" content=\"2022-02-09T08:21:07+00:00\" \/>\n<meta property=\"og:image\" content=\"https:\/\/thebiopool.com\/wp-content\/uploads\/thebiopool-boki-1.jpg\" \/>\n\t<meta property=\"og:image:width\" content=\"2000\" \/>\n\t<meta property=\"og:image:height\" content=\"1500\" \/>\n\t<meta property=\"og:image:type\" content=\"image\/jpeg\" \/>\n<meta name=\"twitter:card\" content=\"summary_large_image\" \/>\n<meta name=\"twitter:label1\" content=\"Gesch\u00e4tzte Lesezeit\" \/>\n\t<meta name=\"twitter:data1\" content=\"2\u00a0Minuten\" \/>\n<script type=\"application\/ld+json\" class=\"yoast-schema-graph\">{\"@context\":\"https:\\\/\\\/schema.org\",\"@graph\":[{\"@type\":\"WebPage\",\"@id\":\"https:\\\/\\\/thebiopool.com\\\/de\\\/boki-mediterranean-swimming-pond-balearic-islands\\\/\",\"url\":\"https:\\\/\\\/thebiopool.com\\\/de\\\/boki-mediterranean-swimming-pond-balearic-islands\\\/\",\"name\":\"Boki - mediterraner Schwimmteich, Balearen - Natur Pools und Schwimmteiche\",\"isPartOf\":{\"@id\":\"https:\\\/\\\/thebiopool.com\\\/de\\\/#website\"},\"primaryImageOfPage\":{\"@id\":\"https:\\\/\\\/thebiopool.com\\\/de\\\/boki-mediterranean-swimming-pond-balearic-islands\\\/#primaryimage\"},\"image\":{\"@id\":\"https:\\\/\\\/thebiopool.com\\\/boki-mediterranean-swimming-pond-balearic-islands\\\/#primaryimage\"},\"thumbnailUrl\":\"https:\\\/\\\/thebiopool.com\\\/wp-content\\\/uploads\\\/thebiopool-boki-1.jpg\",\"datePublished\":\"2021-04-26T15:48:53+00:00\",\"dateModified\":\"2022-02-09T08:21:07+00:00\",\"breadcrumb\":{\"@id\":\"https:\\\/\\\/thebiopool.com\\\/de\\\/boki-mediterranean-swimming-pond-balearic-islands\\\/#breadcrumb\"},\"inLanguage\":\"de\",\"potentialAction\":[{\"@type\":\"ReadAction\",\"target\":[[\"https:\\\/\\\/thebiopool.com\\\/de\\\/boki-mediterranean-swimming-pond-balearic-islands\\\/\"]]}]},{\"@type\":\"ImageObject\",\"inLanguage\":\"de\",\"@id\":\"https:\\\/\\\/thebiopool.com\\\/de\\\/boki-mediterranean-swimming-pond-balearic-islands\\\/#primaryimage\",\"url\":\"https:\\\/\\\/thebiopool.com\\\/wp-content\\\/uploads\\\/thebiopool-boki-1.jpg\",\"contentUrl\":\"https:\\\/\\\/thebiopool.com\\\/wp-content\\\/uploads\\\/thebiopool-boki-1.jpg\",\"width\":2000,\"height\":1500,\"caption\":\"BOKI by theBIOPOOL\"},{\"@type\":\"BreadcrumbList\",\"@id\":\"https:\\\/\\\/thebiopool.com\\\/de\\\/boki-mediterranean-swimming-pond-balearic-islands\\\/#breadcrumb\",\"itemListElement\":[{\"@type\":\"ListItem\",\"position\":1,\"name\":\"Home\",\"item\":\"https:\\\/\\\/thebiopool.com\\\/de\\\/\"},{\"@type\":\"ListItem\",\"position\":2,\"name\":\"Boki &#8211; mediterranean swimming pond, Balearic islands\"}]},{\"@type\":\"WebSite\",\"@id\":\"https:\\\/\\\/thebiopool.com\\\/de\\\/#website\",\"url\":\"https:\\\/\\\/thebiopool.com\\\/de\\\/\",\"name\":\"TheBiopool\",\"description\":\"wir planen und bauen Ihren perfecten Schwimmteich und Natur Pool\",\"publisher\":{\"@id\":\"https:\\\/\\\/thebiopool.com\\\/de\\\/#organization\"},\"potentialAction\":[{\"@type\":\"SearchAction\",\"target\":{\"@type\":\"EntryPoint\",\"urlTemplate\":\"https:\\\/\\\/thebiopool.com\\\/de\\\/?s={search_term_string}\"},\"query-input\":{\"@type\":\"PropertyValueSpecification\",\"valueRequired\":true,\"valueName\":\"search_term_string\"}}],\"inLanguage\":\"de\"},{\"@type\":\"Organization\",\"@id\":\"https:\\\/\\\/thebiopool.com\\\/de\\\/#organization\",\"name\":\"TheBiopool\",\"url\":\"https:\\\/\\\/thebiopool.com\\\/de\\\/\",\"logo\":{\"@type\":\"ImageObject\",\"inLanguage\":\"de\",\"@id\":\"https:\\\/\\\/thebiopool.com\\\/de\\\/#\\\/schema\\\/logo\\\/image\\\/\",\"url\":\"https:\\\/\\\/thebiopool.com\\\/wp-content\\\/uploads\\\/logo-schatten-website-klein.png\",\"contentUrl\":\"https:\\\/\\\/thebiopool.com\\\/wp-content\\\/uploads\\\/logo-schatten-website-klein.png\",\"width\":220,\"height\":64,\"caption\":\"TheBiopool\"},\"image\":{\"@id\":\"https:\\\/\\\/thebiopool.com\\\/de\\\/#\\\/schema\\\/logo\\\/image\\\/\"},\"sameAs\":[\"https:\\\/\\\/www.facebook.com\\\/Naturaleza-y-Arte-Stefan-Meier-162702410430553\\\/\",\"https:\\\/\\\/www.instagram.com\\\/thebiopool\\\/\"]}]}<\/script>\n<!-- \/ Yoast SEO plugin. -->","yoast_head_json":{"title":"Boki - mediterraner Schwimmteich, Balearen - Natur Pools und Schwimmteiche","robots":{"index":"index","follow":"follow","max-snippet":"max-snippet:-1","max-image-preview":"max-image-preview:large","max-video-preview":"max-video-preview:-1"},"canonical":"https:\/\/thebiopool.com\/de\/boki-mediterranean-swimming-pond-balearic-islands\/","og_locale":"de_DE","og_type":"article","og_title":"Boki - mediterraner Schwimmteich, Balearen - Natur Pools und Schwimmteiche","og_description":"mediterraner Schwimmteich in privatem Freizeitpark Ein Schwimmteich als Erg&auml;nzung eines privaten Freizeitparks mit Fussballplatz, Sauna, Trampolin, Klassischem Schwimmbad und Privatzoo. Er l&auml;dt zum Baden, Entspannen und Schnorcheln in sanften, biologisch gereinigtem Wasser ein. Mit Flachwasser-Bereich f&uuml;r Kinder und zum Sitzen, ein Nichtschwimmer-Bereich f&uuml;r Shiatzu, Wassergymnastik und Plaudern sowie ein 3-meter tiefer Bereich mit Trampolin zum Springen, Schwimmen und Schnorcheln sowie f&uuml;r die Unterwasserpflanzen. Lebensraum f&uuml;r Fr&ouml;sche und eine Vielzahl selten gewordener Insekten- und Pflanzenarten, Trinkwasserangebot f&uuml;r eine Vielzahl von V&ouml;gel, Insekten und Flederm&auml;usen. Oberfl&auml;che 300 m2 Wasservolumen 480 m3 Tiefe 50 cm 135 cm 300 cm Filterkonzept gestauter Kiesfilter, langsam&hellip;","og_url":"https:\/\/thebiopool.com\/de\/boki-mediterranean-swimming-pond-balearic-islands\/","og_site_name":"Natur Pools und Schwimmteiche","article_publisher":"https:\/\/www.facebook.com\/Naturaleza-y-Arte-Stefan-Meier-162702410430553\/","article_modified_time":"2022-02-09T08:21:07+00:00","og_image":[{"width":2000,"height":1500,"url":"https:\/\/thebiopool.com\/wp-content\/uploads\/thebiopool-boki-1.jpg","type":"image\/jpeg"}],"twitter_card":"summary_large_image","twitter_misc":{"Gesch\u00e4tzte Lesezeit":"2\u00a0Minuten"},"schema":{"@context":"https:\/\/schema.org","@graph":[{"@type":"WebPage","@id":"https:\/\/thebiopool.com\/de\/boki-mediterranean-swimming-pond-balearic-islands\/","url":"https:\/\/thebiopool.com\/de\/boki-mediterranean-swimming-pond-balearic-islands\/","name":"Boki - mediterraner Schwimmteich, Balearen - Natur Pools und Schwimmteiche","isPartOf":{"@id":"https:\/\/thebiopool.com\/de\/#website"},"primaryImageOfPage":{"@id":"https:\/\/thebiopool.com\/de\/boki-mediterranean-swimming-pond-balearic-islands\/#primaryimage"},"image":{"@id":"https:\/\/thebiopool.com\/boki-mediterranean-swimming-pond-balearic-islands\/#primaryimage"},"thumbnailUrl":"https:\/\/thebiopool.com\/wp-content\/uploads\/thebiopool-boki-1.jpg","datePublished":"2021-04-26T15:48:53+00:00","dateModified":"2022-02-09T08:21:07+00:00","breadcrumb":{"@id":"https:\/\/thebiopool.com\/de\/boki-mediterranean-swimming-pond-balearic-islands\/#breadcrumb"},"inLanguage":"de","potentialAction":[{"@type":"ReadAction","target":[["https:\/\/thebiopool.com\/de\/boki-mediterranean-swimming-pond-balearic-islands\/"]]}]},{"@type":"ImageObject","inLanguage":"de","@id":"https:\/\/thebiopool.com\/de\/boki-mediterranean-swimming-pond-balearic-islands\/#primaryimage","url":"https:\/\/thebiopool.com\/wp-content\/uploads\/thebiopool-boki-1.jpg","contentUrl":"https:\/\/thebiopool.com\/wp-content\/uploads\/thebiopool-boki-1.jpg","width":2000,"height":1500,"caption":"BOKI by theBIOPOOL"},{"@type":"BreadcrumbList","@id":"https:\/\/thebiopool.com\/de\/boki-mediterranean-swimming-pond-balearic-islands\/#breadcrumb","itemListElement":[{"@type":"ListItem","position":1,"name":"Home","item":"https:\/\/thebiopool.com\/de\/"},{"@type":"ListItem","position":2,"name":"Boki &#8211; mediterranean swimming pond, Balearic islands"}]},{"@type":"WebSite","@id":"https:\/\/thebiopool.com\/de\/#website","url":"https:\/\/thebiopool.com\/de\/","name":"TheBiopool","description":"wir planen und bauen Ihren perfecten Schwimmteich und Natur Pool","publisher":{"@id":"https:\/\/thebiopool.com\/de\/#organization"},"potentialAction":[{"@type":"SearchAction","target":{"@type":"EntryPoint","urlTemplate":"https:\/\/thebiopool.com\/de\/?s={search_term_string}"},"query-input":{"@type":"PropertyValueSpecification","valueRequired":true,"valueName":"search_term_string"}}],"inLanguage":"de"},{"@type":"Organization","@id":"https:\/\/thebiopool.com\/de\/#organization","name":"TheBiopool","url":"https:\/\/thebiopool.com\/de\/","logo":{"@type":"ImageObject","inLanguage":"de","@id":"https:\/\/thebiopool.com\/de\/#\/schema\/logo\/image\/","url":"https:\/\/thebiopool.com\/wp-content\/uploads\/logo-schatten-website-klein.png","contentUrl":"https:\/\/thebiopool.com\/wp-content\/uploads\/logo-schatten-website-klein.png","width":220,"height":64,"caption":"TheBiopool"},"image":{"@id":"https:\/\/thebiopool.com\/de\/#\/schema\/logo\/image\/"},"sameAs":["https:\/\/www.facebook.com\/Naturaleza-y-Arte-Stefan-Meier-162702410430553\/","https:\/\/www.instagram.com\/thebiopool\/"]}]}},"_links":{"self":[{"href":"https:\/\/thebiopool.com\/de\/wp-json\/wp\/v2\/pages\/16673","targetHints":{"allow":["GET"]}}],"collection":[{"href":"https:\/\/thebiopool.com\/de\/wp-json\/wp\/v2\/pages"}],"about":[{"href":"https:\/\/thebiopool.com\/de\/wp-json\/wp\/v2\/types\/page"}],"author":[{"embeddable":true,"href":"https:\/\/thebiopool.com\/de\/wp-json\/wp\/v2\/users\/1"}],"replies":[{"embeddable":true,"href":"https:\/\/thebiopool.com\/de\/wp-json\/wp\/v2\/comments?post=16673"}],"version-history":[{"count":0,"href":"https:\/\/thebiopool.com\/de\/wp-json\/wp\/v2\/pages\/16673\/revisions"}],"wp:featuredmedia":[{"embeddable":true,"href":"https:\/\/thebiopool.com\/de\/wp-json\/wp\/v2\/media\/17013"}],"wp:attachment":[{"href":"https:\/\/thebiopool.com\/de\/wp-json\/wp\/v2\/media?parent=16673"}],"curies":[{"name":"wp","href":"https:\/\/api.w.org\/{rel}","templated":true}]}}