{"id":16913,"date":"2022-02-02T17:19:45","date_gmt":"2022-02-02T16:19:45","guid":{"rendered":"https:\/\/thebiopool.com\/?page_id=16913"},"modified":"2022-03-21T11:19:31","modified_gmt":"2022-03-21T10:19:31","slug":"biological","status":"publish","type":"page","link":"https:\/\/thebiopool.com\/de\/biological\/","title":{"rendered":"Biologische Wasseraufbereitung"},"content":{"rendered":"<div id=\"pl-16913\"  class=\"panel-layout\" ><div id=\"pg-16913-0\"  class=\"panel-grid panel-has-style\" ><div class=\"siteorigin-panels-stretch panel-row-style panel-row-style-for-16913-0\" data-stretch-type=\"full-stretched\" ><div id=\"pgc-16913-0-0\"  class=\"panel-grid-cell panel-grid-cell-empty\" ><\/div><div id=\"pgc-16913-0-1\"  class=\"panel-grid-cell panel-grid-cell-mobile-last\" ><div id=\"panel-16913-0-1-0\" class=\"so-panel widget widget_sow-editor panel-first-child panel-last-child\" data-index=\"0\" ><div\n\t\t\t\n\t\t\tclass=\"so-widget-sow-editor so-widget-sow-editor-base\"\n\t\t\t\n\t\t>\n<div class=\"siteorigin-widget-tinymce textwidget\">\n\t<p>Die Wasseraufbereitung erfolgt rein biologisch-mechanisch nach dem Vorbild der Natur.<br \/>\nDie Nahrungspyramide im Bad mit biologischer Wasseraufbereitung:<\/p>\n<p>Die Wasserreinigung in einem Schwimmteich und Naturpool beruht zwingend auf der rein mechanisch-biologischen Reinigung und kopiert die Mechanismen der Natur. Mit Hilfe der Fresskette und dem kontinuierlichen Entzug von N\u00e4hrstoffen wird gesundes, \u201creines\u201d Wasser erreicht. Das steht im absoluten Gegensatz zur chemischen Desinfektion im <span lang=\"de-DE\"><span style=\"color: #017000;\">klassischen Chlorbad<\/span><\/span> oder im <span lang=\"de-DE\"><span style=\"color: #017000;\">Hybrid-Pool<\/span><\/span>.<\/p>\n<table border=\"0\" width=\"100%\" cellspacing=\"0\" cellpadding=\"4\">\n<tbody>\n<tr valign=\"TOP\">\n<td width=\"50%\"><img decoding=\"async\" class=\"alignleft wp-image-16903 size-medium lazyload\" data-src=\"https:\/\/thebiopool.com\/wp-content\/uploads\/plankton-the-biopool-1-300x194.jpg\" alt=\"\" width=\"300\" height=\"194\" data-srcset=\"https:\/\/thebiopool.com\/wp-content\/uploads\/plankton-the-biopool-1-300x194.jpg 300w, https:\/\/thebiopool.com\/wp-content\/uploads\/plankton-the-biopool-1-600x388.jpg 600w, https:\/\/thebiopool.com\/wp-content\/uploads\/plankton-the-biopool-1-768x496.jpg 768w, https:\/\/thebiopool.com\/wp-content\/uploads\/plankton-the-biopool-1-350x226.jpg 350w, https:\/\/thebiopool.com\/wp-content\/uploads\/plankton-the-biopool-1.jpg 1000w\" data-sizes=\"(max-width: 300px) 100vw, 300px\" src=\"data:image\/svg+xml;base64,PHN2ZyB3aWR0aD0iMSIgaGVpZ2h0PSIxIiB4bWxucz0iaHR0cDovL3d3dy53My5vcmcvMjAwMC9zdmciPjwvc3ZnPg==\" style=\"--smush-placeholder-width: 300px; --smush-placeholder-aspect-ratio: 300\/194;\" \/><\/td>\n<td width=\"50%\">\n<p lang=\"de-DE\" align=\"LEFT\"><span style=\"color: #000000;\"><span style=\"font-family: Helvetica Neue, Helvetica Neue, sans-serif;\"><span style=\"font-size: small;\">Die Wasserqualit\u00e4t muss durch N\u00e4hrstoffmanagement erreicht werden, um den geplanten Trophiegrad unter Nutzung der nat\u00fcrlichen Nahrungskette zu erreichen.<\/span><\/span><\/span><\/p>\n<p lang=\"de-DE\" align=\"LEFT\"><span style=\"color: #000000;\"><span style=\"font-family: Helvetica Neue, Helvetica Neue, sans-serif;\"><span style=\"font-size: small;\">Die breite Basis der Nahrungspyramide stellen Einzeller wie Bakterien, Algen und Pilzen. Dort wo nat\u00fcrliches Wasser und Licht zusammen kommen, wachsen schnell winzige Algen. Sie entziehen dem Wasser die N\u00e4hrstoffe und bilden daraus Biomasse und produzieren Sauerstoff, die Basis f\u00fcr viele weitere Reinigungsprozesse.<br \/>\n<\/span><\/span><\/span><\/p>\n<\/td>\n<\/tr>\n<tr valign=\"TOP\">\n<td width=\"50%\">\n<p lang=\"de-DE\" align=\"LEFT\"><span style=\"color: #000000;\"><span style=\"font-family: Helvetica Neue, Helvetica Neue, sans-serif;\"><span style=\"font-size: small;\">Das n\u00e4chste Glied der Nahrungskette stellt das Zooplankton. Es sind haupts\u00e4chlich Kleinkrebse, die kontinuierlich die Algen und Bakterien aus dem Wasser filtrieren und fressen. Sie sind somit ein wichtiges Element bei der \u201cHygieneleistung\u201d, der Eliminierung patogener Keime. Fast alle potentiellen Krankheitserreger entstehen nicht im Wasser sondern sind Darmbakterien, die durch die Nutzer oder Wirbeltiere eingetragen werden. Im sauerstoffreichen Wasser eines Schwimmteiches k\u00f6nnen sich die Darmbakterien nicht vermehren und werden durch das Zooplankton schnell eliminiert.<\/p>\n<\/td>\n<td width=\"50%\"><img decoding=\"async\" class=\"alignleft wp-image-16927 size-medium lazyload\" data-src=\"https:\/\/thebiopool.com\/wp-content\/uploads\/zooplankton-6.Seite2_-300x198.jpg\" alt=\"\" width=\"300\" height=\"198\" data-srcset=\"https:\/\/thebiopool.com\/wp-content\/uploads\/zooplankton-6.Seite2_-300x198.jpg 300w, https:\/\/thebiopool.com\/wp-content\/uploads\/zooplankton-6.Seite2_-600x397.jpg 600w, https:\/\/thebiopool.com\/wp-content\/uploads\/zooplankton-6.Seite2_-768x508.jpg 768w, https:\/\/thebiopool.com\/wp-content\/uploads\/zooplankton-6.Seite2_-350x231.jpg 350w, https:\/\/thebiopool.com\/wp-content\/uploads\/zooplankton-6.Seite2_.jpg 900w\" data-sizes=\"(max-width: 300px) 100vw, 300px\" src=\"data:image\/svg+xml;base64,PHN2ZyB3aWR0aD0iMSIgaGVpZ2h0PSIxIiB4bWxucz0iaHR0cDovL3d3dy53My5vcmcvMjAwMC9zdmciPjwvc3ZnPg==\" style=\"--smush-placeholder-width: 300px; --smush-placeholder-aspect-ratio: 300\/198;\" \/><\/td>\n<\/tr>\n<tr valign=\"TOP\">\n<td width=\"50%\"><img decoding=\"async\" class=\"alignleft wp-image-16924 size-medium lazyload\" data-src=\"https:\/\/thebiopool.com\/wp-content\/uploads\/stechmucken-6.Seite2_-300x200.jpg\" alt=\"\" width=\"300\" height=\"200\" data-srcset=\"https:\/\/thebiopool.com\/wp-content\/uploads\/stechmucken-6.Seite2_-300x200.jpg 300w, https:\/\/thebiopool.com\/wp-content\/uploads\/stechmucken-6.Seite2_-600x400.jpg 600w, https:\/\/thebiopool.com\/wp-content\/uploads\/stechmucken-6.Seite2_-768x512.jpg 768w, https:\/\/thebiopool.com\/wp-content\/uploads\/stechmucken-6.Seite2_-350x233.jpg 350w, https:\/\/thebiopool.com\/wp-content\/uploads\/stechmucken-6.Seite2_-272x182.jpg 272w, https:\/\/thebiopool.com\/wp-content\/uploads\/stechmucken-6.Seite2_.jpg 1000w\" data-sizes=\"(max-width: 300px) 100vw, 300px\" src=\"data:image\/svg+xml;base64,PHN2ZyB3aWR0aD0iMSIgaGVpZ2h0PSIxIiB4bWxucz0iaHR0cDovL3d3dy53My5vcmcvMjAwMC9zdmciPjwvc3ZnPg==\" style=\"--smush-placeholder-width: 300px; --smush-placeholder-aspect-ratio: 300\/200;\" \/><\/td>\n<td width=\"50%\">\n<p lang=\"de-DE\" align=\"LEFT\"><span style=\"color: #000000;\"><span style=\"font-family: Helvetica Neue, Helvetica Neue, sans-serif;\"><span style=\"font-size: small;\">Auch Stechm\u00fcckenlarven fressen Plankton und Detritus (zerfallenden organischen Substanzen). Sie atmen Luft an der Oberfl\u00e4che und k\u00f6nnen somit auch in Sauerstoff-freien und \u00fcberd\u00fcngten Gew\u00e4ssern hervorragend gedeihen. Sie sind aber eine leichte Beute f\u00fcr alle Pr\u00e4datoren und werden in n\u00e4hrstoffarmen Gew\u00e4ssern mit etablierter Biologie sofort weg gefressen. Sie treten somit in eingefahrenen Schwimmteichen und Naturpools nicht in Erscheinung. Aber sie k\u00f6nnen sich schnell in kleinen Pf\u00fctzen und Untertellern von Blumenvasen nebenan vermehren.<\/p>\n<\/td>\n<\/tr>\n<tr valign=\"TOP\">\n<td width=\"50%\">\n<p lang=\"de-DE\" align=\"LEFT\"><span style=\"color: #000000;\"><span style=\"font-family: Helvetica Neue, Helvetica Neue, sans-serif;\"><span style=\"font-size: small;\">Das Zooplankton wird wiederum von Insekten und deren Larven sowie Molchlarven und kleinen Fischen gefressen. Kleine, sich schnell vermehrende Fische ohne weiteren Fressfeind ( z.B. invasive Gambusien ) k\u00f6nnen das Zooplankton derart stark dezimieren, dass dieses als nat\u00fcrliche Regulativ des Phytoplanktons ausf\u00e4llt. Das f\u00fchrt zur straken Vermehrung der Algen und gr\u00fcnes Wasser. Deshalb werden keine Fische in Schwimmteich oder Naturpool eingesetzt.\n<\/p>\n<\/td>\n<td width=\"50%\"><img decoding=\"async\" class=\"alignleft wp-image-16923 size-medium lazyload\" data-src=\"https:\/\/thebiopool.com\/wp-content\/uploads\/kleine-fische-6.Seite2_-300x200.jpg\" alt=\"\" width=\"300\" height=\"200\" data-srcset=\"https:\/\/thebiopool.com\/wp-content\/uploads\/kleine-fische-6.Seite2_-300x200.jpg 300w, https:\/\/thebiopool.com\/wp-content\/uploads\/kleine-fische-6.Seite2_-600x400.jpg 600w, https:\/\/thebiopool.com\/wp-content\/uploads\/kleine-fische-6.Seite2_-350x233.jpg 350w, https:\/\/thebiopool.com\/wp-content\/uploads\/kleine-fische-6.Seite2_-272x182.jpg 272w, https:\/\/thebiopool.com\/wp-content\/uploads\/kleine-fische-6.Seite2_.jpg 680w\" data-sizes=\"(max-width: 300px) 100vw, 300px\" src=\"data:image\/svg+xml;base64,PHN2ZyB3aWR0aD0iMSIgaGVpZ2h0PSIxIiB4bWxucz0iaHR0cDovL3d3dy53My5vcmcvMjAwMC9zdmciPjwvc3ZnPg==\" style=\"--smush-placeholder-width: 300px; --smush-placeholder-aspect-ratio: 300\/200;\" \/><\/td>\n<\/tr>\n<tr valign=\"TOP\">\n<td width=\"50%\"><img decoding=\"async\" class=\"alignleft wp-image-16925 size-medium lazyload\" data-src=\"https:\/\/thebiopool.com\/wp-content\/uploads\/Unterwasserpflanzen-6.Seite2_-300x225.jpg\" alt=\"\" width=\"300\" height=\"225\" data-srcset=\"https:\/\/thebiopool.com\/wp-content\/uploads\/Unterwasserpflanzen-6.Seite2_-300x225.jpg 300w, https:\/\/thebiopool.com\/wp-content\/uploads\/Unterwasserpflanzen-6.Seite2_-600x450.jpg 600w, https:\/\/thebiopool.com\/wp-content\/uploads\/Unterwasserpflanzen-6.Seite2_-768x576.jpg 768w, https:\/\/thebiopool.com\/wp-content\/uploads\/Unterwasserpflanzen-6.Seite2_-350x263.jpg 350w, https:\/\/thebiopool.com\/wp-content\/uploads\/Unterwasserpflanzen-6.Seite2_.jpg 800w\" data-sizes=\"(max-width: 300px) 100vw, 300px\" src=\"data:image\/svg+xml;base64,PHN2ZyB3aWR0aD0iMSIgaGVpZ2h0PSIxIiB4bWxucz0iaHR0cDovL3d3dy53My5vcmcvMjAwMC9zdmciPjwvc3ZnPg==\" style=\"--smush-placeholder-width: 300px; --smush-placeholder-aspect-ratio: 300\/225;\" \/><\/td>\n<td width=\"50%\">\n<p lang=\"de-DE\" align=\"LEFT\"><span style=\"color: #000000;\"><span style=\"font-family: Helvetica Neue, Helvetica Neue, sans-serif;\"><span style=\"font-size: small;\"><span lang=\"it-IT\">Unterwasserpflanzen stehen in nat\u00fcrlicher Konkurrenz mit den Algen und spielen bei der Phosphorfixierung eine herausragende Rolle. Bei g\u00fcnstigen Bedingungen dominieren die Pflanzen und verhindern starkes Algenwachstum, bei ung\u00fcnstigen Bedingungen dominieren die Algen. Die Unterwasserpflanzen ben\u00f6tigen aber ein gewisses N\u00e4hrstoffniveau im mesotrophen bis oligotrophen Bereich, weshalb sie in den Schwimmteichen der Kategorien 1-3 eingesetzt werden.\n<\/p>\n<\/td>\n<\/tr>\n<tr valign=\"TOP\">\n<td width=\"50%\">\n<p lang=\"de-DE\" align=\"LEFT\"><span style=\"color: #000000;\"><span style=\"font-family: Helvetica Neue, Helvetica Neue, sans-serif;\"><span style=\"font-size: small;\">Wenn optimale Wasser-Transparenz ( Naturpool, Kategorie 4-5 ) das Planungsziel ist, werden biologische Schnellfilter eingesetzt. Auf stark angestr\u00f6mten Oberfl\u00e4chen w\u00e4chst Biofilm, eine bunte Lebensgemeinschaft von Mikroorganismen, die die Aufgabe von Zooplankton und Wasserpflanzen \u00fcbernehmen. Biofilm filtert Algen und Bakterien aus dem Wasser und fixieren die N\u00e4hrstoffe. Die Filter m\u00fcssen \u00fcber eine Sp\u00fclvorrichtung ausgestattet sein, um den Biofilm ernten zu k\u00f6nnen und somit die gespeicherten N\u00e4hrstoffe aus dem geschlossenen System des Naturpools zu entfernen.\n<\/p>\n<\/td>\n<td width=\"50%\"><img decoding=\"async\" class=\"alignleft wp-image-16926 size-medium lazyload\" data-src=\"https:\/\/thebiopool.com\/wp-content\/uploads\/wassertransparenz-6.Seite2_-300x158.jpg\" alt=\"\" width=\"300\" height=\"158\" data-srcset=\"https:\/\/thebiopool.com\/wp-content\/uploads\/wassertransparenz-6.Seite2_-300x158.jpg 300w, https:\/\/thebiopool.com\/wp-content\/uploads\/wassertransparenz-6.Seite2_-600x315.jpg 600w, https:\/\/thebiopool.com\/wp-content\/uploads\/wassertransparenz-6.Seite2_-350x184.jpg 350w, https:\/\/thebiopool.com\/wp-content\/uploads\/wassertransparenz-6.Seite2_.jpg 636w\" data-sizes=\"(max-width: 300px) 100vw, 300px\" src=\"data:image\/svg+xml;base64,PHN2ZyB3aWR0aD0iMSIgaGVpZ2h0PSIxIiB4bWxucz0iaHR0cDovL3d3dy53My5vcmcvMjAwMC9zdmciPjwvc3ZnPg==\" style=\"--smush-placeholder-width: 300px; --smush-placeholder-aspect-ratio: 300\/158;\" \/><\/td>\n<\/tr>\n<tr valign=\"TOP\">\n<td width=\"50%\"><img decoding=\"async\" class=\"alignleft wp-image-16922 size-medium lazyload\" data-src=\"https:\/\/thebiopool.com\/wp-content\/uploads\/Blaetter-6.Seite2_-300x225.jpg\" alt=\"\" width=\"300\" height=\"225\" data-srcset=\"https:\/\/thebiopool.com\/wp-content\/uploads\/Blaetter-6.Seite2_-300x225.jpg 300w, https:\/\/thebiopool.com\/wp-content\/uploads\/Blaetter-6.Seite2_-600x450.jpg 600w, https:\/\/thebiopool.com\/wp-content\/uploads\/Blaetter-6.Seite2_-768x576.jpg 768w, https:\/\/thebiopool.com\/wp-content\/uploads\/Blaetter-6.Seite2_-350x263.jpg 350w, https:\/\/thebiopool.com\/wp-content\/uploads\/Blaetter-6.Seite2_.jpg 800w\" data-sizes=\"(max-width: 300px) 100vw, 300px\" src=\"data:image\/svg+xml;base64,PHN2ZyB3aWR0aD0iMSIgaGVpZ2h0PSIxIiB4bWxucz0iaHR0cDovL3d3dy53My5vcmcvMjAwMC9zdmciPjwvc3ZnPg==\" style=\"--smush-placeholder-width: 300px; --smush-placeholder-aspect-ratio: 300\/225;\" \/><\/td>\n<td width=\"50%\">\n<p lang=\"de-DE\" align=\"LEFT\"><span style=\"color: #000000;\"><span style=\"font-family: Helvetica Neue, Helvetica Neue, sans-serif;\"><span style=\"font-size: small;\">Bl\u00e4tter und Pollen, die vom Wind eingetragen werden, sowie abgestorbene Organismen sinken zu Boden und bilden dort ein organisches Sediment. Dieses wird von anderen Kleinlebewesen zersetzt und mineralisiert, wobei die gebundenen N\u00e4hrstoffe wieder frei werden und zur\u00fcck in den Wasserkreislauf geraten. Durch Absaugung des Sedimentes, das als nat\u00fcrlicher D\u00fcnger in den Beeten verwendet wird, werden dem Kreislauf grosse N\u00e4hrstoffmengen entzogen.\n<\/p>\n<\/td>\n<\/tr>\n<\/tbody>\n<\/table>\n<p>Die Wasserreinigung in einem Schwimmteich und Naturpool beruht zwingend auf der rein mechanisch-biologischen Reinigung und kopiert die Mechanismen der Natur. Mit Hilfe der Fresskette und dem kontinuierlichen Entzug von N\u00e4hrsto\ufb00en wird gesundes, \u201creines\u201d Wasser erreicht.<\/p>\n<p>Das steht im absoluten Gegensatz zur chemischen Desinfektion im <a href=\"https:\/\/thebiopool.com\/seite-7\/\" target=\"_blank\" rel=\"noopener\">klassischen Chlorbad<\/a> oder im <a href=\"https:\/\/thebiopool.com\/hybrid-pool\/\" target=\"_blank\" rel=\"noopener\">Hybrid-Pool.<\/a><\/p>\n<\/div>\n<\/div><\/div><\/div><div id=\"pgc-16913-0-2\"  class=\"panel-grid-cell panel-grid-cell-empty\" ><\/div><\/div><\/div><\/div>","protected":false},"excerpt":{"rendered":"<p>Die Wasseraufbereitung erfolgt rein biologisch-mechanisch nach dem Vorbild der Natur. Die Nahrungspyramide im Bad mit biologischer Wasseraufbereitung: Die Wasserreinigung in einem Schwimmteich und Naturpool beruht zwingend auf der rein mechanisch-biologischen Reinigung und kopiert die Mechanismen der Natur. Mit Hilfe der Fresskette und dem kontinuierlichen Entzug von N&auml;hrstoffen wird gesundes, &ldquo;reines&rdquo; Wasser erreicht. Das steht im absoluten Gegensatz zur chemischen Desinfektion im klassischen Chlorbad oder im Hybrid-Pool. Die Wasserqualit&auml;t muss durch N&auml;hrstoffmanagement erreicht werden, um den geplanten Trophiegrad unter Nutzung der nat&uuml;rlichen Nahrungskette zu erreichen. Die breite Basis der Nahrungspyramide stellen Einzeller wie Bakterien, Algen und Pilzen. Dort wo nat&uuml;rliches Wasser&hellip;<\/p>\n","protected":false},"author":1,"featured_media":0,"parent":0,"menu_order":0,"comment_status":"closed","ping_status":"closed","template":"","meta":{"footnotes":""},"class_list":["post-16913","page","type-page","status-publish","hentry"],"yoast_head":"<!-- This site is optimized with the Yoast SEO plugin v27.5 - https:\/\/yoast.com\/product\/yoast-seo-wordpress\/ -->\n<title>Biologische Wasseraufbereitung - Natur Pools und Schwimmteiche<\/title>\n<meta name=\"robots\" content=\"index, follow, max-snippet:-1, max-image-preview:large, max-video-preview:-1\" \/>\n<link rel=\"canonical\" href=\"https:\/\/thebiopool.com\/de\/biological\/\" \/>\n<meta property=\"og:locale\" content=\"de_DE\" \/>\n<meta property=\"og:type\" content=\"article\" \/>\n<meta property=\"og:title\" content=\"Biologische Wasseraufbereitung - Natur Pools und Schwimmteiche\" \/>\n<meta property=\"og:description\" content=\"Die Wasseraufbereitung erfolgt rein biologisch-mechanisch nach dem Vorbild der Natur. Die Nahrungspyramide im Bad mit biologischer Wasseraufbereitung: Die Wasserreinigung in einem Schwimmteich und Naturpool beruht zwingend auf der rein mechanisch-biologischen Reinigung und kopiert die Mechanismen der Natur. Mit Hilfe der Fresskette und dem kontinuierlichen Entzug von N&auml;hrstoffen wird gesundes, &ldquo;reines&rdquo; Wasser erreicht. Das steht im absoluten Gegensatz zur chemischen Desinfektion im klassischen Chlorbad oder im Hybrid-Pool. Die Wasserqualit&auml;t muss durch N&auml;hrstoffmanagement erreicht werden, um den geplanten Trophiegrad unter Nutzung der nat&uuml;rlichen Nahrungskette zu erreichen. Die breite Basis der Nahrungspyramide stellen Einzeller wie Bakterien, Algen und Pilzen. Dort wo nat&uuml;rliches Wasser&hellip;\" \/>\n<meta property=\"og:url\" content=\"https:\/\/thebiopool.com\/de\/biological\/\" \/>\n<meta property=\"og:site_name\" content=\"Natur Pools und Schwimmteiche\" \/>\n<meta property=\"article:publisher\" content=\"https:\/\/www.facebook.com\/Naturaleza-y-Arte-Stefan-Meier-162702410430553\/\" \/>\n<meta property=\"article:modified_time\" content=\"2022-03-21T10:19:31+00:00\" \/>\n<meta property=\"og:image\" content=\"https:\/\/thebiopool.com\/wp-content\/uploads\/plankton-the-biopool-1-300x194.jpg\" \/>\n<meta name=\"twitter:card\" content=\"summary_large_image\" \/>\n<meta name=\"twitter:label1\" content=\"Gesch\u00e4tzte Lesezeit\" \/>\n\t<meta name=\"twitter:data1\" content=\"4\u00a0Minuten\" \/>\n<script type=\"application\/ld+json\" class=\"yoast-schema-graph\">{\"@context\":\"https:\\\/\\\/schema.org\",\"@graph\":[{\"@type\":\"WebPage\",\"@id\":\"https:\\\/\\\/thebiopool.com\\\/de\\\/biological\\\/\",\"url\":\"https:\\\/\\\/thebiopool.com\\\/de\\\/biological\\\/\",\"name\":\"Biologische Wasseraufbereitung - Natur Pools und Schwimmteiche\",\"isPartOf\":{\"@id\":\"https:\\\/\\\/thebiopool.com\\\/de\\\/#website\"},\"primaryImageOfPage\":{\"@id\":\"https:\\\/\\\/thebiopool.com\\\/de\\\/biological\\\/#primaryimage\"},\"image\":{\"@id\":\"https:\\\/\\\/thebiopool.com\\\/biological\\\/#primaryimage\"},\"thumbnailUrl\":\"https:\\\/\\\/thebiopool.com\\\/wp-content\\\/uploads\\\/plankton-the-biopool-1-300x194.jpg\",\"datePublished\":\"2022-02-02T16:19:45+00:00\",\"dateModified\":\"2022-03-21T10:19:31+00:00\",\"breadcrumb\":{\"@id\":\"https:\\\/\\\/thebiopool.com\\\/de\\\/biological\\\/#breadcrumb\"},\"inLanguage\":\"de\",\"potentialAction\":[{\"@type\":\"ReadAction\",\"target\":[[\"https:\\\/\\\/thebiopool.com\\\/de\\\/biological\\\/\"]]}]},{\"@type\":\"ImageObject\",\"inLanguage\":\"de\",\"@id\":\"https:\\\/\\\/thebiopool.com\\\/de\\\/biological\\\/#primaryimage\",\"url\":\"https:\\\/\\\/thebiopool.com\\\/wp-content\\\/uploads\\\/plankton-the-biopool-1-300x194.jpg\",\"contentUrl\":\"https:\\\/\\\/thebiopool.com\\\/wp-content\\\/uploads\\\/plankton-the-biopool-1-300x194.jpg\"},{\"@type\":\"BreadcrumbList\",\"@id\":\"https:\\\/\\\/thebiopool.com\\\/de\\\/biological\\\/#breadcrumb\",\"itemListElement\":[{\"@type\":\"ListItem\",\"position\":1,\"name\":\"Home\",\"item\":\"https:\\\/\\\/thebiopool.com\\\/de\\\/\"},{\"@type\":\"ListItem\",\"position\":2,\"name\":\"Biological\"}]},{\"@type\":\"WebSite\",\"@id\":\"https:\\\/\\\/thebiopool.com\\\/de\\\/#website\",\"url\":\"https:\\\/\\\/thebiopool.com\\\/de\\\/\",\"name\":\"TheBiopool\",\"description\":\"wir planen und bauen Ihren perfecten Schwimmteich und Natur Pool\",\"publisher\":{\"@id\":\"https:\\\/\\\/thebiopool.com\\\/de\\\/#organization\"},\"potentialAction\":[{\"@type\":\"SearchAction\",\"target\":{\"@type\":\"EntryPoint\",\"urlTemplate\":\"https:\\\/\\\/thebiopool.com\\\/de\\\/?s={search_term_string}\"},\"query-input\":{\"@type\":\"PropertyValueSpecification\",\"valueRequired\":true,\"valueName\":\"search_term_string\"}}],\"inLanguage\":\"de\"},{\"@type\":\"Organization\",\"@id\":\"https:\\\/\\\/thebiopool.com\\\/de\\\/#organization\",\"name\":\"TheBiopool\",\"url\":\"https:\\\/\\\/thebiopool.com\\\/de\\\/\",\"logo\":{\"@type\":\"ImageObject\",\"inLanguage\":\"de\",\"@id\":\"https:\\\/\\\/thebiopool.com\\\/de\\\/#\\\/schema\\\/logo\\\/image\\\/\",\"url\":\"https:\\\/\\\/thebiopool.com\\\/wp-content\\\/uploads\\\/logo-schatten-website-klein.png\",\"contentUrl\":\"https:\\\/\\\/thebiopool.com\\\/wp-content\\\/uploads\\\/logo-schatten-website-klein.png\",\"width\":220,\"height\":64,\"caption\":\"TheBiopool\"},\"image\":{\"@id\":\"https:\\\/\\\/thebiopool.com\\\/de\\\/#\\\/schema\\\/logo\\\/image\\\/\"},\"sameAs\":[\"https:\\\/\\\/www.facebook.com\\\/Naturaleza-y-Arte-Stefan-Meier-162702410430553\\\/\",\"https:\\\/\\\/www.instagram.com\\\/thebiopool\\\/\"]}]}<\/script>\n<!-- \/ Yoast SEO plugin. -->","yoast_head_json":{"title":"Biologische Wasseraufbereitung - Natur Pools und Schwimmteiche","robots":{"index":"index","follow":"follow","max-snippet":"max-snippet:-1","max-image-preview":"max-image-preview:large","max-video-preview":"max-video-preview:-1"},"canonical":"https:\/\/thebiopool.com\/de\/biological\/","og_locale":"de_DE","og_type":"article","og_title":"Biologische Wasseraufbereitung - Natur Pools und Schwimmteiche","og_description":"Die Wasseraufbereitung erfolgt rein biologisch-mechanisch nach dem Vorbild der Natur. Die Nahrungspyramide im Bad mit biologischer Wasseraufbereitung: Die Wasserreinigung in einem Schwimmteich und Naturpool beruht zwingend auf der rein mechanisch-biologischen Reinigung und kopiert die Mechanismen der Natur. Mit Hilfe der Fresskette und dem kontinuierlichen Entzug von N&auml;hrstoffen wird gesundes, &ldquo;reines&rdquo; Wasser erreicht. Das steht im absoluten Gegensatz zur chemischen Desinfektion im klassischen Chlorbad oder im Hybrid-Pool. Die Wasserqualit&auml;t muss durch N&auml;hrstoffmanagement erreicht werden, um den geplanten Trophiegrad unter Nutzung der nat&uuml;rlichen Nahrungskette zu erreichen. Die breite Basis der Nahrungspyramide stellen Einzeller wie Bakterien, Algen und Pilzen. Dort wo nat&uuml;rliches Wasser&hellip;","og_url":"https:\/\/thebiopool.com\/de\/biological\/","og_site_name":"Natur Pools und Schwimmteiche","article_publisher":"https:\/\/www.facebook.com\/Naturaleza-y-Arte-Stefan-Meier-162702410430553\/","article_modified_time":"2022-03-21T10:19:31+00:00","og_image":[{"url":"https:\/\/thebiopool.com\/wp-content\/uploads\/plankton-the-biopool-1-300x194.jpg","type":"","width":"","height":""}],"twitter_card":"summary_large_image","twitter_misc":{"Gesch\u00e4tzte Lesezeit":"4\u00a0Minuten"},"schema":{"@context":"https:\/\/schema.org","@graph":[{"@type":"WebPage","@id":"https:\/\/thebiopool.com\/de\/biological\/","url":"https:\/\/thebiopool.com\/de\/biological\/","name":"Biologische Wasseraufbereitung - Natur Pools und Schwimmteiche","isPartOf":{"@id":"https:\/\/thebiopool.com\/de\/#website"},"primaryImageOfPage":{"@id":"https:\/\/thebiopool.com\/de\/biological\/#primaryimage"},"image":{"@id":"https:\/\/thebiopool.com\/biological\/#primaryimage"},"thumbnailUrl":"https:\/\/thebiopool.com\/wp-content\/uploads\/plankton-the-biopool-1-300x194.jpg","datePublished":"2022-02-02T16:19:45+00:00","dateModified":"2022-03-21T10:19:31+00:00","breadcrumb":{"@id":"https:\/\/thebiopool.com\/de\/biological\/#breadcrumb"},"inLanguage":"de","potentialAction":[{"@type":"ReadAction","target":[["https:\/\/thebiopool.com\/de\/biological\/"]]}]},{"@type":"ImageObject","inLanguage":"de","@id":"https:\/\/thebiopool.com\/de\/biological\/#primaryimage","url":"https:\/\/thebiopool.com\/wp-content\/uploads\/plankton-the-biopool-1-300x194.jpg","contentUrl":"https:\/\/thebiopool.com\/wp-content\/uploads\/plankton-the-biopool-1-300x194.jpg"},{"@type":"BreadcrumbList","@id":"https:\/\/thebiopool.com\/de\/biological\/#breadcrumb","itemListElement":[{"@type":"ListItem","position":1,"name":"Home","item":"https:\/\/thebiopool.com\/de\/"},{"@type":"ListItem","position":2,"name":"Biological"}]},{"@type":"WebSite","@id":"https:\/\/thebiopool.com\/de\/#website","url":"https:\/\/thebiopool.com\/de\/","name":"TheBiopool","description":"wir planen und bauen Ihren perfecten Schwimmteich und Natur Pool","publisher":{"@id":"https:\/\/thebiopool.com\/de\/#organization"},"potentialAction":[{"@type":"SearchAction","target":{"@type":"EntryPoint","urlTemplate":"https:\/\/thebiopool.com\/de\/?s={search_term_string}"},"query-input":{"@type":"PropertyValueSpecification","valueRequired":true,"valueName":"search_term_string"}}],"inLanguage":"de"},{"@type":"Organization","@id":"https:\/\/thebiopool.com\/de\/#organization","name":"TheBiopool","url":"https:\/\/thebiopool.com\/de\/","logo":{"@type":"ImageObject","inLanguage":"de","@id":"https:\/\/thebiopool.com\/de\/#\/schema\/logo\/image\/","url":"https:\/\/thebiopool.com\/wp-content\/uploads\/logo-schatten-website-klein.png","contentUrl":"https:\/\/thebiopool.com\/wp-content\/uploads\/logo-schatten-website-klein.png","width":220,"height":64,"caption":"TheBiopool"},"image":{"@id":"https:\/\/thebiopool.com\/de\/#\/schema\/logo\/image\/"},"sameAs":["https:\/\/www.facebook.com\/Naturaleza-y-Arte-Stefan-Meier-162702410430553\/","https:\/\/www.instagram.com\/thebiopool\/"]}]}},"_links":{"self":[{"href":"https:\/\/thebiopool.com\/de\/wp-json\/wp\/v2\/pages\/16913","targetHints":{"allow":["GET"]}}],"collection":[{"href":"https:\/\/thebiopool.com\/de\/wp-json\/wp\/v2\/pages"}],"about":[{"href":"https:\/\/thebiopool.com\/de\/wp-json\/wp\/v2\/types\/page"}],"author":[{"embeddable":true,"href":"https:\/\/thebiopool.com\/de\/wp-json\/wp\/v2\/users\/1"}],"replies":[{"embeddable":true,"href":"https:\/\/thebiopool.com\/de\/wp-json\/wp\/v2\/comments?post=16913"}],"version-history":[{"count":0,"href":"https:\/\/thebiopool.com\/de\/wp-json\/wp\/v2\/pages\/16913\/revisions"}],"wp:attachment":[{"href":"https:\/\/thebiopool.com\/de\/wp-json\/wp\/v2\/media?parent=16913"}],"curies":[{"name":"wp","href":"https:\/\/api.w.org\/{rel}","templated":true}]}}