{"id":16935,"date":"2022-02-04T13:27:39","date_gmt":"2022-02-04T12:27:39","guid":{"rendered":"https:\/\/thebiopool.com\/?page_id=16935"},"modified":"2022-03-21T12:48:29","modified_gmt":"2022-03-21T11:48:29","slug":"seite-7","status":"publish","type":"page","link":"https:\/\/thebiopool.com\/de\/seite-7\/","title":{"rendered":"Chemische Desinfektion"},"content":{"rendered":"<div id=\"pl-16935\"  class=\"panel-layout\" ><div id=\"pg-16935-0\"  class=\"panel-grid panel-has-style\" ><div class=\"siteorigin-panels-stretch panel-row-style panel-row-style-for-16935-0\" data-stretch-type=\"full-stretched\" ><div id=\"pgc-16935-0-0\"  class=\"panel-grid-cell panel-grid-cell-empty\" ><\/div><div id=\"pgc-16935-0-1\"  class=\"panel-grid-cell\" ><div id=\"panel-16935-0-1-0\" class=\"so-panel widget widget_sow-editor panel-first-child panel-last-child\" data-index=\"0\" ><div class=\"panel-widget-style panel-widget-style-for-16935-0-1-0\" ><div\n\t\t\t\n\t\t\tclass=\"so-widget-sow-editor so-widget-sow-editor-base\"\n\t\t\t\n\t\t>\n<div class=\"siteorigin-widget-tinymce textwidget\">\n\t<h4>Chemische Desinfektion durch Chlor.<\/h4>\n<p>Die Standardmethode zur Reinhaltung des Schwimmbadwassers ist die chemische Desinfektion, meist mit Chlor. Dieses kann in Form von Gas, Fl\u00fcssigkeit, Pulver oder Tabletten dem Wasser zugesetzt werden. Es kann aber auch durch Elektrolyse im Wasserkreislauf des Pools gewonnen werden, oft als \u201eSalzwasser-Pool\u201c bezeichnet.<\/p>\n<p>Chlor und andere Desinfektionsmittel sind giftig und haben das Ziel, alles Leben im Wasser abzut\u00f6ten.<br \/>\nBakterien und Algen haben eine sehr gro\u00dfe Oberfl\u00e4che und einen schnellen Stoffwechsel und sterben daher sehr schnell ab. Aber auch unsere<br \/>\nHaut, Augen und Schleimh\u00e4ute werden angegriffen.<\/p>\n<p>Damit das Chlor seine t\u00f6dliche Wirkung entfaltet, muss der pH-Wert im Bereich von 7,2-7,6 eingestellt werden. Dies geschieht im Salzwasserpool<br \/>\nautomatisiert durch Zugabe von Salzs\u00e4ure.<\/p>\n<p>Das Chlor reagiert beispielsweise mit dem Stickstoff aus Sonnencremes, Hautpartikeln und Urin zu krebserregenden Verbindungen.<br \/>\nGerade bei hohen Temperaturen und starker Nutzung ist die desinfizierende Wirkung oft zu schwach, um Algen sicher vorzubeugen. Algizide, in der Regel auf Kupferbasis, also noch mehr Gift, m\u00fcssen hinzugef\u00fcgt werden. Nach einem Sahara-Regen wird das Wasser tr\u00fcb und der Staub ist so fein, dass er vom Filter nicht zur\u00fcckgehalten wird. Jetzt muss ein chemisches Flockungsmittel verwendet werden.<\/p>\n<p>Sie k\u00f6nnen die N\u00e4hrstoffe nicht mehr sehen, aber die Verunreinigungen bleiben im Wasser und sammeln sich dort an.<br \/>\nChlor ist \u00fcbrigens ein geruchloses Gas. Der typische \u201cChlorgeruch\u201d im Schwimmbad entsteht durch die Reaktionsprodukte des Chlors.<br \/>\nDa sich all diese Reaktionsprodukte und Giftstoffe im Beckenwasser anreichern, muss das Wasser st\u00e4ndig teilweise ausgetauscht werden.<br \/>\n\u00d6ffentliche B\u00e4der m\u00fcssen deshalb t\u00e4glich 5% des gesamten Wasservolumens austauschen.<\/p>\n<p>&nbsp;<\/p>\n<\/div>\n<\/div><\/div><\/div><\/div><div id=\"pgc-16935-0-2\"  class=\"panel-grid-cell panel-grid-cell-empty panel-grid-cell-mobile-last\" ><\/div><div id=\"pgc-16935-0-3\"  class=\"panel-grid-cell panel-grid-cell-empty\" ><\/div><\/div><\/div><div id=\"pg-16935-1\"  class=\"panel-grid panel-has-style\" ><div class=\"siteorigin-panels-stretch panel-row-style panel-row-style-for-16935-1\" data-stretch-type=\"full-stretched\" ><div id=\"pgc-16935-1-0\"  class=\"panel-grid-cell panel-grid-cell-empty\" ><\/div><div id=\"pgc-16935-1-1\"  class=\"panel-grid-cell panel-grid-cell-empty\" ><\/div><div id=\"pgc-16935-1-2\"  class=\"panel-grid-cell panel-grid-cell-mobile-last\" ><div id=\"panel-16935-1-2-0\" class=\"so-panel widget widget_sow-editor panel-first-child panel-last-child\" data-index=\"1\" ><div class=\"panel-widget-style panel-widget-style-for-16935-1-2-0\" ><div\n\t\t\t\n\t\t\tclass=\"so-widget-sow-editor so-widget-sow-editor-base\"\n\t\t\t\n\t\t>\n<div class=\"siteorigin-widget-tinymce textwidget\">\n\t<h4>Chemisch desinfiziertes Wasser bedeutet nicht sauberes Wasser, es bedeutet nur TOTES WASSER.<\/h4>\n<p>Kaum fehlt das Desinfektionsmittel oder der pH-Wert verschiebt sich ausserhalb des n\u00f6tigen Bereiches, fangen Algen und Bakterien an sich exponentiell zu vermehren, das Wasser wird gr\u00fcn und zeigt seinen Verschmutzungs-Grad.<\/p>\n<p>Das Bild zeigt den selben Pool wie im Bild oben im Abstand von nur 7 Tagen, vor ( blau, transparent ) und nach Ausfall der Desinfektion ( gr\u00fcn und tr\u00fcb ).<\/p>\n<p>&nbsp;<\/p>\n<\/div>\n<\/div><\/div><\/div><\/div><div id=\"pgc-16935-1-3\"  class=\"panel-grid-cell panel-grid-cell-empty\" ><\/div><\/div><\/div><\/div>","protected":false},"excerpt":{"rendered":"<p>Chemische Desinfektion durch Chlor. Die Standardmethode zur Reinhaltung des Schwimmbadwassers ist die chemische Desinfektion, meist mit Chlor. Dieses kann in Form von Gas, Fl&uuml;ssigkeit, Pulver oder Tabletten dem Wasser zugesetzt werden. Es kann aber auch durch Elektrolyse im Wasserkreislauf des Pools gewonnen werden, oft als &bdquo;Salzwasser-Pool&ldquo; bezeichnet. Chlor und andere Desinfektionsmittel sind giftig und haben das Ziel, alles Leben im Wasser abzut&ouml;ten. Bakterien und Algen haben eine sehr gro&szlig;e Oberfl&auml;che und einen schnellen Stoffwechsel und sterben daher sehr schnell ab. Aber auch unsere Haut, Augen und Schleimh&auml;ute werden angegriffen. Damit das Chlor seine t&ouml;dliche Wirkung entfaltet, muss der pH-Wert im&hellip;<\/p>\n","protected":false},"author":1,"featured_media":0,"parent":0,"menu_order":0,"comment_status":"closed","ping_status":"closed","template":"","meta":{"footnotes":""},"class_list":["post-16935","page","type-page","status-publish","hentry"],"yoast_head":"<!-- This site is optimized with the Yoast SEO plugin v27.5 - https:\/\/yoast.com\/product\/yoast-seo-wordpress\/ -->\n<title>Chemische Desinfektion - Natur Pools und Schwimmteiche<\/title>\n<meta name=\"robots\" content=\"index, follow, max-snippet:-1, max-image-preview:large, max-video-preview:-1\" \/>\n<link rel=\"canonical\" href=\"https:\/\/thebiopool.com\/de\/seite-7\/\" \/>\n<meta property=\"og:locale\" content=\"de_DE\" \/>\n<meta property=\"og:type\" content=\"article\" \/>\n<meta property=\"og:title\" content=\"Chemische Desinfektion - Natur Pools und Schwimmteiche\" \/>\n<meta property=\"og:description\" content=\"Chemische Desinfektion durch Chlor. Die Standardmethode zur Reinhaltung des Schwimmbadwassers ist die chemische Desinfektion, meist mit Chlor. Dieses kann in Form von Gas, Fl&uuml;ssigkeit, Pulver oder Tabletten dem Wasser zugesetzt werden. Es kann aber auch durch Elektrolyse im Wasserkreislauf des Pools gewonnen werden, oft als &bdquo;Salzwasser-Pool&ldquo; bezeichnet. Chlor und andere Desinfektionsmittel sind giftig und haben das Ziel, alles Leben im Wasser abzut&ouml;ten. Bakterien und Algen haben eine sehr gro&szlig;e Oberfl&auml;che und einen schnellen Stoffwechsel und sterben daher sehr schnell ab. Aber auch unsere Haut, Augen und Schleimh&auml;ute werden angegriffen. Damit das Chlor seine t&ouml;dliche Wirkung entfaltet, muss der pH-Wert im&hellip;\" \/>\n<meta property=\"og:url\" content=\"https:\/\/thebiopool.com\/de\/seite-7\/\" \/>\n<meta property=\"og:site_name\" content=\"Natur Pools und Schwimmteiche\" \/>\n<meta property=\"article:publisher\" content=\"https:\/\/www.facebook.com\/Naturaleza-y-Arte-Stefan-Meier-162702410430553\/\" \/>\n<meta property=\"article:modified_time\" content=\"2022-03-21T11:48:29+00:00\" \/>\n<meta name=\"twitter:card\" content=\"summary_large_image\" \/>\n<meta name=\"twitter:label1\" content=\"Gesch\u00e4tzte Lesezeit\" \/>\n\t<meta name=\"twitter:data1\" content=\"7\u00a0Minuten\" \/>\n<script type=\"application\/ld+json\" class=\"yoast-schema-graph\">{\"@context\":\"https:\\\/\\\/schema.org\",\"@graph\":[{\"@type\":\"WebPage\",\"@id\":\"https:\\\/\\\/thebiopool.com\\\/de\\\/seite-7\\\/\",\"url\":\"https:\\\/\\\/thebiopool.com\\\/de\\\/seite-7\\\/\",\"name\":\"Chemische Desinfektion - Natur Pools und Schwimmteiche\",\"isPartOf\":{\"@id\":\"https:\\\/\\\/thebiopool.com\\\/de\\\/#website\"},\"datePublished\":\"2022-02-04T12:27:39+00:00\",\"dateModified\":\"2022-03-21T11:48:29+00:00\",\"breadcrumb\":{\"@id\":\"https:\\\/\\\/thebiopool.com\\\/de\\\/seite-7\\\/#breadcrumb\"},\"inLanguage\":\"de\",\"potentialAction\":[{\"@type\":\"ReadAction\",\"target\":[[\"https:\\\/\\\/thebiopool.com\\\/de\\\/seite-7\\\/\"]]}]},{\"@type\":\"BreadcrumbList\",\"@id\":\"https:\\\/\\\/thebiopool.com\\\/de\\\/seite-7\\\/#breadcrumb\",\"itemListElement\":[{\"@type\":\"ListItem\",\"position\":1,\"name\":\"Home\",\"item\":\"https:\\\/\\\/thebiopool.com\\\/de\\\/\"},{\"@type\":\"ListItem\",\"position\":2,\"name\":\"Chemical disinfection by chlorine.\"}]},{\"@type\":\"WebSite\",\"@id\":\"https:\\\/\\\/thebiopool.com\\\/de\\\/#website\",\"url\":\"https:\\\/\\\/thebiopool.com\\\/de\\\/\",\"name\":\"TheBiopool\",\"description\":\"wir planen und bauen Ihren perfecten Schwimmteich und Natur Pool\",\"publisher\":{\"@id\":\"https:\\\/\\\/thebiopool.com\\\/de\\\/#organization\"},\"potentialAction\":[{\"@type\":\"SearchAction\",\"target\":{\"@type\":\"EntryPoint\",\"urlTemplate\":\"https:\\\/\\\/thebiopool.com\\\/de\\\/?s={search_term_string}\"},\"query-input\":{\"@type\":\"PropertyValueSpecification\",\"valueRequired\":true,\"valueName\":\"search_term_string\"}}],\"inLanguage\":\"de\"},{\"@type\":\"Organization\",\"@id\":\"https:\\\/\\\/thebiopool.com\\\/de\\\/#organization\",\"name\":\"TheBiopool\",\"url\":\"https:\\\/\\\/thebiopool.com\\\/de\\\/\",\"logo\":{\"@type\":\"ImageObject\",\"inLanguage\":\"de\",\"@id\":\"https:\\\/\\\/thebiopool.com\\\/de\\\/#\\\/schema\\\/logo\\\/image\\\/\",\"url\":\"https:\\\/\\\/thebiopool.com\\\/wp-content\\\/uploads\\\/logo-schatten-website-klein.png\",\"contentUrl\":\"https:\\\/\\\/thebiopool.com\\\/wp-content\\\/uploads\\\/logo-schatten-website-klein.png\",\"width\":220,\"height\":64,\"caption\":\"TheBiopool\"},\"image\":{\"@id\":\"https:\\\/\\\/thebiopool.com\\\/de\\\/#\\\/schema\\\/logo\\\/image\\\/\"},\"sameAs\":[\"https:\\\/\\\/www.facebook.com\\\/Naturaleza-y-Arte-Stefan-Meier-162702410430553\\\/\",\"https:\\\/\\\/www.instagram.com\\\/thebiopool\\\/\"]}]}<\/script>\n<!-- \/ Yoast SEO plugin. -->","yoast_head_json":{"title":"Chemische Desinfektion - Natur Pools und Schwimmteiche","robots":{"index":"index","follow":"follow","max-snippet":"max-snippet:-1","max-image-preview":"max-image-preview:large","max-video-preview":"max-video-preview:-1"},"canonical":"https:\/\/thebiopool.com\/de\/seite-7\/","og_locale":"de_DE","og_type":"article","og_title":"Chemische Desinfektion - Natur Pools und Schwimmteiche","og_description":"Chemische Desinfektion durch Chlor. Die Standardmethode zur Reinhaltung des Schwimmbadwassers ist die chemische Desinfektion, meist mit Chlor. Dieses kann in Form von Gas, Fl&uuml;ssigkeit, Pulver oder Tabletten dem Wasser zugesetzt werden. Es kann aber auch durch Elektrolyse im Wasserkreislauf des Pools gewonnen werden, oft als &bdquo;Salzwasser-Pool&ldquo; bezeichnet. Chlor und andere Desinfektionsmittel sind giftig und haben das Ziel, alles Leben im Wasser abzut&ouml;ten. Bakterien und Algen haben eine sehr gro&szlig;e Oberfl&auml;che und einen schnellen Stoffwechsel und sterben daher sehr schnell ab. Aber auch unsere Haut, Augen und Schleimh&auml;ute werden angegriffen. Damit das Chlor seine t&ouml;dliche Wirkung entfaltet, muss der pH-Wert im&hellip;","og_url":"https:\/\/thebiopool.com\/de\/seite-7\/","og_site_name":"Natur Pools und Schwimmteiche","article_publisher":"https:\/\/www.facebook.com\/Naturaleza-y-Arte-Stefan-Meier-162702410430553\/","article_modified_time":"2022-03-21T11:48:29+00:00","twitter_card":"summary_large_image","twitter_misc":{"Gesch\u00e4tzte Lesezeit":"7\u00a0Minuten"},"schema":{"@context":"https:\/\/schema.org","@graph":[{"@type":"WebPage","@id":"https:\/\/thebiopool.com\/de\/seite-7\/","url":"https:\/\/thebiopool.com\/de\/seite-7\/","name":"Chemische Desinfektion - Natur Pools und Schwimmteiche","isPartOf":{"@id":"https:\/\/thebiopool.com\/de\/#website"},"datePublished":"2022-02-04T12:27:39+00:00","dateModified":"2022-03-21T11:48:29+00:00","breadcrumb":{"@id":"https:\/\/thebiopool.com\/de\/seite-7\/#breadcrumb"},"inLanguage":"de","potentialAction":[{"@type":"ReadAction","target":[["https:\/\/thebiopool.com\/de\/seite-7\/"]]}]},{"@type":"BreadcrumbList","@id":"https:\/\/thebiopool.com\/de\/seite-7\/#breadcrumb","itemListElement":[{"@type":"ListItem","position":1,"name":"Home","item":"https:\/\/thebiopool.com\/de\/"},{"@type":"ListItem","position":2,"name":"Chemical disinfection by chlorine."}]},{"@type":"WebSite","@id":"https:\/\/thebiopool.com\/de\/#website","url":"https:\/\/thebiopool.com\/de\/","name":"TheBiopool","description":"wir planen und bauen Ihren perfecten Schwimmteich und Natur Pool","publisher":{"@id":"https:\/\/thebiopool.com\/de\/#organization"},"potentialAction":[{"@type":"SearchAction","target":{"@type":"EntryPoint","urlTemplate":"https:\/\/thebiopool.com\/de\/?s={search_term_string}"},"query-input":{"@type":"PropertyValueSpecification","valueRequired":true,"valueName":"search_term_string"}}],"inLanguage":"de"},{"@type":"Organization","@id":"https:\/\/thebiopool.com\/de\/#organization","name":"TheBiopool","url":"https:\/\/thebiopool.com\/de\/","logo":{"@type":"ImageObject","inLanguage":"de","@id":"https:\/\/thebiopool.com\/de\/#\/schema\/logo\/image\/","url":"https:\/\/thebiopool.com\/wp-content\/uploads\/logo-schatten-website-klein.png","contentUrl":"https:\/\/thebiopool.com\/wp-content\/uploads\/logo-schatten-website-klein.png","width":220,"height":64,"caption":"TheBiopool"},"image":{"@id":"https:\/\/thebiopool.com\/de\/#\/schema\/logo\/image\/"},"sameAs":["https:\/\/www.facebook.com\/Naturaleza-y-Arte-Stefan-Meier-162702410430553\/","https:\/\/www.instagram.com\/thebiopool\/"]}]}},"_links":{"self":[{"href":"https:\/\/thebiopool.com\/de\/wp-json\/wp\/v2\/pages\/16935","targetHints":{"allow":["GET"]}}],"collection":[{"href":"https:\/\/thebiopool.com\/de\/wp-json\/wp\/v2\/pages"}],"about":[{"href":"https:\/\/thebiopool.com\/de\/wp-json\/wp\/v2\/types\/page"}],"author":[{"embeddable":true,"href":"https:\/\/thebiopool.com\/de\/wp-json\/wp\/v2\/users\/1"}],"replies":[{"embeddable":true,"href":"https:\/\/thebiopool.com\/de\/wp-json\/wp\/v2\/comments?post=16935"}],"version-history":[{"count":0,"href":"https:\/\/thebiopool.com\/de\/wp-json\/wp\/v2\/pages\/16935\/revisions"}],"wp:attachment":[{"href":"https:\/\/thebiopool.com\/de\/wp-json\/wp\/v2\/media?parent=16935"}],"curies":[{"name":"wp","href":"https:\/\/api.w.org\/{rel}","templated":true}]}}