{"id":16956,"date":"2022-02-04T17:47:42","date_gmt":"2022-02-04T16:47:42","guid":{"rendered":"https:\/\/thebiopool.com\/?page_id=16956"},"modified":"2022-03-21T12:16:44","modified_gmt":"2022-03-21T11:16:44","slug":"hybrid-pool","status":"publish","type":"page","link":"https:\/\/thebiopool.com\/de\/hybrid-pool\/","title":{"rendered":"Hybrid-Pool"},"content":{"rendered":"<div id=\"pl-16956\"  class=\"panel-layout\" ><div id=\"pg-16956-0\"  class=\"panel-grid panel-has-style\" ><div class=\"panel-row-style panel-row-style-for-16956-0\" ><div id=\"pgc-16956-0-0\"  class=\"panel-grid-cell panel-grid-cell-empty\" ><\/div><div id=\"pgc-16956-0-1\"  class=\"panel-grid-cell\" ><div id=\"panel-16956-0-1-0\" class=\"so-panel widget widget_sow-editor panel-first-child panel-last-child\" data-index=\"0\" ><div class=\"panel-widget-style panel-widget-style-for-16956-0-1-0\" ><div\n\t\t\t\n\t\t\tclass=\"so-widget-sow-editor so-widget-sow-editor-base\"\n\t\t\t\n\t\t>\n<div class=\"siteorigin-widget-tinymce textwidget\">\n\t<p>Chemische Desinfektion im Hybrid-Pool<br \/>\n(h\u00e4u\ufb01g f\u00e4lschlicherweise als Bio- oder Ecopool verkauft)<\/p>\n<p>Hybrid-Pools verwenden eine andere Form der Desinfektion, bei der resistente Wasserorganismen \u00fcberleben k\u00f6nnen.<br \/>\nDies erm\u00f6glicht die Verwendung von robusten Uferp\ufb02anzen, um ein nat\u00fcrliches Aussehen zu erzielen. Aber die Biologie ist nicht die Grundlage der Wasserreinigung, da die meisten<br \/>\nLebewesen durch die Desinfektionsmittel get\u00f6tet werden. Die P\ufb02anzen sind nur Dekoration.<\/p>\n<p>Diese Desinfektionstechniken werden \u00fcblicherweise in Hybridpools verwendet:<\/p>\n<p>UV-Licht: Teil des nat\u00fcrlichen Sonnenlichts, das lebendes Gewebe stark beein\ufb02usst. Es verursacht bei uns Sonnenbrand und den Tod von Viren, Bakterien und Algen. UV-Lampen werden in Teichen verwendet, um gr\u00fcnes, tr\u00fcbes<br \/>\nWasser zu vermeiden, das durch kleine Algen verursacht wird. In Aquarien oder Aquakulturen mit gro\u00dfen Fischmengen kann UV verwendet werden, um den Druck von Krankheitserregern zu reduzieren. In der Natur geschieht dies nur in<br \/>\nden ersten cm der Ober\ufb02\u00e4che, w\u00e4hrend Krankheitserreger und Algen in den unteren Wasserschichten vom Zooplankton aufgefressen<\/p>\n<p>UV-Licht t\u00f6tet auch Zooplankton... die gesamte Nahrungskette und biologische Reinigung wird gest\u00f6rt. UV-Licht reduziert oder \ufb01xiert<br \/>\nN\u00e4hrsto\ufb00e nicht. Die in der Biomasse von Algen, Bakterien und Zooplankton \ufb01xierten N\u00e4hrsto\ufb00e werden wieder freigesetzt und f\u00f6rdern stattdessen<br \/>\ndas Wachstum von Fadenalgen. UV-Licht hinterl\u00e4sst keine Chemikalien im Wasser und t\u00f6tet kein Leben au\u00dferhalb der Lampe. Deshalb wird die<br \/>\nVerwendung in einer Situation der St\u00f6rung des biologischen Systems die vor\u00fcbergehende Anwendung akzeptiert. (FLL, Deutsche Normen f\u00fcr<br \/>\nPlanung, Bau und Instandhaltung von NSPs und Grundlage f\u00fcr verschiedene andere nationale Normen). Der Energieverbrauch von UV-Lampen ist<br \/>\nrelativ hoch, im Durchschnitt h\u00f6her als der Gesamt-Energieverbrauch in einem biologischen Pool.<\/p>\n<p>Kupfer: in geringer Menge lebensnotwendig, in h\u00f6herer Konzentration schnell giftig. Die meisten Algenvernichter f\u00fcr Pools und Teiche basieren auf<br \/>\nKupfer. Es kann als Salz (z. B. CuSO4) oder durch Elektrolyse hinzugef\u00fcgt werden. Kupfer zerst\u00f6rt die Struktur von Algen, sowohl planktonisch als<br \/>\nauch festsitzend, wirkt also auch gegen Fadenalgen. Es t\u00f6tet auch viele Bakterien und andere Mikroorganismen im Wasser und Bio\ufb01lm (Filter),<br \/>\nWasserschnecken, Larven und emp\ufb01ndliche Fische ab. Kupfer bleibt im Wasser und reichert sich in den Sedimenten an. In L\u00e4ndern mit restriktiverer<br \/>\nGesetzgebung ist Kupfer in \u00f6\ufb00entlichen Schwimmb\u00e4dern (sowohl Natur- als auch Chemiebecken) strengstens verboten. Kupfer ist in einem<br \/>\nNaturschwimmteich\/Pool ein absolutes No-Go. H\u00f6here P\ufb02anzen sind viel widerstandsf\u00e4higer gegen Kupfer, was ihren Einsatz als dekoratives<br \/>\nElement in Hybridbecken erm\u00f6glicht und ihnen den optischen Aspekt eines biologischen Systems verleiht.<\/p>\n<p>Silber: Silber ist wie Kupfer ein Schwermetall mit t\u00f6dlicher Wirkung auf kleine Organismen. Es wird auch in Form von Elektrolysen angewendet.<br \/>\nAbsolutes No-Go in der biologischen Reinigung.<\/p>\n<p>Hydrolyse: Dies ist die Technik, die in \u201eSalzwasserbecken\u201c verwendet wird. Ein elektrisches Feld erzeugt \u201eradikale\u201c von Chloridionen aus dem im Wasser gel\u00f6sten Salz. Bei h\u00f6herer Spannung k\u00f6nnen durch Spaltung des Wassermolek\u00fcls sogar Sauersto\ufb00- und Wassersto\ufb00radikale entstehen. Die<br \/>\nRadikale sind extrem aggressiv gegen\u00fcber allen Ober\ufb02\u00e4chen und t\u00f6ten schnell kleine Lebensformen. Das Chlorid reagiert mit Sticksto\ufb00 (aus Haut, Haar, Urin, aller Biomasse), was zu krebserregenden Nebenprodukten wie Trichloramin f\u00fchrt, die sich im Schwimmbeckenwasser anreichern.<\/p>\n<p>In Hybrid-Pools ist viel mehr reaktive Biomasse und Sticksto\ufb00 vorhanden als in einem Chlor-desin\ufb01zierten Pool, was zu einer noch viel h\u00f6heren<br \/>\nProduktion dieser gef\u00e4hrlichen Nebenprodukte f\u00fchrt! Absolutes No-Go f\u00fcr die biologische Wasseraufbereitung.<\/p>\n<p>pH-Kontrolle mit Salzs\u00e4ure, wie im Salzwasserpool, um die Desinfektionswirkung zu sichern.<\/p>\n<p>Ein Hybrid-Pool ist weder eine NbS ( natur-basierte L\u00f6sung ) noch ein Schwimmteich oder Naturpool. Alle Gifte, die in einem Hybridpool verwendet werden k\u00f6nnen, sind f\u00fcr den privaten Gebrauch legal. In der Wasseraufbereitung ist das Hybridbecken einem klassischen Becken sehr \u00e4hnlich, wobei die Optik einem biologischen Schwimmteich \u00e4hneln kann. Es ist eine Alternative zu Cl-desin\ufb01ziert und NSP.<\/p>\n<p>V\u00f6llig falsch ist: einen Hybridpool als Schwimmteich\/Naturpool zu verkaufen! Das ist Greenwashing und unlauterer Wettbewerb.<\/p>\n<\/div>\n<\/div><\/div><\/div><\/div><div id=\"pgc-16956-0-2\"  class=\"panel-grid-cell panel-grid-cell-empty panel-grid-cell-mobile-last\" ><\/div><div id=\"pgc-16956-0-3\"  class=\"panel-grid-cell panel-grid-cell-empty\" ><\/div><\/div><\/div><\/div>","protected":false},"excerpt":{"rendered":"<p>Chemische Desinfektion im Hybrid-Pool (h&auml;u&#64257;g f&auml;lschlicherweise als Bio- oder Ecopool verkauft) Hybrid-Pools verwenden eine andere Form der Desinfektion, bei der resistente Wasserorganismen &uuml;berleben k&ouml;nnen. Dies erm&ouml;glicht die Verwendung von robusten Uferp&#64258;anzen, um ein nat&uuml;rliches Aussehen zu erzielen. Aber die Biologie ist nicht die Grundlage der Wasserreinigung, da die meisten Lebewesen durch die Desinfektionsmittel get&ouml;tet werden. Die P&#64258;anzen sind nur Dekoration. Diese Desinfektionstechniken werden &uuml;blicherweise in Hybridpools verwendet: UV-Licht: Teil des nat&uuml;rlichen Sonnenlichts, das lebendes Gewebe stark beein&#64258;usst. Es verursacht bei uns Sonnenbrand und den Tod von Viren, Bakterien und Algen. UV-Lampen werden in Teichen verwendet, um gr&uuml;nes, tr&uuml;bes Wasser zu&hellip;<\/p>\n","protected":false},"author":1,"featured_media":0,"parent":0,"menu_order":0,"comment_status":"closed","ping_status":"closed","template":"","meta":{"footnotes":""},"class_list":["post-16956","page","type-page","status-publish","hentry"],"yoast_head":"<!-- This site is optimized with the Yoast SEO plugin v27.5 - https:\/\/yoast.com\/product\/yoast-seo-wordpress\/ -->\n<title>(Italiano) The Biopool - about hybrid pools<\/title>\n<meta name=\"robots\" content=\"index, follow, max-snippet:-1, max-image-preview:large, max-video-preview:-1\" \/>\n<link rel=\"canonical\" href=\"https:\/\/thebiopool.com\/de\/hybrid-pool\/\" \/>\n<meta property=\"og:locale\" content=\"de_DE\" \/>\n<meta property=\"og:type\" content=\"article\" \/>\n<meta property=\"og:title\" content=\"(Italiano) The Biopool - about hybrid pools\" \/>\n<meta property=\"og:description\" content=\"Chemische Desinfektion im Hybrid-Pool (h&auml;u&#64257;g f&auml;lschlicherweise als Bio- oder Ecopool verkauft) Hybrid-Pools verwenden eine andere Form der Desinfektion, bei der resistente Wasserorganismen &uuml;berleben k&ouml;nnen. Dies erm&ouml;glicht die Verwendung von robusten Uferp&#64258;anzen, um ein nat&uuml;rliches Aussehen zu erzielen. Aber die Biologie ist nicht die Grundlage der Wasserreinigung, da die meisten Lebewesen durch die Desinfektionsmittel get&ouml;tet werden. Die P&#64258;anzen sind nur Dekoration. Diese Desinfektionstechniken werden &uuml;blicherweise in Hybridpools verwendet: UV-Licht: Teil des nat&uuml;rlichen Sonnenlichts, das lebendes Gewebe stark beein&#64258;usst. Es verursacht bei uns Sonnenbrand und den Tod von Viren, Bakterien und Algen. UV-Lampen werden in Teichen verwendet, um gr&uuml;nes, tr&uuml;bes Wasser zu&hellip;\" \/>\n<meta property=\"og:url\" content=\"https:\/\/thebiopool.com\/de\/hybrid-pool\/\" \/>\n<meta property=\"og:site_name\" content=\"Natur Pools und Schwimmteiche\" \/>\n<meta property=\"article:publisher\" content=\"https:\/\/www.facebook.com\/Naturaleza-y-Arte-Stefan-Meier-162702410430553\/\" \/>\n<meta property=\"article:modified_time\" content=\"2022-03-21T11:16:44+00:00\" \/>\n<meta name=\"twitter:card\" content=\"summary_large_image\" \/>\n<meta name=\"twitter:label1\" content=\"Gesch\u00e4tzte Lesezeit\" \/>\n\t<meta name=\"twitter:data1\" content=\"14\u00a0Minuten\" \/>\n<script type=\"application\/ld+json\" class=\"yoast-schema-graph\">{\"@context\":\"https:\\\/\\\/schema.org\",\"@graph\":[{\"@type\":\"WebPage\",\"@id\":\"https:\\\/\\\/thebiopool.com\\\/de\\\/hybrid-pool\\\/\",\"url\":\"https:\\\/\\\/thebiopool.com\\\/de\\\/hybrid-pool\\\/\",\"name\":\"(Italiano) The Biopool - about hybrid pools\",\"isPartOf\":{\"@id\":\"https:\\\/\\\/thebiopool.com\\\/de\\\/#website\"},\"datePublished\":\"2022-02-04T16:47:42+00:00\",\"dateModified\":\"2022-03-21T11:16:44+00:00\",\"breadcrumb\":{\"@id\":\"https:\\\/\\\/thebiopool.com\\\/de\\\/hybrid-pool\\\/#breadcrumb\"},\"inLanguage\":\"de\",\"potentialAction\":[{\"@type\":\"ReadAction\",\"target\":[[\"https:\\\/\\\/thebiopool.com\\\/de\\\/hybrid-pool\\\/\"]]}]},{\"@type\":\"BreadcrumbList\",\"@id\":\"https:\\\/\\\/thebiopool.com\\\/de\\\/hybrid-pool\\\/#breadcrumb\",\"itemListElement\":[{\"@type\":\"ListItem\",\"position\":1,\"name\":\"Home\",\"item\":\"https:\\\/\\\/thebiopool.com\\\/de\\\/\"},{\"@type\":\"ListItem\",\"position\":2,\"name\":\"Hybrid-Pool\"}]},{\"@type\":\"WebSite\",\"@id\":\"https:\\\/\\\/thebiopool.com\\\/de\\\/#website\",\"url\":\"https:\\\/\\\/thebiopool.com\\\/de\\\/\",\"name\":\"TheBiopool\",\"description\":\"wir planen und bauen Ihren perfecten Schwimmteich und Natur Pool\",\"publisher\":{\"@id\":\"https:\\\/\\\/thebiopool.com\\\/de\\\/#organization\"},\"potentialAction\":[{\"@type\":\"SearchAction\",\"target\":{\"@type\":\"EntryPoint\",\"urlTemplate\":\"https:\\\/\\\/thebiopool.com\\\/de\\\/?s={search_term_string}\"},\"query-input\":{\"@type\":\"PropertyValueSpecification\",\"valueRequired\":true,\"valueName\":\"search_term_string\"}}],\"inLanguage\":\"de\"},{\"@type\":\"Organization\",\"@id\":\"https:\\\/\\\/thebiopool.com\\\/de\\\/#organization\",\"name\":\"TheBiopool\",\"url\":\"https:\\\/\\\/thebiopool.com\\\/de\\\/\",\"logo\":{\"@type\":\"ImageObject\",\"inLanguage\":\"de\",\"@id\":\"https:\\\/\\\/thebiopool.com\\\/de\\\/#\\\/schema\\\/logo\\\/image\\\/\",\"url\":\"https:\\\/\\\/thebiopool.com\\\/wp-content\\\/uploads\\\/logo-schatten-website-klein.png\",\"contentUrl\":\"https:\\\/\\\/thebiopool.com\\\/wp-content\\\/uploads\\\/logo-schatten-website-klein.png\",\"width\":220,\"height\":64,\"caption\":\"TheBiopool\"},\"image\":{\"@id\":\"https:\\\/\\\/thebiopool.com\\\/de\\\/#\\\/schema\\\/logo\\\/image\\\/\"},\"sameAs\":[\"https:\\\/\\\/www.facebook.com\\\/Naturaleza-y-Arte-Stefan-Meier-162702410430553\\\/\",\"https:\\\/\\\/www.instagram.com\\\/thebiopool\\\/\"]}]}<\/script>\n<!-- \/ Yoast SEO plugin. -->","yoast_head_json":{"title":"(Italiano) The Biopool - about hybrid pools","robots":{"index":"index","follow":"follow","max-snippet":"max-snippet:-1","max-image-preview":"max-image-preview:large","max-video-preview":"max-video-preview:-1"},"canonical":"https:\/\/thebiopool.com\/de\/hybrid-pool\/","og_locale":"de_DE","og_type":"article","og_title":"(Italiano) The Biopool - about hybrid pools","og_description":"Chemische Desinfektion im Hybrid-Pool (h&auml;u&#64257;g f&auml;lschlicherweise als Bio- oder Ecopool verkauft) Hybrid-Pools verwenden eine andere Form der Desinfektion, bei der resistente Wasserorganismen &uuml;berleben k&ouml;nnen. Dies erm&ouml;glicht die Verwendung von robusten Uferp&#64258;anzen, um ein nat&uuml;rliches Aussehen zu erzielen. Aber die Biologie ist nicht die Grundlage der Wasserreinigung, da die meisten Lebewesen durch die Desinfektionsmittel get&ouml;tet werden. Die P&#64258;anzen sind nur Dekoration. Diese Desinfektionstechniken werden &uuml;blicherweise in Hybridpools verwendet: UV-Licht: Teil des nat&uuml;rlichen Sonnenlichts, das lebendes Gewebe stark beein&#64258;usst. Es verursacht bei uns Sonnenbrand und den Tod von Viren, Bakterien und Algen. UV-Lampen werden in Teichen verwendet, um gr&uuml;nes, tr&uuml;bes Wasser zu&hellip;","og_url":"https:\/\/thebiopool.com\/de\/hybrid-pool\/","og_site_name":"Natur Pools und Schwimmteiche","article_publisher":"https:\/\/www.facebook.com\/Naturaleza-y-Arte-Stefan-Meier-162702410430553\/","article_modified_time":"2022-03-21T11:16:44+00:00","twitter_card":"summary_large_image","twitter_misc":{"Gesch\u00e4tzte Lesezeit":"14\u00a0Minuten"},"schema":{"@context":"https:\/\/schema.org","@graph":[{"@type":"WebPage","@id":"https:\/\/thebiopool.com\/de\/hybrid-pool\/","url":"https:\/\/thebiopool.com\/de\/hybrid-pool\/","name":"(Italiano) The Biopool - about hybrid pools","isPartOf":{"@id":"https:\/\/thebiopool.com\/de\/#website"},"datePublished":"2022-02-04T16:47:42+00:00","dateModified":"2022-03-21T11:16:44+00:00","breadcrumb":{"@id":"https:\/\/thebiopool.com\/de\/hybrid-pool\/#breadcrumb"},"inLanguage":"de","potentialAction":[{"@type":"ReadAction","target":[["https:\/\/thebiopool.com\/de\/hybrid-pool\/"]]}]},{"@type":"BreadcrumbList","@id":"https:\/\/thebiopool.com\/de\/hybrid-pool\/#breadcrumb","itemListElement":[{"@type":"ListItem","position":1,"name":"Home","item":"https:\/\/thebiopool.com\/de\/"},{"@type":"ListItem","position":2,"name":"Hybrid-Pool"}]},{"@type":"WebSite","@id":"https:\/\/thebiopool.com\/de\/#website","url":"https:\/\/thebiopool.com\/de\/","name":"TheBiopool","description":"wir planen und bauen Ihren perfecten Schwimmteich und Natur Pool","publisher":{"@id":"https:\/\/thebiopool.com\/de\/#organization"},"potentialAction":[{"@type":"SearchAction","target":{"@type":"EntryPoint","urlTemplate":"https:\/\/thebiopool.com\/de\/?s={search_term_string}"},"query-input":{"@type":"PropertyValueSpecification","valueRequired":true,"valueName":"search_term_string"}}],"inLanguage":"de"},{"@type":"Organization","@id":"https:\/\/thebiopool.com\/de\/#organization","name":"TheBiopool","url":"https:\/\/thebiopool.com\/de\/","logo":{"@type":"ImageObject","inLanguage":"de","@id":"https:\/\/thebiopool.com\/de\/#\/schema\/logo\/image\/","url":"https:\/\/thebiopool.com\/wp-content\/uploads\/logo-schatten-website-klein.png","contentUrl":"https:\/\/thebiopool.com\/wp-content\/uploads\/logo-schatten-website-klein.png","width":220,"height":64,"caption":"TheBiopool"},"image":{"@id":"https:\/\/thebiopool.com\/de\/#\/schema\/logo\/image\/"},"sameAs":["https:\/\/www.facebook.com\/Naturaleza-y-Arte-Stefan-Meier-162702410430553\/","https:\/\/www.instagram.com\/thebiopool\/"]}]}},"_links":{"self":[{"href":"https:\/\/thebiopool.com\/de\/wp-json\/wp\/v2\/pages\/16956","targetHints":{"allow":["GET"]}}],"collection":[{"href":"https:\/\/thebiopool.com\/de\/wp-json\/wp\/v2\/pages"}],"about":[{"href":"https:\/\/thebiopool.com\/de\/wp-json\/wp\/v2\/types\/page"}],"author":[{"embeddable":true,"href":"https:\/\/thebiopool.com\/de\/wp-json\/wp\/v2\/users\/1"}],"replies":[{"embeddable":true,"href":"https:\/\/thebiopool.com\/de\/wp-json\/wp\/v2\/comments?post=16956"}],"version-history":[{"count":0,"href":"https:\/\/thebiopool.com\/de\/wp-json\/wp\/v2\/pages\/16956\/revisions"}],"wp:attachment":[{"href":"https:\/\/thebiopool.com\/de\/wp-json\/wp\/v2\/media?parent=16956"}],"curies":[{"name":"wp","href":"https:\/\/api.w.org\/{rel}","templated":true}]}}