{"id":17354,"date":"2022-07-07T11:10:04","date_gmt":"2022-07-07T09:10:04","guid":{"rendered":"https:\/\/thebiopool.com\/?page_id=17354"},"modified":"2022-07-07T11:26:23","modified_gmt":"2022-07-07T09:26:23","slug":"biological-swimming-pond-can-pep-sir","status":"publish","type":"page","link":"https:\/\/thebiopool.com\/de\/biological-swimming-pond-can-pep-sir\/","title":{"rendered":"Schwimmteich Can Pep Sir<br>Ibiza"},"content":{"rendered":"<div id=\"pl-17354\"  class=\"panel-layout\" ><div id=\"pg-17354-0\"  class=\"panel-grid panel-no-style\" ><div id=\"pgc-17354-0-0\"  class=\"panel-grid-cell\" ><div id=\"panel-17354-0-0-0\" class=\"so-panel widget widget_sow-editor panel-first-child\" data-index=\"0\" ><div class=\"panel-widget-style panel-widget-style-for-17354-0-0-0\" ><div\n\t\t\t\n\t\t\tclass=\"so-widget-sow-editor so-widget-sow-editor-base\"\n\t\t\t\n\t\t>\n<div class=\"siteorigin-widget-tinymce textwidget\">\n\t<style type=\"text\/css\">\n#foogallery-gallery-17355 .fg-image { width: 200px; }\n#foogallery-gallery-17355 { --fg-gutter: 10px; }<\/style>\n\t\t\t<style type=\"text\/css\">\n#foogallery-gallery-17355_1 .fg-image { width: 200px; }\n#foogallery-gallery-17355_1 { --fg-gutter: 10px; }<\/style>\n\t\t\t<div class=\"foogallery foogallery-container foogallery-default foogallery-lightbox-foobox fg-center fg-default fg-ready fg-light fg-border-thin fg-shadow-outline fg-loading-default fg-loaded-fade-in fg-caption-hover fg-hover-fade fg-hover-zoom\" id=\"foogallery-gallery-17355_1\" data-foogallery=\"{&quot;item&quot;:{&quot;showCaptionTitle&quot;:true,&quot;showCaptionDescription&quot;:true},&quot;lazy&quot;:true}\" style=\"--fg-title-line-clamp: 0; --fg-description-line-clamp: 0;\" >\n\t<div class=\"fg-item fg-type-image fg-idle\"><figure class=\"fg-item-inner\"><a href=\"https:\/\/thebiopool.com\/wp-content\/uploads\/can-pep-sir_main.jpg\" target=\"_blank\" data-caption-desc=\"Can Pep Sir\" data-attachment-id=\"17356\" data-type=\"image\" class=\"fg-thumb\"><span class=\"fg-image-wrap\"><img decoding=\"async\" alt=\"Can Pep Sir by theBIOPOOL\" width=\"200\" height=\"200\" class=\"skip-lazy fg-image\" data-src-fg=\"https:\/\/thebiopool.com\/wp-content\/uploads\/cache\/can-pep-sir_main\/1196728676.jpg\" data-srcset-fg=\"https:\/\/thebiopool.com\/wp-content\/uploads\/cache\/can-pep-sir_main\/1059102215.jpg 2x\" src=\"data:image\/svg+xml,%3Csvg%20xmlns%3D%22http%3A%2F%2Fwww.w3.org%2F2000%2Fsvg%22%20width%3D%22200%22%20height%3D%22200%22%20viewBox%3D%220%200%20200%20200%22%3E%3C%2Fsvg%3E\" loading=\"eager\"><\/span><span class=\"fg-image-overlay\"><\/span><\/a><figcaption class=\"fg-caption\"><div class=\"fg-caption-inner\"><div class=\"fg-caption-desc\">Can Pep Sir<\/div><\/div><\/figcaption><\/figure><div class=\"fg-loader\"><\/div><\/div><div class=\"fg-item fg-type-image fg-idle\"><figure class=\"fg-item-inner\"><a href=\"https:\/\/thebiopool.com\/wp-content\/uploads\/can-pep-sir_1.jpg\" data-attachment-id=\"17357\" data-type=\"image\" class=\"fg-thumb\"><span class=\"fg-image-wrap\"><img decoding=\"async\" width=\"200\" height=\"200\" class=\"skip-lazy fg-image\" data-src-fg=\"https:\/\/thebiopool.com\/wp-content\/uploads\/cache\/can-pep-sir_1\/2516541320.jpg\" data-srcset-fg=\"https:\/\/thebiopool.com\/wp-content\/uploads\/cache\/can-pep-sir_1\/1259367026.jpg 2x\" src=\"data:image\/svg+xml,%3Csvg%20xmlns%3D%22http%3A%2F%2Fwww.w3.org%2F2000%2Fsvg%22%20width%3D%22200%22%20height%3D%22200%22%20viewBox%3D%220%200%20200%20200%22%3E%3C%2Fsvg%3E\" loading=\"eager\"><\/span><span class=\"fg-image-overlay\"><\/span><\/a><\/figure><div class=\"fg-loader\"><\/div><\/div><div class=\"fg-item fg-type-image fg-idle\"><figure class=\"fg-item-inner\"><a href=\"https:\/\/thebiopool.com\/wp-content\/uploads\/Can-Pep-Sir-2-by-theBIOPOOL_web.jpg\" data-attachment-id=\"17358\" data-type=\"image\" class=\"fg-thumb\"><span class=\"fg-image-wrap\"><img decoding=\"async\" width=\"200\" height=\"200\" class=\"skip-lazy fg-image\" data-src-fg=\"https:\/\/thebiopool.com\/wp-content\/uploads\/cache\/Can-Pep-Sir-2-by-theBIOPOOL_web\/1908132664.jpg\" data-srcset-fg=\"https:\/\/thebiopool.com\/wp-content\/uploads\/cache\/Can-Pep-Sir-2-by-theBIOPOOL_web\/3928556470.jpg 2x\" src=\"data:image\/svg+xml,%3Csvg%20xmlns%3D%22http%3A%2F%2Fwww.w3.org%2F2000%2Fsvg%22%20width%3D%22200%22%20height%3D%22200%22%20viewBox%3D%220%200%20200%20200%22%3E%3C%2Fsvg%3E\" loading=\"eager\"><\/span><span class=\"fg-image-overlay\"><\/span><\/a><\/figure><div class=\"fg-loader\"><\/div><\/div><div class=\"fg-item fg-type-image fg-idle\"><figure class=\"fg-item-inner\"><a href=\"https:\/\/thebiopool.com\/wp-content\/uploads\/Can-Pep-Sir-by-theBIOPOOL_web.jpg\" data-attachment-id=\"17359\" data-type=\"image\" class=\"fg-thumb\"><span class=\"fg-image-wrap\"><img decoding=\"async\" width=\"200\" height=\"200\" class=\"skip-lazy fg-image\" data-src-fg=\"https:\/\/thebiopool.com\/wp-content\/uploads\/cache\/Can-Pep-Sir-by-theBIOPOOL_web\/2491312023.jpg\" data-srcset-fg=\"https:\/\/thebiopool.com\/wp-content\/uploads\/cache\/Can-Pep-Sir-by-theBIOPOOL_web\/3936328815.jpg 2x\" src=\"data:image\/svg+xml,%3Csvg%20xmlns%3D%22http%3A%2F%2Fwww.w3.org%2F2000%2Fsvg%22%20width%3D%22200%22%20height%3D%22200%22%20viewBox%3D%220%200%20200%20200%22%3E%3C%2Fsvg%3E\" loading=\"eager\"><\/span><span class=\"fg-image-overlay\"><\/span><\/a><\/figure><div class=\"fg-loader\"><\/div><\/div><div class=\"fg-item fg-type-image fg-idle\"><figure class=\"fg-item-inner\"><a href=\"https:\/\/thebiopool.com\/wp-content\/uploads\/Eagles-nest-by-theBIOPOOL_4.jpg\" data-caption-desc=\"Eagle&#039;s nest by theBIOPOOL_4\" data-attachment-id=\"17486\" data-type=\"image\" class=\"fg-thumb\"><span class=\"fg-image-wrap\"><img decoding=\"async\" alt=\"Eagle&#039;s nest by theBIOPOOL_4\" width=\"200\" height=\"200\" class=\"skip-lazy fg-image\" data-src-fg=\"https:\/\/thebiopool.com\/wp-content\/uploads\/cache\/Eagles-nest-by-theBIOPOOL_4\/3875571652.jpg\" data-srcset-fg=\"https:\/\/thebiopool.com\/wp-content\/uploads\/cache\/Eagles-nest-by-theBIOPOOL_4\/1697953460.jpg 2x,https:\/\/thebiopool.com\/wp-content\/uploads\/cache\/Eagles-nest-by-theBIOPOOL_4\/3123565077.jpg 4x\" src=\"data:image\/svg+xml,%3Csvg%20xmlns%3D%22http%3A%2F%2Fwww.w3.org%2F2000%2Fsvg%22%20width%3D%22200%22%20height%3D%22200%22%20viewBox%3D%220%200%20200%20200%22%3E%3C%2Fsvg%3E\" loading=\"eager\"><\/span><span class=\"fg-image-overlay\"><\/span><\/a><figcaption class=\"fg-caption\"><div class=\"fg-caption-inner\"><div class=\"fg-caption-desc\">Eagle's nest by theBIOPOOL_4<\/div><\/div><\/figcaption><\/figure><div class=\"fg-loader\"><\/div><\/div><div class=\"fg-item fg-type-image fg-idle\"><figure class=\"fg-item-inner\"><a href=\"https:\/\/thebiopool.com\/wp-content\/uploads\/Can-Pep-Sir-1.jpg\" data-caption-desc=\"Can Pep Sir, Ibiza by theBiopool.com\" data-attachment-id=\"17490\" data-type=\"image\" class=\"fg-thumb\"><span class=\"fg-image-wrap\"><img decoding=\"async\" alt=\"Can Pep Sir, Ibiza by theBiopool.com\" width=\"200\" height=\"200\" class=\"skip-lazy fg-image\" data-src-fg=\"https:\/\/thebiopool.com\/wp-content\/uploads\/cache\/Can-Pep-Sir-1\/474163201.jpg\" src=\"data:image\/svg+xml,%3Csvg%20xmlns%3D%22http%3A%2F%2Fwww.w3.org%2F2000%2Fsvg%22%20width%3D%22200%22%20height%3D%22200%22%20viewBox%3D%220%200%20200%20200%22%3E%3C%2Fsvg%3E\" loading=\"eager\"><\/span><span class=\"fg-image-overlay\"><\/span><\/a><figcaption class=\"fg-caption\"><div class=\"fg-caption-inner\"><div class=\"fg-caption-desc\">Can Pep Sir, Ibiza by theBiopool.com<\/div><\/div><\/figcaption><\/figure><div class=\"fg-loader\"><\/div><\/div><div class=\"fg-item fg-type-image fg-idle\"><figure class=\"fg-item-inner\"><a href=\"https:\/\/thebiopool.com\/wp-content\/uploads\/Can-Pep-Sir4.jpg\" data-caption-desc=\"Can Pep Sir, Ibiza by theBiopool.com\" data-attachment-id=\"17493\" data-type=\"image\" class=\"fg-thumb\"><span class=\"fg-image-wrap\"><img decoding=\"async\" alt=\"Can Pep Sir, Ibiza by theBiopool.com\" width=\"200\" height=\"200\" class=\"skip-lazy fg-image\" data-src-fg=\"https:\/\/thebiopool.com\/wp-content\/uploads\/cache\/Can-Pep-Sir4\/1003663063.jpg\" src=\"data:image\/svg+xml,%3Csvg%20xmlns%3D%22http%3A%2F%2Fwww.w3.org%2F2000%2Fsvg%22%20width%3D%22200%22%20height%3D%22200%22%20viewBox%3D%220%200%20200%20200%22%3E%3C%2Fsvg%3E\" loading=\"eager\"><\/span><span class=\"fg-image-overlay\"><\/span><\/a><figcaption class=\"fg-caption\"><div class=\"fg-caption-inner\"><div class=\"fg-caption-desc\">Can Pep Sir, Ibiza by theBiopool.com<\/div><\/div><\/figcaption><\/figure><div class=\"fg-loader\"><\/div><\/div><div class=\"fg-item fg-type-image fg-idle\"><figure class=\"fg-item-inner\"><a href=\"https:\/\/thebiopool.com\/wp-content\/uploads\/Can-Pep-Sir5.jpg\" data-caption-desc=\"Can Pep Sir, Ibiza by theBiopool.com\" data-attachment-id=\"17494\" data-type=\"image\" class=\"fg-thumb\"><span class=\"fg-image-wrap\"><img decoding=\"async\" alt=\"Can Pep Sir, Ibiza by theBiopool.com\" width=\"200\" height=\"200\" class=\"skip-lazy fg-image\" data-src-fg=\"https:\/\/thebiopool.com\/wp-content\/uploads\/cache\/Can-Pep-Sir5\/1398014737.jpg\" src=\"data:image\/svg+xml,%3Csvg%20xmlns%3D%22http%3A%2F%2Fwww.w3.org%2F2000%2Fsvg%22%20width%3D%22200%22%20height%3D%22200%22%20viewBox%3D%220%200%20200%20200%22%3E%3C%2Fsvg%3E\" loading=\"eager\"><\/span><span class=\"fg-image-overlay\"><\/span><\/a><figcaption class=\"fg-caption\"><div class=\"fg-caption-inner\"><div class=\"fg-caption-desc\">Can Pep Sir, Ibiza by theBiopool.com<\/div><\/div><\/figcaption><\/figure><div class=\"fg-loader\"><\/div><\/div><\/div>\n\n<\/div>\n<\/div><\/div><\/div><div id=\"panel-17354-0-0-1\" class=\"so-panel widget widget_sow-accordion panel-last-child\" data-index=\"1\" ><div class=\"panel-widget-style panel-widget-style-for-17354-0-0-1\" ><div\n\t\t\t\n\t\t\tclass=\"so-widget-sow-accordion so-widget-sow-accordion-default-f9bf075f3502-17354\"\n\t\t\t\n\t\t><div>\n\t<div class=\"sow-accordion\">\n\t\t\t<div class=\"sow-accordion-panel\n\t\t\t\t\t\"\n\t\t\t\tdata-anchor-id=\"durchaus-mit-stolz-will-ich-diesen-teich-vorstellen-den-wir-diesen-winter-in-zusammenarbeit-mit-der-firma-bioconstruccion-ibiza-fuer-rebecca-frayn-und-andrew-harris-realisiert-haben-er-ist-teil-eine\">\n\t\t\t\t\t<div class=\"sow-accordion-panel-header-container\" role=\"heading\" aria-level=\"2\">\n\t\t\t\t\t<div class=\"sow-accordion-panel-header\" tabindex=\"0\" role=\"button\" id=\"accordion-label-durchaus-mit-stolz-will-ich-diesen-teich-vorstellen-den-wir-diesen-winter-in-zusammenarbeit-mit-der-firma-bioconstruccion-ibiza-f%c3%bcr-rebecca-frayn-und-andrew-harris-realisiert-haben-er-ist-teil\" aria-controls=\"accordion-content-durchaus-mit-stolz-will-ich-diesen-teich-vorstellen-den-wir-diesen-winter-in-zusammenarbeit-mit-der-firma-bioconstruccion-ibiza-f%c3%bcr-rebecca-frayn-und-andrew-harris-realisiert-haben-er-ist-teil\" aria-expanded=\"false\">\n\t\t\t\t\t\t<div class=\"sow-accordion-title sow-accordion-title-icon-left\">\n\t\t\t\t\t\t\t\t\t\t\t\t\t\tDurchaus mit Stolz will ich diesen Teich vorstellen, den wir diesen Winter in Zusammenarbeit mit der Firma Bioconstruccion Ibiza f\u00fcr Rebecca Frayn und Andrew Harris realisiert haben. Er ist Teil einer grossen Eco-Farm im Norden Ibizas. Die Finca verf\u00fcgt \u00fcber 30 ha Grund, 25 Bienenst\u00f6cken, Gem\u00fcsegarten in Permakultur sowie Obstbaum-Plantagen mit traditionellen Sorten und minimalen Wasserbedarf. Auch Steineichen wurden gepflanzt. H\u00fchner, Enten sowie Schafe werden zur regenerativen Beweidung, somit Bodenverbesserung und Kohlenstoffbindung, eingesetzt.   Der Garten um die 500 Jahre alte, liebevoll restaurierte Finca wurde vom international anerkannten Landschaftsplaner Tom Stuart-Smith mit d\u00fcrreresistenten mediterranen Pflanzen gestaltet, die fast g\u00e4nzlich ohne Bew\u00e4sserung auskommen. <h5 Align=\"right\" style=\"color:red\">click for more<\/h5>\t\t\t\t\t\t\t\t\t\t\t\t\t<\/div>\n\t\t\t\t\t\t<div class=\"sow-accordion-open-close-button\">\n\t\t\t\t\t\t\t<div class=\"sow-accordion-open-button\">\n\t\t\t\t\t\t\t\t<span class=\"sow-icon-ionicons\" data-sow-icon=\"&#xf218;\"\n\t\t \n\t\taria-hidden=\"true\"><\/span>\t\t\t\t\t\t\t<\/div>\n\t\t\t\t\t\t\t<div class=\"sow-accordion-close-button\">\n\t\t\t\t\t\t\t\t<span class=\"sow-icon-ionicons\" data-sow-icon=\"&#xf209;\"\n\t\t \n\t\taria-hidden=\"true\"><\/span>\t\t\t\t\t\t\t<\/div>\n\t\t\t\t\t\t<\/div>\n\t\t\t\t\t<\/div>\n\t\t\t\t<\/div>\n\n\t\t\t<div\n\t\t\t\tclass=\"sow-accordion-panel-content\"\n\t\t\t\trole=\"region\"\n\t\t\t\taria-labelledby=\"accordion-label-durchaus-mit-stolz-will-ich-diesen-teich-vorstellen-den-wir-diesen-winter-in-zusammenarbeit-mit-der-firma-bioconstruccion-ibiza-f%c3%bcr-rebecca-frayn-und-andrew-harris-realisiert-haben-er-ist-teil\"\n\t\t\t\tid=\"accordion-content-durchaus-mit-stolz-will-ich-diesen-teich-vorstellen-den-wir-diesen-winter-in-zusammenarbeit-mit-der-firma-bioconstruccion-ibiza-f%c3%bcr-rebecca-frayn-und-andrew-harris-realisiert-haben-er-ist-teil\"\n\t\t\t\tstyle=\"display: none;\"\t\t\t>\n\t\t\t\t<div class=\"sow-accordion-panel-border\">\n\t\t\t\t\t\u201cDas Gesamtkonzept besteht darin, ein Fallstudienprojekt f\u00fcr einen regenerativen Ansatz zu schaffen, der in seiner Ausf\u00fchrung und Sch\u00f6nheit so verf\u00fchrerisch ist, dass er dazu beitr\u00e4gt, die umfassenderen Systemver\u00e4nderungen zu inspirieren, die jetzt so dringend ben\u00f6tigt werden. Zu diesem Zweck wird die Farm vollst\u00e4ndig mit Solarenergie betrieben und nutzt sinnvoll das Wasser, das aus einer alten Quelle auf dem Land stammt. Mit der Zeit wird die Farm eine Vielzahl von Veranstaltungen, Retreats und Workshops veranstalten, die versuchen werden, das Bewusstsein f\u00fcr die dringende Bedeutung der \u00f6kologischen Wiederherstellung auf globaler Ebene zu verbreiten\u201d erkl\u00e4rt Rebecca Frayn ihr Anliegen.\n\n\nIn diesem Artikel wird das Projekt erw\u00e4hnt: Ibiza reborn \u2013 in search of the Balearics\u2019 bohemian past\n\n<a href=\"https:\/\/on.ft.com\/3M6x3yb\">https:\/\/on.ft.com\/3M6x3yb<\/a>\n\nEin spezielles Anliegen bei der Gestaltung des Schwimmteiches war die m\u00f6glichst nat\u00fcrliche Integration in die Landschaft, mit dem Aspekt eines mit Wasser gef\u00fcllter Steinbruchs. Ausserdem soll er als Trinkwasserquelle f\u00fcr Bienen und V\u00f6gel sowie als Lebensraum bedrohter Tier und Pflanzenarten dienen und die Artenvielfalt erh\u00f6hen. Zusammen mit einem weiteren kleinem Wasserbiotop, das wir in der N\u00e4he angelegt haben, wurde er in die Liste der potentiellen Gew\u00e4sser zur Wiedereinb\u00fcrgerung der balearischen Wechselkr\u00f6te aufgenommen.\n\n\nIm M\u00e4rz dieses Jahres wurde das Wasser eingelassen und bepflanzt, der optimalen Pflanzzeit f\u00fcr Wasserpflanzen. Bereits jetzt, nach nur 3 Monaten, ist eine solide Unterwasser- und Teichrandvegetation gewachsen.\t\t\t\t<\/div>\n\t\t\t<\/div>\n\t\t<\/div>\n\t\t<\/div>\n<\/div>\n<\/div><\/div><\/div><\/div><\/div><\/div>","protected":false},"excerpt":{"rendered":"<p>Can Pep SirEagle&#8217;s nest by theBIOPOOL_4Can Pep Sir, Ibiza by theBiopool.comCan Pep Sir, Ibiza by theBiopool.comCan Pep Sir, Ibiza by theBiopool.com Durchaus mit Stolz will ich diesen Teich vorstellen, den wir diesen Winter in Zusammenarbeit mit der Firma Bioconstruccion Ibiza f&uuml;r Rebecca Frayn und Andrew Harris realisiert haben. Er ist Teil einer grossen Eco-Farm im Norden Ibizas. Die Finca verf&uuml;gt &uuml;ber 30 ha Grund, 25 Bienenst&ouml;cken, Gem&uuml;segarten in Permakultur sowie Obstbaum-Plantagen mit traditionellen Sorten und minimalen Wasserbedarf. Auch Steineichen wurden gepflanzt. H&uuml;hner, Enten sowie Schafe werden zur regenerativen Beweidung, somit Bodenverbesserung und Kohlenstoffbindung, eingesetzt. Der Garten um die 500 Jahre&hellip;<\/p>\n","protected":false},"author":1,"featured_media":0,"parent":0,"menu_order":0,"comment_status":"closed","ping_status":"closed","template":"","meta":{"footnotes":""},"class_list":["post-17354","page","type-page","status-publish","hentry"],"yoast_head":"<!-- This site is optimized with the Yoast SEO plugin v27.5 - https:\/\/yoast.com\/product\/yoast-seo-wordpress\/ -->\n<title>Schwimmteich Can Pep SirIbiza<\/title>\n<meta name=\"robots\" content=\"index, follow, max-snippet:-1, max-image-preview:large, max-video-preview:-1\" \/>\n<link rel=\"canonical\" href=\"https:\/\/thebiopool.com\/de\/biological-swimming-pond-can-pep-sir\/\" \/>\n<meta property=\"og:locale\" content=\"de_DE\" \/>\n<meta property=\"og:type\" content=\"article\" \/>\n<meta property=\"og:title\" content=\"Schwimmteich Can Pep SirIbiza\" \/>\n<meta property=\"og:description\" content=\"Can Pep SirEagle&#039;s nest by theBIOPOOL_4Can Pep Sir, Ibiza by theBiopool.comCan Pep Sir, Ibiza by theBiopool.comCan Pep Sir, Ibiza by theBiopool.com Durchaus mit Stolz will ich diesen Teich vorstellen, den wir diesen Winter in Zusammenarbeit mit der Firma Bioconstruccion Ibiza f&uuml;r Rebecca Frayn und Andrew Harris realisiert haben. Er ist Teil einer grossen Eco-Farm im Norden Ibizas. Die Finca verf&uuml;gt &uuml;ber 30 ha Grund, 25 Bienenst&ouml;cken, Gem&uuml;segarten in Permakultur sowie Obstbaum-Plantagen mit traditionellen Sorten und minimalen Wasserbedarf. Auch Steineichen wurden gepflanzt. H&uuml;hner, Enten sowie Schafe werden zur regenerativen Beweidung, somit Bodenverbesserung und Kohlenstoffbindung, eingesetzt. Der Garten um die 500 Jahre&hellip;\" \/>\n<meta property=\"og:url\" content=\"https:\/\/thebiopool.com\/de\/biological-swimming-pond-can-pep-sir\/\" \/>\n<meta property=\"og:site_name\" content=\"Natur Pools und Schwimmteiche\" \/>\n<meta property=\"article:publisher\" content=\"https:\/\/www.facebook.com\/Naturaleza-y-Arte-Stefan-Meier-162702410430553\/\" \/>\n<meta property=\"article:modified_time\" content=\"2022-07-07T09:26:23+00:00\" \/>\n<meta name=\"twitter:card\" content=\"summary_large_image\" \/>\n<meta name=\"twitter:label1\" content=\"Gesch\u00e4tzte Lesezeit\" \/>\n\t<meta name=\"twitter:data1\" content=\"3\u00a0Minuten\" \/>\n<script type=\"application\/ld+json\" class=\"yoast-schema-graph\">{\"@context\":\"https:\\\/\\\/schema.org\",\"@graph\":[{\"@type\":\"WebPage\",\"@id\":\"https:\\\/\\\/thebiopool.com\\\/de\\\/biological-swimming-pond-can-pep-sir\\\/\",\"url\":\"https:\\\/\\\/thebiopool.com\\\/de\\\/biological-swimming-pond-can-pep-sir\\\/\",\"name\":\"Schwimmteich Can Pep Sir Ibiza\",\"isPartOf\":{\"@id\":\"https:\\\/\\\/thebiopool.com\\\/de\\\/#website\"},\"datePublished\":\"2022-07-07T09:10:04+00:00\",\"dateModified\":\"2022-07-07T09:26:23+00:00\",\"breadcrumb\":{\"@id\":\"https:\\\/\\\/thebiopool.com\\\/de\\\/biological-swimming-pond-can-pep-sir\\\/#breadcrumb\"},\"inLanguage\":\"de\",\"potentialAction\":[{\"@type\":\"ReadAction\",\"target\":[[\"https:\\\/\\\/thebiopool.com\\\/de\\\/biological-swimming-pond-can-pep-sir\\\/\"]]}]},{\"@type\":\"BreadcrumbList\",\"@id\":\"https:\\\/\\\/thebiopool.com\\\/de\\\/biological-swimming-pond-can-pep-sir\\\/#breadcrumb\",\"itemListElement\":[{\"@type\":\"ListItem\",\"position\":1,\"name\":\"Home\",\"item\":\"https:\\\/\\\/thebiopool.com\\\/de\\\/\"},{\"@type\":\"ListItem\",\"position\":2,\"name\":\"Biological Swimming Pond Can Pep SirIbiza\"}]},{\"@type\":\"WebSite\",\"@id\":\"https:\\\/\\\/thebiopool.com\\\/de\\\/#website\",\"url\":\"https:\\\/\\\/thebiopool.com\\\/de\\\/\",\"name\":\"TheBiopool\",\"description\":\"wir planen und bauen Ihren perfecten Schwimmteich und Natur Pool\",\"publisher\":{\"@id\":\"https:\\\/\\\/thebiopool.com\\\/de\\\/#organization\"},\"potentialAction\":[{\"@type\":\"SearchAction\",\"target\":{\"@type\":\"EntryPoint\",\"urlTemplate\":\"https:\\\/\\\/thebiopool.com\\\/de\\\/?s={search_term_string}\"},\"query-input\":{\"@type\":\"PropertyValueSpecification\",\"valueRequired\":true,\"valueName\":\"search_term_string\"}}],\"inLanguage\":\"de\"},{\"@type\":\"Organization\",\"@id\":\"https:\\\/\\\/thebiopool.com\\\/de\\\/#organization\",\"name\":\"TheBiopool\",\"url\":\"https:\\\/\\\/thebiopool.com\\\/de\\\/\",\"logo\":{\"@type\":\"ImageObject\",\"inLanguage\":\"de\",\"@id\":\"https:\\\/\\\/thebiopool.com\\\/de\\\/#\\\/schema\\\/logo\\\/image\\\/\",\"url\":\"https:\\\/\\\/thebiopool.com\\\/wp-content\\\/uploads\\\/logo-schatten-website-klein.png\",\"contentUrl\":\"https:\\\/\\\/thebiopool.com\\\/wp-content\\\/uploads\\\/logo-schatten-website-klein.png\",\"width\":220,\"height\":64,\"caption\":\"TheBiopool\"},\"image\":{\"@id\":\"https:\\\/\\\/thebiopool.com\\\/de\\\/#\\\/schema\\\/logo\\\/image\\\/\"},\"sameAs\":[\"https:\\\/\\\/www.facebook.com\\\/Naturaleza-y-Arte-Stefan-Meier-162702410430553\\\/\",\"https:\\\/\\\/www.instagram.com\\\/thebiopool\\\/\"]}]}<\/script>\n<!-- \/ Yoast SEO plugin. -->","yoast_head_json":{"title":"Schwimmteich Can Pep SirIbiza","robots":{"index":"index","follow":"follow","max-snippet":"max-snippet:-1","max-image-preview":"max-image-preview:large","max-video-preview":"max-video-preview:-1"},"canonical":"https:\/\/thebiopool.com\/de\/biological-swimming-pond-can-pep-sir\/","og_locale":"de_DE","og_type":"article","og_title":"Schwimmteich Can Pep SirIbiza","og_description":"Can Pep SirEagle's nest by theBIOPOOL_4Can Pep Sir, Ibiza by theBiopool.comCan Pep Sir, Ibiza by theBiopool.comCan Pep Sir, Ibiza by theBiopool.com Durchaus mit Stolz will ich diesen Teich vorstellen, den wir diesen Winter in Zusammenarbeit mit der Firma Bioconstruccion Ibiza f&uuml;r Rebecca Frayn und Andrew Harris realisiert haben. Er ist Teil einer grossen Eco-Farm im Norden Ibizas. Die Finca verf&uuml;gt &uuml;ber 30 ha Grund, 25 Bienenst&ouml;cken, Gem&uuml;segarten in Permakultur sowie Obstbaum-Plantagen mit traditionellen Sorten und minimalen Wasserbedarf. Auch Steineichen wurden gepflanzt. H&uuml;hner, Enten sowie Schafe werden zur regenerativen Beweidung, somit Bodenverbesserung und Kohlenstoffbindung, eingesetzt. Der Garten um die 500 Jahre&hellip;","og_url":"https:\/\/thebiopool.com\/de\/biological-swimming-pond-can-pep-sir\/","og_site_name":"Natur Pools und Schwimmteiche","article_publisher":"https:\/\/www.facebook.com\/Naturaleza-y-Arte-Stefan-Meier-162702410430553\/","article_modified_time":"2022-07-07T09:26:23+00:00","twitter_card":"summary_large_image","twitter_misc":{"Gesch\u00e4tzte Lesezeit":"3\u00a0Minuten"},"schema":{"@context":"https:\/\/schema.org","@graph":[{"@type":"WebPage","@id":"https:\/\/thebiopool.com\/de\/biological-swimming-pond-can-pep-sir\/","url":"https:\/\/thebiopool.com\/de\/biological-swimming-pond-can-pep-sir\/","name":"Schwimmteich Can Pep Sir Ibiza","isPartOf":{"@id":"https:\/\/thebiopool.com\/de\/#website"},"datePublished":"2022-07-07T09:10:04+00:00","dateModified":"2022-07-07T09:26:23+00:00","breadcrumb":{"@id":"https:\/\/thebiopool.com\/de\/biological-swimming-pond-can-pep-sir\/#breadcrumb"},"inLanguage":"de","potentialAction":[{"@type":"ReadAction","target":[["https:\/\/thebiopool.com\/de\/biological-swimming-pond-can-pep-sir\/"]]}]},{"@type":"BreadcrumbList","@id":"https:\/\/thebiopool.com\/de\/biological-swimming-pond-can-pep-sir\/#breadcrumb","itemListElement":[{"@type":"ListItem","position":1,"name":"Home","item":"https:\/\/thebiopool.com\/de\/"},{"@type":"ListItem","position":2,"name":"Biological Swimming Pond Can Pep SirIbiza"}]},{"@type":"WebSite","@id":"https:\/\/thebiopool.com\/de\/#website","url":"https:\/\/thebiopool.com\/de\/","name":"TheBiopool","description":"wir planen und bauen Ihren perfecten Schwimmteich und Natur Pool","publisher":{"@id":"https:\/\/thebiopool.com\/de\/#organization"},"potentialAction":[{"@type":"SearchAction","target":{"@type":"EntryPoint","urlTemplate":"https:\/\/thebiopool.com\/de\/?s={search_term_string}"},"query-input":{"@type":"PropertyValueSpecification","valueRequired":true,"valueName":"search_term_string"}}],"inLanguage":"de"},{"@type":"Organization","@id":"https:\/\/thebiopool.com\/de\/#organization","name":"TheBiopool","url":"https:\/\/thebiopool.com\/de\/","logo":{"@type":"ImageObject","inLanguage":"de","@id":"https:\/\/thebiopool.com\/de\/#\/schema\/logo\/image\/","url":"https:\/\/thebiopool.com\/wp-content\/uploads\/logo-schatten-website-klein.png","contentUrl":"https:\/\/thebiopool.com\/wp-content\/uploads\/logo-schatten-website-klein.png","width":220,"height":64,"caption":"TheBiopool"},"image":{"@id":"https:\/\/thebiopool.com\/de\/#\/schema\/logo\/image\/"},"sameAs":["https:\/\/www.facebook.com\/Naturaleza-y-Arte-Stefan-Meier-162702410430553\/","https:\/\/www.instagram.com\/thebiopool\/"]}]}},"_links":{"self":[{"href":"https:\/\/thebiopool.com\/de\/wp-json\/wp\/v2\/pages\/17354","targetHints":{"allow":["GET"]}}],"collection":[{"href":"https:\/\/thebiopool.com\/de\/wp-json\/wp\/v2\/pages"}],"about":[{"href":"https:\/\/thebiopool.com\/de\/wp-json\/wp\/v2\/types\/page"}],"author":[{"embeddable":true,"href":"https:\/\/thebiopool.com\/de\/wp-json\/wp\/v2\/users\/1"}],"replies":[{"embeddable":true,"href":"https:\/\/thebiopool.com\/de\/wp-json\/wp\/v2\/comments?post=17354"}],"version-history":[{"count":0,"href":"https:\/\/thebiopool.com\/de\/wp-json\/wp\/v2\/pages\/17354\/revisions"}],"wp:attachment":[{"href":"https:\/\/thebiopool.com\/de\/wp-json\/wp\/v2\/media?parent=17354"}],"curies":[{"name":"wp","href":"https:\/\/api.w.org\/{rel}","templated":true}]}}