{"id":17380,"date":"2022-07-07T13:34:58","date_gmt":"2022-07-07T11:34:58","guid":{"rendered":"https:\/\/thebiopool.com\/?page_id=17380"},"modified":"2022-07-07T13:41:13","modified_gmt":"2022-07-07T11:41:13","slug":"swimming-pond-gran-canaria-2","status":"publish","type":"page","link":"https:\/\/thebiopool.com\/de\/swimming-pond-gran-canaria-2\/","title":{"rendered":"Schwimmteich, Gran Canaria"},"content":{"rendered":"<div id=\"pl-17380\"  class=\"panel-layout\" ><div id=\"pg-17380-0\"  class=\"panel-grid panel-no-style\" ><div id=\"pgc-17380-0-0\"  class=\"panel-grid-cell\" ><div id=\"panel-17380-0-0-0\" class=\"so-panel widget widget_sow-editor panel-first-child\" data-index=\"0\" ><div class=\"panel-widget-style panel-widget-style-for-17380-0-0-0\" ><div\n\t\t\t\n\t\t\tclass=\"so-widget-sow-editor so-widget-sow-editor-base\"\n\t\t\t\n\t\t>\n<div class=\"siteorigin-widget-tinymce textwidget\">\n\t<style type=\"text\/css\">\n#foogallery-gallery-17383 .fg-image { width: 200px; }\n#foogallery-gallery-17383 { --fg-gutter: 10px; }<\/style>\n\t\t\t<style type=\"text\/css\">\n#foogallery-gallery-17383_1 .fg-image { width: 200px; }\n#foogallery-gallery-17383_1 { --fg-gutter: 10px; }<\/style>\n\t\t\t<div class=\"foogallery foogallery-container foogallery-default foogallery-lightbox-foobox fg-center fg-default fg-ready fg-light fg-border-thin fg-shadow-outline fg-loading-default fg-loaded-fade-in fg-caption-hover fg-hover-fade fg-hover-zoom\" id=\"foogallery-gallery-17383_1\" data-foogallery=\"{&quot;item&quot;:{&quot;showCaptionTitle&quot;:true,&quot;showCaptionDescription&quot;:true},&quot;lazy&quot;:true}\" style=\"--fg-title-line-clamp: 0; --fg-description-line-clamp: 0;\" >\n\t<div class=\"fg-item fg-type-image fg-idle\"><figure class=\"fg-item-inner\"><a href=\"https:\/\/thebiopool.com\/wp-content\/uploads\/Swimming-pond-Gran-Canaria.jpg\" data-attachment-id=\"16618\" data-type=\"image\" class=\"fg-thumb\"><span class=\"fg-image-wrap\"><img decoding=\"async\" alt=\"Natural Pond Cran Canaria by theBIOPOOL\" width=\"200\" height=\"200\" class=\"skip-lazy fg-image\" data-src-fg=\"https:\/\/thebiopool.com\/wp-content\/uploads\/cache\/Swimming-pond-Gran-Canaria\/887011098.jpg\" src=\"data:image\/svg+xml,%3Csvg%20xmlns%3D%22http%3A%2F%2Fwww.w3.org%2F2000%2Fsvg%22%20width%3D%22200%22%20height%3D%22200%22%20viewBox%3D%220%200%20200%20200%22%3E%3C%2Fsvg%3E\" loading=\"eager\"><\/span><span class=\"fg-image-overlay\"><\/span><\/a><\/figure><div class=\"fg-loader\"><\/div><\/div><div class=\"fg-item fg-type-image fg-idle\"><figure class=\"fg-item-inner\"><a href=\"https:\/\/thebiopool.com\/wp-content\/uploads\/Schwimmteich-Gran-Canaria-e1742372065882.jpg\" data-caption-desc=\"Gran Canaria\" data-attachment-id=\"16617\" data-type=\"image\" class=\"fg-thumb\"><span class=\"fg-image-wrap\"><img decoding=\"async\" alt=\"Schwimmteich Gran Canaria\" width=\"200\" height=\"200\" class=\"skip-lazy fg-image\" data-src-fg=\"https:\/\/thebiopool.com\/wp-content\/uploads\/cache\/Schwimmteich-Gran-Canaria-e1742372065882\/230748021.jpg\" src=\"data:image\/svg+xml,%3Csvg%20xmlns%3D%22http%3A%2F%2Fwww.w3.org%2F2000%2Fsvg%22%20width%3D%22200%22%20height%3D%22200%22%20viewBox%3D%220%200%20200%20200%22%3E%3C%2Fsvg%3E\" loading=\"eager\"><\/span><span class=\"fg-image-overlay\"><\/span><\/a><figcaption class=\"fg-caption\"><div class=\"fg-caption-inner\"><div class=\"fg-caption-desc\">Gran Canaria<\/div><\/div><\/figcaption><\/figure><div class=\"fg-loader\"><\/div><\/div><div class=\"fg-item fg-type-image fg-idle\"><figure class=\"fg-item-inner\"><a href=\"https:\/\/thebiopool.com\/wp-content\/uploads\/piscina-naturalizada-Gran-Canaria-e1742372218264.jpg\" data-attachment-id=\"16616\" data-type=\"image\" class=\"fg-thumb\"><span class=\"fg-image-wrap\"><img decoding=\"async\" alt=\"piscina-naturalizada-Gran-Canaria by theBIOPOOL\" width=\"200\" height=\"200\" class=\"skip-lazy fg-image\" data-src-fg=\"https:\/\/thebiopool.com\/wp-content\/uploads\/cache\/piscina-naturalizada-Gran-Canaria-e1742372218264\/1543534229.jpg\" src=\"data:image\/svg+xml,%3Csvg%20xmlns%3D%22http%3A%2F%2Fwww.w3.org%2F2000%2Fsvg%22%20width%3D%22200%22%20height%3D%22200%22%20viewBox%3D%220%200%20200%20200%22%3E%3C%2Fsvg%3E\" loading=\"eager\"><\/span><span class=\"fg-image-overlay\"><\/span><\/a><\/figure><div class=\"fg-loader\"><\/div><\/div><div class=\"fg-item fg-type-image fg-idle\"><figure class=\"fg-item-inner\"><a href=\"https:\/\/thebiopool.com\/wp-content\/uploads\/Lago-de-bano-Gran-Canaria-e1742372743764.jpg\" data-caption-desc=\"Lago de ba\u00f1o Gran Canaria\" data-attachment-id=\"16615\" data-type=\"image\" class=\"fg-thumb\"><span class=\"fg-image-wrap\"><img decoding=\"async\" alt=\"Lago de ba\u00f1o Gran Canaria by theBIOPOOL\" width=\"200\" height=\"200\" class=\"skip-lazy fg-image\" data-src-fg=\"https:\/\/thebiopool.com\/wp-content\/uploads\/cache\/Lago-de-bano-Gran-Canaria-e1742372743764\/877383100.jpg\" src=\"data:image\/svg+xml,%3Csvg%20xmlns%3D%22http%3A%2F%2Fwww.w3.org%2F2000%2Fsvg%22%20width%3D%22200%22%20height%3D%22200%22%20viewBox%3D%220%200%20200%20200%22%3E%3C%2Fsvg%3E\" loading=\"eager\"><\/span><span class=\"fg-image-overlay\"><\/span><\/a><figcaption class=\"fg-caption\"><div class=\"fg-caption-inner\"><div class=\"fg-caption-desc\">Lago de ba\u00f1o Gran Canaria<\/div><\/div><\/figcaption><\/figure><div class=\"fg-loader\"><\/div><\/div><\/div>\n\n<\/div>\n<\/div><\/div><\/div><div id=\"panel-17380-0-0-1\" class=\"so-panel widget widget_sow-accordion panel-last-child\" data-index=\"1\" ><div class=\"panel-widget-style panel-widget-style-for-17380-0-0-1\" ><div\n\t\t\t\n\t\t\tclass=\"so-widget-sow-accordion so-widget-sow-accordion-default-f9bf075f3502-17380\"\n\t\t\t\n\t\t><div>\n\t<div class=\"sow-accordion\">\n\t\t\t<div class=\"sow-accordion-panel\n\t\t\t\t\t\"\n\t\t\t\tdata-anchor-id=\"kleiner-schwimmteich-auf-gran-canaria-ein-gemeinschaftsprojekt-mit-unserem-schwimmteich-kollegen-helmut-dietl-von-zweibau-gran-canaria-und-dem-bauherren-wir-steuerten-das-biologische-konzept-mit-fi\">\n\t\t\t\t\t<div class=\"sow-accordion-panel-header-container\" role=\"heading\" aria-level=\"2\">\n\t\t\t\t\t<div class=\"sow-accordion-panel-header\" tabindex=\"0\" role=\"button\" id=\"accordion-label-kleiner-schwimmteich-auf-gran-canaria-ein-gemeinschaftsprojekt-mit-unserem-schwimmteich-kollegen-helmut-dietl-von-zweibau-gran-canaria-und-dem-bauherren-wir-steuerten-das-biologische-konzept-mit-fi\" aria-controls=\"accordion-content-kleiner-schwimmteich-auf-gran-canaria-ein-gemeinschaftsprojekt-mit-unserem-schwimmteich-kollegen-helmut-dietl-von-zweibau-gran-canaria-und-dem-bauherren-wir-steuerten-das-biologische-konzept-mit-fi\" aria-expanded=\"false\">\n\t\t\t\t\t\t<div class=\"sow-accordion-title sow-accordion-title-icon-left\">\n\t\t\t\t\t\t\t\t\t\t\t\t\t\tKleiner Schwimmteich auf Gran Canaria  Ein Gemeinschaftsprojekt mit unserem Schwimmteich-Kollegen Helmut Dietl von ZweiBau, Gran Canaria und dem Bauherren. Wir steuerten das biologische Konzept mit Filter-Kalkulation sowie Design-Beratung bei. ZweiBau \u00fcbernahm die Bau\u00fcberwachung und stellte spezialisierte Handwerker. <h5 Align=\"right\" style=\"color:red\">click for more<\/h5>\t\t\t\t\t\t\t\t\t\t\t\t\t<\/div>\n\t\t\t\t\t\t<div class=\"sow-accordion-open-close-button\">\n\t\t\t\t\t\t\t<div class=\"sow-accordion-open-button\">\n\t\t\t\t\t\t\t\t<span class=\"sow-icon-ionicons\" data-sow-icon=\"&#xf218;\"\n\t\t \n\t\taria-hidden=\"true\"><\/span>\t\t\t\t\t\t\t<\/div>\n\t\t\t\t\t\t\t<div class=\"sow-accordion-close-button\">\n\t\t\t\t\t\t\t\t<span class=\"sow-icon-ionicons\" data-sow-icon=\"&#xf209;\"\n\t\t \n\t\taria-hidden=\"true\"><\/span>\t\t\t\t\t\t\t<\/div>\n\t\t\t\t\t\t<\/div>\n\t\t\t\t\t<\/div>\n\t\t\t\t<\/div>\n\n\t\t\t<div\n\t\t\t\tclass=\"sow-accordion-panel-content\"\n\t\t\t\trole=\"region\"\n\t\t\t\taria-labelledby=\"accordion-label-kleiner-schwimmteich-auf-gran-canaria-ein-gemeinschaftsprojekt-mit-unserem-schwimmteich-kollegen-helmut-dietl-von-zweibau-gran-canaria-und-dem-bauherren-wir-steuerten-das-biologische-konzept-mit-fi\"\n\t\t\t\tid=\"accordion-content-kleiner-schwimmteich-auf-gran-canaria-ein-gemeinschaftsprojekt-mit-unserem-schwimmteich-kollegen-helmut-dietl-von-zweibau-gran-canaria-und-dem-bauherren-wir-steuerten-das-biologische-konzept-mit-fi\"\n\t\t\t\tstyle=\"display: none;\"\t\t\t>\n\t\t\t\t<div class=\"sow-accordion-panel-border\">\n\t\t\t\t\tDer Schwimmteich wurde in das Trockental eines sporadischen Baches ( Wadi ) eingebettet.\n\nDa das Gel\u00e4nde nicht mit Baumaschinen erreichbar war, \u00fcbernahm der Bauherr pers\u00f6nlich den h\u00e4ndischen Aushub , einen grossen Teil der Betonarbeiten und leitete den nur selten Wasser f\u00fchrenden Bach um.\n<style type=\"text\/css\">\n#foogallery-gallery-16599 .fg-image { width: 200px; }\n#foogallery-gallery-16599 { --fg-gutter: 10px; }<\/style>\n\t\t\t<style type=\"text\/css\">\n#foogallery-gallery-16599_1 .fg-image { width: 200px; }\n#foogallery-gallery-16599_1 { --fg-gutter: 10px; }<\/style>\n\t\t\t<div class=\"foogallery foogallery-container foogallery-default foogallery-lightbox-foobox fg-center fg-default fg-ready fg-light fg-border-thin fg-shadow-outline fg-loading-default fg-loaded-fade-in fg-caption-hover fg-hover-fade fg-hover-zoom\" id=\"foogallery-gallery-16599_1\" data-foogallery=\"{&quot;item&quot;:{&quot;showCaptionTitle&quot;:true,&quot;showCaptionDescription&quot;:true},&quot;lazy&quot;:true}\" style=\"--fg-title-line-clamp: 0; --fg-description-line-clamp: 0;\" >\n\t<div class=\"fg-item fg-type-image fg-idle\"><figure class=\"fg-item-inner\"><a href=\"https:\/\/thebiopool.com\/wp-content\/uploads\/biopool-Gran-Canaria.jpg\" data-attachment-id=\"16611\" data-type=\"image\" class=\"fg-thumb\"><span class=\"fg-image-wrap\"><img decoding=\"async\" width=\"200\" height=\"200\" class=\"skip-lazy fg-image\" data-src-fg=\"https:\/\/thebiopool.com\/wp-content\/uploads\/cache\/biopool-Gran-Canaria\/3247563964.jpg\" src=\"data:image\/svg+xml,%3Csvg%20xmlns%3D%22http%3A%2F%2Fwww.w3.org%2F2000%2Fsvg%22%20width%3D%22200%22%20height%3D%22200%22%20viewBox%3D%220%200%20200%20200%22%3E%3C%2Fsvg%3E\" loading=\"eager\"><\/span><span class=\"fg-image-overlay\"><\/span><\/a><\/figure><div class=\"fg-loader\"><\/div><\/div><div class=\"fg-item fg-type-image fg-idle\"><figure class=\"fg-item-inner\"><a href=\"https:\/\/thebiopool.com\/wp-content\/uploads\/Gran-Canaria1.jpg\" data-attachment-id=\"16612\" data-type=\"image\" class=\"fg-thumb\"><span class=\"fg-image-wrap\"><img decoding=\"async\" width=\"200\" height=\"200\" class=\"skip-lazy fg-image\" data-src-fg=\"https:\/\/thebiopool.com\/wp-content\/uploads\/cache\/Gran-Canaria1\/3656380705.jpg\" src=\"data:image\/svg+xml,%3Csvg%20xmlns%3D%22http%3A%2F%2Fwww.w3.org%2F2000%2Fsvg%22%20width%3D%22200%22%20height%3D%22200%22%20viewBox%3D%220%200%20200%20200%22%3E%3C%2Fsvg%3E\" loading=\"eager\"><\/span><span class=\"fg-image-overlay\"><\/span><\/a><\/figure><div class=\"fg-loader\"><\/div><\/div><div class=\"fg-item fg-type-image fg-idle\"><figure class=\"fg-item-inner\"><a href=\"https:\/\/thebiopool.com\/wp-content\/uploads\/IMG_3285.jpg\" data-attachment-id=\"16613\" data-type=\"image\" class=\"fg-thumb\"><span class=\"fg-image-wrap\"><img decoding=\"async\" width=\"200\" height=\"200\" class=\"skip-lazy fg-image\" data-src-fg=\"https:\/\/thebiopool.com\/wp-content\/uploads\/cache\/IMG_3285\/1810751404.jpg\" src=\"data:image\/svg+xml,%3Csvg%20xmlns%3D%22http%3A%2F%2Fwww.w3.org%2F2000%2Fsvg%22%20width%3D%22200%22%20height%3D%22200%22%20viewBox%3D%220%200%20200%20200%22%3E%3C%2Fsvg%3E\" loading=\"eager\"><\/span><span class=\"fg-image-overlay\"><\/span><\/a><\/figure><div class=\"fg-loader\"><\/div><\/div><div class=\"fg-item fg-type-image fg-idle\"><figure class=\"fg-item-inner\"><a href=\"https:\/\/thebiopool.com\/wp-content\/uploads\/la-foto-1.jpg\" data-attachment-id=\"16614\" data-type=\"image\" class=\"fg-thumb\"><span class=\"fg-image-wrap\"><img decoding=\"async\" width=\"200\" height=\"200\" class=\"skip-lazy fg-image\" data-src-fg=\"https:\/\/thebiopool.com\/wp-content\/uploads\/cache\/la-foto-1\/2647345572.jpg\" src=\"data:image\/svg+xml,%3Csvg%20xmlns%3D%22http%3A%2F%2Fwww.w3.org%2F2000%2Fsvg%22%20width%3D%22200%22%20height%3D%22200%22%20viewBox%3D%220%200%20200%20200%22%3E%3C%2Fsvg%3E\" loading=\"eager\"><\/span><span class=\"fg-image-overlay\"><\/span><\/a><\/figure><div class=\"fg-loader\"><\/div><\/div><div class=\"fg-item fg-type-image fg-idle\"><figure class=\"fg-item-inner\"><a href=\"https:\/\/thebiopool.com\/wp-content\/uploads\/Lago-de-bano-Gran-Canaria-e1742372743764.jpg\" data-caption-desc=\"Lago de ba\u00f1o Gran Canaria\" data-attachment-id=\"16615\" data-type=\"image\" class=\"fg-thumb\"><span class=\"fg-image-wrap\"><img decoding=\"async\" alt=\"Lago de ba\u00f1o Gran Canaria by theBIOPOOL\" width=\"200\" height=\"200\" class=\"skip-lazy fg-image\" data-src-fg=\"https:\/\/thebiopool.com\/wp-content\/uploads\/cache\/Lago-de-bano-Gran-Canaria-e1742372743764\/4100255364.jpg\" src=\"data:image\/svg+xml,%3Csvg%20xmlns%3D%22http%3A%2F%2Fwww.w3.org%2F2000%2Fsvg%22%20width%3D%22200%22%20height%3D%22200%22%20viewBox%3D%220%200%20200%20200%22%3E%3C%2Fsvg%3E\" loading=\"eager\"><\/span><span class=\"fg-image-overlay\"><\/span><\/a><figcaption class=\"fg-caption\"><div class=\"fg-caption-inner\"><div class=\"fg-caption-desc\">Lago de ba\u00f1o Gran Canaria<\/div><\/div><\/figcaption><\/figure><div class=\"fg-loader\"><\/div><\/div><div class=\"fg-item fg-type-image fg-idle\"><figure class=\"fg-item-inner\"><a href=\"https:\/\/thebiopool.com\/wp-content\/uploads\/piscina-naturalizada-Gran-Canaria-e1742372218264.jpg\" data-attachment-id=\"16616\" data-type=\"image\" class=\"fg-thumb\"><span class=\"fg-image-wrap\"><img decoding=\"async\" alt=\"piscina-naturalizada-Gran-Canaria by theBIOPOOL\" width=\"200\" height=\"200\" class=\"skip-lazy fg-image\" data-src-fg=\"https:\/\/thebiopool.com\/wp-content\/uploads\/cache\/piscina-naturalizada-Gran-Canaria-e1742372218264\/3952231012.jpg\" src=\"data:image\/svg+xml,%3Csvg%20xmlns%3D%22http%3A%2F%2Fwww.w3.org%2F2000%2Fsvg%22%20width%3D%22200%22%20height%3D%22200%22%20viewBox%3D%220%200%20200%20200%22%3E%3C%2Fsvg%3E\" loading=\"eager\"><\/span><span class=\"fg-image-overlay\"><\/span><\/a><\/figure><div class=\"fg-loader\"><\/div><\/div><div class=\"fg-item fg-type-image fg-idle\"><figure class=\"fg-item-inner\"><a href=\"https:\/\/thebiopool.com\/wp-content\/uploads\/Schwimmteich-Gran-Canaria-e1742372065882.jpg\" data-caption-desc=\"Gran Canaria\" data-attachment-id=\"16617\" data-type=\"image\" class=\"fg-thumb\"><span class=\"fg-image-wrap\"><img decoding=\"async\" alt=\"Schwimmteich Gran Canaria\" width=\"200\" height=\"200\" class=\"skip-lazy fg-image\" data-src-fg=\"https:\/\/thebiopool.com\/wp-content\/uploads\/cache\/Schwimmteich-Gran-Canaria-e1742372065882\/3455044685.jpg\" src=\"data:image\/svg+xml,%3Csvg%20xmlns%3D%22http%3A%2F%2Fwww.w3.org%2F2000%2Fsvg%22%20width%3D%22200%22%20height%3D%22200%22%20viewBox%3D%220%200%20200%20200%22%3E%3C%2Fsvg%3E\" loading=\"eager\"><\/span><span class=\"fg-image-overlay\"><\/span><\/a><figcaption class=\"fg-caption\"><div class=\"fg-caption-inner\"><div class=\"fg-caption-desc\">Gran Canaria<\/div><\/div><\/figcaption><\/figure><div class=\"fg-loader\"><\/div><\/div><div class=\"fg-item fg-type-image fg-idle\"><figure class=\"fg-item-inner\"><a href=\"https:\/\/thebiopool.com\/wp-content\/uploads\/Swimming-pond-Gran-Canaria.jpg\" data-attachment-id=\"16618\" data-type=\"image\" class=\"fg-thumb\"><span class=\"fg-image-wrap\"><img decoding=\"async\" alt=\"Natural Pond Cran Canaria by theBIOPOOL\" width=\"200\" height=\"200\" class=\"skip-lazy fg-image\" data-src-fg=\"https:\/\/thebiopool.com\/wp-content\/uploads\/cache\/Swimming-pond-Gran-Canaria\/3370065354.jpg\" src=\"data:image\/svg+xml,%3Csvg%20xmlns%3D%22http%3A%2F%2Fwww.w3.org%2F2000%2Fsvg%22%20width%3D%22200%22%20height%3D%22200%22%20viewBox%3D%220%200%20200%20200%22%3E%3C%2Fsvg%3E\" loading=\"eager\"><\/span><span class=\"fg-image-overlay\"><\/span><\/a><\/figure><div class=\"fg-loader\"><\/div><\/div><div class=\"fg-item fg-type-image fg-idle\"><figure class=\"fg-item-inner\"><a href=\"https:\/\/thebiopool.com\/wp-content\/uploads\/Wolle-Bau-von-oben.jpg\" data-attachment-id=\"16619\" data-type=\"image\" class=\"fg-thumb\"><span class=\"fg-image-wrap\"><img decoding=\"async\" width=\"200\" height=\"200\" class=\"skip-lazy fg-image\" data-src-fg=\"https:\/\/thebiopool.com\/wp-content\/uploads\/cache\/Wolle-Bau-von-oben\/1713453281.jpg\" src=\"data:image\/svg+xml,%3Csvg%20xmlns%3D%22http%3A%2F%2Fwww.w3.org%2F2000%2Fsvg%22%20width%3D%22200%22%20height%3D%22200%22%20viewBox%3D%220%200%20200%20200%22%3E%3C%2Fsvg%3E\" loading=\"eager\"><\/span><span class=\"fg-image-overlay\"><\/span><\/a><\/figure><div class=\"fg-loader\"><\/div><\/div><\/div>\n\t\t\t\t<\/div>\n\t\t\t<\/div>\n\t\t<\/div>\n\t\t<\/div>\n<\/div>\n<\/div><\/div><\/div><\/div><\/div><\/div>","protected":false},"excerpt":{"rendered":"<p>Gran CanariaLago de ba&ntilde;o Gran Canaria Kleiner Schwimmteich auf Gran Canaria Ein Gemeinschaftsprojekt mit unserem Schwimmteich-Kollegen Helmut Dietl von ZweiBau, Gran Canaria und dem Bauherren. Wir steuerten das biologische Konzept mit Filter-Kalkulation sowie Design-Beratung bei. ZweiBau &uuml;bernahm die Bau&uuml;berwachung und stellte spezialisierte Handwerker. click for more Der Schwimmteich wurde in das Trockental eines sporadischen Baches ( Wadi ) eingebettet. Da das Gel&auml;nde nicht mit Baumaschinen erreichbar war, &uuml;bernahm der Bauherr pers&ouml;nlich den h&auml;ndischen Aushub , einen grossen Teil der Betonarbeiten und leitete den nur selten Wasser f&uuml;hrenden Bach um. Lago de ba&ntilde;o Gran CanariaGran Canaria<\/p>\n","protected":false},"author":1,"featured_media":0,"parent":0,"menu_order":0,"comment_status":"closed","ping_status":"closed","template":"","meta":{"footnotes":""},"class_list":["post-17380","page","type-page","status-publish","hentry"],"yoast_head":"<!-- This site is optimized with the Yoast SEO plugin v27.4 - https:\/\/yoast.com\/product\/yoast-seo-wordpress\/ -->\n<title>Schwimmteich, Gran Canaria<\/title>\n<meta name=\"robots\" content=\"index, follow, max-snippet:-1, max-image-preview:large, max-video-preview:-1\" \/>\n<link rel=\"canonical\" href=\"https:\/\/thebiopool.com\/de\/swimming-pond-gran-canaria-2\/\" \/>\n<meta property=\"og:locale\" content=\"de_DE\" \/>\n<meta property=\"og:type\" content=\"article\" \/>\n<meta property=\"og:title\" content=\"Schwimmteich, Gran Canaria\" \/>\n<meta property=\"og:description\" content=\"Gran CanariaLago de ba&ntilde;o Gran Canaria Kleiner Schwimmteich auf Gran Canaria Ein Gemeinschaftsprojekt mit unserem Schwimmteich-Kollegen Helmut Dietl von ZweiBau, Gran Canaria und dem Bauherren. Wir steuerten das biologische Konzept mit Filter-Kalkulation sowie Design-Beratung bei. ZweiBau &uuml;bernahm die Bau&uuml;berwachung und stellte spezialisierte Handwerker. click for more Der Schwimmteich wurde in das Trockental eines sporadischen Baches ( Wadi ) eingebettet. Da das Gel&auml;nde nicht mit Baumaschinen erreichbar war, &uuml;bernahm der Bauherr pers&ouml;nlich den h&auml;ndischen Aushub , einen grossen Teil der Betonarbeiten und leitete den nur selten Wasser f&uuml;hrenden Bach um. Lago de ba&ntilde;o Gran CanariaGran Canaria\" \/>\n<meta property=\"og:url\" content=\"https:\/\/thebiopool.com\/de\/swimming-pond-gran-canaria-2\/\" \/>\n<meta property=\"og:site_name\" content=\"Natur Pools und Schwimmteiche\" \/>\n<meta property=\"article:publisher\" content=\"https:\/\/www.facebook.com\/Naturaleza-y-Arte-Stefan-Meier-162702410430553\/\" \/>\n<meta property=\"article:modified_time\" content=\"2022-07-07T11:41:13+00:00\" \/>\n<meta name=\"twitter:card\" content=\"summary_large_image\" \/>\n<meta name=\"twitter:label1\" content=\"Gesch\u00e4tzte Lesezeit\" \/>\n\t<meta name=\"twitter:data1\" content=\"3\u00a0Minuten\" \/>\n<script type=\"application\/ld+json\" class=\"yoast-schema-graph\">{\"@context\":\"https:\\\/\\\/schema.org\",\"@graph\":[{\"@type\":\"WebPage\",\"@id\":\"https:\\\/\\\/thebiopool.com\\\/de\\\/swimming-pond-gran-canaria-2\\\/\",\"url\":\"https:\\\/\\\/thebiopool.com\\\/de\\\/swimming-pond-gran-canaria-2\\\/\",\"name\":\"Schwimmteich, Gran Canaria\",\"isPartOf\":{\"@id\":\"https:\\\/\\\/thebiopool.com\\\/de\\\/#website\"},\"datePublished\":\"2022-07-07T11:34:58+00:00\",\"dateModified\":\"2022-07-07T11:41:13+00:00\",\"breadcrumb\":{\"@id\":\"https:\\\/\\\/thebiopool.com\\\/de\\\/swimming-pond-gran-canaria-2\\\/#breadcrumb\"},\"inLanguage\":\"de\",\"potentialAction\":[{\"@type\":\"ReadAction\",\"target\":[[\"https:\\\/\\\/thebiopool.com\\\/de\\\/swimming-pond-gran-canaria-2\\\/\"]]}]},{\"@type\":\"BreadcrumbList\",\"@id\":\"https:\\\/\\\/thebiopool.com\\\/de\\\/swimming-pond-gran-canaria-2\\\/#breadcrumb\",\"itemListElement\":[{\"@type\":\"ListItem\",\"position\":1,\"name\":\"Home\",\"item\":\"https:\\\/\\\/thebiopool.com\\\/de\\\/\"},{\"@type\":\"ListItem\",\"position\":2,\"name\":\"Swimming Pond, Gran Canaria\"}]},{\"@type\":\"WebSite\",\"@id\":\"https:\\\/\\\/thebiopool.com\\\/de\\\/#website\",\"url\":\"https:\\\/\\\/thebiopool.com\\\/de\\\/\",\"name\":\"TheBiopool\",\"description\":\"wir planen und bauen Ihren perfecten Schwimmteich und Natur Pool\",\"publisher\":{\"@id\":\"https:\\\/\\\/thebiopool.com\\\/de\\\/#organization\"},\"potentialAction\":[{\"@type\":\"SearchAction\",\"target\":{\"@type\":\"EntryPoint\",\"urlTemplate\":\"https:\\\/\\\/thebiopool.com\\\/de\\\/?s={search_term_string}\"},\"query-input\":{\"@type\":\"PropertyValueSpecification\",\"valueRequired\":true,\"valueName\":\"search_term_string\"}}],\"inLanguage\":\"de\"},{\"@type\":\"Organization\",\"@id\":\"https:\\\/\\\/thebiopool.com\\\/de\\\/#organization\",\"name\":\"TheBiopool\",\"url\":\"https:\\\/\\\/thebiopool.com\\\/de\\\/\",\"logo\":{\"@type\":\"ImageObject\",\"inLanguage\":\"de\",\"@id\":\"https:\\\/\\\/thebiopool.com\\\/de\\\/#\\\/schema\\\/logo\\\/image\\\/\",\"url\":\"https:\\\/\\\/thebiopool.com\\\/wp-content\\\/uploads\\\/logo-schatten-website-klein.png\",\"contentUrl\":\"https:\\\/\\\/thebiopool.com\\\/wp-content\\\/uploads\\\/logo-schatten-website-klein.png\",\"width\":220,\"height\":64,\"caption\":\"TheBiopool\"},\"image\":{\"@id\":\"https:\\\/\\\/thebiopool.com\\\/de\\\/#\\\/schema\\\/logo\\\/image\\\/\"},\"sameAs\":[\"https:\\\/\\\/www.facebook.com\\\/Naturaleza-y-Arte-Stefan-Meier-162702410430553\\\/\",\"https:\\\/\\\/www.instagram.com\\\/thebiopool\\\/\"]}]}<\/script>\n<!-- \/ Yoast SEO plugin. -->","yoast_head_json":{"title":"Schwimmteich, Gran Canaria","robots":{"index":"index","follow":"follow","max-snippet":"max-snippet:-1","max-image-preview":"max-image-preview:large","max-video-preview":"max-video-preview:-1"},"canonical":"https:\/\/thebiopool.com\/de\/swimming-pond-gran-canaria-2\/","og_locale":"de_DE","og_type":"article","og_title":"Schwimmteich, Gran Canaria","og_description":"Gran CanariaLago de ba&ntilde;o Gran Canaria Kleiner Schwimmteich auf Gran Canaria Ein Gemeinschaftsprojekt mit unserem Schwimmteich-Kollegen Helmut Dietl von ZweiBau, Gran Canaria und dem Bauherren. Wir steuerten das biologische Konzept mit Filter-Kalkulation sowie Design-Beratung bei. ZweiBau &uuml;bernahm die Bau&uuml;berwachung und stellte spezialisierte Handwerker. click for more Der Schwimmteich wurde in das Trockental eines sporadischen Baches ( Wadi ) eingebettet. Da das Gel&auml;nde nicht mit Baumaschinen erreichbar war, &uuml;bernahm der Bauherr pers&ouml;nlich den h&auml;ndischen Aushub , einen grossen Teil der Betonarbeiten und leitete den nur selten Wasser f&uuml;hrenden Bach um. Lago de ba&ntilde;o Gran CanariaGran Canaria","og_url":"https:\/\/thebiopool.com\/de\/swimming-pond-gran-canaria-2\/","og_site_name":"Natur Pools und Schwimmteiche","article_publisher":"https:\/\/www.facebook.com\/Naturaleza-y-Arte-Stefan-Meier-162702410430553\/","article_modified_time":"2022-07-07T11:41:13+00:00","twitter_card":"summary_large_image","twitter_misc":{"Gesch\u00e4tzte Lesezeit":"3\u00a0Minuten"},"schema":{"@context":"https:\/\/schema.org","@graph":[{"@type":"WebPage","@id":"https:\/\/thebiopool.com\/de\/swimming-pond-gran-canaria-2\/","url":"https:\/\/thebiopool.com\/de\/swimming-pond-gran-canaria-2\/","name":"Schwimmteich, Gran Canaria","isPartOf":{"@id":"https:\/\/thebiopool.com\/de\/#website"},"datePublished":"2022-07-07T11:34:58+00:00","dateModified":"2022-07-07T11:41:13+00:00","breadcrumb":{"@id":"https:\/\/thebiopool.com\/de\/swimming-pond-gran-canaria-2\/#breadcrumb"},"inLanguage":"de","potentialAction":[{"@type":"ReadAction","target":[["https:\/\/thebiopool.com\/de\/swimming-pond-gran-canaria-2\/"]]}]},{"@type":"BreadcrumbList","@id":"https:\/\/thebiopool.com\/de\/swimming-pond-gran-canaria-2\/#breadcrumb","itemListElement":[{"@type":"ListItem","position":1,"name":"Home","item":"https:\/\/thebiopool.com\/de\/"},{"@type":"ListItem","position":2,"name":"Swimming Pond, Gran Canaria"}]},{"@type":"WebSite","@id":"https:\/\/thebiopool.com\/de\/#website","url":"https:\/\/thebiopool.com\/de\/","name":"TheBiopool","description":"wir planen und bauen Ihren perfecten Schwimmteich und Natur Pool","publisher":{"@id":"https:\/\/thebiopool.com\/de\/#organization"},"potentialAction":[{"@type":"SearchAction","target":{"@type":"EntryPoint","urlTemplate":"https:\/\/thebiopool.com\/de\/?s={search_term_string}"},"query-input":{"@type":"PropertyValueSpecification","valueRequired":true,"valueName":"search_term_string"}}],"inLanguage":"de"},{"@type":"Organization","@id":"https:\/\/thebiopool.com\/de\/#organization","name":"TheBiopool","url":"https:\/\/thebiopool.com\/de\/","logo":{"@type":"ImageObject","inLanguage":"de","@id":"https:\/\/thebiopool.com\/de\/#\/schema\/logo\/image\/","url":"https:\/\/thebiopool.com\/wp-content\/uploads\/logo-schatten-website-klein.png","contentUrl":"https:\/\/thebiopool.com\/wp-content\/uploads\/logo-schatten-website-klein.png","width":220,"height":64,"caption":"TheBiopool"},"image":{"@id":"https:\/\/thebiopool.com\/de\/#\/schema\/logo\/image\/"},"sameAs":["https:\/\/www.facebook.com\/Naturaleza-y-Arte-Stefan-Meier-162702410430553\/","https:\/\/www.instagram.com\/thebiopool\/"]}]}},"_links":{"self":[{"href":"https:\/\/thebiopool.com\/de\/wp-json\/wp\/v2\/pages\/17380","targetHints":{"allow":["GET"]}}],"collection":[{"href":"https:\/\/thebiopool.com\/de\/wp-json\/wp\/v2\/pages"}],"about":[{"href":"https:\/\/thebiopool.com\/de\/wp-json\/wp\/v2\/types\/page"}],"author":[{"embeddable":true,"href":"https:\/\/thebiopool.com\/de\/wp-json\/wp\/v2\/users\/1"}],"replies":[{"embeddable":true,"href":"https:\/\/thebiopool.com\/de\/wp-json\/wp\/v2\/comments?post=17380"}],"version-history":[{"count":0,"href":"https:\/\/thebiopool.com\/de\/wp-json\/wp\/v2\/pages\/17380\/revisions"}],"wp:attachment":[{"href":"https:\/\/thebiopool.com\/de\/wp-json\/wp\/v2\/media?parent=17380"}],"curies":[{"name":"wp","href":"https:\/\/api.w.org\/{rel}","templated":true}]}}