{"id":17939,"date":"2024-06-23T08:08:46","date_gmt":"2024-06-23T06:08:46","guid":{"rendered":"https:\/\/thebiopool.com\/?page_id=17939"},"modified":"2024-11-26T14:31:43","modified_gmt":"2024-11-26T13:31:43","slug":"vorteile-biopool","status":"publish","type":"page","link":"https:\/\/thebiopool.com\/de\/vorteile-biopool\/","title":{"rendered":"A3"},"content":{"rendered":"<div id=\"pl-17939\"  class=\"panel-layout\" ><div id=\"pg-17939-0\"  class=\"panel-grid panel-has-style\" ><div class=\"hide siteorigin-panels-stretch panel-row-style panel-row-style-for-17939-0\" id=\"hide\" data-stretch-type=\"full-width-stretch\" ><div id=\"pgc-17939-0-0\"  class=\"panel-grid-cell\" ><div class=\"hide panel-cell-style panel-cell-style-for-17939-0-0\" ><div id=\"panel-17939-0-0-0\" class=\"so-panel widget widget_sow-editor panel-first-child panel-last-child\" data-index=\"0\" ><div class=\"panel-widget-style panel-widget-style-for-17939-0-0-0\" ><div\n\t\t\t\n\t\t\tclass=\"so-widget-sow-editor so-widget-sow-editor-base\"\n\t\t\t\n\t\t>\n<div class=\"siteorigin-widget-tinymce textwidget\">\n\t<h1 style=\"text-align: right;\"><\/h1>\n<h1 style=\"text-shadow: #2f4f4f 2px -2px; text-align: left;\"><strong><span style=\"color: #ffffff;\">Vorteile eines Biopools<\/span><\/strong><\/h1>\n<p>&nbsp;<br \/>\n&nbsp;<br \/>\n&nbsp;<br \/>\n&nbsp;<br \/>\n&nbsp;<\/p>\n<\/div>\n<\/div><\/div><\/div><\/div><\/div><\/div><\/div><div id=\"pg-17939-1\"  class=\"panel-grid panel-has-style\" ><div class=\"siteorigin-panels-stretch panel-row-style panel-row-style-for-17939-1\" data-stretch-type=\"full-width-stretch\" ><div id=\"pgc-17939-1-0\"  class=\"panel-grid-cell\" ><div id=\"panel-17939-1-0-0\" class=\"so-panel widget widget_sow-editor panel-first-child panel-last-child\" data-index=\"1\" ><div class=\"panel-widget-style panel-widget-style-for-17939-1-0-0\" ><div\n\t\t\t\n\t\t\tclass=\"so-widget-sow-editor so-widget-sow-editor-base\"\n\t\t\t\n\t\t>\n<div class=\"siteorigin-widget-tinymce textwidget\">\n\t<p style=\"text-align: right;\"><span style=\"color: #ffffff;\">GESUNDHEIT<\/span><\/p>\n<\/div>\n<\/div><\/div><\/div><\/div><div id=\"pgc-17939-1-1\"  class=\"panel-grid-cell\" ><div id=\"panel-17939-1-1-0\" class=\"so-panel widget widget_sow-editor panel-first-child panel-last-child\" data-index=\"2\" ><div class=\"panel-widget-style panel-widget-style-for-17939-1-1-0\" ><div\n\t\t\t\n\t\t\tclass=\"so-widget-sow-editor so-widget-sow-editor-base\"\n\t\t\t\n\t\t>\n<div class=\"siteorigin-widget-tinymce textwidget\">\n\t<p>Es tr\u00e4gt durch hochwertiges Wasser zum Wohlbefinden seiner Benutzer bei und erm\u00f6glicht viel ges\u00fcnderes Baden als herk\u00f6mmliche Wasseraufbereitungsl\u00f6sungen.<\/p>\n<\/div>\n<\/div><\/div><\/div><\/div><\/div><\/div><div id=\"pg-17939-2\"  class=\"panel-grid panel-has-style\" ><div class=\"hide siteorigin-panels-stretch panel-row-style panel-row-style-for-17939-2\" id=\"hide\" data-stretch-type=\"full-width-stretch\" ><div id=\"pgc-17939-2-0\"  class=\"panel-grid-cell\" ><div class=\"hide panel-cell-style panel-cell-style-for-17939-2-0\" ><div id=\"panel-17939-2-0-0\" class=\"so-panel widget widget_sow-editor panel-first-child panel-last-child\" data-index=\"3\" ><div class=\"panel-widget-style panel-widget-style-for-17939-2-0-0\" ><div\n\t\t\t\n\t\t\tclass=\"so-widget-sow-editor so-widget-sow-editor-base\"\n\t\t\t\n\t\t>\n<div class=\"siteorigin-widget-tinymce textwidget\">\n\t<p style=\"text-align: right;\"><span style=\"color: #ffffff;\">WASSERVERBRAUCH<\/span><\/p>\n<\/div>\n<\/div><\/div><\/div><\/div><\/div><div id=\"pgc-17939-2-1\"  class=\"panel-grid-cell\" ><div class=\"hide panel-cell-style panel-cell-style-for-17939-2-1\" ><div id=\"panel-17939-2-1-0\" class=\"so-panel widget widget_sow-editor panel-first-child panel-last-child\" data-index=\"4\" ><div class=\"panel-widget-style panel-widget-style-for-17939-2-1-0\" ><div\n\t\t\t\n\t\t\tclass=\"so-widget-sow-editor so-widget-sow-editor-base\"\n\t\t\t\n\t\t>\n<div class=\"siteorigin-widget-tinymce textwidget\">\n\t<p>Verantwortungsvoller Umgang mit Wasser, da es nie vollst\u00e4ndig erneuert wird, wie bei herk\u00f6mmlichen L\u00f6sungen, sondern nur die Verdunstung ersetzt wird (was zusammen mit einer angemessenen Bepflanzung und durch kurze Wasserkreisl\u00e4ufe der Schaffung kleiner Mikroklimas zugute kommt).<\/p>\n<\/div>\n<\/div><\/div><\/div><\/div><\/div><\/div><\/div><div id=\"pg-17939-3\"  class=\"panel-grid panel-has-style\" ><div class=\"hide siteorigin-panels-stretch panel-row-style panel-row-style-for-17939-3\" id=\"hide\" data-stretch-type=\"full-width-stretch\" ><div id=\"pgc-17939-3-0\"  class=\"panel-grid-cell\" ><div class=\"hide panel-cell-style panel-cell-style-for-17939-3-0\" ><div id=\"panel-17939-3-0-0\" class=\"so-panel widget widget_sow-editor panel-first-child panel-last-child\" data-index=\"5\" ><div class=\"panel-widget-style panel-widget-style-for-17939-3-0-0\" ><div\n\t\t\t\n\t\t\tclass=\"so-widget-sow-editor so-widget-sow-editor-base\"\n\t\t\t\n\t\t>\n<div class=\"siteorigin-widget-tinymce textwidget\">\n\t<p style=\"text-align: right;\"><span style=\"color: #ffffff;\">ENERGIE<\/span><\/p>\n<\/div>\n<\/div><\/div><\/div><\/div><\/div><div id=\"pgc-17939-3-1\"  class=\"panel-grid-cell\" ><div class=\"hide panel-cell-style panel-cell-style-for-17939-3-1\" ><div id=\"panel-17939-3-1-0\" class=\"so-panel widget widget_sow-editor panel-first-child panel-last-child\" data-index=\"6\" ><div class=\"panel-widget-style panel-widget-style-for-17939-3-1-0\" ><div\n\t\t\t\n\t\t\tclass=\"so-widget-sow-editor so-widget-sow-editor-base\"\n\t\t\t\n\t\t>\n<div class=\"siteorigin-widget-tinymce textwidget\">\n\t<p>Starke Reduzierung des Energieverbrauchs im Vergleich zu herk\u00f6mmlichen L\u00f6sungen<\/p>\n<\/div>\n<\/div><\/div><\/div><\/div><\/div><\/div><\/div><div id=\"pg-17939-4\"  class=\"panel-grid panel-has-style\" ><div class=\"hide siteorigin-panels-stretch panel-row-style panel-row-style-for-17939-4\" id=\"hide\" data-stretch-type=\"full-width-stretch\" ><div id=\"pgc-17939-4-0\"  class=\"panel-grid-cell\" ><div class=\"hide panel-cell-style panel-cell-style-for-17939-4-0\" ><div id=\"panel-17939-4-0-0\" class=\"so-panel widget widget_sow-editor panel-first-child panel-last-child\" data-index=\"7\" ><div class=\"panel-widget-style panel-widget-style-for-17939-4-0-0\" ><div\n\t\t\t\n\t\t\tclass=\"so-widget-sow-editor so-widget-sow-editor-base\"\n\t\t\t\n\t\t>\n<div class=\"siteorigin-widget-tinymce textwidget\">\n\t<p style=\"text-align: right;\"><span style=\"color: #ffffff;\">CO2<\/span><\/p>\n<\/div>\n<\/div><\/div><\/div><\/div><\/div><div id=\"pgc-17939-4-1\"  class=\"panel-grid-cell\" ><div class=\"hide panel-cell-style panel-cell-style-for-17939-4-1\" ><div id=\"panel-17939-4-1-0\" class=\"so-panel widget widget_sow-editor panel-first-child panel-last-child\" data-index=\"8\" ><div class=\"panel-widget-style panel-widget-style-for-17939-4-1-0\" ><div\n\t\t\t\n\t\t\tclass=\"so-widget-sow-editor so-widget-sow-editor-base\"\n\t\t\t\n\t\t>\n<div class=\"siteorigin-widget-tinymce textwidget\">\n\t<p>Sie fungieren als Kohlenstoffsenken, indem sie CO2 aus der Atmosph\u00e4re binden.<\/p>\n<\/div>\n<\/div><\/div><\/div><\/div><\/div><\/div><\/div><div id=\"pg-17939-5\"  class=\"panel-grid panel-has-style\" ><div class=\"hide siteorigin-panels-stretch panel-row-style panel-row-style-for-17939-5\" id=\"hide\" data-stretch-type=\"full-width-stretch\" ><div id=\"pgc-17939-5-0\"  class=\"panel-grid-cell\" ><div class=\"hide panel-cell-style panel-cell-style-for-17939-5-0\" ><div id=\"panel-17939-5-0-0\" class=\"so-panel widget widget_sow-editor panel-first-child panel-last-child\" data-index=\"9\" ><div class=\"panel-widget-style panel-widget-style-for-17939-5-0-0\" ><div\n\t\t\t\n\t\t\tclass=\"so-widget-sow-editor so-widget-sow-editor-base\"\n\t\t\t\n\t\t>\n<div class=\"siteorigin-widget-tinymce textwidget\">\n\t<p style=\"text-align: right;\"><span style=\"color: #ffffff;\">\u00d6KOLOGIE<\/span><\/p>\n<\/div>\n<\/div><\/div><\/div><\/div><\/div><div id=\"pgc-17939-5-1\"  class=\"panel-grid-cell\" ><div class=\"hide panel-cell-style panel-cell-style-for-17939-5-1\" ><div id=\"panel-17939-5-1-0\" class=\"so-panel widget widget_sow-editor panel-first-child panel-last-child\" data-index=\"10\" ><div class=\"panel-widget-style panel-widget-style-for-17939-5-1-0\" ><div\n\t\t\t\n\t\t\tclass=\"so-widget-sow-editor so-widget-sow-editor-base\"\n\t\t\t\n\t\t>\n<div class=\"siteorigin-widget-tinymce textwidget\">\n\t<p>Effizienter Umgang mit Ressourcen durch Vermeidung der Produktion und Entsorgung umweltsch\u00e4dlicher Produkte.<\/p>\n<\/div>\n<\/div><\/div><\/div><\/div><\/div><\/div><\/div><div id=\"pg-17939-6\"  class=\"panel-grid panel-has-style\" ><div class=\"hide siteorigin-panels-stretch panel-row-style panel-row-style-for-17939-6\" id=\"hide\" data-stretch-type=\"full-width-stretch\" ><div id=\"pgc-17939-6-0\"  class=\"panel-grid-cell\" ><div class=\"hide panel-cell-style panel-cell-style-for-17939-6-0\" ><div id=\"panel-17939-6-0-0\" class=\"so-panel widget widget_sow-editor panel-first-child panel-last-child\" data-index=\"11\" ><div class=\"panel-widget-style panel-widget-style-for-17939-6-0-0\" ><div\n\t\t\t\n\t\t\tclass=\"so-widget-sow-editor so-widget-sow-editor-base\"\n\t\t\t\n\t\t>\n<div class=\"siteorigin-widget-tinymce textwidget\">\n\t<p style=\"text-align: right;\"><span style=\"color: #ffffff;\">BIODIVERSIT\u00c4T<\/span><\/p>\n<\/div>\n<\/div><\/div><\/div><\/div><\/div><div id=\"pgc-17939-6-1\"  class=\"panel-grid-cell\" ><div class=\"hide panel-cell-style panel-cell-style-for-17939-6-1\" ><div id=\"panel-17939-6-1-0\" class=\"so-panel widget widget_sow-editor panel-first-child panel-last-child\" data-index=\"12\" ><div class=\"panel-widget-style panel-widget-style-for-17939-6-1-0\" ><div\n\t\t\t\n\t\t\tclass=\"so-widget-sow-editor so-widget-sow-editor-base\"\n\t\t\t\n\t\t>\n<div class=\"siteorigin-widget-tinymce textwidget\">\n\t<p>Sie f\u00f6rdern die Artenvielfalt, indem sie optimale Bedingungen f\u00fcr aquatische \u00d6kosysteme schaffen und als Lebensraum f\u00fcr verschiedene Organismen (Amphibien, Insekten und Pflanzen) dienen, von denen einige sogar vom Aussterben bedroht sind.<\/p>\n<\/div>\n<\/div><\/div><\/div><\/div><\/div><\/div><\/div><div id=\"pg-17939-7\"  class=\"panel-grid panel-has-style\" ><div class=\"hide siteorigin-panels-stretch panel-row-style panel-row-style-for-17939-7\" id=\"hide\" data-stretch-type=\"full-width-stretch\" ><div id=\"pgc-17939-7-0\"  class=\"panel-grid-cell\" ><div class=\"hide panel-cell-style panel-cell-style-for-17939-7-0\" ><div id=\"panel-17939-7-0-0\" class=\"so-panel widget widget_sow-editor panel-first-child panel-last-child\" data-index=\"13\" ><div class=\"panel-widget-style panel-widget-style-for-17939-7-0-0\" ><div\n\t\t\t\n\t\t\tclass=\"so-widget-sow-editor so-widget-sow-editor-base\"\n\t\t\t\n\t\t>\n<div class=\"siteorigin-widget-tinymce textwidget\">\n\t<p style=\"text-align: right;\"><span style=\"color: #ffffff;\">WIRTSCHAFTLICH<\/span><\/p>\n<\/div>\n<\/div><\/div><\/div><\/div><\/div><div id=\"pgc-17939-7-1\"  class=\"panel-grid-cell\" ><div class=\"hide panel-cell-style panel-cell-style-for-17939-7-1\" ><div id=\"panel-17939-7-1-0\" class=\"so-panel widget widget_sow-editor panel-first-child panel-last-child\" data-index=\"14\" ><div class=\"panel-widget-style panel-widget-style-for-17939-7-1-0\" ><div\n\t\t\t\n\t\t\tclass=\"so-widget-sow-editor so-widget-sow-editor-base\"\n\t\t\t\n\t\t>\n<div class=\"siteorigin-widget-tinymce textwidget\">\n\t<p>Auf privater Ebene sind die Einsparungen beim Wasser- und Energieverbrauch erheblich. Im Tourismussektor, der ein wichtiger Bestandteil vieler lokaler Volkswirtschaften ist und h\u00e4ufig zur Verschlechterung der Landschaft und zur Verschwendung von Ressourcen beitr\u00e4gt, ist es unerl\u00e4sslich, Badegew\u00e4sser anzubieten, die sich eindeutig positiv auf den Wasserverbrauch und die Verschmutzung durch die Versorgung von Chlorbecken auswirken.<\/p>\n<\/div>\n<\/div><\/div><\/div><\/div><\/div><\/div><\/div><div id=\"pg-17939-8\"  class=\"panel-grid panel-has-style\" ><div class=\"hide siteorigin-panels-stretch panel-row-style panel-row-style-for-17939-8\" id=\"hide\" data-stretch-type=\"full-width-stretch\" ><div id=\"pgc-17939-8-0\"  class=\"panel-grid-cell\" ><div class=\"hide panel-cell-style panel-cell-style-for-17939-8-0\" ><div id=\"panel-17939-8-0-0\" class=\"so-panel widget widget_sow-editor panel-first-child panel-last-child\" data-index=\"15\" ><div class=\"panel-widget-style panel-widget-style-for-17939-8-0-0\" ><div\n\t\t\t\n\t\t\tclass=\"so-widget-sow-editor so-widget-sow-editor-base\"\n\t\t\t\n\t\t>\n<div class=\"siteorigin-widget-tinymce textwidget\">\n\t<p style=\"text-align: right;\"><span style=\"color: #ffffff;\">LEBENDIGES WASSER<\/span><\/p>\n<\/div>\n<\/div><\/div><\/div><\/div><\/div><div id=\"pgc-17939-8-1\"  class=\"panel-grid-cell\" ><div class=\"hide panel-cell-style panel-cell-style-for-17939-8-1\" ><div id=\"panel-17939-8-1-0\" class=\"so-panel widget widget_sow-editor panel-first-child panel-last-child\" data-index=\"16\" ><div class=\"panel-widget-style panel-widget-style-for-17939-8-1-0\" ><div\n\t\t\t\n\t\t\tclass=\"so-widget-sow-editor so-widget-sow-editor-base\"\n\t\t\t\n\t\t>\n<div class=\"siteorigin-widget-tinymce textwidget\">\n\t<p>Chemisch desinfiziertes Wasser bedeutet nicht sauberes Wasser, sondern nur TOTES WASSER. Hier erkl\u00e4ren wir, was eine Desinfektion mit Chlor bedeutet.<\/p>\n<\/div>\n<\/div><\/div><\/div><\/div><\/div><\/div><\/div><\/div>","protected":false},"excerpt":{"rendered":"<p>Vorteile eines Biopools &nbsp; &nbsp; &nbsp; &nbsp; &nbsp; GESUNDHEIT Es tr&auml;gt durch hochwertiges Wasser zum Wohlbefinden seiner Benutzer bei und erm&ouml;glicht viel ges&uuml;nderes Baden als herk&ouml;mmliche Wasseraufbereitungsl&ouml;sungen.<\/p>\n","protected":false},"author":1,"featured_media":0,"parent":0,"menu_order":0,"comment_status":"closed","ping_status":"closed","template":"","meta":{"footnotes":""},"class_list":["post-17939","page","type-page","status-publish","hentry"],"yoast_head":"<!-- This site is optimized with the Yoast SEO plugin v27.4 - https:\/\/yoast.com\/product\/yoast-seo-wordpress\/ -->\n<title>Benefits of a biopool - Your Experts for natural pools and ponds<\/title>\n<meta name=\"description\" content=\"If you want a natural and healthy water experience as a pool or pond owner in Ibiza we are your no.1 planer and builder\" \/>\n<meta name=\"robots\" content=\"index, follow, max-snippet:-1, max-image-preview:large, max-video-preview:-1\" \/>\n<link rel=\"canonical\" href=\"https:\/\/thebiopool.com\/de\/vorteile-biopool\/\" \/>\n<meta property=\"og:locale\" content=\"de_DE\" \/>\n<meta property=\"og:type\" content=\"article\" \/>\n<meta property=\"og:title\" content=\"Benefits of a biopool - Your Experts for natural pools and ponds\" \/>\n<meta property=\"og:description\" content=\"If you want a natural and healthy water experience as a pool or pond owner in Ibiza we are your no.1 planer and builder\" \/>\n<meta property=\"og:url\" content=\"https:\/\/thebiopool.com\/de\/vorteile-biopool\/\" \/>\n<meta property=\"og:site_name\" content=\"Natur Pools und Schwimmteiche\" \/>\n<meta property=\"article:publisher\" content=\"https:\/\/www.facebook.com\/Naturaleza-y-Arte-Stefan-Meier-162702410430553\/\" \/>\n<meta property=\"article:modified_time\" content=\"2024-11-26T13:31:43+00:00\" \/>\n<meta name=\"twitter:card\" content=\"summary_large_image\" \/>\n<meta name=\"twitter:label1\" content=\"Gesch\u00e4tzte Lesezeit\" \/>\n\t<meta name=\"twitter:data1\" content=\"4\u00a0Minuten\" \/>\n<script type=\"application\/ld+json\" class=\"yoast-schema-graph\">{\"@context\":\"https:\\\/\\\/schema.org\",\"@graph\":[{\"@type\":\"WebPage\",\"@id\":\"https:\\\/\\\/thebiopool.com\\\/de\\\/vorteile-biopool\\\/\",\"url\":\"https:\\\/\\\/thebiopool.com\\\/de\\\/vorteile-biopool\\\/\",\"name\":\"Benefits of a biopool - Your Experts for natural pools and ponds\",\"isPartOf\":{\"@id\":\"https:\\\/\\\/thebiopool.com\\\/de\\\/#website\"},\"datePublished\":\"2024-06-23T06:08:46+00:00\",\"dateModified\":\"2024-11-26T13:31:43+00:00\",\"description\":\"If you want a natural and healthy water experience as a pool or pond owner in Ibiza we are your no.1 planer and builder\",\"breadcrumb\":{\"@id\":\"https:\\\/\\\/thebiopool.com\\\/de\\\/vorteile-biopool\\\/#breadcrumb\"},\"inLanguage\":\"de\",\"potentialAction\":[{\"@type\":\"ReadAction\",\"target\":[[\"https:\\\/\\\/thebiopool.com\\\/de\\\/vorteile-biopool\\\/\"]]}]},{\"@type\":\"BreadcrumbList\",\"@id\":\"https:\\\/\\\/thebiopool.com\\\/de\\\/vorteile-biopool\\\/#breadcrumb\",\"itemListElement\":[{\"@type\":\"ListItem\",\"position\":1,\"name\":\"Home\",\"item\":\"https:\\\/\\\/thebiopool.com\\\/de\\\/\"},{\"@type\":\"ListItem\",\"position\":2,\"name\":\"VORTEILE BIOPOOL\"}]},{\"@type\":\"WebSite\",\"@id\":\"https:\\\/\\\/thebiopool.com\\\/de\\\/#website\",\"url\":\"https:\\\/\\\/thebiopool.com\\\/de\\\/\",\"name\":\"TheBiopool\",\"description\":\"wir planen und bauen Ihren perfecten Schwimmteich und Natur Pool\",\"publisher\":{\"@id\":\"https:\\\/\\\/thebiopool.com\\\/de\\\/#organization\"},\"potentialAction\":[{\"@type\":\"SearchAction\",\"target\":{\"@type\":\"EntryPoint\",\"urlTemplate\":\"https:\\\/\\\/thebiopool.com\\\/de\\\/?s={search_term_string}\"},\"query-input\":{\"@type\":\"PropertyValueSpecification\",\"valueRequired\":true,\"valueName\":\"search_term_string\"}}],\"inLanguage\":\"de\"},{\"@type\":\"Organization\",\"@id\":\"https:\\\/\\\/thebiopool.com\\\/de\\\/#organization\",\"name\":\"TheBiopool\",\"url\":\"https:\\\/\\\/thebiopool.com\\\/de\\\/\",\"logo\":{\"@type\":\"ImageObject\",\"inLanguage\":\"de\",\"@id\":\"https:\\\/\\\/thebiopool.com\\\/de\\\/#\\\/schema\\\/logo\\\/image\\\/\",\"url\":\"https:\\\/\\\/thebiopool.com\\\/wp-content\\\/uploads\\\/logo-schatten-website-klein.png\",\"contentUrl\":\"https:\\\/\\\/thebiopool.com\\\/wp-content\\\/uploads\\\/logo-schatten-website-klein.png\",\"width\":220,\"height\":64,\"caption\":\"TheBiopool\"},\"image\":{\"@id\":\"https:\\\/\\\/thebiopool.com\\\/de\\\/#\\\/schema\\\/logo\\\/image\\\/\"},\"sameAs\":[\"https:\\\/\\\/www.facebook.com\\\/Naturaleza-y-Arte-Stefan-Meier-162702410430553\\\/\",\"https:\\\/\\\/www.instagram.com\\\/thebiopool\\\/\"]}]}<\/script>\n<!-- \/ Yoast SEO plugin. -->","yoast_head_json":{"title":"Benefits of a biopool - Your Experts for natural pools and ponds","description":"If you want a natural and healthy water experience as a pool or pond owner in Ibiza we are your no.1 planer and builder","robots":{"index":"index","follow":"follow","max-snippet":"max-snippet:-1","max-image-preview":"max-image-preview:large","max-video-preview":"max-video-preview:-1"},"canonical":"https:\/\/thebiopool.com\/de\/vorteile-biopool\/","og_locale":"de_DE","og_type":"article","og_title":"Benefits of a biopool - Your Experts for natural pools and ponds","og_description":"If you want a natural and healthy water experience as a pool or pond owner in Ibiza we are your no.1 planer and builder","og_url":"https:\/\/thebiopool.com\/de\/vorteile-biopool\/","og_site_name":"Natur Pools und Schwimmteiche","article_publisher":"https:\/\/www.facebook.com\/Naturaleza-y-Arte-Stefan-Meier-162702410430553\/","article_modified_time":"2024-11-26T13:31:43+00:00","twitter_card":"summary_large_image","twitter_misc":{"Gesch\u00e4tzte Lesezeit":"4\u00a0Minuten"},"schema":{"@context":"https:\/\/schema.org","@graph":[{"@type":"WebPage","@id":"https:\/\/thebiopool.com\/de\/vorteile-biopool\/","url":"https:\/\/thebiopool.com\/de\/vorteile-biopool\/","name":"Benefits of a biopool - Your Experts for natural pools and ponds","isPartOf":{"@id":"https:\/\/thebiopool.com\/de\/#website"},"datePublished":"2024-06-23T06:08:46+00:00","dateModified":"2024-11-26T13:31:43+00:00","description":"If you want a natural and healthy water experience as a pool or pond owner in Ibiza we are your no.1 planer and builder","breadcrumb":{"@id":"https:\/\/thebiopool.com\/de\/vorteile-biopool\/#breadcrumb"},"inLanguage":"de","potentialAction":[{"@type":"ReadAction","target":[["https:\/\/thebiopool.com\/de\/vorteile-biopool\/"]]}]},{"@type":"BreadcrumbList","@id":"https:\/\/thebiopool.com\/de\/vorteile-biopool\/#breadcrumb","itemListElement":[{"@type":"ListItem","position":1,"name":"Home","item":"https:\/\/thebiopool.com\/de\/"},{"@type":"ListItem","position":2,"name":"VORTEILE BIOPOOL"}]},{"@type":"WebSite","@id":"https:\/\/thebiopool.com\/de\/#website","url":"https:\/\/thebiopool.com\/de\/","name":"TheBiopool","description":"wir planen und bauen Ihren perfecten Schwimmteich und Natur Pool","publisher":{"@id":"https:\/\/thebiopool.com\/de\/#organization"},"potentialAction":[{"@type":"SearchAction","target":{"@type":"EntryPoint","urlTemplate":"https:\/\/thebiopool.com\/de\/?s={search_term_string}"},"query-input":{"@type":"PropertyValueSpecification","valueRequired":true,"valueName":"search_term_string"}}],"inLanguage":"de"},{"@type":"Organization","@id":"https:\/\/thebiopool.com\/de\/#organization","name":"TheBiopool","url":"https:\/\/thebiopool.com\/de\/","logo":{"@type":"ImageObject","inLanguage":"de","@id":"https:\/\/thebiopool.com\/de\/#\/schema\/logo\/image\/","url":"https:\/\/thebiopool.com\/wp-content\/uploads\/logo-schatten-website-klein.png","contentUrl":"https:\/\/thebiopool.com\/wp-content\/uploads\/logo-schatten-website-klein.png","width":220,"height":64,"caption":"TheBiopool"},"image":{"@id":"https:\/\/thebiopool.com\/de\/#\/schema\/logo\/image\/"},"sameAs":["https:\/\/www.facebook.com\/Naturaleza-y-Arte-Stefan-Meier-162702410430553\/","https:\/\/www.instagram.com\/thebiopool\/"]}]}},"_links":{"self":[{"href":"https:\/\/thebiopool.com\/de\/wp-json\/wp\/v2\/pages\/17939","targetHints":{"allow":["GET"]}}],"collection":[{"href":"https:\/\/thebiopool.com\/de\/wp-json\/wp\/v2\/pages"}],"about":[{"href":"https:\/\/thebiopool.com\/de\/wp-json\/wp\/v2\/types\/page"}],"author":[{"embeddable":true,"href":"https:\/\/thebiopool.com\/de\/wp-json\/wp\/v2\/users\/1"}],"replies":[{"embeddable":true,"href":"https:\/\/thebiopool.com\/de\/wp-json\/wp\/v2\/comments?post=17939"}],"version-history":[{"count":0,"href":"https:\/\/thebiopool.com\/de\/wp-json\/wp\/v2\/pages\/17939\/revisions"}],"wp:attachment":[{"href":"https:\/\/thebiopool.com\/de\/wp-json\/wp\/v2\/media?parent=17939"}],"curies":[{"name":"wp","href":"https:\/\/api.w.org\/{rel}","templated":true}]}}