{"id":18178,"date":"2024-07-10T06:03:53","date_gmt":"2024-07-10T04:03:53","guid":{"rendered":"https:\/\/thebiopool.com\/?page_id=18178"},"modified":"2026-03-31T14:13:49","modified_gmt":"2026-03-31T12:13:49","slug":"swimming-pond","status":"publish","type":"page","link":"https:\/\/thebiopool.com\/de\/swimming-pond\/","title":{"rendered":"B1"},"content":{"rendered":"<div id=\"pl-18178\"  class=\"panel-layout\" ><div id=\"pg-18178-0\"  class=\"panel-grid panel-has-style\" ><div class=\"hide siteorigin-panels-stretch panel-row-style panel-row-style-for-18178-0\" id=\"hide\" data-stretch-type=\"full-width-stretch\" ><div id=\"pgc-18178-0-0\"  class=\"panel-grid-cell\" ><div class=\"hide panel-cell-style panel-cell-style-for-18178-0-0\" ><div id=\"panel-18178-0-0-0\" class=\"so-panel widget widget_sow-editor panel-first-child\" data-index=\"0\" ><div class=\"panel-widget-style panel-widget-style-for-18178-0-0-0\" ><div\n\t\t\t\n\t\t\tclass=\"so-widget-sow-editor so-widget-sow-editor-base\"\n\t\t\t\n\t\t>\n<div class=\"siteorigin-widget-tinymce textwidget\">\n\t<h1 style=\"text-shadow: #2f4f4f 2px -2px; text-align: right;\"><span style=\"color: #ffffff;\">Das totale Eintauchen in die Natur<\/span><\/h1>\n<\/div>\n<\/div><\/div><\/div><div id=\"panel-18178-0-0-1\" class=\"so-panel widget widget_sow-editor panel-last-child\" data-index=\"1\" ><div class=\"panel-widget-style panel-widget-style-for-18178-0-0-1\" ><div\n\t\t\t\n\t\t\tclass=\"so-widget-sow-editor so-widget-sow-editor-base\"\n\t\t\t\n\t\t>\n<div class=\"siteorigin-widget-tinymce textwidget\">\n\t<span style=\"font-size: 120%;\">Ein NAT\u00dcRLICHER SCHWIMMTEICH ist ein \u201e<strong><span style=\"color: #339966;\">k\u00fcnstlich geschaffenes \u00d6kosystem<\/span><\/strong>, in dem das Wasser ausschlie\u00dflich durch <span style=\"color: #339966;\"><strong>mechanische und biologische Prozesse<\/strong><\/span> gereinigt wird\u201c (International Organization for Natural Bath Waters. <span style=\"color: #339966;\"><strong>IOB<\/strong><\/span>). Sie schlie\u00dfen alle Prozesse mit chemischen Produkten, UV (ultraviolettes Licht), Ultraschall oder \u00e4hnlichem aus. Eine vollst\u00e4ndige Gew\u00e4ssersanierung ist nur in Ausnahmef\u00e4llen zul\u00e4ssig.<\/span>\n\n<span style=\"font-size: 120%;\">Auf diese Weise ist ein NAT\u00dcRLICHER SCHWIMMTEICH eine nat\u00fcrliche L\u00f6sung (<span style=\"color: #339966;\"><strong>NBS<\/strong><\/span>, definiert durch die <span style=\"color: #339966;\"><strong>UICN<\/strong><\/span>).<\/span>\n\n<span style=\"font-size: 120%;\">Der Benutzer taucht ein in <span style=\"color: #339966;\"><strong>lebendiges Wasser<\/strong><\/span>, das sanft f\u00fcr Haut, Augen und Atemwege ist und die von der IOB festgelegten Hygiene- und Qualit\u00e4tsparameter erf\u00fcllt.<\/span>\n\n<span style=\"font-size: 120%;\">Dank der vollst\u00e4ndig in die Natur integrierten Strukturgestaltung und der Qualit\u00e4t des Wassers erf\u00fcllen sie auch eine <span style=\"color: #339966;\"><strong>Grundfunktion als Lebensraum<\/strong><\/span> f\u00fcr zahlreicher Pflanzen- und Tierarten eine Rolle, darunter auch vom Aussterben bedrohte.<\/span>\n\n<span style=\"font-size: 120%;\">Der Badende kann in kristallklarem Wasser zwischen seichten Stellen und bl\u00fchender Vegetation schwimmen und die spektakul\u00e4re Wasserumgebung die ihn umgibt beobachten , ebenso wie die Fr\u00f6sche, Libellen, Bienen und V\u00f6gel, die trinken und baden.<\/span><\/div>\n<\/div><\/div><\/div><\/div><\/div><\/div><\/div><div id=\"pg-18178-1\"  class=\"panel-grid panel-has-style\" ><div class=\"siteorigin-panels-stretch panel-row-style panel-row-style-for-18178-1\" data-stretch-type=\"full-width-stretch\" ><div id=\"pgc-18178-1-0\"  class=\"panel-grid-cell\" ><div id=\"panel-18178-1-0-0\" class=\"so-panel widget widget_sow-editor panel-first-child\" data-index=\"2\" ><div class=\"panel-widget-style panel-widget-style-for-18178-1-0-0\" ><div\n\t\t\t\n\t\t\tclass=\"so-widget-sow-editor so-widget-sow-editor-base\"\n\t\t\t\n\t\t>\n<div class=\"siteorigin-widget-tinymce textwidget\">\n\t<h1 style=\"text-shadow: #2f4f4f 2px -2px; text-align: right;\"><span style=\"color: #ccffff;\"><span style=\"color: #ffffff;\"><strong>Internationale Organisation f\u00fcr naturnahe Badegew\u00e4sser<\/strong><\/span><br \/>\n<\/span><span style=\"color: #ffffff;\"><strong><big>IOB<\/big><\/strong><\/span><\/h1>\n<p>&nbsp;<br \/>\n&nbsp;<br \/>\n&nbsp;<br \/>\n&nbsp;<\/p>\n<\/div>\n<\/div><\/div><\/div><div id=\"panel-18178-1-0-1\" class=\"so-panel widget widget_sow-editor panel-last-child\" data-index=\"3\" ><div class=\"panel-widget-style panel-widget-style-for-18178-1-0-1\" ><div\n\t\t\t\n\t\t\tclass=\"so-widget-sow-editor so-widget-sow-editor-base\"\n\t\t\t\n\t\t>\n<div class=\"siteorigin-widget-tinymce textwidget\">\n\t<h1><\/h1>\n<\/p>\n<p style=\"text-align: left;\"><span style=\"font-size: 120%;\"><strong><span style=\"color: #339966;\">TheBIOPOOL <\/span><\/strong>ist Mitglied der Iberischen Gruppe f\u00fcr nat\u00fcrliche Badegew\u00e4sser (<span style=\"color: #339966;\"><strong>GIABN<\/strong><\/span>), einer Vereinigung von Fachleuten f\u00fcr die Planung und den Bau biologisch gereinigter Badebereiche in Spanien und Portugal, und ist au\u00dferdem Teil der Internationalen Organisation f\u00fcr nat\u00fcrliche Badegew\u00e4sser,\u00a0<span style=\"color: #339966;\"><strong>IOB<\/strong><\/span>. Die 2009 gegr\u00fcndete IOB vereint 12 nationale Verb\u00e4nde und mehr als 600 Fachleute und Unternehmen des Sektors. Ihre Aufgabe besteht darin, die Forschung zu f\u00f6rdern und die Entwicklung angewandter Technologien und Vorschriften im Bereich nat\u00fcrlicher Badegew\u00e4sser zu unterst\u00fctzen.<br \/>\n<\/span><\/p><\/p>\n<\/div>\n<\/div><\/div><\/div><\/div><\/div><\/div><div id=\"pg-18178-2\"  class=\"panel-grid panel-has-style\" ><div class=\"siteorigin-panels-stretch panel-row-style panel-row-style-for-18178-2\" data-stretch-type=\"full-width-stretch\" ><div id=\"pgc-18178-2-0\"  class=\"panel-grid-cell\" ><div id=\"panel-18178-2-0-0\" class=\"so-panel widget widget_sow-editor panel-first-child panel-last-child\" data-index=\"4\" ><div class=\"panel-widget-style panel-widget-style-for-18178-2-0-0\" ><div\n\t\t\t\n\t\t\tclass=\"so-widget-sow-editor so-widget-sow-editor-base\"\n\t\t\t\n\t\t>\n<div class=\"siteorigin-widget-tinymce textwidget\">\n\t<p><strong>1.<br \/>\nNaturbasierte L\u00f6sungen<\/strong><\/p>\n<\/div>\n<\/div><\/div><\/div><\/div><div id=\"pgc-18178-2-1\"  class=\"panel-grid-cell\" ><div id=\"panel-18178-2-1-0\" class=\"so-panel widget widget_sow-editor panel-first-child panel-last-child\" data-index=\"5\" ><div class=\"panel-widget-style panel-widget-style-for-18178-2-1-0\" ><div\n\t\t\t\n\t\t\tclass=\"so-widget-sow-editor so-widget-sow-editor-base\"\n\t\t\t\n\t\t>\n<div class=\"siteorigin-widget-tinymce textwidget\">\n\t<p><strong>2.<br \/>\nKreislaufwirtschaft<\/strong><\/p>\n<\/div>\n<\/div><\/div><\/div><\/div><div id=\"pgc-18178-2-2\"  class=\"panel-grid-cell\" ><div id=\"panel-18178-2-2-0\" class=\"so-panel widget widget_sow-editor panel-first-child panel-last-child\" data-index=\"6\" ><div class=\"panel-widget-style panel-widget-style-for-18178-2-2-0\" ><div\n\t\t\t\n\t\t\tclass=\"so-widget-sow-editor so-widget-sow-editor-base\"\n\t\t\t\n\t\t>\n<div class=\"siteorigin-widget-tinymce textwidget\">\n\t<p><strong>3.<br \/>\nBiologische Behandlung<\/strong><\/p>\n<\/div>\n<\/div><\/div><\/div><\/div><div id=\"pgc-18178-2-3\"  class=\"panel-grid-cell\" ><div id=\"panel-18178-2-3-0\" class=\"so-panel widget widget_sow-editor panel-first-child panel-last-child\" data-index=\"7\" ><div class=\"panel-widget-style panel-widget-style-for-18178-2-3-0\" ><div\n\t\t\t\n\t\t\tclass=\"so-widget-sow-editor so-widget-sow-editor-base\"\n\t\t\t\n\t\t>\n<div class=\"siteorigin-widget-tinymce textwidget\">\n\t<p><strong>4.<br \/>\nPlanungsprozess<\/strong><\/p>\n<\/div>\n<\/div><\/div><\/div><\/div><div id=\"pgc-18178-2-4\"  class=\"panel-grid-cell\" ><div id=\"panel-18178-2-4-0\" class=\"so-panel widget widget_sow-editor panel-first-child panel-last-child\" data-index=\"8\" ><div class=\"panel-widget-style panel-widget-style-for-18178-2-4-0\" ><div\n\t\t\t\n\t\t\tclass=\"so-widget-sow-editor so-widget-sow-editor-base\"\n\t\t\t\n\t\t>\n<div class=\"siteorigin-widget-tinymce textwidget\">\n\t<p><strong>5.<br \/>\nInformation f\u00fcr den Kunden<br \/>\n<\/strong><\/p>\n<\/div>\n<\/div><\/div><\/div><\/div><\/div><\/div><div id=\"pg-18178-3\"  class=\"panel-grid panel-has-style\" ><div class=\"siteorigin-panels-stretch panel-row-style panel-row-style-for-18178-3\" data-stretch-type=\"full-width-stretch\" ><div id=\"pgc-18178-3-0\"  class=\"panel-grid-cell\" ><div id=\"panel-18178-3-0-0\" class=\"so-panel widget widget_sow-editor panel-first-child panel-last-child\" data-index=\"9\" ><div class=\"panel-widget-style panel-widget-style-for-18178-3-0-0\" ><div\n\t\t\t\n\t\t\tclass=\"so-widget-sow-editor so-widget-sow-editor-base\"\n\t\t\t\n\t\t>\n<div class=\"siteorigin-widget-tinymce textwidget\">\n\t<p><strong>6.<br \/>\nVorschriften<\/strong><\/p>\n<\/div>\n<\/div><\/div><\/div><\/div><div id=\"pgc-18178-3-1\"  class=\"panel-grid-cell\" ><div id=\"panel-18178-3-1-0\" class=\"so-panel widget widget_sow-editor panel-first-child panel-last-child\" data-index=\"10\" ><div class=\"panel-widget-style panel-widget-style-for-18178-3-1-0\" ><div\n\t\t\t\n\t\t\tclass=\"so-widget-sow-editor so-widget-sow-editor-base\"\n\t\t\t\n\t\t>\n<div class=\"siteorigin-widget-tinymce textwidget\">\n\t<p><strong>7.<br \/>\nInterne Konfiguration<\/strong><\/p>\n<\/div>\n<\/div><\/div><\/div><\/div><div id=\"pgc-18178-3-2\"  class=\"panel-grid-cell\" ><div id=\"panel-18178-3-2-0\" class=\"so-panel widget widget_sow-editor panel-first-child panel-last-child\" data-index=\"11\" ><div class=\"panel-widget-style panel-widget-style-for-18178-3-2-0\" ><div\n\t\t\t\n\t\t\tclass=\"so-widget-sow-editor so-widget-sow-editor-base\"\n\t\t\t\n\t\t>\n<div class=\"siteorigin-widget-tinymce textwidget\">\n\t<p><strong>8.<br \/>\nAbflie\u00dfendes Wasser<\/strong><\/p>\n<\/div>\n<\/div><\/div><\/div><\/div><div id=\"pgc-18178-3-3\"  class=\"panel-grid-cell\" ><div id=\"panel-18178-3-3-0\" class=\"so-panel widget widget_sow-editor panel-first-child panel-last-child\" data-index=\"12\" ><div class=\"panel-widget-style panel-widget-style-for-18178-3-3-0\" ><div\n\t\t\t\n\t\t\tclass=\"so-widget-sow-editor so-widget-sow-editor-base\"\n\t\t\t\n\t\t>\n<div class=\"siteorigin-widget-tinymce textwidget\">\n\t<p><strong>9.<br \/>\nVersiegelt<br \/>\n<\/strong><\/p>\n<\/div>\n<\/div><\/div><\/div><\/div><div id=\"pgc-18178-3-4\"  class=\"panel-grid-cell\" ><div id=\"panel-18178-3-4-0\" class=\"so-panel widget widget_sow-editor panel-first-child panel-last-child\" data-index=\"13\" ><div class=\"panel-widget-style panel-widget-style-for-18178-3-4-0\" ><div\n\t\t\t\n\t\t\tclass=\"so-widget-sow-editor so-widget-sow-editor-base\"\n\t\t\t\n\t\t>\n<div class=\"siteorigin-widget-tinymce textwidget\">\n\t<p><strong>10.<br \/>\nMaterialien<br \/>\n<\/strong><\/p>\n<\/div>\n<\/div><\/div><\/div><\/div><\/div><\/div><div id=\"pg-18178-4\"  class=\"panel-grid panel-has-style\" ><div class=\"siteorigin-panels-stretch panel-row-style panel-row-style-for-18178-4\" data-stretch-type=\"full-width-stretch\" ><div id=\"pgc-18178-4-0\"  class=\"panel-grid-cell\" ><div id=\"panel-18178-4-0-0\" class=\"so-panel widget widget_sow-editor panel-first-child panel-last-child\" data-index=\"14\" ><div class=\"panel-widget-style panel-widget-style-for-18178-4-0-0\" ><div\n\t\t\t\n\t\t\tclass=\"so-widget-sow-editor so-widget-sow-editor-base\"\n\t\t\t\n\t\t>\n<div class=\"siteorigin-widget-tinymce textwidget\">\n\t<p><strong>11.<br \/>\nEinheimische Pflanzen<\/strong><\/p>\n<\/div>\n<\/div><\/div><\/div><\/div><div id=\"pgc-18178-4-1\"  class=\"panel-grid-cell\" ><div id=\"panel-18178-4-1-0\" class=\"so-panel widget widget_sow-editor panel-first-child panel-last-child\" data-index=\"15\" ><div class=\"panel-widget-style panel-widget-style-for-18178-4-1-0\" ><div\n\t\t\t\n\t\t\tclass=\"so-widget-sow-editor so-widget-sow-editor-base\"\n\t\t\t\n\t\t>\n<div class=\"siteorigin-widget-tinymce textwidget\">\n\t<p><strong>12.<br \/>\nZusammensetzung von Wasser<\/strong><\/p>\n<\/div>\n<\/div><\/div><\/div><\/div><div id=\"pgc-18178-4-2\"  class=\"panel-grid-cell\" ><div id=\"panel-18178-4-2-0\" class=\"so-panel widget widget_sow-editor panel-first-child panel-last-child\" data-index=\"16\" ><div class=\"panel-widget-style panel-widget-style-for-18178-4-2-0\" ><div\n\t\t\t\n\t\t\tclass=\"so-widget-sow-editor so-widget-sow-editor-base\"\n\t\t\t\n\t\t>\n<div class=\"siteorigin-widget-tinymce textwidget\">\n\t<p><strong>13.<br \/>\nWassertests<\/strong><\/p>\n<\/div>\n<\/div><\/div><\/div><\/div><div id=\"pgc-18178-4-3\"  class=\"panel-grid-cell\" ><div id=\"panel-18178-4-3-0\" class=\"so-panel widget widget_sow-editor panel-first-child panel-last-child\" data-index=\"17\" ><div class=\"panel-widget-style panel-widget-style-for-18178-4-3-0\" ><div\n\t\t\t\n\t\t\tclass=\"so-widget-sow-editor so-widget-sow-editor-base\"\n\t\t\t\n\t\t>\n<div class=\"siteorigin-widget-tinymce textwidget\">\n\t<p><strong>14.<br \/>\nIndikatororganismen<br \/>\n<\/strong><\/p>\n<\/div>\n<\/div><\/div><\/div><\/div><div id=\"pgc-18178-4-4\"  class=\"panel-grid-cell\" ><div id=\"panel-18178-4-4-0\" class=\"so-panel widget widget_sow-editor panel-first-child panel-last-child\" data-index=\"18\" ><div class=\"panel-widget-style panel-widget-style-for-18178-4-4-0\" ><div\n\t\t\t\n\t\t\tclass=\"so-widget-sow-editor so-widget-sow-editor-base\"\n\t\t\t\n\t\t>\n<div class=\"siteorigin-widget-tinymce textwidget\">\n\t<h1 style=\"text-align: center;\"><strong><big><span style=\"color: #ffffff;\">IOB<\/span><br \/>\n<\/big><\/strong><\/h1>\n<\/div>\n<\/div><\/div><\/div><\/div><\/div><\/div><\/div>","protected":false},"excerpt":{"rendered":"<p>Das totale Eintauchen in die Natur Ein NAT&Uuml;RLICHER SCHWIMMTEICH ist ein &bdquo;k&uuml;nstlich geschaffenes &Ouml;kosystem, in dem das Wasser ausschlie&szlig;lich durch mechanische und biologische Prozesse gereinigt wird&ldquo; (International Organization for Natural Bath Waters. IOB). Sie schlie&szlig;en alle Prozesse mit chemischen Produkten, UV (ultraviolettes Licht), Ultraschall oder &auml;hnlichem aus. Eine vollst&auml;ndige Gew&auml;ssersanierung ist nur in Ausnahmef&auml;llen zul&auml;ssig. Auf diese Weise ist ein NAT&Uuml;RLICHER SCHWIMMTEICH eine nat&uuml;rliche L&ouml;sung (NBS, definiert durch die UICN). Der Benutzer taucht ein in lebendiges Wasser, das sanft f&uuml;r Haut, Augen und Atemwege ist und die von der IOB festgelegten Hygiene- und Qualit&auml;tsparameter erf&uuml;llt. Dank der vollst&auml;ndig in die&hellip;<\/p>\n","protected":false},"author":1,"featured_media":0,"parent":0,"menu_order":0,"comment_status":"closed","ping_status":"closed","template":"","meta":{"footnotes":""},"class_list":["post-18178","page","type-page","status-publish","hentry"],"yoast_head":"<!-- This site is optimized with the Yoast SEO plugin v27.4 - https:\/\/yoast.com\/product\/yoast-seo-wordpress\/ -->\n<title>B1 - Experts for natural ponds<\/title>\n<meta name=\"description\" content=\"(English) If you want a natural and healthy water experience as a pool or pond owner in Ibiza we are your no.1 planer and builder\" \/>\n<meta name=\"robots\" content=\"index, follow, max-snippet:-1, max-image-preview:large, max-video-preview:-1\" \/>\n<link rel=\"canonical\" href=\"https:\/\/thebiopool.com\/de\/swimming-pond\/\" \/>\n<meta property=\"og:locale\" content=\"de_DE\" \/>\n<meta property=\"og:type\" content=\"article\" \/>\n<meta property=\"og:title\" content=\"B1 - Experts for natural ponds\" \/>\n<meta property=\"og:description\" content=\"(English) If you want a natural and healthy water experience as a pool or pond owner in Ibiza we are your no.1 planer and builder\" \/>\n<meta property=\"og:url\" content=\"https:\/\/thebiopool.com\/de\/swimming-pond\/\" \/>\n<meta property=\"og:site_name\" content=\"Natur Pools und Schwimmteiche\" \/>\n<meta property=\"article:publisher\" content=\"https:\/\/www.facebook.com\/Naturaleza-y-Arte-Stefan-Meier-162702410430553\/\" \/>\n<meta property=\"article:modified_time\" content=\"2026-03-31T12:13:49+00:00\" \/>\n<meta name=\"twitter:card\" content=\"summary_large_image\" \/>\n<meta name=\"twitter:label1\" content=\"Gesch\u00e4tzte Lesezeit\" \/>\n\t<meta name=\"twitter:data1\" content=\"5\u00a0Minuten\" \/>\n<script type=\"application\/ld+json\" class=\"yoast-schema-graph\">{\"@context\":\"https:\\\/\\\/schema.org\",\"@graph\":[{\"@type\":\"WebPage\",\"@id\":\"https:\\\/\\\/thebiopool.com\\\/de\\\/swimming-pond\\\/\",\"url\":\"https:\\\/\\\/thebiopool.com\\\/de\\\/swimming-pond\\\/\",\"name\":\"B1 - Experts for natural ponds\",\"isPartOf\":{\"@id\":\"https:\\\/\\\/thebiopool.com\\\/de\\\/#website\"},\"datePublished\":\"2024-07-10T04:03:53+00:00\",\"dateModified\":\"2026-03-31T12:13:49+00:00\",\"description\":\"(English) If you want a natural and healthy water experience as a pool or pond owner in Ibiza we are your no.1 planer and builder\",\"breadcrumb\":{\"@id\":\"https:\\\/\\\/thebiopool.com\\\/de\\\/swimming-pond\\\/#breadcrumb\"},\"inLanguage\":\"de\",\"potentialAction\":[{\"@type\":\"ReadAction\",\"target\":[[\"https:\\\/\\\/thebiopool.com\\\/de\\\/swimming-pond\\\/\"]]}]},{\"@type\":\"BreadcrumbList\",\"@id\":\"https:\\\/\\\/thebiopool.com\\\/de\\\/swimming-pond\\\/#breadcrumb\",\"itemListElement\":[{\"@type\":\"ListItem\",\"position\":1,\"name\":\"Home\",\"item\":\"https:\\\/\\\/thebiopool.com\\\/de\\\/\"},{\"@type\":\"ListItem\",\"position\":2,\"name\":\"Swimming Pond\"}]},{\"@type\":\"WebSite\",\"@id\":\"https:\\\/\\\/thebiopool.com\\\/de\\\/#website\",\"url\":\"https:\\\/\\\/thebiopool.com\\\/de\\\/\",\"name\":\"TheBiopool\",\"description\":\"wir planen und bauen Ihren perfecten Schwimmteich und Natur Pool\",\"publisher\":{\"@id\":\"https:\\\/\\\/thebiopool.com\\\/de\\\/#organization\"},\"potentialAction\":[{\"@type\":\"SearchAction\",\"target\":{\"@type\":\"EntryPoint\",\"urlTemplate\":\"https:\\\/\\\/thebiopool.com\\\/de\\\/?s={search_term_string}\"},\"query-input\":{\"@type\":\"PropertyValueSpecification\",\"valueRequired\":true,\"valueName\":\"search_term_string\"}}],\"inLanguage\":\"de\"},{\"@type\":\"Organization\",\"@id\":\"https:\\\/\\\/thebiopool.com\\\/de\\\/#organization\",\"name\":\"TheBiopool\",\"url\":\"https:\\\/\\\/thebiopool.com\\\/de\\\/\",\"logo\":{\"@type\":\"ImageObject\",\"inLanguage\":\"de\",\"@id\":\"https:\\\/\\\/thebiopool.com\\\/de\\\/#\\\/schema\\\/logo\\\/image\\\/\",\"url\":\"https:\\\/\\\/thebiopool.com\\\/wp-content\\\/uploads\\\/logo-schatten-website-klein.png\",\"contentUrl\":\"https:\\\/\\\/thebiopool.com\\\/wp-content\\\/uploads\\\/logo-schatten-website-klein.png\",\"width\":220,\"height\":64,\"caption\":\"TheBiopool\"},\"image\":{\"@id\":\"https:\\\/\\\/thebiopool.com\\\/de\\\/#\\\/schema\\\/logo\\\/image\\\/\"},\"sameAs\":[\"https:\\\/\\\/www.facebook.com\\\/Naturaleza-y-Arte-Stefan-Meier-162702410430553\\\/\",\"https:\\\/\\\/www.instagram.com\\\/thebiopool\\\/\"]}]}<\/script>\n<!-- \/ Yoast SEO plugin. -->","yoast_head_json":{"title":"B1 - Experts for natural ponds","description":"(English) If you want a natural and healthy water experience as a pool or pond owner in Ibiza we are your no.1 planer and builder","robots":{"index":"index","follow":"follow","max-snippet":"max-snippet:-1","max-image-preview":"max-image-preview:large","max-video-preview":"max-video-preview:-1"},"canonical":"https:\/\/thebiopool.com\/de\/swimming-pond\/","og_locale":"de_DE","og_type":"article","og_title":"B1 - Experts for natural ponds","og_description":"(English) If you want a natural and healthy water experience as a pool or pond owner in Ibiza we are your no.1 planer and builder","og_url":"https:\/\/thebiopool.com\/de\/swimming-pond\/","og_site_name":"Natur Pools und Schwimmteiche","article_publisher":"https:\/\/www.facebook.com\/Naturaleza-y-Arte-Stefan-Meier-162702410430553\/","article_modified_time":"2026-03-31T12:13:49+00:00","twitter_card":"summary_large_image","twitter_misc":{"Gesch\u00e4tzte Lesezeit":"5\u00a0Minuten"},"schema":{"@context":"https:\/\/schema.org","@graph":[{"@type":"WebPage","@id":"https:\/\/thebiopool.com\/de\/swimming-pond\/","url":"https:\/\/thebiopool.com\/de\/swimming-pond\/","name":"B1 - Experts for natural ponds","isPartOf":{"@id":"https:\/\/thebiopool.com\/de\/#website"},"datePublished":"2024-07-10T04:03:53+00:00","dateModified":"2026-03-31T12:13:49+00:00","description":"(English) If you want a natural and healthy water experience as a pool or pond owner in Ibiza we are your no.1 planer and builder","breadcrumb":{"@id":"https:\/\/thebiopool.com\/de\/swimming-pond\/#breadcrumb"},"inLanguage":"de","potentialAction":[{"@type":"ReadAction","target":[["https:\/\/thebiopool.com\/de\/swimming-pond\/"]]}]},{"@type":"BreadcrumbList","@id":"https:\/\/thebiopool.com\/de\/swimming-pond\/#breadcrumb","itemListElement":[{"@type":"ListItem","position":1,"name":"Home","item":"https:\/\/thebiopool.com\/de\/"},{"@type":"ListItem","position":2,"name":"Swimming Pond"}]},{"@type":"WebSite","@id":"https:\/\/thebiopool.com\/de\/#website","url":"https:\/\/thebiopool.com\/de\/","name":"TheBiopool","description":"wir planen und bauen Ihren perfecten Schwimmteich und Natur Pool","publisher":{"@id":"https:\/\/thebiopool.com\/de\/#organization"},"potentialAction":[{"@type":"SearchAction","target":{"@type":"EntryPoint","urlTemplate":"https:\/\/thebiopool.com\/de\/?s={search_term_string}"},"query-input":{"@type":"PropertyValueSpecification","valueRequired":true,"valueName":"search_term_string"}}],"inLanguage":"de"},{"@type":"Organization","@id":"https:\/\/thebiopool.com\/de\/#organization","name":"TheBiopool","url":"https:\/\/thebiopool.com\/de\/","logo":{"@type":"ImageObject","inLanguage":"de","@id":"https:\/\/thebiopool.com\/de\/#\/schema\/logo\/image\/","url":"https:\/\/thebiopool.com\/wp-content\/uploads\/logo-schatten-website-klein.png","contentUrl":"https:\/\/thebiopool.com\/wp-content\/uploads\/logo-schatten-website-klein.png","width":220,"height":64,"caption":"TheBiopool"},"image":{"@id":"https:\/\/thebiopool.com\/de\/#\/schema\/logo\/image\/"},"sameAs":["https:\/\/www.facebook.com\/Naturaleza-y-Arte-Stefan-Meier-162702410430553\/","https:\/\/www.instagram.com\/thebiopool\/"]}]}},"_links":{"self":[{"href":"https:\/\/thebiopool.com\/de\/wp-json\/wp\/v2\/pages\/18178","targetHints":{"allow":["GET"]}}],"collection":[{"href":"https:\/\/thebiopool.com\/de\/wp-json\/wp\/v2\/pages"}],"about":[{"href":"https:\/\/thebiopool.com\/de\/wp-json\/wp\/v2\/types\/page"}],"author":[{"embeddable":true,"href":"https:\/\/thebiopool.com\/de\/wp-json\/wp\/v2\/users\/1"}],"replies":[{"embeddable":true,"href":"https:\/\/thebiopool.com\/de\/wp-json\/wp\/v2\/comments?post=18178"}],"version-history":[{"count":0,"href":"https:\/\/thebiopool.com\/de\/wp-json\/wp\/v2\/pages\/18178\/revisions"}],"wp:attachment":[{"href":"https:\/\/thebiopool.com\/de\/wp-json\/wp\/v2\/media?parent=18178"}],"curies":[{"name":"wp","href":"https:\/\/api.w.org\/{rel}","templated":true}]}}