{"id":18194,"date":"2024-07-10T06:51:47","date_gmt":"2024-07-10T04:51:47","guid":{"rendered":"https:\/\/thebiopool.com\/?page_id=18194"},"modified":"2026-04-01T17:12:57","modified_gmt":"2026-04-01T15:12:57","slug":"swimmingponds_2","status":"publish","type":"page","link":"https:\/\/thebiopool.com\/de\/swimmingponds_2\/","title":{"rendered":"B2"},"content":{"rendered":"<div id=\"pl-18194\"  class=\"panel-layout\" ><div id=\"pg-18194-0\"  class=\"panel-grid panel-has-style\" ><div class=\"hide siteorigin-panels-stretch panel-row-style panel-row-style-for-18194-0\" id=\"hide\" data-stretch-type=\"full-width-stretch\" ><div id=\"pgc-18194-0-0\"  class=\"panel-grid-cell\" ><div class=\"hide panel-cell-style panel-cell-style-for-18194-0-0\" ><div id=\"panel-18194-0-0-0\" class=\"so-panel widget widget_sow-editor panel-first-child\" data-index=\"0\" ><div class=\"panel-widget-style panel-widget-style-for-18194-0-0-0\" ><div\n\t\t\t\n\t\t\tclass=\"so-widget-sow-editor so-widget-sow-editor-base\"\n\t\t\t\n\t\t>\n<div class=\"siteorigin-widget-tinymce textwidget\">\n\t<h1 style=\"text-shadow: #2f4f4f 2px -2px; text-align: right;\"><span style=\"color: #ffffff;\">Biologische Wasserreinigung<\/span><\/h1>\n<p>&nbsp;<\/p>\n<\/div>\n<\/div><\/div><\/div><div id=\"panel-18194-0-0-1\" class=\"so-panel widget widget_sow-editor panel-last-child\" data-index=\"1\" ><div class=\"panel-widget-style panel-widget-style-for-18194-0-0-1\" ><div\n\t\t\t\n\t\t\tclass=\"so-widget-sow-editor so-widget-sow-editor-base\"\n\t\t\t\n\t\t>\n<div class=\"siteorigin-widget-tinymce textwidget\">\n\t<p><span style=\"font-size: 120%;\">\u201eDer biologische Pool ist eine <strong><span style=\"color: #339966;\">naturbasierte L\u00f6sung, NbS<\/span><\/strong>, die sich mit der Wasser- und Gesundheitssicherheit von Badegew\u00e4ssern aus einer \u00f6kosystemischen Perspektive befasst. Er verwendet nat\u00fcrliche Prozesse als Grundlage, um das Poolwasser in optimalen Badebedingungen zu erhalten, reduziert alle Auswirkungen von Standardbehandlungen und tr\u00e4gt gleichzeitig zur Erhaltung der S\u00fc\u00dfwasserbiodiversit\u00e4t bei, indem er aquatische \u00d6kosysteme wiederherstellt.\u201c<br \/>\nMit anderen Worten: Mensch und Natur profitieren gleichzeitig von der Wasserreinigung mit rein biologisch-mechanischen Prozessen.<\/span><\/p>\n<\/div>\n<\/div><\/div><\/div><\/div><\/div><\/div><\/div><div id=\"pg-18194-1\"  class=\"panel-grid panel-has-style\" ><div class=\"hide siteorigin-panels-stretch panel-row-style panel-row-style-for-18194-1\" id=\"hide\" data-stretch-type=\"full-width-stretch\" ><div id=\"pgc-18194-1-0\"  class=\"panel-grid-cell\" ><div class=\"hide panel-cell-style panel-cell-style-for-18194-1-0\" ><div id=\"panel-18194-1-0-0\" class=\"so-panel widget widget_sow-editor panel-first-child panel-last-child\" data-index=\"2\" ><div class=\"panel-widget-style panel-widget-style-for-18194-1-0-0\" ><div\n\t\t\t\n\t\t\tclass=\"so-widget-sow-editor so-widget-sow-editor-base\"\n\t\t\t\n\t\t>\n<div class=\"siteorigin-widget-tinymce textwidget\">\n\t<\/div>\n<\/div><\/div><\/div><\/div><\/div><div id=\"pgc-18194-1-1\"  class=\"panel-grid-cell\" ><div class=\"hide panel-cell-style panel-cell-style-for-18194-1-1\" ><div id=\"panel-18194-1-1-0\" class=\"so-panel widget widget_sow-editor panel-first-child panel-last-child\" data-index=\"3\" ><div class=\"panel-widget-style panel-widget-style-for-18194-1-1-0\" ><div\n\t\t\t\n\t\t\tclass=\"so-widget-sow-editor so-widget-sow-editor-base\"\n\t\t\t\n\t\t>\n<div class=\"siteorigin-widget-tinymce textwidget\">\n\t<p><span style=\"color: #ffffff;\">PHYTOPLAKTON<br \/>\nDie Basis der trophischen Pyramide ist gebildet von:<br \/>\n-Bakterien und Pilze: haupts\u00e4chlich organische Materiezersetzer.<br \/>\n-Protozoen: Hauptverbraucher, die sich von Bakterien, Algen und anderen Mikroorganismen ern\u00e4hren<br \/>\n-Algen: Entziehen dem Wasser N\u00e4hrstoffe, bilden Biomasse und produzieren Sauerstof<br \/>\n<\/span><\/p>\n<\/div>\n<\/div><\/div><\/div><\/div><\/div><\/div><\/div><div id=\"pg-18194-2\"  class=\"panel-grid panel-has-style\" ><div class=\"hide siteorigin-panels-stretch panel-row-style panel-row-style-for-18194-2\" id=\"hide\" data-stretch-type=\"full-width-stretch\" ><div id=\"pgc-18194-2-0\"  class=\"panel-grid-cell\" ><div class=\"hide panel-cell-style panel-cell-style-for-18194-2-0\" ><div id=\"panel-18194-2-0-0\" class=\"so-panel widget widget_sow-editor panel-first-child panel-last-child\" data-index=\"4\" ><div class=\"panel-widget-style panel-widget-style-for-18194-2-0-0\" ><div\n\t\t\t\n\t\t\tclass=\"so-widget-sow-editor so-widget-sow-editor-base\"\n\t\t\t\n\t\t>\n<div class=\"siteorigin-widget-tinymce textwidget\">\n\t<p><span style=\"color: #ffffff;\">ZOOPLACTON<br \/>\nZooplankton ist die n\u00e4chste Stufe in der Kette. Es besteht haupts\u00e4chlich aus kleinen Krebstieren, die st\u00e4ndig Algen und Bakterien aus dem Wasser filtern und fressen.<br \/>\nDaher sind sie ein wichtiger Baustein der \u201eHygieneleistung\u201c und spielen eine gro\u00dfe Rolle bei der Beseitigung pathogener Keime.<br \/>\n<span style=\"color: #ffffff;\"><\/span><\/span><\/p>\n<\/div>\n<\/div><\/div><\/div><\/div><\/div><div id=\"pgc-18194-2-1\"  class=\"panel-grid-cell\" ><div class=\"hide panel-cell-style panel-cell-style-for-18194-2-1\" ><div id=\"panel-18194-2-1-0\" class=\"so-panel widget widget_sow-editor panel-first-child panel-last-child\" data-index=\"5\" ><div class=\"panel-widget-style panel-widget-style-for-18194-2-1-0\" ><div\n\t\t\t\n\t\t\tclass=\"so-widget-sow-editor so-widget-sow-editor-base\"\n\t\t\t\n\t\t>\n<div class=\"siteorigin-widget-tinymce textwidget\">\n\t<\/div>\n<\/div><\/div><\/div><\/div><\/div><\/div><\/div><div id=\"pg-18194-3\"  class=\"panel-grid panel-has-style\" ><div class=\"hide siteorigin-panels-stretch panel-row-style panel-row-style-for-18194-3\" id=\"hide\" data-stretch-type=\"full-width-stretch\" ><div id=\"pgc-18194-3-0\"  class=\"panel-grid-cell\" ><div class=\"hide panel-cell-style panel-cell-style-for-18194-3-0\" ><div id=\"panel-18194-3-0-0\" class=\"so-panel widget widget_sow-editor panel-first-child panel-last-child\" data-index=\"6\" ><div class=\"panel-widget-style panel-widget-style-for-18194-3-0-0\" ><div\n\t\t\t\n\t\t\tclass=\"so-widget-sow-editor so-widget-sow-editor-base\"\n\t\t\t\n\t\t>\n<div class=\"siteorigin-widget-tinymce textwidget\">\n\t<\/div>\n<\/div><\/div><\/div><\/div><\/div><div id=\"pgc-18194-3-1\"  class=\"panel-grid-cell\" ><div class=\"hide panel-cell-style panel-cell-style-for-18194-3-1\" ><div id=\"panel-18194-3-1-0\" class=\"so-panel widget widget_sow-editor panel-first-child panel-last-child\" data-index=\"7\" ><div class=\"panel-widget-style panel-widget-style-for-18194-3-1-0\" ><div\n\t\t\t\n\t\t\tclass=\"so-widget-sow-editor so-widget-sow-editor-base\"\n\t\t\t\n\t\t>\n<div class=\"siteorigin-widget-tinymce textwidget\">\n\t<p><span style=\"color: #ffffff;\">LARVEN<br \/>Zooplankton wird von Insekten und ihren Larven sowie Molchlarven und kleinen Fischen gefressen.<br \/>\nKleine Fische, die sich ohne andere Raubtiere schnell vermehren (invasive Gambusia), k\u00f6nnen das Zooplankton so weit dezimieren, dass es als nat\u00fcrlicher Regulator des Phytoplanktons versagt. Dies f\u00fchrt zu einem starken Algenwachstum und gr\u00fcnem Wasser, weshalb im Schwimmteich oder Naturpool keine Fische eingesetzt werden.<br \/>\n<\/span><\/p>\n<\/div>\n<\/div><\/div><\/div><\/div><\/div><\/div><\/div><div id=\"pg-18194-4\"  class=\"panel-grid panel-has-style\" ><div class=\"hide siteorigin-panels-stretch panel-row-style panel-row-style-for-18194-4\" id=\"hide\" data-stretch-type=\"full-width-stretch\" ><div id=\"pgc-18194-4-0\"  class=\"panel-grid-cell\" ><div class=\"hide panel-cell-style panel-cell-style-for-18194-4-0\" ><div id=\"panel-18194-4-0-0\" class=\"so-panel widget widget_sow-editor panel-first-child panel-last-child\" data-index=\"8\" ><div class=\"panel-widget-style panel-widget-style-for-18194-4-0-0\" ><div\n\t\t\t\n\t\t\tclass=\"so-widget-sow-editor so-widget-sow-editor-base\"\n\t\t\t\n\t\t>\n<div class=\"siteorigin-widget-tinymce textwidget\">\n\t<p><span style=\"color: #ffffff;\">MAkROFYTHEN PFLANZEN<br \/>\nUnterwasserpflanzen spielen eine herausragende Rolle bei der Fixierung von Phosphor (N\u00e4hrstoff limitierend: seine Verf\u00fcgbarkeit begrenzt die biologische Produktivit\u00e4t)<br \/>\nSie konkurrieren mit Algen um die verf\u00fcgbaren N\u00e4hrstoffe im Wasser und tragen so dazu bei, den im Wasser verf\u00fcgbaren Gehalt zu verringern, wodurch das Algenwachstum eingeschr\u00e4nkt und das Wasser klar bleibt.<\/p>\n<\/div>\n<\/div><\/div><\/div><\/div><\/div><div id=\"pgc-18194-4-1\"  class=\"panel-grid-cell\" ><div class=\"hide panel-cell-style panel-cell-style-for-18194-4-1\" ><div id=\"panel-18194-4-1-0\" class=\"so-panel widget widget_sow-editor panel-first-child panel-last-child\" data-index=\"9\" ><div class=\"panel-widget-style panel-widget-style-for-18194-4-1-0\" ><div\n\t\t\t\n\t\t\tclass=\"so-widget-sow-editor so-widget-sow-editor-base\"\n\t\t\t\n\t\t>\n<div class=\"siteorigin-widget-tinymce textwidget\">\n\t<\/div>\n<\/div><\/div><\/div><\/div><\/div><\/div><\/div><div id=\"pg-18194-5\"  class=\"panel-grid panel-has-style\" ><div class=\"hide siteorigin-panels-stretch panel-row-style panel-row-style-for-18194-5\" id=\"hide\" data-stretch-type=\"full-width-stretch\" ><div id=\"pgc-18194-5-0\"  class=\"panel-grid-cell\" ><div class=\"hide panel-cell-style panel-cell-style-for-18194-5-0\" ><div id=\"panel-18194-5-0-0\" class=\"so-panel widget widget_sow-editor panel-first-child panel-last-child\" data-index=\"10\" ><div class=\"panel-widget-style panel-widget-style-for-18194-5-0-0\" ><div\n\t\t\t\n\t\t\tclass=\"so-widget-sow-editor so-widget-sow-editor-base\"\n\t\t\t\n\t\t>\n<div class=\"siteorigin-widget-tinymce textwidget\">\n\t<\/div>\n<\/div><\/div><\/div><\/div><\/div><div id=\"pgc-18194-5-1\"  class=\"panel-grid-cell\" ><div class=\"hide panel-cell-style panel-cell-style-for-18194-5-1\" ><div id=\"panel-18194-5-1-0\" class=\"so-panel widget widget_sow-editor panel-first-child panel-last-child\" data-index=\"11\" ><div class=\"panel-widget-style panel-widget-style-for-18194-5-1-0\" ><div\n\t\t\t\n\t\t\tclass=\"so-widget-sow-editor so-widget-sow-editor-base\"\n\t\t\t\n\t\t>\n<div class=\"siteorigin-widget-tinymce textwidget\">\n\t<p><span style=\"color: #ffffff;\">SEDIMENTE<br \/>\nDas haupts\u00e4chlich im Pflanzenbereich befindliche organische Sediment aus abgestorbenen Bl\u00e4ttern, Pollen, Staub etc. wird von Mikroorganismen zersetzt und mineralisiert, wodurch die gebundenen N\u00e4hrstoffe wieder freigesetzt und in den Wasserkreislauf zur\u00fcckgef\u00fchrt werden.<br \/>\nDurch das Absaugen des Sediments, das als nat\u00fcrlicher D\u00fcnger dient, werden dem Kreislauf gro\u00dfe Mengen an N\u00e4hrstoffen entzogen.<br \/>\n<\/span><\/p>\n<\/div>\n<\/div><\/div><\/div><\/div><\/div><\/div><\/div><\/div>","protected":false},"excerpt":{"rendered":"<p>Biologische Wasserreinigung &nbsp; &bdquo;Der biologische Pool ist eine naturbasierte L&ouml;sung, NbS, die sich mit der Wasser- und Gesundheitssicherheit von Badegew&auml;ssern aus einer &ouml;kosystemischen Perspektive befasst. Er verwendet nat&uuml;rliche Prozesse als Grundlage, um das Poolwasser in optimalen Badebedingungen zu erhalten, reduziert alle Auswirkungen von Standardbehandlungen und tr&auml;gt gleichzeitig zur Erhaltung der S&uuml;&szlig;wasserbiodiversit&auml;t bei, indem er aquatische &Ouml;kosysteme wiederherstellt.&ldquo; Mit anderen Worten: Mensch und Natur profitieren gleichzeitig von der Wasserreinigung mit rein biologisch-mechanischen Prozessen. PHYTOPLAKTON Die Basis der trophischen Pyramide ist gebildet von: -Bakterien und Pilze: haupts&auml;chlich organische Materiezersetzer. -Protozoen: Hauptverbraucher, die sich von Bakterien, Algen und anderen Mikroorganismen ern&auml;hren -Algen: Entziehen&hellip;<\/p>\n","protected":false},"author":1,"featured_media":0,"parent":0,"menu_order":0,"comment_status":"closed","ping_status":"closed","template":"","meta":{"footnotes":""},"class_list":["post-18194","page","type-page","status-publish","hentry"],"yoast_head":"<!-- This site is optimized with the Yoast SEO plugin v27.5 - https:\/\/yoast.com\/product\/yoast-seo-wordpress\/ -->\n<title>B2 - Experts for natural ponds<\/title>\n<meta name=\"description\" content=\"(English) If you want a natural and healthy water experience as a pool or pond owner in Ibiza we are your no.1 planer and builder\" \/>\n<meta name=\"robots\" content=\"index, follow, max-snippet:-1, max-image-preview:large, max-video-preview:-1\" \/>\n<link rel=\"canonical\" href=\"https:\/\/thebiopool.com\/de\/swimmingponds_2\/\" \/>\n<meta property=\"og:locale\" content=\"de_DE\" \/>\n<meta property=\"og:type\" content=\"article\" \/>\n<meta property=\"og:title\" content=\"B2 - Experts for natural ponds\" \/>\n<meta property=\"og:description\" content=\"(English) If you want a natural and healthy water experience as a pool or pond owner in Ibiza we are your no.1 planer and builder\" \/>\n<meta property=\"og:url\" content=\"https:\/\/thebiopool.com\/de\/swimmingponds_2\/\" \/>\n<meta property=\"og:site_name\" content=\"Natur Pools und Schwimmteiche\" \/>\n<meta property=\"article:publisher\" content=\"https:\/\/www.facebook.com\/Naturaleza-y-Arte-Stefan-Meier-162702410430553\/\" \/>\n<meta property=\"article:modified_time\" content=\"2026-04-01T15:12:57+00:00\" \/>\n<meta name=\"twitter:card\" content=\"summary_large_image\" \/>\n<meta name=\"twitter:label1\" content=\"Gesch\u00e4tzte Lesezeit\" \/>\n\t<meta name=\"twitter:data1\" content=\"6\u00a0Minuten\" \/>\n<script type=\"application\/ld+json\" class=\"yoast-schema-graph\">{\"@context\":\"https:\\\/\\\/schema.org\",\"@graph\":[{\"@type\":\"WebPage\",\"@id\":\"https:\\\/\\\/thebiopool.com\\\/de\\\/swimmingponds_2\\\/\",\"url\":\"https:\\\/\\\/thebiopool.com\\\/de\\\/swimmingponds_2\\\/\",\"name\":\"B2 - Experts for natural ponds\",\"isPartOf\":{\"@id\":\"https:\\\/\\\/thebiopool.com\\\/de\\\/#website\"},\"datePublished\":\"2024-07-10T04:51:47+00:00\",\"dateModified\":\"2026-04-01T15:12:57+00:00\",\"description\":\"(English) If you want a natural and healthy water experience as a pool or pond owner in Ibiza we are your no.1 planer and builder\",\"breadcrumb\":{\"@id\":\"https:\\\/\\\/thebiopool.com\\\/de\\\/swimmingponds_2\\\/#breadcrumb\"},\"inLanguage\":\"de\",\"potentialAction\":[{\"@type\":\"ReadAction\",\"target\":[[\"https:\\\/\\\/thebiopool.com\\\/de\\\/swimmingponds_2\\\/\"]]}]},{\"@type\":\"BreadcrumbList\",\"@id\":\"https:\\\/\\\/thebiopool.com\\\/de\\\/swimmingponds_2\\\/#breadcrumb\",\"itemListElement\":[{\"@type\":\"ListItem\",\"position\":1,\"name\":\"Home\",\"item\":\"https:\\\/\\\/thebiopool.com\\\/de\\\/\"},{\"@type\":\"ListItem\",\"position\":2,\"name\":\"B2\"}]},{\"@type\":\"WebSite\",\"@id\":\"https:\\\/\\\/thebiopool.com\\\/de\\\/#website\",\"url\":\"https:\\\/\\\/thebiopool.com\\\/de\\\/\",\"name\":\"TheBiopool\",\"description\":\"wir planen und bauen Ihren perfecten Schwimmteich und Natur Pool\",\"publisher\":{\"@id\":\"https:\\\/\\\/thebiopool.com\\\/de\\\/#organization\"},\"potentialAction\":[{\"@type\":\"SearchAction\",\"target\":{\"@type\":\"EntryPoint\",\"urlTemplate\":\"https:\\\/\\\/thebiopool.com\\\/de\\\/?s={search_term_string}\"},\"query-input\":{\"@type\":\"PropertyValueSpecification\",\"valueRequired\":true,\"valueName\":\"search_term_string\"}}],\"inLanguage\":\"de\"},{\"@type\":\"Organization\",\"@id\":\"https:\\\/\\\/thebiopool.com\\\/de\\\/#organization\",\"name\":\"TheBiopool\",\"url\":\"https:\\\/\\\/thebiopool.com\\\/de\\\/\",\"logo\":{\"@type\":\"ImageObject\",\"inLanguage\":\"de\",\"@id\":\"https:\\\/\\\/thebiopool.com\\\/de\\\/#\\\/schema\\\/logo\\\/image\\\/\",\"url\":\"https:\\\/\\\/thebiopool.com\\\/wp-content\\\/uploads\\\/logo-schatten-website-klein.png\",\"contentUrl\":\"https:\\\/\\\/thebiopool.com\\\/wp-content\\\/uploads\\\/logo-schatten-website-klein.png\",\"width\":220,\"height\":64,\"caption\":\"TheBiopool\"},\"image\":{\"@id\":\"https:\\\/\\\/thebiopool.com\\\/de\\\/#\\\/schema\\\/logo\\\/image\\\/\"},\"sameAs\":[\"https:\\\/\\\/www.facebook.com\\\/Naturaleza-y-Arte-Stefan-Meier-162702410430553\\\/\",\"https:\\\/\\\/www.instagram.com\\\/thebiopool\\\/\"]}]}<\/script>\n<!-- \/ Yoast SEO plugin. -->","yoast_head_json":{"title":"B2 - Experts for natural ponds","description":"(English) If you want a natural and healthy water experience as a pool or pond owner in Ibiza we are your no.1 planer and builder","robots":{"index":"index","follow":"follow","max-snippet":"max-snippet:-1","max-image-preview":"max-image-preview:large","max-video-preview":"max-video-preview:-1"},"canonical":"https:\/\/thebiopool.com\/de\/swimmingponds_2\/","og_locale":"de_DE","og_type":"article","og_title":"B2 - Experts for natural ponds","og_description":"(English) If you want a natural and healthy water experience as a pool or pond owner in Ibiza we are your no.1 planer and builder","og_url":"https:\/\/thebiopool.com\/de\/swimmingponds_2\/","og_site_name":"Natur Pools und Schwimmteiche","article_publisher":"https:\/\/www.facebook.com\/Naturaleza-y-Arte-Stefan-Meier-162702410430553\/","article_modified_time":"2026-04-01T15:12:57+00:00","twitter_card":"summary_large_image","twitter_misc":{"Gesch\u00e4tzte Lesezeit":"6\u00a0Minuten"},"schema":{"@context":"https:\/\/schema.org","@graph":[{"@type":"WebPage","@id":"https:\/\/thebiopool.com\/de\/swimmingponds_2\/","url":"https:\/\/thebiopool.com\/de\/swimmingponds_2\/","name":"B2 - Experts for natural ponds","isPartOf":{"@id":"https:\/\/thebiopool.com\/de\/#website"},"datePublished":"2024-07-10T04:51:47+00:00","dateModified":"2026-04-01T15:12:57+00:00","description":"(English) If you want a natural and healthy water experience as a pool or pond owner in Ibiza we are your no.1 planer and builder","breadcrumb":{"@id":"https:\/\/thebiopool.com\/de\/swimmingponds_2\/#breadcrumb"},"inLanguage":"de","potentialAction":[{"@type":"ReadAction","target":[["https:\/\/thebiopool.com\/de\/swimmingponds_2\/"]]}]},{"@type":"BreadcrumbList","@id":"https:\/\/thebiopool.com\/de\/swimmingponds_2\/#breadcrumb","itemListElement":[{"@type":"ListItem","position":1,"name":"Home","item":"https:\/\/thebiopool.com\/de\/"},{"@type":"ListItem","position":2,"name":"B2"}]},{"@type":"WebSite","@id":"https:\/\/thebiopool.com\/de\/#website","url":"https:\/\/thebiopool.com\/de\/","name":"TheBiopool","description":"wir planen und bauen Ihren perfecten Schwimmteich und Natur Pool","publisher":{"@id":"https:\/\/thebiopool.com\/de\/#organization"},"potentialAction":[{"@type":"SearchAction","target":{"@type":"EntryPoint","urlTemplate":"https:\/\/thebiopool.com\/de\/?s={search_term_string}"},"query-input":{"@type":"PropertyValueSpecification","valueRequired":true,"valueName":"search_term_string"}}],"inLanguage":"de"},{"@type":"Organization","@id":"https:\/\/thebiopool.com\/de\/#organization","name":"TheBiopool","url":"https:\/\/thebiopool.com\/de\/","logo":{"@type":"ImageObject","inLanguage":"de","@id":"https:\/\/thebiopool.com\/de\/#\/schema\/logo\/image\/","url":"https:\/\/thebiopool.com\/wp-content\/uploads\/logo-schatten-website-klein.png","contentUrl":"https:\/\/thebiopool.com\/wp-content\/uploads\/logo-schatten-website-klein.png","width":220,"height":64,"caption":"TheBiopool"},"image":{"@id":"https:\/\/thebiopool.com\/de\/#\/schema\/logo\/image\/"},"sameAs":["https:\/\/www.facebook.com\/Naturaleza-y-Arte-Stefan-Meier-162702410430553\/","https:\/\/www.instagram.com\/thebiopool\/"]}]}},"_links":{"self":[{"href":"https:\/\/thebiopool.com\/de\/wp-json\/wp\/v2\/pages\/18194","targetHints":{"allow":["GET"]}}],"collection":[{"href":"https:\/\/thebiopool.com\/de\/wp-json\/wp\/v2\/pages"}],"about":[{"href":"https:\/\/thebiopool.com\/de\/wp-json\/wp\/v2\/types\/page"}],"author":[{"embeddable":true,"href":"https:\/\/thebiopool.com\/de\/wp-json\/wp\/v2\/users\/1"}],"replies":[{"embeddable":true,"href":"https:\/\/thebiopool.com\/de\/wp-json\/wp\/v2\/comments?post=18194"}],"version-history":[{"count":0,"href":"https:\/\/thebiopool.com\/de\/wp-json\/wp\/v2\/pages\/18194\/revisions"}],"wp:attachment":[{"href":"https:\/\/thebiopool.com\/de\/wp-json\/wp\/v2\/media?parent=18194"}],"curies":[{"name":"wp","href":"https:\/\/api.w.org\/{rel}","templated":true}]}}