{"id":18740,"date":"2024-12-09T10:21:59","date_gmt":"2024-12-09T09:21:59","guid":{"rendered":"https:\/\/thebiopool.com\/?page_id=18740"},"modified":"2025-02-28T18:10:17","modified_gmt":"2025-02-28T17:10:17","slug":"can-jomay","status":"publish","type":"page","link":"https:\/\/thebiopool.com\/de\/can-jomay\/","title":{"rendered":"can pep"},"content":{"rendered":"<div id=\"pl-18740\"  class=\"panel-layout\" ><div id=\"pg-18740-0\"  class=\"panel-grid panel-has-style\" ><div class=\"foobox siteorigin-panels-stretch panel-row-style panel-row-style-for-18740-0\" data-stretch-type=\"full-width-stretch\" ><div id=\"pgc-18740-0-0\"  class=\"panel-grid-cell\" ><div id=\"panel-18740-0-0-0\" class=\"so-panel widget widget_sow-image panel-first-child panel-last-child\" data-index=\"0\" ><div class=\"foobox panel-widget-style panel-widget-style-for-18740-0-0-0\" ><div\n\t\t\t\n\t\t\tclass=\"so-widget-sow-image so-widget-sow-image-default-3a2476c0e107-18740\"\n\t\t\t\n\t\t>\n<div class=\"sow-image-container\">\n\t\t<img \n\tdata-src=\"https:\/\/thebiopool.com\/wp-content\/uploads\/can-jomay-1-web-768x576.jpg\" width=\"768\" height=\"576\" data-srcset=\"https:\/\/thebiopool.com\/wp-content\/uploads\/can-jomay-1-web-768x576.jpg 768w, https:\/\/thebiopool.com\/wp-content\/uploads\/can-jomay-1-web-300x225.jpg 300w, https:\/\/thebiopool.com\/wp-content\/uploads\/can-jomay-1-web-1024x768.jpg 1024w, https:\/\/thebiopool.com\/wp-content\/uploads\/can-jomay-1-web-1536x1152.jpg 1536w, https:\/\/thebiopool.com\/wp-content\/uploads\/can-jomay-1-web-600x450.jpg 600w, https:\/\/thebiopool.com\/wp-content\/uploads\/can-jomay-1-web.jpg 1900w\" data-sizes=\"(max-width: 768px) 100vw, 768px\" title=\"CAN JOMAY by theBIOPOOL\" alt=\"CAN JOMAY by theBIOPOOL\" \t\tclass=\"so-widget-image lazyload\" src=\"data:image\/svg+xml;base64,PHN2ZyB3aWR0aD0iMSIgaGVpZ2h0PSIxIiB4bWxucz0iaHR0cDovL3d3dy53My5vcmcvMjAwMC9zdmciPjwvc3ZnPg==\" style=\"--smush-placeholder-width: 768px; --smush-placeholder-aspect-ratio: 768\/576;\" \/>\n\t<\/div>\n\n<\/div><\/div><\/div><\/div><div id=\"pgc-18740-0-1\"  class=\"panel-grid-cell\" ><div id=\"panel-18740-0-1-0\" class=\"so-panel widget widget_sow-editor panel-first-child panel-last-child\" data-index=\"1\" ><div class=\"panel-widget-style panel-widget-style-for-18740-0-1-0\" ><div\n\t\t\t\n\t\t\tclass=\"so-widget-sow-editor so-widget-sow-editor-base\"\n\t\t\t\n\t\t>\n<div class=\"siteorigin-widget-tinymce textwidget\">\n\t<h3 style=\"text-align: right;\"><strong><span style=\"color: #ffffff;\">CAN JOMAY<\/span><\/strong><\/h3>\n<p><em>Privater Pool. Santa Gertrudis, Ibiza.<\/em><\/p>\n<p><em>Fl\u00e4che 30 m2<\/em><br \/>\n<em>Max. Tiefe 2 m<\/em><br \/>\n<em>Vertikale langsame Filterung<\/em><br \/>\n<em>Filterpumpe 50 W\/h<\/em><br \/>\n<em>Oberfl\u00e4che: Kalk<\/em><\/p>\n<p>Naturpool mit achteckiges Becken, das mit einem Bausystem hergestellt wurde, bei dem die Tiefe der Wand durch eine verlorene Schalung mit Barden auf ein Minimum reduziert wurde und zwischen der Schalung und der Baugrube mit stabilisierender Erde gef\u00fcllt wurde.<br \/>\nBestehend aus einem flachen Zugangsbereich, der in die zentrale Holztreppe integriert ist; ein Badebereich; ein Bereich mit Unterwasserpflanzen; und ein Kiesfilter auf einer h\u00f6heren Ebene, der es dem Wasser erm\u00f6glicht, durch die Schwerkraft \u00fcber einen Wasserauslass wie einen kleinen Wasserfall in den Pflanzenbereich zur\u00fcckzukehren.<\/p>\n<p>&nbsp;<\/p>\n<p>&nbsp;<\/p>\n<\/div>\n<\/div><\/div><\/div><\/div><\/div><\/div><div id=\"pg-18740-1\"  class=\"panel-grid panel-has-style\" ><div class=\"siteorigin-panels-stretch panel-row-style panel-row-style-for-18740-1\" data-stretch-type=\"full-width-stretch\" ><div id=\"pgc-18740-1-0\"  class=\"panel-grid-cell\" ><div id=\"panel-18740-1-0-0\" class=\"so-panel widget widget_sow-image panel-first-child panel-last-child\" data-index=\"2\" ><div class=\"foobox panel-widget-style panel-widget-style-for-18740-1-0-0\" ><div\n\t\t\t\n\t\t\tclass=\"so-widget-sow-image so-widget-sow-image-default-dbf295114b96-18740\"\n\t\t\t\n\t\t>\n<div class=\"sow-image-container\">\n\t\t\t<a href=\"https:\/\/thebiopool.com\/wp-content\/uploads\/can-jomay-2-web-e1733740033906.jpg\"\n\t\t\t\t\t>\n\t\t\t<img \n\tdata-src=\"https:\/\/thebiopool.com\/wp-content\/uploads\/can-jomay-2-web-e1733740033906-768x768.jpg\" width=\"768\" height=\"768\" data-srcset=\"https:\/\/thebiopool.com\/wp-content\/uploads\/can-jomay-2-web-e1733740033906-768x768.jpg 768w, https:\/\/thebiopool.com\/wp-content\/uploads\/can-jomay-2-web-e1733740033906-300x300.jpg 300w, https:\/\/thebiopool.com\/wp-content\/uploads\/can-jomay-2-web-e1733740033906-1024x1024.jpg 1024w, https:\/\/thebiopool.com\/wp-content\/uploads\/can-jomay-2-web-e1733740033906-150x150.jpg 150w, https:\/\/thebiopool.com\/wp-content\/uploads\/can-jomay-2-web-e1733740033906-600x600.jpg 600w, https:\/\/thebiopool.com\/wp-content\/uploads\/can-jomay-2-web-e1733740033906.jpg 1500w\" data-sizes=\"(max-width: 768px) 100vw, 768px\" title=\"CAN JOMAY by theBIOPOOL\" alt=\"CAN JOMAY by theBIOPOOL\" \t\tclass=\"so-widget-image lazyload\" src=\"data:image\/svg+xml;base64,PHN2ZyB3aWR0aD0iMSIgaGVpZ2h0PSIxIiB4bWxucz0iaHR0cDovL3d3dy53My5vcmcvMjAwMC9zdmciPjwvc3ZnPg==\" style=\"--smush-placeholder-width: 768px; --smush-placeholder-aspect-ratio: 768\/768;\" \/>\n\t\t\t<\/a><\/div>\n\n<\/div><\/div><\/div><\/div><div id=\"pgc-18740-1-1\"  class=\"panel-grid-cell\" ><div id=\"panel-18740-1-1-0\" class=\"so-panel widget widget_sow-image panel-first-child panel-last-child\" data-index=\"3\" ><div class=\"foobox panel-widget-style panel-widget-style-for-18740-1-1-0\" ><div\n\t\t\t\n\t\t\tclass=\"so-widget-sow-image so-widget-sow-image-default-c4f6304fc136-18740\"\n\t\t\t\n\t\t>\n<div class=\"sow-image-container\">\n\t\t\t<a href=\"https:\/\/thebiopool.com\/wp-content\/uploads\/can-jomay-3-web-e1733739183278.jpg\"\n\t\t\t\t\t>\n\t\t\t<img \n\tdata-src=\"https:\/\/thebiopool.com\/wp-content\/uploads\/can-jomay-3-web-e1733739183278-768x768.jpg\" width=\"768\" height=\"768\" data-srcset=\"https:\/\/thebiopool.com\/wp-content\/uploads\/can-jomay-3-web-e1733739183278-768x768.jpg 768w, https:\/\/thebiopool.com\/wp-content\/uploads\/can-jomay-3-web-e1733739183278-300x300.jpg 300w, https:\/\/thebiopool.com\/wp-content\/uploads\/can-jomay-3-web-e1733739183278-1024x1024.jpg 1024w, https:\/\/thebiopool.com\/wp-content\/uploads\/can-jomay-3-web-e1733739183278-150x150.jpg 150w, https:\/\/thebiopool.com\/wp-content\/uploads\/can-jomay-3-web-e1733739183278-600x600.jpg 600w, https:\/\/thebiopool.com\/wp-content\/uploads\/can-jomay-3-web-e1733739183278.jpg 1500w\" data-sizes=\"(max-width: 768px) 100vw, 768px\" title=\"CAN JOMAY by theBIOPOOL\" alt=\"CAN JOMAY by theBIOPOOL\" \t\tclass=\"so-widget-image lazyload\" src=\"data:image\/svg+xml;base64,PHN2ZyB3aWR0aD0iMSIgaGVpZ2h0PSIxIiB4bWxucz0iaHR0cDovL3d3dy53My5vcmcvMjAwMC9zdmciPjwvc3ZnPg==\" style=\"--smush-placeholder-width: 768px; --smush-placeholder-aspect-ratio: 768\/768;\" \/>\n\t\t\t<\/a><\/div>\n\n<\/div><\/div><\/div><\/div><div id=\"pgc-18740-1-2\"  class=\"panel-grid-cell\" ><div id=\"panel-18740-1-2-0\" class=\"so-panel widget widget_sow-image panel-first-child panel-last-child\" data-index=\"4\" ><div class=\"foobox panel-widget-style panel-widget-style-for-18740-1-2-0\" ><div\n\t\t\t\n\t\t\tclass=\"so-widget-sow-image so-widget-sow-image-default-6ec9e3772f75-18740\"\n\t\t\t\n\t\t>\n<div class=\"sow-image-container\">\n\t\t\t<a href=\"https:\/\/thebiopool.com\/wp-content\/uploads\/can-jomay-4-web.jpg\"\n\t\t\ttarget=\"_blank\" rel=\"noopener noreferrer\" \t\t>\n\t\t\t<img \n\tdata-src=\"https:\/\/thebiopool.com\/wp-content\/uploads\/can-jomay-4-web-e1733740356925-768x626.jpg\" width=\"768\" height=\"626\" data-srcset=\"https:\/\/thebiopool.com\/wp-content\/uploads\/can-jomay-4-web-e1733740356925-768x626.jpg 768w, https:\/\/thebiopool.com\/wp-content\/uploads\/can-jomay-4-web-e1733740356925-300x244.jpg 300w, https:\/\/thebiopool.com\/wp-content\/uploads\/can-jomay-4-web-e1733740356925-1024x834.jpg 1024w, https:\/\/thebiopool.com\/wp-content\/uploads\/can-jomay-4-web-e1733740356925-1536x1252.jpg 1536w, https:\/\/thebiopool.com\/wp-content\/uploads\/can-jomay-4-web-e1733740356925-600x489.jpg 600w, https:\/\/thebiopool.com\/wp-content\/uploads\/can-jomay-4-web-e1733740356925.jpg 1810w\" data-sizes=\"(max-width: 768px) 100vw, 768px\" title=\"CAN JOMAY by theBIOPOOL\" alt=\"CAN JOMAY by theBIOPOOL\" \t\tclass=\"so-widget-image lazyload\" src=\"data:image\/svg+xml;base64,PHN2ZyB3aWR0aD0iMSIgaGVpZ2h0PSIxIiB4bWxucz0iaHR0cDovL3d3dy53My5vcmcvMjAwMC9zdmciPjwvc3ZnPg==\" style=\"--smush-placeholder-width: 768px; --smush-placeholder-aspect-ratio: 768\/626;\" \/>\n\t\t\t<\/a><\/div>\n\n<\/div><\/div><\/div><\/div><\/div><\/div><div id=\"pg-18740-2\"  class=\"panel-grid panel-has-style\" ><div class=\"panel-row-style panel-row-style-for-18740-2\" ><div id=\"pgc-18740-2-0\"  class=\"panel-grid-cell\" ><div id=\"panel-18740-2-0-0\" class=\"so-panel widget widget_sow-editor panel-first-child panel-last-child\" data-index=\"5\" ><div\n\t\t\t\n\t\t\tclass=\"so-widget-sow-editor so-widget-sow-editor-base\"\n\t\t\t\n\t\t>\n<div class=\"siteorigin-widget-tinymce textwidget\">\n\t<h3 style=\"text-align: center;\">weitere Bilder<\/h3>\n<\/div>\n<\/div><\/div><\/div><\/div><\/div><\/div>","protected":false},"excerpt":{"rendered":"<p>CAN JOMAY Privater Pool. Santa Gertrudis, Ibiza. Fl&auml;che 30 m2 Max. Tiefe 2 m Vertikale langsame Filterung Filterpumpe 50 W\/h Oberfl&auml;che: Kalk Naturpool mit achteckiges Becken, das mit einem Bausystem hergestellt wurde, bei dem die Tiefe der Wand durch eine verlorene Schalung mit Barden auf ein Minimum reduziert wurde und zwischen der Schalung und der Baugrube mit stabilisierender Erde gef&uuml;llt wurde. Bestehend aus einem flachen Zugangsbereich, der in die zentrale Holztreppe integriert ist; ein Badebereich; ein Bereich mit Unterwasserpflanzen; und ein Kiesfilter auf einer h&ouml;heren Ebene, der es dem Wasser erm&ouml;glicht, durch die Schwerkraft &uuml;ber einen Wasserauslass wie einen kleinen&hellip;<\/p>\n","protected":false},"author":1,"featured_media":0,"parent":0,"menu_order":0,"comment_status":"closed","ping_status":"closed","template":"","meta":{"footnotes":""},"class_list":["post-18740","page","type-page","status-publish","hentry"],"yoast_head":"<!-- This site is optimized with the Yoast SEO plugin v27.5 - https:\/\/yoast.com\/product\/yoast-seo-wordpress\/ -->\n<title>can pep - Experts for natural ponds<\/title>\n<meta name=\"description\" content=\"(English) If you want a natural and healthy water experience as a pool or pond owner in Ibiza we are your no.1 planer and builder\" \/>\n<meta name=\"robots\" content=\"index, follow, max-snippet:-1, max-image-preview:large, max-video-preview:-1\" \/>\n<link rel=\"canonical\" href=\"https:\/\/thebiopool.com\/de\/can-jomay\/\" \/>\n<meta property=\"og:locale\" content=\"de_DE\" \/>\n<meta property=\"og:type\" content=\"article\" \/>\n<meta property=\"og:title\" content=\"can pep - Experts for natural ponds\" \/>\n<meta property=\"og:description\" content=\"(English) If you want a natural and healthy water experience as a pool or pond owner in Ibiza we are your no.1 planer and builder\" \/>\n<meta property=\"og:url\" content=\"https:\/\/thebiopool.com\/de\/can-jomay\/\" \/>\n<meta property=\"og:site_name\" content=\"Natur Pools und Schwimmteiche\" \/>\n<meta property=\"article:publisher\" content=\"https:\/\/www.facebook.com\/Naturaleza-y-Arte-Stefan-Meier-162702410430553\/\" \/>\n<meta property=\"article:modified_time\" content=\"2025-02-28T17:10:17+00:00\" \/>\n<meta name=\"twitter:card\" content=\"summary_large_image\" \/>\n<meta name=\"twitter:label1\" content=\"Gesch\u00e4tzte Lesezeit\" \/>\n\t<meta name=\"twitter:data1\" content=\"3\u00a0Minuten\" \/>\n<script type=\"application\/ld+json\" class=\"yoast-schema-graph\">{\"@context\":\"https:\\\/\\\/schema.org\",\"@graph\":[{\"@type\":\"WebPage\",\"@id\":\"https:\\\/\\\/thebiopool.com\\\/de\\\/can-jomay\\\/\",\"url\":\"https:\\\/\\\/thebiopool.com\\\/de\\\/can-jomay\\\/\",\"name\":\"can pep - Experts for natural ponds\",\"isPartOf\":{\"@id\":\"https:\\\/\\\/thebiopool.com\\\/de\\\/#website\"},\"datePublished\":\"2024-12-09T09:21:59+00:00\",\"dateModified\":\"2025-02-28T17:10:17+00:00\",\"description\":\"(English) If you want a natural and healthy water experience as a pool or pond owner in Ibiza we are your no.1 planer and builder\",\"breadcrumb\":{\"@id\":\"https:\\\/\\\/thebiopool.com\\\/de\\\/can-jomay\\\/#breadcrumb\"},\"inLanguage\":\"de\",\"potentialAction\":[{\"@type\":\"ReadAction\",\"target\":[[\"https:\\\/\\\/thebiopool.com\\\/de\\\/can-jomay\\\/\"]]}]},{\"@type\":\"BreadcrumbList\",\"@id\":\"https:\\\/\\\/thebiopool.com\\\/de\\\/can-jomay\\\/#breadcrumb\",\"itemListElement\":[{\"@type\":\"ListItem\",\"position\":1,\"name\":\"Home\",\"item\":\"https:\\\/\\\/thebiopool.com\\\/de\\\/\"},{\"@type\":\"ListItem\",\"position\":2,\"name\":\"can jomay\"}]},{\"@type\":\"WebSite\",\"@id\":\"https:\\\/\\\/thebiopool.com\\\/de\\\/#website\",\"url\":\"https:\\\/\\\/thebiopool.com\\\/de\\\/\",\"name\":\"TheBiopool\",\"description\":\"wir planen und bauen Ihren perfecten Schwimmteich und Natur Pool\",\"publisher\":{\"@id\":\"https:\\\/\\\/thebiopool.com\\\/de\\\/#organization\"},\"potentialAction\":[{\"@type\":\"SearchAction\",\"target\":{\"@type\":\"EntryPoint\",\"urlTemplate\":\"https:\\\/\\\/thebiopool.com\\\/de\\\/?s={search_term_string}\"},\"query-input\":{\"@type\":\"PropertyValueSpecification\",\"valueRequired\":true,\"valueName\":\"search_term_string\"}}],\"inLanguage\":\"de\"},{\"@type\":\"Organization\",\"@id\":\"https:\\\/\\\/thebiopool.com\\\/de\\\/#organization\",\"name\":\"TheBiopool\",\"url\":\"https:\\\/\\\/thebiopool.com\\\/de\\\/\",\"logo\":{\"@type\":\"ImageObject\",\"inLanguage\":\"de\",\"@id\":\"https:\\\/\\\/thebiopool.com\\\/de\\\/#\\\/schema\\\/logo\\\/image\\\/\",\"url\":\"https:\\\/\\\/thebiopool.com\\\/wp-content\\\/uploads\\\/logo-schatten-website-klein.png\",\"contentUrl\":\"https:\\\/\\\/thebiopool.com\\\/wp-content\\\/uploads\\\/logo-schatten-website-klein.png\",\"width\":220,\"height\":64,\"caption\":\"TheBiopool\"},\"image\":{\"@id\":\"https:\\\/\\\/thebiopool.com\\\/de\\\/#\\\/schema\\\/logo\\\/image\\\/\"},\"sameAs\":[\"https:\\\/\\\/www.facebook.com\\\/Naturaleza-y-Arte-Stefan-Meier-162702410430553\\\/\",\"https:\\\/\\\/www.instagram.com\\\/thebiopool\\\/\"]}]}<\/script>\n<!-- \/ Yoast SEO plugin. -->","yoast_head_json":{"title":"can pep - Experts for natural ponds","description":"(English) If you want a natural and healthy water experience as a pool or pond owner in Ibiza we are your no.1 planer and builder","robots":{"index":"index","follow":"follow","max-snippet":"max-snippet:-1","max-image-preview":"max-image-preview:large","max-video-preview":"max-video-preview:-1"},"canonical":"https:\/\/thebiopool.com\/de\/can-jomay\/","og_locale":"de_DE","og_type":"article","og_title":"can pep - Experts for natural ponds","og_description":"(English) If you want a natural and healthy water experience as a pool or pond owner in Ibiza we are your no.1 planer and builder","og_url":"https:\/\/thebiopool.com\/de\/can-jomay\/","og_site_name":"Natur Pools und Schwimmteiche","article_publisher":"https:\/\/www.facebook.com\/Naturaleza-y-Arte-Stefan-Meier-162702410430553\/","article_modified_time":"2025-02-28T17:10:17+00:00","twitter_card":"summary_large_image","twitter_misc":{"Gesch\u00e4tzte Lesezeit":"3\u00a0Minuten"},"schema":{"@context":"https:\/\/schema.org","@graph":[{"@type":"WebPage","@id":"https:\/\/thebiopool.com\/de\/can-jomay\/","url":"https:\/\/thebiopool.com\/de\/can-jomay\/","name":"can pep - Experts for natural ponds","isPartOf":{"@id":"https:\/\/thebiopool.com\/de\/#website"},"datePublished":"2024-12-09T09:21:59+00:00","dateModified":"2025-02-28T17:10:17+00:00","description":"(English) If you want a natural and healthy water experience as a pool or pond owner in Ibiza we are your no.1 planer and builder","breadcrumb":{"@id":"https:\/\/thebiopool.com\/de\/can-jomay\/#breadcrumb"},"inLanguage":"de","potentialAction":[{"@type":"ReadAction","target":[["https:\/\/thebiopool.com\/de\/can-jomay\/"]]}]},{"@type":"BreadcrumbList","@id":"https:\/\/thebiopool.com\/de\/can-jomay\/#breadcrumb","itemListElement":[{"@type":"ListItem","position":1,"name":"Home","item":"https:\/\/thebiopool.com\/de\/"},{"@type":"ListItem","position":2,"name":"can jomay"}]},{"@type":"WebSite","@id":"https:\/\/thebiopool.com\/de\/#website","url":"https:\/\/thebiopool.com\/de\/","name":"TheBiopool","description":"wir planen und bauen Ihren perfecten Schwimmteich und Natur Pool","publisher":{"@id":"https:\/\/thebiopool.com\/de\/#organization"},"potentialAction":[{"@type":"SearchAction","target":{"@type":"EntryPoint","urlTemplate":"https:\/\/thebiopool.com\/de\/?s={search_term_string}"},"query-input":{"@type":"PropertyValueSpecification","valueRequired":true,"valueName":"search_term_string"}}],"inLanguage":"de"},{"@type":"Organization","@id":"https:\/\/thebiopool.com\/de\/#organization","name":"TheBiopool","url":"https:\/\/thebiopool.com\/de\/","logo":{"@type":"ImageObject","inLanguage":"de","@id":"https:\/\/thebiopool.com\/de\/#\/schema\/logo\/image\/","url":"https:\/\/thebiopool.com\/wp-content\/uploads\/logo-schatten-website-klein.png","contentUrl":"https:\/\/thebiopool.com\/wp-content\/uploads\/logo-schatten-website-klein.png","width":220,"height":64,"caption":"TheBiopool"},"image":{"@id":"https:\/\/thebiopool.com\/de\/#\/schema\/logo\/image\/"},"sameAs":["https:\/\/www.facebook.com\/Naturaleza-y-Arte-Stefan-Meier-162702410430553\/","https:\/\/www.instagram.com\/thebiopool\/"]}]}},"_links":{"self":[{"href":"https:\/\/thebiopool.com\/de\/wp-json\/wp\/v2\/pages\/18740","targetHints":{"allow":["GET"]}}],"collection":[{"href":"https:\/\/thebiopool.com\/de\/wp-json\/wp\/v2\/pages"}],"about":[{"href":"https:\/\/thebiopool.com\/de\/wp-json\/wp\/v2\/types\/page"}],"author":[{"embeddable":true,"href":"https:\/\/thebiopool.com\/de\/wp-json\/wp\/v2\/users\/1"}],"replies":[{"embeddable":true,"href":"https:\/\/thebiopool.com\/de\/wp-json\/wp\/v2\/comments?post=18740"}],"version-history":[{"count":0,"href":"https:\/\/thebiopool.com\/de\/wp-json\/wp\/v2\/pages\/18740\/revisions"}],"wp:attachment":[{"href":"https:\/\/thebiopool.com\/de\/wp-json\/wp\/v2\/media?parent=18740"}],"curies":[{"name":"wp","href":"https:\/\/api.w.org\/{rel}","templated":true}]}}