{"id":18829,"date":"2024-12-10T08:16:20","date_gmt":"2024-12-10T07:16:20","guid":{"rendered":"https:\/\/thebiopool.com\/?page_id=18829"},"modified":"2025-02-28T18:03:30","modified_gmt":"2025-02-28T17:03:30","slug":"es-saltas","status":"publish","type":"page","link":"https:\/\/thebiopool.com\/de\/es-saltas\/","title":{"rendered":"can pep"},"content":{"rendered":"<div id=\"pl-18829\"  class=\"panel-layout\" ><div id=\"pg-18829-0\"  class=\"panel-grid panel-has-style\" ><div class=\"foobox siteorigin-panels-stretch panel-row-style panel-row-style-for-18829-0\" data-stretch-type=\"full-width-stretch\" ><div id=\"pgc-18829-0-0\"  class=\"panel-grid-cell\" ><div id=\"panel-18829-0-0-0\" class=\"so-panel widget widget_sow-image panel-first-child panel-last-child\" data-index=\"0\" ><div class=\"foobox panel-widget-style panel-widget-style-for-18829-0-0-0\" ><div\n\t\t\t\n\t\t\tclass=\"so-widget-sow-image so-widget-sow-image-default-3a2476c0e107-18829\"\n\t\t\t\n\t\t>\n<div class=\"sow-image-container\">\n\t\t\t<a href=\"https:\/\/thebiopool.com\/wp-content\/uploads\/1_es-saltas-background.jpg\"\n\t\t\t\t\t>\n\t\t\t<img \n\tdata-src=\"https:\/\/thebiopool.com\/wp-content\/uploads\/1_es-saltas-background-768x384.jpg\" width=\"768\" height=\"384\" data-srcset=\"https:\/\/thebiopool.com\/wp-content\/uploads\/1_es-saltas-background-768x384.jpg 768w, https:\/\/thebiopool.com\/wp-content\/uploads\/1_es-saltas-background-300x150.jpg 300w, https:\/\/thebiopool.com\/wp-content\/uploads\/1_es-saltas-background-1024x512.jpg 1024w, https:\/\/thebiopool.com\/wp-content\/uploads\/1_es-saltas-background-1536x768.jpg 1536w, https:\/\/thebiopool.com\/wp-content\/uploads\/1_es-saltas-background-600x300.jpg 600w, https:\/\/thebiopool.com\/wp-content\/uploads\/1_es-saltas-background.jpg 1900w\" data-sizes=\"(max-width: 768px) 100vw, 768px\" title=\"1_es saltas background\" alt=\"\" \t\tclass=\"so-widget-image lazyload\" src=\"data:image\/svg+xml;base64,PHN2ZyB3aWR0aD0iMSIgaGVpZ2h0PSIxIiB4bWxucz0iaHR0cDovL3d3dy53My5vcmcvMjAwMC9zdmciPjwvc3ZnPg==\" style=\"--smush-placeholder-width: 768px; --smush-placeholder-aspect-ratio: 768\/384;\" \/>\n\t\t\t<\/a><\/div>\n\n<\/div><\/div><\/div><\/div><div id=\"pgc-18829-0-1\"  class=\"panel-grid-cell\" ><div id=\"panel-18829-0-1-0\" class=\"so-panel widget widget_sow-editor panel-first-child panel-last-child\" data-index=\"1\" ><div class=\"panel-widget-style panel-widget-style-for-18829-0-1-0\" ><div\n\t\t\t\n\t\t\tclass=\"so-widget-sow-editor so-widget-sow-editor-base\"\n\t\t\t\n\t\t>\n<div class=\"siteorigin-widget-tinymce textwidget\">\n\t<h3 style=\"text-align: right;\"><strong><span style=\"color: #ffffff;\">ES SALT\u00c1S<\/span><\/strong><\/h3>\n<p><em>Privater Pool. Es ist Cubells, Ibiza.<\/em><br \/>\n<em>Baujahr 2020<\/em><br \/>\n<em>Fl\u00e4che 30 m2<\/em><br \/>\n<em>Max. Prof. 2,10 m<\/em><br \/>\n<em>Vertikale Langsamfiltration<\/em><br \/>\n<em>Filterpumpe 60w\/h<\/em><br \/>\nAusf\u00fchrung: hydraulischer Kalk. Naturbelassener Pool von 10 x 3 m, integriert durch die Schaffung von Terrassen, die den Unebenheiten des an das Haus angrenzenden Grundst\u00fccks folgen und einen alten Schutthang ersetzen.<br \/>\nErrichtet wird die Anlage in einer Systembauweise aus vorgefertigten Elementen, die als verlorene Schalung f\u00fcr die mit Beton ausgef\u00fcllten Umfassungsw\u00e4nde dienen, wodurch die Wandh\u00f6he und die Baukosten auf ein Minimum reduziert werden k\u00f6nnen.<br \/>\nEs besteht aus einem 7 x 3 m gro\u00dfen Badebereich mit zwei unterschiedlichen Tiefen; der durch eine Mauer abgetrennte Regenerationsbereich mit Makrophytenpflanzen unterhalb des Wasserspiegels; und ein Biofilter, der durch die Holzplattform, die den Pool umgibt, versteckt ist und letztendlich das intime Gef\u00fchl dieser unglaublichen Ecke erzeugt.<\/p>\n<\/div>\n<\/div><\/div><\/div><\/div><\/div><\/div><div id=\"pg-18829-1\"  class=\"panel-grid panel-has-style\" ><div class=\"siteorigin-panels-stretch panel-row-style panel-row-style-for-18829-1\" data-stretch-type=\"full-width-stretch\" ><div id=\"pgc-18829-1-0\"  class=\"panel-grid-cell\" ><div id=\"panel-18829-1-0-0\" class=\"so-panel widget widget_sow-image panel-first-child panel-last-child\" data-index=\"2\" ><div class=\"foobox panel-widget-style panel-widget-style-for-18829-1-0-0\" ><div\n\t\t\t\n\t\t\tclass=\"so-widget-sow-image so-widget-sow-image-default-8b5b6f678277-18829\"\n\t\t\t\n\t\t>\n<div class=\"sow-image-container\">\n\t\t\t<a href=\"https:\/\/thebiopool.com\/wp-content\/uploads\/1_es-saltas-2-1.jpg\"\n\t\t\t\t\t>\n\t\t\t<img \n\tdata-src=\"https:\/\/thebiopool.com\/wp-content\/uploads\/1_es-saltas-2-1-768x768.jpg\" width=\"768\" height=\"768\" data-srcset=\"https:\/\/thebiopool.com\/wp-content\/uploads\/1_es-saltas-2-1-768x768.jpg 768w, https:\/\/thebiopool.com\/wp-content\/uploads\/1_es-saltas-2-1-300x300.jpg 300w, https:\/\/thebiopool.com\/wp-content\/uploads\/1_es-saltas-2-1-1024x1024.jpg 1024w, https:\/\/thebiopool.com\/wp-content\/uploads\/1_es-saltas-2-1-150x150.jpg 150w, https:\/\/thebiopool.com\/wp-content\/uploads\/1_es-saltas-2-1-600x600.jpg 600w, https:\/\/thebiopool.com\/wp-content\/uploads\/1_es-saltas-2-1.jpg 1500w\" data-sizes=\"(max-width: 768px) 100vw, 768px\" title=\"Es Saltas by theBIOPOOL\" alt=\"Es Saltas by theBIOPOOL\" \t\tclass=\"so-widget-image lazyload\" src=\"data:image\/svg+xml;base64,PHN2ZyB3aWR0aD0iMSIgaGVpZ2h0PSIxIiB4bWxucz0iaHR0cDovL3d3dy53My5vcmcvMjAwMC9zdmciPjwvc3ZnPg==\" style=\"--smush-placeholder-width: 768px; --smush-placeholder-aspect-ratio: 768\/768;\" \/>\n\t\t\t<\/a><\/div>\n\n<\/div><\/div><\/div><\/div><div id=\"pgc-18829-1-1\"  class=\"panel-grid-cell\" ><div id=\"panel-18829-1-1-0\" class=\"so-panel widget widget_sow-image panel-first-child panel-last-child\" data-index=\"3\" ><div class=\"foobox panel-widget-style panel-widget-style-for-18829-1-1-0\" ><div\n\t\t\t\n\t\t\tclass=\"so-widget-sow-image so-widget-sow-image-default-8b5b6f678277-18829\"\n\t\t\t\n\t\t>\n<div class=\"sow-image-container\">\n\t\t\t<a href=\"https:\/\/thebiopool.com\/wp-content\/uploads\/es-saltas-3.jpg\"\n\t\t\t\t\t>\n\t\t\t<img \n\tdata-src=\"https:\/\/thebiopool.com\/wp-content\/uploads\/es-saltas-3-768x768.jpg\" width=\"768\" height=\"768\" data-srcset=\"https:\/\/thebiopool.com\/wp-content\/uploads\/es-saltas-3-768x768.jpg 768w, https:\/\/thebiopool.com\/wp-content\/uploads\/es-saltas-3-300x300.jpg 300w, https:\/\/thebiopool.com\/wp-content\/uploads\/es-saltas-3-1024x1024.jpg 1024w, https:\/\/thebiopool.com\/wp-content\/uploads\/es-saltas-3-150x150.jpg 150w, https:\/\/thebiopool.com\/wp-content\/uploads\/es-saltas-3-600x600.jpg 600w, https:\/\/thebiopool.com\/wp-content\/uploads\/es-saltas-3.jpg 1500w\" data-sizes=\"(max-width: 768px) 100vw, 768px\" title=\"Es Saltas by theBIOPOOL\" alt=\"Es Saltas by theBIOPOOL\" \t\tclass=\"so-widget-image lazyload\" src=\"data:image\/svg+xml;base64,PHN2ZyB3aWR0aD0iMSIgaGVpZ2h0PSIxIiB4bWxucz0iaHR0cDovL3d3dy53My5vcmcvMjAwMC9zdmciPjwvc3ZnPg==\" style=\"--smush-placeholder-width: 768px; --smush-placeholder-aspect-ratio: 768\/768;\" \/>\n\t\t\t<\/a><\/div>\n\n<\/div><\/div><\/div><\/div><div id=\"pgc-18829-1-2\"  class=\"panel-grid-cell\" ><div id=\"panel-18829-1-2-0\" class=\"so-panel widget widget_sow-image panel-first-child panel-last-child\" data-index=\"4\" ><div class=\"foobox panel-widget-style panel-widget-style-for-18829-1-2-0\" ><div\n\t\t\t\n\t\t\tclass=\"so-widget-sow-image so-widget-sow-image-default-8b5b6f678277-18829\"\n\t\t\t\n\t\t>\n<div class=\"sow-image-container\">\n\t\t\t<a href=\"https:\/\/thebiopool.com\/wp-content\/uploads\/1_es-saltas-4.jpg\"\n\t\t\ttarget=\"_blank\" rel=\"noopener noreferrer\" \t\t>\n\t\t\t<img \n\tdata-src=\"https:\/\/thebiopool.com\/wp-content\/uploads\/1_es-saltas-4-768x626.jpg\" width=\"768\" height=\"626\" data-srcset=\"https:\/\/thebiopool.com\/wp-content\/uploads\/1_es-saltas-4-768x626.jpg 768w, https:\/\/thebiopool.com\/wp-content\/uploads\/1_es-saltas-4-300x245.jpg 300w, https:\/\/thebiopool.com\/wp-content\/uploads\/1_es-saltas-4-1024x835.jpg 1024w, https:\/\/thebiopool.com\/wp-content\/uploads\/1_es-saltas-4-1536x1252.jpg 1536w, https:\/\/thebiopool.com\/wp-content\/uploads\/1_es-saltas-4-600x489.jpg 600w, https:\/\/thebiopool.com\/wp-content\/uploads\/1_es-saltas-4.jpg 1840w\" data-sizes=\"(max-width: 768px) 100vw, 768px\" title=\"Es Saltas by theBIOPOOL\" alt=\"Es Saltas by theBIOPOOL\" \t\tclass=\"so-widget-image lazyload\" src=\"data:image\/svg+xml;base64,PHN2ZyB3aWR0aD0iMSIgaGVpZ2h0PSIxIiB4bWxucz0iaHR0cDovL3d3dy53My5vcmcvMjAwMC9zdmciPjwvc3ZnPg==\" style=\"--smush-placeholder-width: 768px; --smush-placeholder-aspect-ratio: 768\/626;\" \/>\n\t\t\t<\/a><\/div>\n\n<\/div><\/div><\/div><\/div><\/div><\/div><div id=\"pg-18829-2\"  class=\"panel-grid panel-has-style\" ><div class=\"panel-row-style panel-row-style-for-18829-2\" ><div id=\"pgc-18829-2-0\"  class=\"panel-grid-cell\" ><div id=\"panel-18829-2-0-0\" class=\"so-panel widget widget_sow-editor panel-first-child panel-last-child\" data-index=\"5\" ><div\n\t\t\t\n\t\t\tclass=\"so-widget-sow-editor so-widget-sow-editor-base\"\n\t\t\t\n\t\t>\n<div class=\"siteorigin-widget-tinymce textwidget\">\n\t<h3 style=\"text-align: center;\">weitere Bilder<\/h3>\n<\/div>\n<\/div><\/div><\/div><\/div><\/div><\/div>","protected":false},"excerpt":{"rendered":"<p>ES SALT&Aacute;S Privater Pool. Es ist Cubells, Ibiza. Baujahr 2020 Fl&auml;che 30 m2 Max. Prof. 2,10 m Vertikale Langsamfiltration Filterpumpe 60w\/h Ausf&uuml;hrung: hydraulischer Kalk. Naturbelassener Pool von 10 x 3 m, integriert durch die Schaffung von Terrassen, die den Unebenheiten des an das Haus angrenzenden Grundst&uuml;cks folgen und einen alten Schutthang ersetzen. Errichtet wird die Anlage in einer Systembauweise aus vorgefertigten Elementen, die als verlorene Schalung f&uuml;r die mit Beton ausgef&uuml;llten Umfassungsw&auml;nde dienen, wodurch die Wandh&ouml;he und die Baukosten auf ein Minimum reduziert werden k&ouml;nnen. Es besteht aus einem 7 x 3 m gro&szlig;en Badebereich mit zwei unterschiedlichen Tiefen; der&hellip;<\/p>\n","protected":false},"author":1,"featured_media":0,"parent":0,"menu_order":0,"comment_status":"closed","ping_status":"closed","template":"","meta":{"footnotes":""},"class_list":["post-18829","page","type-page","status-publish","hentry"],"yoast_head":"<!-- This site is optimized with the Yoast SEO plugin v27.2 - https:\/\/yoast.com\/product\/yoast-seo-wordpress\/ -->\n<title>can pep - Experts for natural ponds<\/title>\n<meta name=\"description\" content=\"(English) If you want a natural and healthy water experience as a pool or pond owner in Ibiza we are your no.1 planer and builder\" \/>\n<meta name=\"robots\" content=\"index, follow, max-snippet:-1, max-image-preview:large, max-video-preview:-1\" \/>\n<link rel=\"canonical\" href=\"https:\/\/thebiopool.com\/de\/es-saltas\/\" \/>\n<meta property=\"og:locale\" content=\"de_DE\" \/>\n<meta property=\"og:type\" content=\"article\" \/>\n<meta property=\"og:title\" content=\"can pep - Experts for natural ponds\" \/>\n<meta property=\"og:description\" content=\"(English) If you want a natural and healthy water experience as a pool or pond owner in Ibiza we are your no.1 planer and builder\" \/>\n<meta property=\"og:url\" content=\"https:\/\/thebiopool.com\/de\/es-saltas\/\" \/>\n<meta property=\"og:site_name\" content=\"Natur Pools und Schwimmteiche\" \/>\n<meta property=\"article:publisher\" content=\"https:\/\/www.facebook.com\/Naturaleza-y-Arte-Stefan-Meier-162702410430553\/\" \/>\n<meta property=\"article:modified_time\" content=\"2025-02-28T17:03:30+00:00\" \/>\n<meta name=\"twitter:card\" content=\"summary_large_image\" \/>\n<meta name=\"twitter:label1\" content=\"Gesch\u00e4tzte Lesezeit\" \/>\n\t<meta name=\"twitter:data1\" content=\"4\u00a0Minuten\" \/>\n<script type=\"application\/ld+json\" class=\"yoast-schema-graph\">{\"@context\":\"https:\/\/schema.org\",\"@graph\":[{\"@type\":\"WebPage\",\"@id\":\"https:\/\/thebiopool.com\/de\/es-saltas\/\",\"url\":\"https:\/\/thebiopool.com\/de\/es-saltas\/\",\"name\":\"can pep - Experts for natural ponds\",\"isPartOf\":{\"@id\":\"https:\/\/thebiopool.com\/de\/#website\"},\"datePublished\":\"2024-12-10T07:16:20+00:00\",\"dateModified\":\"2025-02-28T17:03:30+00:00\",\"description\":\"(English) If you want a natural and healthy water experience as a pool or pond owner in Ibiza we are your no.1 planer and builder\",\"breadcrumb\":{\"@id\":\"https:\/\/thebiopool.com\/de\/es-saltas\/#breadcrumb\"},\"inLanguage\":\"de\",\"potentialAction\":[{\"@type\":\"ReadAction\",\"target\":[[\"https:\/\/thebiopool.com\/de\/es-saltas\/\"]]}]},{\"@type\":\"BreadcrumbList\",\"@id\":\"https:\/\/thebiopool.com\/de\/es-saltas\/#breadcrumb\",\"itemListElement\":[{\"@type\":\"ListItem\",\"position\":1,\"name\":\"Home\",\"item\":\"https:\/\/thebiopool.com\/de\/\"},{\"@type\":\"ListItem\",\"position\":2,\"name\":\"ES SALTAS\"}]},{\"@type\":\"WebSite\",\"@id\":\"https:\/\/thebiopool.com\/de\/#website\",\"url\":\"https:\/\/thebiopool.com\/de\/\",\"name\":\"TheBiopool\",\"description\":\"wir planen und bauen Ihren perfecten Schwimmteich und Natur Pool\",\"publisher\":{\"@id\":\"https:\/\/thebiopool.com\/de\/#organization\"},\"potentialAction\":[{\"@type\":\"SearchAction\",\"target\":{\"@type\":\"EntryPoint\",\"urlTemplate\":\"https:\/\/thebiopool.com\/de\/?s={search_term_string}\"},\"query-input\":{\"@type\":\"PropertyValueSpecification\",\"valueRequired\":true,\"valueName\":\"search_term_string\"}}],\"inLanguage\":\"de\"},{\"@type\":\"Organization\",\"@id\":\"https:\/\/thebiopool.com\/de\/#organization\",\"name\":\"TheBiopool\",\"url\":\"https:\/\/thebiopool.com\/de\/\",\"logo\":{\"@type\":\"ImageObject\",\"inLanguage\":\"de\",\"@id\":\"https:\/\/thebiopool.com\/de\/#\/schema\/logo\/image\/\",\"url\":\"https:\/\/thebiopool.com\/wp-content\/uploads\/logo-schatten-website-klein.png\",\"contentUrl\":\"https:\/\/thebiopool.com\/wp-content\/uploads\/logo-schatten-website-klein.png\",\"width\":220,\"height\":64,\"caption\":\"TheBiopool\"},\"image\":{\"@id\":\"https:\/\/thebiopool.com\/de\/#\/schema\/logo\/image\/\"},\"sameAs\":[\"https:\/\/www.facebook.com\/Naturaleza-y-Arte-Stefan-Meier-162702410430553\/\",\"https:\/\/www.instagram.com\/thebiopool\/\"]}]}<\/script>\n<!-- \/ Yoast SEO plugin. -->","yoast_head_json":{"title":"can pep - Experts for natural ponds","description":"(English) If you want a natural and healthy water experience as a pool or pond owner in Ibiza we are your no.1 planer and builder","robots":{"index":"index","follow":"follow","max-snippet":"max-snippet:-1","max-image-preview":"max-image-preview:large","max-video-preview":"max-video-preview:-1"},"canonical":"https:\/\/thebiopool.com\/de\/es-saltas\/","og_locale":"de_DE","og_type":"article","og_title":"can pep - Experts for natural ponds","og_description":"(English) If you want a natural and healthy water experience as a pool or pond owner in Ibiza we are your no.1 planer and builder","og_url":"https:\/\/thebiopool.com\/de\/es-saltas\/","og_site_name":"Natur Pools und Schwimmteiche","article_publisher":"https:\/\/www.facebook.com\/Naturaleza-y-Arte-Stefan-Meier-162702410430553\/","article_modified_time":"2025-02-28T17:03:30+00:00","twitter_card":"summary_large_image","twitter_misc":{"Gesch\u00e4tzte Lesezeit":"4\u00a0Minuten"},"schema":{"@context":"https:\/\/schema.org","@graph":[{"@type":"WebPage","@id":"https:\/\/thebiopool.com\/de\/es-saltas\/","url":"https:\/\/thebiopool.com\/de\/es-saltas\/","name":"can pep - Experts for natural ponds","isPartOf":{"@id":"https:\/\/thebiopool.com\/de\/#website"},"datePublished":"2024-12-10T07:16:20+00:00","dateModified":"2025-02-28T17:03:30+00:00","description":"(English) If you want a natural and healthy water experience as a pool or pond owner in Ibiza we are your no.1 planer and builder","breadcrumb":{"@id":"https:\/\/thebiopool.com\/de\/es-saltas\/#breadcrumb"},"inLanguage":"de","potentialAction":[{"@type":"ReadAction","target":[["https:\/\/thebiopool.com\/de\/es-saltas\/"]]}]},{"@type":"BreadcrumbList","@id":"https:\/\/thebiopool.com\/de\/es-saltas\/#breadcrumb","itemListElement":[{"@type":"ListItem","position":1,"name":"Home","item":"https:\/\/thebiopool.com\/de\/"},{"@type":"ListItem","position":2,"name":"ES SALTAS"}]},{"@type":"WebSite","@id":"https:\/\/thebiopool.com\/de\/#website","url":"https:\/\/thebiopool.com\/de\/","name":"TheBiopool","description":"wir planen und bauen Ihren perfecten Schwimmteich und Natur Pool","publisher":{"@id":"https:\/\/thebiopool.com\/de\/#organization"},"potentialAction":[{"@type":"SearchAction","target":{"@type":"EntryPoint","urlTemplate":"https:\/\/thebiopool.com\/de\/?s={search_term_string}"},"query-input":{"@type":"PropertyValueSpecification","valueRequired":true,"valueName":"search_term_string"}}],"inLanguage":"de"},{"@type":"Organization","@id":"https:\/\/thebiopool.com\/de\/#organization","name":"TheBiopool","url":"https:\/\/thebiopool.com\/de\/","logo":{"@type":"ImageObject","inLanguage":"de","@id":"https:\/\/thebiopool.com\/de\/#\/schema\/logo\/image\/","url":"https:\/\/thebiopool.com\/wp-content\/uploads\/logo-schatten-website-klein.png","contentUrl":"https:\/\/thebiopool.com\/wp-content\/uploads\/logo-schatten-website-klein.png","width":220,"height":64,"caption":"TheBiopool"},"image":{"@id":"https:\/\/thebiopool.com\/de\/#\/schema\/logo\/image\/"},"sameAs":["https:\/\/www.facebook.com\/Naturaleza-y-Arte-Stefan-Meier-162702410430553\/","https:\/\/www.instagram.com\/thebiopool\/"]}]}},"_links":{"self":[{"href":"https:\/\/thebiopool.com\/de\/wp-json\/wp\/v2\/pages\/18829","targetHints":{"allow":["GET"]}}],"collection":[{"href":"https:\/\/thebiopool.com\/de\/wp-json\/wp\/v2\/pages"}],"about":[{"href":"https:\/\/thebiopool.com\/de\/wp-json\/wp\/v2\/types\/page"}],"author":[{"embeddable":true,"href":"https:\/\/thebiopool.com\/de\/wp-json\/wp\/v2\/users\/1"}],"replies":[{"embeddable":true,"href":"https:\/\/thebiopool.com\/de\/wp-json\/wp\/v2\/comments?post=18829"}],"version-history":[{"count":0,"href":"https:\/\/thebiopool.com\/de\/wp-json\/wp\/v2\/pages\/18829\/revisions"}],"wp:attachment":[{"href":"https:\/\/thebiopool.com\/de\/wp-json\/wp\/v2\/media?parent=18829"}],"curies":[{"name":"wp","href":"https:\/\/api.w.org\/{rel}","templated":true}]}}