{"id":18985,"date":"2025-02-26T12:20:46","date_gmt":"2025-02-26T11:20:46","guid":{"rendered":"https:\/\/thebiopool.com\/?page_id=18985"},"modified":"2025-05-07T15:14:09","modified_gmt":"2025-05-07T13:14:09","slug":"fito","status":"publish","type":"page","link":"https:\/\/thebiopool.com\/de\/fito\/","title":{"rendered":"Phitodepuracion"},"content":{"rendered":"<div id=\"pl-18985\"  class=\"panel-layout\" ><div id=\"pg-18985-0\"  class=\"panel-grid panel-has-style\" ><div class=\"siteorigin-panels-stretch panel-row-style panel-row-style-for-18985-0\" data-stretch-type=\"full-width-stretch\" ><div id=\"pgc-18985-0-0\"  class=\"panel-grid-cell\" ><div id=\"panel-18985-0-0-0\" class=\"so-panel widget widget_sow-editor panel-first-child panel-last-child\" data-index=\"0\" ><div class=\"panel-widget-style panel-widget-style-for-18985-0-0-0\" ><div\n\t\t\t\n\t\t\tclass=\"so-widget-sow-editor so-widget-sow-editor-base\"\n\t\t\t\n\t\t>\n<div class=\"siteorigin-widget-tinymce textwidget\">\n\t<p>&nbsp;<\/p>\n<p>&nbsp;<\/p>\n<p>&nbsp;<\/p>\n<h1><span style=\"color: #ffffff;text-shadow: 2px 2px #000000;\">PHYTOPURATION<br \/>Recycling von h\u00e4uslichem Abwasser<\/span><\/h1>\n<\/div>\n<\/div><\/div><\/div><\/div><\/div><\/div><div id=\"pg-18985-1\"  class=\"panel-grid panel-has-style\" ><div class=\"siteorigin-panels-stretch panel-row-style panel-row-style-for-18985-1\" data-stretch-type=\"full-width-stretch\" ><div id=\"pgc-18985-1-0\"  class=\"panel-grid-cell\" ><div id=\"panel-18985-1-0-0\" class=\"so-panel widget widget_sow-editor panel-first-child\" data-index=\"1\" ><div class=\"panel-widget-style panel-widget-style-for-18985-1-0-0\" ><div\n\t\t\t\n\t\t\tclass=\"so-widget-sow-editor so-widget-sow-editor-base\"\n\t\t\t\n\t\t>\n<div class=\"siteorigin-widget-tinymce textwidget\">\n\t<p><span style=\"font-size: 120%;\"><br \/>\nPhytopurifikation ist eine nachhaltige Technologie, die Sumpfpflanzen und Mikroorganismen zur Abwasserbehandlung nutzt. Inspiriert durch die nat\u00fcrlichen Reinigungsprozesse der Natur erm\u00f6glicht diese Technik, schmutziges Wasser aus Ihrem Zuhause in sauberes, wiederverwendbares Wasser umzuwandeln, das sich beispielsweise f\u00fcr die Bew\u00e4sserung von G\u00e4rten und Gr\u00fcnfl\u00e4chen eignet.<br \/>\nDas durch eine Kl\u00e4rgrube vorbehandelte Abwasser flie\u00dft durch speziell angelegte Kiesbetten mit spezifischer Vegetation, in denen die vorhandenen Mikroorganismen und Pflanzen eine Symbiose eingehen, um:<\/span><\/p>\n<ul>\n<li><span style=\"font-size: 120%;\">Feststoffe und Schwebstoffe heraus zu filtern.<\/span><\/li>\n<li><span style=\"font-size: 120%;\">den Abbau und die Beseitigung von F\u00e4kalienbakterien durch biologische Prozesse zu realisieren.<\/span><\/li>\n<li><span style=\"font-size: 120%;\">N\u00e4hrstoffe wie Nitrate und Phosphate aufzunehmen, die f\u00fcr das Wachstum notwendig sind.<\/span><\/li>\n<li><span style=\"font-size: 120%;\">das Wasser mit Sauerstoff anzureichern und eine g\u00fcnstige Umgebung f\u00fcr die Zersetzung organischer Stoffe zu schaffen.<\/span><\/li>\n<\/ul>\n<\/div>\n<\/div><\/div><\/div><div id=\"panel-18985-1-0-1\" class=\"so-panel widget widget_sow-editor panel-last-child\" data-index=\"2\" ><div class=\"panel-widget-style panel-widget-style-for-18985-1-0-1\" ><div\n\t\t\t\n\t\t\tclass=\"so-widget-sow-editor so-widget-sow-editor-base\"\n\t\t\t\n\t\t>\n<div class=\"siteorigin-widget-tinymce textwidget\">\n\t<h1 style=\"text-align: right;\"><img decoding=\"async\" class=\"size-full wp-image-18990 aligncenter lazyload\" data-src=\"https:\/\/thebiopool.com\/wp-content\/uploads\/fito-ESQ.png\" alt=\"\" width=\"1800\" height=\"320\" data-srcset=\"https:\/\/thebiopool.com\/wp-content\/uploads\/fito-ESQ.png 1800w, https:\/\/thebiopool.com\/wp-content\/uploads\/fito-ESQ-300x53.png 300w, https:\/\/thebiopool.com\/wp-content\/uploads\/fito-ESQ-1024x182.png 1024w, https:\/\/thebiopool.com\/wp-content\/uploads\/fito-ESQ-768x137.png 768w, https:\/\/thebiopool.com\/wp-content\/uploads\/fito-ESQ-1536x273.png 1536w, https:\/\/thebiopool.com\/wp-content\/uploads\/fito-ESQ-600x107.png 600w\" data-sizes=\"(max-width: 1800px) 100vw, 1800px\" src=\"data:image\/svg+xml;base64,PHN2ZyB3aWR0aD0iMSIgaGVpZ2h0PSIxIiB4bWxucz0iaHR0cDovL3d3dy53My5vcmcvMjAwMC9zdmciPjwvc3ZnPg==\" style=\"--smush-placeholder-width: 1800px; --smush-placeholder-aspect-ratio: 1800\/320;\" \/><\/h1>\n<\/div>\n<\/div><\/div><\/div><\/div><\/div><\/div><div id=\"pg-18985-2\"  class=\"panel-grid panel-has-style\" ><div class=\"siteorigin-panels-stretch panel-row-style panel-row-style-for-18985-2\" data-stretch-type=\"full-width-stretch\" ><div id=\"pgc-18985-2-0\"  class=\"panel-grid-cell\" ><div id=\"panel-18985-2-0-0\" class=\"so-panel widget widget_sow-editor panel-first-child\" data-index=\"3\" ><div class=\"panel-widget-style panel-widget-style-for-18985-2-0-0\" ><div\n\t\t\t\n\t\t\tclass=\"so-widget-sow-editor so-widget-sow-editor-base\"\n\t\t\t\n\t\t>\n<div class=\"siteorigin-widget-tinymce textwidget\">\n\t<\/div>\n<\/div><\/div><\/div><div id=\"panel-18985-2-0-1\" class=\"so-panel widget widget_sow-editor panel-last-child\" data-index=\"4\" ><div class=\"panel-widget-style panel-widget-style-for-18985-2-0-1\" ><div\n\t\t\t\n\t\t\tclass=\"so-widget-sow-editor so-widget-sow-editor-base\"\n\t\t\t\n\t\t>\n<div class=\"siteorigin-widget-tinymce textwidget\">\n\t<p><span style=\"font-size: 120%;\">Vorteile der Phytodepuration:<\/span><\/p>\n<ul>\n<li><span style=\"font-size: 120%;\">\u00d6kologische Effizienz: Phytodepuration ist eine \u00f6kologische Option, die sich die nat\u00fcrliche Kapazit\u00e4t von Pflanzen zunutze macht und verwendet Mikroorganismen zur Wasseraufbereitung, wodurch die Abh\u00e4ngigkeit von Chemikalien und Energie verringert wird.<\/span><\/li>\n<li><span style=\"font-size: 120%;\">Wasserwiederverwendung: Erm\u00f6glicht das sichere Recycling von aufbereitetem Wasser und verwandelt es in eine wertvolle Wasserquelle zur Bew\u00e4sserung und andere nicht trinkbare Zwecke.<\/span><\/li>\n<li><span style=\"font-size: 120%;\">Landschaftsverbesserung: Phytoreinigungssysteme k\u00f6nnen harmonisch in G\u00e4rten und Gr\u00fcnfl\u00e4chen integriert werden,<br \/>\nund f\u00fchren zur Verbesserung der \u00c4sthetik und Artenvielfalt der Umwelt.<\/span><\/li>\n<li><span style=\"font-size: 120%;\">Reduzierte Kosten: Auf lange Sicht erfordern Phytoreinigungssysteme weniger Wartungs- und Betriebskosten<br \/>\nim Vergleich zu herk\u00f6mmlichen Behandlungen.<\/span><\/li>\n<\/ul>\n<\/div>\n<\/div><\/div><\/div><\/div><\/div><\/div><div id=\"pg-18985-3\"  class=\"panel-grid panel-has-style\" ><div class=\"siteorigin-panels-stretch panel-row-style panel-row-style-for-18985-3\" data-stretch-type=\"full-width-stretch\" ><div id=\"pgc-18985-3-0\"  class=\"panel-grid-cell\" ><div id=\"panel-18985-3-0-0\" class=\"so-panel widget widget_sow-editor panel-first-child\" data-index=\"5\" ><div class=\"panel-widget-style panel-widget-style-for-18985-3-0-0\" ><div\n\t\t\t\n\t\t\tclass=\"so-widget-sow-editor so-widget-sow-editor-base\"\n\t\t\t\n\t\t>\n<div class=\"siteorigin-widget-tinymce textwidget\">\n\t<\/div>\n<\/div><\/div><\/div><div id=\"panel-18985-3-0-1\" class=\"so-panel widget widget_sow-editor panel-last-child\" data-index=\"6\" ><div class=\"panel-widget-style panel-widget-style-for-18985-3-0-1\" ><div\n\t\t\t\n\t\t\tclass=\"so-widget-sow-editor so-widget-sow-editor-base\"\n\t\t\t\n\t\t>\n<div class=\"siteorigin-widget-tinymce textwidget\">\n\t<p><span style=\"font-size: 120%;\">Angesichts des steigenden Wasserbedarfs und der aktuellen Umweltsituation stellt die Phytoreinigung eine Herausforderung dar unverzichtbares Instrument f\u00fcr die Nachhaltigkeit der Wasserversorgung. Indem Sie Wasser zu Hause recyceln und wiederverwenden, verringern Sie den Druck auf Wasserressourcen und f\u00f6rdert einen verantwortungsvolleren und bewussteren Umgang mit Wasser.<\/span><\/p>\n<\/div>\n<\/div><\/div><\/div><\/div><\/div><\/div><\/div>","protected":false},"excerpt":{"rendered":"<p>&nbsp; &nbsp; &nbsp; PHYTOPURATIONRecycling von h&auml;uslichem Abwasser Phytopurifikation ist eine nachhaltige Technologie, die Sumpfpflanzen und Mikroorganismen zur Abwasserbehandlung nutzt. Inspiriert durch die nat&uuml;rlichen Reinigungsprozesse der Natur erm&ouml;glicht diese Technik, schmutziges Wasser aus Ihrem Zuhause in sauberes, wiederverwendbares Wasser umzuwandeln, das sich beispielsweise f&uuml;r die Bew&auml;sserung von G&auml;rten und Gr&uuml;nfl&auml;chen eignet. Das durch eine Kl&auml;rgrube vorbehandelte Abwasser flie&szlig;t durch speziell angelegte Kiesbetten mit spezifischer Vegetation, in denen die vorhandenen Mikroorganismen und Pflanzen eine Symbiose eingehen, um: Feststoffe und Schwebstoffe heraus zu filtern. den Abbau und die Beseitigung von F&auml;kalienbakterien durch biologische Prozesse zu realisieren. N&auml;hrstoffe wie Nitrate und Phosphate aufzunehmen, die&hellip;<\/p>\n","protected":false},"author":1,"featured_media":0,"parent":0,"menu_order":0,"comment_status":"closed","ping_status":"closed","template":"","meta":{"footnotes":""},"class_list":["post-18985","page","type-page","status-publish","hentry"],"yoast_head":"<!-- This site is optimized with the Yoast SEO plugin v27.4 - https:\/\/yoast.com\/product\/yoast-seo-wordpress\/ -->\n<title>Phitodepuracion - Natur Pools und Schwimmteiche<\/title>\n<meta name=\"robots\" content=\"index, follow, max-snippet:-1, max-image-preview:large, max-video-preview:-1\" \/>\n<link rel=\"canonical\" href=\"https:\/\/thebiopool.com\/de\/fito\/\" \/>\n<meta property=\"og:locale\" content=\"de_DE\" \/>\n<meta property=\"og:type\" content=\"article\" \/>\n<meta property=\"og:title\" content=\"Phitodepuracion - Natur Pools und Schwimmteiche\" \/>\n<meta property=\"og:description\" content=\"&nbsp; &nbsp; &nbsp; PHYTOPURATIONRecycling von h&auml;uslichem Abwasser Phytopurifikation ist eine nachhaltige Technologie, die Sumpfpflanzen und Mikroorganismen zur Abwasserbehandlung nutzt. Inspiriert durch die nat&uuml;rlichen Reinigungsprozesse der Natur erm&ouml;glicht diese Technik, schmutziges Wasser aus Ihrem Zuhause in sauberes, wiederverwendbares Wasser umzuwandeln, das sich beispielsweise f&uuml;r die Bew&auml;sserung von G&auml;rten und Gr&uuml;nfl&auml;chen eignet. Das durch eine Kl&auml;rgrube vorbehandelte Abwasser flie&szlig;t durch speziell angelegte Kiesbetten mit spezifischer Vegetation, in denen die vorhandenen Mikroorganismen und Pflanzen eine Symbiose eingehen, um: Feststoffe und Schwebstoffe heraus zu filtern. den Abbau und die Beseitigung von F&auml;kalienbakterien durch biologische Prozesse zu realisieren. N&auml;hrstoffe wie Nitrate und Phosphate aufzunehmen, die&hellip;\" \/>\n<meta property=\"og:url\" content=\"https:\/\/thebiopool.com\/de\/fito\/\" \/>\n<meta property=\"og:site_name\" content=\"Natur Pools und Schwimmteiche\" \/>\n<meta property=\"article:publisher\" content=\"https:\/\/www.facebook.com\/Naturaleza-y-Arte-Stefan-Meier-162702410430553\/\" \/>\n<meta property=\"article:modified_time\" content=\"2025-05-07T13:14:09+00:00\" \/>\n<meta property=\"og:image\" content=\"https:\/\/thebiopool.com\/wp-content\/uploads\/fito-ESQ.png\" \/>\n\t<meta property=\"og:image:width\" content=\"1800\" \/>\n\t<meta property=\"og:image:height\" content=\"320\" \/>\n\t<meta property=\"og:image:type\" content=\"image\/png\" \/>\n<meta name=\"twitter:card\" content=\"summary_large_image\" \/>\n<meta name=\"twitter:label1\" content=\"Gesch\u00e4tzte Lesezeit\" \/>\n\t<meta name=\"twitter:data1\" content=\"5\u00a0Minuten\" \/>\n<script type=\"application\/ld+json\" class=\"yoast-schema-graph\">{\"@context\":\"https:\\\/\\\/schema.org\",\"@graph\":[{\"@type\":\"WebPage\",\"@id\":\"https:\\\/\\\/thebiopool.com\\\/de\\\/fito\\\/\",\"url\":\"https:\\\/\\\/thebiopool.com\\\/de\\\/fito\\\/\",\"name\":\"Phitodepuracion - Natur Pools und Schwimmteiche\",\"isPartOf\":{\"@id\":\"https:\\\/\\\/thebiopool.com\\\/de\\\/#website\"},\"primaryImageOfPage\":{\"@id\":\"https:\\\/\\\/thebiopool.com\\\/de\\\/fito\\\/#primaryimage\"},\"image\":{\"@id\":\"https:\\\/\\\/thebiopool.com\\\/fito\\\/#primaryimage\"},\"thumbnailUrl\":\"https:\\\/\\\/thebiopool.com\\\/wp-content\\\/uploads\\\/fito-ESQ.png\",\"datePublished\":\"2025-02-26T11:20:46+00:00\",\"dateModified\":\"2025-05-07T13:14:09+00:00\",\"breadcrumb\":{\"@id\":\"https:\\\/\\\/thebiopool.com\\\/de\\\/fito\\\/#breadcrumb\"},\"inLanguage\":\"de\",\"potentialAction\":[{\"@type\":\"ReadAction\",\"target\":[[\"https:\\\/\\\/thebiopool.com\\\/de\\\/fito\\\/\"]]}]},{\"@type\":\"ImageObject\",\"inLanguage\":\"de\",\"@id\":\"https:\\\/\\\/thebiopool.com\\\/de\\\/fito\\\/#primaryimage\",\"url\":\"https:\\\/\\\/thebiopool.com\\\/wp-content\\\/uploads\\\/fito-ESQ.png\",\"contentUrl\":\"https:\\\/\\\/thebiopool.com\\\/wp-content\\\/uploads\\\/fito-ESQ.png\"},{\"@type\":\"BreadcrumbList\",\"@id\":\"https:\\\/\\\/thebiopool.com\\\/de\\\/fito\\\/#breadcrumb\",\"itemListElement\":[{\"@type\":\"ListItem\",\"position\":1,\"name\":\"Home\",\"item\":\"https:\\\/\\\/thebiopool.com\\\/de\\\/\"},{\"@type\":\"ListItem\",\"position\":2,\"name\":\"Phitodepuracion\"}]},{\"@type\":\"WebSite\",\"@id\":\"https:\\\/\\\/thebiopool.com\\\/de\\\/#website\",\"url\":\"https:\\\/\\\/thebiopool.com\\\/de\\\/\",\"name\":\"TheBiopool\",\"description\":\"wir planen und bauen Ihren perfecten Schwimmteich und Natur Pool\",\"publisher\":{\"@id\":\"https:\\\/\\\/thebiopool.com\\\/de\\\/#organization\"},\"potentialAction\":[{\"@type\":\"SearchAction\",\"target\":{\"@type\":\"EntryPoint\",\"urlTemplate\":\"https:\\\/\\\/thebiopool.com\\\/de\\\/?s={search_term_string}\"},\"query-input\":{\"@type\":\"PropertyValueSpecification\",\"valueRequired\":true,\"valueName\":\"search_term_string\"}}],\"inLanguage\":\"de\"},{\"@type\":\"Organization\",\"@id\":\"https:\\\/\\\/thebiopool.com\\\/de\\\/#organization\",\"name\":\"TheBiopool\",\"url\":\"https:\\\/\\\/thebiopool.com\\\/de\\\/\",\"logo\":{\"@type\":\"ImageObject\",\"inLanguage\":\"de\",\"@id\":\"https:\\\/\\\/thebiopool.com\\\/de\\\/#\\\/schema\\\/logo\\\/image\\\/\",\"url\":\"https:\\\/\\\/thebiopool.com\\\/wp-content\\\/uploads\\\/logo-schatten-website-klein.png\",\"contentUrl\":\"https:\\\/\\\/thebiopool.com\\\/wp-content\\\/uploads\\\/logo-schatten-website-klein.png\",\"width\":220,\"height\":64,\"caption\":\"TheBiopool\"},\"image\":{\"@id\":\"https:\\\/\\\/thebiopool.com\\\/de\\\/#\\\/schema\\\/logo\\\/image\\\/\"},\"sameAs\":[\"https:\\\/\\\/www.facebook.com\\\/Naturaleza-y-Arte-Stefan-Meier-162702410430553\\\/\",\"https:\\\/\\\/www.instagram.com\\\/thebiopool\\\/\"]}]}<\/script>\n<!-- \/ Yoast SEO plugin. -->","yoast_head_json":{"title":"Phitodepuracion - Natur Pools und Schwimmteiche","robots":{"index":"index","follow":"follow","max-snippet":"max-snippet:-1","max-image-preview":"max-image-preview:large","max-video-preview":"max-video-preview:-1"},"canonical":"https:\/\/thebiopool.com\/de\/fito\/","og_locale":"de_DE","og_type":"article","og_title":"Phitodepuracion - Natur Pools und Schwimmteiche","og_description":"&nbsp; &nbsp; &nbsp; PHYTOPURATIONRecycling von h&auml;uslichem Abwasser Phytopurifikation ist eine nachhaltige Technologie, die Sumpfpflanzen und Mikroorganismen zur Abwasserbehandlung nutzt. Inspiriert durch die nat&uuml;rlichen Reinigungsprozesse der Natur erm&ouml;glicht diese Technik, schmutziges Wasser aus Ihrem Zuhause in sauberes, wiederverwendbares Wasser umzuwandeln, das sich beispielsweise f&uuml;r die Bew&auml;sserung von G&auml;rten und Gr&uuml;nfl&auml;chen eignet. Das durch eine Kl&auml;rgrube vorbehandelte Abwasser flie&szlig;t durch speziell angelegte Kiesbetten mit spezifischer Vegetation, in denen die vorhandenen Mikroorganismen und Pflanzen eine Symbiose eingehen, um: Feststoffe und Schwebstoffe heraus zu filtern. den Abbau und die Beseitigung von F&auml;kalienbakterien durch biologische Prozesse zu realisieren. N&auml;hrstoffe wie Nitrate und Phosphate aufzunehmen, die&hellip;","og_url":"https:\/\/thebiopool.com\/de\/fito\/","og_site_name":"Natur Pools und Schwimmteiche","article_publisher":"https:\/\/www.facebook.com\/Naturaleza-y-Arte-Stefan-Meier-162702410430553\/","article_modified_time":"2025-05-07T13:14:09+00:00","og_image":[{"width":1800,"height":320,"url":"https:\/\/thebiopool.com\/wp-content\/uploads\/fito-ESQ.png","type":"image\/png"}],"twitter_card":"summary_large_image","twitter_misc":{"Gesch\u00e4tzte Lesezeit":"5\u00a0Minuten"},"schema":{"@context":"https:\/\/schema.org","@graph":[{"@type":"WebPage","@id":"https:\/\/thebiopool.com\/de\/fito\/","url":"https:\/\/thebiopool.com\/de\/fito\/","name":"Phitodepuracion - Natur Pools und Schwimmteiche","isPartOf":{"@id":"https:\/\/thebiopool.com\/de\/#website"},"primaryImageOfPage":{"@id":"https:\/\/thebiopool.com\/de\/fito\/#primaryimage"},"image":{"@id":"https:\/\/thebiopool.com\/fito\/#primaryimage"},"thumbnailUrl":"https:\/\/thebiopool.com\/wp-content\/uploads\/fito-ESQ.png","datePublished":"2025-02-26T11:20:46+00:00","dateModified":"2025-05-07T13:14:09+00:00","breadcrumb":{"@id":"https:\/\/thebiopool.com\/de\/fito\/#breadcrumb"},"inLanguage":"de","potentialAction":[{"@type":"ReadAction","target":[["https:\/\/thebiopool.com\/de\/fito\/"]]}]},{"@type":"ImageObject","inLanguage":"de","@id":"https:\/\/thebiopool.com\/de\/fito\/#primaryimage","url":"https:\/\/thebiopool.com\/wp-content\/uploads\/fito-ESQ.png","contentUrl":"https:\/\/thebiopool.com\/wp-content\/uploads\/fito-ESQ.png"},{"@type":"BreadcrumbList","@id":"https:\/\/thebiopool.com\/de\/fito\/#breadcrumb","itemListElement":[{"@type":"ListItem","position":1,"name":"Home","item":"https:\/\/thebiopool.com\/de\/"},{"@type":"ListItem","position":2,"name":"Phitodepuracion"}]},{"@type":"WebSite","@id":"https:\/\/thebiopool.com\/de\/#website","url":"https:\/\/thebiopool.com\/de\/","name":"TheBiopool","description":"wir planen und bauen Ihren perfecten Schwimmteich und Natur Pool","publisher":{"@id":"https:\/\/thebiopool.com\/de\/#organization"},"potentialAction":[{"@type":"SearchAction","target":{"@type":"EntryPoint","urlTemplate":"https:\/\/thebiopool.com\/de\/?s={search_term_string}"},"query-input":{"@type":"PropertyValueSpecification","valueRequired":true,"valueName":"search_term_string"}}],"inLanguage":"de"},{"@type":"Organization","@id":"https:\/\/thebiopool.com\/de\/#organization","name":"TheBiopool","url":"https:\/\/thebiopool.com\/de\/","logo":{"@type":"ImageObject","inLanguage":"de","@id":"https:\/\/thebiopool.com\/de\/#\/schema\/logo\/image\/","url":"https:\/\/thebiopool.com\/wp-content\/uploads\/logo-schatten-website-klein.png","contentUrl":"https:\/\/thebiopool.com\/wp-content\/uploads\/logo-schatten-website-klein.png","width":220,"height":64,"caption":"TheBiopool"},"image":{"@id":"https:\/\/thebiopool.com\/de\/#\/schema\/logo\/image\/"},"sameAs":["https:\/\/www.facebook.com\/Naturaleza-y-Arte-Stefan-Meier-162702410430553\/","https:\/\/www.instagram.com\/thebiopool\/"]}]}},"_links":{"self":[{"href":"https:\/\/thebiopool.com\/de\/wp-json\/wp\/v2\/pages\/18985","targetHints":{"allow":["GET"]}}],"collection":[{"href":"https:\/\/thebiopool.com\/de\/wp-json\/wp\/v2\/pages"}],"about":[{"href":"https:\/\/thebiopool.com\/de\/wp-json\/wp\/v2\/types\/page"}],"author":[{"embeddable":true,"href":"https:\/\/thebiopool.com\/de\/wp-json\/wp\/v2\/users\/1"}],"replies":[{"embeddable":true,"href":"https:\/\/thebiopool.com\/de\/wp-json\/wp\/v2\/comments?post=18985"}],"version-history":[{"count":0,"href":"https:\/\/thebiopool.com\/de\/wp-json\/wp\/v2\/pages\/18985\/revisions"}],"wp:attachment":[{"href":"https:\/\/thebiopool.com\/de\/wp-json\/wp\/v2\/media?parent=18985"}],"curies":[{"name":"wp","href":"https:\/\/api.w.org\/{rel}","templated":true}]}}