{"id":19008,"date":"2025-02-28T13:13:45","date_gmt":"2025-02-28T12:13:45","guid":{"rendered":"https:\/\/thebiopool.com\/?page_id=19008"},"modified":"2025-02-28T14:00:43","modified_gmt":"2025-02-28T13:00:43","slug":"pluviales","status":"publish","type":"page","link":"https:\/\/thebiopool.com\/de\/pluviales\/","title":{"rendered":"PLUVIALES"},"content":{"rendered":"<div id=\"pl-19008\"  class=\"panel-layout\" ><div id=\"pg-19008-0\"  class=\"panel-grid panel-has-style\" ><div class=\"siteorigin-panels-stretch panel-row-style panel-row-style-for-19008-0\" data-stretch-type=\"full-width-stretch\" ><div id=\"pgc-19008-0-0\"  class=\"panel-grid-cell\" ><div id=\"panel-19008-0-0-0\" class=\"so-panel widget widget_sow-editor panel-first-child\" data-index=\"0\" ><div class=\"panel-widget-style panel-widget-style-for-19008-0-0-0\" ><div\n\t\t\t\n\t\t\tclass=\"so-widget-sow-editor so-widget-sow-editor-base\"\n\t\t\t\n\t\t>\n<div class=\"siteorigin-widget-tinymce textwidget\">\n\t<p>&nbsp;<\/p>\n<p>&nbsp;<\/p>\n<p>&nbsp;<\/p>\n<h1><span style=\"color: #ffffff;text-shadow: 2px 2px #000000;\">REGENWASSERMANAGEMENT<br \/>Sammeln, Speichern und Wiederverwenden von Regenwasser<\/span><\/h1>\n<\/div>\n<\/div><\/div><\/div><div id=\"panel-19008-0-0-1\" class=\"so-panel widget widget_sow-editor panel-last-child\" data-index=\"1\" ><div class=\"panel-widget-style panel-widget-style-for-19008-0-0-1\" ><div\n\t\t\t\n\t\t\tclass=\"so-widget-sow-editor so-widget-sow-editor-base\"\n\t\t\t\n\t\t>\n<div class=\"siteorigin-widget-tinymce textwidget\">\n\t<p><span style=\"font-size: 120%;\"><br \/>\nDie Regenwassersammlung ist eine Schl\u00fcsselstrategie f\u00fcr eine nachhaltige Wasserbewirtschaftung. Bei der Regenwassersammlung wird das w\u00e4hrend der Regenzeit produzierte Wasser aufgefangen und gespeichert. Dies ist von entscheidender Bedeutung, um die Versorgung durch nachhaltige Bewirtschaftung sicherzustellen, insbesondere in Regionen mit begrenzten Wasserquellen. Die Optimierung eines Regenwassersystems umfasst jedoch nicht nur die Erh\u00f6hung der gesammelten Wassermenge, sondern auch die Verbesserung des Bodens und die Wiederherstellung der nat\u00fcrlichen Umwelt. Mithilfe verschiedener Techniken arbeiten wir daran, die Speicherung und Nutzung dieses Wassers zu verbessern und so zur Gesundheit des \u00d6kosystems beizutragen.<\/span><\/p>\n<\/div>\n<\/div><\/div><\/div><\/div><\/div><\/div><div id=\"pg-19008-1\"  class=\"panel-grid panel-has-style\" ><div class=\"siteorigin-panels-stretch panel-row-style panel-row-style-for-19008-1\" data-stretch-type=\"full-width-stretch\" ><div id=\"pgc-19008-1-0\"  class=\"panel-grid-cell\" ><div id=\"panel-19008-1-0-0\" class=\"so-panel widget widget_sow-editor panel-first-child\" data-index=\"2\" ><div class=\"panel-widget-style panel-widget-style-for-19008-1-0-0\" ><div\n\t\t\t\n\t\t\tclass=\"so-widget-sow-editor so-widget-sow-editor-base\"\n\t\t\t\n\t\t>\n<div class=\"siteorigin-widget-tinymce textwidget\">\n\t<\/div>\n<\/div><\/div><\/div><div id=\"panel-19008-1-0-1\" class=\"so-panel widget widget_sow-editor panel-last-child\" data-index=\"3\" ><div class=\"panel-widget-style panel-widget-style-for-19008-1-0-1\" ><div\n\t\t\t\n\t\t\tclass=\"so-widget-sow-editor so-widget-sow-editor-base\"\n\t\t\t\n\t\t>\n<div class=\"siteorigin-widget-tinymce textwidget\">\n\t<p><span style=\"color: #488b83;\"><strong><span style=\"font-size: 120%;\">Effektive Strategien f\u00fcr das Regenwassermanagement<\/span><\/strong><\/span><\/p>\n<ul>\n<li><span style=\"font-size: 120%;\">Hydrologische Studien von Becken und Mikrobecken:<br \/>\nEs werden detaillierte Analysen durchgef\u00fchrt, um das Verhalten von Wasser in einem bestimmten Gebiet zu verstehen. So k\u00f6nnen kritische Bereiche identifiziert und geeignete Ma\u00dfnahmen geplant werden.<\/span><\/li>\n<li><span style=\"font-size: 120%;\">Wiederaufforstung:<br \/>\nDie Verbesserung der Struktur eines degradierten Bodens ist ein wichtiges Instrument, um seine Wasserr\u00fcckhaltekapazit\u00e4t zu erh\u00f6hen und den Abfluss zu verringern. Dies tr\u00e4gt dazu bei, Erosion zu verhindern und ein gesundes \u00d6kosystem aufrechtzuerhalten.<\/span><\/li>\n<li><span style=\"font-size: 120%;\">Versickerungsgr\u00e4ben:<br \/>\nZusammen mit ordnungsgem\u00e4\u00dfer Forstarbeit erm\u00f6glichen diese Gr\u00e4ben das Eindringen von Regenwasser in den Boden, wodurch Erosion verringert und zur Wiederauff\u00fcllung von Grundwasserleitern beigetragen wird.<\/span><\/li>\n<li><span style=\"font-size: 120%;\">Biotope:<br \/>\nDiese Reservoirs speichern nicht nur Wasser, sondern erh\u00f6hen auch die Artenvielfalt, indem sie eine geeignete Umgebung f\u00fcr verschiedene Arten von Flora und Fauna bieten.<\/span><\/li>\n<li><span style=\"font-size: 120%;\">Vergrabene Tanks:<br \/>\nWir arbeiten mit modularen Tanks, die an jede Gr\u00f6\u00dfe angepasst werden k\u00f6nnen und vergraben und daher vollst\u00e4ndig in die Landschaft integriert sind. Sie stellen das letzte Glied in der Kette dar, das die anschlie\u00dfende Verwendung des aufgefangenen Wassers erm\u00f6glicht, sei es zur Bew\u00e4sserung oder f\u00fcr andere Zwecke.<\/span><\/li>\n<\/ul>\n<\/div>\n<\/div><\/div><\/div><\/div><\/div><\/div><div id=\"pg-19008-2\"  class=\"panel-grid panel-has-style\" ><div class=\"siteorigin-panels-stretch panel-row-style panel-row-style-for-19008-2\" data-stretch-type=\"full-width-stretch\" ><div id=\"pgc-19008-2-0\"  class=\"panel-grid-cell\" ><div id=\"panel-19008-2-0-0\" class=\"so-panel widget widget_sow-editor panel-first-child\" data-index=\"4\" ><div class=\"panel-widget-style panel-widget-style-for-19008-2-0-0\" ><div\n\t\t\t\n\t\t\tclass=\"so-widget-sow-editor so-widget-sow-editor-base\"\n\t\t\t\n\t\t>\n<div class=\"siteorigin-widget-tinymce textwidget\">\n\t<\/div>\n<\/div><\/div><\/div><div id=\"panel-19008-2-0-1\" class=\"so-panel widget widget_sow-editor panel-last-child\" data-index=\"5\" ><div class=\"panel-widget-style panel-widget-style-for-19008-2-0-1\" ><div\n\t\t\t\n\t\t\tclass=\"so-widget-sow-editor so-widget-sow-editor-base\"\n\t\t\t\n\t\t>\n<div class=\"siteorigin-widget-tinymce textwidget\">\n\t<p><span style=\"font-size: 120%;\"><span style=\"color: #488b83;\"><strong>Pilotprojekt auf Ibiza<\/strong><\/span><br \/>\nWir haben derzeit ein Projekt, das mehrere der oben beschriebenen Strategien vereint und auf Ibiza als Pilotprojekt deklariert wurde, mit dem Ziel, die Entwicklung der Ma\u00dfnahmen in Bezug auf die Wassergewinnung durch Berichte der Studien zu \u00fcberwachen.<br \/>\nEs wurde eine Pflanzung mit einem syntropischen Ansatz durchgef\u00fchrt, mit optimierten Infiltrationssystemen und Oberfl\u00e4chenabflusserfassung in einem Biotop (mit der M\u00f6glichkeit, die Calapet-Balearenkr\u00f6te wieder einzuf\u00fchren), dessen \u00dcberlauf in einen vergrabenen Tank m\u00fcndet, um die Autonomie der Farm in Bezug auf ihren Wasserbedarf zu erm\u00f6glichen.<br \/>\nEinige dieser Studien wurden in der wissenschaftlichen Zeitschrift \u201eWATER\u201c ver\u00f6ffentlicht:<br \/>\nhttps:\/\/www.mdpi.com\/2073-4441\/15\/24\/4317<\/span><\/p>\n<\/div>\n<\/div><\/div><\/div><\/div><\/div><\/div><\/div>","protected":false},"excerpt":{"rendered":"<p>&nbsp; &nbsp; &nbsp; REGENWASSERMANAGEMENTSammeln, Speichern und Wiederverwenden von Regenwasser Die Regenwassersammlung ist eine Schl&uuml;sselstrategie f&uuml;r eine nachhaltige Wasserbewirtschaftung. Bei der Regenwassersammlung wird das w&auml;hrend der Regenzeit produzierte Wasser aufgefangen und gespeichert. Dies ist von entscheidender Bedeutung, um die Versorgung durch nachhaltige Bewirtschaftung sicherzustellen, insbesondere in Regionen mit begrenzten Wasserquellen. Die Optimierung eines Regenwassersystems umfasst jedoch nicht nur die Erh&ouml;hung der gesammelten Wassermenge, sondern auch die Verbesserung des Bodens und die Wiederherstellung der nat&uuml;rlichen Umwelt. Mithilfe verschiedener Techniken arbeiten wir daran, die Speicherung und Nutzung dieses Wassers zu verbessern und so zur Gesundheit des &Ouml;kosystems beizutragen. Effektive Strategien f&uuml;r das Regenwassermanagement&hellip;<\/p>\n","protected":false},"author":1,"featured_media":0,"parent":0,"menu_order":0,"comment_status":"closed","ping_status":"closed","template":"","meta":{"footnotes":""},"class_list":["post-19008","page","type-page","status-publish","hentry"],"yoast_head":"<!-- This site is optimized with the Yoast SEO plugin v27.5 - https:\/\/yoast.com\/product\/yoast-seo-wordpress\/ -->\n<title>PLUVIALES - Natur Pools und Schwimmteiche<\/title>\n<meta name=\"robots\" content=\"index, follow, max-snippet:-1, max-image-preview:large, max-video-preview:-1\" \/>\n<link rel=\"canonical\" href=\"https:\/\/thebiopool.com\/de\/pluviales\/\" \/>\n<meta property=\"og:locale\" content=\"de_DE\" \/>\n<meta property=\"og:type\" content=\"article\" \/>\n<meta property=\"og:title\" content=\"PLUVIALES - Natur Pools und Schwimmteiche\" \/>\n<meta property=\"og:description\" content=\"&nbsp; &nbsp; &nbsp; REGENWASSERMANAGEMENTSammeln, Speichern und Wiederverwenden von Regenwasser Die Regenwassersammlung ist eine Schl&uuml;sselstrategie f&uuml;r eine nachhaltige Wasserbewirtschaftung. Bei der Regenwassersammlung wird das w&auml;hrend der Regenzeit produzierte Wasser aufgefangen und gespeichert. Dies ist von entscheidender Bedeutung, um die Versorgung durch nachhaltige Bewirtschaftung sicherzustellen, insbesondere in Regionen mit begrenzten Wasserquellen. Die Optimierung eines Regenwassersystems umfasst jedoch nicht nur die Erh&ouml;hung der gesammelten Wassermenge, sondern auch die Verbesserung des Bodens und die Wiederherstellung der nat&uuml;rlichen Umwelt. Mithilfe verschiedener Techniken arbeiten wir daran, die Speicherung und Nutzung dieses Wassers zu verbessern und so zur Gesundheit des &Ouml;kosystems beizutragen. Effektive Strategien f&uuml;r das Regenwassermanagement&hellip;\" \/>\n<meta property=\"og:url\" content=\"https:\/\/thebiopool.com\/de\/pluviales\/\" \/>\n<meta property=\"og:site_name\" content=\"Natur Pools und Schwimmteiche\" \/>\n<meta property=\"article:publisher\" content=\"https:\/\/www.facebook.com\/Naturaleza-y-Arte-Stefan-Meier-162702410430553\/\" \/>\n<meta property=\"article:modified_time\" content=\"2025-02-28T13:00:43+00:00\" \/>\n<meta name=\"twitter:card\" content=\"summary_large_image\" \/>\n<meta name=\"twitter:label1\" content=\"Gesch\u00e4tzte Lesezeit\" \/>\n\t<meta name=\"twitter:data1\" content=\"6\u00a0Minuten\" \/>\n<script type=\"application\/ld+json\" class=\"yoast-schema-graph\">{\"@context\":\"https:\\\/\\\/schema.org\",\"@graph\":[{\"@type\":\"WebPage\",\"@id\":\"https:\\\/\\\/thebiopool.com\\\/de\\\/pluviales\\\/\",\"url\":\"https:\\\/\\\/thebiopool.com\\\/de\\\/pluviales\\\/\",\"name\":\"PLUVIALES - Natur Pools und Schwimmteiche\",\"isPartOf\":{\"@id\":\"https:\\\/\\\/thebiopool.com\\\/de\\\/#website\"},\"datePublished\":\"2025-02-28T12:13:45+00:00\",\"dateModified\":\"2025-02-28T13:00:43+00:00\",\"breadcrumb\":{\"@id\":\"https:\\\/\\\/thebiopool.com\\\/de\\\/pluviales\\\/#breadcrumb\"},\"inLanguage\":\"de\",\"potentialAction\":[{\"@type\":\"ReadAction\",\"target\":[[\"https:\\\/\\\/thebiopool.com\\\/de\\\/pluviales\\\/\"]]}]},{\"@type\":\"BreadcrumbList\",\"@id\":\"https:\\\/\\\/thebiopool.com\\\/de\\\/pluviales\\\/#breadcrumb\",\"itemListElement\":[{\"@type\":\"ListItem\",\"position\":1,\"name\":\"Home\",\"item\":\"https:\\\/\\\/thebiopool.com\\\/de\\\/\"},{\"@type\":\"ListItem\",\"position\":2,\"name\":\"PLUVIALES\"}]},{\"@type\":\"WebSite\",\"@id\":\"https:\\\/\\\/thebiopool.com\\\/de\\\/#website\",\"url\":\"https:\\\/\\\/thebiopool.com\\\/de\\\/\",\"name\":\"TheBiopool\",\"description\":\"wir planen und bauen Ihren perfecten Schwimmteich und Natur Pool\",\"publisher\":{\"@id\":\"https:\\\/\\\/thebiopool.com\\\/de\\\/#organization\"},\"potentialAction\":[{\"@type\":\"SearchAction\",\"target\":{\"@type\":\"EntryPoint\",\"urlTemplate\":\"https:\\\/\\\/thebiopool.com\\\/de\\\/?s={search_term_string}\"},\"query-input\":{\"@type\":\"PropertyValueSpecification\",\"valueRequired\":true,\"valueName\":\"search_term_string\"}}],\"inLanguage\":\"de\"},{\"@type\":\"Organization\",\"@id\":\"https:\\\/\\\/thebiopool.com\\\/de\\\/#organization\",\"name\":\"TheBiopool\",\"url\":\"https:\\\/\\\/thebiopool.com\\\/de\\\/\",\"logo\":{\"@type\":\"ImageObject\",\"inLanguage\":\"de\",\"@id\":\"https:\\\/\\\/thebiopool.com\\\/de\\\/#\\\/schema\\\/logo\\\/image\\\/\",\"url\":\"https:\\\/\\\/thebiopool.com\\\/wp-content\\\/uploads\\\/logo-schatten-website-klein.png\",\"contentUrl\":\"https:\\\/\\\/thebiopool.com\\\/wp-content\\\/uploads\\\/logo-schatten-website-klein.png\",\"width\":220,\"height\":64,\"caption\":\"TheBiopool\"},\"image\":{\"@id\":\"https:\\\/\\\/thebiopool.com\\\/de\\\/#\\\/schema\\\/logo\\\/image\\\/\"},\"sameAs\":[\"https:\\\/\\\/www.facebook.com\\\/Naturaleza-y-Arte-Stefan-Meier-162702410430553\\\/\",\"https:\\\/\\\/www.instagram.com\\\/thebiopool\\\/\"]}]}<\/script>\n<!-- \/ Yoast SEO plugin. -->","yoast_head_json":{"title":"PLUVIALES - Natur Pools und Schwimmteiche","robots":{"index":"index","follow":"follow","max-snippet":"max-snippet:-1","max-image-preview":"max-image-preview:large","max-video-preview":"max-video-preview:-1"},"canonical":"https:\/\/thebiopool.com\/de\/pluviales\/","og_locale":"de_DE","og_type":"article","og_title":"PLUVIALES - Natur Pools und Schwimmteiche","og_description":"&nbsp; &nbsp; &nbsp; REGENWASSERMANAGEMENTSammeln, Speichern und Wiederverwenden von Regenwasser Die Regenwassersammlung ist eine Schl&uuml;sselstrategie f&uuml;r eine nachhaltige Wasserbewirtschaftung. Bei der Regenwassersammlung wird das w&auml;hrend der Regenzeit produzierte Wasser aufgefangen und gespeichert. Dies ist von entscheidender Bedeutung, um die Versorgung durch nachhaltige Bewirtschaftung sicherzustellen, insbesondere in Regionen mit begrenzten Wasserquellen. Die Optimierung eines Regenwassersystems umfasst jedoch nicht nur die Erh&ouml;hung der gesammelten Wassermenge, sondern auch die Verbesserung des Bodens und die Wiederherstellung der nat&uuml;rlichen Umwelt. Mithilfe verschiedener Techniken arbeiten wir daran, die Speicherung und Nutzung dieses Wassers zu verbessern und so zur Gesundheit des &Ouml;kosystems beizutragen. Effektive Strategien f&uuml;r das Regenwassermanagement&hellip;","og_url":"https:\/\/thebiopool.com\/de\/pluviales\/","og_site_name":"Natur Pools und Schwimmteiche","article_publisher":"https:\/\/www.facebook.com\/Naturaleza-y-Arte-Stefan-Meier-162702410430553\/","article_modified_time":"2025-02-28T13:00:43+00:00","twitter_card":"summary_large_image","twitter_misc":{"Gesch\u00e4tzte Lesezeit":"6\u00a0Minuten"},"schema":{"@context":"https:\/\/schema.org","@graph":[{"@type":"WebPage","@id":"https:\/\/thebiopool.com\/de\/pluviales\/","url":"https:\/\/thebiopool.com\/de\/pluviales\/","name":"PLUVIALES - Natur Pools und Schwimmteiche","isPartOf":{"@id":"https:\/\/thebiopool.com\/de\/#website"},"datePublished":"2025-02-28T12:13:45+00:00","dateModified":"2025-02-28T13:00:43+00:00","breadcrumb":{"@id":"https:\/\/thebiopool.com\/de\/pluviales\/#breadcrumb"},"inLanguage":"de","potentialAction":[{"@type":"ReadAction","target":[["https:\/\/thebiopool.com\/de\/pluviales\/"]]}]},{"@type":"BreadcrumbList","@id":"https:\/\/thebiopool.com\/de\/pluviales\/#breadcrumb","itemListElement":[{"@type":"ListItem","position":1,"name":"Home","item":"https:\/\/thebiopool.com\/de\/"},{"@type":"ListItem","position":2,"name":"PLUVIALES"}]},{"@type":"WebSite","@id":"https:\/\/thebiopool.com\/de\/#website","url":"https:\/\/thebiopool.com\/de\/","name":"TheBiopool","description":"wir planen und bauen Ihren perfecten Schwimmteich und Natur Pool","publisher":{"@id":"https:\/\/thebiopool.com\/de\/#organization"},"potentialAction":[{"@type":"SearchAction","target":{"@type":"EntryPoint","urlTemplate":"https:\/\/thebiopool.com\/de\/?s={search_term_string}"},"query-input":{"@type":"PropertyValueSpecification","valueRequired":true,"valueName":"search_term_string"}}],"inLanguage":"de"},{"@type":"Organization","@id":"https:\/\/thebiopool.com\/de\/#organization","name":"TheBiopool","url":"https:\/\/thebiopool.com\/de\/","logo":{"@type":"ImageObject","inLanguage":"de","@id":"https:\/\/thebiopool.com\/de\/#\/schema\/logo\/image\/","url":"https:\/\/thebiopool.com\/wp-content\/uploads\/logo-schatten-website-klein.png","contentUrl":"https:\/\/thebiopool.com\/wp-content\/uploads\/logo-schatten-website-klein.png","width":220,"height":64,"caption":"TheBiopool"},"image":{"@id":"https:\/\/thebiopool.com\/de\/#\/schema\/logo\/image\/"},"sameAs":["https:\/\/www.facebook.com\/Naturaleza-y-Arte-Stefan-Meier-162702410430553\/","https:\/\/www.instagram.com\/thebiopool\/"]}]}},"_links":{"self":[{"href":"https:\/\/thebiopool.com\/de\/wp-json\/wp\/v2\/pages\/19008","targetHints":{"allow":["GET"]}}],"collection":[{"href":"https:\/\/thebiopool.com\/de\/wp-json\/wp\/v2\/pages"}],"about":[{"href":"https:\/\/thebiopool.com\/de\/wp-json\/wp\/v2\/types\/page"}],"author":[{"embeddable":true,"href":"https:\/\/thebiopool.com\/de\/wp-json\/wp\/v2\/users\/1"}],"replies":[{"embeddable":true,"href":"https:\/\/thebiopool.com\/de\/wp-json\/wp\/v2\/comments?post=19008"}],"version-history":[{"count":0,"href":"https:\/\/thebiopool.com\/de\/wp-json\/wp\/v2\/pages\/19008\/revisions"}],"wp:attachment":[{"href":"https:\/\/thebiopool.com\/de\/wp-json\/wp\/v2\/media?parent=19008"}],"curies":[{"name":"wp","href":"https:\/\/api.w.org\/{rel}","templated":true}]}}