{"id":19089,"date":"2025-03-27T10:24:06","date_gmt":"2025-03-27T09:24:06","guid":{"rendered":"https:\/\/thebiopool.com\/?page_id=19089"},"modified":"2025-03-27T10:50:35","modified_gmt":"2025-03-27T09:50:35","slug":"fire-pond","status":"publish","type":"page","link":"https:\/\/thebiopool.com\/de\/fire-pond\/","title":{"rendered":"L\u00f6schteich"},"content":{"rendered":"<div id=\"pl-19089\"  class=\"panel-layout\" ><div id=\"pg-19089-0\"  class=\"panel-grid panel-has-style\" ><div class=\"foobox siteorigin-panels-stretch panel-row-style panel-row-style-for-19089-0\" data-stretch-type=\"full-width-stretch\" ><div id=\"pgc-19089-0-0\"  class=\"panel-grid-cell\" ><div id=\"panel-19089-0-0-0\" class=\"so-panel widget widget_sow-image panel-first-child panel-last-child\" data-index=\"0\" ><div class=\"foobox panel-widget-style panel-widget-style-for-19089-0-0-0\" ><div\n\t\t\t\n\t\t\tclass=\"so-widget-sow-image so-widget-sow-image-default-3a2476c0e107-19089\"\n\t\t\t\n\t\t>\n<div class=\"sow-image-container\">\n\t\t\t<a href=\"https:\/\/thebiopool.com\/wp-content\/uploads\/can-Lupes-by-theBIOPOOL-1.jpg\"\n\t\t\t\t\t>\n\t\t\t<img \n\tdata-src=\"https:\/\/thebiopool.com\/wp-content\/uploads\/can-Lupes-by-theBIOPOOL-1-768x669.jpg\" width=\"768\" height=\"669\" data-srcset=\"https:\/\/thebiopool.com\/wp-content\/uploads\/can-Lupes-by-theBIOPOOL-1-768x669.jpg 768w, https:\/\/thebiopool.com\/wp-content\/uploads\/can-Lupes-by-theBIOPOOL-1-300x261.jpg 300w, https:\/\/thebiopool.com\/wp-content\/uploads\/can-Lupes-by-theBIOPOOL-1-1024x891.jpg 1024w, https:\/\/thebiopool.com\/wp-content\/uploads\/can-Lupes-by-theBIOPOOL-1-1536x1337.jpg 1536w, https:\/\/thebiopool.com\/wp-content\/uploads\/can-Lupes-by-theBIOPOOL-1-600x522.jpg 600w, https:\/\/thebiopool.com\/wp-content\/uploads\/can-Lupes-by-theBIOPOOL-1.jpg 1900w\" data-sizes=\"(max-width: 768px) 100vw, 768px\" title=\"can-Lupes-by-theBIOPOOL-1.jpg\" alt=\"can-Lupes-by-theBIOPOOL-1.jpg\" \t\tclass=\"so-widget-image lazyload\" src=\"data:image\/svg+xml;base64,PHN2ZyB3aWR0aD0iMSIgaGVpZ2h0PSIxIiB4bWxucz0iaHR0cDovL3d3dy53My5vcmcvMjAwMC9zdmciPjwvc3ZnPg==\" style=\"--smush-placeholder-width: 768px; --smush-placeholder-aspect-ratio: 768\/669;\" \/>\n\t\t\t<\/a><\/div>\n\n<\/div><\/div><\/div><\/div><div id=\"pgc-19089-0-1\"  class=\"panel-grid-cell\" ><div id=\"panel-19089-0-1-0\" class=\"so-panel widget widget_sow-editor panel-first-child panel-last-child\" data-index=\"1\" ><div class=\"panel-widget-style panel-widget-style-for-19089-0-1-0\" ><div\n\t\t\t\n\t\t\tclass=\"so-widget-sow-editor so-widget-sow-editor-base\"\n\t\t\t\n\t\t>\n<div class=\"siteorigin-widget-tinymce textwidget\">\n\t<h3 style=\"text-align: right;\"><strong><span style=\"color: #ffffff;\">FIREPOND to BIOPOND<\/span><\/strong><\/h3>\n<p>Oberfl\u00e4che 400 m2<br \/>\nWasservolumen ca. 700 m3<br \/>\nTiefe: Flachzone \u00fcber Regenwasserdepot als Kinder-Spielbereich, Schwimmbereich 1,4 \/ 3 m, Pflanzenzone 1,5 und 3 m<br \/>\nFilterkonzept: mechanischer Vorfilter, bepflanzter Kiesfilter, Aquakultur<br \/>\nTechnik: Poolskimmer und Bogensiebfilter, 2 regulierbare Energie-Sparpumpen<br \/>\nPlanung:2020<br \/>\nBauphase: Juni 2020 - Oct 2020<br \/>\nZuerst war da die Idee einen L\u00f6schteich anzulegen, der auch Regenwasser auff\u00e4ngt. Dann entwickelte sich die Idee, daraus ein Biotop f\u00fcr selten gewordene Tiere und Pflanzen zu schaffen. Und warum nicht gleich das Ganze auch als Badem\u00f6glichkeit zu nutzen? So entstand dieser Schwimmteich mit integriertem Regenwasser-Auffangbecken.<\/p>\n<\/div>\n<\/div><\/div><\/div><\/div><\/div><\/div><div id=\"pg-19089-1\"  class=\"panel-grid panel-has-style\" ><div class=\"siteorigin-panels-stretch panel-row-style panel-row-style-for-19089-1\" data-stretch-type=\"full-width-stretch\" ><div id=\"pgc-19089-1-0\"  class=\"panel-grid-cell\" ><div id=\"panel-19089-1-0-0\" class=\"so-panel widget widget_sow-image panel-first-child panel-last-child\" data-index=\"2\" ><div class=\"foobox panel-widget-style panel-widget-style-for-19089-1-0-0\" ><div\n\t\t\t\n\t\t\tclass=\"so-widget-sow-image so-widget-sow-image-default-8b5b6f678277-19089\"\n\t\t\t\n\t\t>\n<div class=\"sow-image-container\">\n\t\t\t<a href=\"https:\/\/thebiopool.com\/wp-content\/uploads\/lago-contra-incendios-balneable_800.jpg\"\n\t\t\t\t\t>\n\t\t\t<img \n\tdata-src=\"https:\/\/thebiopool.com\/wp-content\/uploads\/lago-contra-incendios-balneable_800-e1743067580393.jpg\" width=\"800\" height=\"800\" data-srcset=\"https:\/\/thebiopool.com\/wp-content\/uploads\/lago-contra-incendios-balneable_800-e1743067580393.jpg 800w, https:\/\/thebiopool.com\/wp-content\/uploads\/lago-contra-incendios-balneable_800-e1743067580393-300x300.jpg 300w, https:\/\/thebiopool.com\/wp-content\/uploads\/lago-contra-incendios-balneable_800-e1743067580393-150x150.jpg 150w, https:\/\/thebiopool.com\/wp-content\/uploads\/lago-contra-incendios-balneable_800-e1743067580393-600x600.jpg 600w, https:\/\/thebiopool.com\/wp-content\/uploads\/lago-contra-incendios-balneable_800-e1743067580393-768x768.jpg 768w\" data-sizes=\"(max-width: 800px) 100vw, 800px\" title=\"Fire Pond extended IBIZA by theBIOPOOL\" alt=\"Fire Pond extended IBIZA by theBIOPOOL\" \t\tclass=\"so-widget-image lazyload\" src=\"data:image\/svg+xml;base64,PHN2ZyB3aWR0aD0iMSIgaGVpZ2h0PSIxIiB4bWxucz0iaHR0cDovL3d3dy53My5vcmcvMjAwMC9zdmciPjwvc3ZnPg==\" style=\"--smush-placeholder-width: 800px; --smush-placeholder-aspect-ratio: 800\/800;\" \/>\n\t\t\t<\/a><\/div>\n\n<\/div><\/div><\/div><\/div><div id=\"pgc-19089-1-1\"  class=\"panel-grid-cell\" ><div id=\"panel-19089-1-1-0\" class=\"so-panel widget widget_sow-image panel-first-child panel-last-child\" data-index=\"3\" ><div class=\"foobox panel-widget-style panel-widget-style-for-19089-1-1-0\" ><div\n\t\t\t\n\t\t\tclass=\"so-widget-sow-image so-widget-sow-image-default-8b5b6f678277-19089\"\n\t\t\t\n\t\t>\n<div class=\"sow-image-container\">\n\t\t\t<a href=\"https:\/\/thebiopool.com\/wp-content\/uploads\/Loschteich-2.jpg\"\n\t\t\t\t\t>\n\t\t\t<img \n\tdata-src=\"https:\/\/thebiopool.com\/wp-content\/uploads\/Loschteich-2-e1743068290116-768x768.jpg\" width=\"768\" height=\"768\" data-srcset=\"https:\/\/thebiopool.com\/wp-content\/uploads\/Loschteich-2-e1743068290116-768x768.jpg 768w, https:\/\/thebiopool.com\/wp-content\/uploads\/Loschteich-2-e1743068290116-300x300.jpg 300w, https:\/\/thebiopool.com\/wp-content\/uploads\/Loschteich-2-e1743068290116-150x150.jpg 150w, https:\/\/thebiopool.com\/wp-content\/uploads\/Loschteich-2-e1743068290116-600x600.jpg 600w, https:\/\/thebiopool.com\/wp-content\/uploads\/Loschteich-2-e1743068290116.jpg 800w\" data-sizes=\"(max-width: 768px) 100vw, 768px\" title=\"Fire Pond Ibiza\" alt=\"Fire Pond Ibiza by theBIOPOOL\" \t\tclass=\"so-widget-image lazyload\" src=\"data:image\/svg+xml;base64,PHN2ZyB3aWR0aD0iMSIgaGVpZ2h0PSIxIiB4bWxucz0iaHR0cDovL3d3dy53My5vcmcvMjAwMC9zdmciPjwvc3ZnPg==\" style=\"--smush-placeholder-width: 768px; --smush-placeholder-aspect-ratio: 768\/768;\" \/>\n\t\t\t<\/a><\/div>\n\n<\/div><\/div><\/div><\/div><div id=\"pgc-19089-1-2\"  class=\"panel-grid-cell\" ><div id=\"panel-19089-1-2-0\" class=\"so-panel widget widget_sow-image panel-first-child panel-last-child\" data-index=\"4\" ><div class=\"foobox panel-widget-style panel-widget-style-for-19089-1-2-0\" ><div\n\t\t\t\n\t\t\tclass=\"so-widget-sow-image so-widget-sow-image-default-8b5b6f678277-19089\"\n\t\t\t\n\t\t>\n<div class=\"sow-image-container\">\n\t\t\t<a href=\"https:\/\/thebiopool.com\/wp-content\/uploads\/Loschteich-1.jpg\"\n\t\t\ttarget=\"_blank\" rel=\"noopener noreferrer\" \t\t>\n\t\t\t<img \n\tdata-src=\"https:\/\/thebiopool.com\/wp-content\/uploads\/Loschteich-1-e1743068555610-768x626.jpg\" width=\"768\" height=\"626\" data-srcset=\"https:\/\/thebiopool.com\/wp-content\/uploads\/Loschteich-1-e1743068555610-768x626.jpg 768w, https:\/\/thebiopool.com\/wp-content\/uploads\/Loschteich-1-e1743068555610-600x489.jpg 600w, https:\/\/thebiopool.com\/wp-content\/uploads\/Loschteich-1-e1743068555610-300x245.jpg 300w, https:\/\/thebiopool.com\/wp-content\/uploads\/Loschteich-1-e1743068555610.jpg 981w\" data-sizes=\"(max-width: 768px) 100vw, 768px\" title=\"Firepond by theBIOPOOL\" alt=\"Fire Pond by theBIOPOOL\" \t\tclass=\"so-widget-image lazyload\" src=\"data:image\/svg+xml;base64,PHN2ZyB3aWR0aD0iMSIgaGVpZ2h0PSIxIiB4bWxucz0iaHR0cDovL3d3dy53My5vcmcvMjAwMC9zdmciPjwvc3ZnPg==\" style=\"--smush-placeholder-width: 768px; --smush-placeholder-aspect-ratio: 768\/626;\" \/>\n\t\t\t<\/a><\/div>\n\n<\/div><\/div><\/div><\/div><\/div><\/div><div id=\"pg-19089-2\"  class=\"panel-grid panel-has-style\" ><div class=\"panel-row-style panel-row-style-for-19089-2\" ><div id=\"pgc-19089-2-0\"  class=\"panel-grid-cell\" ><div id=\"panel-19089-2-0-0\" class=\"so-panel widget widget_sow-editor panel-first-child panel-last-child\" data-index=\"5\" ><div\n\t\t\t\n\t\t\tclass=\"so-widget-sow-editor so-widget-sow-editor-base\"\n\t\t\t\n\t\t>\n<div class=\"siteorigin-widget-tinymce textwidget\">\n\t<h3 style=\"text-align: center;\"><a href=\"https:\/\/thebiopool.com\/fire-pond-for-swimming-spain\/\">weitere Bilder<\/a><\/h3>\n<\/div>\n<\/div><\/div><\/div><\/div><\/div><\/div>","protected":false},"excerpt":{"rendered":"<p>FIREPOND to BIOPOND Oberfl&auml;che 400 m2 Wasservolumen ca. 700 m3 Tiefe: Flachzone &uuml;ber Regenwasserdepot als Kinder-Spielbereich, Schwimmbereich 1,4 \/ 3 m, Pflanzenzone 1,5 und 3 m Filterkonzept: mechanischer Vorfilter, bepflanzter Kiesfilter, Aquakultur Technik: Poolskimmer und Bogensiebfilter, 2 regulierbare Energie-Sparpumpen Planung:2020 Bauphase: Juni 2020 &#8211; Oct 2020 Zuerst war da die Idee einen L&ouml;schteich anzulegen, der auch Regenwasser auff&auml;ngt. Dann entwickelte sich die Idee, daraus ein Biotop f&uuml;r selten gewordene Tiere und Pflanzen zu schaffen. Und warum nicht gleich das Ganze auch als Badem&ouml;glichkeit zu nutzen? So entstand dieser Schwimmteich mit integriertem Regenwasser-Auffangbecken.<\/p>\n","protected":false},"author":1,"featured_media":0,"parent":0,"menu_order":0,"comment_status":"closed","ping_status":"closed","template":"","meta":{"footnotes":""},"class_list":["post-19089","page","type-page","status-publish","hentry"],"yoast_head":"<!-- This site is optimized with the Yoast SEO plugin v27.5 - https:\/\/yoast.com\/product\/yoast-seo-wordpress\/ -->\n<title>L\u00f6schteich - Experts for natural ponds<\/title>\n<meta name=\"description\" content=\"(English) If you want a natural and healthy water experience as a pool or pond owner in Ibiza we are your no.1 planer and builder\" \/>\n<meta name=\"robots\" content=\"index, follow, max-snippet:-1, max-image-preview:large, max-video-preview:-1\" \/>\n<link rel=\"canonical\" href=\"https:\/\/thebiopool.com\/de\/fire-pond\/\" \/>\n<meta property=\"og:locale\" content=\"de_DE\" \/>\n<meta property=\"og:type\" content=\"article\" \/>\n<meta property=\"og:title\" content=\"L\u00f6schteich - Experts for natural ponds\" \/>\n<meta property=\"og:description\" content=\"(English) If you want a natural and healthy water experience as a pool or pond owner in Ibiza we are your no.1 planer and builder\" \/>\n<meta property=\"og:url\" content=\"https:\/\/thebiopool.com\/de\/fire-pond\/\" \/>\n<meta property=\"og:site_name\" content=\"Natur Pools und Schwimmteiche\" \/>\n<meta property=\"article:publisher\" content=\"https:\/\/www.facebook.com\/Naturaleza-y-Arte-Stefan-Meier-162702410430553\/\" \/>\n<meta property=\"article:modified_time\" content=\"2025-03-27T09:50:35+00:00\" \/>\n<meta name=\"twitter:card\" content=\"summary_large_image\" \/>\n<meta name=\"twitter:label1\" content=\"Gesch\u00e4tzte Lesezeit\" \/>\n\t<meta name=\"twitter:data1\" content=\"4\u00a0Minuten\" \/>\n<script type=\"application\/ld+json\" class=\"yoast-schema-graph\">{\"@context\":\"https:\\\/\\\/schema.org\",\"@graph\":[{\"@type\":\"WebPage\",\"@id\":\"https:\\\/\\\/thebiopool.com\\\/de\\\/fire-pond\\\/\",\"url\":\"https:\\\/\\\/thebiopool.com\\\/de\\\/fire-pond\\\/\",\"name\":\"L\u00f6schteich - Experts for natural ponds\",\"isPartOf\":{\"@id\":\"https:\\\/\\\/thebiopool.com\\\/de\\\/#website\"},\"datePublished\":\"2025-03-27T09:24:06+00:00\",\"dateModified\":\"2025-03-27T09:50:35+00:00\",\"description\":\"(English) If you want a natural and healthy water experience as a pool or pond owner in Ibiza we are your no.1 planer and builder\",\"breadcrumb\":{\"@id\":\"https:\\\/\\\/thebiopool.com\\\/de\\\/fire-pond\\\/#breadcrumb\"},\"inLanguage\":\"de\",\"potentialAction\":[{\"@type\":\"ReadAction\",\"target\":[[\"https:\\\/\\\/thebiopool.com\\\/de\\\/fire-pond\\\/\"]]}]},{\"@type\":\"BreadcrumbList\",\"@id\":\"https:\\\/\\\/thebiopool.com\\\/de\\\/fire-pond\\\/#breadcrumb\",\"itemListElement\":[{\"@type\":\"ListItem\",\"position\":1,\"name\":\"Home\",\"item\":\"https:\\\/\\\/thebiopool.com\\\/de\\\/\"},{\"@type\":\"ListItem\",\"position\":2,\"name\":\"Fire Pond\"}]},{\"@type\":\"WebSite\",\"@id\":\"https:\\\/\\\/thebiopool.com\\\/de\\\/#website\",\"url\":\"https:\\\/\\\/thebiopool.com\\\/de\\\/\",\"name\":\"TheBiopool\",\"description\":\"wir planen und bauen Ihren perfecten Schwimmteich und Natur Pool\",\"publisher\":{\"@id\":\"https:\\\/\\\/thebiopool.com\\\/de\\\/#organization\"},\"potentialAction\":[{\"@type\":\"SearchAction\",\"target\":{\"@type\":\"EntryPoint\",\"urlTemplate\":\"https:\\\/\\\/thebiopool.com\\\/de\\\/?s={search_term_string}\"},\"query-input\":{\"@type\":\"PropertyValueSpecification\",\"valueRequired\":true,\"valueName\":\"search_term_string\"}}],\"inLanguage\":\"de\"},{\"@type\":\"Organization\",\"@id\":\"https:\\\/\\\/thebiopool.com\\\/de\\\/#organization\",\"name\":\"TheBiopool\",\"url\":\"https:\\\/\\\/thebiopool.com\\\/de\\\/\",\"logo\":{\"@type\":\"ImageObject\",\"inLanguage\":\"de\",\"@id\":\"https:\\\/\\\/thebiopool.com\\\/de\\\/#\\\/schema\\\/logo\\\/image\\\/\",\"url\":\"https:\\\/\\\/thebiopool.com\\\/wp-content\\\/uploads\\\/logo-schatten-website-klein.png\",\"contentUrl\":\"https:\\\/\\\/thebiopool.com\\\/wp-content\\\/uploads\\\/logo-schatten-website-klein.png\",\"width\":220,\"height\":64,\"caption\":\"TheBiopool\"},\"image\":{\"@id\":\"https:\\\/\\\/thebiopool.com\\\/de\\\/#\\\/schema\\\/logo\\\/image\\\/\"},\"sameAs\":[\"https:\\\/\\\/www.facebook.com\\\/Naturaleza-y-Arte-Stefan-Meier-162702410430553\\\/\",\"https:\\\/\\\/www.instagram.com\\\/thebiopool\\\/\"]}]}<\/script>\n<!-- \/ Yoast SEO plugin. -->","yoast_head_json":{"title":"L\u00f6schteich - Experts for natural ponds","description":"(English) If you want a natural and healthy water experience as a pool or pond owner in Ibiza we are your no.1 planer and builder","robots":{"index":"index","follow":"follow","max-snippet":"max-snippet:-1","max-image-preview":"max-image-preview:large","max-video-preview":"max-video-preview:-1"},"canonical":"https:\/\/thebiopool.com\/de\/fire-pond\/","og_locale":"de_DE","og_type":"article","og_title":"L\u00f6schteich - Experts for natural ponds","og_description":"(English) If you want a natural and healthy water experience as a pool or pond owner in Ibiza we are your no.1 planer and builder","og_url":"https:\/\/thebiopool.com\/de\/fire-pond\/","og_site_name":"Natur Pools und Schwimmteiche","article_publisher":"https:\/\/www.facebook.com\/Naturaleza-y-Arte-Stefan-Meier-162702410430553\/","article_modified_time":"2025-03-27T09:50:35+00:00","twitter_card":"summary_large_image","twitter_misc":{"Gesch\u00e4tzte Lesezeit":"4\u00a0Minuten"},"schema":{"@context":"https:\/\/schema.org","@graph":[{"@type":"WebPage","@id":"https:\/\/thebiopool.com\/de\/fire-pond\/","url":"https:\/\/thebiopool.com\/de\/fire-pond\/","name":"L\u00f6schteich - Experts for natural ponds","isPartOf":{"@id":"https:\/\/thebiopool.com\/de\/#website"},"datePublished":"2025-03-27T09:24:06+00:00","dateModified":"2025-03-27T09:50:35+00:00","description":"(English) If you want a natural and healthy water experience as a pool or pond owner in Ibiza we are your no.1 planer and builder","breadcrumb":{"@id":"https:\/\/thebiopool.com\/de\/fire-pond\/#breadcrumb"},"inLanguage":"de","potentialAction":[{"@type":"ReadAction","target":[["https:\/\/thebiopool.com\/de\/fire-pond\/"]]}]},{"@type":"BreadcrumbList","@id":"https:\/\/thebiopool.com\/de\/fire-pond\/#breadcrumb","itemListElement":[{"@type":"ListItem","position":1,"name":"Home","item":"https:\/\/thebiopool.com\/de\/"},{"@type":"ListItem","position":2,"name":"Fire Pond"}]},{"@type":"WebSite","@id":"https:\/\/thebiopool.com\/de\/#website","url":"https:\/\/thebiopool.com\/de\/","name":"TheBiopool","description":"wir planen und bauen Ihren perfecten Schwimmteich und Natur Pool","publisher":{"@id":"https:\/\/thebiopool.com\/de\/#organization"},"potentialAction":[{"@type":"SearchAction","target":{"@type":"EntryPoint","urlTemplate":"https:\/\/thebiopool.com\/de\/?s={search_term_string}"},"query-input":{"@type":"PropertyValueSpecification","valueRequired":true,"valueName":"search_term_string"}}],"inLanguage":"de"},{"@type":"Organization","@id":"https:\/\/thebiopool.com\/de\/#organization","name":"TheBiopool","url":"https:\/\/thebiopool.com\/de\/","logo":{"@type":"ImageObject","inLanguage":"de","@id":"https:\/\/thebiopool.com\/de\/#\/schema\/logo\/image\/","url":"https:\/\/thebiopool.com\/wp-content\/uploads\/logo-schatten-website-klein.png","contentUrl":"https:\/\/thebiopool.com\/wp-content\/uploads\/logo-schatten-website-klein.png","width":220,"height":64,"caption":"TheBiopool"},"image":{"@id":"https:\/\/thebiopool.com\/de\/#\/schema\/logo\/image\/"},"sameAs":["https:\/\/www.facebook.com\/Naturaleza-y-Arte-Stefan-Meier-162702410430553\/","https:\/\/www.instagram.com\/thebiopool\/"]}]}},"_links":{"self":[{"href":"https:\/\/thebiopool.com\/de\/wp-json\/wp\/v2\/pages\/19089","targetHints":{"allow":["GET"]}}],"collection":[{"href":"https:\/\/thebiopool.com\/de\/wp-json\/wp\/v2\/pages"}],"about":[{"href":"https:\/\/thebiopool.com\/de\/wp-json\/wp\/v2\/types\/page"}],"author":[{"embeddable":true,"href":"https:\/\/thebiopool.com\/de\/wp-json\/wp\/v2\/users\/1"}],"replies":[{"embeddable":true,"href":"https:\/\/thebiopool.com\/de\/wp-json\/wp\/v2\/comments?post=19089"}],"version-history":[{"count":0,"href":"https:\/\/thebiopool.com\/de\/wp-json\/wp\/v2\/pages\/19089\/revisions"}],"wp:attachment":[{"href":"https:\/\/thebiopool.com\/de\/wp-json\/wp\/v2\/media?parent=19089"}],"curies":[{"name":"wp","href":"https:\/\/api.w.org\/{rel}","templated":true}]}}