{"id":15957,"date":"2019-06-09T14:59:53","date_gmt":"2019-06-09T12:59:53","guid":{"rendered":"https:\/\/thebiopool.com\/?post_type=product&#038;p=15957"},"modified":"2026-01-27T10:57:11","modified_gmt":"2026-01-27T09:57:11","slug":"phospat1-2-0","status":"publish","type":"product","link":"https:\/\/thebiopool.com\/de\/product\/phospat1-2-0\/","title":{"rendered":"PHOSPAT\u00ae1 | 2.0"},"content":{"rendered":"<p>Filteraufbau:<br \/>\nDas verwendete Granulat ist eigens zur Bindung von Phosphat entwickelt worden. Es ist in der sogenannten 3-Schichten-Sch\u00fcttung im PHOSPAT\u00ae1 eingebracht. Die \u00e4usseren Schichten sch\u00fctzen und fixieren die Phoslamin-Schicht. Gleichzeitig sorgen sie f\u00fcr eine gleichm\u00e4ssige Anstr\u00f6mung. Durch die einzigartige Zusammensetzung wird das Phosphat innerhalb von kurzer Zeit sehr fest gebunden, so dass kurze Kontaktzeiten m\u00f6glich sind.<\/p>\n<p>Anwendung:<br \/>\nVerbinden Sie einen der zwei Anschl\u00fcsse mit einer Pumpe, welche eine F\u00f6rderleistung von ca. 835 l\/h aufweist und schliessen Sie den zweiten Anschluss an einer Leitung an, welche das Wasser im Teich in Umlauf bringt.<\/p>\n<p>Allgemeine Informationen:<br \/>\nPHOSPAT\u00ae1 sollte grunds\u00e4tzlich mit vorgefiltertem Wasser beschickt werden, da grosse Verunreinigungen, wie z. B. Schwebstoffe, den PHOSPAT\u00ae1 verstopfen k\u00f6nnen und die Wirksamkeit dadurch stark eingeschr\u00e4nkt wird. Den PHOSPAT\u00ae1 vor Frost sch\u00fctzen.<\/p>\n<p>Dimension &amp; Gewicht<br \/>\nMasse (\u00d8 x l) 80 x 470 mm<br \/>\nGewicht 2.8 kg<br \/>\nVerpackungsgr\u00f6sse 530 x 90 x 90 mm<\/p>","protected":false},"excerpt":{"rendered":"<p><span class=\"tax-details\">Inkl. 21% MwSt.<span class=\"tax-separator\">, <\/span><span class=\"shipping-cost-details\">zzgl. <a href=\"https:\/\/thebiopool.com\/deutsch-versandkosten\/\">Versandkosten<\/a><\/span><\/span><\/p>\n<p class=\"delivery-time\">Lieferzeit: 2-5 Werktage<\/p>\n<div class=\"product-view__shipping-method\">\n<p>Versandart: DHL<\/p>\n<\/div>\n<div class=\"clear\"><\/div>\n<p>Filterpatrone zur Entfernung von Phosphat<br \/>\noptional PVC Anschluss 1&#8243;,<br \/>\n4 St\u00fcck<\/p>\n<p>\u2022 Reduziert Phosphate im Wasser und unterst\u00fctzt den Biofilter<br \/>\n\u2022 F\u00fcr Teiche, Naturb\u00e4der und Spring- und Kreislaufbrunnen geeignet<br \/>\n\u2022 Aufnahmekapazit\u00e4t bis zu 90\u2018000 mg PO4\/3-pro Filtereinheit<br \/>\n\u2022 Empfohlene Durchflussgeschwindigkeit 835 l\/h, r\u00fccksp\u00fclbar<br \/>\n\u2022 Definierte Korngr\u00f6sse der einzelnen Schichten<br \/>\n\u2022 Geeignet f\u00fcr ein Wasservolumen von bis zu 50 m (optimale Bedingungen) und kombinierbar f\u00fcr gr\u00f6ssere Wassermengen<br \/>\n\u2022 Druckbest\u00e4ndig bis max. 4 bar, Druckverlust ca. 0.3 bar<br \/>\n\u2022 Zwei 1-Zoll-Anschl\u00fcsse \/ PVC-Verschraubungen 3<\/p>\n","protected":false},"featured_media":15958,"comment_status":"closed","ping_status":"closed","template":"","meta":[],"product_brand":[],"product_cat":[215],"product_tag":[],"class_list":{"0":"post-15957","1":"product","2":"type-product","3":"status-publish","4":"has-post-thumbnail","6":"product_cat-filtertechnik","7":"product_shipping_class-flatrate-dhl","9":"first","10":"instock","11":"taxable","12":"shipping-taxable","13":"purchasable","14":"product-type-simple"},"yoast_head":"<!-- This site is optimized with the Yoast SEO plugin v27.5 - https:\/\/yoast.com\/product\/yoast-seo-wordpress\/ -->\n<title>PHOSPAT\u00ae1 | 2.0 - Natur Pools und Schwimmteiche<\/title>\n<meta name=\"robots\" content=\"index, follow, max-snippet:-1, max-image-preview:large, max-video-preview:-1\" \/>\n<link rel=\"canonical\" href=\"https:\/\/thebiopool.com\/de\/product\/phospat1-2-0\/\" \/>\n<meta property=\"og:locale\" content=\"de_DE\" \/>\n<meta property=\"og:type\" content=\"article\" \/>\n<meta property=\"og:title\" content=\"PHOSPAT\u00ae1 | 2.0 - Natur Pools und Schwimmteiche\" \/>\n<meta property=\"og:description\" content=\"Inkl. 21% MwSt., zzgl. Versandkosten Lieferzeit: 2-5 Werktage    Versandart: DHL    Filterpatrone zur Entfernung von Phosphat optional PVC Anschluss 1&quot;, 4 St\u00fcck  \u2022 Reduziert Phosphate im Wasser und unterst\u00fctzt den Biofilter \u2022 F\u00fcr Teiche, Naturb\u00e4der und Spring- und Kreislaufbrunnen geeignet \u2022 Aufnahmekapazit\u00e4t bis zu 90\u2018000 mg PO4\/3-pro Filtereinheit \u2022 Empfohlene Durchflussgeschwindigkeit 835 l\/h, r\u00fccksp\u00fclbar \u2022 Definierte Korngr\u00f6sse der einzelnen Schichten \u2022 Geeignet f\u00fcr ein Wasservolumen von bis zu 50 m (optimale Bedingungen) und kombinierbar f\u00fcr gr\u00f6ssere Wassermengen \u2022 Druckbest\u00e4ndig bis max. 4 bar, Druckverlust ca. 0.3 bar \u2022 Zwei 1-Zoll-Anschl\u00fcsse \/ PVC-Verschraubungen 3\" \/>\n<meta property=\"og:url\" content=\"https:\/\/thebiopool.com\/de\/product\/phospat1-2-0\/\" \/>\n<meta property=\"og:site_name\" content=\"Natur Pools und Schwimmteiche\" \/>\n<meta property=\"article:publisher\" content=\"https:\/\/www.facebook.com\/Naturaleza-y-Arte-Stefan-Meier-162702410430553\/\" \/>\n<meta property=\"article:modified_time\" content=\"2026-01-27T09:57:11+00:00\" \/>\n<meta property=\"og:image\" content=\"https:\/\/thebiopool.com\/wp-content\/uploads\/PHOSPAT-1_TDS_20190329_DE.jpg\" \/>\n\t<meta property=\"og:image:width\" content=\"600\" \/>\n\t<meta property=\"og:image:height\" content=\"650\" \/>\n\t<meta property=\"og:image:type\" content=\"image\/jpeg\" \/>\n<meta name=\"twitter:card\" content=\"summary_large_image\" \/>\n<meta name=\"twitter:label1\" content=\"Gesch\u00e4tzte Lesezeit\" \/>\n\t<meta name=\"twitter:data1\" content=\"1\u00a0Minute\" \/>\n<script type=\"application\/ld+json\" class=\"yoast-schema-graph\">{\"@context\":\"https:\\\/\\\/schema.org\",\"@graph\":[{\"@type\":\"WebPage\",\"@id\":\"https:\\\/\\\/thebiopool.com\\\/de\\\/product\\\/phospat1-2-0\\\/\",\"url\":\"https:\\\/\\\/thebiopool.com\\\/de\\\/product\\\/phospat1-2-0\\\/\",\"name\":\"PHOSPAT\u00ae1 | 2.0 - Natur Pools und Schwimmteiche\",\"isPartOf\":{\"@id\":\"https:\\\/\\\/thebiopool.com\\\/de\\\/#website\"},\"primaryImageOfPage\":{\"@id\":\"https:\\\/\\\/thebiopool.com\\\/de\\\/product\\\/phospat1-2-0\\\/#primaryimage\"},\"image\":{\"@id\":\"https:\\\/\\\/thebiopool.com\\\/product\\\/phospat1-2-0\\\/#primaryimage\"},\"thumbnailUrl\":\"https:\\\/\\\/thebiopool.com\\\/wp-content\\\/uploads\\\/PHOSPAT-1_TDS_20190329_DE.jpg\",\"datePublished\":\"2019-06-09T12:59:53+00:00\",\"dateModified\":\"2026-01-27T09:57:11+00:00\",\"breadcrumb\":{\"@id\":\"https:\\\/\\\/thebiopool.com\\\/de\\\/product\\\/phospat1-2-0\\\/#breadcrumb\"},\"inLanguage\":\"de\",\"potentialAction\":[{\"@type\":\"ReadAction\",\"target\":[[\"https:\\\/\\\/thebiopool.com\\\/de\\\/product\\\/phospat1-2-0\\\/\"]]}]},{\"@type\":\"ImageObject\",\"inLanguage\":\"de\",\"@id\":\"https:\\\/\\\/thebiopool.com\\\/de\\\/product\\\/phospat1-2-0\\\/#primaryimage\",\"url\":\"https:\\\/\\\/thebiopool.com\\\/wp-content\\\/uploads\\\/PHOSPAT-1_TDS_20190329_DE.jpg\",\"contentUrl\":\"https:\\\/\\\/thebiopool.com\\\/wp-content\\\/uploads\\\/PHOSPAT-1_TDS_20190329_DE.jpg\",\"width\":600,\"height\":650},{\"@type\":\"BreadcrumbList\",\"@id\":\"https:\\\/\\\/thebiopool.com\\\/de\\\/product\\\/phospat1-2-0\\\/#breadcrumb\",\"itemListElement\":[{\"@type\":\"ListItem\",\"position\":1,\"name\":\"Home\",\"item\":\"https:\\\/\\\/thebiopool.com\\\/de\\\/\"},{\"@type\":\"ListItem\",\"position\":2,\"name\":\"Shop\",\"item\":\"https:\\\/\\\/thebiopool.com\\\/de\\\/shop\\\/\"},{\"@type\":\"ListItem\",\"position\":3,\"name\":\"PHOSPAT\u00ae1 | 2.0\"}]},{\"@type\":\"WebSite\",\"@id\":\"https:\\\/\\\/thebiopool.com\\\/de\\\/#website\",\"url\":\"https:\\\/\\\/thebiopool.com\\\/de\\\/\",\"name\":\"TheBiopool\",\"description\":\"wir planen und bauen Ihren perfecten Schwimmteich und Natur Pool\",\"publisher\":{\"@id\":\"https:\\\/\\\/thebiopool.com\\\/de\\\/#organization\"},\"potentialAction\":[{\"@type\":\"SearchAction\",\"target\":{\"@type\":\"EntryPoint\",\"urlTemplate\":\"https:\\\/\\\/thebiopool.com\\\/de\\\/?s={search_term_string}\"},\"query-input\":{\"@type\":\"PropertyValueSpecification\",\"valueRequired\":true,\"valueName\":\"search_term_string\"}}],\"inLanguage\":\"de\"},{\"@type\":\"Organization\",\"@id\":\"https:\\\/\\\/thebiopool.com\\\/de\\\/#organization\",\"name\":\"TheBiopool\",\"url\":\"https:\\\/\\\/thebiopool.com\\\/de\\\/\",\"logo\":{\"@type\":\"ImageObject\",\"inLanguage\":\"de\",\"@id\":\"https:\\\/\\\/thebiopool.com\\\/de\\\/#\\\/schema\\\/logo\\\/image\\\/\",\"url\":\"https:\\\/\\\/thebiopool.com\\\/wp-content\\\/uploads\\\/logo-schatten-website-klein.png\",\"contentUrl\":\"https:\\\/\\\/thebiopool.com\\\/wp-content\\\/uploads\\\/logo-schatten-website-klein.png\",\"width\":220,\"height\":64,\"caption\":\"TheBiopool\"},\"image\":{\"@id\":\"https:\\\/\\\/thebiopool.com\\\/de\\\/#\\\/schema\\\/logo\\\/image\\\/\"},\"sameAs\":[\"https:\\\/\\\/www.facebook.com\\\/Naturaleza-y-Arte-Stefan-Meier-162702410430553\\\/\",\"https:\\\/\\\/www.instagram.com\\\/thebiopool\\\/\"]}]}<\/script>\n<!-- \/ Yoast SEO plugin. -->","yoast_head_json":{"title":"PHOSPAT\u00ae1 | 2.0 - Natur Pools und Schwimmteiche","robots":{"index":"index","follow":"follow","max-snippet":"max-snippet:-1","max-image-preview":"max-image-preview:large","max-video-preview":"max-video-preview:-1"},"canonical":"https:\/\/thebiopool.com\/de\/product\/phospat1-2-0\/","og_locale":"de_DE","og_type":"article","og_title":"PHOSPAT\u00ae1 | 2.0 - Natur Pools und Schwimmteiche","og_description":"Inkl. 21% MwSt., zzgl. Versandkosten Lieferzeit: 2-5 Werktage    Versandart: DHL    Filterpatrone zur Entfernung von Phosphat optional PVC Anschluss 1\", 4 St\u00fcck  \u2022 Reduziert Phosphate im Wasser und unterst\u00fctzt den Biofilter \u2022 F\u00fcr Teiche, Naturb\u00e4der und Spring- und Kreislaufbrunnen geeignet \u2022 Aufnahmekapazit\u00e4t bis zu 90\u2018000 mg PO4\/3-pro Filtereinheit \u2022 Empfohlene Durchflussgeschwindigkeit 835 l\/h, r\u00fccksp\u00fclbar \u2022 Definierte Korngr\u00f6sse der einzelnen Schichten \u2022 Geeignet f\u00fcr ein Wasservolumen von bis zu 50 m (optimale Bedingungen) und kombinierbar f\u00fcr gr\u00f6ssere Wassermengen \u2022 Druckbest\u00e4ndig bis max. 4 bar, Druckverlust ca. 0.3 bar \u2022 Zwei 1-Zoll-Anschl\u00fcsse \/ PVC-Verschraubungen 3","og_url":"https:\/\/thebiopool.com\/de\/product\/phospat1-2-0\/","og_site_name":"Natur Pools und Schwimmteiche","article_publisher":"https:\/\/www.facebook.com\/Naturaleza-y-Arte-Stefan-Meier-162702410430553\/","article_modified_time":"2026-01-27T09:57:11+00:00","og_image":[{"width":600,"height":650,"url":"https:\/\/thebiopool.com\/wp-content\/uploads\/PHOSPAT-1_TDS_20190329_DE.jpg","type":"image\/jpeg"}],"twitter_card":"summary_large_image","twitter_misc":{"Gesch\u00e4tzte Lesezeit":"1\u00a0Minute"},"schema":{"@context":"https:\/\/schema.org","@graph":[{"@type":"WebPage","@id":"https:\/\/thebiopool.com\/de\/product\/phospat1-2-0\/","url":"https:\/\/thebiopool.com\/de\/product\/phospat1-2-0\/","name":"PHOSPAT\u00ae1 | 2.0 - Natur Pools und Schwimmteiche","isPartOf":{"@id":"https:\/\/thebiopool.com\/de\/#website"},"primaryImageOfPage":{"@id":"https:\/\/thebiopool.com\/de\/product\/phospat1-2-0\/#primaryimage"},"image":{"@id":"https:\/\/thebiopool.com\/product\/phospat1-2-0\/#primaryimage"},"thumbnailUrl":"https:\/\/thebiopool.com\/wp-content\/uploads\/PHOSPAT-1_TDS_20190329_DE.jpg","datePublished":"2019-06-09T12:59:53+00:00","dateModified":"2026-01-27T09:57:11+00:00","breadcrumb":{"@id":"https:\/\/thebiopool.com\/de\/product\/phospat1-2-0\/#breadcrumb"},"inLanguage":"de","potentialAction":[{"@type":"ReadAction","target":[["https:\/\/thebiopool.com\/de\/product\/phospat1-2-0\/"]]}]},{"@type":"ImageObject","inLanguage":"de","@id":"https:\/\/thebiopool.com\/de\/product\/phospat1-2-0\/#primaryimage","url":"https:\/\/thebiopool.com\/wp-content\/uploads\/PHOSPAT-1_TDS_20190329_DE.jpg","contentUrl":"https:\/\/thebiopool.com\/wp-content\/uploads\/PHOSPAT-1_TDS_20190329_DE.jpg","width":600,"height":650},{"@type":"BreadcrumbList","@id":"https:\/\/thebiopool.com\/de\/product\/phospat1-2-0\/#breadcrumb","itemListElement":[{"@type":"ListItem","position":1,"name":"Home","item":"https:\/\/thebiopool.com\/de\/"},{"@type":"ListItem","position":2,"name":"Shop","item":"https:\/\/thebiopool.com\/de\/shop\/"},{"@type":"ListItem","position":3,"name":"PHOSPAT\u00ae1 | 2.0"}]},{"@type":"WebSite","@id":"https:\/\/thebiopool.com\/de\/#website","url":"https:\/\/thebiopool.com\/de\/","name":"TheBiopool","description":"wir planen und bauen Ihren perfecten Schwimmteich und Natur Pool","publisher":{"@id":"https:\/\/thebiopool.com\/de\/#organization"},"potentialAction":[{"@type":"SearchAction","target":{"@type":"EntryPoint","urlTemplate":"https:\/\/thebiopool.com\/de\/?s={search_term_string}"},"query-input":{"@type":"PropertyValueSpecification","valueRequired":true,"valueName":"search_term_string"}}],"inLanguage":"de"},{"@type":"Organization","@id":"https:\/\/thebiopool.com\/de\/#organization","name":"TheBiopool","url":"https:\/\/thebiopool.com\/de\/","logo":{"@type":"ImageObject","inLanguage":"de","@id":"https:\/\/thebiopool.com\/de\/#\/schema\/logo\/image\/","url":"https:\/\/thebiopool.com\/wp-content\/uploads\/logo-schatten-website-klein.png","contentUrl":"https:\/\/thebiopool.com\/wp-content\/uploads\/logo-schatten-website-klein.png","width":220,"height":64,"caption":"TheBiopool"},"image":{"@id":"https:\/\/thebiopool.com\/de\/#\/schema\/logo\/image\/"},"sameAs":["https:\/\/www.facebook.com\/Naturaleza-y-Arte-Stefan-Meier-162702410430553\/","https:\/\/www.instagram.com\/thebiopool\/"]}]}},"_links":{"self":[{"href":"https:\/\/thebiopool.com\/de\/wp-json\/wp\/v2\/product\/15957","targetHints":{"allow":["GET"]}}],"collection":[{"href":"https:\/\/thebiopool.com\/de\/wp-json\/wp\/v2\/product"}],"about":[{"href":"https:\/\/thebiopool.com\/de\/wp-json\/wp\/v2\/types\/product"}],"replies":[{"embeddable":true,"href":"https:\/\/thebiopool.com\/de\/wp-json\/wp\/v2\/comments?post=15957"}],"wp:featuredmedia":[{"embeddable":true,"href":"https:\/\/thebiopool.com\/de\/wp-json\/wp\/v2\/media\/15958"}],"wp:attachment":[{"href":"https:\/\/thebiopool.com\/de\/wp-json\/wp\/v2\/media?parent=15957"}],"wp:term":[{"taxonomy":"product_brand","embeddable":true,"href":"https:\/\/thebiopool.com\/de\/wp-json\/wp\/v2\/product_brand?post=15957"},{"taxonomy":"product_cat","embeddable":true,"href":"https:\/\/thebiopool.com\/de\/wp-json\/wp\/v2\/product_cat?post=15957"},{"taxonomy":"product_tag","embeddable":true,"href":"https:\/\/thebiopool.com\/de\/wp-json\/wp\/v2\/product_tag?post=15957"}],"curies":[{"name":"wp","href":"https:\/\/api.w.org\/{rel}","templated":true}]}}