{"id":16020,"date":"2019-06-13T00:43:30","date_gmt":"2019-06-12T22:43:30","guid":{"rendered":"https:\/\/thebiopool.com\/?post_type=product&#038;p=16020"},"modified":"2026-01-27T10:56:22","modified_gmt":"2026-01-27T09:56:22","slug":"phospatff","status":"publish","type":"product","link":"https:\/\/thebiopool.com\/de\/product\/phospatff\/","title":{"rendered":"PHOSPAT\u00aeFF"},"content":{"rendered":"<p>Filteraufbau:<br \/>\nDas verwendete Granulat ist eigens zur Bindung von Phosphat entwickelt worden. Es ist in der sogenannten 3-Schichten-Sch\u00fcttung im PHOSPAT\u00aeFF eingebracht. Die \u00e4usseren Schichten sch\u00fctzen und fixieren die Phoslamin-Schicht.<br \/>\nGleichzeitig sorgen sie f\u00fcr eine gleichm\u00e4ssige Anstr\u00f6mung.<br \/>\nDurch seine einzigartige Zusammensetzung wird das Phosphat innerhalb kurzer Zeit und sehr fest gebunden, so dass kurze Kontaktzeiten m\u00f6glich sind.<\/p>\n<p>Anwendung:<br \/>\nVerbinden Sie einen der beiden Anschl\u00fcsse des PHOSPAT\u00aeFF mit Ihrem Hauswasseranschluss und f\u00fchren Sie, z.B. mit einem Schlauch, das Wasser in Richtung Betrieb vom zweiten Anschluss direkt in den Teich.<\/p>\n<p>Allgemeine Informationen:<br \/>\nPHOSPAT\u00aeFF kann direkt an Ihren Wasseranschluss im Garten oder Haus angeschlossen werden. So k\u00f6nnen Sie Ihrem F\u00fcll- oder Nachspeisswasser das Phosphat direkt entziehen um den Phosphatgehalt<br \/>\nin Ihrem Gew\u00e4sser von Beginn weg so tief wie m\u00f6glich zu halten. Den PHOSPAT\u00aeFF vor Frost Sch\u00fctzen.<\/p>\n<p>Dimension &amp; Gewicht<br \/>\nMasse (\u00d8 x l) 80 x 470 mm<br \/>\nGewicht 2.8 kg<br \/>\nVerpackungsgr\u00f6sse 530 x 90 x 90 mm<\/p>","protected":false},"excerpt":{"rendered":"<p><span class=\"tax-details\">Inkl. 21% MwSt.<span class=\"tax-separator\">, <\/span><span class=\"shipping-cost-details\">zzgl. <a href=\"https:\/\/thebiopool.com\/deutsch-versandkosten\/\">Versandkosten<\/a><\/span><\/span><\/p>\n<p class=\"delivery-time\">Lieferzeit: 2-5 Werktage<\/p>\n<div class=\"product-view__shipping-method\">\n<p>Versandart: DHL<\/p>\n<\/div>\n<div class=\"clear\"><\/div>\n<p>Entfernung von Phosphat aus dem F\u00fcllwasser<\/p>\n<p>\u2022 Reduziert das Phosphat im F\u00fcllwasser<br \/>\n\u2022 F\u00fcr Teiche, Naturb\u00e4der und Spring- und Kreislaufbrunnen geeignet<br \/>\n\u2022 Aufnahmekapazit\u00e4t bis zu 90\u2018000 mg PO 3\/4<br \/>\npro Kartusche<br \/>\n\u2022 Empfohlene Durchflussgeschwindigkeit 1\u2018100 l\/h<br \/>\n\u2022 Definierte Korngr\u00f6sse der einzelnen Schichten<br \/>\n\u2022 Kapazit\u00e4t f\u00fcr 90 m\u00b3 bei Ausgangswert von 1 mg\/l PO 3\/4<br \/>\n\u2022 F\u00fcr gr\u00f6sseren Wasservolumen mehrere PHOSPAT\u2018s parallel anschliessen und bei einem sehr hohen<br \/>\nPhosphatgehalt mehrere in Serie anschliessen<\/p>\n<p>4 St\u00fcck<br \/>\n\u2022 Druckbest\u00e4ndigkeit bis max. 4 bar<br \/>\n\u2022 Zwei 1-Zoll-Anschl\u00fcsse<\/p>\n","protected":false},"featured_media":16018,"comment_status":"closed","ping_status":"closed","template":"","meta":[],"product_brand":[],"product_cat":[215],"product_tag":[],"class_list":{"0":"post-16020","1":"product","2":"type-product","3":"status-publish","4":"has-post-thumbnail","6":"product_cat-filtertechnik","7":"product_shipping_class-flatrate-dhl","9":"first","10":"instock","11":"taxable","12":"shipping-taxable","13":"purchasable","14":"product-type-simple"},"yoast_head":"<!-- This site is optimized with the Yoast SEO plugin v27.5 - https:\/\/yoast.com\/product\/yoast-seo-wordpress\/ -->\n<title>PHOSPAT\u00aeFF - Natur Pools und Schwimmteiche<\/title>\n<meta name=\"robots\" content=\"index, follow, max-snippet:-1, max-image-preview:large, max-video-preview:-1\" \/>\n<link rel=\"canonical\" href=\"https:\/\/thebiopool.com\/de\/product\/phospatff\/\" \/>\n<meta property=\"og:locale\" content=\"de_DE\" \/>\n<meta property=\"og:type\" content=\"article\" \/>\n<meta property=\"og:title\" content=\"PHOSPAT\u00aeFF - Natur Pools und Schwimmteiche\" \/>\n<meta property=\"og:description\" content=\"Inkl. 21% MwSt., zzgl. Versandkosten Lieferzeit: 2-5 Werktage    Versandart: DHL    Entfernung von Phosphat aus dem F\u00fcllwasser  \u2022 Reduziert das Phosphat im F\u00fcllwasser \u2022 F\u00fcr Teiche, Naturb\u00e4der und Spring- und Kreislaufbrunnen geeignet \u2022 Aufnahmekapazit\u00e4t bis zu 90\u2018000 mg PO 3\/4 pro Kartusche \u2022 Empfohlene Durchflussgeschwindigkeit 1\u2018100 l\/h \u2022 Definierte Korngr\u00f6sse der einzelnen Schichten \u2022 Kapazit\u00e4t f\u00fcr 90 m\u00b3 bei Ausgangswert von 1 mg\/l PO 3\/4 \u2022 F\u00fcr gr\u00f6sseren Wasservolumen mehrere PHOSPAT\u2018s parallel anschliessen und bei einem sehr hohen Phosphatgehalt mehrere in Serie anschliessen  4 St\u00fcck \u2022 Druckbest\u00e4ndigkeit bis max. 4 bar \u2022 Zwei 1-Zoll-Anschl\u00fcsse\" \/>\n<meta property=\"og:url\" content=\"https:\/\/thebiopool.com\/de\/product\/phospatff\/\" \/>\n<meta property=\"og:site_name\" content=\"Natur Pools und Schwimmteiche\" \/>\n<meta property=\"article:publisher\" content=\"https:\/\/www.facebook.com\/Naturaleza-y-Arte-Stefan-Meier-162702410430553\/\" \/>\n<meta property=\"article:modified_time\" content=\"2026-01-27T09:56:22+00:00\" \/>\n<meta property=\"og:image\" content=\"https:\/\/thebiopool.com\/wp-content\/uploads\/phosphat-FF.jpg\" \/>\n\t<meta property=\"og:image:width\" content=\"600\" \/>\n\t<meta property=\"og:image:height\" content=\"650\" \/>\n\t<meta property=\"og:image:type\" content=\"image\/jpeg\" \/>\n<meta name=\"twitter:card\" content=\"summary_large_image\" \/>\n<meta name=\"twitter:label1\" content=\"Gesch\u00e4tzte Lesezeit\" \/>\n\t<meta name=\"twitter:data1\" content=\"1\u00a0Minute\" \/>\n<script type=\"application\/ld+json\" class=\"yoast-schema-graph\">{\"@context\":\"https:\\\/\\\/schema.org\",\"@graph\":[{\"@type\":\"WebPage\",\"@id\":\"https:\\\/\\\/thebiopool.com\\\/de\\\/product\\\/phospatff\\\/\",\"url\":\"https:\\\/\\\/thebiopool.com\\\/de\\\/product\\\/phospatff\\\/\",\"name\":\"PHOSPAT\u00aeFF - Natur Pools und Schwimmteiche\",\"isPartOf\":{\"@id\":\"https:\\\/\\\/thebiopool.com\\\/de\\\/#website\"},\"primaryImageOfPage\":{\"@id\":\"https:\\\/\\\/thebiopool.com\\\/de\\\/product\\\/phospatff\\\/#primaryimage\"},\"image\":{\"@id\":\"https:\\\/\\\/thebiopool.com\\\/product\\\/phospatff\\\/#primaryimage\"},\"thumbnailUrl\":\"https:\\\/\\\/thebiopool.com\\\/wp-content\\\/uploads\\\/phosphat-FF.jpg\",\"datePublished\":\"2019-06-12T22:43:30+00:00\",\"dateModified\":\"2026-01-27T09:56:22+00:00\",\"breadcrumb\":{\"@id\":\"https:\\\/\\\/thebiopool.com\\\/de\\\/product\\\/phospatff\\\/#breadcrumb\"},\"inLanguage\":\"de\",\"potentialAction\":[{\"@type\":\"ReadAction\",\"target\":[[\"https:\\\/\\\/thebiopool.com\\\/de\\\/product\\\/phospatff\\\/\"]]}]},{\"@type\":\"ImageObject\",\"inLanguage\":\"de\",\"@id\":\"https:\\\/\\\/thebiopool.com\\\/de\\\/product\\\/phospatff\\\/#primaryimage\",\"url\":\"https:\\\/\\\/thebiopool.com\\\/wp-content\\\/uploads\\\/phosphat-FF.jpg\",\"contentUrl\":\"https:\\\/\\\/thebiopool.com\\\/wp-content\\\/uploads\\\/phosphat-FF.jpg\",\"width\":600,\"height\":650},{\"@type\":\"BreadcrumbList\",\"@id\":\"https:\\\/\\\/thebiopool.com\\\/de\\\/product\\\/phospatff\\\/#breadcrumb\",\"itemListElement\":[{\"@type\":\"ListItem\",\"position\":1,\"name\":\"Home\",\"item\":\"https:\\\/\\\/thebiopool.com\\\/de\\\/\"},{\"@type\":\"ListItem\",\"position\":2,\"name\":\"Shop\",\"item\":\"https:\\\/\\\/thebiopool.com\\\/de\\\/shop\\\/\"},{\"@type\":\"ListItem\",\"position\":3,\"name\":\"PHOSPAT\u00aeFF\"}]},{\"@type\":\"WebSite\",\"@id\":\"https:\\\/\\\/thebiopool.com\\\/de\\\/#website\",\"url\":\"https:\\\/\\\/thebiopool.com\\\/de\\\/\",\"name\":\"TheBiopool\",\"description\":\"wir planen und bauen Ihren perfecten Schwimmteich und Natur Pool\",\"publisher\":{\"@id\":\"https:\\\/\\\/thebiopool.com\\\/de\\\/#organization\"},\"potentialAction\":[{\"@type\":\"SearchAction\",\"target\":{\"@type\":\"EntryPoint\",\"urlTemplate\":\"https:\\\/\\\/thebiopool.com\\\/de\\\/?s={search_term_string}\"},\"query-input\":{\"@type\":\"PropertyValueSpecification\",\"valueRequired\":true,\"valueName\":\"search_term_string\"}}],\"inLanguage\":\"de\"},{\"@type\":\"Organization\",\"@id\":\"https:\\\/\\\/thebiopool.com\\\/de\\\/#organization\",\"name\":\"TheBiopool\",\"url\":\"https:\\\/\\\/thebiopool.com\\\/de\\\/\",\"logo\":{\"@type\":\"ImageObject\",\"inLanguage\":\"de\",\"@id\":\"https:\\\/\\\/thebiopool.com\\\/de\\\/#\\\/schema\\\/logo\\\/image\\\/\",\"url\":\"https:\\\/\\\/thebiopool.com\\\/wp-content\\\/uploads\\\/logo-schatten-website-klein.png\",\"contentUrl\":\"https:\\\/\\\/thebiopool.com\\\/wp-content\\\/uploads\\\/logo-schatten-website-klein.png\",\"width\":220,\"height\":64,\"caption\":\"TheBiopool\"},\"image\":{\"@id\":\"https:\\\/\\\/thebiopool.com\\\/de\\\/#\\\/schema\\\/logo\\\/image\\\/\"},\"sameAs\":[\"https:\\\/\\\/www.facebook.com\\\/Naturaleza-y-Arte-Stefan-Meier-162702410430553\\\/\",\"https:\\\/\\\/www.instagram.com\\\/thebiopool\\\/\"]}]}<\/script>\n<!-- \/ Yoast SEO plugin. -->","yoast_head_json":{"title":"PHOSPAT\u00aeFF - Natur Pools und Schwimmteiche","robots":{"index":"index","follow":"follow","max-snippet":"max-snippet:-1","max-image-preview":"max-image-preview:large","max-video-preview":"max-video-preview:-1"},"canonical":"https:\/\/thebiopool.com\/de\/product\/phospatff\/","og_locale":"de_DE","og_type":"article","og_title":"PHOSPAT\u00aeFF - Natur Pools und Schwimmteiche","og_description":"Inkl. 21% MwSt., zzgl. Versandkosten Lieferzeit: 2-5 Werktage    Versandart: DHL    Entfernung von Phosphat aus dem F\u00fcllwasser  \u2022 Reduziert das Phosphat im F\u00fcllwasser \u2022 F\u00fcr Teiche, Naturb\u00e4der und Spring- und Kreislaufbrunnen geeignet \u2022 Aufnahmekapazit\u00e4t bis zu 90\u2018000 mg PO 3\/4 pro Kartusche \u2022 Empfohlene Durchflussgeschwindigkeit 1\u2018100 l\/h \u2022 Definierte Korngr\u00f6sse der einzelnen Schichten \u2022 Kapazit\u00e4t f\u00fcr 90 m\u00b3 bei Ausgangswert von 1 mg\/l PO 3\/4 \u2022 F\u00fcr gr\u00f6sseren Wasservolumen mehrere PHOSPAT\u2018s parallel anschliessen und bei einem sehr hohen Phosphatgehalt mehrere in Serie anschliessen  4 St\u00fcck \u2022 Druckbest\u00e4ndigkeit bis max. 4 bar \u2022 Zwei 1-Zoll-Anschl\u00fcsse","og_url":"https:\/\/thebiopool.com\/de\/product\/phospatff\/","og_site_name":"Natur Pools und Schwimmteiche","article_publisher":"https:\/\/www.facebook.com\/Naturaleza-y-Arte-Stefan-Meier-162702410430553\/","article_modified_time":"2026-01-27T09:56:22+00:00","og_image":[{"width":600,"height":650,"url":"https:\/\/thebiopool.com\/wp-content\/uploads\/phosphat-FF.jpg","type":"image\/jpeg"}],"twitter_card":"summary_large_image","twitter_misc":{"Gesch\u00e4tzte Lesezeit":"1\u00a0Minute"},"schema":{"@context":"https:\/\/schema.org","@graph":[{"@type":"WebPage","@id":"https:\/\/thebiopool.com\/de\/product\/phospatff\/","url":"https:\/\/thebiopool.com\/de\/product\/phospatff\/","name":"PHOSPAT\u00aeFF - Natur Pools und Schwimmteiche","isPartOf":{"@id":"https:\/\/thebiopool.com\/de\/#website"},"primaryImageOfPage":{"@id":"https:\/\/thebiopool.com\/de\/product\/phospatff\/#primaryimage"},"image":{"@id":"https:\/\/thebiopool.com\/product\/phospatff\/#primaryimage"},"thumbnailUrl":"https:\/\/thebiopool.com\/wp-content\/uploads\/phosphat-FF.jpg","datePublished":"2019-06-12T22:43:30+00:00","dateModified":"2026-01-27T09:56:22+00:00","breadcrumb":{"@id":"https:\/\/thebiopool.com\/de\/product\/phospatff\/#breadcrumb"},"inLanguage":"de","potentialAction":[{"@type":"ReadAction","target":[["https:\/\/thebiopool.com\/de\/product\/phospatff\/"]]}]},{"@type":"ImageObject","inLanguage":"de","@id":"https:\/\/thebiopool.com\/de\/product\/phospatff\/#primaryimage","url":"https:\/\/thebiopool.com\/wp-content\/uploads\/phosphat-FF.jpg","contentUrl":"https:\/\/thebiopool.com\/wp-content\/uploads\/phosphat-FF.jpg","width":600,"height":650},{"@type":"BreadcrumbList","@id":"https:\/\/thebiopool.com\/de\/product\/phospatff\/#breadcrumb","itemListElement":[{"@type":"ListItem","position":1,"name":"Home","item":"https:\/\/thebiopool.com\/de\/"},{"@type":"ListItem","position":2,"name":"Shop","item":"https:\/\/thebiopool.com\/de\/shop\/"},{"@type":"ListItem","position":3,"name":"PHOSPAT\u00aeFF"}]},{"@type":"WebSite","@id":"https:\/\/thebiopool.com\/de\/#website","url":"https:\/\/thebiopool.com\/de\/","name":"TheBiopool","description":"wir planen und bauen Ihren perfecten Schwimmteich und Natur Pool","publisher":{"@id":"https:\/\/thebiopool.com\/de\/#organization"},"potentialAction":[{"@type":"SearchAction","target":{"@type":"EntryPoint","urlTemplate":"https:\/\/thebiopool.com\/de\/?s={search_term_string}"},"query-input":{"@type":"PropertyValueSpecification","valueRequired":true,"valueName":"search_term_string"}}],"inLanguage":"de"},{"@type":"Organization","@id":"https:\/\/thebiopool.com\/de\/#organization","name":"TheBiopool","url":"https:\/\/thebiopool.com\/de\/","logo":{"@type":"ImageObject","inLanguage":"de","@id":"https:\/\/thebiopool.com\/de\/#\/schema\/logo\/image\/","url":"https:\/\/thebiopool.com\/wp-content\/uploads\/logo-schatten-website-klein.png","contentUrl":"https:\/\/thebiopool.com\/wp-content\/uploads\/logo-schatten-website-klein.png","width":220,"height":64,"caption":"TheBiopool"},"image":{"@id":"https:\/\/thebiopool.com\/de\/#\/schema\/logo\/image\/"},"sameAs":["https:\/\/www.facebook.com\/Naturaleza-y-Arte-Stefan-Meier-162702410430553\/","https:\/\/www.instagram.com\/thebiopool\/"]}]}},"_links":{"self":[{"href":"https:\/\/thebiopool.com\/de\/wp-json\/wp\/v2\/product\/16020","targetHints":{"allow":["GET"]}}],"collection":[{"href":"https:\/\/thebiopool.com\/de\/wp-json\/wp\/v2\/product"}],"about":[{"href":"https:\/\/thebiopool.com\/de\/wp-json\/wp\/v2\/types\/product"}],"replies":[{"embeddable":true,"href":"https:\/\/thebiopool.com\/de\/wp-json\/wp\/v2\/comments?post=16020"}],"wp:featuredmedia":[{"embeddable":true,"href":"https:\/\/thebiopool.com\/de\/wp-json\/wp\/v2\/media\/16018"}],"wp:attachment":[{"href":"https:\/\/thebiopool.com\/de\/wp-json\/wp\/v2\/media?parent=16020"}],"wp:term":[{"taxonomy":"product_brand","embeddable":true,"href":"https:\/\/thebiopool.com\/de\/wp-json\/wp\/v2\/product_brand?post=16020"},{"taxonomy":"product_cat","embeddable":true,"href":"https:\/\/thebiopool.com\/de\/wp-json\/wp\/v2\/product_cat?post=16020"},{"taxonomy":"product_tag","embeddable":true,"href":"https:\/\/thebiopool.com\/de\/wp-json\/wp\/v2\/product_tag?post=16020"}],"curies":[{"name":"wp","href":"https:\/\/api.w.org\/{rel}","templated":true}]}}