{"id":16051,"date":"2019-07-12T08:44:16","date_gmt":"2019-07-12T06:44:16","guid":{"rendered":"https:\/\/thebiopool.com\/product\/filtro-de-hoja\/"},"modified":"2024-10-25T15:01:50","modified_gmt":"2024-10-25T13:01:50","slug":"filtro-de-hoja","status":"publish","type":"product","link":"https:\/\/thebiopool.com\/de\/product\/filtro-de-hoja\/","title":{"rendered":"Spaltbogenfilter"},"content":{"rendered":"<p>Der Spaltbogenfilter AQUACLEAR ist ein Aufsatzfilter f\u00fcr den Easyclean Vliesfilter des Herstellers Manzke. Dieser Spaltbogenfilter trennt die groben Verunreinigungen wie Bl\u00e4tter, Schwebstoffen und Algen durch ein sehr feines Filtersieb. In Erg\u00e4nzung zu den praxiserprobten Teichschlammsaugern und Robotern ist es nun m\u00f6glich, auf einfachste Art und Weise die herausgesaugten Teichsedimente grob abzufiltern. Durch diesen Spaltbogenfilter kann das naturtr\u00fcbe Teichwasser mit seinen feinen Sedimenten weiter in den jeweiligen Filter geleitet werden. Die Filter sind in unterschiedlichen Gr\u00f6\u00dfen erh\u00e4ltlich. Bei diesem Spaltbogenfilter handelt es sich um eine Variante, die aus Edelstahl gefertigt wurde und \u00fcber einen PE-Rahmen verf\u00fcgt, zudem ist sie selbstreinigend. Auch ein Auffangbeh\u00e4lter sowie der Zulauf mit einer C-Kupplung f\u00fcr den Schlauchanschluss sind inklusive. <\/p>","protected":false},"excerpt":{"rendered":"<p>Als Aufsatzfilter f\u00fcr den Easyclean Vliesfilter<\/p>\n<p>Selbstreinigender Spaltbogenfilter aus Edelstahl<br \/>\nmit PE-Rahmen inkl. Auffangbeh\u00e4lter und Zulauf<br \/>\nmit einer C-Kupplung f\u00fcr den Schlauchanschluss.<br \/>\nArbeitsbreite: 49 cm Aufnahmeleistung bis zu 30m\u00b3\/h Filtersch\u00e4rfe: >300\u00b5 Ma\u00dfe: B 67x T 58 x H 77 cm Gewicht: 26,5 kg<\/p>\n","protected":false},"featured_media":16050,"comment_status":"open","ping_status":"closed","template":"","meta":[],"product_brand":[],"product_cat":[215],"product_tag":[],"class_list":{"0":"post-16051","1":"product","2":"type-product","3":"status-publish","4":"has-post-thumbnail","6":"product_cat-filtertechnik","7":"product_shipping_class-aquaclear","9":"first","10":"instock","11":"taxable","12":"shipping-taxable","13":"purchasable","14":"product-type-simple"},"yoast_head":"<!-- This site is optimized with the Yoast SEO plugin v27.5 - https:\/\/yoast.com\/product\/yoast-seo-wordpress\/ -->\n<title>Spaltbogenfilter - Natur Pools und Schwimmteiche<\/title>\n<meta name=\"robots\" content=\"index, follow, max-snippet:-1, max-image-preview:large, max-video-preview:-1\" \/>\n<link rel=\"canonical\" href=\"https:\/\/thebiopool.com\/de\/product\/filtro-de-hoja\/\" \/>\n<meta property=\"og:locale\" content=\"de_DE\" \/>\n<meta property=\"og:type\" content=\"article\" \/>\n<meta property=\"og:title\" content=\"Spaltbogenfilter - Natur Pools und Schwimmteiche\" \/>\n<meta property=\"og:description\" content=\"Als Aufsatzfilter f\u00fcr den Easyclean Vliesfilter  Selbstreinigender Spaltbogenfilter aus Edelstahl mit PE-Rahmen inkl. Auffangbeh\u00e4lter und Zulauf mit einer C-Kupplung f\u00fcr den Schlauchanschluss. Arbeitsbreite: 49 cm Aufnahmeleistung bis zu 30m\u00b3\/h Filtersch\u00e4rfe: &gt;300\u00b5 Ma\u00dfe: B 67x T 58 x H 77 cm Gewicht: 26,5 kg\" \/>\n<meta property=\"og:url\" content=\"https:\/\/thebiopool.com\/de\/product\/filtro-de-hoja\/\" \/>\n<meta property=\"og:site_name\" content=\"Natur Pools und Schwimmteiche\" \/>\n<meta property=\"article:publisher\" content=\"https:\/\/www.facebook.com\/Naturaleza-y-Arte-Stefan-Meier-162702410430553\/\" \/>\n<meta property=\"article:modified_time\" content=\"2024-10-25T13:01:50+00:00\" \/>\n<meta property=\"og:image\" content=\"https:\/\/thebiopool.com\/wp-content\/uploads\/manzke20171220_006-1.jpg\" \/>\n\t<meta property=\"og:image:width\" content=\"768\" \/>\n\t<meta property=\"og:image:height\" content=\"1152\" \/>\n\t<meta property=\"og:image:type\" content=\"image\/jpeg\" \/>\n<meta name=\"twitter:card\" content=\"summary_large_image\" \/>\n<meta name=\"twitter:label1\" content=\"Gesch\u00e4tzte Lesezeit\" \/>\n\t<meta name=\"twitter:data1\" content=\"1\u00a0Minute\" \/>\n<script type=\"application\/ld+json\" class=\"yoast-schema-graph\">{\"@context\":\"https:\\\/\\\/schema.org\",\"@graph\":[{\"@type\":\"WebPage\",\"@id\":\"https:\\\/\\\/thebiopool.com\\\/de\\\/product\\\/filtro-de-hoja\\\/\",\"url\":\"https:\\\/\\\/thebiopool.com\\\/de\\\/product\\\/filtro-de-hoja\\\/\",\"name\":\"Spaltbogenfilter - Natur Pools und Schwimmteiche\",\"isPartOf\":{\"@id\":\"https:\\\/\\\/thebiopool.com\\\/de\\\/#website\"},\"primaryImageOfPage\":{\"@id\":\"https:\\\/\\\/thebiopool.com\\\/de\\\/product\\\/filtro-de-hoja\\\/#primaryimage\"},\"image\":{\"@id\":\"https:\\\/\\\/thebiopool.com\\\/product\\\/filtro-de-hoja\\\/#primaryimage\"},\"thumbnailUrl\":\"https:\\\/\\\/thebiopool.com\\\/wp-content\\\/uploads\\\/manzke20171220_006-1.jpg\",\"datePublished\":\"2019-07-12T06:44:16+00:00\",\"dateModified\":\"2024-10-25T13:01:50+00:00\",\"breadcrumb\":{\"@id\":\"https:\\\/\\\/thebiopool.com\\\/de\\\/product\\\/filtro-de-hoja\\\/#breadcrumb\"},\"inLanguage\":\"de\",\"potentialAction\":[{\"@type\":\"ReadAction\",\"target\":[[\"https:\\\/\\\/thebiopool.com\\\/de\\\/product\\\/filtro-de-hoja\\\/\"]]}]},{\"@type\":\"ImageObject\",\"inLanguage\":\"de\",\"@id\":\"https:\\\/\\\/thebiopool.com\\\/de\\\/product\\\/filtro-de-hoja\\\/#primaryimage\",\"url\":\"https:\\\/\\\/thebiopool.com\\\/wp-content\\\/uploads\\\/manzke20171220_006-1.jpg\",\"contentUrl\":\"https:\\\/\\\/thebiopool.com\\\/wp-content\\\/uploads\\\/manzke20171220_006-1.jpg\",\"width\":768,\"height\":1152},{\"@type\":\"BreadcrumbList\",\"@id\":\"https:\\\/\\\/thebiopool.com\\\/de\\\/product\\\/filtro-de-hoja\\\/#breadcrumb\",\"itemListElement\":[{\"@type\":\"ListItem\",\"position\":1,\"name\":\"Home\",\"item\":\"https:\\\/\\\/thebiopool.com\\\/de\\\/\"},{\"@type\":\"ListItem\",\"position\":2,\"name\":\"Shop\",\"item\":\"https:\\\/\\\/thebiopool.com\\\/de\\\/shop\\\/\"},{\"@type\":\"ListItem\",\"position\":3,\"name\":\"Leaf filter\"}]},{\"@type\":\"WebSite\",\"@id\":\"https:\\\/\\\/thebiopool.com\\\/de\\\/#website\",\"url\":\"https:\\\/\\\/thebiopool.com\\\/de\\\/\",\"name\":\"TheBiopool\",\"description\":\"wir planen und bauen Ihren perfecten Schwimmteich und Natur Pool\",\"publisher\":{\"@id\":\"https:\\\/\\\/thebiopool.com\\\/de\\\/#organization\"},\"potentialAction\":[{\"@type\":\"SearchAction\",\"target\":{\"@type\":\"EntryPoint\",\"urlTemplate\":\"https:\\\/\\\/thebiopool.com\\\/de\\\/?s={search_term_string}\"},\"query-input\":{\"@type\":\"PropertyValueSpecification\",\"valueRequired\":true,\"valueName\":\"search_term_string\"}}],\"inLanguage\":\"de\"},{\"@type\":\"Organization\",\"@id\":\"https:\\\/\\\/thebiopool.com\\\/de\\\/#organization\",\"name\":\"TheBiopool\",\"url\":\"https:\\\/\\\/thebiopool.com\\\/de\\\/\",\"logo\":{\"@type\":\"ImageObject\",\"inLanguage\":\"de\",\"@id\":\"https:\\\/\\\/thebiopool.com\\\/de\\\/#\\\/schema\\\/logo\\\/image\\\/\",\"url\":\"https:\\\/\\\/thebiopool.com\\\/wp-content\\\/uploads\\\/logo-schatten-website-klein.png\",\"contentUrl\":\"https:\\\/\\\/thebiopool.com\\\/wp-content\\\/uploads\\\/logo-schatten-website-klein.png\",\"width\":220,\"height\":64,\"caption\":\"TheBiopool\"},\"image\":{\"@id\":\"https:\\\/\\\/thebiopool.com\\\/de\\\/#\\\/schema\\\/logo\\\/image\\\/\"},\"sameAs\":[\"https:\\\/\\\/www.facebook.com\\\/Naturaleza-y-Arte-Stefan-Meier-162702410430553\\\/\",\"https:\\\/\\\/www.instagram.com\\\/thebiopool\\\/\"]}]}<\/script>\n<!-- \/ Yoast SEO plugin. -->","yoast_head_json":{"title":"Spaltbogenfilter - Natur Pools und Schwimmteiche","robots":{"index":"index","follow":"follow","max-snippet":"max-snippet:-1","max-image-preview":"max-image-preview:large","max-video-preview":"max-video-preview:-1"},"canonical":"https:\/\/thebiopool.com\/de\/product\/filtro-de-hoja\/","og_locale":"de_DE","og_type":"article","og_title":"Spaltbogenfilter - Natur Pools und Schwimmteiche","og_description":"Als Aufsatzfilter f\u00fcr den Easyclean Vliesfilter  Selbstreinigender Spaltbogenfilter aus Edelstahl mit PE-Rahmen inkl. Auffangbeh\u00e4lter und Zulauf mit einer C-Kupplung f\u00fcr den Schlauchanschluss. Arbeitsbreite: 49 cm Aufnahmeleistung bis zu 30m\u00b3\/h Filtersch\u00e4rfe: >300\u00b5 Ma\u00dfe: B 67x T 58 x H 77 cm Gewicht: 26,5 kg","og_url":"https:\/\/thebiopool.com\/de\/product\/filtro-de-hoja\/","og_site_name":"Natur Pools und Schwimmteiche","article_publisher":"https:\/\/www.facebook.com\/Naturaleza-y-Arte-Stefan-Meier-162702410430553\/","article_modified_time":"2024-10-25T13:01:50+00:00","og_image":[{"width":768,"height":1152,"url":"https:\/\/thebiopool.com\/wp-content\/uploads\/manzke20171220_006-1.jpg","type":"image\/jpeg"}],"twitter_card":"summary_large_image","twitter_misc":{"Gesch\u00e4tzte Lesezeit":"1\u00a0Minute"},"schema":{"@context":"https:\/\/schema.org","@graph":[{"@type":"WebPage","@id":"https:\/\/thebiopool.com\/de\/product\/filtro-de-hoja\/","url":"https:\/\/thebiopool.com\/de\/product\/filtro-de-hoja\/","name":"Spaltbogenfilter - Natur Pools und Schwimmteiche","isPartOf":{"@id":"https:\/\/thebiopool.com\/de\/#website"},"primaryImageOfPage":{"@id":"https:\/\/thebiopool.com\/de\/product\/filtro-de-hoja\/#primaryimage"},"image":{"@id":"https:\/\/thebiopool.com\/product\/filtro-de-hoja\/#primaryimage"},"thumbnailUrl":"https:\/\/thebiopool.com\/wp-content\/uploads\/manzke20171220_006-1.jpg","datePublished":"2019-07-12T06:44:16+00:00","dateModified":"2024-10-25T13:01:50+00:00","breadcrumb":{"@id":"https:\/\/thebiopool.com\/de\/product\/filtro-de-hoja\/#breadcrumb"},"inLanguage":"de","potentialAction":[{"@type":"ReadAction","target":[["https:\/\/thebiopool.com\/de\/product\/filtro-de-hoja\/"]]}]},{"@type":"ImageObject","inLanguage":"de","@id":"https:\/\/thebiopool.com\/de\/product\/filtro-de-hoja\/#primaryimage","url":"https:\/\/thebiopool.com\/wp-content\/uploads\/manzke20171220_006-1.jpg","contentUrl":"https:\/\/thebiopool.com\/wp-content\/uploads\/manzke20171220_006-1.jpg","width":768,"height":1152},{"@type":"BreadcrumbList","@id":"https:\/\/thebiopool.com\/de\/product\/filtro-de-hoja\/#breadcrumb","itemListElement":[{"@type":"ListItem","position":1,"name":"Home","item":"https:\/\/thebiopool.com\/de\/"},{"@type":"ListItem","position":2,"name":"Shop","item":"https:\/\/thebiopool.com\/de\/shop\/"},{"@type":"ListItem","position":3,"name":"Leaf filter"}]},{"@type":"WebSite","@id":"https:\/\/thebiopool.com\/de\/#website","url":"https:\/\/thebiopool.com\/de\/","name":"TheBiopool","description":"wir planen und bauen Ihren perfecten Schwimmteich und Natur Pool","publisher":{"@id":"https:\/\/thebiopool.com\/de\/#organization"},"potentialAction":[{"@type":"SearchAction","target":{"@type":"EntryPoint","urlTemplate":"https:\/\/thebiopool.com\/de\/?s={search_term_string}"},"query-input":{"@type":"PropertyValueSpecification","valueRequired":true,"valueName":"search_term_string"}}],"inLanguage":"de"},{"@type":"Organization","@id":"https:\/\/thebiopool.com\/de\/#organization","name":"TheBiopool","url":"https:\/\/thebiopool.com\/de\/","logo":{"@type":"ImageObject","inLanguage":"de","@id":"https:\/\/thebiopool.com\/de\/#\/schema\/logo\/image\/","url":"https:\/\/thebiopool.com\/wp-content\/uploads\/logo-schatten-website-klein.png","contentUrl":"https:\/\/thebiopool.com\/wp-content\/uploads\/logo-schatten-website-klein.png","width":220,"height":64,"caption":"TheBiopool"},"image":{"@id":"https:\/\/thebiopool.com\/de\/#\/schema\/logo\/image\/"},"sameAs":["https:\/\/www.facebook.com\/Naturaleza-y-Arte-Stefan-Meier-162702410430553\/","https:\/\/www.instagram.com\/thebiopool\/"]}]}},"_links":{"self":[{"href":"https:\/\/thebiopool.com\/de\/wp-json\/wp\/v2\/product\/16051","targetHints":{"allow":["GET"]}}],"collection":[{"href":"https:\/\/thebiopool.com\/de\/wp-json\/wp\/v2\/product"}],"about":[{"href":"https:\/\/thebiopool.com\/de\/wp-json\/wp\/v2\/types\/product"}],"replies":[{"embeddable":true,"href":"https:\/\/thebiopool.com\/de\/wp-json\/wp\/v2\/comments?post=16051"}],"wp:featuredmedia":[{"embeddable":true,"href":"https:\/\/thebiopool.com\/de\/wp-json\/wp\/v2\/media\/16050"}],"wp:attachment":[{"href":"https:\/\/thebiopool.com\/de\/wp-json\/wp\/v2\/media?parent=16051"}],"wp:term":[{"taxonomy":"product_brand","embeddable":true,"href":"https:\/\/thebiopool.com\/de\/wp-json\/wp\/v2\/product_brand?post=16051"},{"taxonomy":"product_cat","embeddable":true,"href":"https:\/\/thebiopool.com\/de\/wp-json\/wp\/v2\/product_cat?post=16051"},{"taxonomy":"product_tag","embeddable":true,"href":"https:\/\/thebiopool.com\/de\/wp-json\/wp\/v2\/product_tag?post=16051"}],"curies":[{"name":"wp","href":"https:\/\/api.w.org\/{rel}","templated":true}]}}