{"id":16065,"date":"2019-07-12T08:49:50","date_gmt":"2019-07-12T06:49:50","guid":{"rendered":"https:\/\/thebiopool.com\/product\/robot-de-piscina-neptun\/"},"modified":"2024-10-25T14:39:14","modified_gmt":"2024-10-25T12:39:14","slug":"robot-de-piscina-neptun","status":"publish","type":"product","link":"https:\/\/thebiopool.com\/de\/product\/robot-de-piscina-neptun\/","title":{"rendered":"Poolroboter Neptun"},"content":{"rendered":"<p>Der Poolroboter Neptun wurde ganz speziell f\u00fcr den professionellen Einsazt im Schwimmbereich von privaten Schwimmteichen entwickelt, aber auch in \u00f6ffentlichen Naturb\u00e4dern kommt der Poolreiniger zum Einsatz. Herk\u00f6mmliche Schwimmbadroboter sto\u00dfen bei der Reinigung von konventionellen B\u00e4deranlagen oft sehr schnell an ihre Grenzen, da sie f\u00fcr gew\u00f6hnlich lediglich mit einem recht kleinen Filtersack ausger\u00fcstet sind. Der Poolroboter Neptun ist dagegen f\u00fcr die Nutzung mit Filterkassetten ausgelegt. Der Poolroboter wird mit drei Filterkassetten geliefert in drei unterschiedlichen Filtersch\u00e4rfen (50\/100\/200 \u03bc). Dadurch wird das notwendige Wechseln der Filter und die damit verbundene Reinigung vereinfacht. Es ist vollkommen normal, dass sich in Schwimmteichanlagen mehr R\u00fcckst\u00e4nde bilden. Schnell lagern sich abgestorbene Pflanzenteile an, die entfernt werden m\u00fcssen, ebenso wie der gef\u00e4hrliche glitschige Belag auf dem Boden, der auch als Biofilm bekannt ist. Mit dem Poolroboter Neptun erhalten Sie die optimale M\u00f6glichkeit, Schwimmteiche und Naturb\u00e4der zu reinigen. Der Poolroboter ist f\u00fcr den professionellen Einsatz konzipiert und kann problemlos jederzeit zum Einsatz kommen. <\/p>","protected":false},"excerpt":{"rendered":"<p><span class=\"tax-details\">Inkl. 21% MwSt.<span class=\"tax-separator\">, <\/span><span class=\"shipping-cost-details\">zzgl. <a href=\"https:\/\/thebiopool.com\/deutsch-versandkosten\/\">Versandkosten<\/a><\/span><\/span><\/p>\n<p class=\"delivery-time\">Lieferzeit: 2-5 Werktage<\/p>\n<div class=\"product-view__shipping-method\">\n<p>Versandart: DHL<\/p>\n<\/div>\n<div class=\"clear\"><\/div>\n<p>Der Poolroboter Neptun wurde speziell f\u00fcr den Schwimmbereich von privaten Schimmteichen sowie \u00f6ffentlichen Naturb\u00e4dern entwickelt.<\/p>\n<p>    Zyklusl\u00e4nge: 2\/3\/4 Stunden<br \/>\n    Kabell\u00e4nge: 18 Meter (60 ft)<br \/>\n    Gewicht: 14,25 kg<br \/>\n    Filter-Durchl\u00e4ssigkeit: 50\/100\/200 Mikrometer<br \/>\n    Saugleistung: 17 m3\/Std. 5,084 Imp.Gal.<br \/>\n    Motorspannung: 24 Volt, Gleichspannung<br \/>\n    Ausgang: < 30 V Gleichspannung\n    Stromversorgung: Digitales Schaltnetzteil\n    Saugmodus: Eingebaute Saugeinrichtung\n<\/p>\n","protected":false},"featured_media":16064,"comment_status":"open","ping_status":"closed","template":"","meta":[],"product_brand":[],"product_cat":[213],"product_tag":[],"class_list":{"0":"post-16065","1":"product","2":"type-product","3":"status-publish","4":"has-post-thumbnail","6":"product_cat-poolroboter","7":"product_shipping_class-flatrate-dhl","9":"first","10":"instock","11":"taxable","12":"shipping-taxable","13":"purchasable","14":"product-type-simple"},"yoast_head":"<!-- This site is optimized with the Yoast SEO plugin v27.4 - https:\/\/yoast.com\/product\/yoast-seo-wordpress\/ -->\n<title>Poolroboter Neptun - Natur Pools und Schwimmteiche<\/title>\n<meta name=\"robots\" content=\"index, follow, max-snippet:-1, max-image-preview:large, max-video-preview:-1\" \/>\n<link rel=\"canonical\" href=\"https:\/\/thebiopool.com\/de\/product\/robot-de-piscina-neptun\/\" \/>\n<meta property=\"og:locale\" content=\"de_DE\" \/>\n<meta property=\"og:type\" content=\"article\" \/>\n<meta property=\"og:title\" content=\"Poolroboter Neptun - Natur Pools und Schwimmteiche\" \/>\n<meta property=\"og:description\" content=\"Inkl. 21% MwSt., zzgl. Versandkosten Lieferzeit: 2-5 Werktage    Versandart: DHL     Der Poolroboter Neptun wurde speziell f\u00fcr den Schwimmbereich von privaten Schimmteichen sowie \u00f6ffentlichen Naturb\u00e4dern entwickelt.     Zyklusl\u00e4nge: 2\/3\/4 Stunden   Kabell\u00e4nge: 18 Meter (60 ft)   Gewicht: 14,25 kg   Filter-Durchl\u00e4ssigkeit: 50\/100\/200 Mikrometer   Saugleistung: 17 m3\/Std. 5,084 Imp.Gal.   Motorspannung: 24 Volt, Gleichspannung   Ausgang: &lt; 30 V Gleichspannung   Stromversorgung: Digitales Schaltnetzteil   Saugmodus: Eingebaute Saugeinrichtung\" \/>\n<meta property=\"og:url\" content=\"https:\/\/thebiopool.com\/de\/product\/robot-de-piscina-neptun\/\" \/>\n<meta property=\"og:site_name\" content=\"Natur Pools und Schwimmteiche\" \/>\n<meta property=\"article:publisher\" content=\"https:\/\/www.facebook.com\/Naturaleza-y-Arte-Stefan-Meier-162702410430553\/\" \/>\n<meta property=\"article:modified_time\" content=\"2024-10-25T12:39:14+00:00\" \/>\n<meta property=\"og:image\" content=\"https:\/\/thebiopool.com\/wp-content\/uploads\/3003_6.jpg\" \/>\n\t<meta property=\"og:image:width\" content=\"1000\" \/>\n\t<meta property=\"og:image:height\" content=\"1000\" \/>\n\t<meta property=\"og:image:type\" content=\"image\/jpeg\" \/>\n<meta name=\"twitter:card\" content=\"summary_large_image\" \/>\n<meta name=\"twitter:label1\" content=\"Gesch\u00e4tzte Lesezeit\" \/>\n\t<meta name=\"twitter:data1\" content=\"1\u00a0Minute\" \/>\n<script type=\"application\/ld+json\" class=\"yoast-schema-graph\">{\"@context\":\"https:\\\/\\\/schema.org\",\"@graph\":[{\"@type\":\"WebPage\",\"@id\":\"https:\\\/\\\/thebiopool.com\\\/de\\\/product\\\/robot-de-piscina-neptun\\\/\",\"url\":\"https:\\\/\\\/thebiopool.com\\\/de\\\/product\\\/robot-de-piscina-neptun\\\/\",\"name\":\"Poolroboter Neptun - Natur Pools und Schwimmteiche\",\"isPartOf\":{\"@id\":\"https:\\\/\\\/thebiopool.com\\\/de\\\/#website\"},\"primaryImageOfPage\":{\"@id\":\"https:\\\/\\\/thebiopool.com\\\/de\\\/product\\\/robot-de-piscina-neptun\\\/#primaryimage\"},\"image\":{\"@id\":\"https:\\\/\\\/thebiopool.com\\\/product\\\/robot-de-piscina-neptun\\\/#primaryimage\"},\"thumbnailUrl\":\"https:\\\/\\\/thebiopool.com\\\/wp-content\\\/uploads\\\/3003_6.jpg\",\"datePublished\":\"2019-07-12T06:49:50+00:00\",\"dateModified\":\"2024-10-25T12:39:14+00:00\",\"breadcrumb\":{\"@id\":\"https:\\\/\\\/thebiopool.com\\\/de\\\/product\\\/robot-de-piscina-neptun\\\/#breadcrumb\"},\"inLanguage\":\"de\",\"potentialAction\":[{\"@type\":\"ReadAction\",\"target\":[[\"https:\\\/\\\/thebiopool.com\\\/de\\\/product\\\/robot-de-piscina-neptun\\\/\"]]}]},{\"@type\":\"ImageObject\",\"inLanguage\":\"de\",\"@id\":\"https:\\\/\\\/thebiopool.com\\\/de\\\/product\\\/robot-de-piscina-neptun\\\/#primaryimage\",\"url\":\"https:\\\/\\\/thebiopool.com\\\/wp-content\\\/uploads\\\/3003_6.jpg\",\"contentUrl\":\"https:\\\/\\\/thebiopool.com\\\/wp-content\\\/uploads\\\/3003_6.jpg\",\"width\":1000,\"height\":1000},{\"@type\":\"BreadcrumbList\",\"@id\":\"https:\\\/\\\/thebiopool.com\\\/de\\\/product\\\/robot-de-piscina-neptun\\\/#breadcrumb\",\"itemListElement\":[{\"@type\":\"ListItem\",\"position\":1,\"name\":\"Home\",\"item\":\"https:\\\/\\\/thebiopool.com\\\/de\\\/\"},{\"@type\":\"ListItem\",\"position\":2,\"name\":\"Shop\",\"item\":\"https:\\\/\\\/thebiopool.com\\\/de\\\/shop\\\/\"},{\"@type\":\"ListItem\",\"position\":3,\"name\":\"Pool robot Neptun\"}]},{\"@type\":\"WebSite\",\"@id\":\"https:\\\/\\\/thebiopool.com\\\/de\\\/#website\",\"url\":\"https:\\\/\\\/thebiopool.com\\\/de\\\/\",\"name\":\"TheBiopool\",\"description\":\"wir planen und bauen Ihren perfecten Schwimmteich und Natur Pool\",\"publisher\":{\"@id\":\"https:\\\/\\\/thebiopool.com\\\/de\\\/#organization\"},\"potentialAction\":[{\"@type\":\"SearchAction\",\"target\":{\"@type\":\"EntryPoint\",\"urlTemplate\":\"https:\\\/\\\/thebiopool.com\\\/de\\\/?s={search_term_string}\"},\"query-input\":{\"@type\":\"PropertyValueSpecification\",\"valueRequired\":true,\"valueName\":\"search_term_string\"}}],\"inLanguage\":\"de\"},{\"@type\":\"Organization\",\"@id\":\"https:\\\/\\\/thebiopool.com\\\/de\\\/#organization\",\"name\":\"TheBiopool\",\"url\":\"https:\\\/\\\/thebiopool.com\\\/de\\\/\",\"logo\":{\"@type\":\"ImageObject\",\"inLanguage\":\"de\",\"@id\":\"https:\\\/\\\/thebiopool.com\\\/de\\\/#\\\/schema\\\/logo\\\/image\\\/\",\"url\":\"https:\\\/\\\/thebiopool.com\\\/wp-content\\\/uploads\\\/logo-schatten-website-klein.png\",\"contentUrl\":\"https:\\\/\\\/thebiopool.com\\\/wp-content\\\/uploads\\\/logo-schatten-website-klein.png\",\"width\":220,\"height\":64,\"caption\":\"TheBiopool\"},\"image\":{\"@id\":\"https:\\\/\\\/thebiopool.com\\\/de\\\/#\\\/schema\\\/logo\\\/image\\\/\"},\"sameAs\":[\"https:\\\/\\\/www.facebook.com\\\/Naturaleza-y-Arte-Stefan-Meier-162702410430553\\\/\",\"https:\\\/\\\/www.instagram.com\\\/thebiopool\\\/\"]}]}<\/script>\n<!-- \/ Yoast SEO plugin. -->","yoast_head_json":{"title":"Poolroboter Neptun - Natur Pools und Schwimmteiche","robots":{"index":"index","follow":"follow","max-snippet":"max-snippet:-1","max-image-preview":"max-image-preview:large","max-video-preview":"max-video-preview:-1"},"canonical":"https:\/\/thebiopool.com\/de\/product\/robot-de-piscina-neptun\/","og_locale":"de_DE","og_type":"article","og_title":"Poolroboter Neptun - Natur Pools und Schwimmteiche","og_description":"Inkl. 21% MwSt., zzgl. Versandkosten Lieferzeit: 2-5 Werktage    Versandart: DHL     Der Poolroboter Neptun wurde speziell f\u00fcr den Schwimmbereich von privaten Schimmteichen sowie \u00f6ffentlichen Naturb\u00e4dern entwickelt.     Zyklusl\u00e4nge: 2\/3\/4 Stunden   Kabell\u00e4nge: 18 Meter (60 ft)   Gewicht: 14,25 kg   Filter-Durchl\u00e4ssigkeit: 50\/100\/200 Mikrometer   Saugleistung: 17 m3\/Std. 5,084 Imp.Gal.   Motorspannung: 24 Volt, Gleichspannung   Ausgang: < 30 V Gleichspannung   Stromversorgung: Digitales Schaltnetzteil   Saugmodus: Eingebaute Saugeinrichtung","og_url":"https:\/\/thebiopool.com\/de\/product\/robot-de-piscina-neptun\/","og_site_name":"Natur Pools und Schwimmteiche","article_publisher":"https:\/\/www.facebook.com\/Naturaleza-y-Arte-Stefan-Meier-162702410430553\/","article_modified_time":"2024-10-25T12:39:14+00:00","og_image":[{"width":1000,"height":1000,"url":"https:\/\/thebiopool.com\/wp-content\/uploads\/3003_6.jpg","type":"image\/jpeg"}],"twitter_card":"summary_large_image","twitter_misc":{"Gesch\u00e4tzte Lesezeit":"1\u00a0Minute"},"schema":{"@context":"https:\/\/schema.org","@graph":[{"@type":"WebPage","@id":"https:\/\/thebiopool.com\/de\/product\/robot-de-piscina-neptun\/","url":"https:\/\/thebiopool.com\/de\/product\/robot-de-piscina-neptun\/","name":"Poolroboter Neptun - Natur Pools und Schwimmteiche","isPartOf":{"@id":"https:\/\/thebiopool.com\/de\/#website"},"primaryImageOfPage":{"@id":"https:\/\/thebiopool.com\/de\/product\/robot-de-piscina-neptun\/#primaryimage"},"image":{"@id":"https:\/\/thebiopool.com\/product\/robot-de-piscina-neptun\/#primaryimage"},"thumbnailUrl":"https:\/\/thebiopool.com\/wp-content\/uploads\/3003_6.jpg","datePublished":"2019-07-12T06:49:50+00:00","dateModified":"2024-10-25T12:39:14+00:00","breadcrumb":{"@id":"https:\/\/thebiopool.com\/de\/product\/robot-de-piscina-neptun\/#breadcrumb"},"inLanguage":"de","potentialAction":[{"@type":"ReadAction","target":[["https:\/\/thebiopool.com\/de\/product\/robot-de-piscina-neptun\/"]]}]},{"@type":"ImageObject","inLanguage":"de","@id":"https:\/\/thebiopool.com\/de\/product\/robot-de-piscina-neptun\/#primaryimage","url":"https:\/\/thebiopool.com\/wp-content\/uploads\/3003_6.jpg","contentUrl":"https:\/\/thebiopool.com\/wp-content\/uploads\/3003_6.jpg","width":1000,"height":1000},{"@type":"BreadcrumbList","@id":"https:\/\/thebiopool.com\/de\/product\/robot-de-piscina-neptun\/#breadcrumb","itemListElement":[{"@type":"ListItem","position":1,"name":"Home","item":"https:\/\/thebiopool.com\/de\/"},{"@type":"ListItem","position":2,"name":"Shop","item":"https:\/\/thebiopool.com\/de\/shop\/"},{"@type":"ListItem","position":3,"name":"Pool robot Neptun"}]},{"@type":"WebSite","@id":"https:\/\/thebiopool.com\/de\/#website","url":"https:\/\/thebiopool.com\/de\/","name":"TheBiopool","description":"wir planen und bauen Ihren perfecten Schwimmteich und Natur Pool","publisher":{"@id":"https:\/\/thebiopool.com\/de\/#organization"},"potentialAction":[{"@type":"SearchAction","target":{"@type":"EntryPoint","urlTemplate":"https:\/\/thebiopool.com\/de\/?s={search_term_string}"},"query-input":{"@type":"PropertyValueSpecification","valueRequired":true,"valueName":"search_term_string"}}],"inLanguage":"de"},{"@type":"Organization","@id":"https:\/\/thebiopool.com\/de\/#organization","name":"TheBiopool","url":"https:\/\/thebiopool.com\/de\/","logo":{"@type":"ImageObject","inLanguage":"de","@id":"https:\/\/thebiopool.com\/de\/#\/schema\/logo\/image\/","url":"https:\/\/thebiopool.com\/wp-content\/uploads\/logo-schatten-website-klein.png","contentUrl":"https:\/\/thebiopool.com\/wp-content\/uploads\/logo-schatten-website-klein.png","width":220,"height":64,"caption":"TheBiopool"},"image":{"@id":"https:\/\/thebiopool.com\/de\/#\/schema\/logo\/image\/"},"sameAs":["https:\/\/www.facebook.com\/Naturaleza-y-Arte-Stefan-Meier-162702410430553\/","https:\/\/www.instagram.com\/thebiopool\/"]}]}},"_links":{"self":[{"href":"https:\/\/thebiopool.com\/de\/wp-json\/wp\/v2\/product\/16065","targetHints":{"allow":["GET"]}}],"collection":[{"href":"https:\/\/thebiopool.com\/de\/wp-json\/wp\/v2\/product"}],"about":[{"href":"https:\/\/thebiopool.com\/de\/wp-json\/wp\/v2\/types\/product"}],"replies":[{"embeddable":true,"href":"https:\/\/thebiopool.com\/de\/wp-json\/wp\/v2\/comments?post=16065"}],"wp:featuredmedia":[{"embeddable":true,"href":"https:\/\/thebiopool.com\/de\/wp-json\/wp\/v2\/media\/16064"}],"wp:attachment":[{"href":"https:\/\/thebiopool.com\/de\/wp-json\/wp\/v2\/media?parent=16065"}],"wp:term":[{"taxonomy":"product_brand","embeddable":true,"href":"https:\/\/thebiopool.com\/de\/wp-json\/wp\/v2\/product_brand?post=16065"},{"taxonomy":"product_cat","embeddable":true,"href":"https:\/\/thebiopool.com\/de\/wp-json\/wp\/v2\/product_cat?post=16065"},{"taxonomy":"product_tag","embeddable":true,"href":"https:\/\/thebiopool.com\/de\/wp-json\/wp\/v2\/product_tag?post=16065"}],"curies":[{"name":"wp","href":"https:\/\/api.w.org\/{rel}","templated":true}]}}