{"id":16097,"date":"2019-07-12T09:46:21","date_gmt":"2019-07-12T07:46:21","guid":{"rendered":"https:\/\/thebiopool.com\/product\/cubierta-de-proteccion-ambiental\/"},"modified":"2024-10-29T16:56:16","modified_gmt":"2024-10-29T15:56:16","slug":"cubierta-de-proteccion-ambiental","status":"publish","type":"product","link":"https:\/\/thebiopool.com\/de\/product\/cubierta-de-proteccion-ambiental\/","title":{"rendered":"Wetterschutzhaube"},"content":{"rendered":"<p>Sehr widerstandsf\u00e4hige Umweltschutzabdeckung, um die perfekte Aufbewahrung des Neptun Pool Cleaner Roboters zu gew\u00e4hrleisten. Die Abdeckung ist ein wasserdichtes Geh\u00e4use, das f\u00fcr die korrekte Lagerung und den Schutz des Neptun Pool Cleaner Roboters entwickelt wurde. Dieses wasserdichte Geh\u00e4use ist sehr widerstandsf\u00e4hig ist und gew\u00e4hrleistet somit eine lange Lebensdauer. Die N\u00e4hte sind verst\u00e4rkt und die Oberfl\u00e4chen speziell gepr\u00fcft. Resistentes und perfekt wasserdichtes Material zum Schutz des Neptun Pool Cleaner Roboters und seines Kabels vor UVA-Strahlen, Schmutz und Feuchtigkeit.<\/p>","protected":false},"excerpt":{"rendered":"<p>&lt;span class=&#8220;tax-details&#8220;&gt;Inkl. 21% MwSt.&lt;span class=&#8220;tax-separator&#8220;&gt;, &lt;\/span&gt;&lt;span class=&#8220;shipping-cost-details&#8220;&gt;zzgl. &lt;a href=&#8220;https:\/\/thebiopool.com\/deutsch-versandkosten\/&#8220;&gt;Versandkosten&lt;\/a&gt;&lt;\/span&gt;&lt;\/span&gt;<br \/>\n&lt;p class=&#8220;delivery-time&#8220;&gt;Lieferzeit: 2-5 Werktage&lt;\/p&gt;<\/p>\n<p>&lt;div class=&#8220;product-view__shipping-method&#8220;&gt;<\/p>\n<p>Versandart: DHL<\/p>\n<p>&lt;\/div&gt;<br \/>\n&lt;div class=&#8220;clear&#8220;&gt;&lt;\/div&gt;<\/p>\n","protected":false},"featured_media":16096,"comment_status":"open","ping_status":"closed","template":"","meta":[],"product_brand":[],"product_cat":[213],"product_tag":[],"class_list":{"0":"post-16097","1":"product","2":"type-product","3":"status-publish","4":"has-post-thumbnail","6":"product_cat-poolroboter","7":"product_shipping_class-228","9":"first","10":"instock","11":"taxable","12":"shipping-taxable","13":"purchasable","14":"product-type-simple"},"yoast_head":"<!-- This site is optimized with the Yoast SEO plugin v27.4 - https:\/\/yoast.com\/product\/yoast-seo-wordpress\/ -->\n<title>Wetterschutzhaube - Natur Pools und Schwimmteiche<\/title>\n<meta name=\"robots\" content=\"index, follow, max-snippet:-1, max-image-preview:large, max-video-preview:-1\" \/>\n<link rel=\"canonical\" href=\"https:\/\/thebiopool.com\/de\/product\/cubierta-de-proteccion-ambiental\/\" \/>\n<meta property=\"og:locale\" content=\"de_DE\" \/>\n<meta property=\"og:type\" content=\"article\" \/>\n<meta property=\"og:title\" content=\"Wetterschutzhaube - Natur Pools und Schwimmteiche\" \/>\n<meta property=\"og:description\" content=\"&lt;span class=&quot;tax-details&quot;&gt;Inkl. 21% MwSt.&lt;span class=&quot;tax-separator&quot;&gt;, &lt;\/span&gt;&lt;span class=&quot;shipping-cost-details&quot;&gt;zzgl. &lt;a href=&quot;https:\/\/thebiopool.com\/deutsch-versandkosten\/&quot;&gt;Versandkosten&lt;\/a&gt;&lt;\/span&gt;&lt;\/span&gt; &lt;p class=&quot;delivery-time&quot;&gt;Lieferzeit: 2-5 Werktage&lt;\/p&gt;  &lt;div class=&quot;product-view__shipping-method&quot;&gt;  Versandart: DHL  &lt;\/div&gt; &lt;div class=&quot;clear&quot;&gt;&lt;\/div&gt;\" \/>\n<meta property=\"og:url\" content=\"https:\/\/thebiopool.com\/de\/product\/cubierta-de-proteccion-ambiental\/\" \/>\n<meta property=\"og:site_name\" content=\"Natur Pools und Schwimmteiche\" \/>\n<meta property=\"article:publisher\" content=\"https:\/\/www.facebook.com\/Naturaleza-y-Arte-Stefan-Meier-162702410430553\/\" \/>\n<meta property=\"article:modified_time\" content=\"2024-10-29T15:56:16+00:00\" \/>\n<meta property=\"og:image\" content=\"https:\/\/thebiopool.com\/wp-content\/uploads\/manzke-1434-1.jpg\" \/>\n\t<meta property=\"og:image:width\" content=\"1181\" \/>\n\t<meta property=\"og:image:height\" content=\"787\" \/>\n\t<meta property=\"og:image:type\" content=\"image\/jpeg\" \/>\n<meta name=\"twitter:card\" content=\"summary_large_image\" \/>\n<meta name=\"twitter:label1\" content=\"Gesch\u00e4tzte Lesezeit\" \/>\n\t<meta name=\"twitter:data1\" content=\"1\u00a0Minute\" \/>\n<script type=\"application\/ld+json\" class=\"yoast-schema-graph\">{\"@context\":\"https:\\\/\\\/schema.org\",\"@graph\":[{\"@type\":\"WebPage\",\"@id\":\"https:\\\/\\\/thebiopool.com\\\/de\\\/product\\\/cubierta-de-proteccion-ambiental\\\/\",\"url\":\"https:\\\/\\\/thebiopool.com\\\/de\\\/product\\\/cubierta-de-proteccion-ambiental\\\/\",\"name\":\"Wetterschutzhaube - Natur Pools und Schwimmteiche\",\"isPartOf\":{\"@id\":\"https:\\\/\\\/thebiopool.com\\\/de\\\/#website\"},\"primaryImageOfPage\":{\"@id\":\"https:\\\/\\\/thebiopool.com\\\/de\\\/product\\\/cubierta-de-proteccion-ambiental\\\/#primaryimage\"},\"image\":{\"@id\":\"https:\\\/\\\/thebiopool.com\\\/product\\\/cubierta-de-proteccion-ambiental\\\/#primaryimage\"},\"thumbnailUrl\":\"https:\\\/\\\/thebiopool.com\\\/wp-content\\\/uploads\\\/manzke-1434-1.jpg\",\"datePublished\":\"2019-07-12T07:46:21+00:00\",\"dateModified\":\"2024-10-29T15:56:16+00:00\",\"breadcrumb\":{\"@id\":\"https:\\\/\\\/thebiopool.com\\\/de\\\/product\\\/cubierta-de-proteccion-ambiental\\\/#breadcrumb\"},\"inLanguage\":\"de\",\"potentialAction\":[{\"@type\":\"ReadAction\",\"target\":[[\"https:\\\/\\\/thebiopool.com\\\/de\\\/product\\\/cubierta-de-proteccion-ambiental\\\/\"]]}]},{\"@type\":\"ImageObject\",\"inLanguage\":\"de\",\"@id\":\"https:\\\/\\\/thebiopool.com\\\/de\\\/product\\\/cubierta-de-proteccion-ambiental\\\/#primaryimage\",\"url\":\"https:\\\/\\\/thebiopool.com\\\/wp-content\\\/uploads\\\/manzke-1434-1.jpg\",\"contentUrl\":\"https:\\\/\\\/thebiopool.com\\\/wp-content\\\/uploads\\\/manzke-1434-1.jpg\",\"width\":1181,\"height\":787},{\"@type\":\"BreadcrumbList\",\"@id\":\"https:\\\/\\\/thebiopool.com\\\/de\\\/product\\\/cubierta-de-proteccion-ambiental\\\/#breadcrumb\",\"itemListElement\":[{\"@type\":\"ListItem\",\"position\":1,\"name\":\"Home\",\"item\":\"https:\\\/\\\/thebiopool.com\\\/de\\\/\"},{\"@type\":\"ListItem\",\"position\":2,\"name\":\"Shop\",\"item\":\"https:\\\/\\\/thebiopool.com\\\/de\\\/shop\\\/\"},{\"@type\":\"ListItem\",\"position\":3,\"name\":\"Weather protection cover\"}]},{\"@type\":\"WebSite\",\"@id\":\"https:\\\/\\\/thebiopool.com\\\/de\\\/#website\",\"url\":\"https:\\\/\\\/thebiopool.com\\\/de\\\/\",\"name\":\"TheBiopool\",\"description\":\"wir planen und bauen Ihren perfecten Schwimmteich und Natur Pool\",\"publisher\":{\"@id\":\"https:\\\/\\\/thebiopool.com\\\/de\\\/#organization\"},\"potentialAction\":[{\"@type\":\"SearchAction\",\"target\":{\"@type\":\"EntryPoint\",\"urlTemplate\":\"https:\\\/\\\/thebiopool.com\\\/de\\\/?s={search_term_string}\"},\"query-input\":{\"@type\":\"PropertyValueSpecification\",\"valueRequired\":true,\"valueName\":\"search_term_string\"}}],\"inLanguage\":\"de\"},{\"@type\":\"Organization\",\"@id\":\"https:\\\/\\\/thebiopool.com\\\/de\\\/#organization\",\"name\":\"TheBiopool\",\"url\":\"https:\\\/\\\/thebiopool.com\\\/de\\\/\",\"logo\":{\"@type\":\"ImageObject\",\"inLanguage\":\"de\",\"@id\":\"https:\\\/\\\/thebiopool.com\\\/de\\\/#\\\/schema\\\/logo\\\/image\\\/\",\"url\":\"https:\\\/\\\/thebiopool.com\\\/wp-content\\\/uploads\\\/logo-schatten-website-klein.png\",\"contentUrl\":\"https:\\\/\\\/thebiopool.com\\\/wp-content\\\/uploads\\\/logo-schatten-website-klein.png\",\"width\":220,\"height\":64,\"caption\":\"TheBiopool\"},\"image\":{\"@id\":\"https:\\\/\\\/thebiopool.com\\\/de\\\/#\\\/schema\\\/logo\\\/image\\\/\"},\"sameAs\":[\"https:\\\/\\\/www.facebook.com\\\/Naturaleza-y-Arte-Stefan-Meier-162702410430553\\\/\",\"https:\\\/\\\/www.instagram.com\\\/thebiopool\\\/\"]}]}<\/script>\n<!-- \/ Yoast SEO plugin. -->","yoast_head_json":{"title":"Wetterschutzhaube - Natur Pools und Schwimmteiche","robots":{"index":"index","follow":"follow","max-snippet":"max-snippet:-1","max-image-preview":"max-image-preview:large","max-video-preview":"max-video-preview:-1"},"canonical":"https:\/\/thebiopool.com\/de\/product\/cubierta-de-proteccion-ambiental\/","og_locale":"de_DE","og_type":"article","og_title":"Wetterschutzhaube - Natur Pools und Schwimmteiche","og_description":"&lt;span class=\"tax-details\"&gt;Inkl. 21% MwSt.&lt;span class=\"tax-separator\"&gt;, &lt;\/span&gt;&lt;span class=\"shipping-cost-details\"&gt;zzgl. &lt;a href=\"https:\/\/thebiopool.com\/deutsch-versandkosten\/\"&gt;Versandkosten&lt;\/a&gt;&lt;\/span&gt;&lt;\/span&gt; &lt;p class=\"delivery-time\"&gt;Lieferzeit: 2-5 Werktage&lt;\/p&gt;  &lt;div class=\"product-view__shipping-method\"&gt;  Versandart: DHL  &lt;\/div&gt; &lt;div class=\"clear\"&gt;&lt;\/div&gt;","og_url":"https:\/\/thebiopool.com\/de\/product\/cubierta-de-proteccion-ambiental\/","og_site_name":"Natur Pools und Schwimmteiche","article_publisher":"https:\/\/www.facebook.com\/Naturaleza-y-Arte-Stefan-Meier-162702410430553\/","article_modified_time":"2024-10-29T15:56:16+00:00","og_image":[{"width":1181,"height":787,"url":"https:\/\/thebiopool.com\/wp-content\/uploads\/manzke-1434-1.jpg","type":"image\/jpeg"}],"twitter_card":"summary_large_image","twitter_misc":{"Gesch\u00e4tzte Lesezeit":"1\u00a0Minute"},"schema":{"@context":"https:\/\/schema.org","@graph":[{"@type":"WebPage","@id":"https:\/\/thebiopool.com\/de\/product\/cubierta-de-proteccion-ambiental\/","url":"https:\/\/thebiopool.com\/de\/product\/cubierta-de-proteccion-ambiental\/","name":"Wetterschutzhaube - Natur Pools und Schwimmteiche","isPartOf":{"@id":"https:\/\/thebiopool.com\/de\/#website"},"primaryImageOfPage":{"@id":"https:\/\/thebiopool.com\/de\/product\/cubierta-de-proteccion-ambiental\/#primaryimage"},"image":{"@id":"https:\/\/thebiopool.com\/product\/cubierta-de-proteccion-ambiental\/#primaryimage"},"thumbnailUrl":"https:\/\/thebiopool.com\/wp-content\/uploads\/manzke-1434-1.jpg","datePublished":"2019-07-12T07:46:21+00:00","dateModified":"2024-10-29T15:56:16+00:00","breadcrumb":{"@id":"https:\/\/thebiopool.com\/de\/product\/cubierta-de-proteccion-ambiental\/#breadcrumb"},"inLanguage":"de","potentialAction":[{"@type":"ReadAction","target":[["https:\/\/thebiopool.com\/de\/product\/cubierta-de-proteccion-ambiental\/"]]}]},{"@type":"ImageObject","inLanguage":"de","@id":"https:\/\/thebiopool.com\/de\/product\/cubierta-de-proteccion-ambiental\/#primaryimage","url":"https:\/\/thebiopool.com\/wp-content\/uploads\/manzke-1434-1.jpg","contentUrl":"https:\/\/thebiopool.com\/wp-content\/uploads\/manzke-1434-1.jpg","width":1181,"height":787},{"@type":"BreadcrumbList","@id":"https:\/\/thebiopool.com\/de\/product\/cubierta-de-proteccion-ambiental\/#breadcrumb","itemListElement":[{"@type":"ListItem","position":1,"name":"Home","item":"https:\/\/thebiopool.com\/de\/"},{"@type":"ListItem","position":2,"name":"Shop","item":"https:\/\/thebiopool.com\/de\/shop\/"},{"@type":"ListItem","position":3,"name":"Weather protection cover"}]},{"@type":"WebSite","@id":"https:\/\/thebiopool.com\/de\/#website","url":"https:\/\/thebiopool.com\/de\/","name":"TheBiopool","description":"wir planen und bauen Ihren perfecten Schwimmteich und Natur Pool","publisher":{"@id":"https:\/\/thebiopool.com\/de\/#organization"},"potentialAction":[{"@type":"SearchAction","target":{"@type":"EntryPoint","urlTemplate":"https:\/\/thebiopool.com\/de\/?s={search_term_string}"},"query-input":{"@type":"PropertyValueSpecification","valueRequired":true,"valueName":"search_term_string"}}],"inLanguage":"de"},{"@type":"Organization","@id":"https:\/\/thebiopool.com\/de\/#organization","name":"TheBiopool","url":"https:\/\/thebiopool.com\/de\/","logo":{"@type":"ImageObject","inLanguage":"de","@id":"https:\/\/thebiopool.com\/de\/#\/schema\/logo\/image\/","url":"https:\/\/thebiopool.com\/wp-content\/uploads\/logo-schatten-website-klein.png","contentUrl":"https:\/\/thebiopool.com\/wp-content\/uploads\/logo-schatten-website-klein.png","width":220,"height":64,"caption":"TheBiopool"},"image":{"@id":"https:\/\/thebiopool.com\/de\/#\/schema\/logo\/image\/"},"sameAs":["https:\/\/www.facebook.com\/Naturaleza-y-Arte-Stefan-Meier-162702410430553\/","https:\/\/www.instagram.com\/thebiopool\/"]}]}},"_links":{"self":[{"href":"https:\/\/thebiopool.com\/de\/wp-json\/wp\/v2\/product\/16097","targetHints":{"allow":["GET"]}}],"collection":[{"href":"https:\/\/thebiopool.com\/de\/wp-json\/wp\/v2\/product"}],"about":[{"href":"https:\/\/thebiopool.com\/de\/wp-json\/wp\/v2\/types\/product"}],"replies":[{"embeddable":true,"href":"https:\/\/thebiopool.com\/de\/wp-json\/wp\/v2\/comments?post=16097"}],"wp:featuredmedia":[{"embeddable":true,"href":"https:\/\/thebiopool.com\/de\/wp-json\/wp\/v2\/media\/16096"}],"wp:attachment":[{"href":"https:\/\/thebiopool.com\/de\/wp-json\/wp\/v2\/media?parent=16097"}],"wp:term":[{"taxonomy":"product_brand","embeddable":true,"href":"https:\/\/thebiopool.com\/de\/wp-json\/wp\/v2\/product_brand?post=16097"},{"taxonomy":"product_cat","embeddable":true,"href":"https:\/\/thebiopool.com\/de\/wp-json\/wp\/v2\/product_cat?post=16097"},{"taxonomy":"product_tag","embeddable":true,"href":"https:\/\/thebiopool.com\/de\/wp-json\/wp\/v2\/product_tag?post=16097"}],"curies":[{"name":"wp","href":"https:\/\/api.w.org\/{rel}","templated":true}]}}