{"id":16099,"date":"2019-07-12T09:46:24","date_gmt":"2019-07-12T07:46:24","guid":{"rendered":"https:\/\/thebiopool.com\/product\/bomba-profesional-5000\/"},"modified":"2024-10-29T17:11:56","modified_gmt":"2024-10-29T16:11:56","slug":"bomba-profesional-5000","status":"publish","type":"product","link":"https:\/\/thebiopool.com\/de\/product\/bomba-profesional-5000\/","title":{"rendered":"Profi-Schlammpumpe 5000"},"content":{"rendered":"<p>Die Profi-Schlammpumpe 5000 wird von uns nach ausf\u00fchrlichen Tests speziell f\u00fcr die Beseitigung von Schlamm und Verunreinigungen in Koi- und Schwimmteichen eingesetzt. Die hochwertige, selbstansaugende Pumpe garantiert die schnelle Entfernung von Schlamm, Algen und mit einer speziellen Vorabscheider f\u00fcr diese Pumpe, k\u00f6nnen auch Steine bis 10 mm Korngr\u00f6\u00dfe mit herausgesaugt werden. Das aus verschlei\u00dffestem Kunststoff bestehende Fl\u00fcgelrad ist genau wie alle anderen Bauteile leicht zu reinigen und auszuwechseln.<br \/>\n<\/p>","protected":false},"excerpt":{"rendered":"<p><span class=\"tax-details\">Inkl. 21% MwSt.<span class=\"tax-separator\">, <\/span><span class=\"shipping-cost-details\">zzgl. <a href=\"https:\/\/thebiopool.com\/deutsch-versandkosten\/\">Versandkosten<\/a><\/span><\/span><\/p>\n<p class=\"delivery-time\">Lieferzeit: 2-5 Werktage<\/p>\n<div class=\"product-view__shipping-method\">\n<p>Versandart: DHL<\/p>\n<\/div>\n<div class=\"clear\"><\/div>\n<p>trocken selbstansaugend<\/p>\n<p>Pumpengeh\u00e4use aus Edelstahl<br \/>\nVerschlei\u00dffestes Gummi-Laufrad<br \/>\nkompaktes Design<br \/>\neinfache Reinigung<br \/>\nBenutzerfreundlichkeit<br \/>\n230 Volt AC 750 Watt Motor<br \/>\nR\u00fcckw\u00e4rtsschalter (rechts-links)<br \/>\nsaugt bis zu 5 m Wassers\u00e4ule<br \/>\ndr\u00fcckt bis zu 30 m Wassers\u00e4ule<br \/>\nDeutsches Handbuch<br \/>\nAlle Artikel als Ersatzteile erh\u00e4ltlich<br \/>\nAnschluss: 2 x 2 &#8222;Au\u00dfengewinde<\/p>\n","protected":false},"featured_media":16098,"comment_status":"open","ping_status":"closed","template":"","meta":[],"product_brand":[],"product_cat":[216],"product_tag":[],"class_list":{"0":"post-16099","1":"product","2":"type-product","3":"status-publish","4":"has-post-thumbnail","6":"product_cat-teichpumpen","7":"product_shipping_class-228","9":"first","10":"instock","11":"taxable","12":"shipping-taxable","13":"purchasable","14":"product-type-simple"},"yoast_head":"<!-- This site is optimized with the Yoast SEO plugin v27.5 - https:\/\/yoast.com\/product\/yoast-seo-wordpress\/ -->\n<title>Profi-Schlammpumpe 5000 - Natur Pools und Schwimmteiche<\/title>\n<meta name=\"robots\" content=\"index, follow, max-snippet:-1, max-image-preview:large, max-video-preview:-1\" \/>\n<link rel=\"canonical\" href=\"https:\/\/thebiopool.com\/de\/product\/bomba-profesional-5000\/\" \/>\n<meta property=\"og:locale\" content=\"de_DE\" \/>\n<meta property=\"og:type\" content=\"article\" \/>\n<meta property=\"og:title\" content=\"Profi-Schlammpumpe 5000 - Natur Pools und Schwimmteiche\" \/>\n<meta property=\"og:description\" content=\"Inkl. 21% MwSt., zzgl. Versandkosten Lieferzeit: 2-5 Werktage    Versandart: DHL     trocken selbstansaugend  Pumpengeh\u00e4use aus Edelstahl Verschlei\u00dffestes Gummi-Laufrad kompaktes Design einfache Reinigung Benutzerfreundlichkeit 230 Volt AC 750 Watt Motor R\u00fcckw\u00e4rtsschalter (rechts-links) saugt bis zu 5 m Wassers\u00e4ule dr\u00fcckt bis zu 30 m Wassers\u00e4ule Deutsches Handbuch Alle Artikel als Ersatzteile erh\u00e4ltlich Anschluss: 2 x 2 &quot;Au\u00dfengewinde\" \/>\n<meta property=\"og:url\" content=\"https:\/\/thebiopool.com\/de\/product\/bomba-profesional-5000\/\" \/>\n<meta property=\"og:site_name\" content=\"Natur Pools und Schwimmteiche\" \/>\n<meta property=\"article:publisher\" content=\"https:\/\/www.facebook.com\/Naturaleza-y-Arte-Stefan-Meier-162702410430553\/\" \/>\n<meta property=\"article:modified_time\" content=\"2024-10-29T16:11:56+00:00\" \/>\n<meta property=\"og:image\" content=\"https:\/\/thebiopool.com\/wp-content\/uploads\/3001_1.jpg\" \/>\n\t<meta property=\"og:image:width\" content=\"1000\" \/>\n\t<meta property=\"og:image:height\" content=\"1000\" \/>\n\t<meta property=\"og:image:type\" content=\"image\/jpeg\" \/>\n<meta name=\"twitter:card\" content=\"summary_large_image\" \/>\n<meta name=\"twitter:label1\" content=\"Gesch\u00e4tzte Lesezeit\" \/>\n\t<meta name=\"twitter:data1\" content=\"1\u00a0Minute\" \/>\n<script type=\"application\/ld+json\" class=\"yoast-schema-graph\">{\"@context\":\"https:\\\/\\\/schema.org\",\"@graph\":[{\"@type\":\"WebPage\",\"@id\":\"https:\\\/\\\/thebiopool.com\\\/de\\\/product\\\/bomba-profesional-5000\\\/\",\"url\":\"https:\\\/\\\/thebiopool.com\\\/de\\\/product\\\/bomba-profesional-5000\\\/\",\"name\":\"Profi-Schlammpumpe 5000 - Natur Pools und Schwimmteiche\",\"isPartOf\":{\"@id\":\"https:\\\/\\\/thebiopool.com\\\/de\\\/#website\"},\"primaryImageOfPage\":{\"@id\":\"https:\\\/\\\/thebiopool.com\\\/de\\\/product\\\/bomba-profesional-5000\\\/#primaryimage\"},\"image\":{\"@id\":\"https:\\\/\\\/thebiopool.com\\\/product\\\/bomba-profesional-5000\\\/#primaryimage\"},\"thumbnailUrl\":\"https:\\\/\\\/thebiopool.com\\\/wp-content\\\/uploads\\\/3001_1.jpg\",\"datePublished\":\"2019-07-12T07:46:24+00:00\",\"dateModified\":\"2024-10-29T16:11:56+00:00\",\"breadcrumb\":{\"@id\":\"https:\\\/\\\/thebiopool.com\\\/de\\\/product\\\/bomba-profesional-5000\\\/#breadcrumb\"},\"inLanguage\":\"de\",\"potentialAction\":[{\"@type\":\"ReadAction\",\"target\":[[\"https:\\\/\\\/thebiopool.com\\\/de\\\/product\\\/bomba-profesional-5000\\\/\"]]}]},{\"@type\":\"ImageObject\",\"inLanguage\":\"de\",\"@id\":\"https:\\\/\\\/thebiopool.com\\\/de\\\/product\\\/bomba-profesional-5000\\\/#primaryimage\",\"url\":\"https:\\\/\\\/thebiopool.com\\\/wp-content\\\/uploads\\\/3001_1.jpg\",\"contentUrl\":\"https:\\\/\\\/thebiopool.com\\\/wp-content\\\/uploads\\\/3001_1.jpg\",\"width\":1000,\"height\":1000},{\"@type\":\"BreadcrumbList\",\"@id\":\"https:\\\/\\\/thebiopool.com\\\/de\\\/product\\\/bomba-profesional-5000\\\/#breadcrumb\",\"itemListElement\":[{\"@type\":\"ListItem\",\"position\":1,\"name\":\"Home\",\"item\":\"https:\\\/\\\/thebiopool.com\\\/de\\\/\"},{\"@type\":\"ListItem\",\"position\":2,\"name\":\"Shop\",\"item\":\"https:\\\/\\\/thebiopool.com\\\/de\\\/shop\\\/\"},{\"@type\":\"ListItem\",\"position\":3,\"name\":\"Professional pump 5000\"}]},{\"@type\":\"WebSite\",\"@id\":\"https:\\\/\\\/thebiopool.com\\\/de\\\/#website\",\"url\":\"https:\\\/\\\/thebiopool.com\\\/de\\\/\",\"name\":\"TheBiopool\",\"description\":\"wir planen und bauen Ihren perfecten Schwimmteich und Natur Pool\",\"publisher\":{\"@id\":\"https:\\\/\\\/thebiopool.com\\\/de\\\/#organization\"},\"potentialAction\":[{\"@type\":\"SearchAction\",\"target\":{\"@type\":\"EntryPoint\",\"urlTemplate\":\"https:\\\/\\\/thebiopool.com\\\/de\\\/?s={search_term_string}\"},\"query-input\":{\"@type\":\"PropertyValueSpecification\",\"valueRequired\":true,\"valueName\":\"search_term_string\"}}],\"inLanguage\":\"de\"},{\"@type\":\"Organization\",\"@id\":\"https:\\\/\\\/thebiopool.com\\\/de\\\/#organization\",\"name\":\"TheBiopool\",\"url\":\"https:\\\/\\\/thebiopool.com\\\/de\\\/\",\"logo\":{\"@type\":\"ImageObject\",\"inLanguage\":\"de\",\"@id\":\"https:\\\/\\\/thebiopool.com\\\/de\\\/#\\\/schema\\\/logo\\\/image\\\/\",\"url\":\"https:\\\/\\\/thebiopool.com\\\/wp-content\\\/uploads\\\/logo-schatten-website-klein.png\",\"contentUrl\":\"https:\\\/\\\/thebiopool.com\\\/wp-content\\\/uploads\\\/logo-schatten-website-klein.png\",\"width\":220,\"height\":64,\"caption\":\"TheBiopool\"},\"image\":{\"@id\":\"https:\\\/\\\/thebiopool.com\\\/de\\\/#\\\/schema\\\/logo\\\/image\\\/\"},\"sameAs\":[\"https:\\\/\\\/www.facebook.com\\\/Naturaleza-y-Arte-Stefan-Meier-162702410430553\\\/\",\"https:\\\/\\\/www.instagram.com\\\/thebiopool\\\/\"]}]}<\/script>\n<!-- \/ Yoast SEO plugin. -->","yoast_head_json":{"title":"Profi-Schlammpumpe 5000 - Natur Pools und Schwimmteiche","robots":{"index":"index","follow":"follow","max-snippet":"max-snippet:-1","max-image-preview":"max-image-preview:large","max-video-preview":"max-video-preview:-1"},"canonical":"https:\/\/thebiopool.com\/de\/product\/bomba-profesional-5000\/","og_locale":"de_DE","og_type":"article","og_title":"Profi-Schlammpumpe 5000 - Natur Pools und Schwimmteiche","og_description":"Inkl. 21% MwSt., zzgl. Versandkosten Lieferzeit: 2-5 Werktage    Versandart: DHL     trocken selbstansaugend  Pumpengeh\u00e4use aus Edelstahl Verschlei\u00dffestes Gummi-Laufrad kompaktes Design einfache Reinigung Benutzerfreundlichkeit 230 Volt AC 750 Watt Motor R\u00fcckw\u00e4rtsschalter (rechts-links) saugt bis zu 5 m Wassers\u00e4ule dr\u00fcckt bis zu 30 m Wassers\u00e4ule Deutsches Handbuch Alle Artikel als Ersatzteile erh\u00e4ltlich Anschluss: 2 x 2 \"Au\u00dfengewinde","og_url":"https:\/\/thebiopool.com\/de\/product\/bomba-profesional-5000\/","og_site_name":"Natur Pools und Schwimmteiche","article_publisher":"https:\/\/www.facebook.com\/Naturaleza-y-Arte-Stefan-Meier-162702410430553\/","article_modified_time":"2024-10-29T16:11:56+00:00","og_image":[{"width":1000,"height":1000,"url":"https:\/\/thebiopool.com\/wp-content\/uploads\/3001_1.jpg","type":"image\/jpeg"}],"twitter_card":"summary_large_image","twitter_misc":{"Gesch\u00e4tzte Lesezeit":"1\u00a0Minute"},"schema":{"@context":"https:\/\/schema.org","@graph":[{"@type":"WebPage","@id":"https:\/\/thebiopool.com\/de\/product\/bomba-profesional-5000\/","url":"https:\/\/thebiopool.com\/de\/product\/bomba-profesional-5000\/","name":"Profi-Schlammpumpe 5000 - Natur Pools und Schwimmteiche","isPartOf":{"@id":"https:\/\/thebiopool.com\/de\/#website"},"primaryImageOfPage":{"@id":"https:\/\/thebiopool.com\/de\/product\/bomba-profesional-5000\/#primaryimage"},"image":{"@id":"https:\/\/thebiopool.com\/product\/bomba-profesional-5000\/#primaryimage"},"thumbnailUrl":"https:\/\/thebiopool.com\/wp-content\/uploads\/3001_1.jpg","datePublished":"2019-07-12T07:46:24+00:00","dateModified":"2024-10-29T16:11:56+00:00","breadcrumb":{"@id":"https:\/\/thebiopool.com\/de\/product\/bomba-profesional-5000\/#breadcrumb"},"inLanguage":"de","potentialAction":[{"@type":"ReadAction","target":[["https:\/\/thebiopool.com\/de\/product\/bomba-profesional-5000\/"]]}]},{"@type":"ImageObject","inLanguage":"de","@id":"https:\/\/thebiopool.com\/de\/product\/bomba-profesional-5000\/#primaryimage","url":"https:\/\/thebiopool.com\/wp-content\/uploads\/3001_1.jpg","contentUrl":"https:\/\/thebiopool.com\/wp-content\/uploads\/3001_1.jpg","width":1000,"height":1000},{"@type":"BreadcrumbList","@id":"https:\/\/thebiopool.com\/de\/product\/bomba-profesional-5000\/#breadcrumb","itemListElement":[{"@type":"ListItem","position":1,"name":"Home","item":"https:\/\/thebiopool.com\/de\/"},{"@type":"ListItem","position":2,"name":"Shop","item":"https:\/\/thebiopool.com\/de\/shop\/"},{"@type":"ListItem","position":3,"name":"Professional pump 5000"}]},{"@type":"WebSite","@id":"https:\/\/thebiopool.com\/de\/#website","url":"https:\/\/thebiopool.com\/de\/","name":"TheBiopool","description":"wir planen und bauen Ihren perfecten Schwimmteich und Natur Pool","publisher":{"@id":"https:\/\/thebiopool.com\/de\/#organization"},"potentialAction":[{"@type":"SearchAction","target":{"@type":"EntryPoint","urlTemplate":"https:\/\/thebiopool.com\/de\/?s={search_term_string}"},"query-input":{"@type":"PropertyValueSpecification","valueRequired":true,"valueName":"search_term_string"}}],"inLanguage":"de"},{"@type":"Organization","@id":"https:\/\/thebiopool.com\/de\/#organization","name":"TheBiopool","url":"https:\/\/thebiopool.com\/de\/","logo":{"@type":"ImageObject","inLanguage":"de","@id":"https:\/\/thebiopool.com\/de\/#\/schema\/logo\/image\/","url":"https:\/\/thebiopool.com\/wp-content\/uploads\/logo-schatten-website-klein.png","contentUrl":"https:\/\/thebiopool.com\/wp-content\/uploads\/logo-schatten-website-klein.png","width":220,"height":64,"caption":"TheBiopool"},"image":{"@id":"https:\/\/thebiopool.com\/de\/#\/schema\/logo\/image\/"},"sameAs":["https:\/\/www.facebook.com\/Naturaleza-y-Arte-Stefan-Meier-162702410430553\/","https:\/\/www.instagram.com\/thebiopool\/"]}]}},"_links":{"self":[{"href":"https:\/\/thebiopool.com\/de\/wp-json\/wp\/v2\/product\/16099","targetHints":{"allow":["GET"]}}],"collection":[{"href":"https:\/\/thebiopool.com\/de\/wp-json\/wp\/v2\/product"}],"about":[{"href":"https:\/\/thebiopool.com\/de\/wp-json\/wp\/v2\/types\/product"}],"replies":[{"embeddable":true,"href":"https:\/\/thebiopool.com\/de\/wp-json\/wp\/v2\/comments?post=16099"}],"wp:featuredmedia":[{"embeddable":true,"href":"https:\/\/thebiopool.com\/de\/wp-json\/wp\/v2\/media\/16098"}],"wp:attachment":[{"href":"https:\/\/thebiopool.com\/de\/wp-json\/wp\/v2\/media?parent=16099"}],"wp:term":[{"taxonomy":"product_brand","embeddable":true,"href":"https:\/\/thebiopool.com\/de\/wp-json\/wp\/v2\/product_brand?post=16099"},{"taxonomy":"product_cat","embeddable":true,"href":"https:\/\/thebiopool.com\/de\/wp-json\/wp\/v2\/product_cat?post=16099"},{"taxonomy":"product_tag","embeddable":true,"href":"https:\/\/thebiopool.com\/de\/wp-json\/wp\/v2\/product_tag?post=16099"}],"curies":[{"name":"wp","href":"https:\/\/api.w.org\/{rel}","templated":true}]}}