{"id":16425,"date":"2020-05-12T13:59:41","date_gmt":"2020-05-12T11:59:41","guid":{"rendered":"https:\/\/thebiopool.com\/?post_type=product&#038;p=16425"},"modified":"2026-01-27T10:46:48","modified_gmt":"2026-01-27T09:46:48","slug":"brush-bisam-44","status":"publish","type":"product","link":"https:\/\/thebiopool.com\/de\/product\/brush-bisam-44\/","title":{"rendered":"BISAM 44 B\u00fcrste &#8211; Netzteil-Variante"},"content":{"rendered":"<p>Auch am Teichboden bleibt oft Sediment liegen, das nur durch B\u00fcrsten gel\u00f6st werden kann. Durch die umschaltbare Drehrichtung der Walzenb\u00fcrste zieht sich die BISAM 44 B\u00fcrste selbst\u00e4ndig in geraden Bahnen vorw\u00e4rts und r\u00fcckw\u00e4rts.<br \/>\nDer Anpressdruck wird durch das Eigengewicht und dem mitgelieferten Ausgleichsgewicht erzeugt. Zeitgleich zur B\u00fcrstfunktion kann \u00fcber den angeschlossenen Saugschlauch mit einem Schlammsauger der Schmutz abgesaugt werden. Gef\u00fchrt wird das Ger\u00e4t an der bis 5 m ausziehbaren Teleskopstange aus GFK. optional kann die dreiteilige, extra lange Stange bis 10,3 m L\u00e4nge eingesetzt werden, um auch gr\u00f6\u00dfere Teichfl\u00e4chen zu pflegen. Das werkzeugfreie wechseln der gelben Walzenb\u00fcrste mit weicheren oder h\u00e4rteren B\u00fcrsten ist m\u00f6glich.<br \/>\nEinfacher und effektiver kann man Teichb\u00f6den nicht reinigen!<br \/>\n\u2794 Bodenspezialist<br \/>\n\u2794 zeitgleiches nutzen eines Schlammsaugers<br \/>\n\u2794 Walzen werkzeugfrei anbringen<\/p>","protected":false},"excerpt":{"rendered":"<p><span class=\"tax-details\">Inkl. 21% MwSt.<span class=\"tax-separator\">, <\/span><span class=\"shipping-cost-details\">zzgl. <a href=\"https:\/\/thebiopool.com\/deutsch-versandkosten\/\">Versandkosten<\/a><\/span><\/span><\/p>\n<p>im Set-Preis enthalten:<br \/>\n\u2022 Bisam 44 B\u00fcrste<br \/>\n\u2022 SPEED CONTROL<br \/>\n\u2022 Teleskopstange GFK 2,5 \u2013 5,0 m<br \/>\n\u2022 gelbe weiche B\u00fcrste<br \/>\n\u2022 Ausgleichsgewicht 1,5 kg<\/p>\n","protected":false},"featured_media":16385,"comment_status":"open","ping_status":"closed","template":"","meta":[],"product_brand":[],"product_cat":[218,214],"product_tag":[],"class_list":{"0":"post-16425","1":"product","2":"type-product","3":"status-publish","4":"has-post-thumbnail","6":"product_cat-electricbrush","7":"product_cat-dusen-bursten","8":"product_shipping_class-bisam","10":"first","11":"instock","12":"taxable","13":"shipping-taxable","14":"purchasable","15":"product-type-simple"},"yoast_head":"<!-- This site is optimized with the Yoast SEO plugin v27.5 - https:\/\/yoast.com\/product\/yoast-seo-wordpress\/ -->\n<title>BISAM 44 B\u00fcrste - Netzteil-Variante - Natur Pools und Schwimmteiche<\/title>\n<meta name=\"robots\" content=\"index, follow, max-snippet:-1, max-image-preview:large, max-video-preview:-1\" \/>\n<link rel=\"canonical\" href=\"https:\/\/thebiopool.com\/de\/product\/brush-bisam-44\/\" \/>\n<meta property=\"og:locale\" content=\"de_DE\" \/>\n<meta property=\"og:type\" content=\"article\" \/>\n<meta property=\"og:title\" content=\"BISAM 44 B\u00fcrste - Netzteil-Variante - Natur Pools und Schwimmteiche\" \/>\n<meta property=\"og:description\" content=\"Inkl. 21% MwSt., zzgl. Versandkosten  im Set-Preis enthalten: \u2022 Bisam 44 B\u00fcrste \u2022 SPEED CONTROL \u2022 Teleskopstange GFK 2,5 \u2013 5,0 m \u2022 gelbe weiche B\u00fcrste \u2022 Ausgleichsgewicht 1,5 kg\" \/>\n<meta property=\"og:url\" content=\"https:\/\/thebiopool.com\/de\/product\/brush-bisam-44\/\" \/>\n<meta property=\"og:site_name\" content=\"Natur Pools und Schwimmteiche\" \/>\n<meta property=\"article:publisher\" content=\"https:\/\/www.facebook.com\/Naturaleza-y-Arte-Stefan-Meier-162702410430553\/\" \/>\n<meta property=\"article:modified_time\" content=\"2026-01-27T09:46:48+00:00\" \/>\n<meta property=\"og:image\" content=\"https:\/\/thebiopool.com\/wp-content\/uploads\/Bisam44.jpg\" \/>\n\t<meta property=\"og:image:width\" content=\"830\" \/>\n\t<meta property=\"og:image:height\" content=\"588\" \/>\n\t<meta property=\"og:image:type\" content=\"image\/jpeg\" \/>\n<meta name=\"twitter:card\" content=\"summary_large_image\" \/>\n<meta name=\"twitter:label1\" content=\"Gesch\u00e4tzte Lesezeit\" \/>\n\t<meta name=\"twitter:data1\" content=\"1\u00a0Minute\" \/>\n<script type=\"application\/ld+json\" class=\"yoast-schema-graph\">{\"@context\":\"https:\\\/\\\/schema.org\",\"@graph\":[{\"@type\":\"WebPage\",\"@id\":\"https:\\\/\\\/thebiopool.com\\\/de\\\/product\\\/brush-bisam-44\\\/\",\"url\":\"https:\\\/\\\/thebiopool.com\\\/de\\\/product\\\/brush-bisam-44\\\/\",\"name\":\"BISAM 44 B\u00fcrste - Netzteil-Variante - Natur Pools und Schwimmteiche\",\"isPartOf\":{\"@id\":\"https:\\\/\\\/thebiopool.com\\\/de\\\/#website\"},\"primaryImageOfPage\":{\"@id\":\"https:\\\/\\\/thebiopool.com\\\/de\\\/product\\\/brush-bisam-44\\\/#primaryimage\"},\"image\":{\"@id\":\"https:\\\/\\\/thebiopool.com\\\/product\\\/brush-bisam-44\\\/#primaryimage\"},\"thumbnailUrl\":\"https:\\\/\\\/thebiopool.com\\\/wp-content\\\/uploads\\\/Bisam44.jpg\",\"datePublished\":\"2020-05-12T11:59:41+00:00\",\"dateModified\":\"2026-01-27T09:46:48+00:00\",\"breadcrumb\":{\"@id\":\"https:\\\/\\\/thebiopool.com\\\/de\\\/product\\\/brush-bisam-44\\\/#breadcrumb\"},\"inLanguage\":\"de\",\"potentialAction\":[{\"@type\":\"ReadAction\",\"target\":[[\"https:\\\/\\\/thebiopool.com\\\/de\\\/product\\\/brush-bisam-44\\\/\"]]}]},{\"@type\":\"ImageObject\",\"inLanguage\":\"de\",\"@id\":\"https:\\\/\\\/thebiopool.com\\\/de\\\/product\\\/brush-bisam-44\\\/#primaryimage\",\"url\":\"https:\\\/\\\/thebiopool.com\\\/wp-content\\\/uploads\\\/Bisam44.jpg\",\"contentUrl\":\"https:\\\/\\\/thebiopool.com\\\/wp-content\\\/uploads\\\/Bisam44.jpg\",\"width\":830,\"height\":588},{\"@type\":\"BreadcrumbList\",\"@id\":\"https:\\\/\\\/thebiopool.com\\\/de\\\/product\\\/brush-bisam-44\\\/#breadcrumb\",\"itemListElement\":[{\"@type\":\"ListItem\",\"position\":1,\"name\":\"Home\",\"item\":\"https:\\\/\\\/thebiopool.com\\\/de\\\/\"},{\"@type\":\"ListItem\",\"position\":2,\"name\":\"Shop\",\"item\":\"https:\\\/\\\/thebiopool.com\\\/de\\\/shop\\\/\"},{\"@type\":\"ListItem\",\"position\":3,\"name\":\"Brush BISAM 44 &#8211; power supply version\"}]},{\"@type\":\"WebSite\",\"@id\":\"https:\\\/\\\/thebiopool.com\\\/de\\\/#website\",\"url\":\"https:\\\/\\\/thebiopool.com\\\/de\\\/\",\"name\":\"TheBiopool\",\"description\":\"wir planen und bauen Ihren perfecten Schwimmteich und Natur Pool\",\"publisher\":{\"@id\":\"https:\\\/\\\/thebiopool.com\\\/de\\\/#organization\"},\"potentialAction\":[{\"@type\":\"SearchAction\",\"target\":{\"@type\":\"EntryPoint\",\"urlTemplate\":\"https:\\\/\\\/thebiopool.com\\\/de\\\/?s={search_term_string}\"},\"query-input\":{\"@type\":\"PropertyValueSpecification\",\"valueRequired\":true,\"valueName\":\"search_term_string\"}}],\"inLanguage\":\"de\"},{\"@type\":\"Organization\",\"@id\":\"https:\\\/\\\/thebiopool.com\\\/de\\\/#organization\",\"name\":\"TheBiopool\",\"url\":\"https:\\\/\\\/thebiopool.com\\\/de\\\/\",\"logo\":{\"@type\":\"ImageObject\",\"inLanguage\":\"de\",\"@id\":\"https:\\\/\\\/thebiopool.com\\\/de\\\/#\\\/schema\\\/logo\\\/image\\\/\",\"url\":\"https:\\\/\\\/thebiopool.com\\\/wp-content\\\/uploads\\\/logo-schatten-website-klein.png\",\"contentUrl\":\"https:\\\/\\\/thebiopool.com\\\/wp-content\\\/uploads\\\/logo-schatten-website-klein.png\",\"width\":220,\"height\":64,\"caption\":\"TheBiopool\"},\"image\":{\"@id\":\"https:\\\/\\\/thebiopool.com\\\/de\\\/#\\\/schema\\\/logo\\\/image\\\/\"},\"sameAs\":[\"https:\\\/\\\/www.facebook.com\\\/Naturaleza-y-Arte-Stefan-Meier-162702410430553\\\/\",\"https:\\\/\\\/www.instagram.com\\\/thebiopool\\\/\"]}]}<\/script>\n<!-- \/ Yoast SEO plugin. -->","yoast_head_json":{"title":"BISAM 44 B\u00fcrste - Netzteil-Variante - Natur Pools und Schwimmteiche","robots":{"index":"index","follow":"follow","max-snippet":"max-snippet:-1","max-image-preview":"max-image-preview:large","max-video-preview":"max-video-preview:-1"},"canonical":"https:\/\/thebiopool.com\/de\/product\/brush-bisam-44\/","og_locale":"de_DE","og_type":"article","og_title":"BISAM 44 B\u00fcrste - Netzteil-Variante - Natur Pools und Schwimmteiche","og_description":"Inkl. 21% MwSt., zzgl. Versandkosten  im Set-Preis enthalten: \u2022 Bisam 44 B\u00fcrste \u2022 SPEED CONTROL \u2022 Teleskopstange GFK 2,5 \u2013 5,0 m \u2022 gelbe weiche B\u00fcrste \u2022 Ausgleichsgewicht 1,5 kg","og_url":"https:\/\/thebiopool.com\/de\/product\/brush-bisam-44\/","og_site_name":"Natur Pools und Schwimmteiche","article_publisher":"https:\/\/www.facebook.com\/Naturaleza-y-Arte-Stefan-Meier-162702410430553\/","article_modified_time":"2026-01-27T09:46:48+00:00","og_image":[{"width":830,"height":588,"url":"https:\/\/thebiopool.com\/wp-content\/uploads\/Bisam44.jpg","type":"image\/jpeg"}],"twitter_card":"summary_large_image","twitter_misc":{"Gesch\u00e4tzte Lesezeit":"1\u00a0Minute"},"schema":{"@context":"https:\/\/schema.org","@graph":[{"@type":"WebPage","@id":"https:\/\/thebiopool.com\/de\/product\/brush-bisam-44\/","url":"https:\/\/thebiopool.com\/de\/product\/brush-bisam-44\/","name":"BISAM 44 B\u00fcrste - Netzteil-Variante - Natur Pools und Schwimmteiche","isPartOf":{"@id":"https:\/\/thebiopool.com\/de\/#website"},"primaryImageOfPage":{"@id":"https:\/\/thebiopool.com\/de\/product\/brush-bisam-44\/#primaryimage"},"image":{"@id":"https:\/\/thebiopool.com\/product\/brush-bisam-44\/#primaryimage"},"thumbnailUrl":"https:\/\/thebiopool.com\/wp-content\/uploads\/Bisam44.jpg","datePublished":"2020-05-12T11:59:41+00:00","dateModified":"2026-01-27T09:46:48+00:00","breadcrumb":{"@id":"https:\/\/thebiopool.com\/de\/product\/brush-bisam-44\/#breadcrumb"},"inLanguage":"de","potentialAction":[{"@type":"ReadAction","target":[["https:\/\/thebiopool.com\/de\/product\/brush-bisam-44\/"]]}]},{"@type":"ImageObject","inLanguage":"de","@id":"https:\/\/thebiopool.com\/de\/product\/brush-bisam-44\/#primaryimage","url":"https:\/\/thebiopool.com\/wp-content\/uploads\/Bisam44.jpg","contentUrl":"https:\/\/thebiopool.com\/wp-content\/uploads\/Bisam44.jpg","width":830,"height":588},{"@type":"BreadcrumbList","@id":"https:\/\/thebiopool.com\/de\/product\/brush-bisam-44\/#breadcrumb","itemListElement":[{"@type":"ListItem","position":1,"name":"Home","item":"https:\/\/thebiopool.com\/de\/"},{"@type":"ListItem","position":2,"name":"Shop","item":"https:\/\/thebiopool.com\/de\/shop\/"},{"@type":"ListItem","position":3,"name":"Brush BISAM 44 &#8211; power supply version"}]},{"@type":"WebSite","@id":"https:\/\/thebiopool.com\/de\/#website","url":"https:\/\/thebiopool.com\/de\/","name":"TheBiopool","description":"wir planen und bauen Ihren perfecten Schwimmteich und Natur Pool","publisher":{"@id":"https:\/\/thebiopool.com\/de\/#organization"},"potentialAction":[{"@type":"SearchAction","target":{"@type":"EntryPoint","urlTemplate":"https:\/\/thebiopool.com\/de\/?s={search_term_string}"},"query-input":{"@type":"PropertyValueSpecification","valueRequired":true,"valueName":"search_term_string"}}],"inLanguage":"de"},{"@type":"Organization","@id":"https:\/\/thebiopool.com\/de\/#organization","name":"TheBiopool","url":"https:\/\/thebiopool.com\/de\/","logo":{"@type":"ImageObject","inLanguage":"de","@id":"https:\/\/thebiopool.com\/de\/#\/schema\/logo\/image\/","url":"https:\/\/thebiopool.com\/wp-content\/uploads\/logo-schatten-website-klein.png","contentUrl":"https:\/\/thebiopool.com\/wp-content\/uploads\/logo-schatten-website-klein.png","width":220,"height":64,"caption":"TheBiopool"},"image":{"@id":"https:\/\/thebiopool.com\/de\/#\/schema\/logo\/image\/"},"sameAs":["https:\/\/www.facebook.com\/Naturaleza-y-Arte-Stefan-Meier-162702410430553\/","https:\/\/www.instagram.com\/thebiopool\/"]}]}},"_links":{"self":[{"href":"https:\/\/thebiopool.com\/de\/wp-json\/wp\/v2\/product\/16425","targetHints":{"allow":["GET"]}}],"collection":[{"href":"https:\/\/thebiopool.com\/de\/wp-json\/wp\/v2\/product"}],"about":[{"href":"https:\/\/thebiopool.com\/de\/wp-json\/wp\/v2\/types\/product"}],"replies":[{"embeddable":true,"href":"https:\/\/thebiopool.com\/de\/wp-json\/wp\/v2\/comments?post=16425"}],"wp:featuredmedia":[{"embeddable":true,"href":"https:\/\/thebiopool.com\/de\/wp-json\/wp\/v2\/media\/16385"}],"wp:attachment":[{"href":"https:\/\/thebiopool.com\/de\/wp-json\/wp\/v2\/media?parent=16425"}],"wp:term":[{"taxonomy":"product_brand","embeddable":true,"href":"https:\/\/thebiopool.com\/de\/wp-json\/wp\/v2\/product_brand?post=16425"},{"taxonomy":"product_cat","embeddable":true,"href":"https:\/\/thebiopool.com\/de\/wp-json\/wp\/v2\/product_cat?post=16425"},{"taxonomy":"product_tag","embeddable":true,"href":"https:\/\/thebiopool.com\/de\/wp-json\/wp\/v2\/product_tag?post=16425"}],"curies":[{"name":"wp","href":"https:\/\/api.w.org\/{rel}","templated":true}]}}