{"id":18478,"date":"2024-10-30T09:41:37","date_gmt":"2024-10-30T08:41:37","guid":{"rendered":"https:\/\/thebiopool.com\/?post_type=product&#038;p=18478"},"modified":"2026-01-27T10:32:15","modified_gmt":"2026-01-27T09:32:15","slug":"underwater-dirt-cutter-with-4-rollers-wheels-intensive-cleaner-for-floors","status":"publish","type":"product","link":"https:\/\/thebiopool.com\/de\/product\/underwater-dirt-cutter-with-4-rollers-wheels-intensive-cleaner-for-floors\/","title":{"rendered":"Unterwasserschmutzfr\u00e4se mit 4 Rollen \/ R\u00e4dern Intensivreiniger f\u00fcr B\u00f6den"},"content":{"rendered":"<p>Unterwasserschmutzfr\u00e4se mit 4 Rollen inkl. Gewichten f\u00fcr den Einsatz mit einem Hochdruckreiniger und Teichschlammsauger<\/p>","protected":false},"excerpt":{"rendered":"<ul>\n<li>F\u00fcr horizontale Fl\u00e4chen geeignet, unter Wasser oder im Trockenen<\/li>\n<li>Entfernt selbst die hartn\u00e4ckigsten Bel\u00e4ge ohne Folien zu besch\u00e4digen<\/li>\n<li>Nur fu\u0308r den Einsatz mit einem Hochdruckreinigers mit 180-250 bar geeignet<\/li>\n<li>Gefu\u0308hrt wird das Gera\u0308t mit einer Teleskopstange (nicht im Preis enthalten)<\/li>\n<li>Nutzbar mit 50 mm Schl\u00e4uchen zur direkten Absaugung<\/li>\n<\/ul>\n","protected":false},"featured_media":18479,"comment_status":"closed","ping_status":"closed","template":"","meta":[],"product_brand":[],"product_cat":[229],"product_tag":[],"class_list":{"0":"post-18478","1":"product","2":"type-product","3":"status-publish","4":"has-post-thumbnail","6":"product_cat-underwater-dirt-cutter-high-pressure-cleaner","7":"product_shipping_class-228","9":"first","10":"instock","11":"taxable","12":"shipping-taxable","13":"purchasable","14":"product-type-simple"},"yoast_head":"<!-- This site is optimized with the Yoast SEO plugin v27.5 - https:\/\/yoast.com\/product\/yoast-seo-wordpress\/ -->\n<title>Unterwasserschmutzfr\u00e4se mit 4 Rollen \/ R\u00e4dern Intensivreiniger f\u00fcr B\u00f6den - Natur Pools und Schwimmteiche<\/title>\n<meta name=\"robots\" content=\"index, follow, max-snippet:-1, max-image-preview:large, max-video-preview:-1\" \/>\n<link rel=\"canonical\" href=\"https:\/\/thebiopool.com\/de\/product\/underwater-dirt-cutter-with-4-rollers-wheels-intensive-cleaner-for-floors\/\" \/>\n<meta property=\"og:locale\" content=\"de_DE\" \/>\n<meta property=\"og:type\" content=\"article\" \/>\n<meta property=\"og:title\" content=\"Unterwasserschmutzfr\u00e4se mit 4 Rollen \/ R\u00e4dern Intensivreiniger f\u00fcr B\u00f6den - Natur Pools und Schwimmteiche\" \/>\n<meta property=\"og:description\" content=\"F\u00fcr horizontale Fl\u00e4chen geeignet, unter Wasser oder im Trockenen  Entfernt selbst die hartn\u00e4ckigsten Bel\u00e4ge ohne Folien zu besch\u00e4digen  Nur fu\u0308r den Einsatz mit einem Hochdruckreinigers mit 180-250 bar geeignet  Gefu\u0308hrt wird das Gera\u0308t mit einer Teleskopstange (nicht im Preis enthalten)  Nutzbar mit 50 mm Schl\u00e4uchen zur direkten Absaugung\" \/>\n<meta property=\"og:url\" content=\"https:\/\/thebiopool.com\/de\/product\/underwater-dirt-cutter-with-4-rollers-wheels-intensive-cleaner-for-floors\/\" \/>\n<meta property=\"og:site_name\" content=\"Natur Pools und Schwimmteiche\" \/>\n<meta property=\"article:publisher\" content=\"https:\/\/www.facebook.com\/Naturaleza-y-Arte-Stefan-Meier-162702410430553\/\" \/>\n<meta property=\"article:modified_time\" content=\"2026-01-27T09:32:15+00:00\" \/>\n<meta property=\"og:image\" content=\"https:\/\/thebiopool.com\/wp-content\/uploads\/unterwasserschmutzfraese_1463.jpg\" \/>\n\t<meta property=\"og:image:width\" content=\"450\" \/>\n\t<meta property=\"og:image:height\" content=\"450\" \/>\n\t<meta property=\"og:image:type\" content=\"image\/jpeg\" \/>\n<meta name=\"twitter:card\" content=\"summary_large_image\" \/>\n<meta name=\"twitter:label1\" content=\"Gesch\u00e4tzte Lesezeit\" \/>\n\t<meta name=\"twitter:data1\" content=\"1\u00a0Minute\" \/>\n<script type=\"application\/ld+json\" class=\"yoast-schema-graph\">{\"@context\":\"https:\\\/\\\/schema.org\",\"@graph\":[{\"@type\":\"WebPage\",\"@id\":\"https:\\\/\\\/thebiopool.com\\\/de\\\/product\\\/underwater-dirt-cutter-with-4-rollers-wheels-intensive-cleaner-for-floors\\\/\",\"url\":\"https:\\\/\\\/thebiopool.com\\\/de\\\/product\\\/underwater-dirt-cutter-with-4-rollers-wheels-intensive-cleaner-for-floors\\\/\",\"name\":\"Unterwasserschmutzfr\u00e4se mit 4 Rollen \\\/ R\u00e4dern Intensivreiniger f\u00fcr B\u00f6den - Natur Pools und Schwimmteiche\",\"isPartOf\":{\"@id\":\"https:\\\/\\\/thebiopool.com\\\/de\\\/#website\"},\"primaryImageOfPage\":{\"@id\":\"https:\\\/\\\/thebiopool.com\\\/de\\\/product\\\/underwater-dirt-cutter-with-4-rollers-wheels-intensive-cleaner-for-floors\\\/#primaryimage\"},\"image\":{\"@id\":\"https:\\\/\\\/thebiopool.com\\\/product\\\/underwater-dirt-cutter-with-4-rollers-wheels-intensive-cleaner-for-floors\\\/#primaryimage\"},\"thumbnailUrl\":\"https:\\\/\\\/thebiopool.com\\\/wp-content\\\/uploads\\\/unterwasserschmutzfraese_1463.jpg\",\"datePublished\":\"2024-10-30T08:41:37+00:00\",\"dateModified\":\"2026-01-27T09:32:15+00:00\",\"breadcrumb\":{\"@id\":\"https:\\\/\\\/thebiopool.com\\\/de\\\/product\\\/underwater-dirt-cutter-with-4-rollers-wheels-intensive-cleaner-for-floors\\\/#breadcrumb\"},\"inLanguage\":\"de\",\"potentialAction\":[{\"@type\":\"ReadAction\",\"target\":[[\"https:\\\/\\\/thebiopool.com\\\/de\\\/product\\\/underwater-dirt-cutter-with-4-rollers-wheels-intensive-cleaner-for-floors\\\/\"]]}]},{\"@type\":\"ImageObject\",\"inLanguage\":\"de\",\"@id\":\"https:\\\/\\\/thebiopool.com\\\/de\\\/product\\\/underwater-dirt-cutter-with-4-rollers-wheels-intensive-cleaner-for-floors\\\/#primaryimage\",\"url\":\"https:\\\/\\\/thebiopool.com\\\/wp-content\\\/uploads\\\/unterwasserschmutzfraese_1463.jpg\",\"contentUrl\":\"https:\\\/\\\/thebiopool.com\\\/wp-content\\\/uploads\\\/unterwasserschmutzfraese_1463.jpg\",\"width\":450,\"height\":450},{\"@type\":\"BreadcrumbList\",\"@id\":\"https:\\\/\\\/thebiopool.com\\\/de\\\/product\\\/underwater-dirt-cutter-with-4-rollers-wheels-intensive-cleaner-for-floors\\\/#breadcrumb\",\"itemListElement\":[{\"@type\":\"ListItem\",\"position\":1,\"name\":\"Home\",\"item\":\"https:\\\/\\\/thebiopool.com\\\/de\\\/\"},{\"@type\":\"ListItem\",\"position\":2,\"name\":\"Shop\",\"item\":\"https:\\\/\\\/thebiopool.com\\\/de\\\/shop\\\/\"},{\"@type\":\"ListItem\",\"position\":3,\"name\":\"Underwater dirt cutter with 4 rollers \\\/ wheels &#8211; Intensive cleaner for floors\"}]},{\"@type\":\"WebSite\",\"@id\":\"https:\\\/\\\/thebiopool.com\\\/de\\\/#website\",\"url\":\"https:\\\/\\\/thebiopool.com\\\/de\\\/\",\"name\":\"TheBiopool\",\"description\":\"wir planen und bauen Ihren perfecten Schwimmteich und Natur Pool\",\"publisher\":{\"@id\":\"https:\\\/\\\/thebiopool.com\\\/de\\\/#organization\"},\"potentialAction\":[{\"@type\":\"SearchAction\",\"target\":{\"@type\":\"EntryPoint\",\"urlTemplate\":\"https:\\\/\\\/thebiopool.com\\\/de\\\/?s={search_term_string}\"},\"query-input\":{\"@type\":\"PropertyValueSpecification\",\"valueRequired\":true,\"valueName\":\"search_term_string\"}}],\"inLanguage\":\"de\"},{\"@type\":\"Organization\",\"@id\":\"https:\\\/\\\/thebiopool.com\\\/de\\\/#organization\",\"name\":\"TheBiopool\",\"url\":\"https:\\\/\\\/thebiopool.com\\\/de\\\/\",\"logo\":{\"@type\":\"ImageObject\",\"inLanguage\":\"de\",\"@id\":\"https:\\\/\\\/thebiopool.com\\\/de\\\/#\\\/schema\\\/logo\\\/image\\\/\",\"url\":\"https:\\\/\\\/thebiopool.com\\\/wp-content\\\/uploads\\\/logo-schatten-website-klein.png\",\"contentUrl\":\"https:\\\/\\\/thebiopool.com\\\/wp-content\\\/uploads\\\/logo-schatten-website-klein.png\",\"width\":220,\"height\":64,\"caption\":\"TheBiopool\"},\"image\":{\"@id\":\"https:\\\/\\\/thebiopool.com\\\/de\\\/#\\\/schema\\\/logo\\\/image\\\/\"},\"sameAs\":[\"https:\\\/\\\/www.facebook.com\\\/Naturaleza-y-Arte-Stefan-Meier-162702410430553\\\/\",\"https:\\\/\\\/www.instagram.com\\\/thebiopool\\\/\"]}]}<\/script>\n<!-- \/ Yoast SEO plugin. -->","yoast_head_json":{"title":"Unterwasserschmutzfr\u00e4se mit 4 Rollen \/ R\u00e4dern Intensivreiniger f\u00fcr B\u00f6den - Natur Pools und Schwimmteiche","robots":{"index":"index","follow":"follow","max-snippet":"max-snippet:-1","max-image-preview":"max-image-preview:large","max-video-preview":"max-video-preview:-1"},"canonical":"https:\/\/thebiopool.com\/de\/product\/underwater-dirt-cutter-with-4-rollers-wheels-intensive-cleaner-for-floors\/","og_locale":"de_DE","og_type":"article","og_title":"Unterwasserschmutzfr\u00e4se mit 4 Rollen \/ R\u00e4dern Intensivreiniger f\u00fcr B\u00f6den - Natur Pools und Schwimmteiche","og_description":"F\u00fcr horizontale Fl\u00e4chen geeignet, unter Wasser oder im Trockenen  Entfernt selbst die hartn\u00e4ckigsten Bel\u00e4ge ohne Folien zu besch\u00e4digen  Nur fu\u0308r den Einsatz mit einem Hochdruckreinigers mit 180-250 bar geeignet  Gefu\u0308hrt wird das Gera\u0308t mit einer Teleskopstange (nicht im Preis enthalten)  Nutzbar mit 50 mm Schl\u00e4uchen zur direkten Absaugung","og_url":"https:\/\/thebiopool.com\/de\/product\/underwater-dirt-cutter-with-4-rollers-wheels-intensive-cleaner-for-floors\/","og_site_name":"Natur Pools und Schwimmteiche","article_publisher":"https:\/\/www.facebook.com\/Naturaleza-y-Arte-Stefan-Meier-162702410430553\/","article_modified_time":"2026-01-27T09:32:15+00:00","og_image":[{"width":450,"height":450,"url":"https:\/\/thebiopool.com\/wp-content\/uploads\/unterwasserschmutzfraese_1463.jpg","type":"image\/jpeg"}],"twitter_card":"summary_large_image","twitter_misc":{"Gesch\u00e4tzte Lesezeit":"1\u00a0Minute"},"schema":{"@context":"https:\/\/schema.org","@graph":[{"@type":"WebPage","@id":"https:\/\/thebiopool.com\/de\/product\/underwater-dirt-cutter-with-4-rollers-wheels-intensive-cleaner-for-floors\/","url":"https:\/\/thebiopool.com\/de\/product\/underwater-dirt-cutter-with-4-rollers-wheels-intensive-cleaner-for-floors\/","name":"Unterwasserschmutzfr\u00e4se mit 4 Rollen \/ R\u00e4dern Intensivreiniger f\u00fcr B\u00f6den - Natur Pools und Schwimmteiche","isPartOf":{"@id":"https:\/\/thebiopool.com\/de\/#website"},"primaryImageOfPage":{"@id":"https:\/\/thebiopool.com\/de\/product\/underwater-dirt-cutter-with-4-rollers-wheels-intensive-cleaner-for-floors\/#primaryimage"},"image":{"@id":"https:\/\/thebiopool.com\/product\/underwater-dirt-cutter-with-4-rollers-wheels-intensive-cleaner-for-floors\/#primaryimage"},"thumbnailUrl":"https:\/\/thebiopool.com\/wp-content\/uploads\/unterwasserschmutzfraese_1463.jpg","datePublished":"2024-10-30T08:41:37+00:00","dateModified":"2026-01-27T09:32:15+00:00","breadcrumb":{"@id":"https:\/\/thebiopool.com\/de\/product\/underwater-dirt-cutter-with-4-rollers-wheels-intensive-cleaner-for-floors\/#breadcrumb"},"inLanguage":"de","potentialAction":[{"@type":"ReadAction","target":[["https:\/\/thebiopool.com\/de\/product\/underwater-dirt-cutter-with-4-rollers-wheels-intensive-cleaner-for-floors\/"]]}]},{"@type":"ImageObject","inLanguage":"de","@id":"https:\/\/thebiopool.com\/de\/product\/underwater-dirt-cutter-with-4-rollers-wheels-intensive-cleaner-for-floors\/#primaryimage","url":"https:\/\/thebiopool.com\/wp-content\/uploads\/unterwasserschmutzfraese_1463.jpg","contentUrl":"https:\/\/thebiopool.com\/wp-content\/uploads\/unterwasserschmutzfraese_1463.jpg","width":450,"height":450},{"@type":"BreadcrumbList","@id":"https:\/\/thebiopool.com\/de\/product\/underwater-dirt-cutter-with-4-rollers-wheels-intensive-cleaner-for-floors\/#breadcrumb","itemListElement":[{"@type":"ListItem","position":1,"name":"Home","item":"https:\/\/thebiopool.com\/de\/"},{"@type":"ListItem","position":2,"name":"Shop","item":"https:\/\/thebiopool.com\/de\/shop\/"},{"@type":"ListItem","position":3,"name":"Underwater dirt cutter with 4 rollers \/ wheels &#8211; Intensive cleaner for floors"}]},{"@type":"WebSite","@id":"https:\/\/thebiopool.com\/de\/#website","url":"https:\/\/thebiopool.com\/de\/","name":"TheBiopool","description":"wir planen und bauen Ihren perfecten Schwimmteich und Natur Pool","publisher":{"@id":"https:\/\/thebiopool.com\/de\/#organization"},"potentialAction":[{"@type":"SearchAction","target":{"@type":"EntryPoint","urlTemplate":"https:\/\/thebiopool.com\/de\/?s={search_term_string}"},"query-input":{"@type":"PropertyValueSpecification","valueRequired":true,"valueName":"search_term_string"}}],"inLanguage":"de"},{"@type":"Organization","@id":"https:\/\/thebiopool.com\/de\/#organization","name":"TheBiopool","url":"https:\/\/thebiopool.com\/de\/","logo":{"@type":"ImageObject","inLanguage":"de","@id":"https:\/\/thebiopool.com\/de\/#\/schema\/logo\/image\/","url":"https:\/\/thebiopool.com\/wp-content\/uploads\/logo-schatten-website-klein.png","contentUrl":"https:\/\/thebiopool.com\/wp-content\/uploads\/logo-schatten-website-klein.png","width":220,"height":64,"caption":"TheBiopool"},"image":{"@id":"https:\/\/thebiopool.com\/de\/#\/schema\/logo\/image\/"},"sameAs":["https:\/\/www.facebook.com\/Naturaleza-y-Arte-Stefan-Meier-162702410430553\/","https:\/\/www.instagram.com\/thebiopool\/"]}]}},"_links":{"self":[{"href":"https:\/\/thebiopool.com\/de\/wp-json\/wp\/v2\/product\/18478","targetHints":{"allow":["GET"]}}],"collection":[{"href":"https:\/\/thebiopool.com\/de\/wp-json\/wp\/v2\/product"}],"about":[{"href":"https:\/\/thebiopool.com\/de\/wp-json\/wp\/v2\/types\/product"}],"replies":[{"embeddable":true,"href":"https:\/\/thebiopool.com\/de\/wp-json\/wp\/v2\/comments?post=18478"}],"wp:featuredmedia":[{"embeddable":true,"href":"https:\/\/thebiopool.com\/de\/wp-json\/wp\/v2\/media\/18479"}],"wp:attachment":[{"href":"https:\/\/thebiopool.com\/de\/wp-json\/wp\/v2\/media?parent=18478"}],"wp:term":[{"taxonomy":"product_brand","embeddable":true,"href":"https:\/\/thebiopool.com\/de\/wp-json\/wp\/v2\/product_brand?post=18478"},{"taxonomy":"product_cat","embeddable":true,"href":"https:\/\/thebiopool.com\/de\/wp-json\/wp\/v2\/product_cat?post=18478"},{"taxonomy":"product_tag","embeddable":true,"href":"https:\/\/thebiopool.com\/de\/wp-json\/wp\/v2\/product_tag?post=18478"}],"curies":[{"name":"wp","href":"https:\/\/api.w.org\/{rel}","templated":true}]}}