{"id":18486,"date":"2024-10-31T17:54:31","date_gmt":"2024-10-31T16:54:31","guid":{"rendered":"https:\/\/thebiopool.com\/?post_type=product&#038;p=18486"},"modified":"2026-01-27T10:28:10","modified_gmt":"2026-01-27T09:28:10","slug":"brush-head-bisam-2-brush-with-yellow-roller-brush","status":"publish","type":"product","link":"https:\/\/thebiopool.com\/de\/product\/brush-head-bisam-2-brush-with-yellow-roller-brush\/","title":{"rendered":"B\u00fcrstenkopf BISAM 22 B\u00dcRSTE mit gelber Walzenb\u00fcrste"},"content":{"rendered":"<p><\/p>\n<h3>B\u00fcrstenkopf BISAM 44 B\u00dcRSTE mit gelber Walzenb\u00fcrste<\/h3>\n<p>B\u00fcrstenkopf der BISAM 44 B\u00dcRSTE inkl. gelber Walzenb\u00fcrste (ohne weiteres Zubeh\u00f6r) zur Erweiterung des Systems der BIBER 22 B\u00dcRSTE.<\/p>\n<p>Die B\u00fcrstenk\u00f6pfe sind beliebig austauschbar und k\u00f6nnen mit dem gleichen Zubeh\u00f6r (Teleskopstange, Akku\/Netzteil) betrieben werden.<\/p>\n<p>Technische Daten:<\/p>\n<p>\u00b7 Integrierter Sauganschluss f\u00fcr R\u00f6ssle-Teichschlammsauger<\/p>\n<p>\u00b7 Sauganschluss: \u00f8 38 mm \/ \u00f8 50 mm<\/p>\n<p>\u00b7 Arbeitsbreite: 44 cm<\/p>\n<p>&nbsp;<\/p>\n<p>Lieferma\u00dfe: 1x Karton (60x60x25 cm, 9,5 kg)<\/p>\n<p>!!! Bitte um Beachtung der Sicherheitshinweise !!!<\/p>","protected":false},"excerpt":{"rendered":"<p><span class=\"tax-details\">Inkl. 21% MwSt.<span class=\"tax-separator\">, <\/span><span class=\"shipping-cost-details\">zzgl. <a href=\"https:\/\/thebiopool.com\/deutsch-versandkosten\/\">Versandkosten<\/a><\/span><\/span><\/p>\n<p>Mit dem B\u00fcrstenkopf der Teichreinigungsb\u00fcrste BIBER 22 B\u00dcRSTE inkl. gelber Vacugrip-B\u00fcrste (ohne weiteres Zubeh\u00f6r) k\u00f6nnen Sie Ihr System der BISAM 44 B\u00dcRSTE erweitern. Die B\u00fcrstenk\u00f6pfe sind beliebig austauschbar und k\u00f6nnen mit dem gleichen Zubeh\u00f6r (Teleskopstange, Akku\/Netzteil) betrieben werden.<\/p>\n","protected":false},"featured_media":18487,"comment_status":"open","ping_status":"closed","template":"","meta":[],"product_brand":[],"product_cat":[218,214],"product_tag":[],"class_list":{"0":"post-18486","1":"product","2":"type-product","3":"status-publish","4":"has-post-thumbnail","6":"product_cat-electricbrush","7":"product_cat-dusen-bursten","8":"product_shipping_class-dhl-bis-20kg","10":"first","11":"instock","12":"taxable","13":"shipping-taxable","14":"purchasable","15":"product-type-simple"},"yoast_head":"<!-- This site is optimized with the Yoast SEO plugin v27.4 - https:\/\/yoast.com\/product\/yoast-seo-wordpress\/ -->\n<title>B\u00fcrstenkopf BISAM 22 B\u00dcRSTE mit gelber Walzenb\u00fcrste - Natur Pools und Schwimmteiche<\/title>\n<meta name=\"robots\" content=\"index, follow, max-snippet:-1, max-image-preview:large, max-video-preview:-1\" \/>\n<link rel=\"canonical\" href=\"https:\/\/thebiopool.com\/de\/product\/brush-head-bisam-2-brush-with-yellow-roller-brush\/\" \/>\n<meta property=\"og:locale\" content=\"de_DE\" \/>\n<meta property=\"og:type\" content=\"article\" \/>\n<meta property=\"og:title\" content=\"B\u00fcrstenkopf BISAM 22 B\u00dcRSTE mit gelber Walzenb\u00fcrste - Natur Pools und Schwimmteiche\" \/>\n<meta property=\"og:description\" content=\"Inkl. 21% MwSt., zzgl. Versandkosten  Mit dem B\u00fcrstenkopf der Teichreinigungsb\u00fcrste BIBER 22 B\u00dcRSTE inkl. gelber Vacugrip-B\u00fcrste (ohne weiteres Zubeh\u00f6r) k\u00f6nnen Sie Ihr System der BISAM 44 B\u00dcRSTE erweitern. Die B\u00fcrstenk\u00f6pfe sind beliebig austauschbar und k\u00f6nnen mit dem gleichen Zubeh\u00f6r (Teleskopstange, Akku\/Netzteil) betrieben werden.\" \/>\n<meta property=\"og:url\" content=\"https:\/\/thebiopool.com\/de\/product\/brush-head-bisam-2-brush-with-yellow-roller-brush\/\" \/>\n<meta property=\"og:site_name\" content=\"Natur Pools und Schwimmteiche\" \/>\n<meta property=\"article:publisher\" content=\"https:\/\/www.facebook.com\/Naturaleza-y-Arte-Stefan-Meier-162702410430553\/\" \/>\n<meta property=\"article:modified_time\" content=\"2026-01-27T09:28:10+00:00\" \/>\n<meta property=\"og:image\" content=\"https:\/\/thebiopool.com\/wp-content\/uploads\/Biber-22-Burstenkopf.jpg\" \/>\n\t<meta property=\"og:image:width\" content=\"799\" \/>\n\t<meta property=\"og:image:height\" content=\"1024\" \/>\n\t<meta property=\"og:image:type\" content=\"image\/jpeg\" \/>\n<meta name=\"twitter:card\" content=\"summary_large_image\" \/>\n<meta name=\"twitter:label1\" content=\"Gesch\u00e4tzte Lesezeit\" \/>\n\t<meta name=\"twitter:data1\" content=\"1\u00a0Minute\" \/>\n<script type=\"application\/ld+json\" class=\"yoast-schema-graph\">{\"@context\":\"https:\\\/\\\/schema.org\",\"@graph\":[{\"@type\":\"WebPage\",\"@id\":\"https:\\\/\\\/thebiopool.com\\\/de\\\/product\\\/brush-head-bisam-2-brush-with-yellow-roller-brush\\\/\",\"url\":\"https:\\\/\\\/thebiopool.com\\\/de\\\/product\\\/brush-head-bisam-2-brush-with-yellow-roller-brush\\\/\",\"name\":\"B\u00fcrstenkopf BISAM 22 B\u00dcRSTE mit gelber Walzenb\u00fcrste - Natur Pools und Schwimmteiche\",\"isPartOf\":{\"@id\":\"https:\\\/\\\/thebiopool.com\\\/de\\\/#website\"},\"primaryImageOfPage\":{\"@id\":\"https:\\\/\\\/thebiopool.com\\\/de\\\/product\\\/brush-head-bisam-2-brush-with-yellow-roller-brush\\\/#primaryimage\"},\"image\":{\"@id\":\"https:\\\/\\\/thebiopool.com\\\/product\\\/brush-head-bisam-2-brush-with-yellow-roller-brush\\\/#primaryimage\"},\"thumbnailUrl\":\"https:\\\/\\\/thebiopool.com\\\/wp-content\\\/uploads\\\/Biber-22-Burstenkopf.jpg\",\"datePublished\":\"2024-10-31T16:54:31+00:00\",\"dateModified\":\"2026-01-27T09:28:10+00:00\",\"breadcrumb\":{\"@id\":\"https:\\\/\\\/thebiopool.com\\\/de\\\/product\\\/brush-head-bisam-2-brush-with-yellow-roller-brush\\\/#breadcrumb\"},\"inLanguage\":\"de\",\"potentialAction\":[{\"@type\":\"ReadAction\",\"target\":[[\"https:\\\/\\\/thebiopool.com\\\/de\\\/product\\\/brush-head-bisam-2-brush-with-yellow-roller-brush\\\/\"]]}]},{\"@type\":\"ImageObject\",\"inLanguage\":\"de\",\"@id\":\"https:\\\/\\\/thebiopool.com\\\/de\\\/product\\\/brush-head-bisam-2-brush-with-yellow-roller-brush\\\/#primaryimage\",\"url\":\"https:\\\/\\\/thebiopool.com\\\/wp-content\\\/uploads\\\/Biber-22-Burstenkopf.jpg\",\"contentUrl\":\"https:\\\/\\\/thebiopool.com\\\/wp-content\\\/uploads\\\/Biber-22-Burstenkopf.jpg\",\"width\":799,\"height\":1024},{\"@type\":\"BreadcrumbList\",\"@id\":\"https:\\\/\\\/thebiopool.com\\\/de\\\/product\\\/brush-head-bisam-2-brush-with-yellow-roller-brush\\\/#breadcrumb\",\"itemListElement\":[{\"@type\":\"ListItem\",\"position\":1,\"name\":\"Home\",\"item\":\"https:\\\/\\\/thebiopool.com\\\/de\\\/\"},{\"@type\":\"ListItem\",\"position\":2,\"name\":\"Shop\",\"item\":\"https:\\\/\\\/thebiopool.com\\\/de\\\/shop\\\/\"},{\"@type\":\"ListItem\",\"position\":3,\"name\":\"Brush head BISAM 22 BRUSH with yellow roller brush\"}]},{\"@type\":\"WebSite\",\"@id\":\"https:\\\/\\\/thebiopool.com\\\/de\\\/#website\",\"url\":\"https:\\\/\\\/thebiopool.com\\\/de\\\/\",\"name\":\"TheBiopool\",\"description\":\"wir planen und bauen Ihren perfecten Schwimmteich und Natur Pool\",\"publisher\":{\"@id\":\"https:\\\/\\\/thebiopool.com\\\/de\\\/#organization\"},\"potentialAction\":[{\"@type\":\"SearchAction\",\"target\":{\"@type\":\"EntryPoint\",\"urlTemplate\":\"https:\\\/\\\/thebiopool.com\\\/de\\\/?s={search_term_string}\"},\"query-input\":{\"@type\":\"PropertyValueSpecification\",\"valueRequired\":true,\"valueName\":\"search_term_string\"}}],\"inLanguage\":\"de\"},{\"@type\":\"Organization\",\"@id\":\"https:\\\/\\\/thebiopool.com\\\/de\\\/#organization\",\"name\":\"TheBiopool\",\"url\":\"https:\\\/\\\/thebiopool.com\\\/de\\\/\",\"logo\":{\"@type\":\"ImageObject\",\"inLanguage\":\"de\",\"@id\":\"https:\\\/\\\/thebiopool.com\\\/de\\\/#\\\/schema\\\/logo\\\/image\\\/\",\"url\":\"https:\\\/\\\/thebiopool.com\\\/wp-content\\\/uploads\\\/logo-schatten-website-klein.png\",\"contentUrl\":\"https:\\\/\\\/thebiopool.com\\\/wp-content\\\/uploads\\\/logo-schatten-website-klein.png\",\"width\":220,\"height\":64,\"caption\":\"TheBiopool\"},\"image\":{\"@id\":\"https:\\\/\\\/thebiopool.com\\\/de\\\/#\\\/schema\\\/logo\\\/image\\\/\"},\"sameAs\":[\"https:\\\/\\\/www.facebook.com\\\/Naturaleza-y-Arte-Stefan-Meier-162702410430553\\\/\",\"https:\\\/\\\/www.instagram.com\\\/thebiopool\\\/\"]}]}<\/script>\n<!-- \/ Yoast SEO plugin. -->","yoast_head_json":{"title":"B\u00fcrstenkopf BISAM 22 B\u00dcRSTE mit gelber Walzenb\u00fcrste - Natur Pools und Schwimmteiche","robots":{"index":"index","follow":"follow","max-snippet":"max-snippet:-1","max-image-preview":"max-image-preview:large","max-video-preview":"max-video-preview:-1"},"canonical":"https:\/\/thebiopool.com\/de\/product\/brush-head-bisam-2-brush-with-yellow-roller-brush\/","og_locale":"de_DE","og_type":"article","og_title":"B\u00fcrstenkopf BISAM 22 B\u00dcRSTE mit gelber Walzenb\u00fcrste - Natur Pools und Schwimmteiche","og_description":"Inkl. 21% MwSt., zzgl. Versandkosten  Mit dem B\u00fcrstenkopf der Teichreinigungsb\u00fcrste BIBER 22 B\u00dcRSTE inkl. gelber Vacugrip-B\u00fcrste (ohne weiteres Zubeh\u00f6r) k\u00f6nnen Sie Ihr System der BISAM 44 B\u00dcRSTE erweitern. Die B\u00fcrstenk\u00f6pfe sind beliebig austauschbar und k\u00f6nnen mit dem gleichen Zubeh\u00f6r (Teleskopstange, Akku\/Netzteil) betrieben werden.","og_url":"https:\/\/thebiopool.com\/de\/product\/brush-head-bisam-2-brush-with-yellow-roller-brush\/","og_site_name":"Natur Pools und Schwimmteiche","article_publisher":"https:\/\/www.facebook.com\/Naturaleza-y-Arte-Stefan-Meier-162702410430553\/","article_modified_time":"2026-01-27T09:28:10+00:00","og_image":[{"width":799,"height":1024,"url":"https:\/\/thebiopool.com\/wp-content\/uploads\/Biber-22-Burstenkopf.jpg","type":"image\/jpeg"}],"twitter_card":"summary_large_image","twitter_misc":{"Gesch\u00e4tzte Lesezeit":"1\u00a0Minute"},"schema":{"@context":"https:\/\/schema.org","@graph":[{"@type":"WebPage","@id":"https:\/\/thebiopool.com\/de\/product\/brush-head-bisam-2-brush-with-yellow-roller-brush\/","url":"https:\/\/thebiopool.com\/de\/product\/brush-head-bisam-2-brush-with-yellow-roller-brush\/","name":"B\u00fcrstenkopf BISAM 22 B\u00dcRSTE mit gelber Walzenb\u00fcrste - Natur Pools und Schwimmteiche","isPartOf":{"@id":"https:\/\/thebiopool.com\/de\/#website"},"primaryImageOfPage":{"@id":"https:\/\/thebiopool.com\/de\/product\/brush-head-bisam-2-brush-with-yellow-roller-brush\/#primaryimage"},"image":{"@id":"https:\/\/thebiopool.com\/product\/brush-head-bisam-2-brush-with-yellow-roller-brush\/#primaryimage"},"thumbnailUrl":"https:\/\/thebiopool.com\/wp-content\/uploads\/Biber-22-Burstenkopf.jpg","datePublished":"2024-10-31T16:54:31+00:00","dateModified":"2026-01-27T09:28:10+00:00","breadcrumb":{"@id":"https:\/\/thebiopool.com\/de\/product\/brush-head-bisam-2-brush-with-yellow-roller-brush\/#breadcrumb"},"inLanguage":"de","potentialAction":[{"@type":"ReadAction","target":[["https:\/\/thebiopool.com\/de\/product\/brush-head-bisam-2-brush-with-yellow-roller-brush\/"]]}]},{"@type":"ImageObject","inLanguage":"de","@id":"https:\/\/thebiopool.com\/de\/product\/brush-head-bisam-2-brush-with-yellow-roller-brush\/#primaryimage","url":"https:\/\/thebiopool.com\/wp-content\/uploads\/Biber-22-Burstenkopf.jpg","contentUrl":"https:\/\/thebiopool.com\/wp-content\/uploads\/Biber-22-Burstenkopf.jpg","width":799,"height":1024},{"@type":"BreadcrumbList","@id":"https:\/\/thebiopool.com\/de\/product\/brush-head-bisam-2-brush-with-yellow-roller-brush\/#breadcrumb","itemListElement":[{"@type":"ListItem","position":1,"name":"Home","item":"https:\/\/thebiopool.com\/de\/"},{"@type":"ListItem","position":2,"name":"Shop","item":"https:\/\/thebiopool.com\/de\/shop\/"},{"@type":"ListItem","position":3,"name":"Brush head BISAM 22 BRUSH with yellow roller brush"}]},{"@type":"WebSite","@id":"https:\/\/thebiopool.com\/de\/#website","url":"https:\/\/thebiopool.com\/de\/","name":"TheBiopool","description":"wir planen und bauen Ihren perfecten Schwimmteich und Natur Pool","publisher":{"@id":"https:\/\/thebiopool.com\/de\/#organization"},"potentialAction":[{"@type":"SearchAction","target":{"@type":"EntryPoint","urlTemplate":"https:\/\/thebiopool.com\/de\/?s={search_term_string}"},"query-input":{"@type":"PropertyValueSpecification","valueRequired":true,"valueName":"search_term_string"}}],"inLanguage":"de"},{"@type":"Organization","@id":"https:\/\/thebiopool.com\/de\/#organization","name":"TheBiopool","url":"https:\/\/thebiopool.com\/de\/","logo":{"@type":"ImageObject","inLanguage":"de","@id":"https:\/\/thebiopool.com\/de\/#\/schema\/logo\/image\/","url":"https:\/\/thebiopool.com\/wp-content\/uploads\/logo-schatten-website-klein.png","contentUrl":"https:\/\/thebiopool.com\/wp-content\/uploads\/logo-schatten-website-klein.png","width":220,"height":64,"caption":"TheBiopool"},"image":{"@id":"https:\/\/thebiopool.com\/de\/#\/schema\/logo\/image\/"},"sameAs":["https:\/\/www.facebook.com\/Naturaleza-y-Arte-Stefan-Meier-162702410430553\/","https:\/\/www.instagram.com\/thebiopool\/"]}]}},"_links":{"self":[{"href":"https:\/\/thebiopool.com\/de\/wp-json\/wp\/v2\/product\/18486","targetHints":{"allow":["GET"]}}],"collection":[{"href":"https:\/\/thebiopool.com\/de\/wp-json\/wp\/v2\/product"}],"about":[{"href":"https:\/\/thebiopool.com\/de\/wp-json\/wp\/v2\/types\/product"}],"replies":[{"embeddable":true,"href":"https:\/\/thebiopool.com\/de\/wp-json\/wp\/v2\/comments?post=18486"}],"wp:featuredmedia":[{"embeddable":true,"href":"https:\/\/thebiopool.com\/de\/wp-json\/wp\/v2\/media\/18487"}],"wp:attachment":[{"href":"https:\/\/thebiopool.com\/de\/wp-json\/wp\/v2\/media?parent=18486"}],"wp:term":[{"taxonomy":"product_brand","embeddable":true,"href":"https:\/\/thebiopool.com\/de\/wp-json\/wp\/v2\/product_brand?post=18486"},{"taxonomy":"product_cat","embeddable":true,"href":"https:\/\/thebiopool.com\/de\/wp-json\/wp\/v2\/product_cat?post=18486"},{"taxonomy":"product_tag","embeddable":true,"href":"https:\/\/thebiopool.com\/de\/wp-json\/wp\/v2\/product_tag?post=18486"}],"curies":[{"name":"wp","href":"https:\/\/api.w.org\/{rel}","templated":true}]}}