{"id":18488,"date":"2024-10-31T18:06:41","date_gmt":"2024-10-31T17:06:41","guid":{"rendered":"https:\/\/thebiopool.com\/?post_type=product&#038;p=18488"},"modified":"2026-01-27T10:12:32","modified_gmt":"2026-01-27T09:12:32","slug":"equipment-brush-biber-22-2","status":"publish","type":"product","link":"https:\/\/thebiopool.com\/de\/product\/equipment-brush-biber-22-2\/","title":{"rendered":"Clear-Drum"},"content":{"rendered":"<p>Clear-Drum Walzenb\u00fcrste f\u00fcr das Wechselsystem der BISAM 44 BRUSH.<\/p>\n<p>Bessere Reinigungswirkung als Walzenb\u00fcrsten mit Borsten. Entfernt auch hartn\u00e4ckigen Schmutz von Folien. Flexibel einsetzbar zur Reinigung von Fugen, Ritzen und Folienb\u00f6den.<\/p>\n<p>Bitte beachten Sie, dass beim Einsatz der Clear-Drum immer Kontakt mit Wasser besteht, um die zu reinigende Oberfl\u00e4che zu sch\u00fctzen.<\/p>","protected":false},"excerpt":{"rendered":"<p><span class=\"tax-details\">Inkl. 21% MwSt.<span class=\"tax-separator\">, <\/span><span class=\"shipping-cost-details\">zzgl. <a href=\"https:\/\/thebiopool.com\/deutsch-versandkosten\/\">Versandkosten<\/a><\/span><\/span><\/p>\n<p>Wechselb\u00fcrstenaufsatz f\u00fcr die BISAM 44 B\u00dcRSTE<\/p>\n","protected":false},"featured_media":18494,"comment_status":"open","ping_status":"closed","template":"","meta":[],"product_brand":[],"product_cat":[218,214],"product_tag":[],"class_list":{"0":"post-18488","1":"product","2":"type-product","3":"status-publish","4":"has-post-thumbnail","6":"product_cat-electricbrush","7":"product_cat-dusen-bursten","8":"product_shipping_class-dhl-bis-5-kg","10":"first","11":"instock","12":"taxable","13":"shipping-taxable","14":"purchasable","15":"product-type-variable"},"yoast_head":"<!-- This site is optimized with the Yoast SEO plugin v27.4 - https:\/\/yoast.com\/product\/yoast-seo-wordpress\/ -->\n<title>Clear-Drum - Natur Pools und Schwimmteiche<\/title>\n<meta name=\"robots\" content=\"index, follow, max-snippet:-1, max-image-preview:large, max-video-preview:-1\" \/>\n<link rel=\"canonical\" href=\"https:\/\/thebiopool.com\/de\/product\/equipment-brush-biber-22-2\/\" \/>\n<meta property=\"og:locale\" content=\"de_DE\" \/>\n<meta property=\"og:type\" content=\"article\" \/>\n<meta property=\"og:title\" content=\"Clear-Drum - Natur Pools und Schwimmteiche\" \/>\n<meta property=\"og:description\" content=\"Inkl. 21% MwSt., zzgl. Versandkosten  Wechselb\u00fcrstenaufsatz f\u00fcr die BISAM 44 B\u00dcRSTE\" \/>\n<meta property=\"og:url\" content=\"https:\/\/thebiopool.com\/de\/product\/equipment-brush-biber-22-2\/\" \/>\n<meta property=\"og:site_name\" content=\"Natur Pools und Schwimmteiche\" \/>\n<meta property=\"article:publisher\" content=\"https:\/\/www.facebook.com\/Naturaleza-y-Arte-Stefan-Meier-162702410430553\/\" \/>\n<meta property=\"article:modified_time\" content=\"2026-01-27T09:12:32+00:00\" \/>\n<meta property=\"og:image\" content=\"https:\/\/thebiopool.com\/wp-content\/uploads\/BISAM-Wechselburstenaufsatz.png\" \/>\n\t<meta property=\"og:image:width\" content=\"1024\" \/>\n\t<meta property=\"og:image:height\" content=\"659\" \/>\n\t<meta property=\"og:image:type\" content=\"image\/png\" \/>\n<meta name=\"twitter:card\" content=\"summary_large_image\" \/>\n<meta name=\"twitter:label1\" content=\"Gesch\u00e4tzte Lesezeit\" \/>\n\t<meta name=\"twitter:data1\" content=\"1\u00a0Minute\" \/>\n<script type=\"application\/ld+json\" class=\"yoast-schema-graph\">{\"@context\":\"https:\\\/\\\/schema.org\",\"@graph\":[{\"@type\":\"WebPage\",\"@id\":\"https:\\\/\\\/thebiopool.com\\\/de\\\/product\\\/equipment-brush-biber-22-2\\\/\",\"url\":\"https:\\\/\\\/thebiopool.com\\\/de\\\/product\\\/equipment-brush-biber-22-2\\\/\",\"name\":\"Clear-Drum - Natur Pools und Schwimmteiche\",\"isPartOf\":{\"@id\":\"https:\\\/\\\/thebiopool.com\\\/de\\\/#website\"},\"primaryImageOfPage\":{\"@id\":\"https:\\\/\\\/thebiopool.com\\\/de\\\/product\\\/equipment-brush-biber-22-2\\\/#primaryimage\"},\"image\":{\"@id\":\"https:\\\/\\\/thebiopool.com\\\/product\\\/equipment-brush-biber-22-2\\\/#primaryimage\"},\"thumbnailUrl\":\"https:\\\/\\\/thebiopool.com\\\/wp-content\\\/uploads\\\/BISAM-Wechselburstenaufsatz.png\",\"datePublished\":\"2024-10-31T17:06:41+00:00\",\"dateModified\":\"2026-01-27T09:12:32+00:00\",\"breadcrumb\":{\"@id\":\"https:\\\/\\\/thebiopool.com\\\/de\\\/product\\\/equipment-brush-biber-22-2\\\/#breadcrumb\"},\"inLanguage\":\"de\",\"potentialAction\":[{\"@type\":\"ReadAction\",\"target\":[[\"https:\\\/\\\/thebiopool.com\\\/de\\\/product\\\/equipment-brush-biber-22-2\\\/\"]]}]},{\"@type\":\"ImageObject\",\"inLanguage\":\"de\",\"@id\":\"https:\\\/\\\/thebiopool.com\\\/de\\\/product\\\/equipment-brush-biber-22-2\\\/#primaryimage\",\"url\":\"https:\\\/\\\/thebiopool.com\\\/wp-content\\\/uploads\\\/BISAM-Wechselburstenaufsatz.png\",\"contentUrl\":\"https:\\\/\\\/thebiopool.com\\\/wp-content\\\/uploads\\\/BISAM-Wechselburstenaufsatz.png\",\"width\":1024,\"height\":659},{\"@type\":\"BreadcrumbList\",\"@id\":\"https:\\\/\\\/thebiopool.com\\\/de\\\/product\\\/equipment-brush-biber-22-2\\\/#breadcrumb\",\"itemListElement\":[{\"@type\":\"ListItem\",\"position\":1,\"name\":\"Home\",\"item\":\"https:\\\/\\\/thebiopool.com\\\/de\\\/\"},{\"@type\":\"ListItem\",\"position\":2,\"name\":\"Shop\",\"item\":\"https:\\\/\\\/thebiopool.com\\\/de\\\/shop\\\/\"},{\"@type\":\"ListItem\",\"position\":3,\"name\":\"Clear-Drum\"}]},{\"@type\":\"WebSite\",\"@id\":\"https:\\\/\\\/thebiopool.com\\\/de\\\/#website\",\"url\":\"https:\\\/\\\/thebiopool.com\\\/de\\\/\",\"name\":\"TheBiopool\",\"description\":\"wir planen und bauen Ihren perfecten Schwimmteich und Natur Pool\",\"publisher\":{\"@id\":\"https:\\\/\\\/thebiopool.com\\\/de\\\/#organization\"},\"potentialAction\":[{\"@type\":\"SearchAction\",\"target\":{\"@type\":\"EntryPoint\",\"urlTemplate\":\"https:\\\/\\\/thebiopool.com\\\/de\\\/?s={search_term_string}\"},\"query-input\":{\"@type\":\"PropertyValueSpecification\",\"valueRequired\":true,\"valueName\":\"search_term_string\"}}],\"inLanguage\":\"de\"},{\"@type\":\"Organization\",\"@id\":\"https:\\\/\\\/thebiopool.com\\\/de\\\/#organization\",\"name\":\"TheBiopool\",\"url\":\"https:\\\/\\\/thebiopool.com\\\/de\\\/\",\"logo\":{\"@type\":\"ImageObject\",\"inLanguage\":\"de\",\"@id\":\"https:\\\/\\\/thebiopool.com\\\/de\\\/#\\\/schema\\\/logo\\\/image\\\/\",\"url\":\"https:\\\/\\\/thebiopool.com\\\/wp-content\\\/uploads\\\/logo-schatten-website-klein.png\",\"contentUrl\":\"https:\\\/\\\/thebiopool.com\\\/wp-content\\\/uploads\\\/logo-schatten-website-klein.png\",\"width\":220,\"height\":64,\"caption\":\"TheBiopool\"},\"image\":{\"@id\":\"https:\\\/\\\/thebiopool.com\\\/de\\\/#\\\/schema\\\/logo\\\/image\\\/\"},\"sameAs\":[\"https:\\\/\\\/www.facebook.com\\\/Naturaleza-y-Arte-Stefan-Meier-162702410430553\\\/\",\"https:\\\/\\\/www.instagram.com\\\/thebiopool\\\/\"]}]}<\/script>\n<!-- \/ Yoast SEO plugin. -->","yoast_head_json":{"title":"Clear-Drum - Natur Pools und Schwimmteiche","robots":{"index":"index","follow":"follow","max-snippet":"max-snippet:-1","max-image-preview":"max-image-preview:large","max-video-preview":"max-video-preview:-1"},"canonical":"https:\/\/thebiopool.com\/de\/product\/equipment-brush-biber-22-2\/","og_locale":"de_DE","og_type":"article","og_title":"Clear-Drum - Natur Pools und Schwimmteiche","og_description":"Inkl. 21% MwSt., zzgl. Versandkosten  Wechselb\u00fcrstenaufsatz f\u00fcr die BISAM 44 B\u00dcRSTE","og_url":"https:\/\/thebiopool.com\/de\/product\/equipment-brush-biber-22-2\/","og_site_name":"Natur Pools und Schwimmteiche","article_publisher":"https:\/\/www.facebook.com\/Naturaleza-y-Arte-Stefan-Meier-162702410430553\/","article_modified_time":"2026-01-27T09:12:32+00:00","og_image":[{"width":1024,"height":659,"url":"https:\/\/thebiopool.com\/wp-content\/uploads\/BISAM-Wechselburstenaufsatz.png","type":"image\/png"}],"twitter_card":"summary_large_image","twitter_misc":{"Gesch\u00e4tzte Lesezeit":"1\u00a0Minute"},"schema":{"@context":"https:\/\/schema.org","@graph":[{"@type":"WebPage","@id":"https:\/\/thebiopool.com\/de\/product\/equipment-brush-biber-22-2\/","url":"https:\/\/thebiopool.com\/de\/product\/equipment-brush-biber-22-2\/","name":"Clear-Drum - Natur Pools und Schwimmteiche","isPartOf":{"@id":"https:\/\/thebiopool.com\/de\/#website"},"primaryImageOfPage":{"@id":"https:\/\/thebiopool.com\/de\/product\/equipment-brush-biber-22-2\/#primaryimage"},"image":{"@id":"https:\/\/thebiopool.com\/product\/equipment-brush-biber-22-2\/#primaryimage"},"thumbnailUrl":"https:\/\/thebiopool.com\/wp-content\/uploads\/BISAM-Wechselburstenaufsatz.png","datePublished":"2024-10-31T17:06:41+00:00","dateModified":"2026-01-27T09:12:32+00:00","breadcrumb":{"@id":"https:\/\/thebiopool.com\/de\/product\/equipment-brush-biber-22-2\/#breadcrumb"},"inLanguage":"de","potentialAction":[{"@type":"ReadAction","target":[["https:\/\/thebiopool.com\/de\/product\/equipment-brush-biber-22-2\/"]]}]},{"@type":"ImageObject","inLanguage":"de","@id":"https:\/\/thebiopool.com\/de\/product\/equipment-brush-biber-22-2\/#primaryimage","url":"https:\/\/thebiopool.com\/wp-content\/uploads\/BISAM-Wechselburstenaufsatz.png","contentUrl":"https:\/\/thebiopool.com\/wp-content\/uploads\/BISAM-Wechselburstenaufsatz.png","width":1024,"height":659},{"@type":"BreadcrumbList","@id":"https:\/\/thebiopool.com\/de\/product\/equipment-brush-biber-22-2\/#breadcrumb","itemListElement":[{"@type":"ListItem","position":1,"name":"Home","item":"https:\/\/thebiopool.com\/de\/"},{"@type":"ListItem","position":2,"name":"Shop","item":"https:\/\/thebiopool.com\/de\/shop\/"},{"@type":"ListItem","position":3,"name":"Clear-Drum"}]},{"@type":"WebSite","@id":"https:\/\/thebiopool.com\/de\/#website","url":"https:\/\/thebiopool.com\/de\/","name":"TheBiopool","description":"wir planen und bauen Ihren perfecten Schwimmteich und Natur Pool","publisher":{"@id":"https:\/\/thebiopool.com\/de\/#organization"},"potentialAction":[{"@type":"SearchAction","target":{"@type":"EntryPoint","urlTemplate":"https:\/\/thebiopool.com\/de\/?s={search_term_string}"},"query-input":{"@type":"PropertyValueSpecification","valueRequired":true,"valueName":"search_term_string"}}],"inLanguage":"de"},{"@type":"Organization","@id":"https:\/\/thebiopool.com\/de\/#organization","name":"TheBiopool","url":"https:\/\/thebiopool.com\/de\/","logo":{"@type":"ImageObject","inLanguage":"de","@id":"https:\/\/thebiopool.com\/de\/#\/schema\/logo\/image\/","url":"https:\/\/thebiopool.com\/wp-content\/uploads\/logo-schatten-website-klein.png","contentUrl":"https:\/\/thebiopool.com\/wp-content\/uploads\/logo-schatten-website-klein.png","width":220,"height":64,"caption":"TheBiopool"},"image":{"@id":"https:\/\/thebiopool.com\/de\/#\/schema\/logo\/image\/"},"sameAs":["https:\/\/www.facebook.com\/Naturaleza-y-Arte-Stefan-Meier-162702410430553\/","https:\/\/www.instagram.com\/thebiopool\/"]}]}},"_links":{"self":[{"href":"https:\/\/thebiopool.com\/de\/wp-json\/wp\/v2\/product\/18488","targetHints":{"allow":["GET"]}}],"collection":[{"href":"https:\/\/thebiopool.com\/de\/wp-json\/wp\/v2\/product"}],"about":[{"href":"https:\/\/thebiopool.com\/de\/wp-json\/wp\/v2\/types\/product"}],"replies":[{"embeddable":true,"href":"https:\/\/thebiopool.com\/de\/wp-json\/wp\/v2\/comments?post=18488"}],"wp:featuredmedia":[{"embeddable":true,"href":"https:\/\/thebiopool.com\/de\/wp-json\/wp\/v2\/media\/18494"}],"wp:attachment":[{"href":"https:\/\/thebiopool.com\/de\/wp-json\/wp\/v2\/media?parent=18488"}],"wp:term":[{"taxonomy":"product_brand","embeddable":true,"href":"https:\/\/thebiopool.com\/de\/wp-json\/wp\/v2\/product_brand?post=18488"},{"taxonomy":"product_cat","embeddable":true,"href":"https:\/\/thebiopool.com\/de\/wp-json\/wp\/v2\/product_cat?post=18488"},{"taxonomy":"product_tag","embeddable":true,"href":"https:\/\/thebiopool.com\/de\/wp-json\/wp\/v2\/product_tag?post=18488"}],"curies":[{"name":"wp","href":"https:\/\/api.w.org\/{rel}","templated":true}]}}