{"id":18503,"date":"2024-11-12T08:53:22","date_gmt":"2024-11-12T07:53:22","guid":{"rendered":"https:\/\/thebiopool.com\/?post_type=product&#038;p=18503"},"modified":"2026-01-27T09:52:36","modified_gmt":"2026-01-27T08:52:36","slug":"pond-suction-cleaner-fango-2000-with-accessories","status":"publish","type":"product","link":"https:\/\/thebiopool.com\/de\/product\/pond-suction-cleaner-fango-2000-with-accessories\/","title":{"rendered":"Teichschlammsauger FANGO 2000 mit Zubeh\u00f6r"},"content":{"rendered":"<p><\/p>\n<div class=\"content--title\">Produktinformationen &#8222;Teichschlammsauger FANGO 2000 mit Zubeh\u00f6r&#8220;<\/div>\n<div class=\"product--description\">\n<div>\n<h3>Teichschlammsauger FANGO 2000 mit Zubeh\u00f6r<\/h3>\n<p>Teichschlammsauger FANGO 2000 mit Profizubeh\u00f6r<\/p>\n<p>inkl. Saugschlauch 10 m; Ablaufschlauch 10 m; Teleskopstange 1,2 &#8211; 3,6 m, ausziehbar, 3-teilig; Dreieckbodenabsaugb\u00fcrste, \u00f8 38 mm; Saugd\u00fcse rund, \u00f8 38 mm<\/p>\n<p>Technische Daten:<\/p>\n<p>\u00b7 Absaugleistung: 8.000 l\/h<\/p>\n<p>\u00b7 Saugturbine: 1.200 Watt<\/p>\n<p>\u00b7 Schmutzwasserpumpe: 900 Watt<\/p>\n<p>\u00b7 Gewicht: 18 kg ohne Zubeh\u00f6r; 33 kg mit Zubeh\u00f6r<\/p>\n<p>\u00b7 Saugschlauch &amp; Ablaufschlauch: je 10 m \/ \u00f8 38 mm<\/p>\n<p>\u00b7 Abmessungen: 52 x 55 x 83 cm (BxTxH),<\/p>\n<p>Versand erfolgt mit zwei Paketen:<\/p>\n<p>Paket 1:\u00a0\u00a0Teichsauger mit Schl\u00e4uche 30 kg<\/p>\n<p>Paket 2:\u00a0\u00a0Zubeh\u00f6r: 3 kg<\/p>\n<p>!!! Bitte um Beachtung der Sicherheitshinweise !!!<\/p>\n<\/div>\n<\/div>\n<p><\/p>","protected":false},"excerpt":{"rendered":"<p>FANGO 2000 \u2013 Das Original!<\/p>\n<p>Der FANGO 2000 ist unumstritten der Klassiker unter den Teichschlammsaugern!<br \/>\nIn Relation zu seinem geringen Gewicht und den platzsparenden Abma\u00dfen verf\u00fcgt der Teichschlammsauger FANGO 2000 \u00fcber eine hohe Saugkraft, dank der er Sedimente aus bis zu 2,5 m Tiefe absaugt. Der rei\u00dffeste und leicht zu entleerende Netzbeutel, der im Inneren des Tanks eingebaut ist, separiert gr\u00f6bere Anteile wie z.\u2009B. Bl\u00e4tter und kleine Steine bevor diese in die Pumpeinheit gelangen k\u00f6nnen.<br \/>\nKompakte Abma\u00dfe, ein g\u00fcnstiger Anschaffungspreis sowie ein gro\u00dfes Zubeh\u00f6rangebot mit vielseitigen Anwendungsm\u00f6glichkeiten \u00fcberzeugen vor allem den privaten Anwender.<\/p>\n<p>Vorteile des FANGO 2000 Teichschlammsaugers:<br \/>\nSehr hohe Saugkraft in Relation zur Ger\u00e4tegr\u00f6\u00dfe<br \/>\nGute Transportf\u00e4higkeit dank stabilem Fahrwerk<br \/>\nOptimal f\u00fcr private Anwender<br \/>\nAttraktiver Anschaffungspreis<\/p>\n<p>Im Preis enthalten:<br \/>\nFANGO 2000 Teichschlammsauger<br \/>\nSaugschlauch 10\u2009m<br \/>\nAblaufschlauch 10\u2009m<br \/>\nTeleskopstange 1,2\u2009m \u2013 3,6\u2009m<br \/>\nDreieckabsaugb\u00fcrste, \u00f8\u200938\u2009mm<br \/>\nSaugd\u00fcse, rund, \u00f8\u200938\u2009mm<\/p>\n","protected":false},"featured_media":18504,"comment_status":"closed","ping_status":"closed","template":"","meta":[],"product_brand":[],"product_cat":[218,204],"product_tag":[],"class_list":{"0":"post-18503","1":"product","2":"type-product","3":"status-publish","4":"has-post-thumbnail","6":"product_cat-electricbrush","7":"product_cat-teichschlammsauger","8":"product_shipping_class-fango-2000","10":"first","11":"instock","12":"taxable","13":"shipping-taxable","14":"purchasable","15":"product-type-simple"},"yoast_head":"<!-- This site is optimized with the Yoast SEO plugin v27.4 - https:\/\/yoast.com\/product\/yoast-seo-wordpress\/ -->\n<title>Teichschlammsauger FANGO 2000 mit Zubeh\u00f6r - Natur Pools und Schwimmteiche<\/title>\n<meta name=\"robots\" content=\"index, follow, max-snippet:-1, max-image-preview:large, max-video-preview:-1\" \/>\n<link rel=\"canonical\" href=\"https:\/\/thebiopool.com\/de\/product\/pond-suction-cleaner-fango-2000-with-accessories\/\" \/>\n<meta property=\"og:locale\" content=\"de_DE\" \/>\n<meta property=\"og:type\" content=\"article\" \/>\n<meta property=\"og:title\" content=\"Teichschlammsauger FANGO 2000 mit Zubeh\u00f6r - Natur Pools und Schwimmteiche\" \/>\n<meta property=\"og:description\" content=\"FANGO 2000 \u2013 Das Original!  Der FANGO 2000 ist unumstritten der Klassiker unter den Teichschlammsaugern! In Relation zu seinem geringen Gewicht und den platzsparenden Abma\u00dfen verf\u00fcgt der Teichschlammsauger FANGO 2000 \u00fcber eine hohe Saugkraft, dank der er Sedimente aus bis zu 2,5 m Tiefe absaugt. Der rei\u00dffeste und leicht zu entleerende Netzbeutel, der im Inneren des Tanks eingebaut ist, separiert gr\u00f6bere Anteile wie z.\u2009B. Bl\u00e4tter und kleine Steine bevor diese in die Pumpeinheit gelangen k\u00f6nnen. Kompakte Abma\u00dfe, ein g\u00fcnstiger Anschaffungspreis sowie ein gro\u00dfes Zubeh\u00f6rangebot mit vielseitigen Anwendungsm\u00f6glichkeiten \u00fcberzeugen vor allem den privaten Anwender.  Vorteile des FANGO 2000 Teichschlammsaugers: Sehr hohe Saugkraft in Relation zur Ger\u00e4tegr\u00f6\u00dfe Gute Transportf\u00e4higkeit dank stabilem Fahrwerk Optimal f\u00fcr private Anwender Attraktiver Anschaffungspreis  Im Preis enthalten: FANGO 2000 Teichschlammsauger Saugschlauch 10\u2009m Ablaufschlauch 10\u2009m Teleskopstange 1,2\u2009m \u2013 3,6\u2009m Dreieckabsaugb\u00fcrste, \u00f8\u200938\u2009mm Saugd\u00fcse, rund, \u00f8\u200938\u2009mm\" \/>\n<meta property=\"og:url\" content=\"https:\/\/thebiopool.com\/de\/product\/pond-suction-cleaner-fango-2000-with-accessories\/\" \/>\n<meta property=\"og:site_name\" content=\"Natur Pools und Schwimmteiche\" \/>\n<meta property=\"article:publisher\" content=\"https:\/\/www.facebook.com\/Naturaleza-y-Arte-Stefan-Meier-162702410430553\/\" \/>\n<meta property=\"article:modified_time\" content=\"2026-01-27T08:52:36+00:00\" \/>\n<meta property=\"og:image\" content=\"https:\/\/thebiopool.com\/wp-content\/uploads\/image_FAN2000_3.jpg\" \/>\n\t<meta property=\"og:image:width\" content=\"683\" \/>\n\t<meta property=\"og:image:height\" content=\"1024\" \/>\n\t<meta property=\"og:image:type\" content=\"image\/jpeg\" \/>\n<meta name=\"twitter:card\" content=\"summary_large_image\" \/>\n<meta name=\"twitter:label1\" content=\"Gesch\u00e4tzte Lesezeit\" \/>\n\t<meta name=\"twitter:data1\" content=\"1\u00a0Minute\" \/>\n<script type=\"application\/ld+json\" class=\"yoast-schema-graph\">{\"@context\":\"https:\\\/\\\/schema.org\",\"@graph\":[{\"@type\":\"WebPage\",\"@id\":\"https:\\\/\\\/thebiopool.com\\\/de\\\/product\\\/pond-suction-cleaner-fango-2000-with-accessories\\\/\",\"url\":\"https:\\\/\\\/thebiopool.com\\\/de\\\/product\\\/pond-suction-cleaner-fango-2000-with-accessories\\\/\",\"name\":\"Teichschlammsauger FANGO 2000 mit Zubeh\u00f6r - Natur Pools und Schwimmteiche\",\"isPartOf\":{\"@id\":\"https:\\\/\\\/thebiopool.com\\\/de\\\/#website\"},\"primaryImageOfPage\":{\"@id\":\"https:\\\/\\\/thebiopool.com\\\/de\\\/product\\\/pond-suction-cleaner-fango-2000-with-accessories\\\/#primaryimage\"},\"image\":{\"@id\":\"https:\\\/\\\/thebiopool.com\\\/product\\\/pond-suction-cleaner-fango-2000-with-accessories\\\/#primaryimage\"},\"thumbnailUrl\":\"https:\\\/\\\/thebiopool.com\\\/wp-content\\\/uploads\\\/image_FAN2000_3.jpg\",\"datePublished\":\"2024-11-12T07:53:22+00:00\",\"dateModified\":\"2026-01-27T08:52:36+00:00\",\"breadcrumb\":{\"@id\":\"https:\\\/\\\/thebiopool.com\\\/de\\\/product\\\/pond-suction-cleaner-fango-2000-with-accessories\\\/#breadcrumb\"},\"inLanguage\":\"de\",\"potentialAction\":[{\"@type\":\"ReadAction\",\"target\":[[\"https:\\\/\\\/thebiopool.com\\\/de\\\/product\\\/pond-suction-cleaner-fango-2000-with-accessories\\\/\"]]}]},{\"@type\":\"ImageObject\",\"inLanguage\":\"de\",\"@id\":\"https:\\\/\\\/thebiopool.com\\\/de\\\/product\\\/pond-suction-cleaner-fango-2000-with-accessories\\\/#primaryimage\",\"url\":\"https:\\\/\\\/thebiopool.com\\\/wp-content\\\/uploads\\\/image_FAN2000_3.jpg\",\"contentUrl\":\"https:\\\/\\\/thebiopool.com\\\/wp-content\\\/uploads\\\/image_FAN2000_3.jpg\",\"width\":683,\"height\":1024,\"caption\":\"Teichschlammsauger FANGO 2000 Ibiza\"},{\"@type\":\"BreadcrumbList\",\"@id\":\"https:\\\/\\\/thebiopool.com\\\/de\\\/product\\\/pond-suction-cleaner-fango-2000-with-accessories\\\/#breadcrumb\",\"itemListElement\":[{\"@type\":\"ListItem\",\"position\":1,\"name\":\"Home\",\"item\":\"https:\\\/\\\/thebiopool.com\\\/de\\\/\"},{\"@type\":\"ListItem\",\"position\":2,\"name\":\"Shop\",\"item\":\"https:\\\/\\\/thebiopool.com\\\/de\\\/shop\\\/\"},{\"@type\":\"ListItem\",\"position\":3,\"name\":\"Pond suction cleaner FANGO 2000 with accessories\"}]},{\"@type\":\"WebSite\",\"@id\":\"https:\\\/\\\/thebiopool.com\\\/de\\\/#website\",\"url\":\"https:\\\/\\\/thebiopool.com\\\/de\\\/\",\"name\":\"TheBiopool\",\"description\":\"wir planen und bauen Ihren perfecten Schwimmteich und Natur Pool\",\"publisher\":{\"@id\":\"https:\\\/\\\/thebiopool.com\\\/de\\\/#organization\"},\"potentialAction\":[{\"@type\":\"SearchAction\",\"target\":{\"@type\":\"EntryPoint\",\"urlTemplate\":\"https:\\\/\\\/thebiopool.com\\\/de\\\/?s={search_term_string}\"},\"query-input\":{\"@type\":\"PropertyValueSpecification\",\"valueRequired\":true,\"valueName\":\"search_term_string\"}}],\"inLanguage\":\"de\"},{\"@type\":\"Organization\",\"@id\":\"https:\\\/\\\/thebiopool.com\\\/de\\\/#organization\",\"name\":\"TheBiopool\",\"url\":\"https:\\\/\\\/thebiopool.com\\\/de\\\/\",\"logo\":{\"@type\":\"ImageObject\",\"inLanguage\":\"de\",\"@id\":\"https:\\\/\\\/thebiopool.com\\\/de\\\/#\\\/schema\\\/logo\\\/image\\\/\",\"url\":\"https:\\\/\\\/thebiopool.com\\\/wp-content\\\/uploads\\\/logo-schatten-website-klein.png\",\"contentUrl\":\"https:\\\/\\\/thebiopool.com\\\/wp-content\\\/uploads\\\/logo-schatten-website-klein.png\",\"width\":220,\"height\":64,\"caption\":\"TheBiopool\"},\"image\":{\"@id\":\"https:\\\/\\\/thebiopool.com\\\/de\\\/#\\\/schema\\\/logo\\\/image\\\/\"},\"sameAs\":[\"https:\\\/\\\/www.facebook.com\\\/Naturaleza-y-Arte-Stefan-Meier-162702410430553\\\/\",\"https:\\\/\\\/www.instagram.com\\\/thebiopool\\\/\"]}]}<\/script>\n<!-- \/ Yoast SEO plugin. -->","yoast_head_json":{"title":"Teichschlammsauger FANGO 2000 mit Zubeh\u00f6r - Natur Pools und Schwimmteiche","robots":{"index":"index","follow":"follow","max-snippet":"max-snippet:-1","max-image-preview":"max-image-preview:large","max-video-preview":"max-video-preview:-1"},"canonical":"https:\/\/thebiopool.com\/de\/product\/pond-suction-cleaner-fango-2000-with-accessories\/","og_locale":"de_DE","og_type":"article","og_title":"Teichschlammsauger FANGO 2000 mit Zubeh\u00f6r - Natur Pools und Schwimmteiche","og_description":"FANGO 2000 \u2013 Das Original!  Der FANGO 2000 ist unumstritten der Klassiker unter den Teichschlammsaugern! In Relation zu seinem geringen Gewicht und den platzsparenden Abma\u00dfen verf\u00fcgt der Teichschlammsauger FANGO 2000 \u00fcber eine hohe Saugkraft, dank der er Sedimente aus bis zu 2,5 m Tiefe absaugt. Der rei\u00dffeste und leicht zu entleerende Netzbeutel, der im Inneren des Tanks eingebaut ist, separiert gr\u00f6bere Anteile wie z.\u2009B. Bl\u00e4tter und kleine Steine bevor diese in die Pumpeinheit gelangen k\u00f6nnen. Kompakte Abma\u00dfe, ein g\u00fcnstiger Anschaffungspreis sowie ein gro\u00dfes Zubeh\u00f6rangebot mit vielseitigen Anwendungsm\u00f6glichkeiten \u00fcberzeugen vor allem den privaten Anwender.  Vorteile des FANGO 2000 Teichschlammsaugers: Sehr hohe Saugkraft in Relation zur Ger\u00e4tegr\u00f6\u00dfe Gute Transportf\u00e4higkeit dank stabilem Fahrwerk Optimal f\u00fcr private Anwender Attraktiver Anschaffungspreis  Im Preis enthalten: FANGO 2000 Teichschlammsauger Saugschlauch 10\u2009m Ablaufschlauch 10\u2009m Teleskopstange 1,2\u2009m \u2013 3,6\u2009m Dreieckabsaugb\u00fcrste, \u00f8\u200938\u2009mm Saugd\u00fcse, rund, \u00f8\u200938\u2009mm","og_url":"https:\/\/thebiopool.com\/de\/product\/pond-suction-cleaner-fango-2000-with-accessories\/","og_site_name":"Natur Pools und Schwimmteiche","article_publisher":"https:\/\/www.facebook.com\/Naturaleza-y-Arte-Stefan-Meier-162702410430553\/","article_modified_time":"2026-01-27T08:52:36+00:00","og_image":[{"width":683,"height":1024,"url":"https:\/\/thebiopool.com\/wp-content\/uploads\/image_FAN2000_3.jpg","type":"image\/jpeg"}],"twitter_card":"summary_large_image","twitter_misc":{"Gesch\u00e4tzte Lesezeit":"1\u00a0Minute"},"schema":{"@context":"https:\/\/schema.org","@graph":[{"@type":"WebPage","@id":"https:\/\/thebiopool.com\/de\/product\/pond-suction-cleaner-fango-2000-with-accessories\/","url":"https:\/\/thebiopool.com\/de\/product\/pond-suction-cleaner-fango-2000-with-accessories\/","name":"Teichschlammsauger FANGO 2000 mit Zubeh\u00f6r - Natur Pools und Schwimmteiche","isPartOf":{"@id":"https:\/\/thebiopool.com\/de\/#website"},"primaryImageOfPage":{"@id":"https:\/\/thebiopool.com\/de\/product\/pond-suction-cleaner-fango-2000-with-accessories\/#primaryimage"},"image":{"@id":"https:\/\/thebiopool.com\/product\/pond-suction-cleaner-fango-2000-with-accessories\/#primaryimage"},"thumbnailUrl":"https:\/\/thebiopool.com\/wp-content\/uploads\/image_FAN2000_3.jpg","datePublished":"2024-11-12T07:53:22+00:00","dateModified":"2026-01-27T08:52:36+00:00","breadcrumb":{"@id":"https:\/\/thebiopool.com\/de\/product\/pond-suction-cleaner-fango-2000-with-accessories\/#breadcrumb"},"inLanguage":"de","potentialAction":[{"@type":"ReadAction","target":[["https:\/\/thebiopool.com\/de\/product\/pond-suction-cleaner-fango-2000-with-accessories\/"]]}]},{"@type":"ImageObject","inLanguage":"de","@id":"https:\/\/thebiopool.com\/de\/product\/pond-suction-cleaner-fango-2000-with-accessories\/#primaryimage","url":"https:\/\/thebiopool.com\/wp-content\/uploads\/image_FAN2000_3.jpg","contentUrl":"https:\/\/thebiopool.com\/wp-content\/uploads\/image_FAN2000_3.jpg","width":683,"height":1024,"caption":"Teichschlammsauger FANGO 2000 Ibiza"},{"@type":"BreadcrumbList","@id":"https:\/\/thebiopool.com\/de\/product\/pond-suction-cleaner-fango-2000-with-accessories\/#breadcrumb","itemListElement":[{"@type":"ListItem","position":1,"name":"Home","item":"https:\/\/thebiopool.com\/de\/"},{"@type":"ListItem","position":2,"name":"Shop","item":"https:\/\/thebiopool.com\/de\/shop\/"},{"@type":"ListItem","position":3,"name":"Pond suction cleaner FANGO 2000 with accessories"}]},{"@type":"WebSite","@id":"https:\/\/thebiopool.com\/de\/#website","url":"https:\/\/thebiopool.com\/de\/","name":"TheBiopool","description":"wir planen und bauen Ihren perfecten Schwimmteich und Natur Pool","publisher":{"@id":"https:\/\/thebiopool.com\/de\/#organization"},"potentialAction":[{"@type":"SearchAction","target":{"@type":"EntryPoint","urlTemplate":"https:\/\/thebiopool.com\/de\/?s={search_term_string}"},"query-input":{"@type":"PropertyValueSpecification","valueRequired":true,"valueName":"search_term_string"}}],"inLanguage":"de"},{"@type":"Organization","@id":"https:\/\/thebiopool.com\/de\/#organization","name":"TheBiopool","url":"https:\/\/thebiopool.com\/de\/","logo":{"@type":"ImageObject","inLanguage":"de","@id":"https:\/\/thebiopool.com\/de\/#\/schema\/logo\/image\/","url":"https:\/\/thebiopool.com\/wp-content\/uploads\/logo-schatten-website-klein.png","contentUrl":"https:\/\/thebiopool.com\/wp-content\/uploads\/logo-schatten-website-klein.png","width":220,"height":64,"caption":"TheBiopool"},"image":{"@id":"https:\/\/thebiopool.com\/de\/#\/schema\/logo\/image\/"},"sameAs":["https:\/\/www.facebook.com\/Naturaleza-y-Arte-Stefan-Meier-162702410430553\/","https:\/\/www.instagram.com\/thebiopool\/"]}]}},"_links":{"self":[{"href":"https:\/\/thebiopool.com\/de\/wp-json\/wp\/v2\/product\/18503","targetHints":{"allow":["GET"]}}],"collection":[{"href":"https:\/\/thebiopool.com\/de\/wp-json\/wp\/v2\/product"}],"about":[{"href":"https:\/\/thebiopool.com\/de\/wp-json\/wp\/v2\/types\/product"}],"replies":[{"embeddable":true,"href":"https:\/\/thebiopool.com\/de\/wp-json\/wp\/v2\/comments?post=18503"}],"wp:featuredmedia":[{"embeddable":true,"href":"https:\/\/thebiopool.com\/de\/wp-json\/wp\/v2\/media\/18504"}],"wp:attachment":[{"href":"https:\/\/thebiopool.com\/de\/wp-json\/wp\/v2\/media?parent=18503"}],"wp:term":[{"taxonomy":"product_brand","embeddable":true,"href":"https:\/\/thebiopool.com\/de\/wp-json\/wp\/v2\/product_brand?post=18503"},{"taxonomy":"product_cat","embeddable":true,"href":"https:\/\/thebiopool.com\/de\/wp-json\/wp\/v2\/product_cat?post=18503"},{"taxonomy":"product_tag","embeddable":true,"href":"https:\/\/thebiopool.com\/de\/wp-json\/wp\/v2\/product_tag?post=18503"}],"curies":[{"name":"wp","href":"https:\/\/api.w.org\/{rel}","templated":true}]}}