{"id":18509,"date":"2024-11-12T09:12:11","date_gmt":"2024-11-12T08:12:11","guid":{"rendered":"https:\/\/thebiopool.com\/?post_type=product&#038;p=18509"},"modified":"2026-01-21T17:03:45","modified_gmt":"2026-01-21T16:03:45","slug":"torpedo-pond-suction-cleaner-with-accessoires","status":"publish","type":"product","link":"https:\/\/thebiopool.com\/de\/product\/torpedo-pond-suction-cleaner-with-accessoires\/","title":{"rendered":"Teichschlammsauger TORPEDO mit Zubeh\u00f6r"},"content":{"rendered":"<p>Produktinformationen &#8222;Teichschlammsauger TORPEDO mit Zubeh\u00f6r&#8220;<br \/>\nTeichschlammsauger TORPEDO mit Zubeh\u00f6r<\/p>\n<p>Teichschlammsauger TORPEDO mit Profizubeh\u00f6r<\/p>\n<p>Inkl. Saugschlauch 12 m; Ablaufschlauch 12 m; Teleskopstange 2,4 &#8211; 4,8 m, ausziehbar, 2-teilig; Dreieckbodenabsaugb\u00fcrste, \u00f8 50 mm; Gelenkbodenreiniger Skelleton, \u00f8 50 mm; Saugd\u00fcse rund, \u00f8 50 mm<\/p>\n<p>Technische Daten:<\/p>\n<p>\u00b7 Absaugleistung Turbine: bis zu 15.000 l\/h, einstellbar mittels mechanischer Saugkraftregulierung<\/p>\n<p>\u00b7 Saugturbine: 1.200 Watt<\/p>\n<p>\u00b7 Schmutzwasserpumpe: 1.000 Watt<\/p>\n<p>\u00b7 Gewicht: 30 kg ohne Zubeh\u00f6r; 50,8 kg mit Zubeh\u00f6r<\/p>\n<p>\u00b7 Saugschlauch &amp; Ablaufschlauch: je 12 m \/ \u00f8 50 mm<\/p>\n<p>\u00b7 Abmessungen: 48 x 62 x 96 cm (BxTxH)<\/p>\n<p>!!! Bitte um Beachtung der Sicherheitshinweise !!!<\/p>","protected":false},"excerpt":{"rendered":"<p>TORPEDO \u2013 Der Allrounder!<\/p>\n<p>Preise zuz\u00fcglich Versand, Kosten werden im Warenkorb angezeigt<\/p>\n<p>Der Teichschlammsauger TORPEDO bietet Ihnen alle M\u00f6glichkeiten bei der Teichreinigung.<br \/>\nLeistungsstarke Aggregate bewegen bei sehr geringer Ger\u00e4uschentwicklung das Wasser \u00fcber \u00f8 50\u2009mm Schl\u00e4uche aus dem Teich an den gew\u00fcnschten Abflussort.<br \/>\nDie kompakte Bauart und das stabile Fahrwerk machen das Bewegen auch \u00fcber Gel\u00e4nde einfach. Mit der stufenlos regulierbaren Saugleistung kann f\u00fcr alle Schwimm- oder Koiteiche privater Baugr\u00f6\u00dfe die richtige Einstellung gew\u00e4hlt werden.<br \/>\nDer TORPEDO \u00fcberzeugt Teichbesitzer sowie Profianwender schon seit Jahren. Als praktische Erg\u00e4nzung empfehlen wir den optionalen GFK-Vorabscheider.<\/p>\n<p>Vorteile des TORPEDO Teichschlammsaugers:<br \/>\nRobuste Bauweise<br \/>\nProblemloses Abpumpen \u00fcber H\u00f6hen und Distanzen<br \/>\nRegulierbare Saugleistung<br \/>\nKompatibel mit dem GFK Vorabscheider ULTRA<\/p>\n<p>Im Preis enthalten:<br \/>\nTORPEDO Teichschlammsauger<br \/>\nSaugschlauch 12\u2009m<br \/>\nAblaufschlauch 12\u2009m<br \/>\nTeleskopstange 2,4 \u2013 4,8\u2009m<br \/>\nDreieckabsaugb\u00fcrste, \u00f8\u200950\u2009mm<br \/>\nGelenkbodenreiniger Skelleton, \u00f8 50 mm<br \/>\nSaugd\u00fcse, rund, \u00f8\u200950\u2009mm<\/p>\n","protected":false},"featured_media":18513,"comment_status":"closed","ping_status":"closed","template":"","meta":[],"product_brand":[],"product_cat":[218,204],"product_tag":[],"class_list":{"0":"post-18509","1":"product","2":"type-product","3":"status-publish","4":"has-post-thumbnail","6":"product_cat-electricbrush","7":"product_cat-teichschlammsauger","8":"product_shipping_class-toepedo-und-ultra","10":"first","11":"instock","12":"taxable","13":"shipping-taxable","14":"purchasable","15":"product-type-variable"},"yoast_head":"<!-- This site is optimized with the Yoast SEO plugin v27.2 - https:\/\/yoast.com\/product\/yoast-seo-wordpress\/ -->\n<title>Teichschlammsauger TORPEDO mit Zubeh\u00f6r - Natur Pools und Schwimmteiche<\/title>\n<meta name=\"robots\" content=\"index, follow, max-snippet:-1, max-image-preview:large, max-video-preview:-1\" \/>\n<link rel=\"canonical\" href=\"https:\/\/thebiopool.com\/de\/product\/torpedo-pond-suction-cleaner-with-accessoires\/\" \/>\n<meta property=\"og:locale\" content=\"de_DE\" \/>\n<meta property=\"og:type\" content=\"article\" \/>\n<meta property=\"og:title\" content=\"Teichschlammsauger TORPEDO mit Zubeh\u00f6r - Natur Pools und Schwimmteiche\" \/>\n<meta property=\"og:description\" content=\"TORPEDO \u2013 Der Allrounder!  Preise zuz\u00fcglich Versand, Kosten werden im Warenkorb angezeigt  Der Teichschlammsauger TORPEDO bietet Ihnen alle M\u00f6glichkeiten bei der Teichreinigung. Leistungsstarke Aggregate bewegen bei sehr geringer Ger\u00e4uschentwicklung das Wasser \u00fcber \u00f8 50\u2009mm Schl\u00e4uche aus dem Teich an den gew\u00fcnschten Abflussort. Die kompakte Bauart und das stabile Fahrwerk machen das Bewegen auch \u00fcber Gel\u00e4nde einfach. Mit der stufenlos regulierbaren Saugleistung kann f\u00fcr alle Schwimm- oder Koiteiche privater Baugr\u00f6\u00dfe die richtige Einstellung gew\u00e4hlt werden. Der TORPEDO \u00fcberzeugt Teichbesitzer sowie Profianwender schon seit Jahren. Als praktische Erg\u00e4nzung empfehlen wir den optionalen GFK-Vorabscheider.  Vorteile des TORPEDO Teichschlammsaugers: Robuste Bauweise Problemloses Abpumpen \u00fcber H\u00f6hen und Distanzen Regulierbare Saugleistung Kompatibel mit dem GFK Vorabscheider ULTRA  Im Preis enthalten: TORPEDO Teichschlammsauger Saugschlauch 12\u2009m Ablaufschlauch 12\u2009m Teleskopstange 2,4 \u2013 4,8\u2009m Dreieckabsaugb\u00fcrste, \u00f8\u200950\u2009mm Gelenkbodenreiniger Skelleton, \u00f8 50 mm Saugd\u00fcse, rund, \u00f8\u200950\u2009mm\" \/>\n<meta property=\"og:url\" content=\"https:\/\/thebiopool.com\/de\/product\/torpedo-pond-suction-cleaner-with-accessoires\/\" \/>\n<meta property=\"og:site_name\" content=\"Natur Pools und Schwimmteiche\" \/>\n<meta property=\"article:publisher\" content=\"https:\/\/www.facebook.com\/Naturaleza-y-Arte-Stefan-Meier-162702410430553\/\" \/>\n<meta property=\"article:modified_time\" content=\"2026-01-21T16:03:45+00:00\" \/>\n<meta property=\"og:image\" content=\"https:\/\/thebiopool.com\/wp-content\/uploads\/image_TOR1000_3.jpg\" \/>\n\t<meta property=\"og:image:width\" content=\"683\" \/>\n\t<meta property=\"og:image:height\" content=\"1024\" \/>\n\t<meta property=\"og:image:type\" content=\"image\/jpeg\" \/>\n<meta name=\"twitter:card\" content=\"summary_large_image\" \/>\n<meta name=\"twitter:label1\" content=\"Gesch\u00e4tzte Lesezeit\" \/>\n\t<meta name=\"twitter:data1\" content=\"1\u00a0Minute\" \/>\n<script type=\"application\/ld+json\" class=\"yoast-schema-graph\">{\"@context\":\"https:\/\/schema.org\",\"@graph\":[{\"@type\":\"WebPage\",\"@id\":\"https:\/\/thebiopool.com\/de\/product\/torpedo-pond-suction-cleaner-with-accessoires\/\",\"url\":\"https:\/\/thebiopool.com\/de\/product\/torpedo-pond-suction-cleaner-with-accessoires\/\",\"name\":\"Teichschlammsauger TORPEDO mit Zubeh\u00f6r - Natur Pools und Schwimmteiche\",\"isPartOf\":{\"@id\":\"https:\/\/thebiopool.com\/de\/#website\"},\"primaryImageOfPage\":{\"@id\":\"https:\/\/thebiopool.com\/de\/product\/torpedo-pond-suction-cleaner-with-accessoires\/#primaryimage\"},\"image\":{\"@id\":\"https:\/\/thebiopool.com\/product\/torpedo-pond-suction-cleaner-with-accessoires\/#primaryimage\"},\"thumbnailUrl\":\"https:\/\/thebiopool.com\/wp-content\/uploads\/image_TOR1000_3.jpg\",\"datePublished\":\"2024-11-12T08:12:11+00:00\",\"dateModified\":\"2026-01-21T16:03:45+00:00\",\"breadcrumb\":{\"@id\":\"https:\/\/thebiopool.com\/de\/product\/torpedo-pond-suction-cleaner-with-accessoires\/#breadcrumb\"},\"inLanguage\":\"de\",\"potentialAction\":[{\"@type\":\"ReadAction\",\"target\":[[\"https:\/\/thebiopool.com\/de\/product\/torpedo-pond-suction-cleaner-with-accessoires\/\"]]}]},{\"@type\":\"ImageObject\",\"inLanguage\":\"de\",\"@id\":\"https:\/\/thebiopool.com\/de\/product\/torpedo-pond-suction-cleaner-with-accessoires\/#primaryimage\",\"url\":\"https:\/\/thebiopool.com\/wp-content\/uploads\/image_TOR1000_3.jpg\",\"contentUrl\":\"https:\/\/thebiopool.com\/wp-content\/uploads\/image_TOR1000_3.jpg\",\"width\":683,\"height\":1024},{\"@type\":\"BreadcrumbList\",\"@id\":\"https:\/\/thebiopool.com\/de\/product\/torpedo-pond-suction-cleaner-with-accessoires\/#breadcrumb\",\"itemListElement\":[{\"@type\":\"ListItem\",\"position\":1,\"name\":\"Home\",\"item\":\"https:\/\/thebiopool.com\/de\/\"},{\"@type\":\"ListItem\",\"position\":2,\"name\":\"Shop\",\"item\":\"https:\/\/thebiopool.com\/de\/shop\/\"},{\"@type\":\"ListItem\",\"position\":3,\"name\":\"TORPEDO pond suction cleaner with accessoires\"}]},{\"@type\":\"WebSite\",\"@id\":\"https:\/\/thebiopool.com\/de\/#website\",\"url\":\"https:\/\/thebiopool.com\/de\/\",\"name\":\"TheBiopool\",\"description\":\"wir planen und bauen Ihren perfecten Schwimmteich und Natur Pool\",\"publisher\":{\"@id\":\"https:\/\/thebiopool.com\/de\/#organization\"},\"potentialAction\":[{\"@type\":\"SearchAction\",\"target\":{\"@type\":\"EntryPoint\",\"urlTemplate\":\"https:\/\/thebiopool.com\/de\/?s={search_term_string}\"},\"query-input\":{\"@type\":\"PropertyValueSpecification\",\"valueRequired\":true,\"valueName\":\"search_term_string\"}}],\"inLanguage\":\"de\"},{\"@type\":\"Organization\",\"@id\":\"https:\/\/thebiopool.com\/de\/#organization\",\"name\":\"TheBiopool\",\"url\":\"https:\/\/thebiopool.com\/de\/\",\"logo\":{\"@type\":\"ImageObject\",\"inLanguage\":\"de\",\"@id\":\"https:\/\/thebiopool.com\/de\/#\/schema\/logo\/image\/\",\"url\":\"https:\/\/thebiopool.com\/wp-content\/uploads\/logo-schatten-website-klein.png\",\"contentUrl\":\"https:\/\/thebiopool.com\/wp-content\/uploads\/logo-schatten-website-klein.png\",\"width\":220,\"height\":64,\"caption\":\"TheBiopool\"},\"image\":{\"@id\":\"https:\/\/thebiopool.com\/de\/#\/schema\/logo\/image\/\"},\"sameAs\":[\"https:\/\/www.facebook.com\/Naturaleza-y-Arte-Stefan-Meier-162702410430553\/\",\"https:\/\/www.instagram.com\/thebiopool\/\"]}]}<\/script>\n<!-- \/ Yoast SEO plugin. -->","yoast_head_json":{"title":"Teichschlammsauger TORPEDO mit Zubeh\u00f6r - Natur Pools und Schwimmteiche","robots":{"index":"index","follow":"follow","max-snippet":"max-snippet:-1","max-image-preview":"max-image-preview:large","max-video-preview":"max-video-preview:-1"},"canonical":"https:\/\/thebiopool.com\/de\/product\/torpedo-pond-suction-cleaner-with-accessoires\/","og_locale":"de_DE","og_type":"article","og_title":"Teichschlammsauger TORPEDO mit Zubeh\u00f6r - Natur Pools und Schwimmteiche","og_description":"TORPEDO \u2013 Der Allrounder!  Preise zuz\u00fcglich Versand, Kosten werden im Warenkorb angezeigt  Der Teichschlammsauger TORPEDO bietet Ihnen alle M\u00f6glichkeiten bei der Teichreinigung. Leistungsstarke Aggregate bewegen bei sehr geringer Ger\u00e4uschentwicklung das Wasser \u00fcber \u00f8 50\u2009mm Schl\u00e4uche aus dem Teich an den gew\u00fcnschten Abflussort. Die kompakte Bauart und das stabile Fahrwerk machen das Bewegen auch \u00fcber Gel\u00e4nde einfach. Mit der stufenlos regulierbaren Saugleistung kann f\u00fcr alle Schwimm- oder Koiteiche privater Baugr\u00f6\u00dfe die richtige Einstellung gew\u00e4hlt werden. Der TORPEDO \u00fcberzeugt Teichbesitzer sowie Profianwender schon seit Jahren. Als praktische Erg\u00e4nzung empfehlen wir den optionalen GFK-Vorabscheider.  Vorteile des TORPEDO Teichschlammsaugers: Robuste Bauweise Problemloses Abpumpen \u00fcber H\u00f6hen und Distanzen Regulierbare Saugleistung Kompatibel mit dem GFK Vorabscheider ULTRA  Im Preis enthalten: TORPEDO Teichschlammsauger Saugschlauch 12\u2009m Ablaufschlauch 12\u2009m Teleskopstange 2,4 \u2013 4,8\u2009m Dreieckabsaugb\u00fcrste, \u00f8\u200950\u2009mm Gelenkbodenreiniger Skelleton, \u00f8 50 mm Saugd\u00fcse, rund, \u00f8\u200950\u2009mm","og_url":"https:\/\/thebiopool.com\/de\/product\/torpedo-pond-suction-cleaner-with-accessoires\/","og_site_name":"Natur Pools und Schwimmteiche","article_publisher":"https:\/\/www.facebook.com\/Naturaleza-y-Arte-Stefan-Meier-162702410430553\/","article_modified_time":"2026-01-21T16:03:45+00:00","og_image":[{"width":683,"height":1024,"url":"https:\/\/thebiopool.com\/wp-content\/uploads\/image_TOR1000_3.jpg","type":"image\/jpeg"}],"twitter_card":"summary_large_image","twitter_misc":{"Gesch\u00e4tzte Lesezeit":"1\u00a0Minute"},"schema":{"@context":"https:\/\/schema.org","@graph":[{"@type":"WebPage","@id":"https:\/\/thebiopool.com\/de\/product\/torpedo-pond-suction-cleaner-with-accessoires\/","url":"https:\/\/thebiopool.com\/de\/product\/torpedo-pond-suction-cleaner-with-accessoires\/","name":"Teichschlammsauger TORPEDO mit Zubeh\u00f6r - Natur Pools und Schwimmteiche","isPartOf":{"@id":"https:\/\/thebiopool.com\/de\/#website"},"primaryImageOfPage":{"@id":"https:\/\/thebiopool.com\/de\/product\/torpedo-pond-suction-cleaner-with-accessoires\/#primaryimage"},"image":{"@id":"https:\/\/thebiopool.com\/product\/torpedo-pond-suction-cleaner-with-accessoires\/#primaryimage"},"thumbnailUrl":"https:\/\/thebiopool.com\/wp-content\/uploads\/image_TOR1000_3.jpg","datePublished":"2024-11-12T08:12:11+00:00","dateModified":"2026-01-21T16:03:45+00:00","breadcrumb":{"@id":"https:\/\/thebiopool.com\/de\/product\/torpedo-pond-suction-cleaner-with-accessoires\/#breadcrumb"},"inLanguage":"de","potentialAction":[{"@type":"ReadAction","target":[["https:\/\/thebiopool.com\/de\/product\/torpedo-pond-suction-cleaner-with-accessoires\/"]]}]},{"@type":"ImageObject","inLanguage":"de","@id":"https:\/\/thebiopool.com\/de\/product\/torpedo-pond-suction-cleaner-with-accessoires\/#primaryimage","url":"https:\/\/thebiopool.com\/wp-content\/uploads\/image_TOR1000_3.jpg","contentUrl":"https:\/\/thebiopool.com\/wp-content\/uploads\/image_TOR1000_3.jpg","width":683,"height":1024},{"@type":"BreadcrumbList","@id":"https:\/\/thebiopool.com\/de\/product\/torpedo-pond-suction-cleaner-with-accessoires\/#breadcrumb","itemListElement":[{"@type":"ListItem","position":1,"name":"Home","item":"https:\/\/thebiopool.com\/de\/"},{"@type":"ListItem","position":2,"name":"Shop","item":"https:\/\/thebiopool.com\/de\/shop\/"},{"@type":"ListItem","position":3,"name":"TORPEDO pond suction cleaner with accessoires"}]},{"@type":"WebSite","@id":"https:\/\/thebiopool.com\/de\/#website","url":"https:\/\/thebiopool.com\/de\/","name":"TheBiopool","description":"wir planen und bauen Ihren perfecten Schwimmteich und Natur Pool","publisher":{"@id":"https:\/\/thebiopool.com\/de\/#organization"},"potentialAction":[{"@type":"SearchAction","target":{"@type":"EntryPoint","urlTemplate":"https:\/\/thebiopool.com\/de\/?s={search_term_string}"},"query-input":{"@type":"PropertyValueSpecification","valueRequired":true,"valueName":"search_term_string"}}],"inLanguage":"de"},{"@type":"Organization","@id":"https:\/\/thebiopool.com\/de\/#organization","name":"TheBiopool","url":"https:\/\/thebiopool.com\/de\/","logo":{"@type":"ImageObject","inLanguage":"de","@id":"https:\/\/thebiopool.com\/de\/#\/schema\/logo\/image\/","url":"https:\/\/thebiopool.com\/wp-content\/uploads\/logo-schatten-website-klein.png","contentUrl":"https:\/\/thebiopool.com\/wp-content\/uploads\/logo-schatten-website-klein.png","width":220,"height":64,"caption":"TheBiopool"},"image":{"@id":"https:\/\/thebiopool.com\/de\/#\/schema\/logo\/image\/"},"sameAs":["https:\/\/www.facebook.com\/Naturaleza-y-Arte-Stefan-Meier-162702410430553\/","https:\/\/www.instagram.com\/thebiopool\/"]}]}},"_links":{"self":[{"href":"https:\/\/thebiopool.com\/de\/wp-json\/wp\/v2\/product\/18509","targetHints":{"allow":["GET"]}}],"collection":[{"href":"https:\/\/thebiopool.com\/de\/wp-json\/wp\/v2\/product"}],"about":[{"href":"https:\/\/thebiopool.com\/de\/wp-json\/wp\/v2\/types\/product"}],"replies":[{"embeddable":true,"href":"https:\/\/thebiopool.com\/de\/wp-json\/wp\/v2\/comments?post=18509"}],"wp:featuredmedia":[{"embeddable":true,"href":"https:\/\/thebiopool.com\/de\/wp-json\/wp\/v2\/media\/18513"}],"wp:attachment":[{"href":"https:\/\/thebiopool.com\/de\/wp-json\/wp\/v2\/media?parent=18509"}],"wp:term":[{"taxonomy":"product_brand","embeddable":true,"href":"https:\/\/thebiopool.com\/de\/wp-json\/wp\/v2\/product_brand?post=18509"},{"taxonomy":"product_cat","embeddable":true,"href":"https:\/\/thebiopool.com\/de\/wp-json\/wp\/v2\/product_cat?post=18509"},{"taxonomy":"product_tag","embeddable":true,"href":"https:\/\/thebiopool.com\/de\/wp-json\/wp\/v2\/product_tag?post=18509"}],"curies":[{"name":"wp","href":"https:\/\/api.w.org\/{rel}","templated":true}]}}