{"id":18911,"date":"2025-01-08T14:09:04","date_gmt":"2025-01-08T13:09:04","guid":{"rendered":"https:\/\/thebiopool.com\/?post_type=product&#038;p=18911"},"modified":"2026-01-27T09:50:17","modified_gmt":"2026-01-27T08:50:17","slug":"cleaning-robot-tt-rb","status":"publish","type":"product","link":"https:\/\/thebiopool.com\/de\/product\/cleaning-robot-tt-rb\/","title":{"rendered":"Reinigungsroboter TT-RB"},"content":{"rendered":"<p><\/p>\n<h2>Unser Allesk\u00f6nner<\/h2>\n<p>Es ist keine Illusion: Dank seiner enormen Saugkraft geht der speziell f\u00fcr Naturpools und Schwimmteiche entwickelte Reinigungsroboter TT-RB nicht nur die W\u00e4nde hoch, sondern putzt diese auch noch \u2013 und zwar gr\u00fcndlich, leise und oberfl\u00e4chenschonend.<\/p>\n<p>Der TT-RB verf\u00fcgt \u00fcber 2 Kameras und f\u00fcnf Sensoren und ist damit das intelligenteste Ger\u00e4t am Markt. Dank seiner \u201esieben Sinne\u201c reinigt er Ihrem Pool im Automatik-Modus nicht im Zufallsprinzip wie etwa ein Staubsaugerroboter, sondern Bahn f\u00fcr Bahn.<\/p>\n<p>Das Ger\u00e4t arbeitet die Poolw\u00e4nde vollautomatisch im Uhrzeigersinn ab. Zum Ende einer Kehrwoche unter Wasser wird der Poolboden ebenso Bahn f\u00fcr Bahn gereinigt. Bei geometrischen Becken gelingt ihm das perfekt.<\/p>\n<p>Im Manuellen Modus k\u00f6nnen Sie den Roboter per Smartphone-App oder Fernbedienung putzen lassen, zum Beispiel auf gro\u00dfen Treppenstufen oder in Nischen, in denen der Roboter nicht selbst\u00e4ndig fahren kann. Und mehr noch: Mit zwei Handgriffen k\u00f6nnen Sie das Roboterfahrwerk entfernen und das Ger\u00e4t auch ohne Kraftaufwand mit der Hand f\u00fchren.<\/p>\n<p>Die daf\u00fcr speziell entwickelte Teleskopstange gibt es einzeln in unserem Webshop. Die TOSSTEC Teleskopstange und jede Menge weiteres Zubeh\u00f6r ist im TT-RB-Set bereits erhalten \u2013 zum Beispiel auch die transparente Absaugglocke und der feinmaschige, rei\u00dffeste Grobfiltersack. Dank seiner durchdachten Modularit\u00e4t und mit seinem umfangreichen Zubeh\u00f6r brauchen Sie f\u00fcr die Reinigung Ihres Naturpools oder Schwimmteichs k\u00fcnftig nur noch dieses eine Ger\u00e4t. Ehrenwort! Der TT-RB kann mit entsprechendem Zubeh\u00f6r schlammsaugen, Bel\u00e4ge an Poolw\u00e4nden und -boden entfernen und Schwebstoffe aus dem Wasser herausfiltern. Alles ohne Wasserverlust!<\/p>\n<p>Der TT-RB arbeitet mit einer internen Filtereinheit, die sich w\u00e4hrend der Poolreinigung selbst reinigt. Weil der Filter nicht verstopfen kann, verliert das Ger\u00e4t nie an Saugkraft.<\/p>\n<p>F\u00fcr alle TOSSTEC Ger\u00e4te ist eine kostenlose App-Steuerung m\u00f6glich, deren Funktionsumfang finden Sie in unserem Blog.<br \/>\nDie Vorteile des Reinigungsroboters TOSSTEC TT-RB auf einen Blick:<\/p>\n<ul>\n<li>nur noch ein Ger\u00e4t zur Reinigung aller Poolbereiche n\u00f6tig (mit entsprechendem Zubeh\u00f6r), modularer Aufbau<\/li>\n<li>hoher Wirkungsgrad und damit k\u00fcrzere Reinigungszeit<\/li>\n<li>50 Prozent Energieeinsparung gegen\u00fcber anderen Systemen<\/li>\n<li>Reinigung ohne Wasserverlust, die Teichbiologie bleibt stabil<\/li>\n<li>arbeitet nahezu ger\u00e4uschlos<\/li>\n<li>wird vorprogrammiert auf den individuellen Grundriss Ihres Pools ausgeliefert<\/li>\n<li>einfache Einstellung per Smartphone-App<\/li>\n<li>Bedienung per App oder Fernbedienung, auch aus dem Liegestuhl<\/li>\n<li>Software-Updates erweitern auch k\u00fcnftig den Funktionsumfang des Ger\u00e4ts und sind immer kostenlos<\/li>\n<\/ul>\n<h2><\/p>","protected":false},"excerpt":{"rendered":"<p>(zuz\u00fcgl. Lieferkosten siehe Warenkorb)<br \/>\nLieferumfang:<\/p>\n<p>1 Grundger\u00e4t mit B\u00fcrstenaufsatz Modell TT-BS-Plus mit einer Kabell\u00e4nge von 18 m<br \/>\n1 Fahrwerk<br \/>\n4 Filterscheiben (2 St\u00fcckl 45 \u00b5m + 2 St\u00fcck 110 \u00b5m)<br \/>\n1 Adapter<br \/>\n1 Netzteil inkl. Netzkabel 1,5 m<br \/>\n1 Fernbedienung inkl. 2 Batterien<\/p>\n","protected":false},"featured_media":18912,"comment_status":"closed","ping_status":"closed","template":"","meta":[],"product_brand":[],"product_cat":[213],"product_tag":[],"class_list":{"0":"post-18911","1":"product","2":"type-product","3":"status-publish","4":"has-post-thumbnail","6":"product_cat-poolroboter","7":"product_shipping_class-dhl-bis-20kg","9":"first","10":"instock","11":"taxable","12":"shipping-taxable","13":"purchasable","14":"product-type-simple"},"yoast_head":"<!-- This site is optimized with the Yoast SEO plugin v27.4 - https:\/\/yoast.com\/product\/yoast-seo-wordpress\/ -->\n<title>Reinigungsroboter TT-RB - Natur Pools und Schwimmteiche<\/title>\n<meta name=\"robots\" content=\"index, follow, max-snippet:-1, max-image-preview:large, max-video-preview:-1\" \/>\n<link rel=\"canonical\" href=\"https:\/\/thebiopool.com\/de\/product\/cleaning-robot-tt-rb\/\" \/>\n<meta property=\"og:locale\" content=\"de_DE\" \/>\n<meta property=\"og:type\" content=\"article\" \/>\n<meta property=\"og:title\" content=\"Reinigungsroboter TT-RB - Natur Pools und Schwimmteiche\" \/>\n<meta property=\"og:description\" content=\"(zuz\u00fcgl. Lieferkosten siehe Warenkorb) Lieferumfang:  1 Grundger\u00e4t mit B\u00fcrstenaufsatz Modell TT-BS-Plus mit einer Kabell\u00e4nge von 18 m 1 Fahrwerk 4 Filterscheiben (2 St\u00fcckl 45 \u00b5m + 2 St\u00fcck 110 \u00b5m) 1 Adapter 1 Netzteil inkl. Netzkabel 1,5 m 1 Fernbedienung inkl. 2 Batterien\" \/>\n<meta property=\"og:url\" content=\"https:\/\/thebiopool.com\/de\/product\/cleaning-robot-tt-rb\/\" \/>\n<meta property=\"og:site_name\" content=\"Natur Pools und Schwimmteiche\" \/>\n<meta property=\"article:publisher\" content=\"https:\/\/www.facebook.com\/Naturaleza-y-Arte-Stefan-Meier-162702410430553\/\" \/>\n<meta property=\"article:modified_time\" content=\"2026-01-27T08:50:17+00:00\" \/>\n<meta property=\"og:image\" content=\"https:\/\/thebiopool.com\/wp-content\/uploads\/500700-tt-rb-tosstec-naturpoolroboter-linke-seite-vorschau-1030x827-1.jpg\" \/>\n\t<meta property=\"og:image:width\" content=\"1030\" \/>\n\t<meta property=\"og:image:height\" content=\"827\" \/>\n\t<meta property=\"og:image:type\" content=\"image\/jpeg\" \/>\n<meta name=\"twitter:card\" content=\"summary_large_image\" \/>\n<meta name=\"twitter:label1\" content=\"Gesch\u00e4tzte Lesezeit\" \/>\n\t<meta name=\"twitter:data1\" content=\"2\u00a0Minuten\" \/>\n<script type=\"application\/ld+json\" class=\"yoast-schema-graph\">{\"@context\":\"https:\\\/\\\/schema.org\",\"@graph\":[{\"@type\":\"WebPage\",\"@id\":\"https:\\\/\\\/thebiopool.com\\\/de\\\/product\\\/cleaning-robot-tt-rb\\\/\",\"url\":\"https:\\\/\\\/thebiopool.com\\\/de\\\/product\\\/cleaning-robot-tt-rb\\\/\",\"name\":\"Reinigungsroboter TT-RB - Natur Pools und Schwimmteiche\",\"isPartOf\":{\"@id\":\"https:\\\/\\\/thebiopool.com\\\/de\\\/#website\"},\"primaryImageOfPage\":{\"@id\":\"https:\\\/\\\/thebiopool.com\\\/de\\\/product\\\/cleaning-robot-tt-rb\\\/#primaryimage\"},\"image\":{\"@id\":\"https:\\\/\\\/thebiopool.com\\\/product\\\/cleaning-robot-tt-rb\\\/#primaryimage\"},\"thumbnailUrl\":\"https:\\\/\\\/thebiopool.com\\\/wp-content\\\/uploads\\\/500700-tt-rb-tosstec-naturpoolroboter-linke-seite-vorschau-1030x827-1.jpg\",\"datePublished\":\"2025-01-08T13:09:04+00:00\",\"dateModified\":\"2026-01-27T08:50:17+00:00\",\"breadcrumb\":{\"@id\":\"https:\\\/\\\/thebiopool.com\\\/de\\\/product\\\/cleaning-robot-tt-rb\\\/#breadcrumb\"},\"inLanguage\":\"de\",\"potentialAction\":[{\"@type\":\"ReadAction\",\"target\":[[\"https:\\\/\\\/thebiopool.com\\\/de\\\/product\\\/cleaning-robot-tt-rb\\\/\"]]}]},{\"@type\":\"ImageObject\",\"inLanguage\":\"de\",\"@id\":\"https:\\\/\\\/thebiopool.com\\\/de\\\/product\\\/cleaning-robot-tt-rb\\\/#primaryimage\",\"url\":\"https:\\\/\\\/thebiopool.com\\\/wp-content\\\/uploads\\\/500700-tt-rb-tosstec-naturpoolroboter-linke-seite-vorschau-1030x827-1.jpg\",\"contentUrl\":\"https:\\\/\\\/thebiopool.com\\\/wp-content\\\/uploads\\\/500700-tt-rb-tosstec-naturpoolroboter-linke-seite-vorschau-1030x827-1.jpg\",\"width\":1030,\"height\":827,\"caption\":\"Natural pool robot-tosstec-by theBIOPOOL\"},{\"@type\":\"BreadcrumbList\",\"@id\":\"https:\\\/\\\/thebiopool.com\\\/de\\\/product\\\/cleaning-robot-tt-rb\\\/#breadcrumb\",\"itemListElement\":[{\"@type\":\"ListItem\",\"position\":1,\"name\":\"Home\",\"item\":\"https:\\\/\\\/thebiopool.com\\\/de\\\/\"},{\"@type\":\"ListItem\",\"position\":2,\"name\":\"Shop\",\"item\":\"https:\\\/\\\/thebiopool.com\\\/de\\\/shop\\\/\"},{\"@type\":\"ListItem\",\"position\":3,\"name\":\"Cleaning Robot TT-RB\"}]},{\"@type\":\"WebSite\",\"@id\":\"https:\\\/\\\/thebiopool.com\\\/de\\\/#website\",\"url\":\"https:\\\/\\\/thebiopool.com\\\/de\\\/\",\"name\":\"TheBiopool\",\"description\":\"wir planen und bauen Ihren perfecten Schwimmteich und Natur Pool\",\"publisher\":{\"@id\":\"https:\\\/\\\/thebiopool.com\\\/de\\\/#organization\"},\"potentialAction\":[{\"@type\":\"SearchAction\",\"target\":{\"@type\":\"EntryPoint\",\"urlTemplate\":\"https:\\\/\\\/thebiopool.com\\\/de\\\/?s={search_term_string}\"},\"query-input\":{\"@type\":\"PropertyValueSpecification\",\"valueRequired\":true,\"valueName\":\"search_term_string\"}}],\"inLanguage\":\"de\"},{\"@type\":\"Organization\",\"@id\":\"https:\\\/\\\/thebiopool.com\\\/de\\\/#organization\",\"name\":\"TheBiopool\",\"url\":\"https:\\\/\\\/thebiopool.com\\\/de\\\/\",\"logo\":{\"@type\":\"ImageObject\",\"inLanguage\":\"de\",\"@id\":\"https:\\\/\\\/thebiopool.com\\\/de\\\/#\\\/schema\\\/logo\\\/image\\\/\",\"url\":\"https:\\\/\\\/thebiopool.com\\\/wp-content\\\/uploads\\\/logo-schatten-website-klein.png\",\"contentUrl\":\"https:\\\/\\\/thebiopool.com\\\/wp-content\\\/uploads\\\/logo-schatten-website-klein.png\",\"width\":220,\"height\":64,\"caption\":\"TheBiopool\"},\"image\":{\"@id\":\"https:\\\/\\\/thebiopool.com\\\/de\\\/#\\\/schema\\\/logo\\\/image\\\/\"},\"sameAs\":[\"https:\\\/\\\/www.facebook.com\\\/Naturaleza-y-Arte-Stefan-Meier-162702410430553\\\/\",\"https:\\\/\\\/www.instagram.com\\\/thebiopool\\\/\"]}]}<\/script>\n<!-- \/ Yoast SEO plugin. -->","yoast_head_json":{"title":"Reinigungsroboter TT-RB - Natur Pools und Schwimmteiche","robots":{"index":"index","follow":"follow","max-snippet":"max-snippet:-1","max-image-preview":"max-image-preview:large","max-video-preview":"max-video-preview:-1"},"canonical":"https:\/\/thebiopool.com\/de\/product\/cleaning-robot-tt-rb\/","og_locale":"de_DE","og_type":"article","og_title":"Reinigungsroboter TT-RB - Natur Pools und Schwimmteiche","og_description":"(zuz\u00fcgl. Lieferkosten siehe Warenkorb) Lieferumfang:  1 Grundger\u00e4t mit B\u00fcrstenaufsatz Modell TT-BS-Plus mit einer Kabell\u00e4nge von 18 m 1 Fahrwerk 4 Filterscheiben (2 St\u00fcckl 45 \u00b5m + 2 St\u00fcck 110 \u00b5m) 1 Adapter 1 Netzteil inkl. Netzkabel 1,5 m 1 Fernbedienung inkl. 2 Batterien","og_url":"https:\/\/thebiopool.com\/de\/product\/cleaning-robot-tt-rb\/","og_site_name":"Natur Pools und Schwimmteiche","article_publisher":"https:\/\/www.facebook.com\/Naturaleza-y-Arte-Stefan-Meier-162702410430553\/","article_modified_time":"2026-01-27T08:50:17+00:00","og_image":[{"width":1030,"height":827,"url":"https:\/\/thebiopool.com\/wp-content\/uploads\/500700-tt-rb-tosstec-naturpoolroboter-linke-seite-vorschau-1030x827-1.jpg","type":"image\/jpeg"}],"twitter_card":"summary_large_image","twitter_misc":{"Gesch\u00e4tzte Lesezeit":"2\u00a0Minuten"},"schema":{"@context":"https:\/\/schema.org","@graph":[{"@type":"WebPage","@id":"https:\/\/thebiopool.com\/de\/product\/cleaning-robot-tt-rb\/","url":"https:\/\/thebiopool.com\/de\/product\/cleaning-robot-tt-rb\/","name":"Reinigungsroboter TT-RB - Natur Pools und Schwimmteiche","isPartOf":{"@id":"https:\/\/thebiopool.com\/de\/#website"},"primaryImageOfPage":{"@id":"https:\/\/thebiopool.com\/de\/product\/cleaning-robot-tt-rb\/#primaryimage"},"image":{"@id":"https:\/\/thebiopool.com\/product\/cleaning-robot-tt-rb\/#primaryimage"},"thumbnailUrl":"https:\/\/thebiopool.com\/wp-content\/uploads\/500700-tt-rb-tosstec-naturpoolroboter-linke-seite-vorschau-1030x827-1.jpg","datePublished":"2025-01-08T13:09:04+00:00","dateModified":"2026-01-27T08:50:17+00:00","breadcrumb":{"@id":"https:\/\/thebiopool.com\/de\/product\/cleaning-robot-tt-rb\/#breadcrumb"},"inLanguage":"de","potentialAction":[{"@type":"ReadAction","target":[["https:\/\/thebiopool.com\/de\/product\/cleaning-robot-tt-rb\/"]]}]},{"@type":"ImageObject","inLanguage":"de","@id":"https:\/\/thebiopool.com\/de\/product\/cleaning-robot-tt-rb\/#primaryimage","url":"https:\/\/thebiopool.com\/wp-content\/uploads\/500700-tt-rb-tosstec-naturpoolroboter-linke-seite-vorschau-1030x827-1.jpg","contentUrl":"https:\/\/thebiopool.com\/wp-content\/uploads\/500700-tt-rb-tosstec-naturpoolroboter-linke-seite-vorschau-1030x827-1.jpg","width":1030,"height":827,"caption":"Natural pool robot-tosstec-by theBIOPOOL"},{"@type":"BreadcrumbList","@id":"https:\/\/thebiopool.com\/de\/product\/cleaning-robot-tt-rb\/#breadcrumb","itemListElement":[{"@type":"ListItem","position":1,"name":"Home","item":"https:\/\/thebiopool.com\/de\/"},{"@type":"ListItem","position":2,"name":"Shop","item":"https:\/\/thebiopool.com\/de\/shop\/"},{"@type":"ListItem","position":3,"name":"Cleaning Robot TT-RB"}]},{"@type":"WebSite","@id":"https:\/\/thebiopool.com\/de\/#website","url":"https:\/\/thebiopool.com\/de\/","name":"TheBiopool","description":"wir planen und bauen Ihren perfecten Schwimmteich und Natur Pool","publisher":{"@id":"https:\/\/thebiopool.com\/de\/#organization"},"potentialAction":[{"@type":"SearchAction","target":{"@type":"EntryPoint","urlTemplate":"https:\/\/thebiopool.com\/de\/?s={search_term_string}"},"query-input":{"@type":"PropertyValueSpecification","valueRequired":true,"valueName":"search_term_string"}}],"inLanguage":"de"},{"@type":"Organization","@id":"https:\/\/thebiopool.com\/de\/#organization","name":"TheBiopool","url":"https:\/\/thebiopool.com\/de\/","logo":{"@type":"ImageObject","inLanguage":"de","@id":"https:\/\/thebiopool.com\/de\/#\/schema\/logo\/image\/","url":"https:\/\/thebiopool.com\/wp-content\/uploads\/logo-schatten-website-klein.png","contentUrl":"https:\/\/thebiopool.com\/wp-content\/uploads\/logo-schatten-website-klein.png","width":220,"height":64,"caption":"TheBiopool"},"image":{"@id":"https:\/\/thebiopool.com\/de\/#\/schema\/logo\/image\/"},"sameAs":["https:\/\/www.facebook.com\/Naturaleza-y-Arte-Stefan-Meier-162702410430553\/","https:\/\/www.instagram.com\/thebiopool\/"]}]}},"_links":{"self":[{"href":"https:\/\/thebiopool.com\/de\/wp-json\/wp\/v2\/product\/18911","targetHints":{"allow":["GET"]}}],"collection":[{"href":"https:\/\/thebiopool.com\/de\/wp-json\/wp\/v2\/product"}],"about":[{"href":"https:\/\/thebiopool.com\/de\/wp-json\/wp\/v2\/types\/product"}],"replies":[{"embeddable":true,"href":"https:\/\/thebiopool.com\/de\/wp-json\/wp\/v2\/comments?post=18911"}],"wp:featuredmedia":[{"embeddable":true,"href":"https:\/\/thebiopool.com\/de\/wp-json\/wp\/v2\/media\/18912"}],"wp:attachment":[{"href":"https:\/\/thebiopool.com\/de\/wp-json\/wp\/v2\/media?parent=18911"}],"wp:term":[{"taxonomy":"product_brand","embeddable":true,"href":"https:\/\/thebiopool.com\/de\/wp-json\/wp\/v2\/product_brand?post=18911"},{"taxonomy":"product_cat","embeddable":true,"href":"https:\/\/thebiopool.com\/de\/wp-json\/wp\/v2\/product_cat?post=18911"},{"taxonomy":"product_tag","embeddable":true,"href":"https:\/\/thebiopool.com\/de\/wp-json\/wp\/v2\/product_tag?post=18911"}],"curies":[{"name":"wp","href":"https:\/\/api.w.org\/{rel}","templated":true}]}}