{"id":54317,"date":"2026-01-27T12:35:29","date_gmt":"2026-01-27T11:35:29","guid":{"rendered":"https:\/\/thebiopool.com\/?post_type=product&#038;p=54317"},"modified":"2026-04-30T11:17:31","modified_gmt":"2026-04-30T09:17:31","slug":"teichmax-phase-1","status":"publish","type":"product","link":"https:\/\/thebiopool.com\/de\/product\/teichmax-phase-1\/","title":{"rendered":"TEICHMAX PHASE 1"},"content":{"rendered":"<p><\/p>\n<p style=\"padding-left: 40px;\">EFFEKTIVE WASSERFILTERUNG UND WASSERR\u00dcCKF\u00dcHRUNG<\/p>\n<p style=\"padding-left: 40px;\">Nach weitreichenden Verbesserungen ist unsere Wasserr\u00fcckf\u00fchrungsmaschine TEICHMAX Phase 1 zur\u00fcck in unserem Sortiment.<br \/>\nDie TEICHMAX Phase 1 wird in Kombination mit einem Teichschlammsauger\u00a0 verwendet und erm\u00f6glicht die R\u00fcckf\u00fchrung von Wasser, das bei der Teichreinigung abgesaugt wird. Durch das hochbest\u00e4ndige Edelstahlfilternetz im Trommelfilter werden im Wasser enthaltene Grobstoffe wie Verschmutzungen, Sand oder Schlamm effektiv herausgefiltert.<br \/>\nDurch einen Gardenaanschluss wird die Filtereinheit regulierbar mit Frischwasser versorgt. Die Reinigung des Trommelfilters erfolgt \u00fcber integrierte Spr\u00fchd\u00fcsen.<br \/>\nNeben den technischen Optimierungen zeichnet sich die neue TEICHMAX Phase 1 auch durch die neue schlagfeste und leichte Kunststoffbauweise sowie das gel\u00e4ndeg\u00e4ngige Fahrwerk mit Vollgummireifen und zwei Feststellbremsen aus.<br \/>\nMit der TEICHMAX Phase 1 reduzieren Sie den Wasserverlust bei der Teichreinigung auf ein Minimum.<\/p>\n<p style=\"padding-left: 80px;\">Elektronikfreie und damit wartungsarme Konstruktion<\/p>\n<p style=\"padding-left: 80px;\">Stufenlos regulierbare Frischwasserversorgung<\/p>\n<p style=\"padding-left: 80px;\">Selbstreinigend mittels integrierten Spr\u00fchd\u00fcsen<\/p>\n<p style=\"padding-left: 80px;\">Unterbrechungsfreies Arbeiten m\u00f6glich<\/p>\n<p style=\"padding-left: 40px;\">TECHNISCHE DATEN<br \/>\nSTROMAUFNAHME 90 Watt<br \/>\nSPANNUNG 230 V AC<br \/>\nWASSERANSCHLUSS 0,5 Zoll Gardena<br \/>\nFILTERGRAD 70 \u03bc feines Edelstahlfilternetz<br \/>\nGEWICHT 53 kg<br \/>\nABMESSUNGEN 106 x 59 x 79 cm (B x T x H)<\/p>\n<p><\/p>","protected":false},"excerpt":{"rendered":"<p>zuz\u00fcglich Versand (siehe Checkout)<\/p>\n<p><strong>EFFEKTIVE WASSERFILTERUNG UND WASSERR\u00dcCKF\u00dcHRUNG<\/strong><\/p>\n","protected":false},"featured_media":54323,"comment_status":"closed","ping_status":"closed","template":"","meta":[],"product_brand":[],"product_cat":[204],"product_tag":[],"class_list":{"0":"post-54317","1":"product","2":"type-product","3":"status-publish","4":"has-post-thumbnail","6":"product_cat-teichschlammsauger","7":"product_shipping_class-bisam","9":"first","10":"instock","11":"taxable","12":"shipping-taxable","13":"purchasable","14":"product-type-simple"},"yoast_head":"<!-- This site is optimized with the Yoast SEO plugin v27.5 - https:\/\/yoast.com\/product\/yoast-seo-wordpress\/ -->\n<title>TEICHMAX PHASE 1 - Natur Pools und Schwimmteiche<\/title>\n<meta name=\"robots\" content=\"index, follow, max-snippet:-1, max-image-preview:large, max-video-preview:-1\" \/>\n<link rel=\"canonical\" href=\"https:\/\/thebiopool.com\/de\/product\/teichmax-phase-1\/\" \/>\n<meta property=\"og:locale\" content=\"de_DE\" \/>\n<meta property=\"og:type\" content=\"article\" \/>\n<meta property=\"og:title\" content=\"TEICHMAX PHASE 1 - Natur Pools und Schwimmteiche\" \/>\n<meta property=\"og:description\" content=\"zuz\u00fcglich Versand (siehe Checkout)  EFFEKTIVE WASSERFILTERUNG UND WASSERR\u00dcCKF\u00dcHRUNG\" \/>\n<meta property=\"og:url\" content=\"https:\/\/thebiopool.com\/de\/product\/teichmax-phase-1\/\" \/>\n<meta property=\"og:site_name\" content=\"Natur Pools und Schwimmteiche\" \/>\n<meta property=\"article:publisher\" content=\"https:\/\/www.facebook.com\/Naturaleza-y-Arte-Stefan-Meier-162702410430553\/\" \/>\n<meta property=\"article:modified_time\" content=\"2026-04-30T09:17:31+00:00\" \/>\n<meta property=\"og:image\" content=\"https:\/\/thebiopool.com\/wp-content\/uploads\/teichmax-pic.jpg\" \/>\n\t<meta property=\"og:image:width\" content=\"830\" \/>\n\t<meta property=\"og:image:height\" content=\"588\" \/>\n\t<meta property=\"og:image:type\" content=\"image\/jpeg\" \/>\n<meta name=\"twitter:card\" content=\"summary_large_image\" \/>\n<meta name=\"twitter:label1\" content=\"Gesch\u00e4tzte Lesezeit\" \/>\n\t<meta name=\"twitter:data1\" content=\"2\u00a0Minuten\" \/>\n<script type=\"application\/ld+json\" class=\"yoast-schema-graph\">{\"@context\":\"https:\\\/\\\/schema.org\",\"@graph\":[{\"@type\":\"WebPage\",\"@id\":\"https:\\\/\\\/thebiopool.com\\\/de\\\/product\\\/teichmax-phase-1\\\/\",\"url\":\"https:\\\/\\\/thebiopool.com\\\/de\\\/product\\\/teichmax-phase-1\\\/\",\"name\":\"TEICHMAX PHASE 1 - Natur Pools und Schwimmteiche\",\"isPartOf\":{\"@id\":\"https:\\\/\\\/thebiopool.com\\\/de\\\/#website\"},\"primaryImageOfPage\":{\"@id\":\"https:\\\/\\\/thebiopool.com\\\/de\\\/product\\\/teichmax-phase-1\\\/#primaryimage\"},\"image\":{\"@id\":\"https:\\\/\\\/thebiopool.com\\\/product\\\/teichmax-phase-1\\\/#primaryimage\"},\"thumbnailUrl\":\"https:\\\/\\\/thebiopool.com\\\/wp-content\\\/uploads\\\/teichmax-pic.jpg\",\"datePublished\":\"2026-01-27T11:35:29+00:00\",\"dateModified\":\"2026-04-30T09:17:31+00:00\",\"breadcrumb\":{\"@id\":\"https:\\\/\\\/thebiopool.com\\\/de\\\/product\\\/teichmax-phase-1\\\/#breadcrumb\"},\"inLanguage\":\"de\",\"potentialAction\":[{\"@type\":\"ReadAction\",\"target\":[[\"https:\\\/\\\/thebiopool.com\\\/de\\\/product\\\/teichmax-phase-1\\\/\"]]}]},{\"@type\":\"ImageObject\",\"inLanguage\":\"de\",\"@id\":\"https:\\\/\\\/thebiopool.com\\\/de\\\/product\\\/teichmax-phase-1\\\/#primaryimage\",\"url\":\"https:\\\/\\\/thebiopool.com\\\/wp-content\\\/uploads\\\/teichmax-pic.jpg\",\"contentUrl\":\"https:\\\/\\\/thebiopool.com\\\/wp-content\\\/uploads\\\/teichmax-pic.jpg\",\"width\":830,\"height\":588},{\"@type\":\"BreadcrumbList\",\"@id\":\"https:\\\/\\\/thebiopool.com\\\/de\\\/product\\\/teichmax-phase-1\\\/#breadcrumb\",\"itemListElement\":[{\"@type\":\"ListItem\",\"position\":1,\"name\":\"Home\",\"item\":\"https:\\\/\\\/thebiopool.com\\\/de\\\/\"},{\"@type\":\"ListItem\",\"position\":2,\"name\":\"Shop\",\"item\":\"https:\\\/\\\/thebiopool.com\\\/de\\\/shop\\\/\"},{\"@type\":\"ListItem\",\"position\":3,\"name\":\"TEICHMAX PHASE 1\"}]},{\"@type\":\"WebSite\",\"@id\":\"https:\\\/\\\/thebiopool.com\\\/de\\\/#website\",\"url\":\"https:\\\/\\\/thebiopool.com\\\/de\\\/\",\"name\":\"TheBiopool\",\"description\":\"wir planen und bauen Ihren perfecten Schwimmteich und Natur Pool\",\"publisher\":{\"@id\":\"https:\\\/\\\/thebiopool.com\\\/de\\\/#organization\"},\"potentialAction\":[{\"@type\":\"SearchAction\",\"target\":{\"@type\":\"EntryPoint\",\"urlTemplate\":\"https:\\\/\\\/thebiopool.com\\\/de\\\/?s={search_term_string}\"},\"query-input\":{\"@type\":\"PropertyValueSpecification\",\"valueRequired\":true,\"valueName\":\"search_term_string\"}}],\"inLanguage\":\"de\"},{\"@type\":\"Organization\",\"@id\":\"https:\\\/\\\/thebiopool.com\\\/de\\\/#organization\",\"name\":\"TheBiopool\",\"url\":\"https:\\\/\\\/thebiopool.com\\\/de\\\/\",\"logo\":{\"@type\":\"ImageObject\",\"inLanguage\":\"de\",\"@id\":\"https:\\\/\\\/thebiopool.com\\\/de\\\/#\\\/schema\\\/logo\\\/image\\\/\",\"url\":\"https:\\\/\\\/thebiopool.com\\\/wp-content\\\/uploads\\\/logo-schatten-website-klein.png\",\"contentUrl\":\"https:\\\/\\\/thebiopool.com\\\/wp-content\\\/uploads\\\/logo-schatten-website-klein.png\",\"width\":220,\"height\":64,\"caption\":\"TheBiopool\"},\"image\":{\"@id\":\"https:\\\/\\\/thebiopool.com\\\/de\\\/#\\\/schema\\\/logo\\\/image\\\/\"},\"sameAs\":[\"https:\\\/\\\/www.facebook.com\\\/Naturaleza-y-Arte-Stefan-Meier-162702410430553\\\/\",\"https:\\\/\\\/www.instagram.com\\\/thebiopool\\\/\"]}]}<\/script>\n<!-- \/ Yoast SEO plugin. -->","yoast_head_json":{"title":"TEICHMAX PHASE 1 - Natur Pools und Schwimmteiche","robots":{"index":"index","follow":"follow","max-snippet":"max-snippet:-1","max-image-preview":"max-image-preview:large","max-video-preview":"max-video-preview:-1"},"canonical":"https:\/\/thebiopool.com\/de\/product\/teichmax-phase-1\/","og_locale":"de_DE","og_type":"article","og_title":"TEICHMAX PHASE 1 - Natur Pools und Schwimmteiche","og_description":"zuz\u00fcglich Versand (siehe Checkout)  EFFEKTIVE WASSERFILTERUNG UND WASSERR\u00dcCKF\u00dcHRUNG","og_url":"https:\/\/thebiopool.com\/de\/product\/teichmax-phase-1\/","og_site_name":"Natur Pools und Schwimmteiche","article_publisher":"https:\/\/www.facebook.com\/Naturaleza-y-Arte-Stefan-Meier-162702410430553\/","article_modified_time":"2026-04-30T09:17:31+00:00","og_image":[{"width":830,"height":588,"url":"https:\/\/thebiopool.com\/wp-content\/uploads\/teichmax-pic.jpg","type":"image\/jpeg"}],"twitter_card":"summary_large_image","twitter_misc":{"Gesch\u00e4tzte Lesezeit":"2\u00a0Minuten"},"schema":{"@context":"https:\/\/schema.org","@graph":[{"@type":"WebPage","@id":"https:\/\/thebiopool.com\/de\/product\/teichmax-phase-1\/","url":"https:\/\/thebiopool.com\/de\/product\/teichmax-phase-1\/","name":"TEICHMAX PHASE 1 - Natur Pools und Schwimmteiche","isPartOf":{"@id":"https:\/\/thebiopool.com\/de\/#website"},"primaryImageOfPage":{"@id":"https:\/\/thebiopool.com\/de\/product\/teichmax-phase-1\/#primaryimage"},"image":{"@id":"https:\/\/thebiopool.com\/product\/teichmax-phase-1\/#primaryimage"},"thumbnailUrl":"https:\/\/thebiopool.com\/wp-content\/uploads\/teichmax-pic.jpg","datePublished":"2026-01-27T11:35:29+00:00","dateModified":"2026-04-30T09:17:31+00:00","breadcrumb":{"@id":"https:\/\/thebiopool.com\/de\/product\/teichmax-phase-1\/#breadcrumb"},"inLanguage":"de","potentialAction":[{"@type":"ReadAction","target":[["https:\/\/thebiopool.com\/de\/product\/teichmax-phase-1\/"]]}]},{"@type":"ImageObject","inLanguage":"de","@id":"https:\/\/thebiopool.com\/de\/product\/teichmax-phase-1\/#primaryimage","url":"https:\/\/thebiopool.com\/wp-content\/uploads\/teichmax-pic.jpg","contentUrl":"https:\/\/thebiopool.com\/wp-content\/uploads\/teichmax-pic.jpg","width":830,"height":588},{"@type":"BreadcrumbList","@id":"https:\/\/thebiopool.com\/de\/product\/teichmax-phase-1\/#breadcrumb","itemListElement":[{"@type":"ListItem","position":1,"name":"Home","item":"https:\/\/thebiopool.com\/de\/"},{"@type":"ListItem","position":2,"name":"Shop","item":"https:\/\/thebiopool.com\/de\/shop\/"},{"@type":"ListItem","position":3,"name":"TEICHMAX PHASE 1"}]},{"@type":"WebSite","@id":"https:\/\/thebiopool.com\/de\/#website","url":"https:\/\/thebiopool.com\/de\/","name":"TheBiopool","description":"wir planen und bauen Ihren perfecten Schwimmteich und Natur Pool","publisher":{"@id":"https:\/\/thebiopool.com\/de\/#organization"},"potentialAction":[{"@type":"SearchAction","target":{"@type":"EntryPoint","urlTemplate":"https:\/\/thebiopool.com\/de\/?s={search_term_string}"},"query-input":{"@type":"PropertyValueSpecification","valueRequired":true,"valueName":"search_term_string"}}],"inLanguage":"de"},{"@type":"Organization","@id":"https:\/\/thebiopool.com\/de\/#organization","name":"TheBiopool","url":"https:\/\/thebiopool.com\/de\/","logo":{"@type":"ImageObject","inLanguage":"de","@id":"https:\/\/thebiopool.com\/de\/#\/schema\/logo\/image\/","url":"https:\/\/thebiopool.com\/wp-content\/uploads\/logo-schatten-website-klein.png","contentUrl":"https:\/\/thebiopool.com\/wp-content\/uploads\/logo-schatten-website-klein.png","width":220,"height":64,"caption":"TheBiopool"},"image":{"@id":"https:\/\/thebiopool.com\/de\/#\/schema\/logo\/image\/"},"sameAs":["https:\/\/www.facebook.com\/Naturaleza-y-Arte-Stefan-Meier-162702410430553\/","https:\/\/www.instagram.com\/thebiopool\/"]}]}},"_links":{"self":[{"href":"https:\/\/thebiopool.com\/de\/wp-json\/wp\/v2\/product\/54317","targetHints":{"allow":["GET"]}}],"collection":[{"href":"https:\/\/thebiopool.com\/de\/wp-json\/wp\/v2\/product"}],"about":[{"href":"https:\/\/thebiopool.com\/de\/wp-json\/wp\/v2\/types\/product"}],"replies":[{"embeddable":true,"href":"https:\/\/thebiopool.com\/de\/wp-json\/wp\/v2\/comments?post=54317"}],"wp:featuredmedia":[{"embeddable":true,"href":"https:\/\/thebiopool.com\/de\/wp-json\/wp\/v2\/media\/54323"}],"wp:attachment":[{"href":"https:\/\/thebiopool.com\/de\/wp-json\/wp\/v2\/media?parent=54317"}],"wp:term":[{"taxonomy":"product_brand","embeddable":true,"href":"https:\/\/thebiopool.com\/de\/wp-json\/wp\/v2\/product_brand?post=54317"},{"taxonomy":"product_cat","embeddable":true,"href":"https:\/\/thebiopool.com\/de\/wp-json\/wp\/v2\/product_cat?post=54317"},{"taxonomy":"product_tag","embeddable":true,"href":"https:\/\/thebiopool.com\/de\/wp-json\/wp\/v2\/product_tag?post=54317"}],"curies":[{"name":"wp","href":"https:\/\/api.w.org\/{rel}","templated":true}]}}