{"id":15772,"date":"2019-05-14T00:47:37","date_gmt":"2019-05-13T22:47:37","guid":{"rendered":"https:\/\/thebiopool.com\/?page_id=15772"},"modified":"2019-09-22T11:39:16","modified_gmt":"2019-09-22T09:39:16","slug":"green-wall-in-the-garden-center-eivissgarden-ibiza","status":"publish","type":"page","link":"https:\/\/thebiopool.com\/es\/green-wall-in-the-garden-center-eivissgarden-ibiza\/","title":{"rendered":"Jard\u00edn vertical en el vivero Eivissgarden, Ibiza"},"content":{"rendered":"<p>Jard\u00edn vertical, exposici\u00f3n en el centro de jardiner\u00eda Eivissgarden en Ibiza.<\/p>\n<p>Dise\u00f1o: Paisajista Stefan Meier<\/p>\n<p>Formato: <strong>naturalezayarte<\/strong> y <strong>Ecogarden Ibiza<\/strong><\/p>\n<p>Datos t\u00e9cnicos: sistema hidrop\u00f3nico con la fertilizaci\u00f3n automatizado con m\u00f3dulos NATURALEZAYARTE VERTICAL<\/p>\n<p>6 m2<\/p>\n<p>Fecha de finalizaci\u00f3n: 2\/2014<\/p>\n<p><div id=\"envira-gallery-wrap-15774\" class=\"envira-gallery-wrap envira-gallery-theme-base envira-lightbox-theme-base\" itemscope itemtype=\"https:\/\/schema.org\/ImageGallery\"><div data-row-height=\"\" data-gallery-theme=\"\" id=\"envira-gallery-15774\" class=\"envira-gallery-public  envira-gallery-3-columns envira-clear enviratope envira-gallery-css-animations\" data-envira-columns=\"3\"><div id=\"envira-gallery-item-15775\" class=\"envira-gallery-item enviratope-item envira-gallery-item-1 envira-lazy-load\" style=\"padding-left: 5px; padding-bottom: 10px; padding-right: 5px;\"  itemscope itemtype=\"https:\/\/schema.org\/ImageObject\"><div class=\"envira-gallery-item-inner\"><div class=\"envira-gallery-position-overlay  envira-gallery-top-left\"><\/div><div class=\"envira-gallery-position-overlay  envira-gallery-top-right\"><\/div><div class=\"envira-gallery-position-overlay  envira-gallery-bottom-left\"><\/div><div class=\"envira-gallery-position-overlay  envira-gallery-bottom-right\"><\/div><a href=\"https:\/\/thebiopool.com\/wp-content\/uploads\/floralewand-ibiza-naturalezayarte-jardin-vertical-1024x682.jpg\" class=\"envira-gallery-15774 envira-gallery-link\" rel=\"enviragallery15774\" title=\"floralewand-ibiza-naturalezayarte-jardin-vertical-1024&amp;amp;#215;682\" data-envira-caption=\"floralewand-ibiza-naturalezayarte-jardin-vertical-1024&amp;amp;#215;682\" data-envira-retina=\"\" data-thumbnail=\"\"  itemprop=\"contentUrl\"><div class=\"envira-lazy\" data-test-width=\"640\" data-test-height=\"480\" style=\"padding-bottom:75%;\"><img decoding=\"async\" id=\"envira-gallery-image-15775\" class=\"envira-gallery-image envira-gallery-image-1\" data-envira-index=\"1\" src=\"https:\/\/thebiopool.com\/wp-content\/uploads\/floralewand-ibiza-naturalezayarte-jardin-vertical-1024x682-1024x682.jpg\" data-envira-src=\"https:\/\/thebiopool.com\/wp-content\/uploads\/floralewand-ibiza-naturalezayarte-jardin-vertical-1024x682-1024x682.jpg\" data-envira-gallery-id=\"15774\" data-envira-item-id=\"15775\" data-envira-caption=\"floralewand-ibiza-naturalezayarte-jardin-vertical-1024&amp;amp;#215;682\" alt=\"\" title=\"floralewand-ibiza-naturalezayarte-jardin-vertical-1024&amp;amp;amp;#215;682\"  itemprop=\"thumbnailUrl\" data-envira-srcset=\"https:\/\/thebiopool.com\/wp-content\/uploads\/floralewand-ibiza-naturalezayarte-jardin-vertical-1024x682-1024x682.jpg 400w,https:\/\/thebiopool.com\/wp-content\/uploads\/floralewand-ibiza-naturalezayarte-jardin-vertical-1024x682-1024x682.jpg 2x\" srcset=\"data:image\/gif;base64,R0lGODlhAQABAIAAAP\/\/\/\/\/\/\/yH5BAEKAAEALAAAAAABAAEAAAICTAEAOw==\" \/><\/div><\/a><\/div><\/div><div id=\"envira-gallery-item-15776\" class=\"envira-gallery-item enviratope-item envira-gallery-item-2 envira-lazy-load\" style=\"padding-left: 5px; padding-bottom: 10px; padding-right: 5px;\"  itemscope itemtype=\"https:\/\/schema.org\/ImageObject\"><div class=\"envira-gallery-item-inner\"><div class=\"envira-gallery-position-overlay  envira-gallery-top-left\"><\/div><div class=\"envira-gallery-position-overlay  envira-gallery-top-right\"><\/div><div class=\"envira-gallery-position-overlay  envira-gallery-bottom-left\"><\/div><div class=\"envira-gallery-position-overlay  envira-gallery-bottom-right\"><\/div><a href=\"https:\/\/thebiopool.com\/wp-content\/uploads\/floralewand-naturalezayarte-ibiza-genova-jardin-vertical-giardino-vericale-vertical-garden-682x1024.jpg\" class=\"envira-gallery-15774 envira-gallery-link\" rel=\"enviragallery15774\" title=\"floralewand-naturalezayarte-ibiza-genova-jardin-vertical-giardino-vericale-vertical-garden-682&amp;amp;#215;1024\" data-envira-caption=\"floralewand-naturalezayarte-ibiza-genova-jardin-vertical-giardino-vericale-vertical-garden-682&amp;amp;#215;1024\" data-envira-retina=\"\" data-thumbnail=\"\"  itemprop=\"contentUrl\"><div class=\"envira-lazy\" data-test-width=\"640\" data-test-height=\"480\" style=\"padding-bottom:75%;\"><img decoding=\"async\" id=\"envira-gallery-image-15776\" class=\"envira-gallery-image envira-gallery-image-2\" data-envira-index=\"2\" src=\"https:\/\/thebiopool.com\/wp-content\/uploads\/floralewand-naturalezayarte-ibiza-genova-jardin-vertical-giardino-vericale-vertical-garden-682x1024-682x1024.jpg\" data-envira-src=\"https:\/\/thebiopool.com\/wp-content\/uploads\/floralewand-naturalezayarte-ibiza-genova-jardin-vertical-giardino-vericale-vertical-garden-682x1024-682x1024.jpg\" data-envira-gallery-id=\"15774\" data-envira-item-id=\"15776\" data-envira-caption=\"floralewand-naturalezayarte-ibiza-genova-jardin-vertical-giardino-vericale-vertical-garden-682&amp;amp;#215;1024\" alt=\"\" title=\"floralewand-naturalezayarte-ibiza-genova-jardin-vertical-giardino-vericale-vertical-garden-682&amp;amp;amp;#215;1024\"  itemprop=\"thumbnailUrl\" data-envira-srcset=\"https:\/\/thebiopool.com\/wp-content\/uploads\/floralewand-naturalezayarte-ibiza-genova-jardin-vertical-giardino-vericale-vertical-garden-682x1024-682x1024.jpg 400w,https:\/\/thebiopool.com\/wp-content\/uploads\/floralewand-naturalezayarte-ibiza-genova-jardin-vertical-giardino-vericale-vertical-garden-682x1024-682x1024.jpg 2x\" srcset=\"data:image\/gif;base64,R0lGODlhAQABAIAAAP\/\/\/\/\/\/\/yH5BAEKAAEALAAAAAABAAEAAAICTAEAOw==\" \/><\/div><\/a><\/div><\/div><div id=\"envira-gallery-item-15777\" class=\"envira-gallery-item enviratope-item envira-gallery-item-3 envira-lazy-load\" style=\"padding-left: 5px; padding-bottom: 10px; padding-right: 5px;\"  itemscope itemtype=\"https:\/\/schema.org\/ImageObject\"><div class=\"envira-gallery-item-inner\"><div class=\"envira-gallery-position-overlay  envira-gallery-top-left\"><\/div><div class=\"envira-gallery-position-overlay  envira-gallery-top-right\"><\/div><div class=\"envira-gallery-position-overlay  envira-gallery-bottom-left\"><\/div><div class=\"envira-gallery-position-overlay  envira-gallery-bottom-right\"><\/div><a href=\"https:\/\/thebiopool.com\/wp-content\/uploads\/giardino-verticale-ibiza-naturalezayarte-genova.jpg\" class=\"envira-gallery-15774 envira-gallery-link\" rel=\"enviragallery15774\" title=\"giardino-verticale-ibiza-naturalezayarte-genova\" data-envira-caption=\"giardino-verticale-ibiza-naturalezayarte-genova\" data-envira-retina=\"\" data-thumbnail=\"\"  itemprop=\"contentUrl\"><div class=\"envira-lazy\" data-test-width=\"640\" data-test-height=\"480\" style=\"padding-bottom:75%;\"><img decoding=\"async\" id=\"envira-gallery-image-15777\" class=\"envira-gallery-image envira-gallery-image-3\" data-envira-index=\"3\" src=\"https:\/\/thebiopool.com\/wp-content\/uploads\/giardino-verticale-ibiza-naturalezayarte-genova.jpg\" data-envira-src=\"https:\/\/thebiopool.com\/wp-content\/uploads\/giardino-verticale-ibiza-naturalezayarte-genova.jpg\" data-envira-gallery-id=\"15774\" data-envira-item-id=\"15777\" data-envira-caption=\"giardino-verticale-ibiza-naturalezayarte-genova\" alt=\"\" title=\"giardino-verticale-ibiza-naturalezayarte-genova\"  itemprop=\"thumbnailUrl\" data-envira-srcset=\"https:\/\/thebiopool.com\/wp-content\/uploads\/giardino-verticale-ibiza-naturalezayarte-genova.jpg 400w,https:\/\/thebiopool.com\/wp-content\/uploads\/giardino-verticale-ibiza-naturalezayarte-genova.jpg 2x\" srcset=\"data:image\/gif;base64,R0lGODlhAQABAIAAAP\/\/\/\/\/\/\/yH5BAEKAAEALAAAAAABAAEAAAICTAEAOw==\" \/><\/div><\/a><\/div><\/div><div id=\"envira-gallery-item-15778\" class=\"envira-gallery-item enviratope-item envira-gallery-item-4 envira-lazy-load\" style=\"padding-left: 5px; padding-bottom: 10px; padding-right: 5px;\"  itemscope itemtype=\"https:\/\/schema.org\/ImageObject\"><div class=\"envira-gallery-item-inner\"><div class=\"envira-gallery-position-overlay  envira-gallery-top-left\"><\/div><div class=\"envira-gallery-position-overlay  envira-gallery-top-right\"><\/div><div class=\"envira-gallery-position-overlay  envira-gallery-bottom-left\"><\/div><div class=\"envira-gallery-position-overlay  envira-gallery-bottom-right\"><\/div><a href=\"https:\/\/thebiopool.com\/wp-content\/uploads\/jard\u00ednverticalibiza-paisajismo-naturalezayarte-eivissgarden.jpg\" class=\"envira-gallery-15774 envira-gallery-link\" rel=\"enviragallery15774\" title=\"jard&iacute;nverticalibiza-paisajismo-naturalezayarte-eivissgarden\" data-envira-caption=\"jard&iacute;nverticalibiza-paisajismo-naturalezayarte-eivissgarden\" data-envira-retina=\"\" data-thumbnail=\"\"  itemprop=\"contentUrl\"><div class=\"envira-lazy\" data-test-width=\"640\" data-test-height=\"480\" style=\"padding-bottom:75%;\"><img decoding=\"async\" id=\"envira-gallery-image-15778\" class=\"envira-gallery-image envira-gallery-image-4\" data-envira-index=\"4\" src=\"https:\/\/thebiopool.com\/wp-content\/uploads\/jard\u00ednverticalibiza-paisajismo-naturalezayarte-eivissgarden.jpg\" data-envira-src=\"https:\/\/thebiopool.com\/wp-content\/uploads\/jard\u00ednverticalibiza-paisajismo-naturalezayarte-eivissgarden.jpg\" data-envira-gallery-id=\"15774\" data-envira-item-id=\"15778\" data-envira-caption=\"jard&iacute;nverticalibiza-paisajismo-naturalezayarte-eivissgarden\" alt=\"\" title=\"jard&amp;iacute;nverticalibiza-paisajismo-naturalezayarte-eivissgarden\"  itemprop=\"thumbnailUrl\" data-envira-srcset=\"https:\/\/thebiopool.com\/wp-content\/uploads\/jard\u00ednverticalibiza-paisajismo-naturalezayarte-eivissgarden.jpg 400w,https:\/\/thebiopool.com\/wp-content\/uploads\/jard\u00ednverticalibiza-paisajismo-naturalezayarte-eivissgarden.jpg 2x\" srcset=\"data:image\/gif;base64,R0lGODlhAQABAIAAAP\/\/\/\/\/\/\/yH5BAEKAAEALAAAAAABAAEAAAICTAEAOw==\" \/><\/div><\/a><\/div><\/div><div id=\"envira-gallery-item-15779\" class=\"envira-gallery-item enviratope-item envira-gallery-item-5 envira-lazy-load\" style=\"padding-left: 5px; padding-bottom: 10px; padding-right: 5px;\"  itemscope itemtype=\"https:\/\/schema.org\/ImageObject\"><div class=\"envira-gallery-item-inner\"><div class=\"envira-gallery-position-overlay  envira-gallery-top-left\"><\/div><div class=\"envira-gallery-position-overlay  envira-gallery-top-right\"><\/div><div class=\"envira-gallery-position-overlay  envira-gallery-bottom-left\"><\/div><div class=\"envira-gallery-position-overlay  envira-gallery-bottom-right\"><\/div><a href=\"https:\/\/thebiopool.com\/wp-content\/uploads\/jardin-vertical-ibiza-stefan-meier-landschaftsarchitekt-genova.jpg\" class=\"envira-gallery-15774 envira-gallery-link\" rel=\"enviragallery15774\" title=\"jardin-vertical-ibiza-stefan-meier-landschaftsarchitekt-genova\" data-envira-caption=\"jardin-vertical-ibiza-stefan-meier-landschaftsarchitekt-genova\" data-envira-retina=\"\" data-thumbnail=\"\"  itemprop=\"contentUrl\"><div class=\"envira-lazy\" data-test-width=\"640\" data-test-height=\"480\" style=\"padding-bottom:75%;\"><img decoding=\"async\" id=\"envira-gallery-image-15779\" class=\"envira-gallery-image envira-gallery-image-5\" data-envira-index=\"5\" src=\"https:\/\/thebiopool.com\/wp-content\/uploads\/jardin-vertical-ibiza-stefan-meier-landschaftsarchitekt-genova.jpg\" data-envira-src=\"https:\/\/thebiopool.com\/wp-content\/uploads\/jardin-vertical-ibiza-stefan-meier-landschaftsarchitekt-genova.jpg\" data-envira-gallery-id=\"15774\" data-envira-item-id=\"15779\" data-envira-caption=\"jardin-vertical-ibiza-stefan-meier-landschaftsarchitekt-genova\" alt=\"\" title=\"jardin-vertical-ibiza-stefan-meier-landschaftsarchitekt-genova\"  itemprop=\"thumbnailUrl\" data-envira-srcset=\"https:\/\/thebiopool.com\/wp-content\/uploads\/jardin-vertical-ibiza-stefan-meier-landschaftsarchitekt-genova.jpg 400w,https:\/\/thebiopool.com\/wp-content\/uploads\/jardin-vertical-ibiza-stefan-meier-landschaftsarchitekt-genova.jpg 2x\" srcset=\"data:image\/gif;base64,R0lGODlhAQABAIAAAP\/\/\/\/\/\/\/yH5BAEKAAEALAAAAAABAAEAAAICTAEAOw==\" \/><\/div><\/a><\/div><\/div><\/div><\/div><noscript><img decoding=\"async\" src=\"https:\/\/thebiopool.com\/wp-content\/uploads\/floralewand-ibiza-naturalezayarte-jardin-vertical-1024x682.jpg\" alt=\"\" \/><img decoding=\"async\" src=\"https:\/\/thebiopool.com\/wp-content\/uploads\/floralewand-naturalezayarte-ibiza-genova-jardin-vertical-giardino-vericale-vertical-garden-682x1024.jpg\" alt=\"\" \/><img decoding=\"async\" src=\"https:\/\/thebiopool.com\/wp-content\/uploads\/giardino-verticale-ibiza-naturalezayarte-genova.jpg\" alt=\"\" \/><img decoding=\"async\" src=\"https:\/\/thebiopool.com\/wp-content\/uploads\/jard\u00ednverticalibiza-paisajismo-naturalezayarte-eivissgarden.jpg\" alt=\"\" \/><img decoding=\"async\" src=\"https:\/\/thebiopool.com\/wp-content\/uploads\/jardin-vertical-ibiza-stefan-meier-landschaftsarchitekt-genova.jpg\" alt=\"\" \/><\/noscript><\/p>","protected":false},"excerpt":{"rendered":"<p>Jard&iacute;n vertical, exposici&oacute;n en el centro de jardiner&iacute;a Eivissgarden en Ibiza. Dise&ntilde;o: Paisajista Stefan Meier Formato: naturalezayarte y Ecogarden Ibiza Datos t&eacute;cnicos: sistema hidrop&oacute;nico con la fertilizaci&oacute;n automatizado con m&oacute;dulos NATURALEZAYARTE VERTICAL 6 m2 Fecha de finalizaci&oacute;n: 2\/2014<\/p>\n","protected":false},"author":1,"featured_media":0,"parent":0,"menu_order":0,"comment_status":"closed","ping_status":"closed","template":"","meta":{"footnotes":""},"class_list":["post-15772","page","type-page","status-publish","hentry"],"yoast_head":"<!-- This site is optimized with the Yoast SEO plugin v27.5 - https:\/\/yoast.com\/product\/yoast-seo-wordpress\/ -->\n<title>Jard\u00edn vertical en el vivero Eivissgarden, Ibiza - expertos en piscinas y estanques naturales<\/title>\n<meta name=\"robots\" content=\"index, follow, max-snippet:-1, max-image-preview:large, max-video-preview:-1\" \/>\n<link rel=\"canonical\" href=\"https:\/\/thebiopool.com\/es\/green-wall-in-the-garden-center-eivissgarden-ibiza\/\" \/>\n<meta property=\"og:locale\" content=\"es_ES\" \/>\n<meta property=\"og:type\" content=\"article\" \/>\n<meta property=\"og:title\" content=\"Jard\u00edn vertical en el vivero Eivissgarden, Ibiza - expertos en piscinas y estanques naturales\" \/>\n<meta property=\"og:description\" content=\"Jard&iacute;n vertical, exposici&oacute;n en el centro de jardiner&iacute;a Eivissgarden en Ibiza. Dise&ntilde;o: Paisajista Stefan Meier Formato: naturalezayarte y Ecogarden Ibiza Datos t&eacute;cnicos: sistema hidrop&oacute;nico con la fertilizaci&oacute;n automatizado con m&oacute;dulos NATURALEZAYARTE VERTICAL 6 m2 Fecha de finalizaci&oacute;n: 2\/2014\" \/>\n<meta property=\"og:url\" content=\"https:\/\/thebiopool.com\/es\/green-wall-in-the-garden-center-eivissgarden-ibiza\/\" \/>\n<meta property=\"og:site_name\" content=\"expertos en piscinas y estanques naturales\" \/>\n<meta property=\"article:publisher\" content=\"https:\/\/www.facebook.com\/Naturaleza-y-Arte-Stefan-Meier-162702410430553\/\" \/>\n<meta property=\"article:modified_time\" content=\"2019-09-22T09:39:16+00:00\" \/>\n<meta name=\"twitter:card\" content=\"summary_large_image\" \/>\n<meta name=\"twitter:label1\" content=\"Tiempo de lectura\" \/>\n\t<meta name=\"twitter:data1\" content=\"1 minuto\" \/>\n<script type=\"application\/ld+json\" class=\"yoast-schema-graph\">{\"@context\":\"https:\\\/\\\/schema.org\",\"@graph\":[{\"@type\":\"WebPage\",\"@id\":\"https:\\\/\\\/thebiopool.com\\\/es\\\/green-wall-in-the-garden-center-eivissgarden-ibiza\\\/\",\"url\":\"https:\\\/\\\/thebiopool.com\\\/es\\\/green-wall-in-the-garden-center-eivissgarden-ibiza\\\/\",\"name\":\"Jard\u00edn vertical en el vivero Eivissgarden, Ibiza - expertos en piscinas y estanques naturales\",\"isPartOf\":{\"@id\":\"https:\\\/\\\/thebiopool.com\\\/es\\\/#website\"},\"datePublished\":\"2019-05-13T22:47:37+00:00\",\"dateModified\":\"2019-09-22T09:39:16+00:00\",\"breadcrumb\":{\"@id\":\"https:\\\/\\\/thebiopool.com\\\/es\\\/green-wall-in-the-garden-center-eivissgarden-ibiza\\\/#breadcrumb\"},\"inLanguage\":\"es\",\"potentialAction\":[{\"@type\":\"ReadAction\",\"target\":[[\"https:\\\/\\\/thebiopool.com\\\/es\\\/green-wall-in-the-garden-center-eivissgarden-ibiza\\\/\"]]}]},{\"@type\":\"BreadcrumbList\",\"@id\":\"https:\\\/\\\/thebiopool.com\\\/es\\\/green-wall-in-the-garden-center-eivissgarden-ibiza\\\/#breadcrumb\",\"itemListElement\":[{\"@type\":\"ListItem\",\"position\":1,\"name\":\"Home\",\"item\":\"https:\\\/\\\/thebiopool.com\\\/es\\\/\"},{\"@type\":\"ListItem\",\"position\":2,\"name\":\"Green Wall in the garden center Eivissgarden, Ibiza\"}]},{\"@type\":\"WebSite\",\"@id\":\"https:\\\/\\\/thebiopool.com\\\/es\\\/#website\",\"url\":\"https:\\\/\\\/thebiopool.com\\\/es\\\/\",\"name\":\"TheBiopool\",\"description\":\"planificamos y creamos su estanque natural\",\"publisher\":{\"@id\":\"https:\\\/\\\/thebiopool.com\\\/es\\\/#organization\"},\"potentialAction\":[{\"@type\":\"SearchAction\",\"target\":{\"@type\":\"EntryPoint\",\"urlTemplate\":\"https:\\\/\\\/thebiopool.com\\\/es\\\/?s={search_term_string}\"},\"query-input\":{\"@type\":\"PropertyValueSpecification\",\"valueRequired\":true,\"valueName\":\"search_term_string\"}}],\"inLanguage\":\"es\"},{\"@type\":\"Organization\",\"@id\":\"https:\\\/\\\/thebiopool.com\\\/es\\\/#organization\",\"name\":\"TheBiopool\",\"url\":\"https:\\\/\\\/thebiopool.com\\\/es\\\/\",\"logo\":{\"@type\":\"ImageObject\",\"inLanguage\":\"es\",\"@id\":\"https:\\\/\\\/thebiopool.com\\\/es\\\/#\\\/schema\\\/logo\\\/image\\\/\",\"url\":\"https:\\\/\\\/thebiopool.com\\\/wp-content\\\/uploads\\\/logo-schatten-website-klein.png\",\"contentUrl\":\"https:\\\/\\\/thebiopool.com\\\/wp-content\\\/uploads\\\/logo-schatten-website-klein.png\",\"width\":220,\"height\":64,\"caption\":\"TheBiopool\"},\"image\":{\"@id\":\"https:\\\/\\\/thebiopool.com\\\/es\\\/#\\\/schema\\\/logo\\\/image\\\/\"},\"sameAs\":[\"https:\\\/\\\/www.facebook.com\\\/Naturaleza-y-Arte-Stefan-Meier-162702410430553\\\/\",\"https:\\\/\\\/www.instagram.com\\\/thebiopool\\\/\"]}]}<\/script>\n<!-- \/ Yoast SEO plugin. -->","yoast_head_json":{"title":"Jard\u00edn vertical en el vivero Eivissgarden, Ibiza - expertos en piscinas y estanques naturales","robots":{"index":"index","follow":"follow","max-snippet":"max-snippet:-1","max-image-preview":"max-image-preview:large","max-video-preview":"max-video-preview:-1"},"canonical":"https:\/\/thebiopool.com\/es\/green-wall-in-the-garden-center-eivissgarden-ibiza\/","og_locale":"es_ES","og_type":"article","og_title":"Jard\u00edn vertical en el vivero Eivissgarden, Ibiza - expertos en piscinas y estanques naturales","og_description":"Jard&iacute;n vertical, exposici&oacute;n en el centro de jardiner&iacute;a Eivissgarden en Ibiza. Dise&ntilde;o: Paisajista Stefan Meier Formato: naturalezayarte y Ecogarden Ibiza Datos t&eacute;cnicos: sistema hidrop&oacute;nico con la fertilizaci&oacute;n automatizado con m&oacute;dulos NATURALEZAYARTE VERTICAL 6 m2 Fecha de finalizaci&oacute;n: 2\/2014","og_url":"https:\/\/thebiopool.com\/es\/green-wall-in-the-garden-center-eivissgarden-ibiza\/","og_site_name":"expertos en piscinas y estanques naturales","article_publisher":"https:\/\/www.facebook.com\/Naturaleza-y-Arte-Stefan-Meier-162702410430553\/","article_modified_time":"2019-09-22T09:39:16+00:00","twitter_card":"summary_large_image","twitter_misc":{"Tiempo de lectura":"1 minuto"},"schema":{"@context":"https:\/\/schema.org","@graph":[{"@type":"WebPage","@id":"https:\/\/thebiopool.com\/es\/green-wall-in-the-garden-center-eivissgarden-ibiza\/","url":"https:\/\/thebiopool.com\/es\/green-wall-in-the-garden-center-eivissgarden-ibiza\/","name":"Jard\u00edn vertical en el vivero Eivissgarden, Ibiza - expertos en piscinas y estanques naturales","isPartOf":{"@id":"https:\/\/thebiopool.com\/es\/#website"},"datePublished":"2019-05-13T22:47:37+00:00","dateModified":"2019-09-22T09:39:16+00:00","breadcrumb":{"@id":"https:\/\/thebiopool.com\/es\/green-wall-in-the-garden-center-eivissgarden-ibiza\/#breadcrumb"},"inLanguage":"es","potentialAction":[{"@type":"ReadAction","target":[["https:\/\/thebiopool.com\/es\/green-wall-in-the-garden-center-eivissgarden-ibiza\/"]]}]},{"@type":"BreadcrumbList","@id":"https:\/\/thebiopool.com\/es\/green-wall-in-the-garden-center-eivissgarden-ibiza\/#breadcrumb","itemListElement":[{"@type":"ListItem","position":1,"name":"Home","item":"https:\/\/thebiopool.com\/es\/"},{"@type":"ListItem","position":2,"name":"Green Wall in the garden center Eivissgarden, Ibiza"}]},{"@type":"WebSite","@id":"https:\/\/thebiopool.com\/es\/#website","url":"https:\/\/thebiopool.com\/es\/","name":"TheBiopool","description":"planificamos y creamos su estanque natural","publisher":{"@id":"https:\/\/thebiopool.com\/es\/#organization"},"potentialAction":[{"@type":"SearchAction","target":{"@type":"EntryPoint","urlTemplate":"https:\/\/thebiopool.com\/es\/?s={search_term_string}"},"query-input":{"@type":"PropertyValueSpecification","valueRequired":true,"valueName":"search_term_string"}}],"inLanguage":"es"},{"@type":"Organization","@id":"https:\/\/thebiopool.com\/es\/#organization","name":"TheBiopool","url":"https:\/\/thebiopool.com\/es\/","logo":{"@type":"ImageObject","inLanguage":"es","@id":"https:\/\/thebiopool.com\/es\/#\/schema\/logo\/image\/","url":"https:\/\/thebiopool.com\/wp-content\/uploads\/logo-schatten-website-klein.png","contentUrl":"https:\/\/thebiopool.com\/wp-content\/uploads\/logo-schatten-website-klein.png","width":220,"height":64,"caption":"TheBiopool"},"image":{"@id":"https:\/\/thebiopool.com\/es\/#\/schema\/logo\/image\/"},"sameAs":["https:\/\/www.facebook.com\/Naturaleza-y-Arte-Stefan-Meier-162702410430553\/","https:\/\/www.instagram.com\/thebiopool\/"]}]}},"_links":{"self":[{"href":"https:\/\/thebiopool.com\/es\/wp-json\/wp\/v2\/pages\/15772","targetHints":{"allow":["GET"]}}],"collection":[{"href":"https:\/\/thebiopool.com\/es\/wp-json\/wp\/v2\/pages"}],"about":[{"href":"https:\/\/thebiopool.com\/es\/wp-json\/wp\/v2\/types\/page"}],"author":[{"embeddable":true,"href":"https:\/\/thebiopool.com\/es\/wp-json\/wp\/v2\/users\/1"}],"replies":[{"embeddable":true,"href":"https:\/\/thebiopool.com\/es\/wp-json\/wp\/v2\/comments?post=15772"}],"version-history":[{"count":0,"href":"https:\/\/thebiopool.com\/es\/wp-json\/wp\/v2\/pages\/15772\/revisions"}],"wp:attachment":[{"href":"https:\/\/thebiopool.com\/es\/wp-json\/wp\/v2\/media?parent=15772"}],"curies":[{"name":"wp","href":"https:\/\/api.w.org\/{rel}","templated":true}]}}