{"id":16794,"date":"2022-01-25T20:59:28","date_gmt":"2022-01-25T19:59:28","guid":{"rendered":"https:\/\/thebiopool.com\/?page_id=16794"},"modified":"2022-01-26T09:01:42","modified_gmt":"2022-01-26T08:01:42","slug":"swimming-ponds-and-natural-pools","status":"publish","type":"page","link":"https:\/\/thebiopool.com\/es\/swimming-ponds-and-natural-pools\/","title":{"rendered":"Swimming Ponds and Natural Pools"},"content":{"rendered":"<div id=\"pl-16794\"  class=\"panel-layout\" ><div id=\"pg-16794-0\"  class=\"panel-grid panel-has-style\" ><div class=\"siteorigin-panels-stretch panel-row-style panel-row-style-for-16794-0\" data-stretch-type=\"full-stretched\" ><div id=\"pgc-16794-0-0\"  class=\"panel-grid-cell panel-grid-cell-empty\" ><\/div><div id=\"pgc-16794-0-1\"  class=\"panel-grid-cell\" ><div id=\"panel-16794-0-1-0\" class=\"so-panel widget widget_sow-editor panel-first-child panel-last-child\" data-index=\"0\" ><div class=\"panel-widget-style panel-widget-style-for-16794-0-1-0\" ><div\n\t\t\t\n\t\t\tclass=\"so-widget-sow-editor so-widget-sow-editor-base\"\n\t\t\t\n\t\t>\n<div class=\"siteorigin-widget-tinymce textwidget\">\n\t<\/div>\n<\/div><\/div><\/div><\/div><div id=\"pgc-16794-0-2\"  class=\"panel-grid-cell panel-grid-cell-mobile-last\" ><div id=\"panel-16794-0-2-0\" class=\"so-panel widget widget_sow-editor panel-first-child panel-last-child\" data-index=\"1\" ><div\n\t\t\t\n\t\t\tclass=\"so-widget-sow-editor so-widget-sow-editor-base\"\n\t\t\t\n\t\t>\n<div class=\"siteorigin-widget-tinymce textwidget\">\n\t<p><span id=\"page1R_mcid1\" class=\"markedContent\"><span dir=\"ltr\" role=\"presentation\">sind k\u00fcnstlich gescha<\/span><span class=\"markedContent\"><span dir=\"ltr\" role=\"presentation\">ff<\/span><\/span><span dir=\"ltr\" role=\"presentation\">ene Badegew\u00e4sser mit rein biologischer <\/span><span dir=\"ltr\" role=\"presentation\">Wasserreinigung. Das Badewasser ist sanft zu Haut und Augen, dabei erfrischend und gesund.<\/span> <\/span><span id=\"page1R_mcid2\" class=\"markedContent\"><br role=\"presentation\"\/><span dir=\"ltr\" role=\"presentation\">Je nach Bauweise k\u00f6nnen sie v\u00f6llig nat\u00fcrlich wie ein kleiner See wirken, mit \u00fcppiger, bl\u00fchender <\/span><span dir=\"ltr\" role=\"presentation\">Ufervegetation, der sich v\u00f6llig in die Natur integriert. Der Badende kann Fr\u00f6sche und Libellen <\/span><span dir=\"ltr\" role=\"presentation\">beobachten, ebenso wie Bienen und V\u00f6gel die zum Trinken und Baden kommen.<\/span> <\/span><\/p>\n<\/div>\n<\/div><\/div><\/div><div id=\"pgc-16794-0-3\"  class=\"panel-grid-cell panel-grid-cell-empty\" ><\/div><\/div><\/div><\/div>","protected":false},"excerpt":{"rendered":"<p>sind k&uuml;nstlich geschaffene Badegew&auml;sser mit rein biologischer Wasserreinigung. Das Badewasser ist sanft zu Haut und Augen, dabei erfrischend und gesund. Je nach Bauweise k&ouml;nnen sie v&ouml;llig nat&uuml;rlich wie ein kleiner See wirken, mit &uuml;ppiger, bl&uuml;hender Ufervegetation, der sich v&ouml;llig in die Natur integriert. Der Badende kann Fr&ouml;sche und Libellen beobachten, ebenso wie Bienen und V&ouml;gel die zum Trinken und Baden kommen.<\/p>\n","protected":false},"author":1,"featured_media":16799,"parent":0,"menu_order":0,"comment_status":"closed","ping_status":"closed","template":"","meta":{"footnotes":""},"class_list":["post-16794","page","type-page","status-publish","has-post-thumbnail","hentry"],"yoast_head":"<!-- This site is optimized with the Yoast SEO plugin v27.5 - https:\/\/yoast.com\/product\/yoast-seo-wordpress\/ -->\n<title>Swimming Ponds and Natural Pools - expertos en piscinas y estanques naturales<\/title>\n<meta name=\"robots\" content=\"index, follow, max-snippet:-1, max-image-preview:large, max-video-preview:-1\" \/>\n<link rel=\"canonical\" href=\"https:\/\/thebiopool.com\/es\/swimming-ponds-and-natural-pools\/\" \/>\n<meta property=\"og:locale\" content=\"es_ES\" \/>\n<meta property=\"og:type\" content=\"article\" \/>\n<meta property=\"og:title\" content=\"Swimming Ponds and Natural Pools - expertos en piscinas y estanques naturales\" \/>\n<meta property=\"og:description\" content=\"sind k&uuml;nstlich geschaffene Badegew&auml;sser mit rein biologischer Wasserreinigung. Das Badewasser ist sanft zu Haut und Augen, dabei erfrischend und gesund. Je nach Bauweise k&ouml;nnen sie v&ouml;llig nat&uuml;rlich wie ein kleiner See wirken, mit &uuml;ppiger, bl&uuml;hender Ufervegetation, der sich v&ouml;llig in die Natur integriert. Der Badende kann Fr&ouml;sche und Libellen beobachten, ebenso wie Bienen und V&ouml;gel die zum Trinken und Baden kommen.\" \/>\n<meta property=\"og:url\" content=\"https:\/\/thebiopool.com\/es\/swimming-ponds-and-natural-pools\/\" \/>\n<meta property=\"og:site_name\" content=\"expertos en piscinas y estanques naturales\" \/>\n<meta property=\"article:publisher\" content=\"https:\/\/www.facebook.com\/Naturaleza-y-Arte-Stefan-Meier-162702410430553\/\" \/>\n<meta property=\"article:modified_time\" content=\"2022-01-26T08:01:42+00:00\" \/>\n<meta property=\"og:image\" content=\"https:\/\/thebiopool.com\/wp-content\/uploads\/Swimming-Ponds-by-the-Biopool.jpg\" \/>\n\t<meta property=\"og:image:width\" content=\"2000\" \/>\n\t<meta property=\"og:image:height\" content=\"1320\" \/>\n\t<meta property=\"og:image:type\" content=\"image\/jpeg\" \/>\n<meta name=\"twitter:card\" content=\"summary_large_image\" \/>\n<script type=\"application\/ld+json\" class=\"yoast-schema-graph\">{\"@context\":\"https:\\\/\\\/schema.org\",\"@graph\":[{\"@type\":\"WebPage\",\"@id\":\"https:\\\/\\\/thebiopool.com\\\/es\\\/swimming-ponds-and-natural-pools\\\/\",\"url\":\"https:\\\/\\\/thebiopool.com\\\/es\\\/swimming-ponds-and-natural-pools\\\/\",\"name\":\"Swimming Ponds and Natural Pools - expertos en piscinas y estanques naturales\",\"isPartOf\":{\"@id\":\"https:\\\/\\\/thebiopool.com\\\/es\\\/#website\"},\"primaryImageOfPage\":{\"@id\":\"https:\\\/\\\/thebiopool.com\\\/es\\\/swimming-ponds-and-natural-pools\\\/#primaryimage\"},\"image\":{\"@id\":\"https:\\\/\\\/thebiopool.com\\\/swimming-ponds-and-natural-pools\\\/#primaryimage\"},\"thumbnailUrl\":\"https:\\\/\\\/thebiopool.com\\\/wp-content\\\/uploads\\\/Swimming-Ponds-by-the-Biopool.jpg\",\"datePublished\":\"2022-01-25T19:59:28+00:00\",\"dateModified\":\"2022-01-26T08:01:42+00:00\",\"breadcrumb\":{\"@id\":\"https:\\\/\\\/thebiopool.com\\\/es\\\/swimming-ponds-and-natural-pools\\\/#breadcrumb\"},\"inLanguage\":\"es\",\"potentialAction\":[{\"@type\":\"ReadAction\",\"target\":[[\"https:\\\/\\\/thebiopool.com\\\/es\\\/swimming-ponds-and-natural-pools\\\/\"]]}]},{\"@type\":\"ImageObject\",\"inLanguage\":\"es\",\"@id\":\"https:\\\/\\\/thebiopool.com\\\/es\\\/swimming-ponds-and-natural-pools\\\/#primaryimage\",\"url\":\"https:\\\/\\\/thebiopool.com\\\/wp-content\\\/uploads\\\/Swimming-Ponds-by-the-Biopool.jpg\",\"contentUrl\":\"https:\\\/\\\/thebiopool.com\\\/wp-content\\\/uploads\\\/Swimming-Ponds-by-the-Biopool.jpg\",\"width\":2000,\"height\":1320,\"caption\":\"Swimming Ponds by the Biopool\"},{\"@type\":\"BreadcrumbList\",\"@id\":\"https:\\\/\\\/thebiopool.com\\\/es\\\/swimming-ponds-and-natural-pools\\\/#breadcrumb\",\"itemListElement\":[{\"@type\":\"ListItem\",\"position\":1,\"name\":\"Home\",\"item\":\"https:\\\/\\\/thebiopool.com\\\/es\\\/\"},{\"@type\":\"ListItem\",\"position\":2,\"name\":\"Swimming Ponds and Natural Pools\"}]},{\"@type\":\"WebSite\",\"@id\":\"https:\\\/\\\/thebiopool.com\\\/es\\\/#website\",\"url\":\"https:\\\/\\\/thebiopool.com\\\/es\\\/\",\"name\":\"TheBiopool\",\"description\":\"planificamos y creamos su estanque natural\",\"publisher\":{\"@id\":\"https:\\\/\\\/thebiopool.com\\\/es\\\/#organization\"},\"potentialAction\":[{\"@type\":\"SearchAction\",\"target\":{\"@type\":\"EntryPoint\",\"urlTemplate\":\"https:\\\/\\\/thebiopool.com\\\/es\\\/?s={search_term_string}\"},\"query-input\":{\"@type\":\"PropertyValueSpecification\",\"valueRequired\":true,\"valueName\":\"search_term_string\"}}],\"inLanguage\":\"es\"},{\"@type\":\"Organization\",\"@id\":\"https:\\\/\\\/thebiopool.com\\\/es\\\/#organization\",\"name\":\"TheBiopool\",\"url\":\"https:\\\/\\\/thebiopool.com\\\/es\\\/\",\"logo\":{\"@type\":\"ImageObject\",\"inLanguage\":\"es\",\"@id\":\"https:\\\/\\\/thebiopool.com\\\/es\\\/#\\\/schema\\\/logo\\\/image\\\/\",\"url\":\"https:\\\/\\\/thebiopool.com\\\/wp-content\\\/uploads\\\/logo-schatten-website-klein.png\",\"contentUrl\":\"https:\\\/\\\/thebiopool.com\\\/wp-content\\\/uploads\\\/logo-schatten-website-klein.png\",\"width\":220,\"height\":64,\"caption\":\"TheBiopool\"},\"image\":{\"@id\":\"https:\\\/\\\/thebiopool.com\\\/es\\\/#\\\/schema\\\/logo\\\/image\\\/\"},\"sameAs\":[\"https:\\\/\\\/www.facebook.com\\\/Naturaleza-y-Arte-Stefan-Meier-162702410430553\\\/\",\"https:\\\/\\\/www.instagram.com\\\/thebiopool\\\/\"]}]}<\/script>\n<!-- \/ Yoast SEO plugin. -->","yoast_head_json":{"title":"Swimming Ponds and Natural Pools - expertos en piscinas y estanques naturales","robots":{"index":"index","follow":"follow","max-snippet":"max-snippet:-1","max-image-preview":"max-image-preview:large","max-video-preview":"max-video-preview:-1"},"canonical":"https:\/\/thebiopool.com\/es\/swimming-ponds-and-natural-pools\/","og_locale":"es_ES","og_type":"article","og_title":"Swimming Ponds and Natural Pools - expertos en piscinas y estanques naturales","og_description":"sind k&uuml;nstlich geschaffene Badegew&auml;sser mit rein biologischer Wasserreinigung. Das Badewasser ist sanft zu Haut und Augen, dabei erfrischend und gesund. Je nach Bauweise k&ouml;nnen sie v&ouml;llig nat&uuml;rlich wie ein kleiner See wirken, mit &uuml;ppiger, bl&uuml;hender Ufervegetation, der sich v&ouml;llig in die Natur integriert. Der Badende kann Fr&ouml;sche und Libellen beobachten, ebenso wie Bienen und V&ouml;gel die zum Trinken und Baden kommen.","og_url":"https:\/\/thebiopool.com\/es\/swimming-ponds-and-natural-pools\/","og_site_name":"expertos en piscinas y estanques naturales","article_publisher":"https:\/\/www.facebook.com\/Naturaleza-y-Arte-Stefan-Meier-162702410430553\/","article_modified_time":"2022-01-26T08:01:42+00:00","og_image":[{"width":2000,"height":1320,"url":"https:\/\/thebiopool.com\/wp-content\/uploads\/Swimming-Ponds-by-the-Biopool.jpg","type":"image\/jpeg"}],"twitter_card":"summary_large_image","schema":{"@context":"https:\/\/schema.org","@graph":[{"@type":"WebPage","@id":"https:\/\/thebiopool.com\/es\/swimming-ponds-and-natural-pools\/","url":"https:\/\/thebiopool.com\/es\/swimming-ponds-and-natural-pools\/","name":"Swimming Ponds and Natural Pools - expertos en piscinas y estanques naturales","isPartOf":{"@id":"https:\/\/thebiopool.com\/es\/#website"},"primaryImageOfPage":{"@id":"https:\/\/thebiopool.com\/es\/swimming-ponds-and-natural-pools\/#primaryimage"},"image":{"@id":"https:\/\/thebiopool.com\/swimming-ponds-and-natural-pools\/#primaryimage"},"thumbnailUrl":"https:\/\/thebiopool.com\/wp-content\/uploads\/Swimming-Ponds-by-the-Biopool.jpg","datePublished":"2022-01-25T19:59:28+00:00","dateModified":"2022-01-26T08:01:42+00:00","breadcrumb":{"@id":"https:\/\/thebiopool.com\/es\/swimming-ponds-and-natural-pools\/#breadcrumb"},"inLanguage":"es","potentialAction":[{"@type":"ReadAction","target":[["https:\/\/thebiopool.com\/es\/swimming-ponds-and-natural-pools\/"]]}]},{"@type":"ImageObject","inLanguage":"es","@id":"https:\/\/thebiopool.com\/es\/swimming-ponds-and-natural-pools\/#primaryimage","url":"https:\/\/thebiopool.com\/wp-content\/uploads\/Swimming-Ponds-by-the-Biopool.jpg","contentUrl":"https:\/\/thebiopool.com\/wp-content\/uploads\/Swimming-Ponds-by-the-Biopool.jpg","width":2000,"height":1320,"caption":"Swimming Ponds by the Biopool"},{"@type":"BreadcrumbList","@id":"https:\/\/thebiopool.com\/es\/swimming-ponds-and-natural-pools\/#breadcrumb","itemListElement":[{"@type":"ListItem","position":1,"name":"Home","item":"https:\/\/thebiopool.com\/es\/"},{"@type":"ListItem","position":2,"name":"Swimming Ponds and Natural Pools"}]},{"@type":"WebSite","@id":"https:\/\/thebiopool.com\/es\/#website","url":"https:\/\/thebiopool.com\/es\/","name":"TheBiopool","description":"planificamos y creamos su estanque natural","publisher":{"@id":"https:\/\/thebiopool.com\/es\/#organization"},"potentialAction":[{"@type":"SearchAction","target":{"@type":"EntryPoint","urlTemplate":"https:\/\/thebiopool.com\/es\/?s={search_term_string}"},"query-input":{"@type":"PropertyValueSpecification","valueRequired":true,"valueName":"search_term_string"}}],"inLanguage":"es"},{"@type":"Organization","@id":"https:\/\/thebiopool.com\/es\/#organization","name":"TheBiopool","url":"https:\/\/thebiopool.com\/es\/","logo":{"@type":"ImageObject","inLanguage":"es","@id":"https:\/\/thebiopool.com\/es\/#\/schema\/logo\/image\/","url":"https:\/\/thebiopool.com\/wp-content\/uploads\/logo-schatten-website-klein.png","contentUrl":"https:\/\/thebiopool.com\/wp-content\/uploads\/logo-schatten-website-klein.png","width":220,"height":64,"caption":"TheBiopool"},"image":{"@id":"https:\/\/thebiopool.com\/es\/#\/schema\/logo\/image\/"},"sameAs":["https:\/\/www.facebook.com\/Naturaleza-y-Arte-Stefan-Meier-162702410430553\/","https:\/\/www.instagram.com\/thebiopool\/"]}]}},"_links":{"self":[{"href":"https:\/\/thebiopool.com\/es\/wp-json\/wp\/v2\/pages\/16794","targetHints":{"allow":["GET"]}}],"collection":[{"href":"https:\/\/thebiopool.com\/es\/wp-json\/wp\/v2\/pages"}],"about":[{"href":"https:\/\/thebiopool.com\/es\/wp-json\/wp\/v2\/types\/page"}],"author":[{"embeddable":true,"href":"https:\/\/thebiopool.com\/es\/wp-json\/wp\/v2\/users\/1"}],"replies":[{"embeddable":true,"href":"https:\/\/thebiopool.com\/es\/wp-json\/wp\/v2\/comments?post=16794"}],"version-history":[{"count":0,"href":"https:\/\/thebiopool.com\/es\/wp-json\/wp\/v2\/pages\/16794\/revisions"}],"wp:featuredmedia":[{"embeddable":true,"href":"https:\/\/thebiopool.com\/es\/wp-json\/wp\/v2\/media\/16799"}],"wp:attachment":[{"href":"https:\/\/thebiopool.com\/es\/wp-json\/wp\/v2\/media?parent=16794"}],"curies":[{"name":"wp","href":"https:\/\/api.w.org\/{rel}","templated":true}]}}