{"id":16913,"date":"2022-02-02T17:19:45","date_gmt":"2022-02-02T16:19:45","guid":{"rendered":"https:\/\/thebiopool.com\/?page_id=16913"},"modified":"2022-03-21T11:19:31","modified_gmt":"2022-03-21T10:19:31","slug":"biological","status":"publish","type":"page","link":"https:\/\/thebiopool.com\/es\/biological\/","title":{"rendered":"(English) Biological"},"content":{"rendered":"<div id=\"pl-16913\"  class=\"panel-layout\" ><div id=\"pg-16913-0\"  class=\"panel-grid panel-has-style\" ><div class=\"siteorigin-panels-stretch panel-row-style panel-row-style-for-16913-0\" data-stretch-type=\"full-stretched\" ><div id=\"pgc-16913-0-0\"  class=\"panel-grid-cell panel-grid-cell-empty\" ><\/div><div id=\"pgc-16913-0-1\"  class=\"panel-grid-cell panel-grid-cell-mobile-last\" ><div id=\"panel-16913-0-1-0\" class=\"so-panel widget widget_sow-editor panel-first-child panel-last-child\" data-index=\"0\" ><div\n\t\t\t\n\t\t\tclass=\"so-widget-sow-editor so-widget-sow-editor-base\"\n\t\t\t\n\t\t>\n<div class=\"siteorigin-widget-tinymce textwidget\">\n\t<p>El tratamiento del agua es puramente biol\u00f3gico-mec\u00e1nico basado en el modelo de la naturaleza.<br \/>\nLa pir\u00e1mide alimenticia en el ba\u00f1o con tratamiento biol\u00f3gico del agua:<\/p>\n<\/p>\n<table border=\"0\" width=\"100%\" cellspacing=\"0\" cellpadding=\"4\">\n<tbody>\n<tr valign=\"TOP\">\n<td width=\"50%\"><img decoding=\"async\" class=\"alignleft wp-image-16903 size-medium lazyload\" data-src=\"https:\/\/thebiopool.com\/wp-content\/uploads\/plankton-the-biopool-1-300x194.jpg\" alt=\"\" width=\"300\" height=\"194\" data-srcset=\"https:\/\/thebiopool.com\/wp-content\/uploads\/plankton-the-biopool-1-300x194.jpg 300w, https:\/\/thebiopool.com\/wp-content\/uploads\/plankton-the-biopool-1-600x388.jpg 600w, https:\/\/thebiopool.com\/wp-content\/uploads\/plankton-the-biopool-1-768x496.jpg 768w, https:\/\/thebiopool.com\/wp-content\/uploads\/plankton-the-biopool-1-350x226.jpg 350w, https:\/\/thebiopool.com\/wp-content\/uploads\/plankton-the-biopool-1.jpg 1000w\" data-sizes=\"(max-width: 300px) 100vw, 300px\" src=\"data:image\/svg+xml;base64,PHN2ZyB3aWR0aD0iMSIgaGVpZ2h0PSIxIiB4bWxucz0iaHR0cDovL3d3dy53My5vcmcvMjAwMC9zdmciPjwvc3ZnPg==\" style=\"--smush-placeholder-width: 300px; --smush-placeholder-aspect-ratio: 300\/194;\" \/><\/td>\n<td width=\"50%\">\n<p lang=\"de-DE\" align=\"LEFT\"><span style=\"color: #000000;\"><span style=\"font-family: Helvetica Neue, Helvetica Neue, sans-serif;\"><span style=\"font-size: small;\">La calidad del agua debe lograrse a trav\u00e9s de la gesti\u00f3n de nutrientes para alcanzar el nivel tr\u00f3fico planificado utilizando la cadena alimentaria natural. <\/span><\/span><\/span><\/p>\n<p lang=\"de-DE\" align=\"LEFT\"><span style=\"color: #000000;\"><span style=\"font-family: Helvetica Neue, Helvetica Neue, sans-serif;\"><span style=\"font-size: small;\">La amplia base de la pir\u00e1mide alimenticia est\u00e1 formada por protozoos como bacterias, algas y hongos. Donde el agua natural y la luz se unen, crecen peque\u00f1as algas r\u00e1pidamente, que extraen los nutrientes del agua y los utilizan para formar biomasa y producir ox\u00edgeno.<br \/>\nEsta es la base de muchos otros procesos biol\u00f3gicos de limpieza.<br \/>\n<\/span><\/span><\/span><\/p>\n<\/td>\n<\/tr>\n<tr valign=\"TOP\">\n<td width=\"50%\">\n<p lang=\"de-DE\" align=\"LEFT\"><span style=\"color: #000000;\"><span style=\"font-family: Helvetica Neue, Helvetica Neue, sans-serif;\"><span style=\"font-size: small;\">El zooplancton es el siguiente nivel en la cadena alimentaria. Se trata de peque\u00f1os crust\u00e1ceos, principalmente, los que continuamente filtran y comen algas y bacterias del agua. Por ello, son un elemento importante en el \"desempe\u00f1o de la higiene\", la eliminaci\u00f3n de g\u00e9rmenes pat\u00f3genos. La mayor\u00eda de pat\u00f3genos potenciales no surgen en el agua, sino que son bacterias intestinales que traen los usuarios al ba\u00f1o o otros animales vertebrados.<br \/>\nDado que el agua de un estanque de ba\u00f1o es rica en ox\u00edgeno, las bacterias intestinales no pueden multiplicarse y son r\u00e1pidamente eliminadas por el zooplancton.<\/p>\n<\/td>\n<td width=\"50%\"><img decoding=\"async\" class=\"alignleft wp-image-16927 size-medium lazyload\" data-src=\"https:\/\/thebiopool.com\/wp-content\/uploads\/zooplankton-6.Seite2_-300x198.jpg\" alt=\"\" width=\"300\" height=\"198\" data-srcset=\"https:\/\/thebiopool.com\/wp-content\/uploads\/zooplankton-6.Seite2_-300x198.jpg 300w, https:\/\/thebiopool.com\/wp-content\/uploads\/zooplankton-6.Seite2_-600x397.jpg 600w, https:\/\/thebiopool.com\/wp-content\/uploads\/zooplankton-6.Seite2_-768x508.jpg 768w, https:\/\/thebiopool.com\/wp-content\/uploads\/zooplankton-6.Seite2_-350x231.jpg 350w, https:\/\/thebiopool.com\/wp-content\/uploads\/zooplankton-6.Seite2_.jpg 900w\" data-sizes=\"(max-width: 300px) 100vw, 300px\" src=\"data:image\/svg+xml;base64,PHN2ZyB3aWR0aD0iMSIgaGVpZ2h0PSIxIiB4bWxucz0iaHR0cDovL3d3dy53My5vcmcvMjAwMC9zdmciPjwvc3ZnPg==\" style=\"--smush-placeholder-width: 300px; --smush-placeholder-aspect-ratio: 300\/198;\" \/><\/td>\n<\/tr>\n<tr valign=\"TOP\">\n<td width=\"50%\"><img decoding=\"async\" class=\"alignleft wp-image-16924 size-medium lazyload\" data-src=\"https:\/\/thebiopool.com\/wp-content\/uploads\/stechmucken-6.Seite2_-300x200.jpg\" alt=\"\" width=\"300\" height=\"200\" data-srcset=\"https:\/\/thebiopool.com\/wp-content\/uploads\/stechmucken-6.Seite2_-300x200.jpg 300w, https:\/\/thebiopool.com\/wp-content\/uploads\/stechmucken-6.Seite2_-600x400.jpg 600w, https:\/\/thebiopool.com\/wp-content\/uploads\/stechmucken-6.Seite2_-768x512.jpg 768w, https:\/\/thebiopool.com\/wp-content\/uploads\/stechmucken-6.Seite2_-350x233.jpg 350w, https:\/\/thebiopool.com\/wp-content\/uploads\/stechmucken-6.Seite2_-272x182.jpg 272w, https:\/\/thebiopool.com\/wp-content\/uploads\/stechmucken-6.Seite2_.jpg 1000w\" data-sizes=\"(max-width: 300px) 100vw, 300px\" src=\"data:image\/svg+xml;base64,PHN2ZyB3aWR0aD0iMSIgaGVpZ2h0PSIxIiB4bWxucz0iaHR0cDovL3d3dy53My5vcmcvMjAwMC9zdmciPjwvc3ZnPg==\" style=\"--smush-placeholder-width: 300px; --smush-placeholder-aspect-ratio: 300\/200;\" \/><\/td>\n<td width=\"50%\">\n<p lang=\"de-DE\" align=\"LEFT\"><span style=\"color: #000000;\"><span style=\"font-family: Helvetica Neue, Helvetica Neue, sans-serif;\"><span style=\"font-size: small;\">Las larvas de mosquito tambi\u00e9n comen plancton y detritos (materia org\u00e1nica en descomposici\u00f3n). \u00c9stas respiran aire en la superficie y, por lo tanto, tambi\u00e9n pueden prosperar en aguas libres de ox\u00edgeno y sobrefertilizadas. Sin embargo, son presa f\u00e1cil para todos los depredadores que se encuentran en aguas pobres en nutrientes y con una biolog\u00eda establecida, por lo que se los comen inmediatamente. De este modo, los mosquitos no aparecen en estanques de ba\u00f1o y piscinas biologicas bien estabilizados, pero s\u00ed podr\u00e1n multiplicarse r\u00e1pidamente en peque\u00f1os charcos y platillos de jarrones de flores que se encuentren cerca.<br \/>\n<\/span><\/span><\/span><span style=\"color: #000000;\"><span style=\"font-family: Helvetica Neue, Helvetica Neue, sans-serif;\"><span style=\"font-size: small;\"><\/p>\n<\/td>\n<\/tr>\n<tr valign=\"TOP\">\n<td width=\"50%\">\n<p lang=\"de-DE\" align=\"LEFT\"><span style=\"color: #000000;\"><span style=\"font-family: Helvetica Neue, Helvetica Neue, sans-serif;\"><span style=\"font-size: small;\">A su vez, el zooplancton es devorado por insectos y sus larvas, as\u00ed como por larvas de trit\u00f3n y peque\u00f1os peces. Los peces peque\u00f1os que se multiplican r\u00e1pidamente sin otros depredadores (por ejemplo, la gambusia invasiva) pueden hacer diezmar el zooplancton hasta el punto de que falle como regulador natural del fitoplancton. Esto conduce a una fuerte proliferaci\u00f3n de algas y agua verde, por lo que no se utilizan peces en el estanque de nataci\u00f3n o en la piscina natural.\n<\/p>\n<\/td>\n<td width=\"50%\"><img decoding=\"async\" class=\"alignleft wp-image-16923 size-medium lazyload\" data-src=\"https:\/\/thebiopool.com\/wp-content\/uploads\/kleine-fische-6.Seite2_-300x200.jpg\" alt=\"\" width=\"300\" height=\"200\" data-srcset=\"https:\/\/thebiopool.com\/wp-content\/uploads\/kleine-fische-6.Seite2_-300x200.jpg 300w, https:\/\/thebiopool.com\/wp-content\/uploads\/kleine-fische-6.Seite2_-600x400.jpg 600w, https:\/\/thebiopool.com\/wp-content\/uploads\/kleine-fische-6.Seite2_-350x233.jpg 350w, https:\/\/thebiopool.com\/wp-content\/uploads\/kleine-fische-6.Seite2_-272x182.jpg 272w, https:\/\/thebiopool.com\/wp-content\/uploads\/kleine-fische-6.Seite2_.jpg 680w\" data-sizes=\"(max-width: 300px) 100vw, 300px\" src=\"data:image\/svg+xml;base64,PHN2ZyB3aWR0aD0iMSIgaGVpZ2h0PSIxIiB4bWxucz0iaHR0cDovL3d3dy53My5vcmcvMjAwMC9zdmciPjwvc3ZnPg==\" style=\"--smush-placeholder-width: 300px; --smush-placeholder-aspect-ratio: 300\/200;\" \/><\/td>\n<\/tr>\n<tr valign=\"TOP\">\n<td width=\"50%\"><img decoding=\"async\" class=\"alignleft wp-image-16925 size-medium lazyload\" data-src=\"https:\/\/thebiopool.com\/wp-content\/uploads\/Unterwasserpflanzen-6.Seite2_-300x225.jpg\" alt=\"\" width=\"300\" height=\"225\" data-srcset=\"https:\/\/thebiopool.com\/wp-content\/uploads\/Unterwasserpflanzen-6.Seite2_-300x225.jpg 300w, https:\/\/thebiopool.com\/wp-content\/uploads\/Unterwasserpflanzen-6.Seite2_-600x450.jpg 600w, https:\/\/thebiopool.com\/wp-content\/uploads\/Unterwasserpflanzen-6.Seite2_-768x576.jpg 768w, https:\/\/thebiopool.com\/wp-content\/uploads\/Unterwasserpflanzen-6.Seite2_-350x263.jpg 350w, https:\/\/thebiopool.com\/wp-content\/uploads\/Unterwasserpflanzen-6.Seite2_.jpg 800w\" data-sizes=\"(max-width: 300px) 100vw, 300px\" src=\"data:image\/svg+xml;base64,PHN2ZyB3aWR0aD0iMSIgaGVpZ2h0PSIxIiB4bWxucz0iaHR0cDovL3d3dy53My5vcmcvMjAwMC9zdmciPjwvc3ZnPg==\" style=\"--smush-placeholder-width: 300px; --smush-placeholder-aspect-ratio: 300\/225;\" \/><\/td>\n<td width=\"50%\">\n<p lang=\"de-DE\" align=\"LEFT\"><span style=\"color: #000000;\"><span style=\"font-family: Helvetica Neue, Helvetica Neue, sans-serif;\"><span style=\"font-size: small;\"><span lang=\"it-IT\">Las plantas subacu\u00e1ticas compiten naturalmente con las algas y desempe\u00f1an un papel destacado en la fijaci\u00f3n del f\u00f3sforo. En condiciones favorables, las plantas dominan e impiden el fuerte crecimiento de algas; en condiciones desfavorables, dominan las algas. Sin embargo, las plantas subacu\u00e1ticas requieren un cierto nivel de nutrientes en el rango mesotr\u00f3fico a oligotr\u00f3fico, raz\u00f3n por la cual se utilizan en estanques de nataci\u00f3n de categor\u00eda 1-3.\n<\/p>\n<\/td>\n<\/tr>\n<tr valign=\"TOP\">\n<td width=\"50%\">\n<p lang=\"de-DE\" align=\"LEFT\"><span style=\"color: #000000;\"><span style=\"font-family: Helvetica Neue, Helvetica Neue, sans-serif;\"><span style=\"font-size: small;\">Si la transparencia \u00f3ptima del agua (piscina natural, categor\u00eda 4-5) es el objetivo de planificaci\u00f3n, se utilizan filtros biol\u00f3gicos r\u00e1pidos. El biofilm, una colorida comunidad de microorganismos que asumen el papel de zooplancton y plantas acu\u00e1ticas, crece en superficies expuestas a fuertes corrientes. La biopel\u00edcula filtra las algas y bacterias del agua y fija los nutrientes. Los filtros deben estar equipados con un dispositivo de enjuague para poder recolectar el biofilm y as\u00ed retirar los nutrientes almacenados del sistema cerrado de la piscina natural.\n<\/p>\n<\/td>\n<td width=\"50%\"><img decoding=\"async\" class=\"alignleft wp-image-16926 size-medium lazyload\" data-src=\"https:\/\/thebiopool.com\/wp-content\/uploads\/wassertransparenz-6.Seite2_-300x158.jpg\" alt=\"\" width=\"300\" height=\"158\" data-srcset=\"https:\/\/thebiopool.com\/wp-content\/uploads\/wassertransparenz-6.Seite2_-300x158.jpg 300w, https:\/\/thebiopool.com\/wp-content\/uploads\/wassertransparenz-6.Seite2_-600x315.jpg 600w, https:\/\/thebiopool.com\/wp-content\/uploads\/wassertransparenz-6.Seite2_-350x184.jpg 350w, https:\/\/thebiopool.com\/wp-content\/uploads\/wassertransparenz-6.Seite2_.jpg 636w\" data-sizes=\"(max-width: 300px) 100vw, 300px\" src=\"data:image\/svg+xml;base64,PHN2ZyB3aWR0aD0iMSIgaGVpZ2h0PSIxIiB4bWxucz0iaHR0cDovL3d3dy53My5vcmcvMjAwMC9zdmciPjwvc3ZnPg==\" style=\"--smush-placeholder-width: 300px; --smush-placeholder-aspect-ratio: 300\/158;\" \/><\/td>\n<\/tr>\n<tr valign=\"TOP\">\n<td width=\"50%\"><img decoding=\"async\" class=\"alignleft wp-image-16922 size-medium lazyload\" data-src=\"https:\/\/thebiopool.com\/wp-content\/uploads\/Blaetter-6.Seite2_-300x225.jpg\" alt=\"\" width=\"300\" height=\"225\" data-srcset=\"https:\/\/thebiopool.com\/wp-content\/uploads\/Blaetter-6.Seite2_-300x225.jpg 300w, https:\/\/thebiopool.com\/wp-content\/uploads\/Blaetter-6.Seite2_-600x450.jpg 600w, https:\/\/thebiopool.com\/wp-content\/uploads\/Blaetter-6.Seite2_-768x576.jpg 768w, https:\/\/thebiopool.com\/wp-content\/uploads\/Blaetter-6.Seite2_-350x263.jpg 350w, https:\/\/thebiopool.com\/wp-content\/uploads\/Blaetter-6.Seite2_.jpg 800w\" data-sizes=\"(max-width: 300px) 100vw, 300px\" src=\"data:image\/svg+xml;base64,PHN2ZyB3aWR0aD0iMSIgaGVpZ2h0PSIxIiB4bWxucz0iaHR0cDovL3d3dy53My5vcmcvMjAwMC9zdmciPjwvc3ZnPg==\" style=\"--smush-placeholder-width: 300px; --smush-placeholder-aspect-ratio: 300\/225;\" \/><\/td>\n<td width=\"50%\">\n<p lang=\"de-DE\" align=\"LEFT\"><span style=\"color: #000000;\"><span style=\"font-family: Helvetica Neue, Helvetica Neue, sans-serif;\"><span style=\"font-size: small;\">Las hojas y el polen transportados por el viento, as\u00ed como los organismos muertos, se hunden hasta el fondo y forman all\u00ed un sedimento org\u00e1nico. \u00c9ste es descompuesto y mineralizado por otras peque\u00f1as criaturas, liberando nuevamente los nutrientes unidos para regresar al ciclo del agua. Al succionar el sedimento, que se utiliza como fertilizante natural en los lechos, se retiran del ciclo grandes cantidades de nutrientes.\n<\/p>\n<\/td>\n<\/tr>\n<\/tbody>\n<\/table>\n<p>La depuraci\u00f3n del agua en un estanque de nataci\u00f3n y piscina natural se basa en una depuraci\u00f3n puramente mec\u00e1nico-biol\u00f3gica y copia los mecanismos de la naturaleza.<br \/>\nCon la ayuda de la cadena alimentaria y la extracci\u00f3n continua de nutrientes, se logra agua sana y \u201cpura\u201d.<\/p>\n<p>Esto contrasta absolutamente con la desinfecci\u00f3n qu\u00edmica en el <a href=\"https:\/\/thebiopool.com\/seite-7\/\" target=\"_blank\" rel=\"noopener\">ba\u00f1o de cloro cl\u00e1sico<\/a> o en la <a href=\"https:\/\/thebiopool.com\/hybrid-pool\/\" target=\"_blank\" rel=\"noopener\">piscina h\u00edbrida<\/a><\/p>\n<\/div>\n<\/div><\/div><\/div><div id=\"pgc-16913-0-2\"  class=\"panel-grid-cell panel-grid-cell-empty\" ><\/div><\/div><\/div><\/div>","protected":false},"excerpt":{"rendered":"<p>El tratamiento del agua es puramente biol&oacute;gico-mec&aacute;nico basado en el modelo de la naturaleza. La pir&aacute;mide alimenticia en el ba&ntilde;o con tratamiento biol&oacute;gico del agua: La calidad del agua debe lograrse a trav&eacute;s de la gesti&oacute;n de nutrientes para alcanzar el nivel tr&oacute;fico planificado utilizando la cadena alimentaria natural. La amplia base de la pir&aacute;mide alimenticia est&aacute; formada por protozoos como bacterias, algas y hongos. Donde el agua natural y la luz se unen, crecen peque&ntilde;as algas r&aacute;pidamente, que extraen los nutrientes del agua y los utilizan para formar biomasa y producir ox&iacute;geno. Esta es la base de muchos otros&hellip;<\/p>\n","protected":false},"author":1,"featured_media":0,"parent":0,"menu_order":0,"comment_status":"closed","ping_status":"closed","template":"","meta":{"footnotes":""},"class_list":["post-16913","page","type-page","status-publish","hentry"],"yoast_head":"<!-- This site is optimized with the Yoast SEO plugin v27.5 - https:\/\/yoast.com\/product\/yoast-seo-wordpress\/ -->\n<title>(English) Biological - expertos en piscinas y estanques naturales<\/title>\n<meta name=\"robots\" content=\"index, follow, max-snippet:-1, max-image-preview:large, max-video-preview:-1\" \/>\n<link rel=\"canonical\" href=\"https:\/\/thebiopool.com\/es\/biological\/\" \/>\n<meta property=\"og:locale\" content=\"es_ES\" \/>\n<meta property=\"og:type\" content=\"article\" \/>\n<meta property=\"og:title\" content=\"(English) Biological - expertos en piscinas y estanques naturales\" \/>\n<meta property=\"og:description\" content=\"El tratamiento del agua es puramente biol&oacute;gico-mec&aacute;nico basado en el modelo de la naturaleza. La pir&aacute;mide alimenticia en el ba&ntilde;o con tratamiento biol&oacute;gico del agua: La calidad del agua debe lograrse a trav&eacute;s de la gesti&oacute;n de nutrientes para alcanzar el nivel tr&oacute;fico planificado utilizando la cadena alimentaria natural. La amplia base de la pir&aacute;mide alimenticia est&aacute; formada por protozoos como bacterias, algas y hongos. Donde el agua natural y la luz se unen, crecen peque&ntilde;as algas r&aacute;pidamente, que extraen los nutrientes del agua y los utilizan para formar biomasa y producir ox&iacute;geno. Esta es la base de muchos otros&hellip;\" \/>\n<meta property=\"og:url\" content=\"https:\/\/thebiopool.com\/es\/biological\/\" \/>\n<meta property=\"og:site_name\" content=\"expertos en piscinas y estanques naturales\" \/>\n<meta property=\"article:publisher\" content=\"https:\/\/www.facebook.com\/Naturaleza-y-Arte-Stefan-Meier-162702410430553\/\" \/>\n<meta property=\"article:modified_time\" content=\"2022-03-21T10:19:31+00:00\" \/>\n<meta property=\"og:image\" content=\"https:\/\/thebiopool.com\/wp-content\/uploads\/plankton-the-biopool-1-300x194.jpg\" \/>\n<meta name=\"twitter:card\" content=\"summary_large_image\" \/>\n<meta name=\"twitter:label1\" content=\"Tiempo de lectura\" \/>\n\t<meta name=\"twitter:data1\" content=\"4 minutos\" \/>\n<script type=\"application\/ld+json\" class=\"yoast-schema-graph\">{\"@context\":\"https:\\\/\\\/schema.org\",\"@graph\":[{\"@type\":\"WebPage\",\"@id\":\"https:\\\/\\\/thebiopool.com\\\/es\\\/biological\\\/\",\"url\":\"https:\\\/\\\/thebiopool.com\\\/es\\\/biological\\\/\",\"name\":\"(English) Biological - expertos en piscinas y estanques naturales\",\"isPartOf\":{\"@id\":\"https:\\\/\\\/thebiopool.com\\\/es\\\/#website\"},\"primaryImageOfPage\":{\"@id\":\"https:\\\/\\\/thebiopool.com\\\/es\\\/biological\\\/#primaryimage\"},\"image\":{\"@id\":\"https:\\\/\\\/thebiopool.com\\\/biological\\\/#primaryimage\"},\"thumbnailUrl\":\"https:\\\/\\\/thebiopool.com\\\/wp-content\\\/uploads\\\/plankton-the-biopool-1-300x194.jpg\",\"datePublished\":\"2022-02-02T16:19:45+00:00\",\"dateModified\":\"2022-03-21T10:19:31+00:00\",\"breadcrumb\":{\"@id\":\"https:\\\/\\\/thebiopool.com\\\/es\\\/biological\\\/#breadcrumb\"},\"inLanguage\":\"es\",\"potentialAction\":[{\"@type\":\"ReadAction\",\"target\":[[\"https:\\\/\\\/thebiopool.com\\\/es\\\/biological\\\/\"]]}]},{\"@type\":\"ImageObject\",\"inLanguage\":\"es\",\"@id\":\"https:\\\/\\\/thebiopool.com\\\/es\\\/biological\\\/#primaryimage\",\"url\":\"https:\\\/\\\/thebiopool.com\\\/wp-content\\\/uploads\\\/plankton-the-biopool-1-300x194.jpg\",\"contentUrl\":\"https:\\\/\\\/thebiopool.com\\\/wp-content\\\/uploads\\\/plankton-the-biopool-1-300x194.jpg\"},{\"@type\":\"BreadcrumbList\",\"@id\":\"https:\\\/\\\/thebiopool.com\\\/es\\\/biological\\\/#breadcrumb\",\"itemListElement\":[{\"@type\":\"ListItem\",\"position\":1,\"name\":\"Home\",\"item\":\"https:\\\/\\\/thebiopool.com\\\/es\\\/\"},{\"@type\":\"ListItem\",\"position\":2,\"name\":\"Biological\"}]},{\"@type\":\"WebSite\",\"@id\":\"https:\\\/\\\/thebiopool.com\\\/es\\\/#website\",\"url\":\"https:\\\/\\\/thebiopool.com\\\/es\\\/\",\"name\":\"TheBiopool\",\"description\":\"planificamos y creamos su estanque natural\",\"publisher\":{\"@id\":\"https:\\\/\\\/thebiopool.com\\\/es\\\/#organization\"},\"potentialAction\":[{\"@type\":\"SearchAction\",\"target\":{\"@type\":\"EntryPoint\",\"urlTemplate\":\"https:\\\/\\\/thebiopool.com\\\/es\\\/?s={search_term_string}\"},\"query-input\":{\"@type\":\"PropertyValueSpecification\",\"valueRequired\":true,\"valueName\":\"search_term_string\"}}],\"inLanguage\":\"es\"},{\"@type\":\"Organization\",\"@id\":\"https:\\\/\\\/thebiopool.com\\\/es\\\/#organization\",\"name\":\"TheBiopool\",\"url\":\"https:\\\/\\\/thebiopool.com\\\/es\\\/\",\"logo\":{\"@type\":\"ImageObject\",\"inLanguage\":\"es\",\"@id\":\"https:\\\/\\\/thebiopool.com\\\/es\\\/#\\\/schema\\\/logo\\\/image\\\/\",\"url\":\"https:\\\/\\\/thebiopool.com\\\/wp-content\\\/uploads\\\/logo-schatten-website-klein.png\",\"contentUrl\":\"https:\\\/\\\/thebiopool.com\\\/wp-content\\\/uploads\\\/logo-schatten-website-klein.png\",\"width\":220,\"height\":64,\"caption\":\"TheBiopool\"},\"image\":{\"@id\":\"https:\\\/\\\/thebiopool.com\\\/es\\\/#\\\/schema\\\/logo\\\/image\\\/\"},\"sameAs\":[\"https:\\\/\\\/www.facebook.com\\\/Naturaleza-y-Arte-Stefan-Meier-162702410430553\\\/\",\"https:\\\/\\\/www.instagram.com\\\/thebiopool\\\/\"]}]}<\/script>\n<!-- \/ Yoast SEO plugin. -->","yoast_head_json":{"title":"(English) Biological - expertos en piscinas y estanques naturales","robots":{"index":"index","follow":"follow","max-snippet":"max-snippet:-1","max-image-preview":"max-image-preview:large","max-video-preview":"max-video-preview:-1"},"canonical":"https:\/\/thebiopool.com\/es\/biological\/","og_locale":"es_ES","og_type":"article","og_title":"(English) Biological - expertos en piscinas y estanques naturales","og_description":"El tratamiento del agua es puramente biol&oacute;gico-mec&aacute;nico basado en el modelo de la naturaleza. La pir&aacute;mide alimenticia en el ba&ntilde;o con tratamiento biol&oacute;gico del agua: La calidad del agua debe lograrse a trav&eacute;s de la gesti&oacute;n de nutrientes para alcanzar el nivel tr&oacute;fico planificado utilizando la cadena alimentaria natural. La amplia base de la pir&aacute;mide alimenticia est&aacute; formada por protozoos como bacterias, algas y hongos. Donde el agua natural y la luz se unen, crecen peque&ntilde;as algas r&aacute;pidamente, que extraen los nutrientes del agua y los utilizan para formar biomasa y producir ox&iacute;geno. Esta es la base de muchos otros&hellip;","og_url":"https:\/\/thebiopool.com\/es\/biological\/","og_site_name":"expertos en piscinas y estanques naturales","article_publisher":"https:\/\/www.facebook.com\/Naturaleza-y-Arte-Stefan-Meier-162702410430553\/","article_modified_time":"2022-03-21T10:19:31+00:00","og_image":[{"url":"https:\/\/thebiopool.com\/wp-content\/uploads\/plankton-the-biopool-1-300x194.jpg","type":"","width":"","height":""}],"twitter_card":"summary_large_image","twitter_misc":{"Tiempo de lectura":"4 minutos"},"schema":{"@context":"https:\/\/schema.org","@graph":[{"@type":"WebPage","@id":"https:\/\/thebiopool.com\/es\/biological\/","url":"https:\/\/thebiopool.com\/es\/biological\/","name":"(English) Biological - expertos en piscinas y estanques naturales","isPartOf":{"@id":"https:\/\/thebiopool.com\/es\/#website"},"primaryImageOfPage":{"@id":"https:\/\/thebiopool.com\/es\/biological\/#primaryimage"},"image":{"@id":"https:\/\/thebiopool.com\/biological\/#primaryimage"},"thumbnailUrl":"https:\/\/thebiopool.com\/wp-content\/uploads\/plankton-the-biopool-1-300x194.jpg","datePublished":"2022-02-02T16:19:45+00:00","dateModified":"2022-03-21T10:19:31+00:00","breadcrumb":{"@id":"https:\/\/thebiopool.com\/es\/biological\/#breadcrumb"},"inLanguage":"es","potentialAction":[{"@type":"ReadAction","target":[["https:\/\/thebiopool.com\/es\/biological\/"]]}]},{"@type":"ImageObject","inLanguage":"es","@id":"https:\/\/thebiopool.com\/es\/biological\/#primaryimage","url":"https:\/\/thebiopool.com\/wp-content\/uploads\/plankton-the-biopool-1-300x194.jpg","contentUrl":"https:\/\/thebiopool.com\/wp-content\/uploads\/plankton-the-biopool-1-300x194.jpg"},{"@type":"BreadcrumbList","@id":"https:\/\/thebiopool.com\/es\/biological\/#breadcrumb","itemListElement":[{"@type":"ListItem","position":1,"name":"Home","item":"https:\/\/thebiopool.com\/es\/"},{"@type":"ListItem","position":2,"name":"Biological"}]},{"@type":"WebSite","@id":"https:\/\/thebiopool.com\/es\/#website","url":"https:\/\/thebiopool.com\/es\/","name":"TheBiopool","description":"planificamos y creamos su estanque natural","publisher":{"@id":"https:\/\/thebiopool.com\/es\/#organization"},"potentialAction":[{"@type":"SearchAction","target":{"@type":"EntryPoint","urlTemplate":"https:\/\/thebiopool.com\/es\/?s={search_term_string}"},"query-input":{"@type":"PropertyValueSpecification","valueRequired":true,"valueName":"search_term_string"}}],"inLanguage":"es"},{"@type":"Organization","@id":"https:\/\/thebiopool.com\/es\/#organization","name":"TheBiopool","url":"https:\/\/thebiopool.com\/es\/","logo":{"@type":"ImageObject","inLanguage":"es","@id":"https:\/\/thebiopool.com\/es\/#\/schema\/logo\/image\/","url":"https:\/\/thebiopool.com\/wp-content\/uploads\/logo-schatten-website-klein.png","contentUrl":"https:\/\/thebiopool.com\/wp-content\/uploads\/logo-schatten-website-klein.png","width":220,"height":64,"caption":"TheBiopool"},"image":{"@id":"https:\/\/thebiopool.com\/es\/#\/schema\/logo\/image\/"},"sameAs":["https:\/\/www.facebook.com\/Naturaleza-y-Arte-Stefan-Meier-162702410430553\/","https:\/\/www.instagram.com\/thebiopool\/"]}]}},"_links":{"self":[{"href":"https:\/\/thebiopool.com\/es\/wp-json\/wp\/v2\/pages\/16913","targetHints":{"allow":["GET"]}}],"collection":[{"href":"https:\/\/thebiopool.com\/es\/wp-json\/wp\/v2\/pages"}],"about":[{"href":"https:\/\/thebiopool.com\/es\/wp-json\/wp\/v2\/types\/page"}],"author":[{"embeddable":true,"href":"https:\/\/thebiopool.com\/es\/wp-json\/wp\/v2\/users\/1"}],"replies":[{"embeddable":true,"href":"https:\/\/thebiopool.com\/es\/wp-json\/wp\/v2\/comments?post=16913"}],"version-history":[{"count":0,"href":"https:\/\/thebiopool.com\/es\/wp-json\/wp\/v2\/pages\/16913\/revisions"}],"wp:attachment":[{"href":"https:\/\/thebiopool.com\/es\/wp-json\/wp\/v2\/media?parent=16913"}],"curies":[{"name":"wp","href":"https:\/\/api.w.org\/{rel}","templated":true}]}}