{"id":16935,"date":"2022-02-04T13:27:39","date_gmt":"2022-02-04T12:27:39","guid":{"rendered":"https:\/\/thebiopool.com\/?page_id=16935"},"modified":"2022-03-21T12:48:29","modified_gmt":"2022-03-21T11:48:29","slug":"seite-7","status":"publish","type":"page","link":"https:\/\/thebiopool.com\/es\/seite-7\/","title":{"rendered":"(English) Chemical disinfection by chlorine."},"content":{"rendered":"<div id=\"pl-16935\"  class=\"panel-layout\" ><div id=\"pg-16935-0\"  class=\"panel-grid panel-has-style\" ><div class=\"siteorigin-panels-stretch panel-row-style panel-row-style-for-16935-0\" data-stretch-type=\"full-stretched\" ><div id=\"pgc-16935-0-0\"  class=\"panel-grid-cell panel-grid-cell-empty\" ><\/div><div id=\"pgc-16935-0-1\"  class=\"panel-grid-cell\" ><div id=\"panel-16935-0-1-0\" class=\"so-panel widget widget_sow-editor panel-first-child panel-last-child\" data-index=\"0\" ><div class=\"panel-widget-style panel-widget-style-for-16935-0-1-0\" ><div\n\t\t\t\n\t\t\tclass=\"so-widget-sow-editor so-widget-sow-editor-base\"\n\t\t\t\n\t\t>\n<div class=\"siteorigin-widget-tinymce textwidget\">\n\t<h4>Desinfecci\u00f3n qu\u00edmica por cloro.<\/h4>\n<p>El m\u00e9todo est\u00e1ndar para mantener limpia el agua de la piscina es la desinfecci\u00f3n qu\u00edmica, principalmente con cloro. Esto se puede agregar al agua en forma de gas, l\u00edquido, polvo o tabletas. Sin embargo, tambi\u00e9n se puede obtener por electr\u00f3lisis en el ciclo del agua de la piscina, a menudo denominada \"piscina de agua salada\".<\/p>\n<p>El cloro y otros desinfectantes son t\u00f3xicos y tienen como objetivo matar toda la vida en el agua. Las bacterias y las algas tienen una superficie muy grande y un metabolismo r\u00e1pido y, por lo tanto, mueren muy r\u00e1pidamente. Pero nuestra piel, ojos y mucosas tambi\u00e9n son atacados.<br \/>\nPara que el cloro desarrolle su efecto mortal, el valor de pH debe ajustarse en el rango de 7.2-7.6. Esto se hace autom\u00e1ticamente en la piscina de agua salada mediante la adici\u00f3n de \u00e1cido clorh\u00eddrico.<\/p>\n<p>Por ejemplo, el cloro reacciona con el nitr\u00f3geno de las cremas solares, las part\u00edculas de la piel y la orina para formar compuestos cancer\u00edgenos.<br \/>\nEspecialmente a altas temperaturas y un uso intensivo, el efecto desinfectante suele ser demasiado d\u00e9bil para prevenir de forma fiable las algas, por lo que es necesario agregar a\u00fan m\u00e1s veneno: Algicidas, generalmente a base de cobre. Despu\u00e9s de una lluvia sahariana, el agua se vuelve turbia y el polvo es tan fino que no puede ser atrapado por el filtro. Entonces se debe usar un floculante qu\u00edmico.<\/p>\n<p>Ya no puedes ver los nutrientes, pero las impurezas se quedan en el agua y se acumulan all\u00ed.<\/p>\n<p>Por cierto, el cloro es un gas inodoro. El t\u00edpico \u201color a cloro\u201d en las piscinas es causado por los productos de reacci\u00f3n del cloro.<\/p>\n<p>Dado que todos estos productos de reacci\u00f3n y toxinas se acumulan en el agua de la piscina, el agua debe reemplazarse parcialmente constantemente. \u00a1Por lo tanto, las piscinas p\u00fablicas tienen que cambiar el 5% del volumen total de agua todos los d\u00edas!<\/p>\n<p>&nbsp;<\/p>\n<\/div>\n<\/div><\/div><\/div><\/div><div id=\"pgc-16935-0-2\"  class=\"panel-grid-cell panel-grid-cell-empty panel-grid-cell-mobile-last\" ><\/div><div id=\"pgc-16935-0-3\"  class=\"panel-grid-cell panel-grid-cell-empty\" ><\/div><\/div><\/div><div id=\"pg-16935-1\"  class=\"panel-grid panel-has-style\" ><div class=\"siteorigin-panels-stretch panel-row-style panel-row-style-for-16935-1\" data-stretch-type=\"full-stretched\" ><div id=\"pgc-16935-1-0\"  class=\"panel-grid-cell panel-grid-cell-empty\" ><\/div><div id=\"pgc-16935-1-1\"  class=\"panel-grid-cell panel-grid-cell-empty\" ><\/div><div id=\"pgc-16935-1-2\"  class=\"panel-grid-cell panel-grid-cell-mobile-last\" ><div id=\"panel-16935-1-2-0\" class=\"so-panel widget widget_sow-editor panel-first-child panel-last-child\" data-index=\"1\" ><div class=\"panel-widget-style panel-widget-style-for-16935-1-2-0\" ><div\n\t\t\t\n\t\t\tclass=\"so-widget-sow-editor so-widget-sow-editor-base\"\n\t\t\t\n\t\t>\n<div class=\"siteorigin-widget-tinymce textwidget\">\n\t<p>El agua desinfectada qu\u00edmicamente no significa agua limpia, solo significa AGUA MUERTA, agua sin vida, esterilizada qu\u00edmicamente. Tan pronto como falta el desinfectante o el valor del pH se sale del rango necesario, las algas y las bacterias comienzan a mul4plicarse exponencialmente, el agua se vuelve verde y muestra su grado de contaminaci\u00f3n. <\/p>\n<p>La imagen muestra la misma piscina 7 d\u00edas antes (azul, transparente) y despu\u00e9s del fracaso de la desinfecci\u00f3n (verde y turbia).<\/p>\n<p>&nbsp;<\/p>\n<\/div>\n<\/div><\/div><\/div><\/div><div id=\"pgc-16935-1-3\"  class=\"panel-grid-cell panel-grid-cell-empty\" ><\/div><\/div><\/div><\/div>","protected":false},"excerpt":{"rendered":"<p>Desinfecci&oacute;n qu&iacute;mica por cloro. El m&eacute;todo est&aacute;ndar para mantener limpia el agua de la piscina es la desinfecci&oacute;n qu&iacute;mica, principalmente con cloro. Esto se puede agregar al agua en forma de gas, l&iacute;quido, polvo o tabletas. Sin embargo, tambi&eacute;n se puede obtener por electr&oacute;lisis en el ciclo del agua de la piscina, a menudo denominada \u00abpiscina de agua salada\u00bb. El cloro y otros desinfectantes son t&oacute;xicos y tienen como objetivo matar toda la vida en el agua. Las bacterias y las algas tienen una superficie muy grande y un metabolismo r&aacute;pido y, por lo tanto, mueren muy r&aacute;pidamente. Pero nuestra&hellip;<\/p>\n","protected":false},"author":1,"featured_media":0,"parent":0,"menu_order":0,"comment_status":"closed","ping_status":"closed","template":"","meta":{"footnotes":""},"class_list":["post-16935","page","type-page","status-publish","hentry"],"yoast_head":"<!-- This site is optimized with the Yoast SEO plugin v27.5 - https:\/\/yoast.com\/product\/yoast-seo-wordpress\/ -->\n<title>(English) Chemical disinfection by chlorine. - expertos en piscinas y estanques naturales<\/title>\n<meta name=\"robots\" content=\"index, follow, max-snippet:-1, max-image-preview:large, max-video-preview:-1\" \/>\n<link rel=\"canonical\" href=\"https:\/\/thebiopool.com\/es\/seite-7\/\" \/>\n<meta property=\"og:locale\" content=\"es_ES\" \/>\n<meta property=\"og:type\" content=\"article\" \/>\n<meta property=\"og:title\" content=\"(English) Chemical disinfection by chlorine. - expertos en piscinas y estanques naturales\" \/>\n<meta property=\"og:description\" content=\"Desinfecci&oacute;n qu&iacute;mica por cloro. El m&eacute;todo est&aacute;ndar para mantener limpia el agua de la piscina es la desinfecci&oacute;n qu&iacute;mica, principalmente con cloro. Esto se puede agregar al agua en forma de gas, l&iacute;quido, polvo o tabletas. Sin embargo, tambi&eacute;n se puede obtener por electr&oacute;lisis en el ciclo del agua de la piscina, a menudo denominada &quot;piscina de agua salada&quot;. El cloro y otros desinfectantes son t&oacute;xicos y tienen como objetivo matar toda la vida en el agua. Las bacterias y las algas tienen una superficie muy grande y un metabolismo r&aacute;pido y, por lo tanto, mueren muy r&aacute;pidamente. Pero nuestra&hellip;\" \/>\n<meta property=\"og:url\" content=\"https:\/\/thebiopool.com\/es\/seite-7\/\" \/>\n<meta property=\"og:site_name\" content=\"expertos en piscinas y estanques naturales\" \/>\n<meta property=\"article:publisher\" content=\"https:\/\/www.facebook.com\/Naturaleza-y-Arte-Stefan-Meier-162702410430553\/\" \/>\n<meta property=\"article:modified_time\" content=\"2022-03-21T11:48:29+00:00\" \/>\n<meta name=\"twitter:card\" content=\"summary_large_image\" \/>\n<meta name=\"twitter:label1\" content=\"Tiempo de lectura\" \/>\n\t<meta name=\"twitter:data1\" content=\"7 minutos\" \/>\n<script type=\"application\/ld+json\" class=\"yoast-schema-graph\">{\"@context\":\"https:\\\/\\\/schema.org\",\"@graph\":[{\"@type\":\"WebPage\",\"@id\":\"https:\\\/\\\/thebiopool.com\\\/es\\\/seite-7\\\/\",\"url\":\"https:\\\/\\\/thebiopool.com\\\/es\\\/seite-7\\\/\",\"name\":\"(English) Chemical disinfection by chlorine. - expertos en piscinas y estanques naturales\",\"isPartOf\":{\"@id\":\"https:\\\/\\\/thebiopool.com\\\/es\\\/#website\"},\"datePublished\":\"2022-02-04T12:27:39+00:00\",\"dateModified\":\"2022-03-21T11:48:29+00:00\",\"breadcrumb\":{\"@id\":\"https:\\\/\\\/thebiopool.com\\\/es\\\/seite-7\\\/#breadcrumb\"},\"inLanguage\":\"es\",\"potentialAction\":[{\"@type\":\"ReadAction\",\"target\":[[\"https:\\\/\\\/thebiopool.com\\\/es\\\/seite-7\\\/\"]]}]},{\"@type\":\"BreadcrumbList\",\"@id\":\"https:\\\/\\\/thebiopool.com\\\/es\\\/seite-7\\\/#breadcrumb\",\"itemListElement\":[{\"@type\":\"ListItem\",\"position\":1,\"name\":\"Home\",\"item\":\"https:\\\/\\\/thebiopool.com\\\/es\\\/\"},{\"@type\":\"ListItem\",\"position\":2,\"name\":\"Chemical disinfection by chlorine.\"}]},{\"@type\":\"WebSite\",\"@id\":\"https:\\\/\\\/thebiopool.com\\\/es\\\/#website\",\"url\":\"https:\\\/\\\/thebiopool.com\\\/es\\\/\",\"name\":\"TheBiopool\",\"description\":\"planificamos y creamos su estanque natural\",\"publisher\":{\"@id\":\"https:\\\/\\\/thebiopool.com\\\/es\\\/#organization\"},\"potentialAction\":[{\"@type\":\"SearchAction\",\"target\":{\"@type\":\"EntryPoint\",\"urlTemplate\":\"https:\\\/\\\/thebiopool.com\\\/es\\\/?s={search_term_string}\"},\"query-input\":{\"@type\":\"PropertyValueSpecification\",\"valueRequired\":true,\"valueName\":\"search_term_string\"}}],\"inLanguage\":\"es\"},{\"@type\":\"Organization\",\"@id\":\"https:\\\/\\\/thebiopool.com\\\/es\\\/#organization\",\"name\":\"TheBiopool\",\"url\":\"https:\\\/\\\/thebiopool.com\\\/es\\\/\",\"logo\":{\"@type\":\"ImageObject\",\"inLanguage\":\"es\",\"@id\":\"https:\\\/\\\/thebiopool.com\\\/es\\\/#\\\/schema\\\/logo\\\/image\\\/\",\"url\":\"https:\\\/\\\/thebiopool.com\\\/wp-content\\\/uploads\\\/logo-schatten-website-klein.png\",\"contentUrl\":\"https:\\\/\\\/thebiopool.com\\\/wp-content\\\/uploads\\\/logo-schatten-website-klein.png\",\"width\":220,\"height\":64,\"caption\":\"TheBiopool\"},\"image\":{\"@id\":\"https:\\\/\\\/thebiopool.com\\\/es\\\/#\\\/schema\\\/logo\\\/image\\\/\"},\"sameAs\":[\"https:\\\/\\\/www.facebook.com\\\/Naturaleza-y-Arte-Stefan-Meier-162702410430553\\\/\",\"https:\\\/\\\/www.instagram.com\\\/thebiopool\\\/\"]}]}<\/script>\n<!-- \/ Yoast SEO plugin. -->","yoast_head_json":{"title":"(English) Chemical disinfection by chlorine. - expertos en piscinas y estanques naturales","robots":{"index":"index","follow":"follow","max-snippet":"max-snippet:-1","max-image-preview":"max-image-preview:large","max-video-preview":"max-video-preview:-1"},"canonical":"https:\/\/thebiopool.com\/es\/seite-7\/","og_locale":"es_ES","og_type":"article","og_title":"(English) Chemical disinfection by chlorine. - expertos en piscinas y estanques naturales","og_description":"Desinfecci&oacute;n qu&iacute;mica por cloro. El m&eacute;todo est&aacute;ndar para mantener limpia el agua de la piscina es la desinfecci&oacute;n qu&iacute;mica, principalmente con cloro. Esto se puede agregar al agua en forma de gas, l&iacute;quido, polvo o tabletas. Sin embargo, tambi&eacute;n se puede obtener por electr&oacute;lisis en el ciclo del agua de la piscina, a menudo denominada \"piscina de agua salada\". El cloro y otros desinfectantes son t&oacute;xicos y tienen como objetivo matar toda la vida en el agua. Las bacterias y las algas tienen una superficie muy grande y un metabolismo r&aacute;pido y, por lo tanto, mueren muy r&aacute;pidamente. Pero nuestra&hellip;","og_url":"https:\/\/thebiopool.com\/es\/seite-7\/","og_site_name":"expertos en piscinas y estanques naturales","article_publisher":"https:\/\/www.facebook.com\/Naturaleza-y-Arte-Stefan-Meier-162702410430553\/","article_modified_time":"2022-03-21T11:48:29+00:00","twitter_card":"summary_large_image","twitter_misc":{"Tiempo de lectura":"7 minutos"},"schema":{"@context":"https:\/\/schema.org","@graph":[{"@type":"WebPage","@id":"https:\/\/thebiopool.com\/es\/seite-7\/","url":"https:\/\/thebiopool.com\/es\/seite-7\/","name":"(English) Chemical disinfection by chlorine. - expertos en piscinas y estanques naturales","isPartOf":{"@id":"https:\/\/thebiopool.com\/es\/#website"},"datePublished":"2022-02-04T12:27:39+00:00","dateModified":"2022-03-21T11:48:29+00:00","breadcrumb":{"@id":"https:\/\/thebiopool.com\/es\/seite-7\/#breadcrumb"},"inLanguage":"es","potentialAction":[{"@type":"ReadAction","target":[["https:\/\/thebiopool.com\/es\/seite-7\/"]]}]},{"@type":"BreadcrumbList","@id":"https:\/\/thebiopool.com\/es\/seite-7\/#breadcrumb","itemListElement":[{"@type":"ListItem","position":1,"name":"Home","item":"https:\/\/thebiopool.com\/es\/"},{"@type":"ListItem","position":2,"name":"Chemical disinfection by chlorine."}]},{"@type":"WebSite","@id":"https:\/\/thebiopool.com\/es\/#website","url":"https:\/\/thebiopool.com\/es\/","name":"TheBiopool","description":"planificamos y creamos su estanque natural","publisher":{"@id":"https:\/\/thebiopool.com\/es\/#organization"},"potentialAction":[{"@type":"SearchAction","target":{"@type":"EntryPoint","urlTemplate":"https:\/\/thebiopool.com\/es\/?s={search_term_string}"},"query-input":{"@type":"PropertyValueSpecification","valueRequired":true,"valueName":"search_term_string"}}],"inLanguage":"es"},{"@type":"Organization","@id":"https:\/\/thebiopool.com\/es\/#organization","name":"TheBiopool","url":"https:\/\/thebiopool.com\/es\/","logo":{"@type":"ImageObject","inLanguage":"es","@id":"https:\/\/thebiopool.com\/es\/#\/schema\/logo\/image\/","url":"https:\/\/thebiopool.com\/wp-content\/uploads\/logo-schatten-website-klein.png","contentUrl":"https:\/\/thebiopool.com\/wp-content\/uploads\/logo-schatten-website-klein.png","width":220,"height":64,"caption":"TheBiopool"},"image":{"@id":"https:\/\/thebiopool.com\/es\/#\/schema\/logo\/image\/"},"sameAs":["https:\/\/www.facebook.com\/Naturaleza-y-Arte-Stefan-Meier-162702410430553\/","https:\/\/www.instagram.com\/thebiopool\/"]}]}},"_links":{"self":[{"href":"https:\/\/thebiopool.com\/es\/wp-json\/wp\/v2\/pages\/16935","targetHints":{"allow":["GET"]}}],"collection":[{"href":"https:\/\/thebiopool.com\/es\/wp-json\/wp\/v2\/pages"}],"about":[{"href":"https:\/\/thebiopool.com\/es\/wp-json\/wp\/v2\/types\/page"}],"author":[{"embeddable":true,"href":"https:\/\/thebiopool.com\/es\/wp-json\/wp\/v2\/users\/1"}],"replies":[{"embeddable":true,"href":"https:\/\/thebiopool.com\/es\/wp-json\/wp\/v2\/comments?post=16935"}],"version-history":[{"count":0,"href":"https:\/\/thebiopool.com\/es\/wp-json\/wp\/v2\/pages\/16935\/revisions"}],"wp:attachment":[{"href":"https:\/\/thebiopool.com\/es\/wp-json\/wp\/v2\/media?parent=16935"}],"curies":[{"name":"wp","href":"https:\/\/api.w.org\/{rel}","templated":true}]}}