{"id":16956,"date":"2022-02-04T17:47:42","date_gmt":"2022-02-04T16:47:42","guid":{"rendered":"https:\/\/thebiopool.com\/?page_id=16956"},"modified":"2022-03-21T12:16:44","modified_gmt":"2022-03-21T11:16:44","slug":"hybrid-pool","status":"publish","type":"page","link":"https:\/\/thebiopool.com\/es\/hybrid-pool\/","title":{"rendered":"la piscina h\u00edbrida"},"content":{"rendered":"<div id=\"pl-16956\"  class=\"panel-layout\" ><div id=\"pg-16956-0\"  class=\"panel-grid panel-has-style\" ><div class=\"panel-row-style panel-row-style-for-16956-0\" ><div id=\"pgc-16956-0-0\"  class=\"panel-grid-cell panel-grid-cell-empty\" ><\/div><div id=\"pgc-16956-0-1\"  class=\"panel-grid-cell\" ><div id=\"panel-16956-0-1-0\" class=\"so-panel widget widget_sow-editor panel-first-child panel-last-child\" data-index=\"0\" ><div class=\"panel-widget-style panel-widget-style-for-16956-0-1-0\" ><div\n\t\t\t\n\t\t\tclass=\"so-widget-sow-editor so-widget-sow-editor-base\"\n\t\t\t\n\t\t>\n<div class=\"siteorigin-widget-tinymce textwidget\">\n\t<\/p>\n<p>Desinfecci\u00f3n qu\u00edmica en la piscina h\u00edbrida (a menudo vendida err\u00f3neamente como piscina biol\u00f3gica o ecol\u00f3gica)<\/p>\n<p>Las piscinas h\u00edbridas utilizan una forma diferente de desinfecci\u00f3n que permite que los organismos acu\u00e1ticos resistentes sobrevivan. Esto permite el uso de plantas ribere\u00f1as resistentes para crear una apariencia natural. Pero en este caso la biolog\u00eda no es la base de la purificaci\u00f3n del agua, ya que los desinfectantes matan a la mayor\u00eda de los seres vivos, las plantas son solo de decoraci\u00f3n.<br \/>\nEstas t\u00e9cnicas de desinfecci\u00f3n se utilizan habitualmente en piscinas h\u00edbridas:<\/p>\n<p><strong>Luz ultravioleta:<\/strong> parte de la luz solar natural que afecta fuertemente a los tejidos vivos nos provoca quemaduras solares y la muerte de virus, bacterias y algas. Las l\u00e1mparas UV se utilizan en estanques para evitar el agua verde turbia causada por peque\u00f1as algas. En acuarios o acuicultura con una gran cantidad de peces, los rayos UV se pueden utilizar para reducir la presi\u00f3n de los pat\u00f3genos. En la naturaleza, esto solo ocurre en los primeros cenkmetros de la superficie, mientras que los pat\u00f3genos y las algas en las capas inferiores del agua son devorados por el zooplancton. La luz ultravioleta tambi\u00e9n mata el zooplancton, de modo que se interrumpe toda la cadena alimentaria y la purificaci\u00f3n biol\u00f3gica. La luz ultravioleta no reduce ni fija los nutrientes. Los nutrientes fijados en la biomasa de algas, bacterias y zooplancton se liberan nuevamente y en su lugar y promueven el crecimiento de algas filamentosas. La luz ultravioleta no deja qu\u00edmicos en el agua y no mata la vida fuera de la l\u00e1mpara. Por lo tanto, se acepta el uso en una situaci\u00f3n de interrupci\u00f3n del sistema biol\u00f3gico, el uso temporal. (FLL, est\u00e1ndares alemanes para la planificaci\u00f3n, construcci\u00f3n y mantenimiento de NSP y base para varios otros est\u00e1ndares nacionales). El consumo de energ\u00eda de las l\u00e1mparas UV es relativamente alto, en promedio m\u00e1s alto que el consumo total de energ\u00eda en una piscina biol\u00f3gica. Aunque no se un m\u00e9todo que interfiere cambiando la composici\u00f3n qu\u00edmica del agua, tiene el mismo efecto desinfectante que el cloro.<\/p>\n<p><strong>Cobre:<\/strong> esencial para la vida en peque\u00f1as cantidades, r\u00e1pidamente t\u00f3xico en concentraciones m\u00e1s altas. La mayor\u00eda de los eliminadores de algas para piscinas y estanques son a base de cobre. Se puede agregar como una sal (por ejemplo, CuSO4) o por electr\u00f3lisis. El cobre destruye la estructura de las algas, tanto planct\u00f3nicas como s\u00e9siles, por lo que tambi\u00e9n es efectivo contra las algas filamentosas. Tambi\u00e9n mata muchas bacterias y otros microorganismos en el agua y biofilm (filtro), caracoles acu\u00e1ticos, larvas y peces sensibles. El cobre permanece en el agua y se acumula en los sedimentos. En pa\u00edses con una legislaci\u00f3n m\u00e1s restrictiva, el cobre est\u00e1 terminantemente prohibido en las piscinas p\u00fablicas (tanto biol\u00f3gicas como qu\u00edmicas).<br \/>\nEl cobre es absolutamente imposible en un estanque\/piscina natural. Las plantas altas son mucho m\u00e1s resistentes al cobre, lo que les permite ser utilizadas como elemento decorativo en tanques h\u00edbridos, d\u00e1ndoles el aspecto visual de un sistema biol\u00f3gico.<\/p>\n<p><strong>Plata:<\/strong> La plata, como el cobre, es un metal pesado con efectos letales en peque\u00f1osorganismos.<br \/>\nTambi\u00e9n se utiliza en forma de electr\u00f3lisis. Absoluto no-go en la limpieza biol\u00f3gica.<\/p>\n<p><strong>Hidr\u00f3lisis:<\/strong> Esta es la t\u00e9cnica que se utiliza en las \"piscinas de agua salada\". Un campo el\u00e9ctrico crea radicales de iones de cloruro a partir de la sal disuelta en el agua. A voltajes m\u00e1s altos, la divisi\u00f3n de la mol\u00e9cula de agua puede incluso producir radicales<br \/>\nde ox\u00edgeno e hidr\u00f3geno. Los radicales son extremadamente agresivos con todas las superficies y matan r\u00e1pidamente a las peque\u00f1as formas de vida. El cloruro reacciona con el nitr\u00f3geno (de la piel, el cabello, la orina, toda la biomasa) y genera subproductos cancer\u00edgenos como la tricloramina que se acumula en el agua de la piscina.<br \/>\n\u00a1Hay mucha m\u00e1s biomasa reactiva y nitr\u00f3geno presente en una piscina h\u00edbrida que en una piscina desinfectada con cloro, lo que resulta en una producci\u00f3n a\u00fan mayor de estos peligrosos subproductos! Absolutamente prohibido para el tratamiento biol\u00f3gico del agua.<\/p>\n<p>Tambi\u00e9n hay un control de pH con \u00e1cido clorh\u00eddrico, como en la piscina de agua salada, para asegurar el efecto de desinfecci\u00f3n.<\/p>\n<p>Una piscina h\u00edbrida no es ni una NbS (soluci\u00f3n basada en la naturaleza) ni un estanque de ba\u00f1o o una piscina biol\u00f3gica. Todos los venenos que se pueden usar en una piscina h\u00edbrida son legales para uso privado. En cuanto al tratamiento del agua, la piscina h\u00edbrida es muy similar a una piscina cl\u00e1sica, aunque el aspecto puede asemejarse al de un estanque de nataci\u00f3n biol\u00f3gico.<br \/>\nEs una alternativa a los desinfectados con Cl y NSP.<br \/>\nEs completamente err\u00f3neo: \u00a1vender una piscina h\u00edbrida como lago de ba\u00f1o \/piscina biol\u00f3gica! Esto es lavado verde y competencia desleal.<\/p>\n<\/div>\n<\/div><\/div><\/div><\/div><div id=\"pgc-16956-0-2\"  class=\"panel-grid-cell panel-grid-cell-empty panel-grid-cell-mobile-last\" ><\/div><div id=\"pgc-16956-0-3\"  class=\"panel-grid-cell panel-grid-cell-empty\" ><\/div><\/div><\/div><\/div>","protected":false},"excerpt":{"rendered":"<p>Desinfecci&oacute;n qu&iacute;mica en la piscina h&iacute;brida (a menudo vendida err&oacute;neamente como piscina biol&oacute;gica o ecol&oacute;gica) Las piscinas h&iacute;bridas utilizan una forma diferente de desinfecci&oacute;n que permite que los organismos acu&aacute;ticos resistentes sobrevivan. Esto permite el uso de plantas ribere&ntilde;as resistentes para crear una apariencia natural. Pero en este caso la biolog&iacute;a no es la base de la purificaci&oacute;n del agua, ya que los desinfectantes matan a la mayor&iacute;a de los seres vivos, las plantas son solo de decoraci&oacute;n. Estas t&eacute;cnicas de desinfecci&oacute;n se utilizan habitualmente en piscinas h&iacute;bridas: Luz ultravioleta: parte de la luz solar natural que afecta fuertemente a&hellip;<\/p>\n","protected":false},"author":1,"featured_media":0,"parent":0,"menu_order":0,"comment_status":"closed","ping_status":"closed","template":"","meta":{"footnotes":""},"class_list":["post-16956","page","type-page","status-publish","hentry"],"yoast_head":"<!-- This site is optimized with the Yoast SEO plugin v27.5 - https:\/\/yoast.com\/product\/yoast-seo-wordpress\/ -->\n<title>(Italiano) The Biopool - about hybrid pools<\/title>\n<meta name=\"robots\" content=\"index, follow, max-snippet:-1, max-image-preview:large, max-video-preview:-1\" \/>\n<link rel=\"canonical\" href=\"https:\/\/thebiopool.com\/es\/hybrid-pool\/\" \/>\n<meta property=\"og:locale\" content=\"es_ES\" \/>\n<meta property=\"og:type\" content=\"article\" \/>\n<meta property=\"og:title\" content=\"(Italiano) The Biopool - about hybrid pools\" \/>\n<meta property=\"og:description\" content=\"Desinfecci&oacute;n qu&iacute;mica en la piscina h&iacute;brida (a menudo vendida err&oacute;neamente como piscina biol&oacute;gica o ecol&oacute;gica) Las piscinas h&iacute;bridas utilizan una forma diferente de desinfecci&oacute;n que permite que los organismos acu&aacute;ticos resistentes sobrevivan. Esto permite el uso de plantas ribere&ntilde;as resistentes para crear una apariencia natural. Pero en este caso la biolog&iacute;a no es la base de la purificaci&oacute;n del agua, ya que los desinfectantes matan a la mayor&iacute;a de los seres vivos, las plantas son solo de decoraci&oacute;n. Estas t&eacute;cnicas de desinfecci&oacute;n se utilizan habitualmente en piscinas h&iacute;bridas: Luz ultravioleta: parte de la luz solar natural que afecta fuertemente a&hellip;\" \/>\n<meta property=\"og:url\" content=\"https:\/\/thebiopool.com\/es\/hybrid-pool\/\" \/>\n<meta property=\"og:site_name\" content=\"expertos en piscinas y estanques naturales\" \/>\n<meta property=\"article:publisher\" content=\"https:\/\/www.facebook.com\/Naturaleza-y-Arte-Stefan-Meier-162702410430553\/\" \/>\n<meta property=\"article:modified_time\" content=\"2022-03-21T11:16:44+00:00\" \/>\n<meta name=\"twitter:card\" content=\"summary_large_image\" \/>\n<meta name=\"twitter:label1\" content=\"Tiempo de lectura\" \/>\n\t<meta name=\"twitter:data1\" content=\"14 minutos\" \/>\n<script type=\"application\/ld+json\" class=\"yoast-schema-graph\">{\"@context\":\"https:\\\/\\\/schema.org\",\"@graph\":[{\"@type\":\"WebPage\",\"@id\":\"https:\\\/\\\/thebiopool.com\\\/es\\\/hybrid-pool\\\/\",\"url\":\"https:\\\/\\\/thebiopool.com\\\/es\\\/hybrid-pool\\\/\",\"name\":\"(Italiano) The Biopool - about hybrid pools\",\"isPartOf\":{\"@id\":\"https:\\\/\\\/thebiopool.com\\\/es\\\/#website\"},\"datePublished\":\"2022-02-04T16:47:42+00:00\",\"dateModified\":\"2022-03-21T11:16:44+00:00\",\"breadcrumb\":{\"@id\":\"https:\\\/\\\/thebiopool.com\\\/es\\\/hybrid-pool\\\/#breadcrumb\"},\"inLanguage\":\"es\",\"potentialAction\":[{\"@type\":\"ReadAction\",\"target\":[[\"https:\\\/\\\/thebiopool.com\\\/es\\\/hybrid-pool\\\/\"]]}]},{\"@type\":\"BreadcrumbList\",\"@id\":\"https:\\\/\\\/thebiopool.com\\\/es\\\/hybrid-pool\\\/#breadcrumb\",\"itemListElement\":[{\"@type\":\"ListItem\",\"position\":1,\"name\":\"Home\",\"item\":\"https:\\\/\\\/thebiopool.com\\\/es\\\/\"},{\"@type\":\"ListItem\",\"position\":2,\"name\":\"Hybrid-Pool\"}]},{\"@type\":\"WebSite\",\"@id\":\"https:\\\/\\\/thebiopool.com\\\/es\\\/#website\",\"url\":\"https:\\\/\\\/thebiopool.com\\\/es\\\/\",\"name\":\"TheBiopool\",\"description\":\"planificamos y creamos su estanque natural\",\"publisher\":{\"@id\":\"https:\\\/\\\/thebiopool.com\\\/es\\\/#organization\"},\"potentialAction\":[{\"@type\":\"SearchAction\",\"target\":{\"@type\":\"EntryPoint\",\"urlTemplate\":\"https:\\\/\\\/thebiopool.com\\\/es\\\/?s={search_term_string}\"},\"query-input\":{\"@type\":\"PropertyValueSpecification\",\"valueRequired\":true,\"valueName\":\"search_term_string\"}}],\"inLanguage\":\"es\"},{\"@type\":\"Organization\",\"@id\":\"https:\\\/\\\/thebiopool.com\\\/es\\\/#organization\",\"name\":\"TheBiopool\",\"url\":\"https:\\\/\\\/thebiopool.com\\\/es\\\/\",\"logo\":{\"@type\":\"ImageObject\",\"inLanguage\":\"es\",\"@id\":\"https:\\\/\\\/thebiopool.com\\\/es\\\/#\\\/schema\\\/logo\\\/image\\\/\",\"url\":\"https:\\\/\\\/thebiopool.com\\\/wp-content\\\/uploads\\\/logo-schatten-website-klein.png\",\"contentUrl\":\"https:\\\/\\\/thebiopool.com\\\/wp-content\\\/uploads\\\/logo-schatten-website-klein.png\",\"width\":220,\"height\":64,\"caption\":\"TheBiopool\"},\"image\":{\"@id\":\"https:\\\/\\\/thebiopool.com\\\/es\\\/#\\\/schema\\\/logo\\\/image\\\/\"},\"sameAs\":[\"https:\\\/\\\/www.facebook.com\\\/Naturaleza-y-Arte-Stefan-Meier-162702410430553\\\/\",\"https:\\\/\\\/www.instagram.com\\\/thebiopool\\\/\"]}]}<\/script>\n<!-- \/ Yoast SEO plugin. -->","yoast_head_json":{"title":"(Italiano) The Biopool - about hybrid pools","robots":{"index":"index","follow":"follow","max-snippet":"max-snippet:-1","max-image-preview":"max-image-preview:large","max-video-preview":"max-video-preview:-1"},"canonical":"https:\/\/thebiopool.com\/es\/hybrid-pool\/","og_locale":"es_ES","og_type":"article","og_title":"(Italiano) The Biopool - about hybrid pools","og_description":"Desinfecci&oacute;n qu&iacute;mica en la piscina h&iacute;brida (a menudo vendida err&oacute;neamente como piscina biol&oacute;gica o ecol&oacute;gica) Las piscinas h&iacute;bridas utilizan una forma diferente de desinfecci&oacute;n que permite que los organismos acu&aacute;ticos resistentes sobrevivan. Esto permite el uso de plantas ribere&ntilde;as resistentes para crear una apariencia natural. Pero en este caso la biolog&iacute;a no es la base de la purificaci&oacute;n del agua, ya que los desinfectantes matan a la mayor&iacute;a de los seres vivos, las plantas son solo de decoraci&oacute;n. Estas t&eacute;cnicas de desinfecci&oacute;n se utilizan habitualmente en piscinas h&iacute;bridas: Luz ultravioleta: parte de la luz solar natural que afecta fuertemente a&hellip;","og_url":"https:\/\/thebiopool.com\/es\/hybrid-pool\/","og_site_name":"expertos en piscinas y estanques naturales","article_publisher":"https:\/\/www.facebook.com\/Naturaleza-y-Arte-Stefan-Meier-162702410430553\/","article_modified_time":"2022-03-21T11:16:44+00:00","twitter_card":"summary_large_image","twitter_misc":{"Tiempo de lectura":"14 minutos"},"schema":{"@context":"https:\/\/schema.org","@graph":[{"@type":"WebPage","@id":"https:\/\/thebiopool.com\/es\/hybrid-pool\/","url":"https:\/\/thebiopool.com\/es\/hybrid-pool\/","name":"(Italiano) The Biopool - about hybrid pools","isPartOf":{"@id":"https:\/\/thebiopool.com\/es\/#website"},"datePublished":"2022-02-04T16:47:42+00:00","dateModified":"2022-03-21T11:16:44+00:00","breadcrumb":{"@id":"https:\/\/thebiopool.com\/es\/hybrid-pool\/#breadcrumb"},"inLanguage":"es","potentialAction":[{"@type":"ReadAction","target":[["https:\/\/thebiopool.com\/es\/hybrid-pool\/"]]}]},{"@type":"BreadcrumbList","@id":"https:\/\/thebiopool.com\/es\/hybrid-pool\/#breadcrumb","itemListElement":[{"@type":"ListItem","position":1,"name":"Home","item":"https:\/\/thebiopool.com\/es\/"},{"@type":"ListItem","position":2,"name":"Hybrid-Pool"}]},{"@type":"WebSite","@id":"https:\/\/thebiopool.com\/es\/#website","url":"https:\/\/thebiopool.com\/es\/","name":"TheBiopool","description":"planificamos y creamos su estanque natural","publisher":{"@id":"https:\/\/thebiopool.com\/es\/#organization"},"potentialAction":[{"@type":"SearchAction","target":{"@type":"EntryPoint","urlTemplate":"https:\/\/thebiopool.com\/es\/?s={search_term_string}"},"query-input":{"@type":"PropertyValueSpecification","valueRequired":true,"valueName":"search_term_string"}}],"inLanguage":"es"},{"@type":"Organization","@id":"https:\/\/thebiopool.com\/es\/#organization","name":"TheBiopool","url":"https:\/\/thebiopool.com\/es\/","logo":{"@type":"ImageObject","inLanguage":"es","@id":"https:\/\/thebiopool.com\/es\/#\/schema\/logo\/image\/","url":"https:\/\/thebiopool.com\/wp-content\/uploads\/logo-schatten-website-klein.png","contentUrl":"https:\/\/thebiopool.com\/wp-content\/uploads\/logo-schatten-website-klein.png","width":220,"height":64,"caption":"TheBiopool"},"image":{"@id":"https:\/\/thebiopool.com\/es\/#\/schema\/logo\/image\/"},"sameAs":["https:\/\/www.facebook.com\/Naturaleza-y-Arte-Stefan-Meier-162702410430553\/","https:\/\/www.instagram.com\/thebiopool\/"]}]}},"_links":{"self":[{"href":"https:\/\/thebiopool.com\/es\/wp-json\/wp\/v2\/pages\/16956","targetHints":{"allow":["GET"]}}],"collection":[{"href":"https:\/\/thebiopool.com\/es\/wp-json\/wp\/v2\/pages"}],"about":[{"href":"https:\/\/thebiopool.com\/es\/wp-json\/wp\/v2\/types\/page"}],"author":[{"embeddable":true,"href":"https:\/\/thebiopool.com\/es\/wp-json\/wp\/v2\/users\/1"}],"replies":[{"embeddable":true,"href":"https:\/\/thebiopool.com\/es\/wp-json\/wp\/v2\/comments?post=16956"}],"version-history":[{"count":0,"href":"https:\/\/thebiopool.com\/es\/wp-json\/wp\/v2\/pages\/16956\/revisions"}],"wp:attachment":[{"href":"https:\/\/thebiopool.com\/es\/wp-json\/wp\/v2\/media?parent=16956"}],"curies":[{"name":"wp","href":"https:\/\/api.w.org\/{rel}","templated":true}]}}