{"id":17354,"date":"2022-07-07T11:10:04","date_gmt":"2022-07-07T09:10:04","guid":{"rendered":"https:\/\/thebiopool.com\/?page_id=17354"},"modified":"2022-07-07T11:26:23","modified_gmt":"2022-07-07T09:26:23","slug":"biological-swimming-pond-can-pep-sir","status":"publish","type":"page","link":"https:\/\/thebiopool.com\/es\/biological-swimming-pond-can-pep-sir\/","title":{"rendered":"Estanque de nataci\u00f3n Can Pep Sir<br>Ibiza"},"content":{"rendered":"<div id=\"pl-17354\"  class=\"panel-layout\" ><div id=\"pg-17354-0\"  class=\"panel-grid panel-no-style\" ><div id=\"pgc-17354-0-0\"  class=\"panel-grid-cell\" ><div id=\"panel-17354-0-0-0\" class=\"so-panel widget widget_sow-editor panel-first-child\" data-index=\"0\" ><div class=\"panel-widget-style panel-widget-style-for-17354-0-0-0\" ><div\n\t\t\t\n\t\t\tclass=\"so-widget-sow-editor so-widget-sow-editor-base\"\n\t\t\t\n\t\t>\n<div class=\"siteorigin-widget-tinymce textwidget\">\n\t<style type=\"text\/css\">\n#foogallery-gallery-17355 .fg-image { width: 200px; }\n#foogallery-gallery-17355 { --fg-gutter: 10px; }<\/style>\n\t\t\t<style type=\"text\/css\">\n#foogallery-gallery-17355_1 .fg-image { width: 200px; }\n#foogallery-gallery-17355_1 { --fg-gutter: 10px; }<\/style>\n\t\t\t<div class=\"foogallery foogallery-container foogallery-default foogallery-lightbox-foobox fg-center fg-default fg-ready fg-light fg-border-thin fg-shadow-outline fg-loading-default fg-loaded-fade-in fg-caption-hover fg-hover-fade fg-hover-zoom\" id=\"foogallery-gallery-17355_1\" data-foogallery=\"{&quot;item&quot;:{&quot;showCaptionTitle&quot;:true,&quot;showCaptionDescription&quot;:true},&quot;lazy&quot;:true}\" style=\"--fg-title-line-clamp: 0; --fg-description-line-clamp: 0;\" >\n\t<div class=\"fg-item fg-type-image fg-idle\"><figure class=\"fg-item-inner\"><a href=\"https:\/\/thebiopool.com\/wp-content\/uploads\/can-pep-sir_main.jpg\" target=\"_blank\" data-caption-desc=\"Can Pep Sir\" data-attachment-id=\"17356\" data-type=\"image\" class=\"fg-thumb\"><span class=\"fg-image-wrap\"><img decoding=\"async\" alt=\"Can Pep Sir by theBIOPOOL\" width=\"200\" height=\"200\" class=\"skip-lazy fg-image\" data-src-fg=\"https:\/\/thebiopool.com\/wp-content\/uploads\/cache\/can-pep-sir_main\/1196728676.jpg\" data-srcset-fg=\"https:\/\/thebiopool.com\/wp-content\/uploads\/cache\/can-pep-sir_main\/1059102215.jpg 2x\" src=\"data:image\/svg+xml,%3Csvg%20xmlns%3D%22http%3A%2F%2Fwww.w3.org%2F2000%2Fsvg%22%20width%3D%22200%22%20height%3D%22200%22%20viewBox%3D%220%200%20200%20200%22%3E%3C%2Fsvg%3E\" loading=\"eager\"><\/span><span class=\"fg-image-overlay\"><\/span><\/a><figcaption class=\"fg-caption\"><div class=\"fg-caption-inner\"><div class=\"fg-caption-desc\">Can Pep Sir<\/div><\/div><\/figcaption><\/figure><div class=\"fg-loader\"><\/div><\/div><div class=\"fg-item fg-type-image fg-idle\"><figure class=\"fg-item-inner\"><a href=\"https:\/\/thebiopool.com\/wp-content\/uploads\/can-pep-sir_1.jpg\" data-attachment-id=\"17357\" data-type=\"image\" class=\"fg-thumb\"><span class=\"fg-image-wrap\"><img decoding=\"async\" width=\"200\" height=\"200\" class=\"skip-lazy fg-image\" data-src-fg=\"https:\/\/thebiopool.com\/wp-content\/uploads\/cache\/can-pep-sir_1\/2516541320.jpg\" data-srcset-fg=\"https:\/\/thebiopool.com\/wp-content\/uploads\/cache\/can-pep-sir_1\/1259367026.jpg 2x\" src=\"data:image\/svg+xml,%3Csvg%20xmlns%3D%22http%3A%2F%2Fwww.w3.org%2F2000%2Fsvg%22%20width%3D%22200%22%20height%3D%22200%22%20viewBox%3D%220%200%20200%20200%22%3E%3C%2Fsvg%3E\" loading=\"eager\"><\/span><span class=\"fg-image-overlay\"><\/span><\/a><\/figure><div class=\"fg-loader\"><\/div><\/div><div class=\"fg-item fg-type-image fg-idle\"><figure class=\"fg-item-inner\"><a href=\"https:\/\/thebiopool.com\/wp-content\/uploads\/Can-Pep-Sir-2-by-theBIOPOOL_web.jpg\" data-attachment-id=\"17358\" data-type=\"image\" class=\"fg-thumb\"><span class=\"fg-image-wrap\"><img decoding=\"async\" width=\"200\" height=\"200\" class=\"skip-lazy fg-image\" data-src-fg=\"https:\/\/thebiopool.com\/wp-content\/uploads\/cache\/Can-Pep-Sir-2-by-theBIOPOOL_web\/1908132664.jpg\" data-srcset-fg=\"https:\/\/thebiopool.com\/wp-content\/uploads\/cache\/Can-Pep-Sir-2-by-theBIOPOOL_web\/3928556470.jpg 2x\" src=\"data:image\/svg+xml,%3Csvg%20xmlns%3D%22http%3A%2F%2Fwww.w3.org%2F2000%2Fsvg%22%20width%3D%22200%22%20height%3D%22200%22%20viewBox%3D%220%200%20200%20200%22%3E%3C%2Fsvg%3E\" loading=\"eager\"><\/span><span class=\"fg-image-overlay\"><\/span><\/a><\/figure><div class=\"fg-loader\"><\/div><\/div><div class=\"fg-item fg-type-image fg-idle\"><figure class=\"fg-item-inner\"><a href=\"https:\/\/thebiopool.com\/wp-content\/uploads\/Can-Pep-Sir-by-theBIOPOOL_web.jpg\" data-attachment-id=\"17359\" data-type=\"image\" class=\"fg-thumb\"><span class=\"fg-image-wrap\"><img decoding=\"async\" width=\"200\" height=\"200\" class=\"skip-lazy fg-image\" data-src-fg=\"https:\/\/thebiopool.com\/wp-content\/uploads\/cache\/Can-Pep-Sir-by-theBIOPOOL_web\/2491312023.jpg\" data-srcset-fg=\"https:\/\/thebiopool.com\/wp-content\/uploads\/cache\/Can-Pep-Sir-by-theBIOPOOL_web\/3936328815.jpg 2x\" src=\"data:image\/svg+xml,%3Csvg%20xmlns%3D%22http%3A%2F%2Fwww.w3.org%2F2000%2Fsvg%22%20width%3D%22200%22%20height%3D%22200%22%20viewBox%3D%220%200%20200%20200%22%3E%3C%2Fsvg%3E\" loading=\"eager\"><\/span><span class=\"fg-image-overlay\"><\/span><\/a><\/figure><div class=\"fg-loader\"><\/div><\/div><div class=\"fg-item fg-type-image fg-idle\"><figure class=\"fg-item-inner\"><a href=\"https:\/\/thebiopool.com\/wp-content\/uploads\/Eagles-nest-by-theBIOPOOL_4.jpg\" data-caption-desc=\"Eagle&#039;s nest by theBIOPOOL_4\" data-attachment-id=\"17486\" data-type=\"image\" class=\"fg-thumb\"><span class=\"fg-image-wrap\"><img decoding=\"async\" alt=\"Eagle&#039;s nest by theBIOPOOL_4\" width=\"200\" height=\"200\" class=\"skip-lazy fg-image\" data-src-fg=\"https:\/\/thebiopool.com\/wp-content\/uploads\/cache\/Eagles-nest-by-theBIOPOOL_4\/3875571652.jpg\" data-srcset-fg=\"https:\/\/thebiopool.com\/wp-content\/uploads\/cache\/Eagles-nest-by-theBIOPOOL_4\/1697953460.jpg 2x,https:\/\/thebiopool.com\/wp-content\/uploads\/cache\/Eagles-nest-by-theBIOPOOL_4\/3123565077.jpg 4x\" src=\"data:image\/svg+xml,%3Csvg%20xmlns%3D%22http%3A%2F%2Fwww.w3.org%2F2000%2Fsvg%22%20width%3D%22200%22%20height%3D%22200%22%20viewBox%3D%220%200%20200%20200%22%3E%3C%2Fsvg%3E\" loading=\"eager\"><\/span><span class=\"fg-image-overlay\"><\/span><\/a><figcaption class=\"fg-caption\"><div class=\"fg-caption-inner\"><div class=\"fg-caption-desc\">Eagle's nest by theBIOPOOL_4<\/div><\/div><\/figcaption><\/figure><div class=\"fg-loader\"><\/div><\/div><div class=\"fg-item fg-type-image fg-idle\"><figure class=\"fg-item-inner\"><a href=\"https:\/\/thebiopool.com\/wp-content\/uploads\/Can-Pep-Sir-1.jpg\" data-caption-desc=\"Can Pep Sir, Ibiza by theBiopool.com\" data-attachment-id=\"17490\" data-type=\"image\" class=\"fg-thumb\"><span class=\"fg-image-wrap\"><img decoding=\"async\" alt=\"Can Pep Sir, Ibiza by theBiopool.com\" width=\"200\" height=\"200\" class=\"skip-lazy fg-image\" data-src-fg=\"https:\/\/thebiopool.com\/wp-content\/uploads\/cache\/Can-Pep-Sir-1\/474163201.jpg\" src=\"data:image\/svg+xml,%3Csvg%20xmlns%3D%22http%3A%2F%2Fwww.w3.org%2F2000%2Fsvg%22%20width%3D%22200%22%20height%3D%22200%22%20viewBox%3D%220%200%20200%20200%22%3E%3C%2Fsvg%3E\" loading=\"eager\"><\/span><span class=\"fg-image-overlay\"><\/span><\/a><figcaption class=\"fg-caption\"><div class=\"fg-caption-inner\"><div class=\"fg-caption-desc\">Can Pep Sir, Ibiza by theBiopool.com<\/div><\/div><\/figcaption><\/figure><div class=\"fg-loader\"><\/div><\/div><div class=\"fg-item fg-type-image fg-idle\"><figure class=\"fg-item-inner\"><a href=\"https:\/\/thebiopool.com\/wp-content\/uploads\/Can-Pep-Sir4.jpg\" data-caption-desc=\"Can Pep Sir, Ibiza by theBiopool.com\" data-attachment-id=\"17493\" data-type=\"image\" class=\"fg-thumb\"><span class=\"fg-image-wrap\"><img decoding=\"async\" alt=\"Can Pep Sir, Ibiza by theBiopool.com\" width=\"200\" height=\"200\" class=\"skip-lazy fg-image\" data-src-fg=\"https:\/\/thebiopool.com\/wp-content\/uploads\/cache\/Can-Pep-Sir4\/1003663063.jpg\" src=\"data:image\/svg+xml,%3Csvg%20xmlns%3D%22http%3A%2F%2Fwww.w3.org%2F2000%2Fsvg%22%20width%3D%22200%22%20height%3D%22200%22%20viewBox%3D%220%200%20200%20200%22%3E%3C%2Fsvg%3E\" loading=\"eager\"><\/span><span class=\"fg-image-overlay\"><\/span><\/a><figcaption class=\"fg-caption\"><div class=\"fg-caption-inner\"><div class=\"fg-caption-desc\">Can Pep Sir, Ibiza by theBiopool.com<\/div><\/div><\/figcaption><\/figure><div class=\"fg-loader\"><\/div><\/div><div class=\"fg-item fg-type-image fg-idle\"><figure class=\"fg-item-inner\"><a href=\"https:\/\/thebiopool.com\/wp-content\/uploads\/Can-Pep-Sir5.jpg\" data-caption-desc=\"Can Pep Sir, Ibiza by theBiopool.com\" data-attachment-id=\"17494\" data-type=\"image\" class=\"fg-thumb\"><span class=\"fg-image-wrap\"><img decoding=\"async\" alt=\"Can Pep Sir, Ibiza by theBiopool.com\" width=\"200\" height=\"200\" class=\"skip-lazy fg-image\" data-src-fg=\"https:\/\/thebiopool.com\/wp-content\/uploads\/cache\/Can-Pep-Sir5\/1398014737.jpg\" src=\"data:image\/svg+xml,%3Csvg%20xmlns%3D%22http%3A%2F%2Fwww.w3.org%2F2000%2Fsvg%22%20width%3D%22200%22%20height%3D%22200%22%20viewBox%3D%220%200%20200%20200%22%3E%3C%2Fsvg%3E\" loading=\"eager\"><\/span><span class=\"fg-image-overlay\"><\/span><\/a><figcaption class=\"fg-caption\"><div class=\"fg-caption-inner\"><div class=\"fg-caption-desc\">Can Pep Sir, Ibiza by theBiopool.com<\/div><\/div><\/figcaption><\/figure><div class=\"fg-loader\"><\/div><\/div><\/div>\n\n<\/div>\n<\/div><\/div><\/div><div id=\"panel-17354-0-0-1\" class=\"so-panel widget widget_sow-accordion panel-last-child\" data-index=\"1\" ><div class=\"panel-widget-style panel-widget-style-for-17354-0-0-1\" ><div\n\t\t\t\n\t\t\tclass=\"so-widget-sow-accordion so-widget-sow-accordion-default-f9bf075f3502-17354\"\n\t\t\t\n\t\t><div>\n\t<div class=\"sow-accordion\">\n\t\t\t<div class=\"sow-accordion-panel\n\t\t\t\t\t\"\n\t\t\t\tdata-anchor-id=\"estoy-muy-orgulloso-de-presentar-este-estanque-que-creamos-este-invierno-para-rebecca-frayn-y-andrew-harris-en-colaboracion-con-la-empresa-bioconstruccion-ibiza-forma-parte-de-una-gran-finca-ecologic\">\n\t\t\t\t\t<div class=\"sow-accordion-panel-header-container\" role=\"heading\" aria-level=\"2\">\n\t\t\t\t\t<div class=\"sow-accordion-panel-header\" tabindex=\"0\" role=\"button\" id=\"accordion-label-estoy-muy-orgulloso-de-presentar-este-estanque-que-creamos-este-invierno-para-rebecca-frayn-y-andrew-harris-en-colaboraci%c3%b3n-con-la-empresa-bioconstruccion-ibiza-forma-parte-de-una-gran-finca-eco\" aria-controls=\"accordion-content-estoy-muy-orgulloso-de-presentar-este-estanque-que-creamos-este-invierno-para-rebecca-frayn-y-andrew-harris-en-colaboraci%c3%b3n-con-la-empresa-bioconstruccion-ibiza-forma-parte-de-una-gran-finca-eco\" aria-expanded=\"false\">\n\t\t\t\t\t\t<div class=\"sow-accordion-title sow-accordion-title-icon-left\">\n\t\t\t\t\t\t\t\t\t\t\t\t\t\tEstoy muy orgulloso de presentar este estanque que creamos este invierno para Rebecca Frayn y Andrew Harris en colaboraci\u00f3n con la empresa Bioconstruccion Ibiza. Forma parte de una gran finca ecol\u00f3gica en el norte de Ibiza. La finca tiene 30 hect\u00e1reas de terreno, 25 colmenas, una huerta de permacultura y plantaciones de \u00e1rboles frutales con variedades tradicionales y requerimientos m\u00ednimos de agua. Tambi\u00e9n se plantaron encinas. Los pollos, patos y ovejas se utilizan para el pastoreo regenerativo, mejorando as\u00ed el suelo y fijando el carbono.   El jard\u00edn alrededor de la finca de 500 a\u00f1os cuidadosamente restaurada fue dise\u00f1ado por el paisajista internacionalmente reconocido Tom Stuart-Smith con plantas mediterr\u00e1neas resistentes a la sequ\u00eda que casi no necesitan irrigaci\u00f3n. <h5 Align=\"right\" style=\"color:red\">click for more<\/h5>\t\t\t\t\t\t\t\t\t\t\t\t\t<\/div>\n\t\t\t\t\t\t<div class=\"sow-accordion-open-close-button\">\n\t\t\t\t\t\t\t<div class=\"sow-accordion-open-button\">\n\t\t\t\t\t\t\t\t<span class=\"sow-icon-ionicons\" data-sow-icon=\"&#xf218;\"\n\t\t \n\t\taria-hidden=\"true\"><\/span>\t\t\t\t\t\t\t<\/div>\n\t\t\t\t\t\t\t<div class=\"sow-accordion-close-button\">\n\t\t\t\t\t\t\t\t<span class=\"sow-icon-ionicons\" data-sow-icon=\"&#xf209;\"\n\t\t \n\t\taria-hidden=\"true\"><\/span>\t\t\t\t\t\t\t<\/div>\n\t\t\t\t\t\t<\/div>\n\t\t\t\t\t<\/div>\n\t\t\t\t<\/div>\n\n\t\t\t<div\n\t\t\t\tclass=\"sow-accordion-panel-content\"\n\t\t\t\trole=\"region\"\n\t\t\t\taria-labelledby=\"accordion-label-estoy-muy-orgulloso-de-presentar-este-estanque-que-creamos-este-invierno-para-rebecca-frayn-y-andrew-harris-en-colaboraci%c3%b3n-con-la-empresa-bioconstruccion-ibiza-forma-parte-de-una-gran-finca-eco\"\n\t\t\t\tid=\"accordion-content-estoy-muy-orgulloso-de-presentar-este-estanque-que-creamos-este-invierno-para-rebecca-frayn-y-andrew-harris-en-colaboraci%c3%b3n-con-la-empresa-bioconstruccion-ibiza-forma-parte-de-una-gran-finca-eco\"\n\t\t\t\tstyle=\"display: none;\"\t\t\t>\n\t\t\t\t<div class=\"sow-accordion-panel-border\">\n\t\t\t\t\t\u201cEl concepto general es crear un proyecto de estudio de caso para un enfoque regenerativo tan atractivo en su ejecuci\u00f3n y belleza que ayudar\u00e1 a inspirar los cambios de sistema m\u00e1s amplios que se necesitan ahora desesperadamente. Para ello, la finca funciona \u00edntegramente con energ\u00eda solar y aprovecha el agua que procede de un antiguo manantial del terreno. Con el tiempo, la granja albergar\u00e1 una variedad de eventos, retiros y talleres que intentar\u00e1n difundir la conciencia sobre la importancia urgente de la restauraci\u00f3n ecol\u00f3gica a escala mundial\u201d, explica Rebecca Frayn.\n\n\nEste art\u00edculo menciona el proyecto:\n\nIbiza reborn \u2013 in search of the Balearics\u2019 bohemian past\n\n<a href=\"https:\/\/on.ft.com\/3M6x3yb\">https:\/\/on.ft.com\/3M6x3yb<\/a>\n\nUna preocupaci\u00f3n especial en el dise\u00f1o del estanque de nataci\u00f3n fue la integraci\u00f3n m\u00e1s natural posible en el paisaje, con el aspecto de una cantera llena de agua. Adem\u00e1s, debe servir como fuente de agua potable para abejas y aves y como h\u00e1bitat para especies animales y vegetales en peligro de extinci\u00f3n y aumentar la biodiversidad. Se incluy\u00f3 en la lista de masas de agua potenciales para la reintroducci\u00f3n del sapo verde balear, junto con otro peque\u00f1o biotopo de agua que creamos en las cercan\u00edas.\n\nSe llen\u00f3 y plant\u00f3 en marzo de este a\u00f1o, la prueba de plantaci\u00f3n \u00f3ptima para las plantas acu\u00e1ticas. Ya, despu\u00e9s de solo 3 meses, ha crecido una s\u00f3lida vegetaci\u00f3n submarina y al borde del estanque.\t\t\t\t<\/div>\n\t\t\t<\/div>\n\t\t<\/div>\n\t\t<\/div>\n<\/div>\n<\/div><\/div><\/div><\/div><\/div><\/div>","protected":false},"excerpt":{"rendered":"<p>Can Pep SirEagle&#8217;s nest by theBIOPOOL_4Can Pep Sir, Ibiza by theBiopool.comCan Pep Sir, Ibiza by theBiopool.comCan Pep Sir, Ibiza by theBiopool.com Estoy muy orgulloso de presentar este estanque que creamos este invierno para Rebecca Frayn y Andrew Harris en colaboraci&oacute;n con la empresa Bioconstruccion Ibiza. Forma parte de una gran finca ecol&oacute;gica en el norte de Ibiza. La finca tiene 30 hect&aacute;reas de terreno, 25 colmenas, una huerta de permacultura y plantaciones de &aacute;rboles frutales con variedades tradicionales y requerimientos m&iacute;nimos de agua. Tambi&eacute;n se plantaron encinas. Los pollos, patos y ovejas se utilizan para el pastoreo regenerativo, mejorando as&iacute;&hellip;<\/p>\n","protected":false},"author":1,"featured_media":0,"parent":0,"menu_order":0,"comment_status":"closed","ping_status":"closed","template":"","meta":{"footnotes":""},"class_list":["post-17354","page","type-page","status-publish","hentry"],"yoast_head":"<!-- This site is optimized with the Yoast SEO plugin v27.5 - https:\/\/yoast.com\/product\/yoast-seo-wordpress\/ -->\n<title>Estanque de nataci\u00f3n Can Pep SirIbiza<\/title>\n<meta name=\"robots\" content=\"index, follow, max-snippet:-1, max-image-preview:large, max-video-preview:-1\" \/>\n<link rel=\"canonical\" href=\"https:\/\/thebiopool.com\/es\/biological-swimming-pond-can-pep-sir\/\" \/>\n<meta property=\"og:locale\" content=\"es_ES\" \/>\n<meta property=\"og:type\" content=\"article\" \/>\n<meta property=\"og:title\" content=\"Estanque de nataci\u00f3n Can Pep SirIbiza\" \/>\n<meta property=\"og:description\" content=\"Can Pep SirEagle&#039;s nest by theBIOPOOL_4Can Pep Sir, Ibiza by theBiopool.comCan Pep Sir, Ibiza by theBiopool.comCan Pep Sir, Ibiza by theBiopool.com Estoy muy orgulloso de presentar este estanque que creamos este invierno para Rebecca Frayn y Andrew Harris en colaboraci&oacute;n con la empresa Bioconstruccion Ibiza. Forma parte de una gran finca ecol&oacute;gica en el norte de Ibiza. La finca tiene 30 hect&aacute;reas de terreno, 25 colmenas, una huerta de permacultura y plantaciones de &aacute;rboles frutales con variedades tradicionales y requerimientos m&iacute;nimos de agua. Tambi&eacute;n se plantaron encinas. Los pollos, patos y ovejas se utilizan para el pastoreo regenerativo, mejorando as&iacute;&hellip;\" \/>\n<meta property=\"og:url\" content=\"https:\/\/thebiopool.com\/es\/biological-swimming-pond-can-pep-sir\/\" \/>\n<meta property=\"og:site_name\" content=\"expertos en piscinas y estanques naturales\" \/>\n<meta property=\"article:publisher\" content=\"https:\/\/www.facebook.com\/Naturaleza-y-Arte-Stefan-Meier-162702410430553\/\" \/>\n<meta property=\"article:modified_time\" content=\"2022-07-07T09:26:23+00:00\" \/>\n<meta name=\"twitter:card\" content=\"summary_large_image\" \/>\n<meta name=\"twitter:label1\" content=\"Tiempo de lectura\" \/>\n\t<meta name=\"twitter:data1\" content=\"3 minutos\" \/>\n<script type=\"application\/ld+json\" class=\"yoast-schema-graph\">{\"@context\":\"https:\\\/\\\/schema.org\",\"@graph\":[{\"@type\":\"WebPage\",\"@id\":\"https:\\\/\\\/thebiopool.com\\\/es\\\/biological-swimming-pond-can-pep-sir\\\/\",\"url\":\"https:\\\/\\\/thebiopool.com\\\/es\\\/biological-swimming-pond-can-pep-sir\\\/\",\"name\":\"Estanque de nataci\u00f3n Can Pep Sir Ibiza\",\"isPartOf\":{\"@id\":\"https:\\\/\\\/thebiopool.com\\\/es\\\/#website\"},\"datePublished\":\"2022-07-07T09:10:04+00:00\",\"dateModified\":\"2022-07-07T09:26:23+00:00\",\"breadcrumb\":{\"@id\":\"https:\\\/\\\/thebiopool.com\\\/es\\\/biological-swimming-pond-can-pep-sir\\\/#breadcrumb\"},\"inLanguage\":\"es\",\"potentialAction\":[{\"@type\":\"ReadAction\",\"target\":[[\"https:\\\/\\\/thebiopool.com\\\/es\\\/biological-swimming-pond-can-pep-sir\\\/\"]]}]},{\"@type\":\"BreadcrumbList\",\"@id\":\"https:\\\/\\\/thebiopool.com\\\/es\\\/biological-swimming-pond-can-pep-sir\\\/#breadcrumb\",\"itemListElement\":[{\"@type\":\"ListItem\",\"position\":1,\"name\":\"Home\",\"item\":\"https:\\\/\\\/thebiopool.com\\\/es\\\/\"},{\"@type\":\"ListItem\",\"position\":2,\"name\":\"Biological Swimming Pond Can Pep SirIbiza\"}]},{\"@type\":\"WebSite\",\"@id\":\"https:\\\/\\\/thebiopool.com\\\/es\\\/#website\",\"url\":\"https:\\\/\\\/thebiopool.com\\\/es\\\/\",\"name\":\"TheBiopool\",\"description\":\"planificamos y creamos su estanque natural\",\"publisher\":{\"@id\":\"https:\\\/\\\/thebiopool.com\\\/es\\\/#organization\"},\"potentialAction\":[{\"@type\":\"SearchAction\",\"target\":{\"@type\":\"EntryPoint\",\"urlTemplate\":\"https:\\\/\\\/thebiopool.com\\\/es\\\/?s={search_term_string}\"},\"query-input\":{\"@type\":\"PropertyValueSpecification\",\"valueRequired\":true,\"valueName\":\"search_term_string\"}}],\"inLanguage\":\"es\"},{\"@type\":\"Organization\",\"@id\":\"https:\\\/\\\/thebiopool.com\\\/es\\\/#organization\",\"name\":\"TheBiopool\",\"url\":\"https:\\\/\\\/thebiopool.com\\\/es\\\/\",\"logo\":{\"@type\":\"ImageObject\",\"inLanguage\":\"es\",\"@id\":\"https:\\\/\\\/thebiopool.com\\\/es\\\/#\\\/schema\\\/logo\\\/image\\\/\",\"url\":\"https:\\\/\\\/thebiopool.com\\\/wp-content\\\/uploads\\\/logo-schatten-website-klein.png\",\"contentUrl\":\"https:\\\/\\\/thebiopool.com\\\/wp-content\\\/uploads\\\/logo-schatten-website-klein.png\",\"width\":220,\"height\":64,\"caption\":\"TheBiopool\"},\"image\":{\"@id\":\"https:\\\/\\\/thebiopool.com\\\/es\\\/#\\\/schema\\\/logo\\\/image\\\/\"},\"sameAs\":[\"https:\\\/\\\/www.facebook.com\\\/Naturaleza-y-Arte-Stefan-Meier-162702410430553\\\/\",\"https:\\\/\\\/www.instagram.com\\\/thebiopool\\\/\"]}]}<\/script>\n<!-- \/ Yoast SEO plugin. -->","yoast_head_json":{"title":"Estanque de nataci\u00f3n Can Pep SirIbiza","robots":{"index":"index","follow":"follow","max-snippet":"max-snippet:-1","max-image-preview":"max-image-preview:large","max-video-preview":"max-video-preview:-1"},"canonical":"https:\/\/thebiopool.com\/es\/biological-swimming-pond-can-pep-sir\/","og_locale":"es_ES","og_type":"article","og_title":"Estanque de nataci\u00f3n Can Pep SirIbiza","og_description":"Can Pep SirEagle's nest by theBIOPOOL_4Can Pep Sir, Ibiza by theBiopool.comCan Pep Sir, Ibiza by theBiopool.comCan Pep Sir, Ibiza by theBiopool.com Estoy muy orgulloso de presentar este estanque que creamos este invierno para Rebecca Frayn y Andrew Harris en colaboraci&oacute;n con la empresa Bioconstruccion Ibiza. Forma parte de una gran finca ecol&oacute;gica en el norte de Ibiza. La finca tiene 30 hect&aacute;reas de terreno, 25 colmenas, una huerta de permacultura y plantaciones de &aacute;rboles frutales con variedades tradicionales y requerimientos m&iacute;nimos de agua. Tambi&eacute;n se plantaron encinas. Los pollos, patos y ovejas se utilizan para el pastoreo regenerativo, mejorando as&iacute;&hellip;","og_url":"https:\/\/thebiopool.com\/es\/biological-swimming-pond-can-pep-sir\/","og_site_name":"expertos en piscinas y estanques naturales","article_publisher":"https:\/\/www.facebook.com\/Naturaleza-y-Arte-Stefan-Meier-162702410430553\/","article_modified_time":"2022-07-07T09:26:23+00:00","twitter_card":"summary_large_image","twitter_misc":{"Tiempo de lectura":"3 minutos"},"schema":{"@context":"https:\/\/schema.org","@graph":[{"@type":"WebPage","@id":"https:\/\/thebiopool.com\/es\/biological-swimming-pond-can-pep-sir\/","url":"https:\/\/thebiopool.com\/es\/biological-swimming-pond-can-pep-sir\/","name":"Estanque de nataci\u00f3n Can Pep Sir Ibiza","isPartOf":{"@id":"https:\/\/thebiopool.com\/es\/#website"},"datePublished":"2022-07-07T09:10:04+00:00","dateModified":"2022-07-07T09:26:23+00:00","breadcrumb":{"@id":"https:\/\/thebiopool.com\/es\/biological-swimming-pond-can-pep-sir\/#breadcrumb"},"inLanguage":"es","potentialAction":[{"@type":"ReadAction","target":[["https:\/\/thebiopool.com\/es\/biological-swimming-pond-can-pep-sir\/"]]}]},{"@type":"BreadcrumbList","@id":"https:\/\/thebiopool.com\/es\/biological-swimming-pond-can-pep-sir\/#breadcrumb","itemListElement":[{"@type":"ListItem","position":1,"name":"Home","item":"https:\/\/thebiopool.com\/es\/"},{"@type":"ListItem","position":2,"name":"Biological Swimming Pond Can Pep SirIbiza"}]},{"@type":"WebSite","@id":"https:\/\/thebiopool.com\/es\/#website","url":"https:\/\/thebiopool.com\/es\/","name":"TheBiopool","description":"planificamos y creamos su estanque natural","publisher":{"@id":"https:\/\/thebiopool.com\/es\/#organization"},"potentialAction":[{"@type":"SearchAction","target":{"@type":"EntryPoint","urlTemplate":"https:\/\/thebiopool.com\/es\/?s={search_term_string}"},"query-input":{"@type":"PropertyValueSpecification","valueRequired":true,"valueName":"search_term_string"}}],"inLanguage":"es"},{"@type":"Organization","@id":"https:\/\/thebiopool.com\/es\/#organization","name":"TheBiopool","url":"https:\/\/thebiopool.com\/es\/","logo":{"@type":"ImageObject","inLanguage":"es","@id":"https:\/\/thebiopool.com\/es\/#\/schema\/logo\/image\/","url":"https:\/\/thebiopool.com\/wp-content\/uploads\/logo-schatten-website-klein.png","contentUrl":"https:\/\/thebiopool.com\/wp-content\/uploads\/logo-schatten-website-klein.png","width":220,"height":64,"caption":"TheBiopool"},"image":{"@id":"https:\/\/thebiopool.com\/es\/#\/schema\/logo\/image\/"},"sameAs":["https:\/\/www.facebook.com\/Naturaleza-y-Arte-Stefan-Meier-162702410430553\/","https:\/\/www.instagram.com\/thebiopool\/"]}]}},"_links":{"self":[{"href":"https:\/\/thebiopool.com\/es\/wp-json\/wp\/v2\/pages\/17354","targetHints":{"allow":["GET"]}}],"collection":[{"href":"https:\/\/thebiopool.com\/es\/wp-json\/wp\/v2\/pages"}],"about":[{"href":"https:\/\/thebiopool.com\/es\/wp-json\/wp\/v2\/types\/page"}],"author":[{"embeddable":true,"href":"https:\/\/thebiopool.com\/es\/wp-json\/wp\/v2\/users\/1"}],"replies":[{"embeddable":true,"href":"https:\/\/thebiopool.com\/es\/wp-json\/wp\/v2\/comments?post=17354"}],"version-history":[{"count":0,"href":"https:\/\/thebiopool.com\/es\/wp-json\/wp\/v2\/pages\/17354\/revisions"}],"wp:attachment":[{"href":"https:\/\/thebiopool.com\/es\/wp-json\/wp\/v2\/media?parent=17354"}],"curies":[{"name":"wp","href":"https:\/\/api.w.org\/{rel}","templated":true}]}}