{"id":17563,"date":"2024-04-19T10:51:49","date_gmt":"2024-04-19T08:51:49","guid":{"rendered":"https:\/\/thebiopool.com\/?page_id=17563"},"modified":"2025-05-07T14:08:29","modified_gmt":"2025-05-07T12:08:29","slug":"startnew","status":"publish","type":"page","link":"https:\/\/thebiopool.com\/es\/","title":{"rendered":"Start"},"content":{"rendered":"<div id=\"pl-17563\"  class=\"panel-layout\" ><div id=\"pg-17563-0\"  class=\"panel-grid panel-has-style\" ><div class=\"panel-row-style panel-row-style-for-17563-0\" ><div id=\"pgc-17563-0-0\"  class=\"panel-grid-cell\" ><div id=\"panel-17563-0-0-0\" class=\"so-panel widget widget_sow-editor panel-first-child panel-last-child\" data-index=\"0\" ><div\n\t\t\t\n\t\t\tclass=\"so-widget-sow-editor so-widget-sow-editor-base\"\n\t\t\t\n\t\t>\n<div class=\"siteorigin-widget-tinymce textwidget\">\n\t\n<\/div>\n<\/div><\/div><\/div><\/div><\/div><div id=\"pg-17563-1\"  class=\"panel-grid panel-has-style\" ><div class=\"siteorigin-panels-stretch panel-row-style panel-row-style-for-17563-1\" data-stretch-type=\"full-width-stretch\" ><div id=\"pgc-17563-1-0\"  class=\"panel-grid-cell\" ><div id=\"panel-17563-1-0-0\" class=\"so-panel widget widget_sow-editor panel-first-child\" data-index=\"1\" ><div class=\"panel-widget-style panel-widget-style-for-17563-1-0-0\" ><div\n\t\t\t\n\t\t\tclass=\"so-widget-sow-editor so-widget-sow-editor-base\"\n\t\t\t\n\t\t>\n<div class=\"siteorigin-widget-tinymce textwidget\">\n\t<p style=\"text-align: center;\">\n<p>&nbsp;<\/p>\n<h2 style=\"text-align: center;\"><span style=\"color: #488b83;\">Equipo de planificaci\u00f3n de gesti\u00f3n sostenible del agua<\/span><\/h2>\n<p style=\"text-align: justify;\">Creamos piscinas naturalizadas y lagos de ba\u00f1o con depuraci\u00f3n biol\u00f3gica del agua, sin usos de qu\u00edmicos ni equipos hostiles a la biodiversidad de los ecosistemas, dise\u00f1ando proyectos enfocados en la optimizaci\u00f3n de la gesti\u00f3n sostenible del agua, y colaborando en el continuo desarrollo del conocimiento a nivel nacional e internacional como miembros del GIABN y de la IOB.<\/p>\n<\/div>\n<\/div><\/div><\/div><div id=\"panel-17563-1-0-1\" class=\"so-panel widget widget_sow-editor panel-last-child\" data-index=\"2\" ><div class=\"panel-widget-style panel-widget-style-for-17563-1-0-1\" ><div\n\t\t\t\n\t\t\tclass=\"so-widget-sow-editor so-widget-sow-editor-base\"\n\t\t\t\n\t\t>\n<div class=\"siteorigin-widget-tinymce textwidget\">\n\t\n<\/div>\n<\/div><\/div><\/div><\/div><\/div><\/div><div id=\"pg-17563-2\"  class=\"panel-grid panel-has-style\" ><div class=\"siteorigin-panels-stretch panel-row-style panel-row-style-for-17563-2\" data-stretch-type=\"full-width-stretch\" ><div id=\"pgc-17563-2-0\"  class=\"panel-grid-cell\" ><div id=\"panel-17563-2-0-0\" class=\"so-panel widget widget_sow-editor panel-first-child panel-last-child\" data-index=\"3\" ><div class=\"panel-widget-style panel-widget-style-for-17563-2-0-0\" ><div\n\t\t\t\n\t\t\tclass=\"so-widget-sow-editor so-widget-sow-editor-base\"\n\t\t\t\n\t\t>\n<div class=\"siteorigin-widget-tinymce textwidget\">\n\t<p style=\"text-align: center;\">\n<h2 style=\"text-align: center;\"><span style=\"color: #488b83;\">Servicios<\/span><\/h2>\n<p style=\"text-align: center;\">\n<\/div>\n<\/div><\/div><\/div><\/div><\/div><\/div><div id=\"pg-17563-3\"  class=\"panel-grid panel-has-style\" ><div class=\"siteorigin-panels-stretch panel-row-style panel-row-style-for-17563-3\" data-stretch-type=\"full-width-stretch\" ><div id=\"pgc-17563-3-0\"  class=\"panel-grid-cell\" ><div id=\"panel-17563-3-0-0\" class=\"so-panel widget widget_sow-editor panel-first-child panel-last-child\" data-index=\"4\" ><div class=\"panel-widget-style panel-widget-style-for-17563-3-0-0\" ><div\n\t\t\t\n\t\t\tclass=\"so-widget-sow-editor so-widget-sow-editor-base\"\n\t\t\t\n\t\t>\n<div class=\"siteorigin-widget-tinymce textwidget\">\n\t<p>&nbsp;<br \/>\n&nbsp;<br \/>\n&nbsp;<br \/>\n&nbsp;<br \/>\n&nbsp;<br \/>\n&nbsp;<\/p>\n<h3 style=\"text-align: center; text-shadow: 2px 2px #000000;\"><a href=\"https:\/\/thebiopool.com\/bio-piscina\/\"><span style=\"color: #ffffff;\">PISCINA NATURAL<\/span><\/a><\/h3>\n<p>&nbsp;<br \/>\n&nbsp;<br \/>\n&nbsp;<br \/>\n&nbsp;<br \/>\n&nbsp;<br \/>\n&nbsp;<\/p>\n<\/div>\n<\/div><\/div><\/div><\/div><div id=\"pgc-17563-3-1\"  class=\"panel-grid-cell\" ><div id=\"panel-17563-3-1-0\" class=\"so-panel widget widget_sow-editor panel-first-child panel-last-child\" data-index=\"5\" ><div class=\"panel-widget-style panel-widget-style-for-17563-3-1-0\" ><div\n\t\t\t\n\t\t\tclass=\"so-widget-sow-editor so-widget-sow-editor-base\"\n\t\t\t\n\t\t>\n<div class=\"siteorigin-widget-tinymce textwidget\">\n\t<p>&nbsp;<br \/>\n&nbsp;<br \/>\n&nbsp;<br \/>\n&nbsp;<br \/>\n&nbsp;<br \/>\n&nbsp;<\/p>\n<h3 style=\"text-align: center;\"><a href=\"https:\/\/thebiopool.com\/biolago\/\"><span style=\"color: #ffffff; text-shadow: 2px 2px #000000;\">LAGO DE BA\u00d1O<\/span><\/a><\/h3>\n<p>&nbsp;<br \/>\n&nbsp;<br \/>\n&nbsp;<br \/>\n&nbsp;<br \/>\n&nbsp;<br \/>\n&nbsp;<\/p>\n<\/div>\n<\/div><\/div><\/div><\/div><div id=\"pgc-17563-3-2\"  class=\"panel-grid-cell\" ><div id=\"panel-17563-3-2-0\" class=\"so-panel widget widget_sow-editor panel-first-child panel-last-child\" data-index=\"6\" ><div class=\"panel-widget-style panel-widget-style-for-17563-3-2-0\" ><div\n\t\t\t\n\t\t\tclass=\"so-widget-sow-editor so-widget-sow-editor-base\"\n\t\t\t\n\t\t>\n<div class=\"siteorigin-widget-tinymce textwidget\">\n\t<p>&nbsp;<br \/>\n&nbsp;<br \/>\n&nbsp;<br \/>\n&nbsp;<br \/>\n&nbsp;<br \/>\n&nbsp;<\/p>\n<h3 style=\"text-align: center;\"><span style=\"color: #ffffff; text-shadow: 2px 2px #000000;\">GESTION DEL AGUA<\/span><\/h3>\n<p>&nbsp;<br \/>\n&nbsp;<br \/>\n&nbsp;<br \/>\n&nbsp;<br \/>\n&nbsp;<br \/>\n&nbsp;<\/p>\n<\/div>\n<\/div><\/div><\/div><\/div><\/div><\/div><div id=\"pg-17563-4\"  class=\"panel-grid panel-has-style\" ><div class=\"siteorigin-panels-stretch panel-row-style panel-row-style-for-17563-4\" data-stretch-type=\"full-width-stretch\" ><div id=\"pgc-17563-4-0\"  class=\"panel-grid-cell\" ><div id=\"panel-17563-4-0-0\" class=\"so-panel widget widget_sow-editor panel-first-child\" data-index=\"7\" ><div class=\"panel-widget-style panel-widget-style-for-17563-4-0-0\" ><div\n\t\t\t\n\t\t\tclass=\"so-widget-sow-editor so-widget-sow-editor-base\"\n\t\t\t\n\t\t>\n<div class=\"siteorigin-widget-tinymce textwidget\">\n\t<h2 style=\"text-align: center;\"><span style=\"color: #488b83;\">Soluciones Basadas en la Naturaleza<\/span><br \/>\n<span style=\"color: #488b83;\">NbS<\/span><\/h2>\n<p style=\"text-align: justify;\">Nuestros proyectos se desarrollan en base a las NbS definidas por la Uni\u00f3n Internacional para la Conservaci\u00f3n de la Naturaleza, UICN, como \"acciones para la protecci\u00f3n, gesti\u00f3n sostenible y restauraci\u00f3n de ecosistemas naturales o modificados que abordan los desaf\u00edos sociales de manera efectiva y adaptativa, al tiempo que garantizan el bienestar humano y la biodiversidad\".<br \/>\n\u201cUna piscina biol\u00f3gica es una NbS que aborda la seguridad y la salud del agua de ba\u00f1o desde un enfoque ecosist\u00e9mico.<br \/>\nAplica procesos naturales como base para mantener el agua en condiciones \u00f3ptimas para el ba\u00f1o y reduce el impacto de los tratamientos est\u00e1ndar, lo que ayuda a preservar la biodiversidad mediante la restauraci\u00f3n de los ecosistemas acu\u00e1ticos.\u201d<\/p>\n<\/div>\n<\/div><\/div><\/div><div id=\"panel-17563-4-0-1\" class=\"so-panel widget widget_sow-editor panel-last-child\" data-index=\"8\" ><div class=\"panel-widget-style panel-widget-style-for-17563-4-0-1\" ><div\n\t\t\t\n\t\t\tclass=\"so-widget-sow-editor so-widget-sow-editor-base\"\n\t\t\t\n\t\t>\n<div class=\"siteorigin-widget-tinymce textwidget\">\n\t<\/div>\n<\/div><\/div><\/div><\/div><\/div><\/div><div id=\"pg-17563-5\"  class=\"panel-grid panel-has-style panel-has-overlay\" ><div class=\"siteorigin-panels-stretch panel-row-style panel-row-style-for-17563-5\" data-stretch-type=\"full-width-stretch\" >\t\t\t\t<div\n\t\t\t\t\tclass=\"panel-background-overlay lazyload\"\n\t\t\t\t\t\t\t\t\t\t\tstyle=\"background-image:inherit;background-position:center center;background-size:cover;\"\n\t\t\t\t\t\t\t\t\t data-bg-image=\"url(https:\/\/thebiopool.com\/wp-content\/uploads\/Can-Pep-theBiopool.jpg)\">\n\t\t\t\t\t\t\t\t\t<\/div>\n\t\t\t\t<div id=\"pgc-17563-5-0\"  class=\"panel-grid-cell\" ><div id=\"panel-17563-5-0-0\" class=\"so-panel widget widget_sow-editor panel-first-child panel-last-child\" data-index=\"9\" ><div class=\"panel-widget-style panel-widget-style-for-17563-5-0-0\" ><div\n\t\t\t\n\t\t\tclass=\"so-widget-sow-editor so-widget-sow-editor-base\"\n\t\t\t\n\t\t>\n<div class=\"siteorigin-widget-tinymce textwidget\">\n\t<p>&nbsp;<\/p>\n<h1 style=\"text-align: center;\"><span style=\"color: #ffffff; text-shadow: 2px 2px #000000;\"><strong>1er premio Pondy Award 2023 \/ Categ.A<\/strong><\/span><\/h1>\n<p style=\"text-align: center;\">\n<\/div>\n<\/div><\/div><\/div><\/div><\/div><\/div><div id=\"pg-17563-6\"  class=\"panel-grid panel-has-style\" ><div class=\"siteorigin-panels-stretch panel-row-style panel-row-style-for-17563-6\" data-stretch-type=\"full-width-stretch\" ><div id=\"pgc-17563-6-0\"  class=\"panel-grid-cell\" ><div id=\"panel-17563-6-0-0\" class=\"so-panel widget widget_sow-editor panel-first-child panel-last-child\" data-index=\"10\" ><div class=\"so-rounded panel-widget-style panel-widget-style-for-17563-6-0-0\" ><div\n\t\t\t\n\t\t\tclass=\"so-widget-sow-editor so-widget-sow-editor-base\"\n\t\t\t\n\t\t>\n<div class=\"siteorigin-widget-tinymce textwidget\">\n\t<p>&nbsp;<\/p>\n<p>&nbsp;<\/p>\n<p>&nbsp;<\/p>\n<h1><span style=\"color: #ffffff;\">theBIOPOOL<\/span><\/h1>\n<p>&nbsp;<\/p>\n<\/div>\n<\/div><\/div><\/div><\/div><div id=\"pgc-17563-6-1\"  class=\"panel-grid-cell\" ><div id=\"panel-17563-6-1-0\" class=\"so-panel widget widget_sow-editor panel-first-child panel-last-child\" data-index=\"11\" ><div class=\"panel-widget-style panel-widget-style-for-17563-6-1-0\" ><div\n\t\t\t\n\t\t\tclass=\"so-widget-sow-editor so-widget-sow-editor-base\"\n\t\t\t\n\t\t>\n<div class=\"siteorigin-widget-tinymce textwidget\">\n\t<p>&nbsp;<\/p>\n<p>&nbsp;<\/p>\n<p>&nbsp;<\/p>\n<h2 style=\"text-align: right;\"><span style=\"color: #ffffff;\"><strong><a href=\"https:\/\/thebiopool.com\/contact\/\">CONTACTO<\/a><br \/>\n<\/strong><\/span><\/h2>\n<p style=\"text-align: right;\"><span style=\"color: #ffffff;\">theBIOPOOL<\/span><br \/>\n<span style=\"color: #ffffff;\">service@theBIOPOOL.com<\/span><br \/>\n<span style=\"color: #ffffff;\">+34 619 655 355<\/span><\/p>\n<h2 style=\"text-align: right;\"><span style=\"color: #ffffff;\"><strong><a href=\"https:\/\/thebiopool.com\/italiano-sign-up\/\">SUBSCRIBETE<\/a><br \/>\n<\/strong><\/span><\/h2>\n<p style=\"text-align: right;\"><span style=\"color: #ffffff;\">Y recibe nuestro Newsletter<\/span><\/p>\n<\/div>\n<\/div><\/div><\/div><\/div><\/div><\/div><\/div>","protected":false},"excerpt":{"rendered":"<p>&nbsp; Equipo de planificaci&oacute;n de gesti&oacute;n sostenible del agua Creamos piscinas naturalizadas y lagos de ba&ntilde;o con depuraci&oacute;n biol&oacute;gica del agua, sin usos de qu&iacute;micos ni equipos hostiles a la biodiversidad de los ecosistemas, dise&ntilde;ando proyectos enfocados en la optimizaci&oacute;n de la gesti&oacute;n sostenible del agua, y colaborando en el continuo desarrollo del conocimiento a nivel nacional e internacional como miembros del GIABN y de la IOB.<\/p>\n","protected":false},"author":1,"featured_media":0,"parent":0,"menu_order":0,"comment_status":"closed","ping_status":"closed","template":"","meta":{"footnotes":""},"class_list":["post-17563","page","type-page","status-publish","hentry"],"yoast_head":"<!-- This site is optimized with the Yoast SEO plugin v27.4 - https:\/\/yoast.com\/product\/yoast-seo-wordpress\/ -->\n<title>Start - Experts for natural ponds<\/title>\n<meta name=\"description\" content=\"}If you want a natural and healthy water experience as a pool or pond owner in Ibiza we are your no.1 planer and builder\" \/>\n<meta name=\"robots\" content=\"index, follow, max-snippet:-1, max-image-preview:large, max-video-preview:-1\" \/>\n<link rel=\"canonical\" href=\"https:\/\/thebiopool.com\/es\/\" \/>\n<meta property=\"og:locale\" content=\"es_ES\" \/>\n<meta property=\"og:type\" content=\"article\" \/>\n<meta property=\"og:title\" content=\"Start - Experts for natural ponds\" \/>\n<meta property=\"og:description\" content=\"}If you want a natural and healthy water experience as a pool or pond owner in Ibiza we are your no.1 planer and builder\" \/>\n<meta property=\"og:url\" content=\"https:\/\/thebiopool.com\/es\/\" \/>\n<meta property=\"og:site_name\" content=\"expertos en piscinas y estanques naturales\" \/>\n<meta property=\"article:publisher\" content=\"https:\/\/www.facebook.com\/Naturaleza-y-Arte-Stefan-Meier-162702410430553\/\" \/>\n<meta property=\"article:modified_time\" content=\"2025-05-07T12:08:29+00:00\" \/>\n<meta name=\"twitter:card\" content=\"summary_large_image\" \/>\n<meta name=\"twitter:label1\" content=\"Tiempo de lectura\" \/>\n\t<meta name=\"twitter:data1\" content=\"4 minutos\" \/>\n<script type=\"application\/ld+json\" class=\"yoast-schema-graph\">{\"@context\":\"https:\\\/\\\/schema.org\",\"@graph\":[{\"@type\":\"WebPage\",\"@id\":\"https:\\\/\\\/thebiopool.com\\\/es\\\/\",\"url\":\"https:\\\/\\\/thebiopool.com\\\/es\\\/\",\"name\":\"Start - Experts for natural ponds\",\"isPartOf\":{\"@id\":\"https:\\\/\\\/thebiopool.com\\\/es\\\/#website\"},\"datePublished\":\"2024-04-19T08:51:49+00:00\",\"dateModified\":\"2025-05-07T12:08:29+00:00\",\"description\":\"}If you want a natural and healthy water experience as a pool or pond owner in Ibiza we are your no.1 planer and builder\",\"breadcrumb\":{\"@id\":\"https:\\\/\\\/thebiopool.com\\\/es\\\/#breadcrumb\"},\"inLanguage\":\"es\",\"potentialAction\":[{\"@type\":\"ReadAction\",\"target\":[[\"https:\\\/\\\/thebiopool.com\\\/es\\\/\"]]}]},{\"@type\":\"BreadcrumbList\",\"@id\":\"https:\\\/\\\/thebiopool.com\\\/es\\\/#breadcrumb\",\"itemListElement\":[{\"@type\":\"ListItem\",\"position\":1,\"name\":\"Home\",\"item\":\"https:\\\/\\\/thebiopool.com\\\/es\\\/\"},{\"@type\":\"ListItem\",\"position\":2,\"name\":\"Start\"}]},{\"@type\":\"WebSite\",\"@id\":\"https:\\\/\\\/thebiopool.com\\\/es\\\/#website\",\"url\":\"https:\\\/\\\/thebiopool.com\\\/es\\\/\",\"name\":\"TheBiopool\",\"description\":\"planificamos y creamos su estanque natural\",\"publisher\":{\"@id\":\"https:\\\/\\\/thebiopool.com\\\/es\\\/#organization\"},\"potentialAction\":[{\"@type\":\"SearchAction\",\"target\":{\"@type\":\"EntryPoint\",\"urlTemplate\":\"https:\\\/\\\/thebiopool.com\\\/es\\\/?s={search_term_string}\"},\"query-input\":{\"@type\":\"PropertyValueSpecification\",\"valueRequired\":true,\"valueName\":\"search_term_string\"}}],\"inLanguage\":\"es\"},{\"@type\":\"Organization\",\"@id\":\"https:\\\/\\\/thebiopool.com\\\/es\\\/#organization\",\"name\":\"TheBiopool\",\"url\":\"https:\\\/\\\/thebiopool.com\\\/es\\\/\",\"logo\":{\"@type\":\"ImageObject\",\"inLanguage\":\"es\",\"@id\":\"https:\\\/\\\/thebiopool.com\\\/es\\\/#\\\/schema\\\/logo\\\/image\\\/\",\"url\":\"https:\\\/\\\/thebiopool.com\\\/wp-content\\\/uploads\\\/logo-schatten-website-klein.png\",\"contentUrl\":\"https:\\\/\\\/thebiopool.com\\\/wp-content\\\/uploads\\\/logo-schatten-website-klein.png\",\"width\":220,\"height\":64,\"caption\":\"TheBiopool\"},\"image\":{\"@id\":\"https:\\\/\\\/thebiopool.com\\\/es\\\/#\\\/schema\\\/logo\\\/image\\\/\"},\"sameAs\":[\"https:\\\/\\\/www.facebook.com\\\/Naturaleza-y-Arte-Stefan-Meier-162702410430553\\\/\",\"https:\\\/\\\/www.instagram.com\\\/thebiopool\\\/\"]}]}<\/script>\n<!-- \/ Yoast SEO plugin. -->","yoast_head_json":{"title":"Start - Experts for natural ponds","description":"}If you want a natural and healthy water experience as a pool or pond owner in Ibiza we are your no.1 planer and builder","robots":{"index":"index","follow":"follow","max-snippet":"max-snippet:-1","max-image-preview":"max-image-preview:large","max-video-preview":"max-video-preview:-1"},"canonical":"https:\/\/thebiopool.com\/es\/","og_locale":"es_ES","og_type":"article","og_title":"Start - Experts for natural ponds","og_description":"}If you want a natural and healthy water experience as a pool or pond owner in Ibiza we are your no.1 planer and builder","og_url":"https:\/\/thebiopool.com\/es\/","og_site_name":"expertos en piscinas y estanques naturales","article_publisher":"https:\/\/www.facebook.com\/Naturaleza-y-Arte-Stefan-Meier-162702410430553\/","article_modified_time":"2025-05-07T12:08:29+00:00","twitter_card":"summary_large_image","twitter_misc":{"Tiempo de lectura":"4 minutos"},"schema":{"@context":"https:\/\/schema.org","@graph":[{"@type":"WebPage","@id":"https:\/\/thebiopool.com\/es\/","url":"https:\/\/thebiopool.com\/es\/","name":"Start - Experts for natural ponds","isPartOf":{"@id":"https:\/\/thebiopool.com\/es\/#website"},"datePublished":"2024-04-19T08:51:49+00:00","dateModified":"2025-05-07T12:08:29+00:00","description":"}If you want a natural and healthy water experience as a pool or pond owner in Ibiza we are your no.1 planer and builder","breadcrumb":{"@id":"https:\/\/thebiopool.com\/es\/#breadcrumb"},"inLanguage":"es","potentialAction":[{"@type":"ReadAction","target":[["https:\/\/thebiopool.com\/es\/"]]}]},{"@type":"BreadcrumbList","@id":"https:\/\/thebiopool.com\/es\/#breadcrumb","itemListElement":[{"@type":"ListItem","position":1,"name":"Home","item":"https:\/\/thebiopool.com\/es\/"},{"@type":"ListItem","position":2,"name":"Start"}]},{"@type":"WebSite","@id":"https:\/\/thebiopool.com\/es\/#website","url":"https:\/\/thebiopool.com\/es\/","name":"TheBiopool","description":"planificamos y creamos su estanque natural","publisher":{"@id":"https:\/\/thebiopool.com\/es\/#organization"},"potentialAction":[{"@type":"SearchAction","target":{"@type":"EntryPoint","urlTemplate":"https:\/\/thebiopool.com\/es\/?s={search_term_string}"},"query-input":{"@type":"PropertyValueSpecification","valueRequired":true,"valueName":"search_term_string"}}],"inLanguage":"es"},{"@type":"Organization","@id":"https:\/\/thebiopool.com\/es\/#organization","name":"TheBiopool","url":"https:\/\/thebiopool.com\/es\/","logo":{"@type":"ImageObject","inLanguage":"es","@id":"https:\/\/thebiopool.com\/es\/#\/schema\/logo\/image\/","url":"https:\/\/thebiopool.com\/wp-content\/uploads\/logo-schatten-website-klein.png","contentUrl":"https:\/\/thebiopool.com\/wp-content\/uploads\/logo-schatten-website-klein.png","width":220,"height":64,"caption":"TheBiopool"},"image":{"@id":"https:\/\/thebiopool.com\/es\/#\/schema\/logo\/image\/"},"sameAs":["https:\/\/www.facebook.com\/Naturaleza-y-Arte-Stefan-Meier-162702410430553\/","https:\/\/www.instagram.com\/thebiopool\/"]}]}},"_links":{"self":[{"href":"https:\/\/thebiopool.com\/es\/wp-json\/wp\/v2\/pages\/17563","targetHints":{"allow":["GET"]}}],"collection":[{"href":"https:\/\/thebiopool.com\/es\/wp-json\/wp\/v2\/pages"}],"about":[{"href":"https:\/\/thebiopool.com\/es\/wp-json\/wp\/v2\/types\/page"}],"author":[{"embeddable":true,"href":"https:\/\/thebiopool.com\/es\/wp-json\/wp\/v2\/users\/1"}],"replies":[{"embeddable":true,"href":"https:\/\/thebiopool.com\/es\/wp-json\/wp\/v2\/comments?post=17563"}],"version-history":[{"count":0,"href":"https:\/\/thebiopool.com\/es\/wp-json\/wp\/v2\/pages\/17563\/revisions"}],"wp:attachment":[{"href":"https:\/\/thebiopool.com\/es\/wp-json\/wp\/v2\/media?parent=17563"}],"curies":[{"name":"wp","href":"https:\/\/api.w.org\/{rel}","templated":true}]}}