{"id":18178,"date":"2024-07-10T06:03:53","date_gmt":"2024-07-10T04:03:53","guid":{"rendered":"https:\/\/thebiopool.com\/?page_id=18178"},"modified":"2026-03-31T14:13:49","modified_gmt":"2026-03-31T12:13:49","slug":"swimming-pond","status":"publish","type":"page","link":"https:\/\/thebiopool.com\/es\/swimming-pond\/","title":{"rendered":"B1"},"content":{"rendered":"<div id=\"pl-18178\"  class=\"panel-layout\" ><div id=\"pg-18178-0\"  class=\"panel-grid panel-has-style\" ><div class=\"hide siteorigin-panels-stretch panel-row-style panel-row-style-for-18178-0\" id=\"hide\" data-stretch-type=\"full-width-stretch\" ><div id=\"pgc-18178-0-0\"  class=\"panel-grid-cell\" ><div class=\"hide panel-cell-style panel-cell-style-for-18178-0-0\" ><div id=\"panel-18178-0-0-0\" class=\"so-panel widget widget_sow-editor panel-first-child\" data-index=\"0\" ><div class=\"panel-widget-style panel-widget-style-for-18178-0-0-0\" ><div\n\t\t\t\n\t\t\tclass=\"so-widget-sow-editor so-widget-sow-editor-base\"\n\t\t\t\n\t\t>\n<div class=\"siteorigin-widget-tinymce textwidget\">\n\t<h1 style=\"text-shadow: #2f4f4f 2px -2px; text-align: right;\"><span style=\"color: #ffffff;\">La inmersion total en la Naturaleza<\/span><\/h1>\n<\/div>\n<\/div><\/div><\/div><div id=\"panel-18178-0-0-1\" class=\"so-panel widget widget_sow-editor panel-last-child\" data-index=\"1\" ><div class=\"panel-widget-style panel-widget-style-for-18178-0-0-1\" ><div\n\t\t\t\n\t\t\tclass=\"so-widget-sow-editor so-widget-sow-editor-base\"\n\t\t\t\n\t\t>\n<div class=\"siteorigin-widget-tinymce textwidget\">\n\t<span style=\"font-size: 120%;\">Un BIO LAGO es un \u201c<strong><span style=\"color: #339966;\">ecosistema artificialmente creado<\/span><\/strong> donde el agua es depurada u\u0301nicamente a trave\u0301s de <span style=\"color: #339966;\"><strong>procesos mec\u00e1nicos y biolo\u0301gicos<\/strong><\/span>\u201c (Organizacion Internacional para las Aguas de Ba\u00f1o Naturalizadas. <span style=\"color: #339966;\"><strong>IOB<\/strong><\/span>). Por ello son excluidos todos los procesos que usan productos qui\u0301micos, UV (luz ultravioleta) ultra sonidos o similares. La renovacio\u0301n total del agua u\u0301nicamente esta permitida en casos excepcionales.<\/span>\n\n<span style=\"font-size: 120%;\">De este modo, un BIO LAGO es una Solucion Basada en la Naturaleza (<span style=\"color: #339966;\"><strong>NBS<\/strong><\/span>, definidas por la <span style=\"color: #339966;\"><strong>UICN<\/strong><\/span>).<\/span>\n\n<span style=\"font-size: 120%;\">El usuario se sumerge en <span style=\"color: #339966;\"><strong>agua viva<\/strong><\/span>, un agua suave para la piel, ojos y v\u00edas respiratorias, y que cumple los par\u00e1metros de higiene y calidad establecidos por la IOB.<\/span>\n\n<span style=\"font-size: 120%;\">Gracias al dise\u00f1o constructivo que lo integra por completo en la Naturaleza, y a la calidad del agua, juegan un papel <span style=\"color: #339966;\"><strong>fundamental como h\u00e1bitat<\/strong><\/span> de numerosas especies de plantas y animales incluso en peligro de extinci\u00f3n.<\/span>\n\n<span style=\"font-size: 120%;\">El ba\u00f1ista puede nadar en aguas cristalinas entre nen\u00fafares y vegetaci\u00f3n en flor, observando el espectacular ambiente acu\u00e1tico que lo rodea, as\u00ed como las ranas, lib\u00e9lulas, abejas y p\u00e1jaros que vienen a beber y a ba\u00f1arse<\/span><\/div>\n<\/div><\/div><\/div><\/div><\/div><\/div><\/div><div id=\"pg-18178-1\"  class=\"panel-grid panel-has-style\" ><div class=\"siteorigin-panels-stretch panel-row-style panel-row-style-for-18178-1\" data-stretch-type=\"full-width-stretch\" ><div id=\"pgc-18178-1-0\"  class=\"panel-grid-cell\" ><div id=\"panel-18178-1-0-0\" class=\"so-panel widget widget_sow-editor panel-first-child\" data-index=\"2\" ><div class=\"panel-widget-style panel-widget-style-for-18178-1-0-0\" ><div\n\t\t\t\n\t\t\tclass=\"so-widget-sow-editor so-widget-sow-editor-base\"\n\t\t\t\n\t\t>\n<div class=\"siteorigin-widget-tinymce textwidget\">\n\t<h1 style=\"text-shadow: #2f4f4f 2px -2px; text-align: right;\"><span style=\"color: #ccffff;\"><span style=\"color: #ffffff;\"><strong>Organizaci\u00f3n Internacional de Aguas de Ba\u00f1o Naturalizadas<\/strong><\/span><br \/>\n<\/span><span style=\"color: #ffffff;\"><strong><big>IOB<\/big><\/strong><\/span><\/h1>\n<p>&nbsp;<br \/>\n&nbsp;<br \/>\n&nbsp;<br \/>\n&nbsp;<\/p>\n<\/div>\n<\/div><\/div><\/div><div id=\"panel-18178-1-0-1\" class=\"so-panel widget widget_sow-editor panel-last-child\" data-index=\"3\" ><div class=\"panel-widget-style panel-widget-style-for-18178-1-0-1\" ><div\n\t\t\t\n\t\t\tclass=\"so-widget-sow-editor so-widget-sow-editor-base\"\n\t\t\t\n\t\t>\n<div class=\"siteorigin-widget-tinymce textwidget\">\n\t<h1><\/h1>\n<\/p>\n<p style=\"text-align: left;\"><span style=\"color: #339966;\"><span style=\"font-size: 120%;\"><strong>TheBIOPOOL <\/strong><span style=\"color: #333333;\">es miembro del Grupo Iberico de Aguas de Ba\u00f1o Naturalizadas,<\/span> <strong>GIABN<\/strong>, <span style=\"color: #333333;\">asociaciaci\u00f3n de profesionales del dise\u00f1o y construcci\u00f3n de zonas de ba\u00f1o depuradas por medios biol\u00f3gicos en Espa\u00f1a y Portugal, y forma parte as\u00ed, de la Organizacion Internacional de Aguas de Ba\u00f1o Naturalizadas,<\/span> <strong>IOB<\/strong>.<br \/>\n<span style=\"color: #333333;\">Fundada en 2009, la IOB agrupa a 12 Asociaciones Nacionales y a mas de 600 personas y empresas profesionales del <\/span><span style=\"color: #333333;\">sector, encarg\u00e1ndose de promocionar la investigaci\u00f3n y apoyar el desarrollo de tecnolog\u00edas aplicadas y normativas <\/span><span style=\"color: #333333;\">relacionadas con el sector de las aguas de ba\u00f1o naturalizadas.<\/span><br \/>\n<\/span><\/span><\/p><\/p>\n<\/div>\n<\/div><\/div><\/div><\/div><\/div><\/div><div id=\"pg-18178-2\"  class=\"panel-grid panel-has-style\" ><div class=\"siteorigin-panels-stretch panel-row-style panel-row-style-for-18178-2\" data-stretch-type=\"full-width-stretch\" ><div id=\"pgc-18178-2-0\"  class=\"panel-grid-cell\" ><div id=\"panel-18178-2-0-0\" class=\"so-panel widget widget_sow-editor panel-first-child panel-last-child\" data-index=\"4\" ><div class=\"panel-widget-style panel-widget-style-for-18178-2-0-0\" ><div\n\t\t\t\n\t\t\tclass=\"so-widget-sow-editor so-widget-sow-editor-base\"\n\t\t\t\n\t\t>\n<div class=\"siteorigin-widget-tinymce textwidget\">\n\t<p><strong>1.<br \/>\nSoluciones basadas en la naturaleza<\/strong><\/p>\n<\/div>\n<\/div><\/div><\/div><\/div><div id=\"pgc-18178-2-1\"  class=\"panel-grid-cell\" ><div id=\"panel-18178-2-1-0\" class=\"so-panel widget widget_sow-editor panel-first-child panel-last-child\" data-index=\"5\" ><div class=\"panel-widget-style panel-widget-style-for-18178-2-1-0\" ><div\n\t\t\t\n\t\t\tclass=\"so-widget-sow-editor so-widget-sow-editor-base\"\n\t\t\t\n\t\t>\n<div class=\"siteorigin-widget-tinymce textwidget\">\n\t<p><strong>2.<br \/>\nEconom\u00eda circular<\/strong><\/p>\n<\/div>\n<\/div><\/div><\/div><\/div><div id=\"pgc-18178-2-2\"  class=\"panel-grid-cell\" ><div id=\"panel-18178-2-2-0\" class=\"so-panel widget widget_sow-editor panel-first-child panel-last-child\" data-index=\"6\" ><div class=\"panel-widget-style panel-widget-style-for-18178-2-2-0\" ><div\n\t\t\t\n\t\t\tclass=\"so-widget-sow-editor so-widget-sow-editor-base\"\n\t\t\t\n\t\t>\n<div class=\"siteorigin-widget-tinymce textwidget\">\n\t<p><strong>3.<br \/>\nTratamiento biol\u00f3gico<\/strong><\/p>\n<\/div>\n<\/div><\/div><\/div><\/div><div id=\"pgc-18178-2-3\"  class=\"panel-grid-cell\" ><div id=\"panel-18178-2-3-0\" class=\"so-panel widget widget_sow-editor panel-first-child panel-last-child\" data-index=\"7\" ><div class=\"panel-widget-style panel-widget-style-for-18178-2-3-0\" ><div\n\t\t\t\n\t\t\tclass=\"so-widget-sow-editor so-widget-sow-editor-base\"\n\t\t\t\n\t\t>\n<div class=\"siteorigin-widget-tinymce textwidget\">\n\t<p><strong>4.<br \/>\nProceso de planificaci\u00f3n<\/strong><\/p>\n<\/div>\n<\/div><\/div><\/div><\/div><div id=\"pgc-18178-2-4\"  class=\"panel-grid-cell\" ><div id=\"panel-18178-2-4-0\" class=\"so-panel widget widget_sow-editor panel-first-child panel-last-child\" data-index=\"8\" ><div class=\"panel-widget-style panel-widget-style-for-18178-2-4-0\" ><div\n\t\t\t\n\t\t\tclass=\"so-widget-sow-editor so-widget-sow-editor-base\"\n\t\t\t\n\t\t>\n<div class=\"siteorigin-widget-tinymce textwidget\">\n\t<p><strong>5.<br \/>\nInformaci\u00f3n a los clientes<br \/>\n<\/strong><\/p>\n<\/div>\n<\/div><\/div><\/div><\/div><\/div><\/div><div id=\"pg-18178-3\"  class=\"panel-grid panel-has-style\" ><div class=\"siteorigin-panels-stretch panel-row-style panel-row-style-for-18178-3\" data-stretch-type=\"full-width-stretch\" ><div id=\"pgc-18178-3-0\"  class=\"panel-grid-cell\" ><div id=\"panel-18178-3-0-0\" class=\"so-panel widget widget_sow-editor panel-first-child panel-last-child\" data-index=\"9\" ><div class=\"panel-widget-style panel-widget-style-for-18178-3-0-0\" ><div\n\t\t\t\n\t\t\tclass=\"so-widget-sow-editor so-widget-sow-editor-base\"\n\t\t\t\n\t\t>\n<div class=\"siteorigin-widget-tinymce textwidget\">\n\t<p><strong>6.<br \/>\nReglamentos<\/strong><\/p>\n<\/div>\n<\/div><\/div><\/div><\/div><div id=\"pgc-18178-3-1\"  class=\"panel-grid-cell\" ><div id=\"panel-18178-3-1-0\" class=\"so-panel widget widget_sow-editor panel-first-child panel-last-child\" data-index=\"10\" ><div class=\"panel-widget-style panel-widget-style-for-18178-3-1-0\" ><div\n\t\t\t\n\t\t\tclass=\"so-widget-sow-editor so-widget-sow-editor-base\"\n\t\t\t\n\t\t>\n<div class=\"siteorigin-widget-tinymce textwidget\">\n\t<p><strong>7.<br \/>\nConfiguraci\u00f3n interna<\/strong><\/p>\n<\/div>\n<\/div><\/div><\/div><\/div><div id=\"pgc-18178-3-2\"  class=\"panel-grid-cell\" ><div id=\"panel-18178-3-2-0\" class=\"so-panel widget widget_sow-editor panel-first-child panel-last-child\" data-index=\"11\" ><div class=\"panel-widget-style panel-widget-style-for-18178-3-2-0\" ><div\n\t\t\t\n\t\t\tclass=\"so-widget-sow-editor so-widget-sow-editor-base\"\n\t\t\t\n\t\t>\n<div class=\"siteorigin-widget-tinymce textwidget\">\n\t<p><strong>8.<br \/>\nAgua de escorrent\u00eda<\/strong><\/p>\n<\/div>\n<\/div><\/div><\/div><\/div><div id=\"pgc-18178-3-3\"  class=\"panel-grid-cell\" ><div id=\"panel-18178-3-3-0\" class=\"so-panel widget widget_sow-editor panel-first-child panel-last-child\" data-index=\"12\" ><div class=\"panel-widget-style panel-widget-style-for-18178-3-3-0\" ><div\n\t\t\t\n\t\t\tclass=\"so-widget-sow-editor so-widget-sow-editor-base\"\n\t\t\t\n\t\t>\n<div class=\"siteorigin-widget-tinymce textwidget\">\n\t<p><strong>9.<br \/>\nSellado<br \/>\n<\/strong><\/p>\n<\/div>\n<\/div><\/div><\/div><\/div><div id=\"pgc-18178-3-4\"  class=\"panel-grid-cell\" ><div id=\"panel-18178-3-4-0\" class=\"so-panel widget widget_sow-editor panel-first-child panel-last-child\" data-index=\"13\" ><div class=\"panel-widget-style panel-widget-style-for-18178-3-4-0\" ><div\n\t\t\t\n\t\t\tclass=\"so-widget-sow-editor so-widget-sow-editor-base\"\n\t\t\t\n\t\t>\n<div class=\"siteorigin-widget-tinymce textwidget\">\n\t<p><strong>10.<br \/>\nMateriales<br \/>\n<\/strong><\/p>\n<\/div>\n<\/div><\/div><\/div><\/div><\/div><\/div><div id=\"pg-18178-4\"  class=\"panel-grid panel-has-style\" ><div class=\"siteorigin-panels-stretch panel-row-style panel-row-style-for-18178-4\" data-stretch-type=\"full-width-stretch\" ><div id=\"pgc-18178-4-0\"  class=\"panel-grid-cell\" ><div id=\"panel-18178-4-0-0\" class=\"so-panel widget widget_sow-editor panel-first-child panel-last-child\" data-index=\"14\" ><div class=\"panel-widget-style panel-widget-style-for-18178-4-0-0\" ><div\n\t\t\t\n\t\t\tclass=\"so-widget-sow-editor so-widget-sow-editor-base\"\n\t\t\t\n\t\t>\n<div class=\"siteorigin-widget-tinymce textwidget\">\n\t<p><strong>11.<br \/>\nPlantas nativas<\/strong><\/p>\n<\/div>\n<\/div><\/div><\/div><\/div><div id=\"pgc-18178-4-1\"  class=\"panel-grid-cell\" ><div id=\"panel-18178-4-1-0\" class=\"so-panel widget widget_sow-editor panel-first-child panel-last-child\" data-index=\"15\" ><div class=\"panel-widget-style panel-widget-style-for-18178-4-1-0\" ><div\n\t\t\t\n\t\t\tclass=\"so-widget-sow-editor so-widget-sow-editor-base\"\n\t\t\t\n\t\t>\n<div class=\"siteorigin-widget-tinymce textwidget\">\n\t<p><strong>12.<br \/>\nComposici\u00f3n del agua<\/strong><\/p>\n<\/div>\n<\/div><\/div><\/div><\/div><div id=\"pgc-18178-4-2\"  class=\"panel-grid-cell\" ><div id=\"panel-18178-4-2-0\" class=\"so-panel widget widget_sow-editor panel-first-child panel-last-child\" data-index=\"16\" ><div class=\"panel-widget-style panel-widget-style-for-18178-4-2-0\" ><div\n\t\t\t\n\t\t\tclass=\"so-widget-sow-editor so-widget-sow-editor-base\"\n\t\t\t\n\t\t>\n<div class=\"siteorigin-widget-tinymce textwidget\">\n\t<p><strong>13.<br \/>\nPruebas de agua<\/strong><\/p>\n<\/div>\n<\/div><\/div><\/div><\/div><div id=\"pgc-18178-4-3\"  class=\"panel-grid-cell\" ><div id=\"panel-18178-4-3-0\" class=\"so-panel widget widget_sow-editor panel-first-child panel-last-child\" data-index=\"17\" ><div class=\"panel-widget-style panel-widget-style-for-18178-4-3-0\" ><div\n\t\t\t\n\t\t\tclass=\"so-widget-sow-editor so-widget-sow-editor-base\"\n\t\t\t\n\t\t>\n<div class=\"siteorigin-widget-tinymce textwidget\">\n\t<p><strong>14.<br \/>\nOrganismos indicadores<br \/>\n<\/strong><\/p>\n<\/div>\n<\/div><\/div><\/div><\/div><div id=\"pgc-18178-4-4\"  class=\"panel-grid-cell\" ><div id=\"panel-18178-4-4-0\" class=\"so-panel widget widget_sow-editor panel-first-child panel-last-child\" data-index=\"18\" ><div class=\"panel-widget-style panel-widget-style-for-18178-4-4-0\" ><div\n\t\t\t\n\t\t\tclass=\"so-widget-sow-editor so-widget-sow-editor-base\"\n\t\t\t\n\t\t>\n<div class=\"siteorigin-widget-tinymce textwidget\">\n\t<h1 style=\"text-align: center;\"><strong><big><span style=\"color: #ffffff;\">IOB<\/span><br \/>\n<\/big><\/strong><\/h1>\n<\/div>\n<\/div><\/div><\/div><\/div><\/div><\/div><\/div>","protected":false},"excerpt":{"rendered":"<p>La inmersion total en la Naturaleza Un BIO LAGO es un &ldquo;ecosistema artificialmente creado donde el agua es depurada u&#769;nicamente a trave&#769;s de procesos mec&aacute;nicos y biolo&#769;gicos&ldquo; (Organizacion Internacional para las Aguas de Ba&ntilde;o Naturalizadas. IOB). Por ello son excluidos todos los procesos que usan productos qui&#769;micos, UV (luz ultravioleta) ultra sonidos o similares. La renovacio&#769;n total del agua u&#769;nicamente esta permitida en casos excepcionales. De este modo, un BIO LAGO es una Solucion Basada en la Naturaleza (NBS, definidas por la UICN). El usuario se sumerge en agua viva, un agua suave para la piel, ojos y v&iacute;as respiratorias,&hellip;<\/p>\n","protected":false},"author":1,"featured_media":0,"parent":0,"menu_order":0,"comment_status":"closed","ping_status":"closed","template":"","meta":{"footnotes":""},"class_list":["post-18178","page","type-page","status-publish","hentry"],"yoast_head":"<!-- This site is optimized with the Yoast SEO plugin v27.4 - https:\/\/yoast.com\/product\/yoast-seo-wordpress\/ -->\n<title>B1 - Experts for natural ponds<\/title>\n<meta name=\"description\" content=\"(English) If you want a natural and healthy water experience as a pool or pond owner in Ibiza we are your no.1 planer and builder\" \/>\n<meta name=\"robots\" content=\"index, follow, max-snippet:-1, max-image-preview:large, max-video-preview:-1\" \/>\n<link rel=\"canonical\" href=\"https:\/\/thebiopool.com\/es\/swimming-pond\/\" \/>\n<meta property=\"og:locale\" content=\"es_ES\" \/>\n<meta property=\"og:type\" content=\"article\" \/>\n<meta property=\"og:title\" content=\"B1 - Experts for natural ponds\" \/>\n<meta property=\"og:description\" content=\"(English) If you want a natural and healthy water experience as a pool or pond owner in Ibiza we are your no.1 planer and builder\" \/>\n<meta property=\"og:url\" content=\"https:\/\/thebiopool.com\/es\/swimming-pond\/\" \/>\n<meta property=\"og:site_name\" content=\"expertos en piscinas y estanques naturales\" \/>\n<meta property=\"article:publisher\" content=\"https:\/\/www.facebook.com\/Naturaleza-y-Arte-Stefan-Meier-162702410430553\/\" \/>\n<meta property=\"article:modified_time\" content=\"2026-03-31T12:13:49+00:00\" \/>\n<meta name=\"twitter:card\" content=\"summary_large_image\" \/>\n<meta name=\"twitter:label1\" content=\"Tiempo de lectura\" \/>\n\t<meta name=\"twitter:data1\" content=\"5 minutos\" \/>\n<script type=\"application\/ld+json\" class=\"yoast-schema-graph\">{\"@context\":\"https:\\\/\\\/schema.org\",\"@graph\":[{\"@type\":\"WebPage\",\"@id\":\"https:\\\/\\\/thebiopool.com\\\/es\\\/swimming-pond\\\/\",\"url\":\"https:\\\/\\\/thebiopool.com\\\/es\\\/swimming-pond\\\/\",\"name\":\"B1 - Experts for natural ponds\",\"isPartOf\":{\"@id\":\"https:\\\/\\\/thebiopool.com\\\/es\\\/#website\"},\"datePublished\":\"2024-07-10T04:03:53+00:00\",\"dateModified\":\"2026-03-31T12:13:49+00:00\",\"description\":\"(English) If you want a natural and healthy water experience as a pool or pond owner in Ibiza we are your no.1 planer and builder\",\"breadcrumb\":{\"@id\":\"https:\\\/\\\/thebiopool.com\\\/es\\\/swimming-pond\\\/#breadcrumb\"},\"inLanguage\":\"es\",\"potentialAction\":[{\"@type\":\"ReadAction\",\"target\":[[\"https:\\\/\\\/thebiopool.com\\\/es\\\/swimming-pond\\\/\"]]}]},{\"@type\":\"BreadcrumbList\",\"@id\":\"https:\\\/\\\/thebiopool.com\\\/es\\\/swimming-pond\\\/#breadcrumb\",\"itemListElement\":[{\"@type\":\"ListItem\",\"position\":1,\"name\":\"Home\",\"item\":\"https:\\\/\\\/thebiopool.com\\\/es\\\/\"},{\"@type\":\"ListItem\",\"position\":2,\"name\":\"Swimming Pond\"}]},{\"@type\":\"WebSite\",\"@id\":\"https:\\\/\\\/thebiopool.com\\\/es\\\/#website\",\"url\":\"https:\\\/\\\/thebiopool.com\\\/es\\\/\",\"name\":\"TheBiopool\",\"description\":\"planificamos y creamos su estanque natural\",\"publisher\":{\"@id\":\"https:\\\/\\\/thebiopool.com\\\/es\\\/#organization\"},\"potentialAction\":[{\"@type\":\"SearchAction\",\"target\":{\"@type\":\"EntryPoint\",\"urlTemplate\":\"https:\\\/\\\/thebiopool.com\\\/es\\\/?s={search_term_string}\"},\"query-input\":{\"@type\":\"PropertyValueSpecification\",\"valueRequired\":true,\"valueName\":\"search_term_string\"}}],\"inLanguage\":\"es\"},{\"@type\":\"Organization\",\"@id\":\"https:\\\/\\\/thebiopool.com\\\/es\\\/#organization\",\"name\":\"TheBiopool\",\"url\":\"https:\\\/\\\/thebiopool.com\\\/es\\\/\",\"logo\":{\"@type\":\"ImageObject\",\"inLanguage\":\"es\",\"@id\":\"https:\\\/\\\/thebiopool.com\\\/es\\\/#\\\/schema\\\/logo\\\/image\\\/\",\"url\":\"https:\\\/\\\/thebiopool.com\\\/wp-content\\\/uploads\\\/logo-schatten-website-klein.png\",\"contentUrl\":\"https:\\\/\\\/thebiopool.com\\\/wp-content\\\/uploads\\\/logo-schatten-website-klein.png\",\"width\":220,\"height\":64,\"caption\":\"TheBiopool\"},\"image\":{\"@id\":\"https:\\\/\\\/thebiopool.com\\\/es\\\/#\\\/schema\\\/logo\\\/image\\\/\"},\"sameAs\":[\"https:\\\/\\\/www.facebook.com\\\/Naturaleza-y-Arte-Stefan-Meier-162702410430553\\\/\",\"https:\\\/\\\/www.instagram.com\\\/thebiopool\\\/\"]}]}<\/script>\n<!-- \/ Yoast SEO plugin. -->","yoast_head_json":{"title":"B1 - Experts for natural ponds","description":"(English) If you want a natural and healthy water experience as a pool or pond owner in Ibiza we are your no.1 planer and builder","robots":{"index":"index","follow":"follow","max-snippet":"max-snippet:-1","max-image-preview":"max-image-preview:large","max-video-preview":"max-video-preview:-1"},"canonical":"https:\/\/thebiopool.com\/es\/swimming-pond\/","og_locale":"es_ES","og_type":"article","og_title":"B1 - Experts for natural ponds","og_description":"(English) If you want a natural and healthy water experience as a pool or pond owner in Ibiza we are your no.1 planer and builder","og_url":"https:\/\/thebiopool.com\/es\/swimming-pond\/","og_site_name":"expertos en piscinas y estanques naturales","article_publisher":"https:\/\/www.facebook.com\/Naturaleza-y-Arte-Stefan-Meier-162702410430553\/","article_modified_time":"2026-03-31T12:13:49+00:00","twitter_card":"summary_large_image","twitter_misc":{"Tiempo de lectura":"5 minutos"},"schema":{"@context":"https:\/\/schema.org","@graph":[{"@type":"WebPage","@id":"https:\/\/thebiopool.com\/es\/swimming-pond\/","url":"https:\/\/thebiopool.com\/es\/swimming-pond\/","name":"B1 - Experts for natural ponds","isPartOf":{"@id":"https:\/\/thebiopool.com\/es\/#website"},"datePublished":"2024-07-10T04:03:53+00:00","dateModified":"2026-03-31T12:13:49+00:00","description":"(English) If you want a natural and healthy water experience as a pool or pond owner in Ibiza we are your no.1 planer and builder","breadcrumb":{"@id":"https:\/\/thebiopool.com\/es\/swimming-pond\/#breadcrumb"},"inLanguage":"es","potentialAction":[{"@type":"ReadAction","target":[["https:\/\/thebiopool.com\/es\/swimming-pond\/"]]}]},{"@type":"BreadcrumbList","@id":"https:\/\/thebiopool.com\/es\/swimming-pond\/#breadcrumb","itemListElement":[{"@type":"ListItem","position":1,"name":"Home","item":"https:\/\/thebiopool.com\/es\/"},{"@type":"ListItem","position":2,"name":"Swimming Pond"}]},{"@type":"WebSite","@id":"https:\/\/thebiopool.com\/es\/#website","url":"https:\/\/thebiopool.com\/es\/","name":"TheBiopool","description":"planificamos y creamos su estanque natural","publisher":{"@id":"https:\/\/thebiopool.com\/es\/#organization"},"potentialAction":[{"@type":"SearchAction","target":{"@type":"EntryPoint","urlTemplate":"https:\/\/thebiopool.com\/es\/?s={search_term_string}"},"query-input":{"@type":"PropertyValueSpecification","valueRequired":true,"valueName":"search_term_string"}}],"inLanguage":"es"},{"@type":"Organization","@id":"https:\/\/thebiopool.com\/es\/#organization","name":"TheBiopool","url":"https:\/\/thebiopool.com\/es\/","logo":{"@type":"ImageObject","inLanguage":"es","@id":"https:\/\/thebiopool.com\/es\/#\/schema\/logo\/image\/","url":"https:\/\/thebiopool.com\/wp-content\/uploads\/logo-schatten-website-klein.png","contentUrl":"https:\/\/thebiopool.com\/wp-content\/uploads\/logo-schatten-website-klein.png","width":220,"height":64,"caption":"TheBiopool"},"image":{"@id":"https:\/\/thebiopool.com\/es\/#\/schema\/logo\/image\/"},"sameAs":["https:\/\/www.facebook.com\/Naturaleza-y-Arte-Stefan-Meier-162702410430553\/","https:\/\/www.instagram.com\/thebiopool\/"]}]}},"_links":{"self":[{"href":"https:\/\/thebiopool.com\/es\/wp-json\/wp\/v2\/pages\/18178","targetHints":{"allow":["GET"]}}],"collection":[{"href":"https:\/\/thebiopool.com\/es\/wp-json\/wp\/v2\/pages"}],"about":[{"href":"https:\/\/thebiopool.com\/es\/wp-json\/wp\/v2\/types\/page"}],"author":[{"embeddable":true,"href":"https:\/\/thebiopool.com\/es\/wp-json\/wp\/v2\/users\/1"}],"replies":[{"embeddable":true,"href":"https:\/\/thebiopool.com\/es\/wp-json\/wp\/v2\/comments?post=18178"}],"version-history":[{"count":0,"href":"https:\/\/thebiopool.com\/es\/wp-json\/wp\/v2\/pages\/18178\/revisions"}],"wp:attachment":[{"href":"https:\/\/thebiopool.com\/es\/wp-json\/wp\/v2\/media?parent=18178"}],"curies":[{"name":"wp","href":"https:\/\/api.w.org\/{rel}","templated":true}]}}