{"id":18194,"date":"2024-07-10T06:51:47","date_gmt":"2024-07-10T04:51:47","guid":{"rendered":"https:\/\/thebiopool.com\/?page_id=18194"},"modified":"2026-04-01T17:12:57","modified_gmt":"2026-04-01T15:12:57","slug":"swimmingponds_2","status":"publish","type":"page","link":"https:\/\/thebiopool.com\/es\/swimmingponds_2\/","title":{"rendered":"Swimmingponds"},"content":{"rendered":"<div id=\"pl-18194\"  class=\"panel-layout\" ><div id=\"pg-18194-0\"  class=\"panel-grid panel-has-style\" ><div class=\"hide siteorigin-panels-stretch panel-row-style panel-row-style-for-18194-0\" id=\"hide\" data-stretch-type=\"full-width-stretch\" ><div id=\"pgc-18194-0-0\"  class=\"panel-grid-cell\" ><div class=\"hide panel-cell-style panel-cell-style-for-18194-0-0\" ><div id=\"panel-18194-0-0-0\" class=\"so-panel widget widget_sow-editor panel-first-child\" data-index=\"0\" ><div class=\"panel-widget-style panel-widget-style-for-18194-0-0-0\" ><div\n\t\t\t\n\t\t\tclass=\"so-widget-sow-editor so-widget-sow-editor-base\"\n\t\t\t\n\t\t>\n<div class=\"siteorigin-widget-tinymce textwidget\">\n\t<h1 style=\"text-shadow: #2f4f4f 2px -2px; text-align: right;\"><span style=\"color: #ffffff;\">Depuraci\u00f3n biol\u00f3gia de aqua<\/span><\/h1>\n<p>&nbsp;<\/p>\n<\/div>\n<\/div><\/div><\/div><div id=\"panel-18194-0-0-1\" class=\"so-panel widget widget_sow-editor panel-last-child\" data-index=\"1\" ><div class=\"panel-widget-style panel-widget-style-for-18194-0-0-1\" ><div\n\t\t\t\n\t\t\tclass=\"so-widget-sow-editor so-widget-sow-editor-base\"\n\t\t\t\n\t\t>\n<div class=\"siteorigin-widget-tinymce textwidget\">\n\t<p><span style=\"font-size: 120%;\"> \u201cLa piscina biol\u00f3gica es una <strong><span style=\"color: #339966;\">Soluci\u00f3n basada en la Naturaleza, NbS<\/span><\/strong>, que aborda la seguridad h\u00eddrica y sanitaria de las aguas de ba\u00f1o desde un enfoque ecosist\u00e9mico. Aplica procesos naturales como base para conservar el agua de la piscina en condiciones \u00f3ptimas para el ba\u00f1o y reduce todos los impactos de los tratamientos est\u00e1ndar al tiempo que contribuye a mantener la biodiversidad del agua dulce restaurando los ecosistemas acu\u00e1ticos\u201d.<br \/>\nEs decir, se logra beneficiar simult\u00e1neamente a las personas y a la Naturaleza gracias a la depuraci\u00f3n del agua con procesos puramente biol\u00f3gico-mec\u00e1nicos.<\/span><\/p>\n<\/div>\n<\/div><\/div><\/div><\/div><\/div><\/div><\/div><div id=\"pg-18194-1\"  class=\"panel-grid panel-has-style\" ><div class=\"hide siteorigin-panels-stretch panel-row-style panel-row-style-for-18194-1\" id=\"hide\" data-stretch-type=\"full-width-stretch\" ><div id=\"pgc-18194-1-0\"  class=\"panel-grid-cell\" ><div class=\"hide panel-cell-style panel-cell-style-for-18194-1-0\" ><div id=\"panel-18194-1-0-0\" class=\"so-panel widget widget_sow-editor panel-first-child panel-last-child\" data-index=\"2\" ><div class=\"panel-widget-style panel-widget-style-for-18194-1-0-0\" ><div\n\t\t\t\n\t\t\tclass=\"so-widget-sow-editor so-widget-sow-editor-base\"\n\t\t\t\n\t\t>\n<div class=\"siteorigin-widget-tinymce textwidget\">\n\t<\/div>\n<\/div><\/div><\/div><\/div><\/div><div id=\"pgc-18194-1-1\"  class=\"panel-grid-cell\" ><div class=\"hide panel-cell-style panel-cell-style-for-18194-1-1\" ><div id=\"panel-18194-1-1-0\" class=\"so-panel widget widget_sow-editor panel-first-child panel-last-child\" data-index=\"3\" ><div class=\"panel-widget-style panel-widget-style-for-18194-1-1-0\" ><div\n\t\t\t\n\t\t\tclass=\"so-widget-sow-editor so-widget-sow-editor-base\"\n\t\t\t\n\t\t>\n<div class=\"siteorigin-widget-tinymce textwidget\">\n\t<p><span style=\"color: #ffffff;\">FITOPLACTON<br \/>\nLa base de la pir\u00e1mide trofica est\u00e1<br \/>\nformada por:<br \/>\n-Bacterias y hongos: principales descomponedores de materia org\u00e1nica.<br \/>\n-Protozoos: consumidores primarios que se alimentan de bacterias, algas y otros microorganismos<br \/>\n-Algas: extraen nutrientes del agua formando biomasa y producir ox\u00edgeno<br \/>\n<\/span><\/p>\n<\/div>\n<\/div><\/div><\/div><\/div><\/div><\/div><\/div><div id=\"pg-18194-2\"  class=\"panel-grid panel-has-style\" ><div class=\"hide siteorigin-panels-stretch panel-row-style panel-row-style-for-18194-2\" id=\"hide\" data-stretch-type=\"full-width-stretch\" ><div id=\"pgc-18194-2-0\"  class=\"panel-grid-cell\" ><div class=\"hide panel-cell-style panel-cell-style-for-18194-2-0\" ><div id=\"panel-18194-2-0-0\" class=\"so-panel widget widget_sow-editor panel-first-child panel-last-child\" data-index=\"4\" ><div class=\"panel-widget-style panel-widget-style-for-18194-2-0-0\" ><div\n\t\t\t\n\t\t\tclass=\"so-widget-sow-editor so-widget-sow-editor-base\"\n\t\t\t\n\t\t>\n<div class=\"siteorigin-widget-tinymce textwidget\">\n\t<p><span style=\"color: #ffffff;\">ZOOPLACTON<br \/>\nEl zooplacton es el siguiente nivel de la cadena. Esta compuesto principalmente de peque\u00f1os crust\u00e1ceos que continuamente filtran y comen algas y bacterias del agua.<\/span><br \/>\n<span style=\"color: #ffffff;\">Por ello, son un elemento importante en el \"desempe\u00f1o de la higiene\", cumpliendo un gran papel en la eliminaci\u00f3n de g\u00e9rmenes pat\u00f3genos.<\/span><br \/>\n<span style=\"color: #ffffff;\"><\/span><\/span><\/p>\n<\/div>\n<\/div><\/div><\/div><\/div><\/div><div id=\"pgc-18194-2-1\"  class=\"panel-grid-cell\" ><div class=\"hide panel-cell-style panel-cell-style-for-18194-2-1\" ><div id=\"panel-18194-2-1-0\" class=\"so-panel widget widget_sow-editor panel-first-child panel-last-child\" data-index=\"5\" ><div class=\"panel-widget-style panel-widget-style-for-18194-2-1-0\" ><div\n\t\t\t\n\t\t\tclass=\"so-widget-sow-editor so-widget-sow-editor-base\"\n\t\t\t\n\t\t>\n<div class=\"siteorigin-widget-tinymce textwidget\">\n\t<\/div>\n<\/div><\/div><\/div><\/div><\/div><\/div><\/div><div id=\"pg-18194-3\"  class=\"panel-grid panel-has-style\" ><div class=\"hide siteorigin-panels-stretch panel-row-style panel-row-style-for-18194-3\" id=\"hide\" data-stretch-type=\"full-width-stretch\" ><div id=\"pgc-18194-3-0\"  class=\"panel-grid-cell\" ><div class=\"hide panel-cell-style panel-cell-style-for-18194-3-0\" ><div id=\"panel-18194-3-0-0\" class=\"so-panel widget widget_sow-editor panel-first-child panel-last-child\" data-index=\"6\" ><div class=\"panel-widget-style panel-widget-style-for-18194-3-0-0\" ><div\n\t\t\t\n\t\t\tclass=\"so-widget-sow-editor so-widget-sow-editor-base\"\n\t\t\t\n\t\t>\n<div class=\"siteorigin-widget-tinymce textwidget\">\n\t<\/div>\n<\/div><\/div><\/div><\/div><\/div><div id=\"pgc-18194-3-1\"  class=\"panel-grid-cell\" ><div class=\"hide panel-cell-style panel-cell-style-for-18194-3-1\" ><div id=\"panel-18194-3-1-0\" class=\"so-panel widget widget_sow-editor panel-first-child panel-last-child\" data-index=\"7\" ><div class=\"panel-widget-style panel-widget-style-for-18194-3-1-0\" ><div\n\t\t\t\n\t\t\tclass=\"so-widget-sow-editor so-widget-sow-editor-base\"\n\t\t\t\n\t\t>\n<div class=\"siteorigin-widget-tinymce textwidget\">\n\t<p><span style=\"color: #ffffff;\">LARVAS<br \/>El zooplancton es devorado por insectos y sus larvas, as\u00ed como por larvas de trit\u00f3n y peque\u00f1os peces.<br \/>\nLos peces peque\u00f1os que se multiplican r\u00e1pidamente sin otros depredadores (gambusia invasiva) pueden hacer diezmar el zooplancton hasta el punto de que falle como regulador natural del fitoplancton. Esto conduce a una fuerte proliferaci\u00f3n de algas y agua verde, por lo que no se utilizan peces en el estanque de nataci\u00f3n o en la piscina natural.<br \/>\n<\/span><\/p>\n<\/div>\n<\/div><\/div><\/div><\/div><\/div><\/div><\/div><div id=\"pg-18194-4\"  class=\"panel-grid panel-has-style\" ><div class=\"hide siteorigin-panels-stretch panel-row-style panel-row-style-for-18194-4\" id=\"hide\" data-stretch-type=\"full-width-stretch\" ><div id=\"pgc-18194-4-0\"  class=\"panel-grid-cell\" ><div class=\"hide panel-cell-style panel-cell-style-for-18194-4-0\" ><div id=\"panel-18194-4-0-0\" class=\"so-panel widget widget_sow-editor panel-first-child panel-last-child\" data-index=\"8\" ><div class=\"panel-widget-style panel-widget-style-for-18194-4-0-0\" ><div\n\t\t\t\n\t\t\tclass=\"so-widget-sow-editor so-widget-sow-editor-base\"\n\t\t\t\n\t\t>\n<div class=\"siteorigin-widget-tinymce textwidget\">\n\t<p><span style=\"color: #ffffff;\">PLANTAS MACROFITAS<br \/>\nLas plantas subacu\u00e1ticas desempe\u00f1an un papel destacado en la fijaci\u00f3n del f\u00f3sforo (nutriente<br \/>\nlimitante: su disponibilidad limita la productividad biol\u00f3gica)<br \/>\nCompiten con las algas por los nutrientes disponibles en el agua ayudando a reducir el nivel disponible en el agua, limitando as\u00ed el crecimiento de algas y ayudando a mantener el agua clara.<br \/>\n<span style=\"color: #ffffff;\"><\/p>\n<\/div>\n<\/div><\/div><\/div><\/div><\/div><div id=\"pgc-18194-4-1\"  class=\"panel-grid-cell\" ><div class=\"hide panel-cell-style panel-cell-style-for-18194-4-1\" ><div id=\"panel-18194-4-1-0\" class=\"so-panel widget widget_sow-editor panel-first-child panel-last-child\" data-index=\"9\" ><div class=\"panel-widget-style panel-widget-style-for-18194-4-1-0\" ><div\n\t\t\t\n\t\t\tclass=\"so-widget-sow-editor so-widget-sow-editor-base\"\n\t\t\t\n\t\t>\n<div class=\"siteorigin-widget-tinymce textwidget\">\n\t<\/div>\n<\/div><\/div><\/div><\/div><\/div><\/div><\/div><div id=\"pg-18194-5\"  class=\"panel-grid panel-has-style\" ><div class=\"hide siteorigin-panels-stretch panel-row-style panel-row-style-for-18194-5\" id=\"hide\" data-stretch-type=\"full-width-stretch\" ><div id=\"pgc-18194-5-0\"  class=\"panel-grid-cell\" ><div class=\"hide panel-cell-style panel-cell-style-for-18194-5-0\" ><div id=\"panel-18194-5-0-0\" class=\"so-panel widget widget_sow-editor panel-first-child panel-last-child\" data-index=\"10\" ><div class=\"panel-widget-style panel-widget-style-for-18194-5-0-0\" ><div\n\t\t\t\n\t\t\tclass=\"so-widget-sow-editor so-widget-sow-editor-base\"\n\t\t\t\n\t\t>\n<div class=\"siteorigin-widget-tinymce textwidget\">\n\t<\/div>\n<\/div><\/div><\/div><\/div><\/div><div id=\"pgc-18194-5-1\"  class=\"panel-grid-cell\" ><div class=\"hide panel-cell-style panel-cell-style-for-18194-5-1\" ><div id=\"panel-18194-5-1-0\" class=\"so-panel widget widget_sow-editor panel-first-child panel-last-child\" data-index=\"11\" ><div class=\"panel-widget-style panel-widget-style-for-18194-5-1-0\" ><div\n\t\t\t\n\t\t\tclass=\"so-widget-sow-editor so-widget-sow-editor-base\"\n\t\t\t\n\t\t>\n<div class=\"siteorigin-widget-tinymce textwidget\">\n\t<p><span style=\"color: #ffffff;\">SEDIMENTOS<br \/>\nEl sedimento org\u00e1nico, situado principalmente en la zona de plantas y<br \/>\nformado por hojas muertas, polen, polvo, etc, es descompuesto y mineralizado por microorganismos, liberando nuevamente los nutrientes unidos para regresar al ciclo del agua.<br \/>\nAl succionar el sedimento, que se utiliza como fertilizante natural , se consigue retirar del ciclo grandes cantidades de nutrientes.<br \/>\n<\/span><\/p>\n<\/div>\n<\/div><\/div><\/div><\/div><\/div><\/div><\/div><\/div>","protected":false},"excerpt":{"rendered":"<p>Depuraci&oacute;n biol&oacute;gia de aqua &nbsp; &ldquo;La piscina biol&oacute;gica es una Soluci&oacute;n basada en la Naturaleza, NbS, que aborda la seguridad h&iacute;drica y sanitaria de las aguas de ba&ntilde;o desde un enfoque ecosist&eacute;mico. Aplica procesos naturales como base para conservar el agua de la piscina en condiciones &oacute;ptimas para el ba&ntilde;o y reduce todos los impactos de los tratamientos est&aacute;ndar al tiempo que contribuye a mantener la biodiversidad del agua dulce restaurando los ecosistemas acu&aacute;ticos&rdquo;. Es decir, se logra beneficiar simult&aacute;neamente a las personas y a la Naturaleza gracias a la depuraci&oacute;n del agua con procesos puramente biol&oacute;gico-mec&aacute;nicos. FITOPLACTON La base&hellip;<\/p>\n","protected":false},"author":1,"featured_media":0,"parent":0,"menu_order":0,"comment_status":"closed","ping_status":"closed","template":"","meta":{"footnotes":""},"class_list":["post-18194","page","type-page","status-publish","hentry"],"yoast_head":"<!-- This site is optimized with the Yoast SEO plugin v27.5 - https:\/\/yoast.com\/product\/yoast-seo-wordpress\/ -->\n<title>Swimmingponds - Experts for natural ponds<\/title>\n<meta name=\"description\" content=\"(English) If you want a natural and healthy water experience as a pool or pond owner in Ibiza we are your no.1 planer and builder\" \/>\n<meta name=\"robots\" content=\"index, follow, max-snippet:-1, max-image-preview:large, max-video-preview:-1\" \/>\n<link rel=\"canonical\" href=\"https:\/\/thebiopool.com\/es\/swimmingponds_2\/\" \/>\n<meta property=\"og:locale\" content=\"es_ES\" \/>\n<meta property=\"og:type\" content=\"article\" \/>\n<meta property=\"og:title\" content=\"Swimmingponds - Experts for natural ponds\" \/>\n<meta property=\"og:description\" content=\"(English) If you want a natural and healthy water experience as a pool or pond owner in Ibiza we are your no.1 planer and builder\" \/>\n<meta property=\"og:url\" content=\"https:\/\/thebiopool.com\/es\/swimmingponds_2\/\" \/>\n<meta property=\"og:site_name\" content=\"expertos en piscinas y estanques naturales\" \/>\n<meta property=\"article:publisher\" content=\"https:\/\/www.facebook.com\/Naturaleza-y-Arte-Stefan-Meier-162702410430553\/\" \/>\n<meta property=\"article:modified_time\" content=\"2026-04-01T15:12:57+00:00\" \/>\n<meta name=\"twitter:card\" content=\"summary_large_image\" \/>\n<meta name=\"twitter:label1\" content=\"Tiempo de lectura\" \/>\n\t<meta name=\"twitter:data1\" content=\"6 minutos\" \/>\n<script type=\"application\/ld+json\" class=\"yoast-schema-graph\">{\"@context\":\"https:\\\/\\\/schema.org\",\"@graph\":[{\"@type\":\"WebPage\",\"@id\":\"https:\\\/\\\/thebiopool.com\\\/es\\\/swimmingponds_2\\\/\",\"url\":\"https:\\\/\\\/thebiopool.com\\\/es\\\/swimmingponds_2\\\/\",\"name\":\"Swimmingponds - Experts for natural ponds\",\"isPartOf\":{\"@id\":\"https:\\\/\\\/thebiopool.com\\\/es\\\/#website\"},\"datePublished\":\"2024-07-10T04:51:47+00:00\",\"dateModified\":\"2026-04-01T15:12:57+00:00\",\"description\":\"(English) If you want a natural and healthy water experience as a pool or pond owner in Ibiza we are your no.1 planer and builder\",\"breadcrumb\":{\"@id\":\"https:\\\/\\\/thebiopool.com\\\/es\\\/swimmingponds_2\\\/#breadcrumb\"},\"inLanguage\":\"es\",\"potentialAction\":[{\"@type\":\"ReadAction\",\"target\":[[\"https:\\\/\\\/thebiopool.com\\\/es\\\/swimmingponds_2\\\/\"]]}]},{\"@type\":\"BreadcrumbList\",\"@id\":\"https:\\\/\\\/thebiopool.com\\\/es\\\/swimmingponds_2\\\/#breadcrumb\",\"itemListElement\":[{\"@type\":\"ListItem\",\"position\":1,\"name\":\"Home\",\"item\":\"https:\\\/\\\/thebiopool.com\\\/es\\\/\"},{\"@type\":\"ListItem\",\"position\":2,\"name\":\"B2\"}]},{\"@type\":\"WebSite\",\"@id\":\"https:\\\/\\\/thebiopool.com\\\/es\\\/#website\",\"url\":\"https:\\\/\\\/thebiopool.com\\\/es\\\/\",\"name\":\"TheBiopool\",\"description\":\"planificamos y creamos su estanque natural\",\"publisher\":{\"@id\":\"https:\\\/\\\/thebiopool.com\\\/es\\\/#organization\"},\"potentialAction\":[{\"@type\":\"SearchAction\",\"target\":{\"@type\":\"EntryPoint\",\"urlTemplate\":\"https:\\\/\\\/thebiopool.com\\\/es\\\/?s={search_term_string}\"},\"query-input\":{\"@type\":\"PropertyValueSpecification\",\"valueRequired\":true,\"valueName\":\"search_term_string\"}}],\"inLanguage\":\"es\"},{\"@type\":\"Organization\",\"@id\":\"https:\\\/\\\/thebiopool.com\\\/es\\\/#organization\",\"name\":\"TheBiopool\",\"url\":\"https:\\\/\\\/thebiopool.com\\\/es\\\/\",\"logo\":{\"@type\":\"ImageObject\",\"inLanguage\":\"es\",\"@id\":\"https:\\\/\\\/thebiopool.com\\\/es\\\/#\\\/schema\\\/logo\\\/image\\\/\",\"url\":\"https:\\\/\\\/thebiopool.com\\\/wp-content\\\/uploads\\\/logo-schatten-website-klein.png\",\"contentUrl\":\"https:\\\/\\\/thebiopool.com\\\/wp-content\\\/uploads\\\/logo-schatten-website-klein.png\",\"width\":220,\"height\":64,\"caption\":\"TheBiopool\"},\"image\":{\"@id\":\"https:\\\/\\\/thebiopool.com\\\/es\\\/#\\\/schema\\\/logo\\\/image\\\/\"},\"sameAs\":[\"https:\\\/\\\/www.facebook.com\\\/Naturaleza-y-Arte-Stefan-Meier-162702410430553\\\/\",\"https:\\\/\\\/www.instagram.com\\\/thebiopool\\\/\"]}]}<\/script>\n<!-- \/ Yoast SEO plugin. -->","yoast_head_json":{"title":"Swimmingponds - Experts for natural ponds","description":"(English) If you want a natural and healthy water experience as a pool or pond owner in Ibiza we are your no.1 planer and builder","robots":{"index":"index","follow":"follow","max-snippet":"max-snippet:-1","max-image-preview":"max-image-preview:large","max-video-preview":"max-video-preview:-1"},"canonical":"https:\/\/thebiopool.com\/es\/swimmingponds_2\/","og_locale":"es_ES","og_type":"article","og_title":"Swimmingponds - Experts for natural ponds","og_description":"(English) If you want a natural and healthy water experience as a pool or pond owner in Ibiza we are your no.1 planer and builder","og_url":"https:\/\/thebiopool.com\/es\/swimmingponds_2\/","og_site_name":"expertos en piscinas y estanques naturales","article_publisher":"https:\/\/www.facebook.com\/Naturaleza-y-Arte-Stefan-Meier-162702410430553\/","article_modified_time":"2026-04-01T15:12:57+00:00","twitter_card":"summary_large_image","twitter_misc":{"Tiempo de lectura":"6 minutos"},"schema":{"@context":"https:\/\/schema.org","@graph":[{"@type":"WebPage","@id":"https:\/\/thebiopool.com\/es\/swimmingponds_2\/","url":"https:\/\/thebiopool.com\/es\/swimmingponds_2\/","name":"Swimmingponds - Experts for natural ponds","isPartOf":{"@id":"https:\/\/thebiopool.com\/es\/#website"},"datePublished":"2024-07-10T04:51:47+00:00","dateModified":"2026-04-01T15:12:57+00:00","description":"(English) If you want a natural and healthy water experience as a pool or pond owner in Ibiza we are your no.1 planer and builder","breadcrumb":{"@id":"https:\/\/thebiopool.com\/es\/swimmingponds_2\/#breadcrumb"},"inLanguage":"es","potentialAction":[{"@type":"ReadAction","target":[["https:\/\/thebiopool.com\/es\/swimmingponds_2\/"]]}]},{"@type":"BreadcrumbList","@id":"https:\/\/thebiopool.com\/es\/swimmingponds_2\/#breadcrumb","itemListElement":[{"@type":"ListItem","position":1,"name":"Home","item":"https:\/\/thebiopool.com\/es\/"},{"@type":"ListItem","position":2,"name":"B2"}]},{"@type":"WebSite","@id":"https:\/\/thebiopool.com\/es\/#website","url":"https:\/\/thebiopool.com\/es\/","name":"TheBiopool","description":"planificamos y creamos su estanque natural","publisher":{"@id":"https:\/\/thebiopool.com\/es\/#organization"},"potentialAction":[{"@type":"SearchAction","target":{"@type":"EntryPoint","urlTemplate":"https:\/\/thebiopool.com\/es\/?s={search_term_string}"},"query-input":{"@type":"PropertyValueSpecification","valueRequired":true,"valueName":"search_term_string"}}],"inLanguage":"es"},{"@type":"Organization","@id":"https:\/\/thebiopool.com\/es\/#organization","name":"TheBiopool","url":"https:\/\/thebiopool.com\/es\/","logo":{"@type":"ImageObject","inLanguage":"es","@id":"https:\/\/thebiopool.com\/es\/#\/schema\/logo\/image\/","url":"https:\/\/thebiopool.com\/wp-content\/uploads\/logo-schatten-website-klein.png","contentUrl":"https:\/\/thebiopool.com\/wp-content\/uploads\/logo-schatten-website-klein.png","width":220,"height":64,"caption":"TheBiopool"},"image":{"@id":"https:\/\/thebiopool.com\/es\/#\/schema\/logo\/image\/"},"sameAs":["https:\/\/www.facebook.com\/Naturaleza-y-Arte-Stefan-Meier-162702410430553\/","https:\/\/www.instagram.com\/thebiopool\/"]}]}},"_links":{"self":[{"href":"https:\/\/thebiopool.com\/es\/wp-json\/wp\/v2\/pages\/18194","targetHints":{"allow":["GET"]}}],"collection":[{"href":"https:\/\/thebiopool.com\/es\/wp-json\/wp\/v2\/pages"}],"about":[{"href":"https:\/\/thebiopool.com\/es\/wp-json\/wp\/v2\/types\/page"}],"author":[{"embeddable":true,"href":"https:\/\/thebiopool.com\/es\/wp-json\/wp\/v2\/users\/1"}],"replies":[{"embeddable":true,"href":"https:\/\/thebiopool.com\/es\/wp-json\/wp\/v2\/comments?post=18194"}],"version-history":[{"count":0,"href":"https:\/\/thebiopool.com\/es\/wp-json\/wp\/v2\/pages\/18194\/revisions"}],"wp:attachment":[{"href":"https:\/\/thebiopool.com\/es\/wp-json\/wp\/v2\/media?parent=18194"}],"curies":[{"name":"wp","href":"https:\/\/api.w.org\/{rel}","templated":true}]}}