{"id":18740,"date":"2024-12-09T10:21:59","date_gmt":"2024-12-09T09:21:59","guid":{"rendered":"https:\/\/thebiopool.com\/?page_id=18740"},"modified":"2025-02-28T18:10:17","modified_gmt":"2025-02-28T17:10:17","slug":"can-jomay","status":"publish","type":"page","link":"https:\/\/thebiopool.com\/es\/can-jomay\/","title":{"rendered":"can pep"},"content":{"rendered":"<div id=\"pl-18740\"  class=\"panel-layout\" ><div id=\"pg-18740-0\"  class=\"panel-grid panel-has-style\" ><div class=\"foobox siteorigin-panels-stretch panel-row-style panel-row-style-for-18740-0\" data-stretch-type=\"full-width-stretch\" ><div id=\"pgc-18740-0-0\"  class=\"panel-grid-cell\" ><div id=\"panel-18740-0-0-0\" class=\"so-panel widget widget_sow-image panel-first-child panel-last-child\" data-index=\"0\" ><div class=\"foobox panel-widget-style panel-widget-style-for-18740-0-0-0\" ><div\n\t\t\t\n\t\t\tclass=\"so-widget-sow-image so-widget-sow-image-default-3a2476c0e107-18740\"\n\t\t\t\n\t\t>\n<div class=\"sow-image-container\">\n\t\t<img \n\tdata-src=\"https:\/\/thebiopool.com\/wp-content\/uploads\/can-jomay-1-web-768x576.jpg\" width=\"768\" height=\"576\" data-srcset=\"https:\/\/thebiopool.com\/wp-content\/uploads\/can-jomay-1-web-768x576.jpg 768w, https:\/\/thebiopool.com\/wp-content\/uploads\/can-jomay-1-web-300x225.jpg 300w, https:\/\/thebiopool.com\/wp-content\/uploads\/can-jomay-1-web-1024x768.jpg 1024w, https:\/\/thebiopool.com\/wp-content\/uploads\/can-jomay-1-web-1536x1152.jpg 1536w, https:\/\/thebiopool.com\/wp-content\/uploads\/can-jomay-1-web-600x450.jpg 600w, https:\/\/thebiopool.com\/wp-content\/uploads\/can-jomay-1-web.jpg 1900w\" data-sizes=\"(max-width: 768px) 100vw, 768px\" title=\"CAN JOMAY by theBIOPOOL\" alt=\"CAN JOMAY by theBIOPOOL\" \t\tclass=\"so-widget-image lazyload\" src=\"data:image\/svg+xml;base64,PHN2ZyB3aWR0aD0iMSIgaGVpZ2h0PSIxIiB4bWxucz0iaHR0cDovL3d3dy53My5vcmcvMjAwMC9zdmciPjwvc3ZnPg==\" style=\"--smush-placeholder-width: 768px; --smush-placeholder-aspect-ratio: 768\/576;\" \/>\n\t<\/div>\n\n<\/div><\/div><\/div><\/div><div id=\"pgc-18740-0-1\"  class=\"panel-grid-cell\" ><div id=\"panel-18740-0-1-0\" class=\"so-panel widget widget_sow-editor panel-first-child panel-last-child\" data-index=\"1\" ><div class=\"panel-widget-style panel-widget-style-for-18740-0-1-0\" ><div\n\t\t\t\n\t\t\tclass=\"so-widget-sow-editor so-widget-sow-editor-base\"\n\t\t\t\n\t\t>\n<div class=\"siteorigin-widget-tinymce textwidget\">\n\t<h3 style=\"text-align: right;\"><strong><span style=\"color: #ffffff;\">CAN JOMAY<\/span><\/strong><\/h3>\n<p><em>Piscina privada. Santa Gertrudis, Ibiza.<\/em><\/p>\n<p><em>Superficie 30 m2<\/em><br \/>\n<em>Prof. m\u00e1x. 2 m<\/em><br \/>\n<em>Filtraci\u00f3n lenta vertical<\/em><br \/>\n<em>Bomba de filtro 50w\/h<\/em><br \/>\n<em>Acabado: cal<\/em><\/p>\n<p>Piscina naturalizada de forma octogonal realizada con un sistema constructivo donde se consigui\u00f3 reducir al m\u00e1ximo el canto del muro a trav\u00e9s de un encofrado perdido ejecutado con bardos y relleno de tierra estabilizada entre \u00e9ste y la propia excavaci\u00f3n.<br \/>\nCompuesta por un \u00e1rea de acceso de poca profundidad integrada con la escalera de madera central; una zona de ba\u00f1o; un \u00e1rea de plantas sumergidas; y un filtro de grava en un nivel superior que permite el regreso del agua a la zona de plantas por gravedad, a trav\u00e9s de una salida de agua a modo de peque\u00f1a cascada.<\/p>\n<p>&nbsp;<\/p>\n<p>&nbsp;<\/p>\n<\/div>\n<\/div><\/div><\/div><\/div><\/div><\/div><div id=\"pg-18740-1\"  class=\"panel-grid panel-has-style\" ><div class=\"siteorigin-panels-stretch panel-row-style panel-row-style-for-18740-1\" data-stretch-type=\"full-width-stretch\" ><div id=\"pgc-18740-1-0\"  class=\"panel-grid-cell\" ><div id=\"panel-18740-1-0-0\" class=\"so-panel widget widget_sow-image panel-first-child panel-last-child\" data-index=\"2\" ><div class=\"foobox panel-widget-style panel-widget-style-for-18740-1-0-0\" ><div\n\t\t\t\n\t\t\tclass=\"so-widget-sow-image so-widget-sow-image-default-dbf295114b96-18740\"\n\t\t\t\n\t\t>\n<div class=\"sow-image-container\">\n\t\t\t<a href=\"https:\/\/thebiopool.com\/wp-content\/uploads\/can-jomay-2-web-e1733740033906.jpg\"\n\t\t\t\t\t>\n\t\t\t<img \n\tdata-src=\"https:\/\/thebiopool.com\/wp-content\/uploads\/can-jomay-2-web-e1733740033906-768x768.jpg\" width=\"768\" height=\"768\" data-srcset=\"https:\/\/thebiopool.com\/wp-content\/uploads\/can-jomay-2-web-e1733740033906-768x768.jpg 768w, https:\/\/thebiopool.com\/wp-content\/uploads\/can-jomay-2-web-e1733740033906-300x300.jpg 300w, https:\/\/thebiopool.com\/wp-content\/uploads\/can-jomay-2-web-e1733740033906-1024x1024.jpg 1024w, https:\/\/thebiopool.com\/wp-content\/uploads\/can-jomay-2-web-e1733740033906-150x150.jpg 150w, https:\/\/thebiopool.com\/wp-content\/uploads\/can-jomay-2-web-e1733740033906-600x600.jpg 600w, https:\/\/thebiopool.com\/wp-content\/uploads\/can-jomay-2-web-e1733740033906.jpg 1500w\" data-sizes=\"(max-width: 768px) 100vw, 768px\" title=\"CAN JOMAY by theBIOPOOL\" alt=\"CAN JOMAY by theBIOPOOL\" \t\tclass=\"so-widget-image lazyload\" src=\"data:image\/svg+xml;base64,PHN2ZyB3aWR0aD0iMSIgaGVpZ2h0PSIxIiB4bWxucz0iaHR0cDovL3d3dy53My5vcmcvMjAwMC9zdmciPjwvc3ZnPg==\" style=\"--smush-placeholder-width: 768px; --smush-placeholder-aspect-ratio: 768\/768;\" \/>\n\t\t\t<\/a><\/div>\n\n<\/div><\/div><\/div><\/div><div id=\"pgc-18740-1-1\"  class=\"panel-grid-cell\" ><div id=\"panel-18740-1-1-0\" class=\"so-panel widget widget_sow-image panel-first-child panel-last-child\" data-index=\"3\" ><div class=\"foobox panel-widget-style panel-widget-style-for-18740-1-1-0\" ><div\n\t\t\t\n\t\t\tclass=\"so-widget-sow-image so-widget-sow-image-default-c4f6304fc136-18740\"\n\t\t\t\n\t\t>\n<div class=\"sow-image-container\">\n\t\t\t<a href=\"https:\/\/thebiopool.com\/wp-content\/uploads\/can-jomay-3-web-e1733739183278.jpg\"\n\t\t\t\t\t>\n\t\t\t<img \n\tdata-src=\"https:\/\/thebiopool.com\/wp-content\/uploads\/can-jomay-3-web-e1733739183278-768x768.jpg\" width=\"768\" height=\"768\" data-srcset=\"https:\/\/thebiopool.com\/wp-content\/uploads\/can-jomay-3-web-e1733739183278-768x768.jpg 768w, https:\/\/thebiopool.com\/wp-content\/uploads\/can-jomay-3-web-e1733739183278-300x300.jpg 300w, https:\/\/thebiopool.com\/wp-content\/uploads\/can-jomay-3-web-e1733739183278-1024x1024.jpg 1024w, https:\/\/thebiopool.com\/wp-content\/uploads\/can-jomay-3-web-e1733739183278-150x150.jpg 150w, https:\/\/thebiopool.com\/wp-content\/uploads\/can-jomay-3-web-e1733739183278-600x600.jpg 600w, https:\/\/thebiopool.com\/wp-content\/uploads\/can-jomay-3-web-e1733739183278.jpg 1500w\" data-sizes=\"(max-width: 768px) 100vw, 768px\" title=\"CAN JOMAY by theBIOPOOL\" alt=\"CAN JOMAY by theBIOPOOL\" \t\tclass=\"so-widget-image lazyload\" src=\"data:image\/svg+xml;base64,PHN2ZyB3aWR0aD0iMSIgaGVpZ2h0PSIxIiB4bWxucz0iaHR0cDovL3d3dy53My5vcmcvMjAwMC9zdmciPjwvc3ZnPg==\" style=\"--smush-placeholder-width: 768px; --smush-placeholder-aspect-ratio: 768\/768;\" \/>\n\t\t\t<\/a><\/div>\n\n<\/div><\/div><\/div><\/div><div id=\"pgc-18740-1-2\"  class=\"panel-grid-cell\" ><div id=\"panel-18740-1-2-0\" class=\"so-panel widget widget_sow-image panel-first-child panel-last-child\" data-index=\"4\" ><div class=\"foobox panel-widget-style panel-widget-style-for-18740-1-2-0\" ><div\n\t\t\t\n\t\t\tclass=\"so-widget-sow-image so-widget-sow-image-default-6ec9e3772f75-18740\"\n\t\t\t\n\t\t>\n<div class=\"sow-image-container\">\n\t\t\t<a href=\"https:\/\/thebiopool.com\/wp-content\/uploads\/can-jomay-4-web.jpg\"\n\t\t\ttarget=\"_blank\" rel=\"noopener noreferrer\" \t\t>\n\t\t\t<img \n\tdata-src=\"https:\/\/thebiopool.com\/wp-content\/uploads\/can-jomay-4-web-e1733740356925-768x626.jpg\" width=\"768\" height=\"626\" data-srcset=\"https:\/\/thebiopool.com\/wp-content\/uploads\/can-jomay-4-web-e1733740356925-768x626.jpg 768w, https:\/\/thebiopool.com\/wp-content\/uploads\/can-jomay-4-web-e1733740356925-300x244.jpg 300w, https:\/\/thebiopool.com\/wp-content\/uploads\/can-jomay-4-web-e1733740356925-1024x834.jpg 1024w, https:\/\/thebiopool.com\/wp-content\/uploads\/can-jomay-4-web-e1733740356925-1536x1252.jpg 1536w, https:\/\/thebiopool.com\/wp-content\/uploads\/can-jomay-4-web-e1733740356925-600x489.jpg 600w, https:\/\/thebiopool.com\/wp-content\/uploads\/can-jomay-4-web-e1733740356925.jpg 1810w\" data-sizes=\"(max-width: 768px) 100vw, 768px\" title=\"CAN JOMAY by theBIOPOOL\" alt=\"CAN JOMAY by theBIOPOOL\" \t\tclass=\"so-widget-image lazyload\" src=\"data:image\/svg+xml;base64,PHN2ZyB3aWR0aD0iMSIgaGVpZ2h0PSIxIiB4bWxucz0iaHR0cDovL3d3dy53My5vcmcvMjAwMC9zdmciPjwvc3ZnPg==\" style=\"--smush-placeholder-width: 768px; --smush-placeholder-aspect-ratio: 768\/626;\" \/>\n\t\t\t<\/a><\/div>\n\n<\/div><\/div><\/div><\/div><\/div><\/div><div id=\"pg-18740-2\"  class=\"panel-grid panel-has-style\" ><div class=\"panel-row-style panel-row-style-for-18740-2\" ><div id=\"pgc-18740-2-0\"  class=\"panel-grid-cell\" ><div id=\"panel-18740-2-0-0\" class=\"so-panel widget widget_sow-editor panel-first-child panel-last-child\" data-index=\"5\" ><div\n\t\t\t\n\t\t\tclass=\"so-widget-sow-editor so-widget-sow-editor-base\"\n\t\t\t\n\t\t>\n<div class=\"siteorigin-widget-tinymce textwidget\">\n\t<h3 style=\"text-align: center;\">weitere Bilder<\/h3>\n<\/div>\n<\/div><\/div><\/div><\/div><\/div><\/div>","protected":false},"excerpt":{"rendered":"<p>CAN JOMAY Piscina privada. Santa Gertrudis, Ibiza. Superficie 30 m2 Prof. m&aacute;x. 2 m Filtraci&oacute;n lenta vertical Bomba de filtro 50w\/h Acabado: cal Piscina naturalizada de forma octogonal realizada con un sistema constructivo donde se consigui&oacute; reducir al m&aacute;ximo el canto del muro a trav&eacute;s de un encofrado perdido ejecutado con bardos y relleno de tierra estabilizada entre &eacute;ste y la propia excavaci&oacute;n. Compuesta por un &aacute;rea de acceso de poca profundidad integrada con la escalera de madera central; una zona de ba&ntilde;o; un &aacute;rea de plantas sumergidas; y un filtro de grava en un nivel superior que permite el&hellip;<\/p>\n","protected":false},"author":1,"featured_media":0,"parent":0,"menu_order":0,"comment_status":"closed","ping_status":"closed","template":"","meta":{"footnotes":""},"class_list":["post-18740","page","type-page","status-publish","hentry"],"yoast_head":"<!-- This site is optimized with the Yoast SEO plugin v27.5 - https:\/\/yoast.com\/product\/yoast-seo-wordpress\/ -->\n<title>can pep - Experts for natural ponds<\/title>\n<meta name=\"description\" content=\"(English) If you want a natural and healthy water experience as a pool or pond owner in Ibiza we are your no.1 planer and builder\" \/>\n<meta name=\"robots\" content=\"index, follow, max-snippet:-1, max-image-preview:large, max-video-preview:-1\" \/>\n<link rel=\"canonical\" href=\"https:\/\/thebiopool.com\/es\/can-jomay\/\" \/>\n<meta property=\"og:locale\" content=\"es_ES\" \/>\n<meta property=\"og:type\" content=\"article\" \/>\n<meta property=\"og:title\" content=\"can pep - Experts for natural ponds\" \/>\n<meta property=\"og:description\" content=\"(English) If you want a natural and healthy water experience as a pool or pond owner in Ibiza we are your no.1 planer and builder\" \/>\n<meta property=\"og:url\" content=\"https:\/\/thebiopool.com\/es\/can-jomay\/\" \/>\n<meta property=\"og:site_name\" content=\"expertos en piscinas y estanques naturales\" \/>\n<meta property=\"article:publisher\" content=\"https:\/\/www.facebook.com\/Naturaleza-y-Arte-Stefan-Meier-162702410430553\/\" \/>\n<meta property=\"article:modified_time\" content=\"2025-02-28T17:10:17+00:00\" \/>\n<meta name=\"twitter:card\" content=\"summary_large_image\" \/>\n<meta name=\"twitter:label1\" content=\"Tiempo de lectura\" \/>\n\t<meta name=\"twitter:data1\" content=\"3 minutos\" \/>\n<script type=\"application\/ld+json\" class=\"yoast-schema-graph\">{\"@context\":\"https:\\\/\\\/schema.org\",\"@graph\":[{\"@type\":\"WebPage\",\"@id\":\"https:\\\/\\\/thebiopool.com\\\/es\\\/can-jomay\\\/\",\"url\":\"https:\\\/\\\/thebiopool.com\\\/es\\\/can-jomay\\\/\",\"name\":\"can pep - Experts for natural ponds\",\"isPartOf\":{\"@id\":\"https:\\\/\\\/thebiopool.com\\\/es\\\/#website\"},\"datePublished\":\"2024-12-09T09:21:59+00:00\",\"dateModified\":\"2025-02-28T17:10:17+00:00\",\"description\":\"(English) If you want a natural and healthy water experience as a pool or pond owner in Ibiza we are your no.1 planer and builder\",\"breadcrumb\":{\"@id\":\"https:\\\/\\\/thebiopool.com\\\/es\\\/can-jomay\\\/#breadcrumb\"},\"inLanguage\":\"es\",\"potentialAction\":[{\"@type\":\"ReadAction\",\"target\":[[\"https:\\\/\\\/thebiopool.com\\\/es\\\/can-jomay\\\/\"]]}]},{\"@type\":\"BreadcrumbList\",\"@id\":\"https:\\\/\\\/thebiopool.com\\\/es\\\/can-jomay\\\/#breadcrumb\",\"itemListElement\":[{\"@type\":\"ListItem\",\"position\":1,\"name\":\"Home\",\"item\":\"https:\\\/\\\/thebiopool.com\\\/es\\\/\"},{\"@type\":\"ListItem\",\"position\":2,\"name\":\"can jomay\"}]},{\"@type\":\"WebSite\",\"@id\":\"https:\\\/\\\/thebiopool.com\\\/es\\\/#website\",\"url\":\"https:\\\/\\\/thebiopool.com\\\/es\\\/\",\"name\":\"TheBiopool\",\"description\":\"planificamos y creamos su estanque natural\",\"publisher\":{\"@id\":\"https:\\\/\\\/thebiopool.com\\\/es\\\/#organization\"},\"potentialAction\":[{\"@type\":\"SearchAction\",\"target\":{\"@type\":\"EntryPoint\",\"urlTemplate\":\"https:\\\/\\\/thebiopool.com\\\/es\\\/?s={search_term_string}\"},\"query-input\":{\"@type\":\"PropertyValueSpecification\",\"valueRequired\":true,\"valueName\":\"search_term_string\"}}],\"inLanguage\":\"es\"},{\"@type\":\"Organization\",\"@id\":\"https:\\\/\\\/thebiopool.com\\\/es\\\/#organization\",\"name\":\"TheBiopool\",\"url\":\"https:\\\/\\\/thebiopool.com\\\/es\\\/\",\"logo\":{\"@type\":\"ImageObject\",\"inLanguage\":\"es\",\"@id\":\"https:\\\/\\\/thebiopool.com\\\/es\\\/#\\\/schema\\\/logo\\\/image\\\/\",\"url\":\"https:\\\/\\\/thebiopool.com\\\/wp-content\\\/uploads\\\/logo-schatten-website-klein.png\",\"contentUrl\":\"https:\\\/\\\/thebiopool.com\\\/wp-content\\\/uploads\\\/logo-schatten-website-klein.png\",\"width\":220,\"height\":64,\"caption\":\"TheBiopool\"},\"image\":{\"@id\":\"https:\\\/\\\/thebiopool.com\\\/es\\\/#\\\/schema\\\/logo\\\/image\\\/\"},\"sameAs\":[\"https:\\\/\\\/www.facebook.com\\\/Naturaleza-y-Arte-Stefan-Meier-162702410430553\\\/\",\"https:\\\/\\\/www.instagram.com\\\/thebiopool\\\/\"]}]}<\/script>\n<!-- \/ Yoast SEO plugin. -->","yoast_head_json":{"title":"can pep - Experts for natural ponds","description":"(English) If you want a natural and healthy water experience as a pool or pond owner in Ibiza we are your no.1 planer and builder","robots":{"index":"index","follow":"follow","max-snippet":"max-snippet:-1","max-image-preview":"max-image-preview:large","max-video-preview":"max-video-preview:-1"},"canonical":"https:\/\/thebiopool.com\/es\/can-jomay\/","og_locale":"es_ES","og_type":"article","og_title":"can pep - Experts for natural ponds","og_description":"(English) If you want a natural and healthy water experience as a pool or pond owner in Ibiza we are your no.1 planer and builder","og_url":"https:\/\/thebiopool.com\/es\/can-jomay\/","og_site_name":"expertos en piscinas y estanques naturales","article_publisher":"https:\/\/www.facebook.com\/Naturaleza-y-Arte-Stefan-Meier-162702410430553\/","article_modified_time":"2025-02-28T17:10:17+00:00","twitter_card":"summary_large_image","twitter_misc":{"Tiempo de lectura":"3 minutos"},"schema":{"@context":"https:\/\/schema.org","@graph":[{"@type":"WebPage","@id":"https:\/\/thebiopool.com\/es\/can-jomay\/","url":"https:\/\/thebiopool.com\/es\/can-jomay\/","name":"can pep - Experts for natural ponds","isPartOf":{"@id":"https:\/\/thebiopool.com\/es\/#website"},"datePublished":"2024-12-09T09:21:59+00:00","dateModified":"2025-02-28T17:10:17+00:00","description":"(English) If you want a natural and healthy water experience as a pool or pond owner in Ibiza we are your no.1 planer and builder","breadcrumb":{"@id":"https:\/\/thebiopool.com\/es\/can-jomay\/#breadcrumb"},"inLanguage":"es","potentialAction":[{"@type":"ReadAction","target":[["https:\/\/thebiopool.com\/es\/can-jomay\/"]]}]},{"@type":"BreadcrumbList","@id":"https:\/\/thebiopool.com\/es\/can-jomay\/#breadcrumb","itemListElement":[{"@type":"ListItem","position":1,"name":"Home","item":"https:\/\/thebiopool.com\/es\/"},{"@type":"ListItem","position":2,"name":"can jomay"}]},{"@type":"WebSite","@id":"https:\/\/thebiopool.com\/es\/#website","url":"https:\/\/thebiopool.com\/es\/","name":"TheBiopool","description":"planificamos y creamos su estanque natural","publisher":{"@id":"https:\/\/thebiopool.com\/es\/#organization"},"potentialAction":[{"@type":"SearchAction","target":{"@type":"EntryPoint","urlTemplate":"https:\/\/thebiopool.com\/es\/?s={search_term_string}"},"query-input":{"@type":"PropertyValueSpecification","valueRequired":true,"valueName":"search_term_string"}}],"inLanguage":"es"},{"@type":"Organization","@id":"https:\/\/thebiopool.com\/es\/#organization","name":"TheBiopool","url":"https:\/\/thebiopool.com\/es\/","logo":{"@type":"ImageObject","inLanguage":"es","@id":"https:\/\/thebiopool.com\/es\/#\/schema\/logo\/image\/","url":"https:\/\/thebiopool.com\/wp-content\/uploads\/logo-schatten-website-klein.png","contentUrl":"https:\/\/thebiopool.com\/wp-content\/uploads\/logo-schatten-website-klein.png","width":220,"height":64,"caption":"TheBiopool"},"image":{"@id":"https:\/\/thebiopool.com\/es\/#\/schema\/logo\/image\/"},"sameAs":["https:\/\/www.facebook.com\/Naturaleza-y-Arte-Stefan-Meier-162702410430553\/","https:\/\/www.instagram.com\/thebiopool\/"]}]}},"_links":{"self":[{"href":"https:\/\/thebiopool.com\/es\/wp-json\/wp\/v2\/pages\/18740","targetHints":{"allow":["GET"]}}],"collection":[{"href":"https:\/\/thebiopool.com\/es\/wp-json\/wp\/v2\/pages"}],"about":[{"href":"https:\/\/thebiopool.com\/es\/wp-json\/wp\/v2\/types\/page"}],"author":[{"embeddable":true,"href":"https:\/\/thebiopool.com\/es\/wp-json\/wp\/v2\/users\/1"}],"replies":[{"embeddable":true,"href":"https:\/\/thebiopool.com\/es\/wp-json\/wp\/v2\/comments?post=18740"}],"version-history":[{"count":0,"href":"https:\/\/thebiopool.com\/es\/wp-json\/wp\/v2\/pages\/18740\/revisions"}],"wp:attachment":[{"href":"https:\/\/thebiopool.com\/es\/wp-json\/wp\/v2\/media?parent=18740"}],"curies":[{"name":"wp","href":"https:\/\/api.w.org\/{rel}","templated":true}]}}