{"id":18784,"date":"2024-12-09T11:57:01","date_gmt":"2024-12-09T10:57:01","guid":{"rendered":"https:\/\/thebiopool.com\/?page_id=18784"},"modified":"2025-03-27T11:34:33","modified_gmt":"2025-03-27T10:34:33","slug":"can-lupes","status":"publish","type":"page","link":"https:\/\/thebiopool.com\/es\/can-lupes\/","title":{"rendered":"can pep"},"content":{"rendered":"<div id=\"pl-18784\"  class=\"panel-layout\" ><div id=\"pg-18784-0\"  class=\"panel-grid panel-has-style\" ><div class=\"foobox siteorigin-panels-stretch panel-row-style panel-row-style-for-18784-0\" data-stretch-type=\"full-width-stretch\" ><div id=\"pgc-18784-0-0\"  class=\"panel-grid-cell\" ><div id=\"panel-18784-0-0-0\" class=\"so-panel widget widget_sow-image panel-first-child panel-last-child\" data-index=\"0\" ><div class=\"foobox panel-widget-style panel-widget-style-for-18784-0-0-0\" ><div\n\t\t\t\n\t\t\tclass=\"so-widget-sow-image so-widget-sow-image-default-3a2476c0e107-18784\"\n\t\t\t\n\t\t>\n<div class=\"sow-image-container\">\n\t\t\t<a href=\"https:\/\/thebiopool.com\/wp-content\/uploads\/can-Lupes-by-theBIOPOOL-1.jpg\"\n\t\t\t\t\t>\n\t\t\t<img \n\tdata-src=\"https:\/\/thebiopool.com\/wp-content\/uploads\/can-Lupes-by-theBIOPOOL-1-768x669.jpg\" width=\"768\" height=\"669\" data-srcset=\"https:\/\/thebiopool.com\/wp-content\/uploads\/can-Lupes-by-theBIOPOOL-1-768x669.jpg 768w, https:\/\/thebiopool.com\/wp-content\/uploads\/can-Lupes-by-theBIOPOOL-1-300x261.jpg 300w, https:\/\/thebiopool.com\/wp-content\/uploads\/can-Lupes-by-theBIOPOOL-1-1024x891.jpg 1024w, https:\/\/thebiopool.com\/wp-content\/uploads\/can-Lupes-by-theBIOPOOL-1-1536x1337.jpg 1536w, https:\/\/thebiopool.com\/wp-content\/uploads\/can-Lupes-by-theBIOPOOL-1-600x522.jpg 600w, https:\/\/thebiopool.com\/wp-content\/uploads\/can-Lupes-by-theBIOPOOL-1.jpg 1900w\" data-sizes=\"(max-width: 768px) 100vw, 768px\" title=\"can-Lupes-by-theBIOPOOL-1.jpg\" alt=\"can-Lupes-by-theBIOPOOL-1.jpg\" \t\tclass=\"so-widget-image lazyload\" src=\"data:image\/svg+xml;base64,PHN2ZyB3aWR0aD0iMSIgaGVpZ2h0PSIxIiB4bWxucz0iaHR0cDovL3d3dy53My5vcmcvMjAwMC9zdmciPjwvc3ZnPg==\" style=\"--smush-placeholder-width: 768px; --smush-placeholder-aspect-ratio: 768\/669;\" \/>\n\t\t\t<\/a><\/div>\n\n<\/div><\/div><\/div><\/div><div id=\"pgc-18784-0-1\"  class=\"panel-grid-cell\" ><div id=\"panel-18784-0-1-0\" class=\"so-panel widget widget_sow-editor panel-first-child panel-last-child\" data-index=\"1\" ><div class=\"panel-widget-style panel-widget-style-for-18784-0-1-0\" ><div\n\t\t\t\n\t\t\tclass=\"so-widget-sow-editor so-widget-sow-editor-base\"\n\t\t\t\n\t\t>\n<div class=\"siteorigin-widget-tinymce textwidget\">\n\t<h3 style=\"text-align: right;\"><strong><span style=\"color: #ffffff;\">CAN LUPES<\/span><\/strong><\/h3>\n<p><em>Piscina para agroturismo. Santa Gertrudis, Ibiza.<\/em><br \/>\n<em>A\u00f1o 2015<\/em><br \/>\n<em>Superficie 140m2<\/em><br \/>\n<em>Prof. m\u00e1x. 2.5m<\/em><br \/>\n<em>Filtraci\u00f3n lenta vertical<\/em><br \/>\n<em>Bomba de filtro 80w\/h<\/em><br \/>\n<em>Acabado: cer\u00e1mica<\/em><br \/>\nEste proyecto combina el dise\u00f1o minimalista de sus l\u00edneas rectas con las formas org\u00e1nicas tra\u00eddas por las piedras de acceso integradas con el jard\u00edn.<br \/>\nEl \u201cefecto infinity\u201d en dos lados de la piscina, acompa\u00f1ando el muro del bancal existente, junto a la sauna acristalada desde donde contemplar el bosque submarino se presentan como destacados elementos de dise\u00f1o.<br \/>\nConstruida en hormig\u00f3n armado, tiene un vaso de 30m x 4m, que logra ampliarse \u00f3pticamente mediante un canal de 6m alrededor de la zona \u201cchill-out\u201d, y est\u00e1 dividido en \u00e1rea de ba\u00f1o de 25 m de longitud y \u00e1rea de regeneraci\u00f3n con hidrobot\u00e1nica de 5 m de longitud y 2,5 m de profundidad. El biofiltro se encuentra en el<br \/>\nantiguo dep\u00f3sito de riego de la finca en el bancal superior a la piscina.<\/p>\n<\/div>\n<\/div><\/div><\/div><\/div><\/div><\/div><div id=\"pg-18784-1\"  class=\"panel-grid panel-has-style\" ><div class=\"siteorigin-panels-stretch panel-row-style panel-row-style-for-18784-1\" data-stretch-type=\"full-width-stretch\" ><div id=\"pgc-18784-1-0\"  class=\"panel-grid-cell\" ><div id=\"panel-18784-1-0-0\" class=\"so-panel widget widget_sow-image panel-first-child panel-last-child\" data-index=\"2\" ><div class=\"foobox panel-widget-style panel-widget-style-for-18784-1-0-0\" ><div\n\t\t\t\n\t\t\tclass=\"so-widget-sow-image so-widget-sow-image-default-8b5b6f678277-18784\"\n\t\t\t\n\t\t>\n<div class=\"sow-image-container\">\n\t\t\t<a href=\"https:\/\/thebiopool.com\/wp-content\/uploads\/can-Lupes-by-theBIOPOOL-2.jpg\"\n\t\t\t\t\t>\n\t\t\t<img \n\tdata-src=\"https:\/\/thebiopool.com\/wp-content\/uploads\/can-Lupes-by-theBIOPOOL-2-e1733743201982-768x768.jpg\" width=\"768\" height=\"768\" data-srcset=\"https:\/\/thebiopool.com\/wp-content\/uploads\/can-Lupes-by-theBIOPOOL-2-e1733743201982-768x768.jpg 768w, https:\/\/thebiopool.com\/wp-content\/uploads\/can-Lupes-by-theBIOPOOL-2-e1733743201982-300x300.jpg 300w, https:\/\/thebiopool.com\/wp-content\/uploads\/can-Lupes-by-theBIOPOOL-2-e1733743201982-1024x1024.jpg 1024w, https:\/\/thebiopool.com\/wp-content\/uploads\/can-Lupes-by-theBIOPOOL-2-e1733743201982-150x150.jpg 150w, https:\/\/thebiopool.com\/wp-content\/uploads\/can-Lupes-by-theBIOPOOL-2-e1733743201982-600x600.jpg 600w, https:\/\/thebiopool.com\/wp-content\/uploads\/can-Lupes-by-theBIOPOOL-2-e1733743201982.jpg 1500w\" data-sizes=\"(max-width: 768px) 100vw, 768px\" title=\"can Lupes by theBIOPOOL 2\" alt=\"can Lupes by theBIOPOOL \" \t\tclass=\"so-widget-image lazyload\" src=\"data:image\/svg+xml;base64,PHN2ZyB3aWR0aD0iMSIgaGVpZ2h0PSIxIiB4bWxucz0iaHR0cDovL3d3dy53My5vcmcvMjAwMC9zdmciPjwvc3ZnPg==\" style=\"--smush-placeholder-width: 768px; --smush-placeholder-aspect-ratio: 768\/768;\" \/>\n\t\t\t<\/a><\/div>\n\n<\/div><\/div><\/div><\/div><div id=\"pgc-18784-1-1\"  class=\"panel-grid-cell\" ><div id=\"panel-18784-1-1-0\" class=\"so-panel widget widget_sow-image panel-first-child panel-last-child\" data-index=\"3\" ><div class=\"foobox panel-widget-style panel-widget-style-for-18784-1-1-0\" ><div\n\t\t\t\n\t\t\tclass=\"so-widget-sow-image so-widget-sow-image-default-8b5b6f678277-18784\"\n\t\t\t\n\t\t>\n<div class=\"sow-image-container\">\n\t\t\t<a href=\"https:\/\/thebiopool.com\/wp-content\/uploads\/can-Lupes-by-theBIOPOOL-3.jpg\"\n\t\t\t\t\t>\n\t\t\t<img \n\tdata-src=\"https:\/\/thebiopool.com\/wp-content\/uploads\/can-Lupes-by-theBIOPOOL-3-e1733742645265-768x768.jpg\" width=\"768\" height=\"768\" data-srcset=\"https:\/\/thebiopool.com\/wp-content\/uploads\/can-Lupes-by-theBIOPOOL-3-e1733742645265-768x768.jpg 768w, https:\/\/thebiopool.com\/wp-content\/uploads\/can-Lupes-by-theBIOPOOL-3-e1733742645265-300x300.jpg 300w, https:\/\/thebiopool.com\/wp-content\/uploads\/can-Lupes-by-theBIOPOOL-3-e1733742645265-1024x1024.jpg 1024w, https:\/\/thebiopool.com\/wp-content\/uploads\/can-Lupes-by-theBIOPOOL-3-e1733742645265-150x150.jpg 150w, https:\/\/thebiopool.com\/wp-content\/uploads\/can-Lupes-by-theBIOPOOL-3-e1733742645265-600x600.jpg 600w, https:\/\/thebiopool.com\/wp-content\/uploads\/can-Lupes-by-theBIOPOOL-3-e1733742645265.jpg 1500w\" data-sizes=\"(max-width: 768px) 100vw, 768px\" title=\"can Lupes by theBIOPOOL 3\" alt=\"\" \t\tclass=\"so-widget-image lazyload\" src=\"data:image\/svg+xml;base64,PHN2ZyB3aWR0aD0iMSIgaGVpZ2h0PSIxIiB4bWxucz0iaHR0cDovL3d3dy53My5vcmcvMjAwMC9zdmciPjwvc3ZnPg==\" style=\"--smush-placeholder-width: 768px; --smush-placeholder-aspect-ratio: 768\/768;\" \/>\n\t\t\t<\/a><\/div>\n\n<\/div><\/div><\/div><\/div><div id=\"pgc-18784-1-2\"  class=\"panel-grid-cell\" ><div id=\"panel-18784-1-2-0\" class=\"so-panel widget widget_sow-image panel-first-child panel-last-child\" data-index=\"4\" ><div class=\"foobox panel-widget-style panel-widget-style-for-18784-1-2-0\" ><div\n\t\t\t\n\t\t\tclass=\"so-widget-sow-image so-widget-sow-image-default-8b5b6f678277-18784\"\n\t\t\t\n\t\t>\n<div class=\"sow-image-container\">\n\t\t\t<a href=\"https:\/\/thebiopool.com\/wp-content\/uploads\/IMG_4003-e1740765539985.jpg\"\n\t\t\ttarget=\"_blank\" rel=\"noopener noreferrer\" \t\t>\n\t\t\t<img \n\tdata-src=\"https:\/\/thebiopool.com\/wp-content\/uploads\/IMG_4003-e1740765539985-768x627.jpg\" width=\"768\" height=\"627\" data-srcset=\"https:\/\/thebiopool.com\/wp-content\/uploads\/IMG_4003-e1740765539985-768x627.jpg 768w, https:\/\/thebiopool.com\/wp-content\/uploads\/IMG_4003-e1740765539985-600x490.jpg 600w, https:\/\/thebiopool.com\/wp-content\/uploads\/IMG_4003-e1740765539985-300x245.jpg 300w, https:\/\/thebiopool.com\/wp-content\/uploads\/IMG_4003-e1740765539985-1024x836.jpg 1024w, https:\/\/thebiopool.com\/wp-content\/uploads\/IMG_4003-e1740765539985.jpg 1225w\" data-sizes=\"(max-width: 768px) 100vw, 768px\" title=\"IMG_4003\" alt=\"\" \t\tclass=\"so-widget-image lazyload\" src=\"data:image\/svg+xml;base64,PHN2ZyB3aWR0aD0iMSIgaGVpZ2h0PSIxIiB4bWxucz0iaHR0cDovL3d3dy53My5vcmcvMjAwMC9zdmciPjwvc3ZnPg==\" style=\"--smush-placeholder-width: 768px; --smush-placeholder-aspect-ratio: 768\/627;\" \/>\n\t\t\t<\/a><\/div>\n\n<\/div><\/div><\/div><\/div><\/div><\/div><div id=\"pg-18784-2\"  class=\"panel-grid panel-has-style\" ><div class=\"panel-row-style panel-row-style-for-18784-2\" ><div id=\"pgc-18784-2-0\"  class=\"panel-grid-cell\" ><div id=\"panel-18784-2-0-0\" class=\"so-panel widget widget_sow-editor panel-first-child panel-last-child\" data-index=\"5\" ><div\n\t\t\t\n\t\t\tclass=\"so-widget-sow-editor so-widget-sow-editor-base\"\n\t\t\t\n\t\t>\n<div class=\"siteorigin-widget-tinymce textwidget\">\n\t<h3 style=\"text-align: center;\">weitere Bilder<\/h3>\n<\/div>\n<\/div><\/div><\/div><\/div><\/div><\/div>","protected":false},"excerpt":{"rendered":"<p>CAN LUPES Piscina para agroturismo. Santa Gertrudis, Ibiza. A&ntilde;o 2015 Superficie 140m2 Prof. m&aacute;x. 2.5m Filtraci&oacute;n lenta vertical Bomba de filtro 80w\/h Acabado: cer&aacute;mica Este proyecto combina el dise&ntilde;o minimalista de sus l&iacute;neas rectas con las formas org&aacute;nicas tra&iacute;das por las piedras de acceso integradas con el jard&iacute;n. El &ldquo;efecto infinity&rdquo; en dos lados de la piscina, acompa&ntilde;ando el muro del bancal existente, junto a la sauna acristalada desde donde contemplar el bosque submarino se presentan como destacados elementos de dise&ntilde;o. Construida en hormig&oacute;n armado, tiene un vaso de 30m x 4m, que logra ampliarse &oacute;pticamente mediante un canal de&hellip;<\/p>\n","protected":false},"author":1,"featured_media":0,"parent":0,"menu_order":0,"comment_status":"closed","ping_status":"closed","template":"","meta":{"footnotes":""},"class_list":["post-18784","page","type-page","status-publish","hentry"],"yoast_head":"<!-- This site is optimized with the Yoast SEO plugin v27.5 - https:\/\/yoast.com\/product\/yoast-seo-wordpress\/ -->\n<title>can pep - Experts for natural ponds<\/title>\n<meta name=\"description\" content=\"(English) If you want a natural and healthy water experience as a pool or pond owner in Ibiza we are your no.1 planer and builder\" \/>\n<meta name=\"robots\" content=\"index, follow, max-snippet:-1, max-image-preview:large, max-video-preview:-1\" \/>\n<link rel=\"canonical\" href=\"https:\/\/thebiopool.com\/es\/can-lupes\/\" \/>\n<meta property=\"og:locale\" content=\"es_ES\" \/>\n<meta property=\"og:type\" content=\"article\" \/>\n<meta property=\"og:title\" content=\"can pep - Experts for natural ponds\" \/>\n<meta property=\"og:description\" content=\"(English) If you want a natural and healthy water experience as a pool or pond owner in Ibiza we are your no.1 planer and builder\" \/>\n<meta property=\"og:url\" content=\"https:\/\/thebiopool.com\/es\/can-lupes\/\" \/>\n<meta property=\"og:site_name\" content=\"expertos en piscinas y estanques naturales\" \/>\n<meta property=\"article:publisher\" content=\"https:\/\/www.facebook.com\/Naturaleza-y-Arte-Stefan-Meier-162702410430553\/\" \/>\n<meta property=\"article:modified_time\" content=\"2025-03-27T10:34:33+00:00\" \/>\n<meta name=\"twitter:card\" content=\"summary_large_image\" \/>\n<meta name=\"twitter:label1\" content=\"Tiempo de lectura\" \/>\n\t<meta name=\"twitter:data1\" content=\"4 minutos\" \/>\n<script type=\"application\/ld+json\" class=\"yoast-schema-graph\">{\"@context\":\"https:\\\/\\\/schema.org\",\"@graph\":[{\"@type\":\"WebPage\",\"@id\":\"https:\\\/\\\/thebiopool.com\\\/es\\\/can-lupes\\\/\",\"url\":\"https:\\\/\\\/thebiopool.com\\\/es\\\/can-lupes\\\/\",\"name\":\"can pep - Experts for natural ponds\",\"isPartOf\":{\"@id\":\"https:\\\/\\\/thebiopool.com\\\/es\\\/#website\"},\"datePublished\":\"2024-12-09T10:57:01+00:00\",\"dateModified\":\"2025-03-27T10:34:33+00:00\",\"description\":\"(English) If you want a natural and healthy water experience as a pool or pond owner in Ibiza we are your no.1 planer and builder\",\"breadcrumb\":{\"@id\":\"https:\\\/\\\/thebiopool.com\\\/es\\\/can-lupes\\\/#breadcrumb\"},\"inLanguage\":\"es\",\"potentialAction\":[{\"@type\":\"ReadAction\",\"target\":[[\"https:\\\/\\\/thebiopool.com\\\/es\\\/can-lupes\\\/\"]]}]},{\"@type\":\"BreadcrumbList\",\"@id\":\"https:\\\/\\\/thebiopool.com\\\/es\\\/can-lupes\\\/#breadcrumb\",\"itemListElement\":[{\"@type\":\"ListItem\",\"position\":1,\"name\":\"Home\",\"item\":\"https:\\\/\\\/thebiopool.com\\\/es\\\/\"},{\"@type\":\"ListItem\",\"position\":2,\"name\":\"CAN LUPES\"}]},{\"@type\":\"WebSite\",\"@id\":\"https:\\\/\\\/thebiopool.com\\\/es\\\/#website\",\"url\":\"https:\\\/\\\/thebiopool.com\\\/es\\\/\",\"name\":\"TheBiopool\",\"description\":\"planificamos y creamos su estanque natural\",\"publisher\":{\"@id\":\"https:\\\/\\\/thebiopool.com\\\/es\\\/#organization\"},\"potentialAction\":[{\"@type\":\"SearchAction\",\"target\":{\"@type\":\"EntryPoint\",\"urlTemplate\":\"https:\\\/\\\/thebiopool.com\\\/es\\\/?s={search_term_string}\"},\"query-input\":{\"@type\":\"PropertyValueSpecification\",\"valueRequired\":true,\"valueName\":\"search_term_string\"}}],\"inLanguage\":\"es\"},{\"@type\":\"Organization\",\"@id\":\"https:\\\/\\\/thebiopool.com\\\/es\\\/#organization\",\"name\":\"TheBiopool\",\"url\":\"https:\\\/\\\/thebiopool.com\\\/es\\\/\",\"logo\":{\"@type\":\"ImageObject\",\"inLanguage\":\"es\",\"@id\":\"https:\\\/\\\/thebiopool.com\\\/es\\\/#\\\/schema\\\/logo\\\/image\\\/\",\"url\":\"https:\\\/\\\/thebiopool.com\\\/wp-content\\\/uploads\\\/logo-schatten-website-klein.png\",\"contentUrl\":\"https:\\\/\\\/thebiopool.com\\\/wp-content\\\/uploads\\\/logo-schatten-website-klein.png\",\"width\":220,\"height\":64,\"caption\":\"TheBiopool\"},\"image\":{\"@id\":\"https:\\\/\\\/thebiopool.com\\\/es\\\/#\\\/schema\\\/logo\\\/image\\\/\"},\"sameAs\":[\"https:\\\/\\\/www.facebook.com\\\/Naturaleza-y-Arte-Stefan-Meier-162702410430553\\\/\",\"https:\\\/\\\/www.instagram.com\\\/thebiopool\\\/\"]}]}<\/script>\n<!-- \/ Yoast SEO plugin. -->","yoast_head_json":{"title":"can pep - Experts for natural ponds","description":"(English) If you want a natural and healthy water experience as a pool or pond owner in Ibiza we are your no.1 planer and builder","robots":{"index":"index","follow":"follow","max-snippet":"max-snippet:-1","max-image-preview":"max-image-preview:large","max-video-preview":"max-video-preview:-1"},"canonical":"https:\/\/thebiopool.com\/es\/can-lupes\/","og_locale":"es_ES","og_type":"article","og_title":"can pep - Experts for natural ponds","og_description":"(English) If you want a natural and healthy water experience as a pool or pond owner in Ibiza we are your no.1 planer and builder","og_url":"https:\/\/thebiopool.com\/es\/can-lupes\/","og_site_name":"expertos en piscinas y estanques naturales","article_publisher":"https:\/\/www.facebook.com\/Naturaleza-y-Arte-Stefan-Meier-162702410430553\/","article_modified_time":"2025-03-27T10:34:33+00:00","twitter_card":"summary_large_image","twitter_misc":{"Tiempo de lectura":"4 minutos"},"schema":{"@context":"https:\/\/schema.org","@graph":[{"@type":"WebPage","@id":"https:\/\/thebiopool.com\/es\/can-lupes\/","url":"https:\/\/thebiopool.com\/es\/can-lupes\/","name":"can pep - Experts for natural ponds","isPartOf":{"@id":"https:\/\/thebiopool.com\/es\/#website"},"datePublished":"2024-12-09T10:57:01+00:00","dateModified":"2025-03-27T10:34:33+00:00","description":"(English) If you want a natural and healthy water experience as a pool or pond owner in Ibiza we are your no.1 planer and builder","breadcrumb":{"@id":"https:\/\/thebiopool.com\/es\/can-lupes\/#breadcrumb"},"inLanguage":"es","potentialAction":[{"@type":"ReadAction","target":[["https:\/\/thebiopool.com\/es\/can-lupes\/"]]}]},{"@type":"BreadcrumbList","@id":"https:\/\/thebiopool.com\/es\/can-lupes\/#breadcrumb","itemListElement":[{"@type":"ListItem","position":1,"name":"Home","item":"https:\/\/thebiopool.com\/es\/"},{"@type":"ListItem","position":2,"name":"CAN LUPES"}]},{"@type":"WebSite","@id":"https:\/\/thebiopool.com\/es\/#website","url":"https:\/\/thebiopool.com\/es\/","name":"TheBiopool","description":"planificamos y creamos su estanque natural","publisher":{"@id":"https:\/\/thebiopool.com\/es\/#organization"},"potentialAction":[{"@type":"SearchAction","target":{"@type":"EntryPoint","urlTemplate":"https:\/\/thebiopool.com\/es\/?s={search_term_string}"},"query-input":{"@type":"PropertyValueSpecification","valueRequired":true,"valueName":"search_term_string"}}],"inLanguage":"es"},{"@type":"Organization","@id":"https:\/\/thebiopool.com\/es\/#organization","name":"TheBiopool","url":"https:\/\/thebiopool.com\/es\/","logo":{"@type":"ImageObject","inLanguage":"es","@id":"https:\/\/thebiopool.com\/es\/#\/schema\/logo\/image\/","url":"https:\/\/thebiopool.com\/wp-content\/uploads\/logo-schatten-website-klein.png","contentUrl":"https:\/\/thebiopool.com\/wp-content\/uploads\/logo-schatten-website-klein.png","width":220,"height":64,"caption":"TheBiopool"},"image":{"@id":"https:\/\/thebiopool.com\/es\/#\/schema\/logo\/image\/"},"sameAs":["https:\/\/www.facebook.com\/Naturaleza-y-Arte-Stefan-Meier-162702410430553\/","https:\/\/www.instagram.com\/thebiopool\/"]}]}},"_links":{"self":[{"href":"https:\/\/thebiopool.com\/es\/wp-json\/wp\/v2\/pages\/18784","targetHints":{"allow":["GET"]}}],"collection":[{"href":"https:\/\/thebiopool.com\/es\/wp-json\/wp\/v2\/pages"}],"about":[{"href":"https:\/\/thebiopool.com\/es\/wp-json\/wp\/v2\/types\/page"}],"author":[{"embeddable":true,"href":"https:\/\/thebiopool.com\/es\/wp-json\/wp\/v2\/users\/1"}],"replies":[{"embeddable":true,"href":"https:\/\/thebiopool.com\/es\/wp-json\/wp\/v2\/comments?post=18784"}],"version-history":[{"count":0,"href":"https:\/\/thebiopool.com\/es\/wp-json\/wp\/v2\/pages\/18784\/revisions"}],"wp:attachment":[{"href":"https:\/\/thebiopool.com\/es\/wp-json\/wp\/v2\/media?parent=18784"}],"curies":[{"name":"wp","href":"https:\/\/api.w.org\/{rel}","templated":true}]}}