{"id":18806,"date":"2024-12-09T12:28:08","date_gmt":"2024-12-09T11:28:08","guid":{"rendered":"https:\/\/thebiopool.com\/?page_id=18806"},"modified":"2025-03-27T11:32:54","modified_gmt":"2025-03-27T10:32:54","slug":"can-cantera","status":"publish","type":"page","link":"https:\/\/thebiopool.com\/es\/can-cantera\/","title":{"rendered":"can pep"},"content":{"rendered":"<div id=\"pl-18806\"  class=\"panel-layout\" ><div id=\"pg-18806-0\"  class=\"panel-grid panel-has-style\" ><div class=\"foobox siteorigin-panels-stretch panel-row-style panel-row-style-for-18806-0\" data-stretch-type=\"full-width-stretch\" ><div id=\"pgc-18806-0-0\"  class=\"panel-grid-cell\" ><div id=\"panel-18806-0-0-0\" class=\"so-panel widget widget_sow-image panel-first-child panel-last-child\" data-index=\"0\" ><div class=\"foobox panel-widget-style panel-widget-style-for-18806-0-0-0\" ><div\n\t\t\t\n\t\t\tclass=\"so-widget-sow-image so-widget-sow-image-default-3a2476c0e107-18806\"\n\t\t\t\n\t\t>\n<div class=\"sow-image-container\">\n\t\t\t<a href=\"https:\/\/thebiopool.com\/wp-content\/uploads\/cancanterra-1-min.jpg\"\n\t\t\t\t\t>\n\t\t\t<img \n\tdata-src=\"https:\/\/thebiopool.com\/wp-content\/uploads\/cancanterra-1-min-768x636.jpg\" width=\"768\" height=\"636\" data-srcset=\"https:\/\/thebiopool.com\/wp-content\/uploads\/cancanterra-1-min-768x636.jpg 768w, https:\/\/thebiopool.com\/wp-content\/uploads\/cancanterra-1-min-300x248.jpg 300w, https:\/\/thebiopool.com\/wp-content\/uploads\/cancanterra-1-min-1024x848.jpg 1024w, https:\/\/thebiopool.com\/wp-content\/uploads\/cancanterra-1-min-1536x1272.jpg 1536w, https:\/\/thebiopool.com\/wp-content\/uploads\/cancanterra-1-min-600x497.jpg 600w, https:\/\/thebiopool.com\/wp-content\/uploads\/cancanterra-1-min.jpg 2000w\" data-sizes=\"(max-width: 768px) 100vw, 768px\" title=\"cancanterra 1-min\" alt=\"\" \t\tclass=\"so-widget-image lazyload\" src=\"data:image\/svg+xml;base64,PHN2ZyB3aWR0aD0iMSIgaGVpZ2h0PSIxIiB4bWxucz0iaHR0cDovL3d3dy53My5vcmcvMjAwMC9zdmciPjwvc3ZnPg==\" style=\"--smush-placeholder-width: 768px; --smush-placeholder-aspect-ratio: 768\/636;\" \/>\n\t\t\t<\/a><\/div>\n\n<\/div><\/div><\/div><\/div><div id=\"pgc-18806-0-1\"  class=\"panel-grid-cell\" ><div id=\"panel-18806-0-1-0\" class=\"so-panel widget widget_sow-editor panel-first-child panel-last-child\" data-index=\"1\" ><div class=\"panel-widget-style panel-widget-style-for-18806-0-1-0\" ><div\n\t\t\t\n\t\t\tclass=\"so-widget-sow-editor so-widget-sow-editor-base\"\n\t\t\t\n\t\t>\n<div class=\"siteorigin-widget-tinymce textwidget\">\n\t<h3 style=\"text-align: right;\"><strong><span style=\"color: #ffffff;\">CAN CANTERA<\/span><\/strong><\/h3>\n<p><em>Reconversi\u00f3n de alberca existente en Santa Gertrudis, Ibiza.<\/em><\/p>\n<p><em>A\u00f1o 2023<\/em><br \/>\n<em>Superficie 70 m2<\/em><br \/>\n<em>Prof. m\u00e1x. 3 m<\/em><br \/>\n<em>Filtraci\u00f3n lenta vertical<\/em><br \/>\n<em>Bomba de filtro 60w\/h<\/em><br \/>\n<em>Acabado:mortero flexible<\/em><br \/>\nEl objetivo fue mantener un \u00e1rea de la alberca como balsa de riego y crear otra zona como piscina naturalizada, aprovechando para ello la construcci\u00f3n ya realizada de los muros perimetrales y todas las instalaciones posibles.<br \/>\nPara ello se dividi\u00f3 el espacio interior en 4 \u00e1reas mediante muros de hormig\u00f3n armado, obteniendo as\u00ed la separaci\u00f3n entre balsa de riego y piscina, y entre el \u00e1rea de nado y el filtro de grava. El tercer muro, no llega a la superficie del agua , permitiendo as\u00ed la conexi\u00f3n entre la zona de ba\u00f1o y zona de plantas macrofitas.<\/p>\n<p>&nbsp;<\/p>\n<\/div>\n<\/div><\/div><\/div><\/div><\/div><\/div><div id=\"pg-18806-1\"  class=\"panel-grid panel-has-style\" ><div class=\"siteorigin-panels-stretch panel-row-style panel-row-style-for-18806-1\" data-stretch-type=\"full-width-stretch\" ><div id=\"pgc-18806-1-0\"  class=\"panel-grid-cell\" ><div id=\"panel-18806-1-0-0\" class=\"so-panel widget widget_sow-image panel-first-child panel-last-child\" data-index=\"2\" ><div class=\"foobox panel-widget-style panel-widget-style-for-18806-1-0-0\" ><div\n\t\t\t\n\t\t\tclass=\"so-widget-sow-image so-widget-sow-image-default-8b5b6f678277-18806\"\n\t\t\t\n\t\t>\n<div class=\"sow-image-container\">\n\t\t\t<a href=\"https:\/\/thebiopool.com\/wp-content\/uploads\/cancanterra-2-min.jpg\"\n\t\t\t\t\t>\n\t\t\t<img \n\tdata-src=\"https:\/\/thebiopool.com\/wp-content\/uploads\/cancanterra-2-min-e1733745689923-768x768.jpg\" width=\"768\" height=\"768\" data-srcset=\"https:\/\/thebiopool.com\/wp-content\/uploads\/cancanterra-2-min-e1733745689923-768x768.jpg 768w, https:\/\/thebiopool.com\/wp-content\/uploads\/cancanterra-2-min-e1733745689923-300x300.jpg 300w, https:\/\/thebiopool.com\/wp-content\/uploads\/cancanterra-2-min-e1733745689923-150x150.jpg 150w, https:\/\/thebiopool.com\/wp-content\/uploads\/cancanterra-2-min-e1733745689923-600x600.jpg 600w, https:\/\/thebiopool.com\/wp-content\/uploads\/cancanterra-2-min-e1733745689923.jpg 1015w\" data-sizes=\"(max-width: 768px) 100vw, 768px\" title=\"Can Tera by theBIOPOOL\" alt=\"Can Tera by theBIOPOOL\" \t\tclass=\"so-widget-image lazyload\" src=\"data:image\/svg+xml;base64,PHN2ZyB3aWR0aD0iMSIgaGVpZ2h0PSIxIiB4bWxucz0iaHR0cDovL3d3dy53My5vcmcvMjAwMC9zdmciPjwvc3ZnPg==\" style=\"--smush-placeholder-width: 768px; --smush-placeholder-aspect-ratio: 768\/768;\" \/>\n\t\t\t<\/a><\/div>\n\n<\/div><\/div><\/div><\/div><div id=\"pgc-18806-1-1\"  class=\"panel-grid-cell\" ><div id=\"panel-18806-1-1-0\" class=\"so-panel widget widget_sow-image panel-first-child panel-last-child\" data-index=\"3\" ><div class=\"foobox panel-widget-style panel-widget-style-for-18806-1-1-0\" ><div\n\t\t\t\n\t\t\tclass=\"so-widget-sow-image so-widget-sow-image-default-8b5b6f678277-18806\"\n\t\t\t\n\t\t>\n<div class=\"sow-image-container\">\n\t\t\t<a href=\"https:\/\/thebiopool.com\/wp-content\/uploads\/cancanterra-3-min-e1733745332203.jpg\"\n\t\t\t\t\t>\n\t\t\t<img \n\tdata-src=\"https:\/\/thebiopool.com\/wp-content\/uploads\/cancanterra-3-min-e1733745332203-768x768.jpg\" width=\"768\" height=\"768\" data-srcset=\"https:\/\/thebiopool.com\/wp-content\/uploads\/cancanterra-3-min-e1733745332203-768x768.jpg 768w, https:\/\/thebiopool.com\/wp-content\/uploads\/cancanterra-3-min-e1733745332203-300x300.jpg 300w, https:\/\/thebiopool.com\/wp-content\/uploads\/cancanterra-3-min-e1733745332203-1024x1024.jpg 1024w, https:\/\/thebiopool.com\/wp-content\/uploads\/cancanterra-3-min-e1733745332203-150x150.jpg 150w, https:\/\/thebiopool.com\/wp-content\/uploads\/cancanterra-3-min-e1733745332203-600x600.jpg 600w, https:\/\/thebiopool.com\/wp-content\/uploads\/cancanterra-3-min-e1733745332203.jpg 1500w\" data-sizes=\"(max-width: 768px) 100vw, 768px\" title=\"Can Tera by theBIOPOOL\" alt=\"Can Tera by theBIOPOOL\" \t\tclass=\"so-widget-image lazyload\" src=\"data:image\/svg+xml;base64,PHN2ZyB3aWR0aD0iMSIgaGVpZ2h0PSIxIiB4bWxucz0iaHR0cDovL3d3dy53My5vcmcvMjAwMC9zdmciPjwvc3ZnPg==\" style=\"--smush-placeholder-width: 768px; --smush-placeholder-aspect-ratio: 768\/768;\" \/>\n\t\t\t<\/a><\/div>\n\n<\/div><\/div><\/div><\/div><div id=\"pgc-18806-1-2\"  class=\"panel-grid-cell\" ><div id=\"panel-18806-1-2-0\" class=\"so-panel widget widget_sow-image panel-first-child panel-last-child\" data-index=\"4\" ><div class=\"foobox panel-widget-style panel-widget-style-for-18806-1-2-0\" ><div\n\t\t\t\n\t\t\tclass=\"so-widget-sow-image so-widget-sow-image-default-8b5b6f678277-18806\"\n\t\t\t\n\t\t>\n<div class=\"sow-image-container\">\n\t\t\t<a href=\"https:\/\/thebiopool.com\/wp-content\/uploads\/cancanterra-4-min-e1733745508143.jpg\"\n\t\t\ttarget=\"_blank\" rel=\"noopener noreferrer\" \t\t>\n\t\t\t<img \n\tdata-src=\"https:\/\/thebiopool.com\/wp-content\/uploads\/cancanterra-4-min-e1733745508143-768x626.jpg\" width=\"768\" height=\"626\" data-srcset=\"https:\/\/thebiopool.com\/wp-content\/uploads\/cancanterra-4-min-e1733745508143-768x626.jpg 768w, https:\/\/thebiopool.com\/wp-content\/uploads\/cancanterra-4-min-e1733745508143-300x245.jpg 300w, https:\/\/thebiopool.com\/wp-content\/uploads\/cancanterra-4-min-e1733745508143-1024x835.jpg 1024w, https:\/\/thebiopool.com\/wp-content\/uploads\/cancanterra-4-min-e1733745508143-1536x1252.jpg 1536w, https:\/\/thebiopool.com\/wp-content\/uploads\/cancanterra-4-min-e1733745508143-600x489.jpg 600w, https:\/\/thebiopool.com\/wp-content\/uploads\/cancanterra-4-min-e1733745508143.jpg 1840w\" data-sizes=\"(max-width: 768px) 100vw, 768px\" title=\"Can Tera by theBIOPOOL\" alt=\"Can Tera by theBIOPOOL\" \t\tclass=\"so-widget-image lazyload\" src=\"data:image\/svg+xml;base64,PHN2ZyB3aWR0aD0iMSIgaGVpZ2h0PSIxIiB4bWxucz0iaHR0cDovL3d3dy53My5vcmcvMjAwMC9zdmciPjwvc3ZnPg==\" style=\"--smush-placeholder-width: 768px; --smush-placeholder-aspect-ratio: 768\/626;\" \/>\n\t\t\t<\/a><\/div>\n\n<\/div><\/div><\/div><\/div><\/div><\/div><div id=\"pg-18806-2\"  class=\"panel-grid panel-has-style\" ><div class=\"panel-row-style panel-row-style-for-18806-2\" ><div id=\"pgc-18806-2-0\"  class=\"panel-grid-cell\" ><div id=\"panel-18806-2-0-0\" class=\"so-panel widget widget_sow-editor panel-first-child panel-last-child\" data-index=\"5\" ><div\n\t\t\t\n\t\t\tclass=\"so-widget-sow-editor so-widget-sow-editor-base\"\n\t\t\t\n\t\t>\n<div class=\"siteorigin-widget-tinymce textwidget\">\n\t<h3 style=\"text-align: center;\">weitere Bilder<\/h3>\n<\/div>\n<\/div><\/div><\/div><\/div><\/div><\/div>","protected":false},"excerpt":{"rendered":"<p>CAN CANTERA Reconversi&oacute;n de alberca existente en Santa Gertrudis, Ibiza. A&ntilde;o 2023 Superficie 70 m2 Prof. m&aacute;x. 3 m Filtraci&oacute;n lenta vertical Bomba de filtro 60w\/h Acabado:mortero flexible El objetivo fue mantener un &aacute;rea de la alberca como balsa de riego y crear otra zona como piscina naturalizada, aprovechando para ello la construcci&oacute;n ya realizada de los muros perimetrales y todas las instalaciones posibles. Para ello se dividi&oacute; el espacio interior en 4 &aacute;reas mediante muros de hormig&oacute;n armado, obteniendo as&iacute; la separaci&oacute;n entre balsa de riego y piscina, y entre el &aacute;rea de nado y el filtro de grava.&hellip;<\/p>\n","protected":false},"author":1,"featured_media":0,"parent":0,"menu_order":0,"comment_status":"closed","ping_status":"closed","template":"","meta":{"footnotes":""},"class_list":["post-18806","page","type-page","status-publish","hentry"],"yoast_head":"<!-- This site is optimized with the Yoast SEO plugin v27.5 - https:\/\/yoast.com\/product\/yoast-seo-wordpress\/ -->\n<title>can pep - Experts for natural ponds<\/title>\n<meta name=\"description\" content=\"(English) If you want a natural and healthy water experience as a pool or pond owner in Ibiza we are your no.1 planer and builder\" \/>\n<meta name=\"robots\" content=\"index, follow, max-snippet:-1, max-image-preview:large, max-video-preview:-1\" \/>\n<link rel=\"canonical\" href=\"https:\/\/thebiopool.com\/es\/can-cantera\/\" \/>\n<meta property=\"og:locale\" content=\"es_ES\" \/>\n<meta property=\"og:type\" content=\"article\" \/>\n<meta property=\"og:title\" content=\"can pep - Experts for natural ponds\" \/>\n<meta property=\"og:description\" content=\"(English) If you want a natural and healthy water experience as a pool or pond owner in Ibiza we are your no.1 planer and builder\" \/>\n<meta property=\"og:url\" content=\"https:\/\/thebiopool.com\/es\/can-cantera\/\" \/>\n<meta property=\"og:site_name\" content=\"expertos en piscinas y estanques naturales\" \/>\n<meta property=\"article:publisher\" content=\"https:\/\/www.facebook.com\/Naturaleza-y-Arte-Stefan-Meier-162702410430553\/\" \/>\n<meta property=\"article:modified_time\" content=\"2025-03-27T10:32:54+00:00\" \/>\n<meta name=\"twitter:card\" content=\"summary_large_image\" \/>\n<meta name=\"twitter:label1\" content=\"Tiempo de lectura\" \/>\n\t<meta name=\"twitter:data1\" content=\"3 minutos\" \/>\n<script type=\"application\/ld+json\" class=\"yoast-schema-graph\">{\"@context\":\"https:\\\/\\\/schema.org\",\"@graph\":[{\"@type\":\"WebPage\",\"@id\":\"https:\\\/\\\/thebiopool.com\\\/es\\\/can-cantera\\\/\",\"url\":\"https:\\\/\\\/thebiopool.com\\\/es\\\/can-cantera\\\/\",\"name\":\"can pep - Experts for natural ponds\",\"isPartOf\":{\"@id\":\"https:\\\/\\\/thebiopool.com\\\/es\\\/#website\"},\"datePublished\":\"2024-12-09T11:28:08+00:00\",\"dateModified\":\"2025-03-27T10:32:54+00:00\",\"description\":\"(English) If you want a natural and healthy water experience as a pool or pond owner in Ibiza we are your no.1 planer and builder\",\"breadcrumb\":{\"@id\":\"https:\\\/\\\/thebiopool.com\\\/es\\\/can-cantera\\\/#breadcrumb\"},\"inLanguage\":\"es\",\"potentialAction\":[{\"@type\":\"ReadAction\",\"target\":[[\"https:\\\/\\\/thebiopool.com\\\/es\\\/can-cantera\\\/\"]]}]},{\"@type\":\"BreadcrumbList\",\"@id\":\"https:\\\/\\\/thebiopool.com\\\/es\\\/can-cantera\\\/#breadcrumb\",\"itemListElement\":[{\"@type\":\"ListItem\",\"position\":1,\"name\":\"Home\",\"item\":\"https:\\\/\\\/thebiopool.com\\\/es\\\/\"},{\"@type\":\"ListItem\",\"position\":2,\"name\":\"CAN CANTERA\"}]},{\"@type\":\"WebSite\",\"@id\":\"https:\\\/\\\/thebiopool.com\\\/es\\\/#website\",\"url\":\"https:\\\/\\\/thebiopool.com\\\/es\\\/\",\"name\":\"TheBiopool\",\"description\":\"planificamos y creamos su estanque natural\",\"publisher\":{\"@id\":\"https:\\\/\\\/thebiopool.com\\\/es\\\/#organization\"},\"potentialAction\":[{\"@type\":\"SearchAction\",\"target\":{\"@type\":\"EntryPoint\",\"urlTemplate\":\"https:\\\/\\\/thebiopool.com\\\/es\\\/?s={search_term_string}\"},\"query-input\":{\"@type\":\"PropertyValueSpecification\",\"valueRequired\":true,\"valueName\":\"search_term_string\"}}],\"inLanguage\":\"es\"},{\"@type\":\"Organization\",\"@id\":\"https:\\\/\\\/thebiopool.com\\\/es\\\/#organization\",\"name\":\"TheBiopool\",\"url\":\"https:\\\/\\\/thebiopool.com\\\/es\\\/\",\"logo\":{\"@type\":\"ImageObject\",\"inLanguage\":\"es\",\"@id\":\"https:\\\/\\\/thebiopool.com\\\/es\\\/#\\\/schema\\\/logo\\\/image\\\/\",\"url\":\"https:\\\/\\\/thebiopool.com\\\/wp-content\\\/uploads\\\/logo-schatten-website-klein.png\",\"contentUrl\":\"https:\\\/\\\/thebiopool.com\\\/wp-content\\\/uploads\\\/logo-schatten-website-klein.png\",\"width\":220,\"height\":64,\"caption\":\"TheBiopool\"},\"image\":{\"@id\":\"https:\\\/\\\/thebiopool.com\\\/es\\\/#\\\/schema\\\/logo\\\/image\\\/\"},\"sameAs\":[\"https:\\\/\\\/www.facebook.com\\\/Naturaleza-y-Arte-Stefan-Meier-162702410430553\\\/\",\"https:\\\/\\\/www.instagram.com\\\/thebiopool\\\/\"]}]}<\/script>\n<!-- \/ Yoast SEO plugin. -->","yoast_head_json":{"title":"can pep - Experts for natural ponds","description":"(English) If you want a natural and healthy water experience as a pool or pond owner in Ibiza we are your no.1 planer and builder","robots":{"index":"index","follow":"follow","max-snippet":"max-snippet:-1","max-image-preview":"max-image-preview:large","max-video-preview":"max-video-preview:-1"},"canonical":"https:\/\/thebiopool.com\/es\/can-cantera\/","og_locale":"es_ES","og_type":"article","og_title":"can pep - Experts for natural ponds","og_description":"(English) If you want a natural and healthy water experience as a pool or pond owner in Ibiza we are your no.1 planer and builder","og_url":"https:\/\/thebiopool.com\/es\/can-cantera\/","og_site_name":"expertos en piscinas y estanques naturales","article_publisher":"https:\/\/www.facebook.com\/Naturaleza-y-Arte-Stefan-Meier-162702410430553\/","article_modified_time":"2025-03-27T10:32:54+00:00","twitter_card":"summary_large_image","twitter_misc":{"Tiempo de lectura":"3 minutos"},"schema":{"@context":"https:\/\/schema.org","@graph":[{"@type":"WebPage","@id":"https:\/\/thebiopool.com\/es\/can-cantera\/","url":"https:\/\/thebiopool.com\/es\/can-cantera\/","name":"can pep - Experts for natural ponds","isPartOf":{"@id":"https:\/\/thebiopool.com\/es\/#website"},"datePublished":"2024-12-09T11:28:08+00:00","dateModified":"2025-03-27T10:32:54+00:00","description":"(English) If you want a natural and healthy water experience as a pool or pond owner in Ibiza we are your no.1 planer and builder","breadcrumb":{"@id":"https:\/\/thebiopool.com\/es\/can-cantera\/#breadcrumb"},"inLanguage":"es","potentialAction":[{"@type":"ReadAction","target":[["https:\/\/thebiopool.com\/es\/can-cantera\/"]]}]},{"@type":"BreadcrumbList","@id":"https:\/\/thebiopool.com\/es\/can-cantera\/#breadcrumb","itemListElement":[{"@type":"ListItem","position":1,"name":"Home","item":"https:\/\/thebiopool.com\/es\/"},{"@type":"ListItem","position":2,"name":"CAN CANTERA"}]},{"@type":"WebSite","@id":"https:\/\/thebiopool.com\/es\/#website","url":"https:\/\/thebiopool.com\/es\/","name":"TheBiopool","description":"planificamos y creamos su estanque natural","publisher":{"@id":"https:\/\/thebiopool.com\/es\/#organization"},"potentialAction":[{"@type":"SearchAction","target":{"@type":"EntryPoint","urlTemplate":"https:\/\/thebiopool.com\/es\/?s={search_term_string}"},"query-input":{"@type":"PropertyValueSpecification","valueRequired":true,"valueName":"search_term_string"}}],"inLanguage":"es"},{"@type":"Organization","@id":"https:\/\/thebiopool.com\/es\/#organization","name":"TheBiopool","url":"https:\/\/thebiopool.com\/es\/","logo":{"@type":"ImageObject","inLanguage":"es","@id":"https:\/\/thebiopool.com\/es\/#\/schema\/logo\/image\/","url":"https:\/\/thebiopool.com\/wp-content\/uploads\/logo-schatten-website-klein.png","contentUrl":"https:\/\/thebiopool.com\/wp-content\/uploads\/logo-schatten-website-klein.png","width":220,"height":64,"caption":"TheBiopool"},"image":{"@id":"https:\/\/thebiopool.com\/es\/#\/schema\/logo\/image\/"},"sameAs":["https:\/\/www.facebook.com\/Naturaleza-y-Arte-Stefan-Meier-162702410430553\/","https:\/\/www.instagram.com\/thebiopool\/"]}]}},"_links":{"self":[{"href":"https:\/\/thebiopool.com\/es\/wp-json\/wp\/v2\/pages\/18806","targetHints":{"allow":["GET"]}}],"collection":[{"href":"https:\/\/thebiopool.com\/es\/wp-json\/wp\/v2\/pages"}],"about":[{"href":"https:\/\/thebiopool.com\/es\/wp-json\/wp\/v2\/types\/page"}],"author":[{"embeddable":true,"href":"https:\/\/thebiopool.com\/es\/wp-json\/wp\/v2\/users\/1"}],"replies":[{"embeddable":true,"href":"https:\/\/thebiopool.com\/es\/wp-json\/wp\/v2\/comments?post=18806"}],"version-history":[{"count":0,"href":"https:\/\/thebiopool.com\/es\/wp-json\/wp\/v2\/pages\/18806\/revisions"}],"wp:attachment":[{"href":"https:\/\/thebiopool.com\/es\/wp-json\/wp\/v2\/media?parent=18806"}],"curies":[{"name":"wp","href":"https:\/\/api.w.org\/{rel}","templated":true}]}}