{"id":18956,"date":"2025-02-12T12:25:24","date_gmt":"2025-02-12T11:25:24","guid":{"rendered":"https:\/\/thebiopool.com\/?page_id=18956"},"modified":"2025-03-27T11:36:43","modified_gmt":"2025-03-27T10:36:43","slug":"voeuja","status":"publish","type":"page","link":"https:\/\/thebiopool.com\/es\/voeuja\/","title":{"rendered":"Voeuja"},"content":{"rendered":"<div id=\"pl-18956\"  class=\"panel-layout\" ><div id=\"pg-18956-0\"  class=\"panel-grid panel-has-style\" ><div class=\"foobox siteorigin-panels-stretch panel-row-style panel-row-style-for-18956-0\" data-stretch-type=\"full-width-stretch\" ><div id=\"pgc-18956-0-0\"  class=\"panel-grid-cell\" ><div id=\"panel-18956-0-0-0\" class=\"so-panel widget widget_sow-image panel-first-child panel-last-child\" data-index=\"0\" ><div class=\"foobox panel-widget-style panel-widget-style-for-18956-0-0-0\" ><div\n\t\t\t\n\t\t\tclass=\"so-widget-sow-image so-widget-sow-image-default-3a2476c0e107-18956\"\n\t\t\t\n\t\t>\n<div class=\"sow-image-container\">\n\t\t<img \n\tdata-src=\"https:\/\/thebiopool.com\/wp-content\/uploads\/veouja-main-1800.jpg\" width=\"1900\" height=\"1425\" data-srcset=\"https:\/\/thebiopool.com\/wp-content\/uploads\/veouja-main-1800.jpg 1900w, https:\/\/thebiopool.com\/wp-content\/uploads\/veouja-main-1800-300x225.jpg 300w, https:\/\/thebiopool.com\/wp-content\/uploads\/veouja-main-1800-1024x768.jpg 1024w, https:\/\/thebiopool.com\/wp-content\/uploads\/veouja-main-1800-768x576.jpg 768w, https:\/\/thebiopool.com\/wp-content\/uploads\/veouja-main-1800-1536x1152.jpg 1536w, https:\/\/thebiopool.com\/wp-content\/uploads\/veouja-main-1800-600x450.jpg 600w\" data-sizes=\"(max-width: 1900px) 100vw, 1900px\" title=\"veouja main 1800\" alt=\"\" \t\tclass=\"so-widget-image lazyload\" src=\"data:image\/svg+xml;base64,PHN2ZyB3aWR0aD0iMSIgaGVpZ2h0PSIxIiB4bWxucz0iaHR0cDovL3d3dy53My5vcmcvMjAwMC9zdmciPjwvc3ZnPg==\" style=\"--smush-placeholder-width: 1900px; --smush-placeholder-aspect-ratio: 1900\/1425;\" \/>\n\t<\/div>\n\n<\/div><\/div><\/div><\/div><div id=\"pgc-18956-0-1\"  class=\"panel-grid-cell\" ><div id=\"panel-18956-0-1-0\" class=\"so-panel widget widget_sow-editor panel-first-child panel-last-child\" data-index=\"1\" ><div class=\"panel-widget-style panel-widget-style-for-18956-0-1-0\" ><div\n\t\t\t\n\t\t\tclass=\"so-widget-sow-editor so-widget-sow-editor-base\"\n\t\t\t\n\t\t>\n<div class=\"siteorigin-widget-tinymce textwidget\">\n\t<h3 style=\"text-align: right;\"><strong><span style=\"color: #ffffff;\">VOEUJA<\/span><\/strong><\/h3>\n<p>Esta piscina biologica con una vista impresionante del lago Maggiore y los Alpes est\u00e1 disponible para los hu\u00e9spedes de Agriturismo VOEUJA. Voeuja se encuentra a solo 5 minutos en coche del centro de Luino y a una hora del aeropuerto de Malpensa. Si est\u00e1s interesado en unas vacaciones en este encantador hotel rural o quieres disfrutar de un men\u00fa gourmet en el que el chef sirve productos locales y de cultivo ecol\u00f3gico de su propia producci\u00f3n, aqu\u00ed encontrar\u00e1s toda la informaci\u00f3n: <a href=\"http:\/\/www.voeuja.it\">www.voeuja.it <\/a><br \/>\nLa planificaci\u00f3n comenz\u00f3 en 2018 y la ejecuci\u00f3n fue llevada a cabo por el propio cliente en 2021. El estanque de nataci\u00f3n, que est\u00e1 dise\u00f1ado para un m\u00e1ximo de 20 ba\u00f1istas por d\u00eda, se calcul\u00f3 de acuerdo con las directrices alemanas FLL para estanques de nataci\u00f3n p\u00fablicos. La calidad del agua y la higiene deseadas se garantizan con la ayuda de un filtro de grava de flujo lento en combinaci\u00f3n con un \u00e1rea de regeneraci\u00f3n de 2,5 m de profundidad con plantas acu\u00e1ticas aut\u00f3ctonas y respaldada por un reactor de biopel\u00edcula.<br \/>\nEn los meses m\u00e1s fr\u00edos, la biopiscina se calienta con energ\u00eda solar y una bomba de calor.<\/p>\n<\/div>\n<\/div><\/div><\/div><\/div><\/div><\/div><div id=\"pg-18956-1\"  class=\"panel-grid panel-has-style\" ><div class=\"siteorigin-panels-stretch panel-row-style panel-row-style-for-18956-1\" data-stretch-type=\"full-width-stretch\" ><div id=\"pgc-18956-1-0\"  class=\"panel-grid-cell\" ><div id=\"panel-18956-1-0-0\" class=\"so-panel widget widget_sow-image panel-first-child panel-last-child\" data-index=\"2\" ><div class=\"foobox panel-widget-style panel-widget-style-for-18956-1-0-0\" ><div\n\t\t\t\n\t\t\tclass=\"so-widget-sow-image so-widget-sow-image-default-a258e6bfa2d8-18956\"\n\t\t\t\n\t\t>\n<div class=\"sow-image-container\">\n\t\t\t<a href=\"https:\/\/thebiopool.com\/wp-content\/uploads\/VOEUJA-BY-theBIOPOOL-e1740761899253.jpeg\"\n\t\t\t\t\t>\n\t\t\t<img \n\tdata-src=\"https:\/\/thebiopool.com\/wp-content\/uploads\/VOEUJA-BY-theBIOPOOL-e1740761899253.jpeg\" width=\"768\" height=\"768\" data-srcset=\"https:\/\/thebiopool.com\/wp-content\/uploads\/VOEUJA-BY-theBIOPOOL-e1740761899253.jpeg 768w, https:\/\/thebiopool.com\/wp-content\/uploads\/VOEUJA-BY-theBIOPOOL-e1740761899253-300x300.jpeg 300w, https:\/\/thebiopool.com\/wp-content\/uploads\/VOEUJA-BY-theBIOPOOL-e1740761899253-150x150.jpeg 150w, https:\/\/thebiopool.com\/wp-content\/uploads\/VOEUJA-BY-theBIOPOOL-e1740761899253-600x600.jpeg 600w\" data-sizes=\"(max-width: 768px) 100vw, 768px\" title=\"AGRITURISMO VOEUJA\" alt=\"\" \t\tclass=\"so-widget-image lazyload\" src=\"data:image\/svg+xml;base64,PHN2ZyB3aWR0aD0iMSIgaGVpZ2h0PSIxIiB4bWxucz0iaHR0cDovL3d3dy53My5vcmcvMjAwMC9zdmciPjwvc3ZnPg==\" style=\"--smush-placeholder-width: 768px; --smush-placeholder-aspect-ratio: 768\/768;\" \/>\n\t\t\t<\/a><\/div>\n\n<\/div><\/div><\/div><\/div><div id=\"pgc-18956-1-1\"  class=\"panel-grid-cell\" ><div id=\"panel-18956-1-1-0\" class=\"so-panel widget widget_sow-image panel-first-child panel-last-child\" data-index=\"3\" ><div class=\"foobox panel-widget-style panel-widget-style-for-18956-1-1-0\" ><div\n\t\t\t\n\t\t\tclass=\"so-widget-sow-image so-widget-sow-image-default-c4f6304fc136-18956\"\n\t\t\t\n\t\t>\n<div class=\"sow-image-container\">\n\t\t\t<a href=\"https:\/\/thebiopool.com\/wp-content\/uploads\/veouja-pic2-1500.jpg\"\n\t\t\t\t\t>\n\t\t\t<img \n\tdata-src=\"https:\/\/thebiopool.com\/wp-content\/uploads\/veouja-pic2-1500-e1739361203754.jpg\" width=\"1500\" height=\"1500\" data-srcset=\"https:\/\/thebiopool.com\/wp-content\/uploads\/veouja-pic2-1500-e1739361203754.jpg 1500w, https:\/\/thebiopool.com\/wp-content\/uploads\/veouja-pic2-1500-e1739361203754-300x300.jpg 300w, https:\/\/thebiopool.com\/wp-content\/uploads\/veouja-pic2-1500-e1739361203754-1024x1024.jpg 1024w, https:\/\/thebiopool.com\/wp-content\/uploads\/veouja-pic2-1500-e1739361203754-150x150.jpg 150w, https:\/\/thebiopool.com\/wp-content\/uploads\/veouja-pic2-1500-e1739361203754-768x768.jpg 768w, https:\/\/thebiopool.com\/wp-content\/uploads\/veouja-pic2-1500-e1739361203754-600x600.jpg 600w\" data-sizes=\"(max-width: 1500px) 100vw, 1500px\" title=\"AGRITURISMO VOEUJA\" alt=\"\" \t\tclass=\"so-widget-image lazyload\" src=\"data:image\/svg+xml;base64,PHN2ZyB3aWR0aD0iMSIgaGVpZ2h0PSIxIiB4bWxucz0iaHR0cDovL3d3dy53My5vcmcvMjAwMC9zdmciPjwvc3ZnPg==\" style=\"--smush-placeholder-width: 1500px; --smush-placeholder-aspect-ratio: 1500\/1500;\" \/>\n\t\t\t<\/a><\/div>\n\n<\/div><\/div><\/div><\/div><div id=\"pgc-18956-1-2\"  class=\"panel-grid-cell\" ><div id=\"panel-18956-1-2-0\" class=\"so-panel widget widget_sow-image panel-first-child panel-last-child\" data-index=\"4\" ><div class=\"foobox panel-widget-style panel-widget-style-for-18956-1-2-0\" ><div\n\t\t\t\n\t\t\tclass=\"so-widget-sow-image so-widget-sow-image-default-6ec9e3772f75-18956\"\n\t\t\t\n\t\t>\n<div class=\"sow-image-container\">\n\t\t\t<a href=\"https:\/\/thebiopool.com\/wp-content\/uploads\/veouja-pic3-1500.jpg\"\n\t\t\ttarget=\"_blank\" rel=\"noopener noreferrer\" \t\t>\n\t\t\t<img \n\tdata-src=\"https:\/\/thebiopool.com\/wp-content\/uploads\/veouja-pic3-1500-e1739361259644.jpg\" width=\"1470\" height=\"1200\" data-srcset=\"https:\/\/thebiopool.com\/wp-content\/uploads\/veouja-pic3-1500-e1739361259644.jpg 1470w, https:\/\/thebiopool.com\/wp-content\/uploads\/veouja-pic3-1500-e1739361259644-300x245.jpg 300w, https:\/\/thebiopool.com\/wp-content\/uploads\/veouja-pic3-1500-e1739361259644-1024x836.jpg 1024w, https:\/\/thebiopool.com\/wp-content\/uploads\/veouja-pic3-1500-e1739361259644-768x627.jpg 768w, https:\/\/thebiopool.com\/wp-content\/uploads\/veouja-pic3-1500-e1739361259644-600x490.jpg 600w\" data-sizes=\"(max-width: 1470px) 100vw, 1470px\" title=\"AGRITURISMO VOEUJA\" alt=\"\" \t\tclass=\"so-widget-image lazyload\" src=\"data:image\/svg+xml;base64,PHN2ZyB3aWR0aD0iMSIgaGVpZ2h0PSIxIiB4bWxucz0iaHR0cDovL3d3dy53My5vcmcvMjAwMC9zdmciPjwvc3ZnPg==\" style=\"--smush-placeholder-width: 1470px; --smush-placeholder-aspect-ratio: 1470\/1200;\" \/>\n\t\t\t<\/a><\/div>\n\n<\/div><\/div><\/div><\/div><\/div><\/div><div id=\"pg-18956-2\"  class=\"panel-grid panel-no-style\" ><div id=\"pgc-18956-2-0\"  class=\"panel-grid-cell\" ><div id=\"panel-18956-2-0-0\" class=\"so-panel widget widget_sow-editor panel-first-child panel-last-child\" data-index=\"5\" ><div\n\t\t\t\n\t\t\tclass=\"so-widget-sow-editor so-widget-sow-editor-base\"\n\t\t\t\n\t\t>\n<div class=\"siteorigin-widget-tinymce textwidget\">\n\t<h3 style=\"text-align: center;\">weitere Bilder<\/h3>\n<\/div>\n<\/div><\/div><\/div><\/div><\/div>","protected":false},"excerpt":{"rendered":"<p>VOEUJA Esta piscina biologica con una vista impresionante del lago Maggiore y los Alpes est&aacute; disponible para los hu&eacute;spedes de Agriturismo VOEUJA. Voeuja se encuentra a solo 5 minutos en coche del centro de Luino y a una hora del aeropuerto de Malpensa. Si est&aacute;s interesado en unas vacaciones en este encantador hotel rural o quieres disfrutar de un men&uacute; gourmet en el que el chef sirve productos locales y de cultivo ecol&oacute;gico de su propia producci&oacute;n, aqu&iacute; encontrar&aacute;s toda la informaci&oacute;n: www.voeuja.it La planificaci&oacute;n comenz&oacute; en 2018 y la ejecuci&oacute;n fue llevada a cabo por el propio cliente en&hellip;<\/p>\n","protected":false},"author":1,"featured_media":0,"parent":0,"menu_order":0,"comment_status":"closed","ping_status":"closed","template":"","meta":{"footnotes":""},"class_list":["post-18956","page","type-page","status-publish","hentry"],"yoast_head":"<!-- This site is optimized with the Yoast SEO plugin v27.2 - https:\/\/yoast.com\/product\/yoast-seo-wordpress\/ -->\n<title>(English) Voeuja - Experts for natural ponds<\/title>\n<meta name=\"description\" content=\"(English) If you want a natural and healthy water experience as a pool or pond owner in Ibiza we are your no.1 planer and builder\" \/>\n<meta name=\"robots\" content=\"index, follow, max-snippet:-1, max-image-preview:large, max-video-preview:-1\" \/>\n<link rel=\"canonical\" href=\"https:\/\/thebiopool.com\/es\/voeuja\/\" \/>\n<meta property=\"og:locale\" content=\"es_ES\" \/>\n<meta property=\"og:type\" content=\"article\" \/>\n<meta property=\"og:title\" content=\"(English) Voeuja - Experts for natural ponds\" \/>\n<meta property=\"og:description\" content=\"(English) If you want a natural and healthy water experience as a pool or pond owner in Ibiza we are your no.1 planer and builder\" \/>\n<meta property=\"og:url\" content=\"https:\/\/thebiopool.com\/es\/voeuja\/\" \/>\n<meta property=\"og:site_name\" content=\"expertos en piscinas y estanques naturales\" \/>\n<meta property=\"article:publisher\" content=\"https:\/\/www.facebook.com\/Naturaleza-y-Arte-Stefan-Meier-162702410430553\/\" \/>\n<meta property=\"article:modified_time\" content=\"2025-03-27T10:36:43+00:00\" \/>\n<meta name=\"twitter:card\" content=\"summary_large_image\" \/>\n<meta name=\"twitter:label1\" content=\"Tiempo de lectura\" \/>\n\t<meta name=\"twitter:data1\" content=\"4 minutos\" \/>\n<script type=\"application\/ld+json\" class=\"yoast-schema-graph\">{\"@context\":\"https:\/\/schema.org\",\"@graph\":[{\"@type\":\"WebPage\",\"@id\":\"https:\/\/thebiopool.com\/es\/voeuja\/\",\"url\":\"https:\/\/thebiopool.com\/es\/voeuja\/\",\"name\":\"(English) Voeuja - Experts for natural ponds\",\"isPartOf\":{\"@id\":\"https:\/\/thebiopool.com\/es\/#website\"},\"datePublished\":\"2025-02-12T11:25:24+00:00\",\"dateModified\":\"2025-03-27T10:36:43+00:00\",\"description\":\"(English) If you want a natural and healthy water experience as a pool or pond owner in Ibiza we are your no.1 planer and builder\",\"breadcrumb\":{\"@id\":\"https:\/\/thebiopool.com\/es\/voeuja\/#breadcrumb\"},\"inLanguage\":\"es\",\"potentialAction\":[{\"@type\":\"ReadAction\",\"target\":[[\"https:\/\/thebiopool.com\/es\/voeuja\/\"]]}]},{\"@type\":\"BreadcrumbList\",\"@id\":\"https:\/\/thebiopool.com\/es\/voeuja\/#breadcrumb\",\"itemListElement\":[{\"@type\":\"ListItem\",\"position\":1,\"name\":\"Home\",\"item\":\"https:\/\/thebiopool.com\/es\/\"},{\"@type\":\"ListItem\",\"position\":2,\"name\":\"Voeuja\"}]},{\"@type\":\"WebSite\",\"@id\":\"https:\/\/thebiopool.com\/es\/#website\",\"url\":\"https:\/\/thebiopool.com\/es\/\",\"name\":\"TheBiopool\",\"description\":\"planificamos y creamos su estanque natural\",\"publisher\":{\"@id\":\"https:\/\/thebiopool.com\/es\/#organization\"},\"potentialAction\":[{\"@type\":\"SearchAction\",\"target\":{\"@type\":\"EntryPoint\",\"urlTemplate\":\"https:\/\/thebiopool.com\/es\/?s={search_term_string}\"},\"query-input\":{\"@type\":\"PropertyValueSpecification\",\"valueRequired\":true,\"valueName\":\"search_term_string\"}}],\"inLanguage\":\"es\"},{\"@type\":\"Organization\",\"@id\":\"https:\/\/thebiopool.com\/es\/#organization\",\"name\":\"TheBiopool\",\"url\":\"https:\/\/thebiopool.com\/es\/\",\"logo\":{\"@type\":\"ImageObject\",\"inLanguage\":\"es\",\"@id\":\"https:\/\/thebiopool.com\/es\/#\/schema\/logo\/image\/\",\"url\":\"https:\/\/thebiopool.com\/wp-content\/uploads\/logo-schatten-website-klein.png\",\"contentUrl\":\"https:\/\/thebiopool.com\/wp-content\/uploads\/logo-schatten-website-klein.png\",\"width\":220,\"height\":64,\"caption\":\"TheBiopool\"},\"image\":{\"@id\":\"https:\/\/thebiopool.com\/es\/#\/schema\/logo\/image\/\"},\"sameAs\":[\"https:\/\/www.facebook.com\/Naturaleza-y-Arte-Stefan-Meier-162702410430553\/\",\"https:\/\/www.instagram.com\/thebiopool\/\"]}]}<\/script>\n<!-- \/ Yoast SEO plugin. -->","yoast_head_json":{"title":"(English) Voeuja - Experts for natural ponds","description":"(English) If you want a natural and healthy water experience as a pool or pond owner in Ibiza we are your no.1 planer and builder","robots":{"index":"index","follow":"follow","max-snippet":"max-snippet:-1","max-image-preview":"max-image-preview:large","max-video-preview":"max-video-preview:-1"},"canonical":"https:\/\/thebiopool.com\/es\/voeuja\/","og_locale":"es_ES","og_type":"article","og_title":"(English) Voeuja - Experts for natural ponds","og_description":"(English) If you want a natural and healthy water experience as a pool or pond owner in Ibiza we are your no.1 planer and builder","og_url":"https:\/\/thebiopool.com\/es\/voeuja\/","og_site_name":"expertos en piscinas y estanques naturales","article_publisher":"https:\/\/www.facebook.com\/Naturaleza-y-Arte-Stefan-Meier-162702410430553\/","article_modified_time":"2025-03-27T10:36:43+00:00","twitter_card":"summary_large_image","twitter_misc":{"Tiempo de lectura":"4 minutos"},"schema":{"@context":"https:\/\/schema.org","@graph":[{"@type":"WebPage","@id":"https:\/\/thebiopool.com\/es\/voeuja\/","url":"https:\/\/thebiopool.com\/es\/voeuja\/","name":"(English) Voeuja - Experts for natural ponds","isPartOf":{"@id":"https:\/\/thebiopool.com\/es\/#website"},"datePublished":"2025-02-12T11:25:24+00:00","dateModified":"2025-03-27T10:36:43+00:00","description":"(English) If you want a natural and healthy water experience as a pool or pond owner in Ibiza we are your no.1 planer and builder","breadcrumb":{"@id":"https:\/\/thebiopool.com\/es\/voeuja\/#breadcrumb"},"inLanguage":"es","potentialAction":[{"@type":"ReadAction","target":[["https:\/\/thebiopool.com\/es\/voeuja\/"]]}]},{"@type":"BreadcrumbList","@id":"https:\/\/thebiopool.com\/es\/voeuja\/#breadcrumb","itemListElement":[{"@type":"ListItem","position":1,"name":"Home","item":"https:\/\/thebiopool.com\/es\/"},{"@type":"ListItem","position":2,"name":"Voeuja"}]},{"@type":"WebSite","@id":"https:\/\/thebiopool.com\/es\/#website","url":"https:\/\/thebiopool.com\/es\/","name":"TheBiopool","description":"planificamos y creamos su estanque natural","publisher":{"@id":"https:\/\/thebiopool.com\/es\/#organization"},"potentialAction":[{"@type":"SearchAction","target":{"@type":"EntryPoint","urlTemplate":"https:\/\/thebiopool.com\/es\/?s={search_term_string}"},"query-input":{"@type":"PropertyValueSpecification","valueRequired":true,"valueName":"search_term_string"}}],"inLanguage":"es"},{"@type":"Organization","@id":"https:\/\/thebiopool.com\/es\/#organization","name":"TheBiopool","url":"https:\/\/thebiopool.com\/es\/","logo":{"@type":"ImageObject","inLanguage":"es","@id":"https:\/\/thebiopool.com\/es\/#\/schema\/logo\/image\/","url":"https:\/\/thebiopool.com\/wp-content\/uploads\/logo-schatten-website-klein.png","contentUrl":"https:\/\/thebiopool.com\/wp-content\/uploads\/logo-schatten-website-klein.png","width":220,"height":64,"caption":"TheBiopool"},"image":{"@id":"https:\/\/thebiopool.com\/es\/#\/schema\/logo\/image\/"},"sameAs":["https:\/\/www.facebook.com\/Naturaleza-y-Arte-Stefan-Meier-162702410430553\/","https:\/\/www.instagram.com\/thebiopool\/"]}]}},"_links":{"self":[{"href":"https:\/\/thebiopool.com\/es\/wp-json\/wp\/v2\/pages\/18956","targetHints":{"allow":["GET"]}}],"collection":[{"href":"https:\/\/thebiopool.com\/es\/wp-json\/wp\/v2\/pages"}],"about":[{"href":"https:\/\/thebiopool.com\/es\/wp-json\/wp\/v2\/types\/page"}],"author":[{"embeddable":true,"href":"https:\/\/thebiopool.com\/es\/wp-json\/wp\/v2\/users\/1"}],"replies":[{"embeddable":true,"href":"https:\/\/thebiopool.com\/es\/wp-json\/wp\/v2\/comments?post=18956"}],"version-history":[{"count":0,"href":"https:\/\/thebiopool.com\/es\/wp-json\/wp\/v2\/pages\/18956\/revisions"}],"wp:attachment":[{"href":"https:\/\/thebiopool.com\/es\/wp-json\/wp\/v2\/media?parent=18956"}],"curies":[{"name":"wp","href":"https:\/\/api.w.org\/{rel}","templated":true}]}}