{"id":18985,"date":"2025-02-26T12:20:46","date_gmt":"2025-02-26T11:20:46","guid":{"rendered":"https:\/\/thebiopool.com\/?page_id=18985"},"modified":"2025-05-07T15:14:09","modified_gmt":"2025-05-07T13:14:09","slug":"fito","status":"publish","type":"page","link":"https:\/\/thebiopool.com\/es\/fito\/","title":{"rendered":"Fitodepuraci\u00f3n"},"content":{"rendered":"<div id=\"pl-18985\"  class=\"panel-layout\" ><div id=\"pg-18985-0\"  class=\"panel-grid panel-has-style\" ><div class=\"siteorigin-panels-stretch panel-row-style panel-row-style-for-18985-0\" data-stretch-type=\"full-width-stretch\" ><div id=\"pgc-18985-0-0\"  class=\"panel-grid-cell\" ><div id=\"panel-18985-0-0-0\" class=\"so-panel widget widget_sow-editor panel-first-child panel-last-child\" data-index=\"0\" ><div class=\"panel-widget-style panel-widget-style-for-18985-0-0-0\" ><div\n\t\t\t\n\t\t\tclass=\"so-widget-sow-editor so-widget-sow-editor-base\"\n\t\t\t\n\t\t>\n<div class=\"siteorigin-widget-tinymce textwidget\">\n\t<p>&nbsp;<\/p>\n<p>&nbsp;<\/p>\n<p>&nbsp;<\/p>\n<h1><span style=\"color: #ffffff;text-shadow: 2px 2px #000000;\">FITODEPURACION<br \/>Reciclaje de aguas residuales domesticas<\/span><\/h1>\n<\/div>\n<\/div><\/div><\/div><\/div><\/div><\/div><div id=\"pg-18985-1\"  class=\"panel-grid panel-has-style\" ><div class=\"siteorigin-panels-stretch panel-row-style panel-row-style-for-18985-1\" data-stretch-type=\"full-width-stretch\" ><div id=\"pgc-18985-1-0\"  class=\"panel-grid-cell\" ><div id=\"panel-18985-1-0-0\" class=\"so-panel widget widget_sow-editor panel-first-child\" data-index=\"1\" ><div class=\"panel-widget-style panel-widget-style-for-18985-1-0-0\" ><div\n\t\t\t\n\t\t\tclass=\"so-widget-sow-editor so-widget-sow-editor-base\"\n\t\t\t\n\t\t>\n<div class=\"siteorigin-widget-tinymce textwidget\">\n\t<p><span style=\"font-size: 120%;\">La fitodepuraci\u00f3n es una tecnolog\u00eda sostenible que utiliza plantas palustres y microorganismos para tratar aguas residuales. Inspirada en los procesos naturales de depuraci\u00f3n de la naturaleza, esta t\u00e9cnica permite transformar las aguas sucias de la vivienda en agua limpia y reutilizable, apta para usos como el riego de jardines y espacios verdes.<br \/>\nLas aguas residuales per-tratadas por una fosa s\u00e9ptica fluyen a trav\u00e9s de lechos de grava con vegetaci\u00f3n espec\u00edfica, especialmente dise\u00f1ados donde los microorganismos y plantas presentes act\u00faan en simbiosis para:<br \/>\nFiltrar s\u00f3lidos y part\u00edculas suspendidas.<\/span><\/p>\n<ul>\n<li><span style=\"font-size: 120%;\">Degradar y eliminar bacterias fecales a trav\u00e9s de procesos biol\u00f3gicos.<\/span><\/li>\n<li><span style=\"font-size: 120%;\">Absorber nutrientes como nitratos y fosfatos, necesarios para su crecimiento.<\/span><\/li>\n<li><span style=\"font-size: 120%;\">Oxigenar el agua y crear un entorno favorable para la descomposici\u00f3n de materia org\u00e1nica.<\/span><\/li>\n<\/ul>\n<p>&nbsp;<\/p><\/p>\n<\/div>\n<\/div><\/div><\/div><div id=\"panel-18985-1-0-1\" class=\"so-panel widget widget_sow-editor panel-last-child\" data-index=\"2\" ><div class=\"panel-widget-style panel-widget-style-for-18985-1-0-1\" ><div\n\t\t\t\n\t\t\tclass=\"so-widget-sow-editor so-widget-sow-editor-base\"\n\t\t\t\n\t\t>\n<div class=\"siteorigin-widget-tinymce textwidget\">\n\t<h1 style=\"text-align: right;\"><img decoding=\"async\" class=\"size-full wp-image-18990 aligncenter lazyload\" data-src=\"https:\/\/thebiopool.com\/wp-content\/uploads\/fito-ESQ.png\" alt=\"\" width=\"1800\" height=\"320\" data-srcset=\"https:\/\/thebiopool.com\/wp-content\/uploads\/fito-ESQ.png 1800w, https:\/\/thebiopool.com\/wp-content\/uploads\/fito-ESQ-300x53.png 300w, https:\/\/thebiopool.com\/wp-content\/uploads\/fito-ESQ-1024x182.png 1024w, https:\/\/thebiopool.com\/wp-content\/uploads\/fito-ESQ-768x137.png 768w, https:\/\/thebiopool.com\/wp-content\/uploads\/fito-ESQ-1536x273.png 1536w, https:\/\/thebiopool.com\/wp-content\/uploads\/fito-ESQ-600x107.png 600w\" data-sizes=\"(max-width: 1800px) 100vw, 1800px\" src=\"data:image\/svg+xml;base64,PHN2ZyB3aWR0aD0iMSIgaGVpZ2h0PSIxIiB4bWxucz0iaHR0cDovL3d3dy53My5vcmcvMjAwMC9zdmciPjwvc3ZnPg==\" style=\"--smush-placeholder-width: 1800px; --smush-placeholder-aspect-ratio: 1800\/320;\" \/><\/h1>\n<\/div>\n<\/div><\/div><\/div><\/div><\/div><\/div><div id=\"pg-18985-2\"  class=\"panel-grid panel-has-style\" ><div class=\"siteorigin-panels-stretch panel-row-style panel-row-style-for-18985-2\" data-stretch-type=\"full-width-stretch\" ><div id=\"pgc-18985-2-0\"  class=\"panel-grid-cell\" ><div id=\"panel-18985-2-0-0\" class=\"so-panel widget widget_sow-editor panel-first-child\" data-index=\"3\" ><div class=\"panel-widget-style panel-widget-style-for-18985-2-0-0\" ><div\n\t\t\t\n\t\t\tclass=\"so-widget-sow-editor so-widget-sow-editor-base\"\n\t\t\t\n\t\t>\n<div class=\"siteorigin-widget-tinymce textwidget\">\n\t<\/div>\n<\/div><\/div><\/div><div id=\"panel-18985-2-0-1\" class=\"so-panel widget widget_sow-editor panel-last-child\" data-index=\"4\" ><div class=\"panel-widget-style panel-widget-style-for-18985-2-0-1\" ><div\n\t\t\t\n\t\t\tclass=\"so-widget-sow-editor so-widget-sow-editor-base\"\n\t\t\t\n\t\t>\n<div class=\"siteorigin-widget-tinymce textwidget\">\n\t<p><span style=\"font-size: 120%;\">Beneficios de la Fitodepuraci\u00f3n:<\/span><\/p>\n<ul>\n<li><span style=\"font-size: 120%;\">Eficiencia Ecol\u00f3gica: La fitodepuraci\u00f3n es una opci\u00f3n ecol\u00f3gica que aprovecha la capacidad natural de las plantas y los<br \/>\nmicroorganismos para tratar el agua, reduciendo la dependencia de productos qu\u00edmicos y energ\u00eda.<\/span><\/li>\n<li><span style=\"font-size: 120%;\">Reutilizaci\u00f3n del Agua: Permite el reciclaje seguro del agua tratada, convirti\u00e9ndola en una valiosa fuente de agua para<br \/>\nriego y otros usos no potables.<\/span><\/li>\n<li><span style=\"font-size: 120%;\">Mejora del Paisaje: Los sistemas de fitodepuraci\u00f3n pueden integrarse armoniosamente en jardines y \u00e1reas verdes,<br \/>\nmejorando la est\u00e9tica y la biodiversidad del entorno.<\/span><\/li>\n<li><span style=\"font-size: 120%;\">Costos Reducidos: A largo plazo, los sistemas de fitodepuraci\u00f3n requieren menos mantenimiento y costos operativos<br \/>\ncomparados con los tratamientos convencionales.<\/span><\/li>\n<\/ul>\n<\/div>\n<\/div><\/div><\/div><\/div><\/div><\/div><div id=\"pg-18985-3\"  class=\"panel-grid panel-has-style\" ><div class=\"siteorigin-panels-stretch panel-row-style panel-row-style-for-18985-3\" data-stretch-type=\"full-width-stretch\" ><div id=\"pgc-18985-3-0\"  class=\"panel-grid-cell\" ><div id=\"panel-18985-3-0-0\" class=\"so-panel widget widget_sow-editor panel-first-child\" data-index=\"5\" ><div class=\"panel-widget-style panel-widget-style-for-18985-3-0-0\" ><div\n\t\t\t\n\t\t\tclass=\"so-widget-sow-editor so-widget-sow-editor-base\"\n\t\t\t\n\t\t>\n<div class=\"siteorigin-widget-tinymce textwidget\">\n\t<\/div>\n<\/div><\/div><\/div><div id=\"panel-18985-3-0-1\" class=\"so-panel widget widget_sow-editor panel-last-child\" data-index=\"6\" ><div class=\"panel-widget-style panel-widget-style-for-18985-3-0-1\" ><div\n\t\t\t\n\t\t\tclass=\"so-widget-sow-editor so-widget-sow-editor-base\"\n\t\t\t\n\t\t>\n<div class=\"siteorigin-widget-tinymce textwidget\">\n\t<p><span style=\"font-size: 120%;\">Con el aumento de la demanda de agua y la actual situaci\u00f3n medioambiental, la fitodepuraci\u00f3n representa una herramienta esencial para la sostenibilidad h\u00eddrica. Al reciclar y reutilizar el agua en el hogar, se reduce la presi\u00f3n sobre los recursos h\u00eddricos y se promueve un uso m\u00e1s responsable y consciente del agua.<\/span><\/p><\/p>\n<\/div>\n<\/div><\/div><\/div><\/div><\/div><\/div><\/div>","protected":false},"excerpt":{"rendered":"<p>&nbsp; &nbsp; &nbsp; FITODEPURACIONReciclaje de aguas residuales domesticas La fitodepuraci&oacute;n es una tecnolog&iacute;a sostenible que utiliza plantas palustres y microorganismos para tratar aguas residuales. Inspirada en los procesos naturales de depuraci&oacute;n de la naturaleza, esta t&eacute;cnica permite transformar las aguas sucias de la vivienda en agua limpia y reutilizable, apta para usos como el riego de jardines y espacios verdes. Las aguas residuales per-tratadas por una fosa s&eacute;ptica fluyen a trav&eacute;s de lechos de grava con vegetaci&oacute;n espec&iacute;fica, especialmente dise&ntilde;ados donde los microorganismos y plantas presentes act&uacute;an en simbiosis para: Filtrar s&oacute;lidos y part&iacute;culas suspendidas. Degradar y eliminar bacterias fecales&hellip;<\/p>\n","protected":false},"author":1,"featured_media":0,"parent":0,"menu_order":0,"comment_status":"closed","ping_status":"closed","template":"","meta":{"footnotes":""},"class_list":["post-18985","page","type-page","status-publish","hentry"],"yoast_head":"<!-- This site is optimized with the Yoast SEO plugin v27.4 - https:\/\/yoast.com\/product\/yoast-seo-wordpress\/ -->\n<title>Fitodepuraci\u00f3n - expertos en piscinas y estanques naturales<\/title>\n<meta name=\"robots\" content=\"index, follow, max-snippet:-1, max-image-preview:large, max-video-preview:-1\" \/>\n<link rel=\"canonical\" href=\"https:\/\/thebiopool.com\/es\/fito\/\" \/>\n<meta property=\"og:locale\" content=\"es_ES\" \/>\n<meta property=\"og:type\" content=\"article\" \/>\n<meta property=\"og:title\" content=\"Fitodepuraci\u00f3n - expertos en piscinas y estanques naturales\" \/>\n<meta property=\"og:description\" content=\"&nbsp; &nbsp; &nbsp; FITODEPURACIONReciclaje de aguas residuales domesticas La fitodepuraci&oacute;n es una tecnolog&iacute;a sostenible que utiliza plantas palustres y microorganismos para tratar aguas residuales. Inspirada en los procesos naturales de depuraci&oacute;n de la naturaleza, esta t&eacute;cnica permite transformar las aguas sucias de la vivienda en agua limpia y reutilizable, apta para usos como el riego de jardines y espacios verdes. Las aguas residuales per-tratadas por una fosa s&eacute;ptica fluyen a trav&eacute;s de lechos de grava con vegetaci&oacute;n espec&iacute;fica, especialmente dise&ntilde;ados donde los microorganismos y plantas presentes act&uacute;an en simbiosis para: Filtrar s&oacute;lidos y part&iacute;culas suspendidas. Degradar y eliminar bacterias fecales&hellip;\" \/>\n<meta property=\"og:url\" content=\"https:\/\/thebiopool.com\/es\/fito\/\" \/>\n<meta property=\"og:site_name\" content=\"expertos en piscinas y estanques naturales\" \/>\n<meta property=\"article:publisher\" content=\"https:\/\/www.facebook.com\/Naturaleza-y-Arte-Stefan-Meier-162702410430553\/\" \/>\n<meta property=\"article:modified_time\" content=\"2025-05-07T13:14:09+00:00\" \/>\n<meta property=\"og:image\" content=\"https:\/\/thebiopool.com\/wp-content\/uploads\/fito-ESQ.png\" \/>\n\t<meta property=\"og:image:width\" content=\"1800\" \/>\n\t<meta property=\"og:image:height\" content=\"320\" \/>\n\t<meta property=\"og:image:type\" content=\"image\/png\" \/>\n<meta name=\"twitter:card\" content=\"summary_large_image\" \/>\n<meta name=\"twitter:label1\" content=\"Tiempo de lectura\" \/>\n\t<meta name=\"twitter:data1\" content=\"5 minutos\" \/>\n<script type=\"application\/ld+json\" class=\"yoast-schema-graph\">{\"@context\":\"https:\\\/\\\/schema.org\",\"@graph\":[{\"@type\":\"WebPage\",\"@id\":\"https:\\\/\\\/thebiopool.com\\\/es\\\/fito\\\/\",\"url\":\"https:\\\/\\\/thebiopool.com\\\/es\\\/fito\\\/\",\"name\":\"Fitodepuraci\u00f3n - expertos en piscinas y estanques naturales\",\"isPartOf\":{\"@id\":\"https:\\\/\\\/thebiopool.com\\\/es\\\/#website\"},\"primaryImageOfPage\":{\"@id\":\"https:\\\/\\\/thebiopool.com\\\/es\\\/fito\\\/#primaryimage\"},\"image\":{\"@id\":\"https:\\\/\\\/thebiopool.com\\\/fito\\\/#primaryimage\"},\"thumbnailUrl\":\"https:\\\/\\\/thebiopool.com\\\/wp-content\\\/uploads\\\/fito-ESQ.png\",\"datePublished\":\"2025-02-26T11:20:46+00:00\",\"dateModified\":\"2025-05-07T13:14:09+00:00\",\"breadcrumb\":{\"@id\":\"https:\\\/\\\/thebiopool.com\\\/es\\\/fito\\\/#breadcrumb\"},\"inLanguage\":\"es\",\"potentialAction\":[{\"@type\":\"ReadAction\",\"target\":[[\"https:\\\/\\\/thebiopool.com\\\/es\\\/fito\\\/\"]]}]},{\"@type\":\"ImageObject\",\"inLanguage\":\"es\",\"@id\":\"https:\\\/\\\/thebiopool.com\\\/es\\\/fito\\\/#primaryimage\",\"url\":\"https:\\\/\\\/thebiopool.com\\\/wp-content\\\/uploads\\\/fito-ESQ.png\",\"contentUrl\":\"https:\\\/\\\/thebiopool.com\\\/wp-content\\\/uploads\\\/fito-ESQ.png\"},{\"@type\":\"BreadcrumbList\",\"@id\":\"https:\\\/\\\/thebiopool.com\\\/es\\\/fito\\\/#breadcrumb\",\"itemListElement\":[{\"@type\":\"ListItem\",\"position\":1,\"name\":\"Home\",\"item\":\"https:\\\/\\\/thebiopool.com\\\/es\\\/\"},{\"@type\":\"ListItem\",\"position\":2,\"name\":\"Phitodepuracion\"}]},{\"@type\":\"WebSite\",\"@id\":\"https:\\\/\\\/thebiopool.com\\\/es\\\/#website\",\"url\":\"https:\\\/\\\/thebiopool.com\\\/es\\\/\",\"name\":\"TheBiopool\",\"description\":\"planificamos y creamos su estanque natural\",\"publisher\":{\"@id\":\"https:\\\/\\\/thebiopool.com\\\/es\\\/#organization\"},\"potentialAction\":[{\"@type\":\"SearchAction\",\"target\":{\"@type\":\"EntryPoint\",\"urlTemplate\":\"https:\\\/\\\/thebiopool.com\\\/es\\\/?s={search_term_string}\"},\"query-input\":{\"@type\":\"PropertyValueSpecification\",\"valueRequired\":true,\"valueName\":\"search_term_string\"}}],\"inLanguage\":\"es\"},{\"@type\":\"Organization\",\"@id\":\"https:\\\/\\\/thebiopool.com\\\/es\\\/#organization\",\"name\":\"TheBiopool\",\"url\":\"https:\\\/\\\/thebiopool.com\\\/es\\\/\",\"logo\":{\"@type\":\"ImageObject\",\"inLanguage\":\"es\",\"@id\":\"https:\\\/\\\/thebiopool.com\\\/es\\\/#\\\/schema\\\/logo\\\/image\\\/\",\"url\":\"https:\\\/\\\/thebiopool.com\\\/wp-content\\\/uploads\\\/logo-schatten-website-klein.png\",\"contentUrl\":\"https:\\\/\\\/thebiopool.com\\\/wp-content\\\/uploads\\\/logo-schatten-website-klein.png\",\"width\":220,\"height\":64,\"caption\":\"TheBiopool\"},\"image\":{\"@id\":\"https:\\\/\\\/thebiopool.com\\\/es\\\/#\\\/schema\\\/logo\\\/image\\\/\"},\"sameAs\":[\"https:\\\/\\\/www.facebook.com\\\/Naturaleza-y-Arte-Stefan-Meier-162702410430553\\\/\",\"https:\\\/\\\/www.instagram.com\\\/thebiopool\\\/\"]}]}<\/script>\n<!-- \/ Yoast SEO plugin. -->","yoast_head_json":{"title":"Fitodepuraci\u00f3n - expertos en piscinas y estanques naturales","robots":{"index":"index","follow":"follow","max-snippet":"max-snippet:-1","max-image-preview":"max-image-preview:large","max-video-preview":"max-video-preview:-1"},"canonical":"https:\/\/thebiopool.com\/es\/fito\/","og_locale":"es_ES","og_type":"article","og_title":"Fitodepuraci\u00f3n - expertos en piscinas y estanques naturales","og_description":"&nbsp; &nbsp; &nbsp; FITODEPURACIONReciclaje de aguas residuales domesticas La fitodepuraci&oacute;n es una tecnolog&iacute;a sostenible que utiliza plantas palustres y microorganismos para tratar aguas residuales. Inspirada en los procesos naturales de depuraci&oacute;n de la naturaleza, esta t&eacute;cnica permite transformar las aguas sucias de la vivienda en agua limpia y reutilizable, apta para usos como el riego de jardines y espacios verdes. Las aguas residuales per-tratadas por una fosa s&eacute;ptica fluyen a trav&eacute;s de lechos de grava con vegetaci&oacute;n espec&iacute;fica, especialmente dise&ntilde;ados donde los microorganismos y plantas presentes act&uacute;an en simbiosis para: Filtrar s&oacute;lidos y part&iacute;culas suspendidas. Degradar y eliminar bacterias fecales&hellip;","og_url":"https:\/\/thebiopool.com\/es\/fito\/","og_site_name":"expertos en piscinas y estanques naturales","article_publisher":"https:\/\/www.facebook.com\/Naturaleza-y-Arte-Stefan-Meier-162702410430553\/","article_modified_time":"2025-05-07T13:14:09+00:00","og_image":[{"width":1800,"height":320,"url":"https:\/\/thebiopool.com\/wp-content\/uploads\/fito-ESQ.png","type":"image\/png"}],"twitter_card":"summary_large_image","twitter_misc":{"Tiempo de lectura":"5 minutos"},"schema":{"@context":"https:\/\/schema.org","@graph":[{"@type":"WebPage","@id":"https:\/\/thebiopool.com\/es\/fito\/","url":"https:\/\/thebiopool.com\/es\/fito\/","name":"Fitodepuraci\u00f3n - expertos en piscinas y estanques naturales","isPartOf":{"@id":"https:\/\/thebiopool.com\/es\/#website"},"primaryImageOfPage":{"@id":"https:\/\/thebiopool.com\/es\/fito\/#primaryimage"},"image":{"@id":"https:\/\/thebiopool.com\/fito\/#primaryimage"},"thumbnailUrl":"https:\/\/thebiopool.com\/wp-content\/uploads\/fito-ESQ.png","datePublished":"2025-02-26T11:20:46+00:00","dateModified":"2025-05-07T13:14:09+00:00","breadcrumb":{"@id":"https:\/\/thebiopool.com\/es\/fito\/#breadcrumb"},"inLanguage":"es","potentialAction":[{"@type":"ReadAction","target":[["https:\/\/thebiopool.com\/es\/fito\/"]]}]},{"@type":"ImageObject","inLanguage":"es","@id":"https:\/\/thebiopool.com\/es\/fito\/#primaryimage","url":"https:\/\/thebiopool.com\/wp-content\/uploads\/fito-ESQ.png","contentUrl":"https:\/\/thebiopool.com\/wp-content\/uploads\/fito-ESQ.png"},{"@type":"BreadcrumbList","@id":"https:\/\/thebiopool.com\/es\/fito\/#breadcrumb","itemListElement":[{"@type":"ListItem","position":1,"name":"Home","item":"https:\/\/thebiopool.com\/es\/"},{"@type":"ListItem","position":2,"name":"Phitodepuracion"}]},{"@type":"WebSite","@id":"https:\/\/thebiopool.com\/es\/#website","url":"https:\/\/thebiopool.com\/es\/","name":"TheBiopool","description":"planificamos y creamos su estanque natural","publisher":{"@id":"https:\/\/thebiopool.com\/es\/#organization"},"potentialAction":[{"@type":"SearchAction","target":{"@type":"EntryPoint","urlTemplate":"https:\/\/thebiopool.com\/es\/?s={search_term_string}"},"query-input":{"@type":"PropertyValueSpecification","valueRequired":true,"valueName":"search_term_string"}}],"inLanguage":"es"},{"@type":"Organization","@id":"https:\/\/thebiopool.com\/es\/#organization","name":"TheBiopool","url":"https:\/\/thebiopool.com\/es\/","logo":{"@type":"ImageObject","inLanguage":"es","@id":"https:\/\/thebiopool.com\/es\/#\/schema\/logo\/image\/","url":"https:\/\/thebiopool.com\/wp-content\/uploads\/logo-schatten-website-klein.png","contentUrl":"https:\/\/thebiopool.com\/wp-content\/uploads\/logo-schatten-website-klein.png","width":220,"height":64,"caption":"TheBiopool"},"image":{"@id":"https:\/\/thebiopool.com\/es\/#\/schema\/logo\/image\/"},"sameAs":["https:\/\/www.facebook.com\/Naturaleza-y-Arte-Stefan-Meier-162702410430553\/","https:\/\/www.instagram.com\/thebiopool\/"]}]}},"_links":{"self":[{"href":"https:\/\/thebiopool.com\/es\/wp-json\/wp\/v2\/pages\/18985","targetHints":{"allow":["GET"]}}],"collection":[{"href":"https:\/\/thebiopool.com\/es\/wp-json\/wp\/v2\/pages"}],"about":[{"href":"https:\/\/thebiopool.com\/es\/wp-json\/wp\/v2\/types\/page"}],"author":[{"embeddable":true,"href":"https:\/\/thebiopool.com\/es\/wp-json\/wp\/v2\/users\/1"}],"replies":[{"embeddable":true,"href":"https:\/\/thebiopool.com\/es\/wp-json\/wp\/v2\/comments?post=18985"}],"version-history":[{"count":0,"href":"https:\/\/thebiopool.com\/es\/wp-json\/wp\/v2\/pages\/18985\/revisions"}],"wp:attachment":[{"href":"https:\/\/thebiopool.com\/es\/wp-json\/wp\/v2\/media?parent=18985"}],"curies":[{"name":"wp","href":"https:\/\/api.w.org\/{rel}","templated":true}]}}