{"id":19008,"date":"2025-02-28T13:13:45","date_gmt":"2025-02-28T12:13:45","guid":{"rendered":"https:\/\/thebiopool.com\/?page_id=19008"},"modified":"2025-02-28T14:00:43","modified_gmt":"2025-02-28T13:00:43","slug":"pluviales","status":"publish","type":"page","link":"https:\/\/thebiopool.com\/es\/pluviales\/","title":{"rendered":"PLUVIALES"},"content":{"rendered":"<div id=\"pl-19008\"  class=\"panel-layout\" ><div id=\"pg-19008-0\"  class=\"panel-grid panel-has-style\" ><div class=\"siteorigin-panels-stretch panel-row-style panel-row-style-for-19008-0\" data-stretch-type=\"full-width-stretch\" ><div id=\"pgc-19008-0-0\"  class=\"panel-grid-cell\" ><div id=\"panel-19008-0-0-0\" class=\"so-panel widget widget_sow-editor panel-first-child\" data-index=\"0\" ><div class=\"panel-widget-style panel-widget-style-for-19008-0-0-0\" ><div\n\t\t\t\n\t\t\tclass=\"so-widget-sow-editor so-widget-sow-editor-base\"\n\t\t\t\n\t\t>\n<div class=\"siteorigin-widget-tinymce textwidget\">\n\t<p>&nbsp;<\/p>\n<p>&nbsp;<\/p>\n<p>&nbsp;<\/p>\n<h1><span style=\"color: #ffffff;text-shadow: 2px 2px #000000;\">GESTION DE AQUAS PLUVIALES<br \/>Captaci\u00f3n, almacenaje y reutilizaci\u00f3n de aquas de lluvia<\/span><\/h1>\n<\/div>\n<\/div><\/div><\/div><div id=\"panel-19008-0-0-1\" class=\"so-panel widget widget_sow-editor panel-last-child\" data-index=\"1\" ><div class=\"panel-widget-style panel-widget-style-for-19008-0-0-1\" ><div\n\t\t\t\n\t\t\tclass=\"so-widget-sow-editor so-widget-sow-editor-base\"\n\t\t\t\n\t\t>\n<div class=\"siteorigin-widget-tinymce textwidget\">\n\t<p><span style=\"font-size: 120%;\"><br \/>\nLa captaci\u00f3n de aguas de lluvia es una estrategia clave para gestionar el agua de manera sostenible. Su recolecci\u00f3n implica capturar y almacenar el agua que se produce durante la \u00e9poca de precipitaciones, lo cual es crucial para asegurar el suministro mediante una gesti\u00f3n sostenible, especialmente en regiones donde las fuentes h\u00eddricas son limitadas. Pero la optimizaci\u00f3n de un sistema de aguas pluviales no solo implica un aumento del agua recolectada, sino tambi\u00e9n conlleva<br \/>\nla mejora del suelo y restauraci\u00f3n del medio natural.<br \/>\nMediante diversas t\u00e9cnicas, trabajamos en la mejora de la retenci\u00f3n y el uso de estas aguas, contribuyendo as\u00ed a la salud del ecosistema.<br \/>\n<\/span><\/p>\n<\/div>\n<\/div><\/div><\/div><\/div><\/div><\/div><div id=\"pg-19008-1\"  class=\"panel-grid panel-has-style\" ><div class=\"siteorigin-panels-stretch panel-row-style panel-row-style-for-19008-1\" data-stretch-type=\"full-width-stretch\" ><div id=\"pgc-19008-1-0\"  class=\"panel-grid-cell\" ><div id=\"panel-19008-1-0-0\" class=\"so-panel widget widget_sow-editor panel-first-child\" data-index=\"2\" ><div class=\"panel-widget-style panel-widget-style-for-19008-1-0-0\" ><div\n\t\t\t\n\t\t\tclass=\"so-widget-sow-editor so-widget-sow-editor-base\"\n\t\t\t\n\t\t>\n<div class=\"siteorigin-widget-tinymce textwidget\">\n\t<\/div>\n<\/div><\/div><\/div><div id=\"panel-19008-1-0-1\" class=\"so-panel widget widget_sow-editor panel-last-child\" data-index=\"3\" ><div class=\"panel-widget-style panel-widget-style-for-19008-1-0-1\" ><div\n\t\t\t\n\t\t\tclass=\"so-widget-sow-editor so-widget-sow-editor-base\"\n\t\t\t\n\t\t>\n<div class=\"siteorigin-widget-tinymce textwidget\">\n\t<p><span style=\"color: #488b83;\"><strong><span style=\"font-size: 120%;\">Estrategias efectivas en la gesti\u00f3n de aguas pluviales<\/span><\/strong><\/span><\/p>\n<ul>\n<li><span style=\"font-size: 120%;\">Estudios hidrol\u00f3gicos de cuencas y microcuencas:<br \/>\nSe realizan an\u00e1lisis detallados para entender el comportamiento del agua en un territorio espec\u00edfico, ayudando a identificar \u00e1reas cr\u00edticas y a planificar las intervenciones adecuadas.<\/span><\/li>\n<li><span style=\"font-size: 120%;\">Reforestaci\u00f3n:<br \/>\nMejorar la estructura de un suelo degradado es una importante herramienta que aumenta su capacidad de retenci\u00f3n dec agua y reduce la escorrent\u00eda, lo que ayuda a prevenir la erosi\u00f3n y a mantener un ecosistema saludable.<\/span><\/li>\n<li><span style=\"font-size: 120%;\">Zanjas de infiltraci\u00f3n:<br \/>\nJunto a un trabajo forestal adecuado, estas zanjas permiten que el agua de lluvia se infiltre en el suelo reduciendo la erosi\u00f3n y contribuyendo a recargar los acu\u00edferos.<\/span><\/li>\n<li><span style=\"font-size: 120%;\">Biotopos:<br \/>\nEstos reservorios no solo almacenan agua, sino que tambi\u00e9n aumentan la biodiversidad al proporcionar un entorno adecuado para diversas especies de flora y fauna.<\/span><\/li>\n<li><span style=\"font-size: 120%;\">Dep\u00f3sitos enterrados:<br \/>\nTrabajamos con dep\u00f3sitos modulares adaptables a cualquier medida que quedan enterrados y por tanto integrados por completo en el paisaje. Representan el \u00faltimo eslab\u00f3n de la cadena que permite el uso posterior del agua captado ya sea para riego u otros usos.<\/span><\/li>\n<\/ul>\n<\/div>\n<\/div><\/div><\/div><\/div><\/div><\/div><div id=\"pg-19008-2\"  class=\"panel-grid panel-has-style\" ><div class=\"siteorigin-panels-stretch panel-row-style panel-row-style-for-19008-2\" data-stretch-type=\"full-width-stretch\" ><div id=\"pgc-19008-2-0\"  class=\"panel-grid-cell\" ><div id=\"panel-19008-2-0-0\" class=\"so-panel widget widget_sow-editor panel-first-child\" data-index=\"4\" ><div class=\"panel-widget-style panel-widget-style-for-19008-2-0-0\" ><div\n\t\t\t\n\t\t\tclass=\"so-widget-sow-editor so-widget-sow-editor-base\"\n\t\t\t\n\t\t>\n<div class=\"siteorigin-widget-tinymce textwidget\">\n\t<\/div>\n<\/div><\/div><\/div><div id=\"panel-19008-2-0-1\" class=\"so-panel widget widget_sow-editor panel-last-child\" data-index=\"5\" ><div class=\"panel-widget-style panel-widget-style-for-19008-2-0-1\" ><div\n\t\t\t\n\t\t\tclass=\"so-widget-sow-editor so-widget-sow-editor-base\"\n\t\t\t\n\t\t>\n<div class=\"siteorigin-widget-tinymce textwidget\">\n\t<p><span style=\"font-size: 120%;\"><span style=\"color: #488b83;\"><strong>Proyecto piloto en Ibiza<\/strong><\/span><br \/>\nActualmente tenemos un proyecto que re\u00fane varias de las estrategias anteriormente descritas que ha sido declarado en<br \/>\nEivissa como proyecto piloto con el objetivo de hacer un seguimiento mediante informes de los estudios que describan la<br \/>\nevoluci\u00f3n de la actuaci\u00f3n en cuanto a captaci\u00f3n de agua se refiere.<br \/>\nSe realiz\u00f3 una plantaci\u00f3n con enfoque sintr\u00f3pico, con sistemas optimizados de infiltraci\u00f3n y captaci\u00f3n de escorrent\u00eda<br \/>\nsuperficial en un biotopo (con posibilidad para la reintroduccion del sapo balear Calapet) cuyo rebosadero desemboca en<br \/>\nun dep\u00f3sito enterrado para posibilitar la autonom\u00eda de la finca referida a sus necesidades de agua.<br \/>\nAlgunos de estos estudios han sido publicados en la revista cient\u00edfica \u201cWATER\u201d:<br \/>\nhttps:\/\/www.mdpi.com\/2073-4441\/15\/24\/4317<\/span><\/p><\/p>\n<\/div>\n<\/div><\/div><\/div><\/div><\/div><\/div><\/div>","protected":false},"excerpt":{"rendered":"<p>&nbsp; &nbsp; &nbsp; GESTION DE AQUAS PLUVIALESCaptaci&oacute;n, almacenaje y reutilizaci&oacute;n de aquas de lluvia La captaci&oacute;n de aguas de lluvia es una estrategia clave para gestionar el agua de manera sostenible. Su recolecci&oacute;n implica capturar y almacenar el agua que se produce durante la &eacute;poca de precipitaciones, lo cual es crucial para asegurar el suministro mediante una gesti&oacute;n sostenible, especialmente en regiones donde las fuentes h&iacute;dricas son limitadas. Pero la optimizaci&oacute;n de un sistema de aguas pluviales no solo implica un aumento del agua recolectada, sino tambi&eacute;n conlleva la mejora del suelo y restauraci&oacute;n del medio natural. Mediante diversas t&eacute;cnicas,&hellip;<\/p>\n","protected":false},"author":1,"featured_media":0,"parent":0,"menu_order":0,"comment_status":"closed","ping_status":"closed","template":"","meta":{"footnotes":""},"class_list":["post-19008","page","type-page","status-publish","hentry"],"yoast_head":"<!-- This site is optimized with the Yoast SEO plugin v27.5 - https:\/\/yoast.com\/product\/yoast-seo-wordpress\/ -->\n<title>PLUVIALES - expertos en piscinas y estanques naturales<\/title>\n<meta name=\"robots\" content=\"index, follow, max-snippet:-1, max-image-preview:large, max-video-preview:-1\" \/>\n<link rel=\"canonical\" href=\"https:\/\/thebiopool.com\/es\/pluviales\/\" \/>\n<meta property=\"og:locale\" content=\"es_ES\" \/>\n<meta property=\"og:type\" content=\"article\" \/>\n<meta property=\"og:title\" content=\"PLUVIALES - expertos en piscinas y estanques naturales\" \/>\n<meta property=\"og:description\" content=\"&nbsp; &nbsp; &nbsp; GESTION DE AQUAS PLUVIALESCaptaci&oacute;n, almacenaje y reutilizaci&oacute;n de aquas de lluvia La captaci&oacute;n de aguas de lluvia es una estrategia clave para gestionar el agua de manera sostenible. Su recolecci&oacute;n implica capturar y almacenar el agua que se produce durante la &eacute;poca de precipitaciones, lo cual es crucial para asegurar el suministro mediante una gesti&oacute;n sostenible, especialmente en regiones donde las fuentes h&iacute;dricas son limitadas. Pero la optimizaci&oacute;n de un sistema de aguas pluviales no solo implica un aumento del agua recolectada, sino tambi&eacute;n conlleva la mejora del suelo y restauraci&oacute;n del medio natural. Mediante diversas t&eacute;cnicas,&hellip;\" \/>\n<meta property=\"og:url\" content=\"https:\/\/thebiopool.com\/es\/pluviales\/\" \/>\n<meta property=\"og:site_name\" content=\"expertos en piscinas y estanques naturales\" \/>\n<meta property=\"article:publisher\" content=\"https:\/\/www.facebook.com\/Naturaleza-y-Arte-Stefan-Meier-162702410430553\/\" \/>\n<meta property=\"article:modified_time\" content=\"2025-02-28T13:00:43+00:00\" \/>\n<meta name=\"twitter:card\" content=\"summary_large_image\" \/>\n<meta name=\"twitter:label1\" content=\"Tiempo de lectura\" \/>\n\t<meta name=\"twitter:data1\" content=\"6 minutos\" \/>\n<script type=\"application\/ld+json\" class=\"yoast-schema-graph\">{\"@context\":\"https:\\\/\\\/schema.org\",\"@graph\":[{\"@type\":\"WebPage\",\"@id\":\"https:\\\/\\\/thebiopool.com\\\/es\\\/pluviales\\\/\",\"url\":\"https:\\\/\\\/thebiopool.com\\\/es\\\/pluviales\\\/\",\"name\":\"PLUVIALES - expertos en piscinas y estanques naturales\",\"isPartOf\":{\"@id\":\"https:\\\/\\\/thebiopool.com\\\/es\\\/#website\"},\"datePublished\":\"2025-02-28T12:13:45+00:00\",\"dateModified\":\"2025-02-28T13:00:43+00:00\",\"breadcrumb\":{\"@id\":\"https:\\\/\\\/thebiopool.com\\\/es\\\/pluviales\\\/#breadcrumb\"},\"inLanguage\":\"es\",\"potentialAction\":[{\"@type\":\"ReadAction\",\"target\":[[\"https:\\\/\\\/thebiopool.com\\\/es\\\/pluviales\\\/\"]]}]},{\"@type\":\"BreadcrumbList\",\"@id\":\"https:\\\/\\\/thebiopool.com\\\/es\\\/pluviales\\\/#breadcrumb\",\"itemListElement\":[{\"@type\":\"ListItem\",\"position\":1,\"name\":\"Home\",\"item\":\"https:\\\/\\\/thebiopool.com\\\/es\\\/\"},{\"@type\":\"ListItem\",\"position\":2,\"name\":\"PLUVIALES\"}]},{\"@type\":\"WebSite\",\"@id\":\"https:\\\/\\\/thebiopool.com\\\/es\\\/#website\",\"url\":\"https:\\\/\\\/thebiopool.com\\\/es\\\/\",\"name\":\"TheBiopool\",\"description\":\"planificamos y creamos su estanque natural\",\"publisher\":{\"@id\":\"https:\\\/\\\/thebiopool.com\\\/es\\\/#organization\"},\"potentialAction\":[{\"@type\":\"SearchAction\",\"target\":{\"@type\":\"EntryPoint\",\"urlTemplate\":\"https:\\\/\\\/thebiopool.com\\\/es\\\/?s={search_term_string}\"},\"query-input\":{\"@type\":\"PropertyValueSpecification\",\"valueRequired\":true,\"valueName\":\"search_term_string\"}}],\"inLanguage\":\"es\"},{\"@type\":\"Organization\",\"@id\":\"https:\\\/\\\/thebiopool.com\\\/es\\\/#organization\",\"name\":\"TheBiopool\",\"url\":\"https:\\\/\\\/thebiopool.com\\\/es\\\/\",\"logo\":{\"@type\":\"ImageObject\",\"inLanguage\":\"es\",\"@id\":\"https:\\\/\\\/thebiopool.com\\\/es\\\/#\\\/schema\\\/logo\\\/image\\\/\",\"url\":\"https:\\\/\\\/thebiopool.com\\\/wp-content\\\/uploads\\\/logo-schatten-website-klein.png\",\"contentUrl\":\"https:\\\/\\\/thebiopool.com\\\/wp-content\\\/uploads\\\/logo-schatten-website-klein.png\",\"width\":220,\"height\":64,\"caption\":\"TheBiopool\"},\"image\":{\"@id\":\"https:\\\/\\\/thebiopool.com\\\/es\\\/#\\\/schema\\\/logo\\\/image\\\/\"},\"sameAs\":[\"https:\\\/\\\/www.facebook.com\\\/Naturaleza-y-Arte-Stefan-Meier-162702410430553\\\/\",\"https:\\\/\\\/www.instagram.com\\\/thebiopool\\\/\"]}]}<\/script>\n<!-- \/ Yoast SEO plugin. -->","yoast_head_json":{"title":"PLUVIALES - expertos en piscinas y estanques naturales","robots":{"index":"index","follow":"follow","max-snippet":"max-snippet:-1","max-image-preview":"max-image-preview:large","max-video-preview":"max-video-preview:-1"},"canonical":"https:\/\/thebiopool.com\/es\/pluviales\/","og_locale":"es_ES","og_type":"article","og_title":"PLUVIALES - expertos en piscinas y estanques naturales","og_description":"&nbsp; &nbsp; &nbsp; GESTION DE AQUAS PLUVIALESCaptaci&oacute;n, almacenaje y reutilizaci&oacute;n de aquas de lluvia La captaci&oacute;n de aguas de lluvia es una estrategia clave para gestionar el agua de manera sostenible. Su recolecci&oacute;n implica capturar y almacenar el agua que se produce durante la &eacute;poca de precipitaciones, lo cual es crucial para asegurar el suministro mediante una gesti&oacute;n sostenible, especialmente en regiones donde las fuentes h&iacute;dricas son limitadas. Pero la optimizaci&oacute;n de un sistema de aguas pluviales no solo implica un aumento del agua recolectada, sino tambi&eacute;n conlleva la mejora del suelo y restauraci&oacute;n del medio natural. Mediante diversas t&eacute;cnicas,&hellip;","og_url":"https:\/\/thebiopool.com\/es\/pluviales\/","og_site_name":"expertos en piscinas y estanques naturales","article_publisher":"https:\/\/www.facebook.com\/Naturaleza-y-Arte-Stefan-Meier-162702410430553\/","article_modified_time":"2025-02-28T13:00:43+00:00","twitter_card":"summary_large_image","twitter_misc":{"Tiempo de lectura":"6 minutos"},"schema":{"@context":"https:\/\/schema.org","@graph":[{"@type":"WebPage","@id":"https:\/\/thebiopool.com\/es\/pluviales\/","url":"https:\/\/thebiopool.com\/es\/pluviales\/","name":"PLUVIALES - expertos en piscinas y estanques naturales","isPartOf":{"@id":"https:\/\/thebiopool.com\/es\/#website"},"datePublished":"2025-02-28T12:13:45+00:00","dateModified":"2025-02-28T13:00:43+00:00","breadcrumb":{"@id":"https:\/\/thebiopool.com\/es\/pluviales\/#breadcrumb"},"inLanguage":"es","potentialAction":[{"@type":"ReadAction","target":[["https:\/\/thebiopool.com\/es\/pluviales\/"]]}]},{"@type":"BreadcrumbList","@id":"https:\/\/thebiopool.com\/es\/pluviales\/#breadcrumb","itemListElement":[{"@type":"ListItem","position":1,"name":"Home","item":"https:\/\/thebiopool.com\/es\/"},{"@type":"ListItem","position":2,"name":"PLUVIALES"}]},{"@type":"WebSite","@id":"https:\/\/thebiopool.com\/es\/#website","url":"https:\/\/thebiopool.com\/es\/","name":"TheBiopool","description":"planificamos y creamos su estanque natural","publisher":{"@id":"https:\/\/thebiopool.com\/es\/#organization"},"potentialAction":[{"@type":"SearchAction","target":{"@type":"EntryPoint","urlTemplate":"https:\/\/thebiopool.com\/es\/?s={search_term_string}"},"query-input":{"@type":"PropertyValueSpecification","valueRequired":true,"valueName":"search_term_string"}}],"inLanguage":"es"},{"@type":"Organization","@id":"https:\/\/thebiopool.com\/es\/#organization","name":"TheBiopool","url":"https:\/\/thebiopool.com\/es\/","logo":{"@type":"ImageObject","inLanguage":"es","@id":"https:\/\/thebiopool.com\/es\/#\/schema\/logo\/image\/","url":"https:\/\/thebiopool.com\/wp-content\/uploads\/logo-schatten-website-klein.png","contentUrl":"https:\/\/thebiopool.com\/wp-content\/uploads\/logo-schatten-website-klein.png","width":220,"height":64,"caption":"TheBiopool"},"image":{"@id":"https:\/\/thebiopool.com\/es\/#\/schema\/logo\/image\/"},"sameAs":["https:\/\/www.facebook.com\/Naturaleza-y-Arte-Stefan-Meier-162702410430553\/","https:\/\/www.instagram.com\/thebiopool\/"]}]}},"_links":{"self":[{"href":"https:\/\/thebiopool.com\/es\/wp-json\/wp\/v2\/pages\/19008","targetHints":{"allow":["GET"]}}],"collection":[{"href":"https:\/\/thebiopool.com\/es\/wp-json\/wp\/v2\/pages"}],"about":[{"href":"https:\/\/thebiopool.com\/es\/wp-json\/wp\/v2\/types\/page"}],"author":[{"embeddable":true,"href":"https:\/\/thebiopool.com\/es\/wp-json\/wp\/v2\/users\/1"}],"replies":[{"embeddable":true,"href":"https:\/\/thebiopool.com\/es\/wp-json\/wp\/v2\/comments?post=19008"}],"version-history":[{"count":0,"href":"https:\/\/thebiopool.com\/es\/wp-json\/wp\/v2\/pages\/19008\/revisions"}],"wp:attachment":[{"href":"https:\/\/thebiopool.com\/es\/wp-json\/wp\/v2\/media?parent=19008"}],"curies":[{"name":"wp","href":"https:\/\/api.w.org\/{rel}","templated":true}]}}