{"id":19029,"date":"2025-02-28T18:25:49","date_gmt":"2025-02-28T17:25:49","guid":{"rendered":"https:\/\/thebiopool.com\/?page_id=19029"},"modified":"2025-02-28T19:13:57","modified_gmt":"2025-02-28T18:13:57","slug":"torricella-italia","status":"publish","type":"page","link":"https:\/\/thebiopool.com\/es\/torricella-italia\/","title":{"rendered":"Torricella Italia"},"content":{"rendered":"<div id=\"pl-19029\"  class=\"panel-layout\" ><div id=\"pg-19029-0\"  class=\"panel-grid panel-has-style\" ><div class=\"foobox siteorigin-panels-stretch panel-row-style panel-row-style-for-19029-0\" data-stretch-type=\"full-width-stretch\" ><div id=\"pgc-19029-0-0\"  class=\"panel-grid-cell\" ><div id=\"panel-19029-0-0-0\" class=\"so-panel widget widget_sow-image panel-first-child panel-last-child\" data-index=\"0\" ><div class=\"foobox panel-widget-style panel-widget-style-for-19029-0-0-0\" ><div\n\t\t\t\n\t\t\tclass=\"so-widget-sow-image so-widget-sow-image-default-3a2476c0e107-19029\"\n\t\t\t\n\t\t>\n<div class=\"sow-image-container\">\n\t\t<img \n\tdata-src=\"https:\/\/thebiopool.com\/wp-content\/uploads\/Schwimmteich-Bologna.jpg\" width=\"1500\" height=\"1125\" data-srcset=\"https:\/\/thebiopool.com\/wp-content\/uploads\/Schwimmteich-Bologna.jpg 1500w, https:\/\/thebiopool.com\/wp-content\/uploads\/Schwimmteich-Bologna-600x450.jpg 600w, https:\/\/thebiopool.com\/wp-content\/uploads\/Schwimmteich-Bologna-300x225.jpg 300w, https:\/\/thebiopool.com\/wp-content\/uploads\/Schwimmteich-Bologna-1024x768.jpg 1024w, https:\/\/thebiopool.com\/wp-content\/uploads\/Schwimmteich-Bologna-768x576.jpg 768w, https:\/\/thebiopool.com\/wp-content\/uploads\/Schwimmteich-Bologna-350x263.jpg 350w\" data-sizes=\"(max-width: 1500px) 100vw, 1500px\" title=\"Schwimmteich-Bologna by theBIOPOOL\" alt=\"Schwimmteich-Bologna by theBIOPOOL\" \t\tclass=\"so-widget-image lazyload\" src=\"data:image\/svg+xml;base64,PHN2ZyB3aWR0aD0iMSIgaGVpZ2h0PSIxIiB4bWxucz0iaHR0cDovL3d3dy53My5vcmcvMjAwMC9zdmciPjwvc3ZnPg==\" style=\"--smush-placeholder-width: 1500px; --smush-placeholder-aspect-ratio: 1500\/1125;\" \/>\n\t<\/div>\n\n<\/div><\/div><\/div><\/div><div id=\"pgc-19029-0-1\"  class=\"panel-grid-cell\" ><div id=\"panel-19029-0-1-0\" class=\"so-panel widget widget_sow-editor panel-first-child panel-last-child\" data-index=\"1\" ><div class=\"panel-widget-style panel-widget-style-for-19029-0-1-0\" ><div\n\t\t\t\n\t\t\tclass=\"so-widget-sow-editor so-widget-sow-editor-base\"\n\t\t\t\n\t\t>\n<div class=\"siteorigin-widget-tinymce textwidget\">\n\t<h3 style=\"text-align: right;\"><strong><span style=\"color: #ffffff;\">B&amp;B Torricella Bologna, Italia<\/span><\/strong><\/h3>\n<p>Este estanque de nataci\u00f3n ajardinado fue creado en oto\u00f1o de 2009 y plantado en primavera. Est\u00e1 situado en el valle del Po y est\u00e1 rodeado de tierras agr\u00edcolas. Con el material excavado se construy\u00f3 un muro vegetal que da espacio al jard\u00edn y lo protege del viento y de las intrusiones.<\/p>\n<p>&nbsp;<\/p>\n<p>&nbsp;<\/p>\n<p>&nbsp;<\/p>\n<p>&nbsp;<\/p>\n<p>&nbsp;<\/p>\n<p>&nbsp;<\/p>\n<p>&nbsp;<\/p>\n<p>&nbsp;<\/p>\n<\/div>\n<\/div><\/div><\/div><\/div><\/div><\/div><div id=\"pg-19029-1\"  class=\"panel-grid panel-has-style\" ><div class=\"siteorigin-panels-stretch panel-row-style panel-row-style-for-19029-1\" data-stretch-type=\"full-width-stretch\" ><div id=\"pgc-19029-1-0\"  class=\"panel-grid-cell\" ><div id=\"panel-19029-1-0-0\" class=\"so-panel widget widget_sow-image panel-first-child panel-last-child\" data-index=\"2\" ><div class=\"foobox panel-widget-style panel-widget-style-for-19029-1-0-0\" ><div\n\t\t\t\n\t\t\tclass=\"so-widget-sow-image so-widget-sow-image-default-a258e6bfa2d8-19029\"\n\t\t\t\n\t\t>\n<div class=\"sow-image-container\">\n\t\t\t<a href=\"https:\/\/thebiopool.com\/wp-content\/uploads\/Schwimmteich-Bologna-1.jpg\"\n\t\t\ttarget=\"_blank\" rel=\"noopener noreferrer\" \t\t>\n\t\t\t<img \n\tdata-src=\"https:\/\/thebiopool.com\/wp-content\/uploads\/Regenerationszone-e1740764205231.jpg\" width=\"1000\" height=\"1000\" data-srcset=\"https:\/\/thebiopool.com\/wp-content\/uploads\/Regenerationszone-e1740764205231.jpg 1000w, https:\/\/thebiopool.com\/wp-content\/uploads\/Regenerationszone-e1740764205231-300x300.jpg 300w, https:\/\/thebiopool.com\/wp-content\/uploads\/Regenerationszone-e1740764205231-150x150.jpg 150w, https:\/\/thebiopool.com\/wp-content\/uploads\/Regenerationszone-e1740764205231-600x600.jpg 600w, https:\/\/thebiopool.com\/wp-content\/uploads\/Regenerationszone-e1740764205231-768x768.jpg 768w\" data-sizes=\"(max-width: 1000px) 100vw, 1000px\" title=\"B&amp;B Torricella Bologna, Italia\" alt=\"B&amp;B Torricella Bologna, Italia\" \t\tclass=\"so-widget-image lazyload\" src=\"data:image\/svg+xml;base64,PHN2ZyB3aWR0aD0iMSIgaGVpZ2h0PSIxIiB4bWxucz0iaHR0cDovL3d3dy53My5vcmcvMjAwMC9zdmciPjwvc3ZnPg==\" style=\"--smush-placeholder-width: 1000px; --smush-placeholder-aspect-ratio: 1000\/1000;\" \/>\n\t\t\t<\/a><\/div>\n\n<\/div><\/div><\/div><\/div><div id=\"pgc-19029-1-1\"  class=\"panel-grid-cell\" ><div id=\"panel-19029-1-1-0\" class=\"so-panel widget widget_sow-image panel-first-child panel-last-child\" data-index=\"3\" ><div class=\"foobox panel-widget-style panel-widget-style-for-19029-1-1-0\" ><div\n\t\t\t\n\t\t\tclass=\"so-widget-sow-image so-widget-sow-image-default-c4f6304fc136-19029\"\n\t\t\t\n\t\t>\n<div class=\"sow-image-container\">\n\t\t\t<a href=\"https:\/\/thebiopool.com\/wp-content\/uploads\/Swimming-pond-Bologna-1.jpg\"\n\t\t\t\t\t>\n\t\t\t<img \n\tdata-src=\"https:\/\/thebiopool.com\/wp-content\/uploads\/Swimming-pond-Bologna-e1740763471421-1024x1024.jpg\" width=\"1000\" height=\"1000\" data-srcset=\"https:\/\/thebiopool.com\/wp-content\/uploads\/Swimming-pond-Bologna-e1740763471421-1024x1024.jpg 1024w, https:\/\/thebiopool.com\/wp-content\/uploads\/Swimming-pond-Bologna-e1740763471421-300x300.jpg 300w, https:\/\/thebiopool.com\/wp-content\/uploads\/Swimming-pond-Bologna-e1740763471421-150x150.jpg 150w, https:\/\/thebiopool.com\/wp-content\/uploads\/Swimming-pond-Bologna-e1740763471421-600x600.jpg 600w, https:\/\/thebiopool.com\/wp-content\/uploads\/Swimming-pond-Bologna-e1740763471421-768x768.jpg 768w, https:\/\/thebiopool.com\/wp-content\/uploads\/Swimming-pond-Bologna-e1740763471421.jpg 1500w\" data-sizes=\"(max-width: 1000px) 100vw, 1000px\" title=\"B&amp;B Torricella Bologna, Italia\" alt=\"B&amp;B Torricella Bologna, Italia\" \t\tclass=\"so-widget-image lazyload\" src=\"data:image\/svg+xml;base64,PHN2ZyB3aWR0aD0iMSIgaGVpZ2h0PSIxIiB4bWxucz0iaHR0cDovL3d3dy53My5vcmcvMjAwMC9zdmciPjwvc3ZnPg==\" style=\"--smush-placeholder-width: 1000px; --smush-placeholder-aspect-ratio: 1000\/1000;\" \/>\n\t\t\t<\/a><\/div>\n\n<\/div><\/div><\/div><\/div><div id=\"pgc-19029-1-2\"  class=\"panel-grid-cell\" ><div id=\"panel-19029-1-2-0\" class=\"so-panel widget widget_sow-image panel-first-child panel-last-child\" data-index=\"4\" ><div class=\"foobox panel-widget-style panel-widget-style-for-19029-1-2-0\" ><div\n\t\t\t\n\t\t\tclass=\"so-widget-sow-image so-widget-sow-image-default-6ec9e3772f75-19029\"\n\t\t\t\n\t\t>\n<div class=\"sow-image-container\">\n\t\t\t<a href=\"https:\/\/thebiopool.com\/wp-content\/uploads\/IMG_4003-1.jpg\"\n\t\t\ttarget=\"_blank\" rel=\"noopener noreferrer\" \t\t>\n\t\t\t<img \n\tdata-src=\"https:\/\/thebiopool.com\/wp-content\/uploads\/IMG_4003-e1740765539985.jpg\" width=\"1225\" height=\"1000\" data-srcset=\"https:\/\/thebiopool.com\/wp-content\/uploads\/IMG_4003-e1740765539985.jpg 1225w, https:\/\/thebiopool.com\/wp-content\/uploads\/IMG_4003-e1740765539985-600x490.jpg 600w, https:\/\/thebiopool.com\/wp-content\/uploads\/IMG_4003-e1740765539985-300x245.jpg 300w, https:\/\/thebiopool.com\/wp-content\/uploads\/IMG_4003-e1740765539985-1024x836.jpg 1024w, https:\/\/thebiopool.com\/wp-content\/uploads\/IMG_4003-e1740765539985-768x627.jpg 768w\" data-sizes=\"(max-width: 1225px) 100vw, 1225px\" title=\"Torricella\" alt=\"Torricella by theBIOPOOL\" \t\tclass=\"so-widget-image lazyload\" src=\"data:image\/svg+xml;base64,PHN2ZyB3aWR0aD0iMSIgaGVpZ2h0PSIxIiB4bWxucz0iaHR0cDovL3d3dy53My5vcmcvMjAwMC9zdmciPjwvc3ZnPg==\" style=\"--smush-placeholder-width: 1225px; --smush-placeholder-aspect-ratio: 1225\/1000;\" \/>\n\t\t\t<\/a><\/div>\n\n<\/div><\/div><\/div><\/div><\/div><\/div><div id=\"pg-19029-2\"  class=\"panel-grid panel-no-style\" ><div id=\"pgc-19029-2-0\"  class=\"panel-grid-cell\" ><div id=\"panel-19029-2-0-0\" class=\"so-panel widget widget_sow-editor panel-first-child panel-last-child\" data-index=\"5\" ><div\n\t\t\t\n\t\t\tclass=\"so-widget-sow-editor so-widget-sow-editor-base\"\n\t\t\t\n\t\t>\n<div class=\"siteorigin-widget-tinymce textwidget\">\n\t<h3 style=\"text-align: center;\"><a href=\"https:\/\/thebiopool.com\/pics-torricella\/\" target=\"_blank\" rel=\"noopener\">weitere Bilder<\/a><\/h3>\n<\/div>\n<\/div><\/div><\/div><\/div><\/div>","protected":false},"excerpt":{"rendered":"<p>B&amp;B Torricella Bologna, Italia Este estanque de nataci&oacute;n ajardinado fue creado en oto&ntilde;o de 2009 y plantado en primavera. Est&aacute; situado en el valle del Po y est&aacute; rodeado de tierras agr&iacute;colas. Con el material excavado se construy&oacute; un muro vegetal que da espacio al jard&iacute;n y lo protege del viento y de las intrusiones. &nbsp; &nbsp; &nbsp; &nbsp; &nbsp; &nbsp; &nbsp; &nbsp;<\/p>\n","protected":false},"author":1,"featured_media":0,"parent":0,"menu_order":0,"comment_status":"closed","ping_status":"closed","template":"","meta":{"footnotes":""},"class_list":["post-19029","page","type-page","status-publish","hentry"],"yoast_head":"<!-- This site is optimized with the Yoast SEO plugin v27.5 - https:\/\/yoast.com\/product\/yoast-seo-wordpress\/ -->\n<title>(English) Torricella Italia - Experts for natural ponds<\/title>\n<meta name=\"description\" content=\"(English) If you want a natural and healthy water experience as a pool or pond owner in Ibiza we are your no.1 planer and builder\" \/>\n<meta name=\"robots\" content=\"index, follow, max-snippet:-1, max-image-preview:large, max-video-preview:-1\" \/>\n<link rel=\"canonical\" href=\"https:\/\/thebiopool.com\/es\/torricella-italia\/\" \/>\n<meta property=\"og:locale\" content=\"es_ES\" \/>\n<meta property=\"og:type\" content=\"article\" \/>\n<meta property=\"og:title\" content=\"(English) Torricella Italia - Experts for natural ponds\" \/>\n<meta property=\"og:description\" content=\"(English) If you want a natural and healthy water experience as a pool or pond owner in Ibiza we are your no.1 planer and builder\" \/>\n<meta property=\"og:url\" content=\"https:\/\/thebiopool.com\/es\/torricella-italia\/\" \/>\n<meta property=\"og:site_name\" content=\"expertos en piscinas y estanques naturales\" \/>\n<meta property=\"article:publisher\" content=\"https:\/\/www.facebook.com\/Naturaleza-y-Arte-Stefan-Meier-162702410430553\/\" \/>\n<meta property=\"article:modified_time\" content=\"2025-02-28T18:13:57+00:00\" \/>\n<meta name=\"twitter:card\" content=\"summary_large_image\" \/>\n<meta name=\"twitter:label1\" content=\"Tiempo de lectura\" \/>\n\t<meta name=\"twitter:data1\" content=\"1 minuto\" \/>\n<script type=\"application\/ld+json\" class=\"yoast-schema-graph\">{\"@context\":\"https:\\\/\\\/schema.org\",\"@graph\":[{\"@type\":\"WebPage\",\"@id\":\"https:\\\/\\\/thebiopool.com\\\/es\\\/torricella-italia\\\/\",\"url\":\"https:\\\/\\\/thebiopool.com\\\/es\\\/torricella-italia\\\/\",\"name\":\"(English) Torricella Italia - Experts for natural ponds\",\"isPartOf\":{\"@id\":\"https:\\\/\\\/thebiopool.com\\\/es\\\/#website\"},\"datePublished\":\"2025-02-28T17:25:49+00:00\",\"dateModified\":\"2025-02-28T18:13:57+00:00\",\"description\":\"(English) If you want a natural and healthy water experience as a pool or pond owner in Ibiza we are your no.1 planer and builder\",\"breadcrumb\":{\"@id\":\"https:\\\/\\\/thebiopool.com\\\/es\\\/torricella-italia\\\/#breadcrumb\"},\"inLanguage\":\"es\",\"potentialAction\":[{\"@type\":\"ReadAction\",\"target\":[[\"https:\\\/\\\/thebiopool.com\\\/es\\\/torricella-italia\\\/\"]]}]},{\"@type\":\"BreadcrumbList\",\"@id\":\"https:\\\/\\\/thebiopool.com\\\/es\\\/torricella-italia\\\/#breadcrumb\",\"itemListElement\":[{\"@type\":\"ListItem\",\"position\":1,\"name\":\"Home\",\"item\":\"https:\\\/\\\/thebiopool.com\\\/es\\\/\"},{\"@type\":\"ListItem\",\"position\":2,\"name\":\"Torricella Italia\"}]},{\"@type\":\"WebSite\",\"@id\":\"https:\\\/\\\/thebiopool.com\\\/es\\\/#website\",\"url\":\"https:\\\/\\\/thebiopool.com\\\/es\\\/\",\"name\":\"TheBiopool\",\"description\":\"planificamos y creamos su estanque natural\",\"publisher\":{\"@id\":\"https:\\\/\\\/thebiopool.com\\\/es\\\/#organization\"},\"potentialAction\":[{\"@type\":\"SearchAction\",\"target\":{\"@type\":\"EntryPoint\",\"urlTemplate\":\"https:\\\/\\\/thebiopool.com\\\/es\\\/?s={search_term_string}\"},\"query-input\":{\"@type\":\"PropertyValueSpecification\",\"valueRequired\":true,\"valueName\":\"search_term_string\"}}],\"inLanguage\":\"es\"},{\"@type\":\"Organization\",\"@id\":\"https:\\\/\\\/thebiopool.com\\\/es\\\/#organization\",\"name\":\"TheBiopool\",\"url\":\"https:\\\/\\\/thebiopool.com\\\/es\\\/\",\"logo\":{\"@type\":\"ImageObject\",\"inLanguage\":\"es\",\"@id\":\"https:\\\/\\\/thebiopool.com\\\/es\\\/#\\\/schema\\\/logo\\\/image\\\/\",\"url\":\"https:\\\/\\\/thebiopool.com\\\/wp-content\\\/uploads\\\/logo-schatten-website-klein.png\",\"contentUrl\":\"https:\\\/\\\/thebiopool.com\\\/wp-content\\\/uploads\\\/logo-schatten-website-klein.png\",\"width\":220,\"height\":64,\"caption\":\"TheBiopool\"},\"image\":{\"@id\":\"https:\\\/\\\/thebiopool.com\\\/es\\\/#\\\/schema\\\/logo\\\/image\\\/\"},\"sameAs\":[\"https:\\\/\\\/www.facebook.com\\\/Naturaleza-y-Arte-Stefan-Meier-162702410430553\\\/\",\"https:\\\/\\\/www.instagram.com\\\/thebiopool\\\/\"]}]}<\/script>\n<!-- \/ Yoast SEO plugin. -->","yoast_head_json":{"title":"(English) Torricella Italia - Experts for natural ponds","description":"(English) If you want a natural and healthy water experience as a pool or pond owner in Ibiza we are your no.1 planer and builder","robots":{"index":"index","follow":"follow","max-snippet":"max-snippet:-1","max-image-preview":"max-image-preview:large","max-video-preview":"max-video-preview:-1"},"canonical":"https:\/\/thebiopool.com\/es\/torricella-italia\/","og_locale":"es_ES","og_type":"article","og_title":"(English) Torricella Italia - Experts for natural ponds","og_description":"(English) If you want a natural and healthy water experience as a pool or pond owner in Ibiza we are your no.1 planer and builder","og_url":"https:\/\/thebiopool.com\/es\/torricella-italia\/","og_site_name":"expertos en piscinas y estanques naturales","article_publisher":"https:\/\/www.facebook.com\/Naturaleza-y-Arte-Stefan-Meier-162702410430553\/","article_modified_time":"2025-02-28T18:13:57+00:00","twitter_card":"summary_large_image","twitter_misc":{"Tiempo de lectura":"1 minuto"},"schema":{"@context":"https:\/\/schema.org","@graph":[{"@type":"WebPage","@id":"https:\/\/thebiopool.com\/es\/torricella-italia\/","url":"https:\/\/thebiopool.com\/es\/torricella-italia\/","name":"(English) Torricella Italia - Experts for natural ponds","isPartOf":{"@id":"https:\/\/thebiopool.com\/es\/#website"},"datePublished":"2025-02-28T17:25:49+00:00","dateModified":"2025-02-28T18:13:57+00:00","description":"(English) If you want a natural and healthy water experience as a pool or pond owner in Ibiza we are your no.1 planer and builder","breadcrumb":{"@id":"https:\/\/thebiopool.com\/es\/torricella-italia\/#breadcrumb"},"inLanguage":"es","potentialAction":[{"@type":"ReadAction","target":[["https:\/\/thebiopool.com\/es\/torricella-italia\/"]]}]},{"@type":"BreadcrumbList","@id":"https:\/\/thebiopool.com\/es\/torricella-italia\/#breadcrumb","itemListElement":[{"@type":"ListItem","position":1,"name":"Home","item":"https:\/\/thebiopool.com\/es\/"},{"@type":"ListItem","position":2,"name":"Torricella Italia"}]},{"@type":"WebSite","@id":"https:\/\/thebiopool.com\/es\/#website","url":"https:\/\/thebiopool.com\/es\/","name":"TheBiopool","description":"planificamos y creamos su estanque natural","publisher":{"@id":"https:\/\/thebiopool.com\/es\/#organization"},"potentialAction":[{"@type":"SearchAction","target":{"@type":"EntryPoint","urlTemplate":"https:\/\/thebiopool.com\/es\/?s={search_term_string}"},"query-input":{"@type":"PropertyValueSpecification","valueRequired":true,"valueName":"search_term_string"}}],"inLanguage":"es"},{"@type":"Organization","@id":"https:\/\/thebiopool.com\/es\/#organization","name":"TheBiopool","url":"https:\/\/thebiopool.com\/es\/","logo":{"@type":"ImageObject","inLanguage":"es","@id":"https:\/\/thebiopool.com\/es\/#\/schema\/logo\/image\/","url":"https:\/\/thebiopool.com\/wp-content\/uploads\/logo-schatten-website-klein.png","contentUrl":"https:\/\/thebiopool.com\/wp-content\/uploads\/logo-schatten-website-klein.png","width":220,"height":64,"caption":"TheBiopool"},"image":{"@id":"https:\/\/thebiopool.com\/es\/#\/schema\/logo\/image\/"},"sameAs":["https:\/\/www.facebook.com\/Naturaleza-y-Arte-Stefan-Meier-162702410430553\/","https:\/\/www.instagram.com\/thebiopool\/"]}]}},"_links":{"self":[{"href":"https:\/\/thebiopool.com\/es\/wp-json\/wp\/v2\/pages\/19029","targetHints":{"allow":["GET"]}}],"collection":[{"href":"https:\/\/thebiopool.com\/es\/wp-json\/wp\/v2\/pages"}],"about":[{"href":"https:\/\/thebiopool.com\/es\/wp-json\/wp\/v2\/types\/page"}],"author":[{"embeddable":true,"href":"https:\/\/thebiopool.com\/es\/wp-json\/wp\/v2\/users\/1"}],"replies":[{"embeddable":true,"href":"https:\/\/thebiopool.com\/es\/wp-json\/wp\/v2\/comments?post=19029"}],"version-history":[{"count":0,"href":"https:\/\/thebiopool.com\/es\/wp-json\/wp\/v2\/pages\/19029\/revisions"}],"wp:attachment":[{"href":"https:\/\/thebiopool.com\/es\/wp-json\/wp\/v2\/media?parent=19029"}],"curies":[{"name":"wp","href":"https:\/\/api.w.org\/{rel}","templated":true}]}}