{"id":19077,"date":"2025-03-27T09:13:22","date_gmt":"2025-03-27T08:13:22","guid":{"rendered":"https:\/\/thebiopool.com\/?page_id=19077"},"modified":"2025-03-27T10:04:05","modified_gmt":"2025-03-27T09:04:05","slug":"bio-jacuzzi","status":"publish","type":"page","link":"https:\/\/thebiopool.com\/es\/bio-jacuzzi\/","title":{"rendered":"Bio Jacuzzi"},"content":{"rendered":"<div id=\"pl-19077\"  class=\"panel-layout\" ><div id=\"pg-19077-0\"  class=\"panel-grid panel-has-style\" ><div class=\"foobox siteorigin-panels-stretch panel-row-style panel-row-style-for-19077-0\" data-stretch-type=\"full-width-stretch\" ><div id=\"pgc-19077-0-0\"  class=\"panel-grid-cell\" ><div id=\"panel-19077-0-0-0\" class=\"so-panel widget widget_sow-image panel-first-child panel-last-child\" data-index=\"0\" ><div class=\"foobox panel-widget-style panel-widget-style-for-19077-0-0-0\" ><div\n\t\t\t\n\t\t\tclass=\"so-widget-sow-image so-widget-sow-image-default-3a2476c0e107-19077\"\n\t\t\t\n\t\t>\n<div class=\"sow-image-container\">\n\t\t\t<a href=\"https:\/\/thebiopool.com\/wp-content\/uploads\/can-Lupes-by-theBIOPOOL-1.jpg\"\n\t\t\t\t\t>\n\t\t\t<img \n\tdata-src=\"https:\/\/thebiopool.com\/wp-content\/uploads\/can-Lupes-by-theBIOPOOL-1-768x669.jpg\" width=\"768\" height=\"669\" data-srcset=\"https:\/\/thebiopool.com\/wp-content\/uploads\/can-Lupes-by-theBIOPOOL-1-768x669.jpg 768w, https:\/\/thebiopool.com\/wp-content\/uploads\/can-Lupes-by-theBIOPOOL-1-300x261.jpg 300w, https:\/\/thebiopool.com\/wp-content\/uploads\/can-Lupes-by-theBIOPOOL-1-1024x891.jpg 1024w, https:\/\/thebiopool.com\/wp-content\/uploads\/can-Lupes-by-theBIOPOOL-1-1536x1337.jpg 1536w, https:\/\/thebiopool.com\/wp-content\/uploads\/can-Lupes-by-theBIOPOOL-1-600x522.jpg 600w, https:\/\/thebiopool.com\/wp-content\/uploads\/can-Lupes-by-theBIOPOOL-1.jpg 1900w\" data-sizes=\"(max-width: 768px) 100vw, 768px\" title=\"can-Lupes-by-theBIOPOOL-1.jpg\" alt=\"can-Lupes-by-theBIOPOOL-1.jpg\" \t\tclass=\"so-widget-image lazyload\" src=\"data:image\/svg+xml;base64,PHN2ZyB3aWR0aD0iMSIgaGVpZ2h0PSIxIiB4bWxucz0iaHR0cDovL3d3dy53My5vcmcvMjAwMC9zdmciPjwvc3ZnPg==\" style=\"--smush-placeholder-width: 768px; --smush-placeholder-aspect-ratio: 768\/669;\" \/>\n\t\t\t<\/a><\/div>\n\n<\/div><\/div><\/div><\/div><div id=\"pgc-19077-0-1\"  class=\"panel-grid-cell\" ><div id=\"panel-19077-0-1-0\" class=\"so-panel widget widget_sow-editor panel-first-child panel-last-child\" data-index=\"1\" ><div class=\"panel-widget-style panel-widget-style-for-19077-0-1-0\" ><div\n\t\t\t\n\t\t\tclass=\"so-widget-sow-editor so-widget-sow-editor-base\"\n\t\t\t\n\t\t>\n<div class=\"siteorigin-widget-tinymce textwidget\">\n\t<h3 style=\"text-align: right;\"><strong><span style=\"color: #ffffff;\">BIO JACUZZI IN PENTHOUSE<\/span><\/strong><\/h3>\n<p>\u00bfQu\u00e9 hacer si construyes estanques para nadar pero vives en un apartamento en un tercer piso?<\/p>\n<p>\u00a1Construye tu propia peque\u00f1a piscina natural en la azotea!<br \/>\nEs cierto que es una apuesta un tanto atrevida dadas las condiciones clim\u00e1ticas de Ibiza. Las dimensiones de una cama queen size con una profundidad de agua de 50-60 cm a pleno sol en pleno Mediterr\u00e1neo... ya son un l\u00edmite. \u00a1Pero la peque\u00f1a piscina natural ha demostrado su eficacia a lo largo de los a\u00f1os! El filtro instalado por separado no es un premio de belleza, pero cumple su funci\u00f3n a la perfecci\u00f3n.<br \/>\nA\u00f1o de construcci\u00f3n: 2013, volumen total de agua: 2,4 m\u00b3, de los cuales 1 m\u00b3 en el filtro.<\/p>\n<\/div>\n<\/div><\/div><\/div><\/div><\/div><\/div><div id=\"pg-19077-1\"  class=\"panel-grid panel-has-style\" ><div class=\"siteorigin-panels-stretch panel-row-style panel-row-style-for-19077-1\" data-stretch-type=\"full-width-stretch\" ><div id=\"pgc-19077-1-0\"  class=\"panel-grid-cell\" ><div id=\"panel-19077-1-0-0\" class=\"so-panel widget widget_sow-image panel-first-child panel-last-child\" data-index=\"2\" ><div class=\"foobox panel-widget-style panel-widget-style-for-19077-1-0-0\" ><div\n\t\t\t\n\t\t\tclass=\"so-widget-sow-image so-widget-sow-image-default-8b5b6f678277-19077\"\n\t\t\t\n\t\t>\n<div class=\"sow-image-container\">\n\t\t\t<a href=\"https:\/\/thebiopool.com\/wp-content\/uploads\/Mini-Naturpool-auf-Dachterrasse-Ibiya-2020.jpg\"\n\t\t\t\t\t>\n\t\t\t<img \n\tdata-src=\"https:\/\/thebiopool.com\/wp-content\/uploads\/Mini-Naturpool-auf-Dachterrasse-Ibiya-2020-e1743064329956.jpg\" width=\"800\" height=\"800\" data-srcset=\"https:\/\/thebiopool.com\/wp-content\/uploads\/Mini-Naturpool-auf-Dachterrasse-Ibiya-2020-e1743064329956.jpg 800w, https:\/\/thebiopool.com\/wp-content\/uploads\/Mini-Naturpool-auf-Dachterrasse-Ibiya-2020-e1743064329956-300x300.jpg 300w, https:\/\/thebiopool.com\/wp-content\/uploads\/Mini-Naturpool-auf-Dachterrasse-Ibiya-2020-e1743064329956-150x150.jpg 150w, https:\/\/thebiopool.com\/wp-content\/uploads\/Mini-Naturpool-auf-Dachterrasse-Ibiya-2020-e1743064329956-600x600.jpg 600w, https:\/\/thebiopool.com\/wp-content\/uploads\/Mini-Naturpool-auf-Dachterrasse-Ibiya-2020-e1743064329956-768x768.jpg 768w\" data-sizes=\"(max-width: 800px) 100vw, 800px\" title=\"Mini-Naturpool auf Dachterrasse, Ibiya 2020\" alt=\"Bio Jacuzzi Ibiza by theBIOPOOL\" \t\tclass=\"so-widget-image lazyload\" src=\"data:image\/svg+xml;base64,PHN2ZyB3aWR0aD0iMSIgaGVpZ2h0PSIxIiB4bWxucz0iaHR0cDovL3d3dy53My5vcmcvMjAwMC9zdmciPjwvc3ZnPg==\" style=\"--smush-placeholder-width: 800px; --smush-placeholder-aspect-ratio: 800\/800;\" \/>\n\t\t\t<\/a><\/div>\n\n<\/div><\/div><\/div><\/div><div id=\"pgc-19077-1-1\"  class=\"panel-grid-cell\" ><div id=\"panel-19077-1-1-0\" class=\"so-panel widget widget_sow-image panel-first-child panel-last-child\" data-index=\"3\" ><div class=\"foobox panel-widget-style panel-widget-style-for-19077-1-1-0\" ><div\n\t\t\t\n\t\t\tclass=\"so-widget-sow-image so-widget-sow-image-default-8b5b6f678277-19077\"\n\t\t\t\n\t\t>\n<div class=\"sow-image-container\">\n\t\t\t<a href=\"https:\/\/thebiopool.com\/wp-content\/uploads\/IMG_3616.jpg\"\n\t\t\t\t\t>\n\t\t\t<img \n\tdata-src=\"https:\/\/thebiopool.com\/wp-content\/uploads\/IMG_3616-e1743064487640.jpg\" width=\"598\" height=\"598\" data-srcset=\"https:\/\/thebiopool.com\/wp-content\/uploads\/IMG_3616-e1743064487640.jpg 598w, https:\/\/thebiopool.com\/wp-content\/uploads\/IMG_3616-e1743064487640-300x300.jpg 300w, https:\/\/thebiopool.com\/wp-content\/uploads\/IMG_3616-e1743064487640-150x150.jpg 150w\" data-sizes=\"(max-width: 598px) 100vw, 598px\" title=\"Biojacuzzi Ibiza\" alt=\"Bio Jacuzzi by theBIOPOOL\" \t\tclass=\"so-widget-image lazyload\" src=\"data:image\/svg+xml;base64,PHN2ZyB3aWR0aD0iMSIgaGVpZ2h0PSIxIiB4bWxucz0iaHR0cDovL3d3dy53My5vcmcvMjAwMC9zdmciPjwvc3ZnPg==\" style=\"--smush-placeholder-width: 598px; --smush-placeholder-aspect-ratio: 598\/598;\" \/>\n\t\t\t<\/a><\/div>\n\n<\/div><\/div><\/div><\/div><div id=\"pgc-19077-1-2\"  class=\"panel-grid-cell\" ><div id=\"panel-19077-1-2-0\" class=\"so-panel widget widget_sow-image panel-first-child panel-last-child\" data-index=\"4\" ><div class=\"foobox panel-widget-style panel-widget-style-for-19077-1-2-0\" ><div\n\t\t\t\n\t\t\tclass=\"so-widget-sow-image so-widget-sow-image-default-8b5b6f678277-19077\"\n\t\t\t\n\t\t>\n<div class=\"sow-image-container\">\n\t\t\t<a href=\"https:\/\/thebiopool.com\/wp-content\/uploads\/Filter-.jpg\"\n\t\t\ttarget=\"_blank\" rel=\"noopener noreferrer\" \t\t>\n\t\t\t<img \n\tdata-src=\"https:\/\/thebiopool.com\/wp-content\/uploads\/Filter--e1743065031851-768x626.jpg\" width=\"768\" height=\"626\" data-srcset=\"https:\/\/thebiopool.com\/wp-content\/uploads\/Filter--e1743065031851-768x626.jpg 768w, https:\/\/thebiopool.com\/wp-content\/uploads\/Filter--e1743065031851-600x489.jpg 600w, https:\/\/thebiopool.com\/wp-content\/uploads\/Filter--e1743065031851-300x245.jpg 300w, https:\/\/thebiopool.com\/wp-content\/uploads\/Filter--e1743065031851.jpg 981w\" data-sizes=\"(max-width: 768px) 100vw, 768px\" title=\"Biojacuzzi by theBIOPOOL\" alt=\"Biojacuzzi by theBIOPOOL\" \t\tclass=\"so-widget-image lazyload\" src=\"data:image\/svg+xml;base64,PHN2ZyB3aWR0aD0iMSIgaGVpZ2h0PSIxIiB4bWxucz0iaHR0cDovL3d3dy53My5vcmcvMjAwMC9zdmciPjwvc3ZnPg==\" style=\"--smush-placeholder-width: 768px; --smush-placeholder-aspect-ratio: 768\/626;\" \/>\n\t\t\t<\/a><\/div>\n\n<\/div><\/div><\/div><\/div><\/div><\/div><div id=\"pg-19077-2\"  class=\"panel-grid panel-has-style\" ><div class=\"panel-row-style panel-row-style-for-19077-2\" ><div id=\"pgc-19077-2-0\"  class=\"panel-grid-cell\" ><div id=\"panel-19077-2-0-0\" class=\"so-panel widget widget_sow-editor panel-first-child panel-last-child\" data-index=\"5\" ><div\n\t\t\t\n\t\t\tclass=\"so-widget-sow-editor so-widget-sow-editor-base\"\n\t\t\t\n\t\t>\n<div class=\"siteorigin-widget-tinymce textwidget\">\n\t<h3 style=\"text-align: center;\"><a href=\"https:\/\/thebiopool.com\/natural-pool-on-the-roof-terrace-ibiza\/\">M\u00e1s fotos<\/a><\/p>\n<\/div>\n<\/div><\/div><\/div><\/div><\/div><\/div>","protected":false},"excerpt":{"rendered":"<p>BIO JACUZZI IN PENTHOUSE &iquest;Qu&eacute; hacer si construyes estanques para nadar pero vives en un apartamento en un tercer piso? &iexcl;Construye tu propia peque&ntilde;a piscina natural en la azotea! Es cierto que es una apuesta un tanto atrevida dadas las condiciones clim&aacute;ticas de Ibiza. Las dimensiones de una cama queen size con una profundidad de agua de 50-60 cm a pleno sol en pleno Mediterr&aacute;neo&#8230; ya son un l&iacute;mite. &iexcl;Pero la peque&ntilde;a piscina natural ha demostrado su eficacia a lo largo de los a&ntilde;os! El filtro instalado por separado no es un premio de belleza, pero cumple su funci&oacute;n a&hellip;<\/p>\n","protected":false},"author":1,"featured_media":0,"parent":0,"menu_order":0,"comment_status":"closed","ping_status":"closed","template":"","meta":{"footnotes":""},"class_list":["post-19077","page","type-page","status-publish","hentry"],"yoast_head":"<!-- This site is optimized with the Yoast SEO plugin v27.2 - https:\/\/yoast.com\/product\/yoast-seo-wordpress\/ -->\n<title>(English) Bio Jacuzzi - Experts for natural ponds<\/title>\n<meta name=\"description\" content=\"(English) If you want a natural and healthy water experience as a pool or pond owner in Ibiza we are your no.1 planer and builder\" \/>\n<meta name=\"robots\" content=\"index, follow, max-snippet:-1, max-image-preview:large, max-video-preview:-1\" \/>\n<link rel=\"canonical\" href=\"https:\/\/thebiopool.com\/es\/bio-jacuzzi\/\" \/>\n<meta property=\"og:locale\" content=\"es_ES\" \/>\n<meta property=\"og:type\" content=\"article\" \/>\n<meta property=\"og:title\" content=\"(English) Bio Jacuzzi - Experts for natural ponds\" \/>\n<meta property=\"og:description\" content=\"(English) If you want a natural and healthy water experience as a pool or pond owner in Ibiza we are your no.1 planer and builder\" \/>\n<meta property=\"og:url\" content=\"https:\/\/thebiopool.com\/es\/bio-jacuzzi\/\" \/>\n<meta property=\"og:site_name\" content=\"expertos en piscinas y estanques naturales\" \/>\n<meta property=\"article:publisher\" content=\"https:\/\/www.facebook.com\/Naturaleza-y-Arte-Stefan-Meier-162702410430553\/\" \/>\n<meta property=\"article:modified_time\" content=\"2025-03-27T09:04:05+00:00\" \/>\n<meta name=\"twitter:card\" content=\"summary_large_image\" \/>\n<meta name=\"twitter:label1\" content=\"Tiempo de lectura\" \/>\n\t<meta name=\"twitter:data1\" content=\"3 minutos\" \/>\n<script type=\"application\/ld+json\" class=\"yoast-schema-graph\">{\"@context\":\"https:\/\/schema.org\",\"@graph\":[{\"@type\":\"WebPage\",\"@id\":\"https:\/\/thebiopool.com\/es\/bio-jacuzzi\/\",\"url\":\"https:\/\/thebiopool.com\/es\/bio-jacuzzi\/\",\"name\":\"(English) Bio Jacuzzi - Experts for natural ponds\",\"isPartOf\":{\"@id\":\"https:\/\/thebiopool.com\/es\/#website\"},\"datePublished\":\"2025-03-27T08:13:22+00:00\",\"dateModified\":\"2025-03-27T09:04:05+00:00\",\"description\":\"(English) If you want a natural and healthy water experience as a pool or pond owner in Ibiza we are your no.1 planer and builder\",\"breadcrumb\":{\"@id\":\"https:\/\/thebiopool.com\/es\/bio-jacuzzi\/#breadcrumb\"},\"inLanguage\":\"es\",\"potentialAction\":[{\"@type\":\"ReadAction\",\"target\":[[\"https:\/\/thebiopool.com\/es\/bio-jacuzzi\/\"]]}]},{\"@type\":\"BreadcrumbList\",\"@id\":\"https:\/\/thebiopool.com\/es\/bio-jacuzzi\/#breadcrumb\",\"itemListElement\":[{\"@type\":\"ListItem\",\"position\":1,\"name\":\"Home\",\"item\":\"https:\/\/thebiopool.com\/es\/\"},{\"@type\":\"ListItem\",\"position\":2,\"name\":\"Bio Jacuzzi\"}]},{\"@type\":\"WebSite\",\"@id\":\"https:\/\/thebiopool.com\/es\/#website\",\"url\":\"https:\/\/thebiopool.com\/es\/\",\"name\":\"TheBiopool\",\"description\":\"planificamos y creamos su estanque natural\",\"publisher\":{\"@id\":\"https:\/\/thebiopool.com\/es\/#organization\"},\"potentialAction\":[{\"@type\":\"SearchAction\",\"target\":{\"@type\":\"EntryPoint\",\"urlTemplate\":\"https:\/\/thebiopool.com\/es\/?s={search_term_string}\"},\"query-input\":{\"@type\":\"PropertyValueSpecification\",\"valueRequired\":true,\"valueName\":\"search_term_string\"}}],\"inLanguage\":\"es\"},{\"@type\":\"Organization\",\"@id\":\"https:\/\/thebiopool.com\/es\/#organization\",\"name\":\"TheBiopool\",\"url\":\"https:\/\/thebiopool.com\/es\/\",\"logo\":{\"@type\":\"ImageObject\",\"inLanguage\":\"es\",\"@id\":\"https:\/\/thebiopool.com\/es\/#\/schema\/logo\/image\/\",\"url\":\"https:\/\/thebiopool.com\/wp-content\/uploads\/logo-schatten-website-klein.png\",\"contentUrl\":\"https:\/\/thebiopool.com\/wp-content\/uploads\/logo-schatten-website-klein.png\",\"width\":220,\"height\":64,\"caption\":\"TheBiopool\"},\"image\":{\"@id\":\"https:\/\/thebiopool.com\/es\/#\/schema\/logo\/image\/\"},\"sameAs\":[\"https:\/\/www.facebook.com\/Naturaleza-y-Arte-Stefan-Meier-162702410430553\/\",\"https:\/\/www.instagram.com\/thebiopool\/\"]}]}<\/script>\n<!-- \/ Yoast SEO plugin. -->","yoast_head_json":{"title":"(English) Bio Jacuzzi - Experts for natural ponds","description":"(English) If you want a natural and healthy water experience as a pool or pond owner in Ibiza we are your no.1 planer and builder","robots":{"index":"index","follow":"follow","max-snippet":"max-snippet:-1","max-image-preview":"max-image-preview:large","max-video-preview":"max-video-preview:-1"},"canonical":"https:\/\/thebiopool.com\/es\/bio-jacuzzi\/","og_locale":"es_ES","og_type":"article","og_title":"(English) Bio Jacuzzi - Experts for natural ponds","og_description":"(English) If you want a natural and healthy water experience as a pool or pond owner in Ibiza we are your no.1 planer and builder","og_url":"https:\/\/thebiopool.com\/es\/bio-jacuzzi\/","og_site_name":"expertos en piscinas y estanques naturales","article_publisher":"https:\/\/www.facebook.com\/Naturaleza-y-Arte-Stefan-Meier-162702410430553\/","article_modified_time":"2025-03-27T09:04:05+00:00","twitter_card":"summary_large_image","twitter_misc":{"Tiempo de lectura":"3 minutos"},"schema":{"@context":"https:\/\/schema.org","@graph":[{"@type":"WebPage","@id":"https:\/\/thebiopool.com\/es\/bio-jacuzzi\/","url":"https:\/\/thebiopool.com\/es\/bio-jacuzzi\/","name":"(English) Bio Jacuzzi - Experts for natural ponds","isPartOf":{"@id":"https:\/\/thebiopool.com\/es\/#website"},"datePublished":"2025-03-27T08:13:22+00:00","dateModified":"2025-03-27T09:04:05+00:00","description":"(English) If you want a natural and healthy water experience as a pool or pond owner in Ibiza we are your no.1 planer and builder","breadcrumb":{"@id":"https:\/\/thebiopool.com\/es\/bio-jacuzzi\/#breadcrumb"},"inLanguage":"es","potentialAction":[{"@type":"ReadAction","target":[["https:\/\/thebiopool.com\/es\/bio-jacuzzi\/"]]}]},{"@type":"BreadcrumbList","@id":"https:\/\/thebiopool.com\/es\/bio-jacuzzi\/#breadcrumb","itemListElement":[{"@type":"ListItem","position":1,"name":"Home","item":"https:\/\/thebiopool.com\/es\/"},{"@type":"ListItem","position":2,"name":"Bio Jacuzzi"}]},{"@type":"WebSite","@id":"https:\/\/thebiopool.com\/es\/#website","url":"https:\/\/thebiopool.com\/es\/","name":"TheBiopool","description":"planificamos y creamos su estanque natural","publisher":{"@id":"https:\/\/thebiopool.com\/es\/#organization"},"potentialAction":[{"@type":"SearchAction","target":{"@type":"EntryPoint","urlTemplate":"https:\/\/thebiopool.com\/es\/?s={search_term_string}"},"query-input":{"@type":"PropertyValueSpecification","valueRequired":true,"valueName":"search_term_string"}}],"inLanguage":"es"},{"@type":"Organization","@id":"https:\/\/thebiopool.com\/es\/#organization","name":"TheBiopool","url":"https:\/\/thebiopool.com\/es\/","logo":{"@type":"ImageObject","inLanguage":"es","@id":"https:\/\/thebiopool.com\/es\/#\/schema\/logo\/image\/","url":"https:\/\/thebiopool.com\/wp-content\/uploads\/logo-schatten-website-klein.png","contentUrl":"https:\/\/thebiopool.com\/wp-content\/uploads\/logo-schatten-website-klein.png","width":220,"height":64,"caption":"TheBiopool"},"image":{"@id":"https:\/\/thebiopool.com\/es\/#\/schema\/logo\/image\/"},"sameAs":["https:\/\/www.facebook.com\/Naturaleza-y-Arte-Stefan-Meier-162702410430553\/","https:\/\/www.instagram.com\/thebiopool\/"]}]}},"_links":{"self":[{"href":"https:\/\/thebiopool.com\/es\/wp-json\/wp\/v2\/pages\/19077","targetHints":{"allow":["GET"]}}],"collection":[{"href":"https:\/\/thebiopool.com\/es\/wp-json\/wp\/v2\/pages"}],"about":[{"href":"https:\/\/thebiopool.com\/es\/wp-json\/wp\/v2\/types\/page"}],"author":[{"embeddable":true,"href":"https:\/\/thebiopool.com\/es\/wp-json\/wp\/v2\/users\/1"}],"replies":[{"embeddable":true,"href":"https:\/\/thebiopool.com\/es\/wp-json\/wp\/v2\/comments?post=19077"}],"version-history":[{"count":0,"href":"https:\/\/thebiopool.com\/es\/wp-json\/wp\/v2\/pages\/19077\/revisions"}],"wp:attachment":[{"href":"https:\/\/thebiopool.com\/es\/wp-json\/wp\/v2\/media?parent=19077"}],"curies":[{"name":"wp","href":"https:\/\/api.w.org\/{rel}","templated":true}]}}