{"id":19089,"date":"2025-03-27T10:24:06","date_gmt":"2025-03-27T09:24:06","guid":{"rendered":"https:\/\/thebiopool.com\/?page_id=19089"},"modified":"2025-03-27T10:50:35","modified_gmt":"2025-03-27T09:50:35","slug":"fire-pond","status":"publish","type":"page","link":"https:\/\/thebiopool.com\/es\/fire-pond\/","title":{"rendered":"Estanque de fuego"},"content":{"rendered":"<div id=\"pl-19089\"  class=\"panel-layout\" ><div id=\"pg-19089-0\"  class=\"panel-grid panel-has-style\" ><div class=\"foobox siteorigin-panels-stretch panel-row-style panel-row-style-for-19089-0\" data-stretch-type=\"full-width-stretch\" ><div id=\"pgc-19089-0-0\"  class=\"panel-grid-cell\" ><div id=\"panel-19089-0-0-0\" class=\"so-panel widget widget_sow-image panel-first-child panel-last-child\" data-index=\"0\" ><div class=\"foobox panel-widget-style panel-widget-style-for-19089-0-0-0\" ><div\n\t\t\t\n\t\t\tclass=\"so-widget-sow-image so-widget-sow-image-default-3a2476c0e107-19089\"\n\t\t\t\n\t\t>\n<div class=\"sow-image-container\">\n\t\t\t<a href=\"https:\/\/thebiopool.com\/wp-content\/uploads\/can-Lupes-by-theBIOPOOL-1.jpg\"\n\t\t\t\t\t>\n\t\t\t<img \n\tdata-src=\"https:\/\/thebiopool.com\/wp-content\/uploads\/can-Lupes-by-theBIOPOOL-1-768x669.jpg\" width=\"768\" height=\"669\" data-srcset=\"https:\/\/thebiopool.com\/wp-content\/uploads\/can-Lupes-by-theBIOPOOL-1-768x669.jpg 768w, https:\/\/thebiopool.com\/wp-content\/uploads\/can-Lupes-by-theBIOPOOL-1-300x261.jpg 300w, https:\/\/thebiopool.com\/wp-content\/uploads\/can-Lupes-by-theBIOPOOL-1-1024x891.jpg 1024w, https:\/\/thebiopool.com\/wp-content\/uploads\/can-Lupes-by-theBIOPOOL-1-1536x1337.jpg 1536w, https:\/\/thebiopool.com\/wp-content\/uploads\/can-Lupes-by-theBIOPOOL-1-600x522.jpg 600w, https:\/\/thebiopool.com\/wp-content\/uploads\/can-Lupes-by-theBIOPOOL-1.jpg 1900w\" data-sizes=\"(max-width: 768px) 100vw, 768px\" title=\"can-Lupes-by-theBIOPOOL-1.jpg\" alt=\"can-Lupes-by-theBIOPOOL-1.jpg\" \t\tclass=\"so-widget-image lazyload\" src=\"data:image\/svg+xml;base64,PHN2ZyB3aWR0aD0iMSIgaGVpZ2h0PSIxIiB4bWxucz0iaHR0cDovL3d3dy53My5vcmcvMjAwMC9zdmciPjwvc3ZnPg==\" style=\"--smush-placeholder-width: 768px; --smush-placeholder-aspect-ratio: 768\/669;\" \/>\n\t\t\t<\/a><\/div>\n\n<\/div><\/div><\/div><\/div><div id=\"pgc-19089-0-1\"  class=\"panel-grid-cell\" ><div id=\"panel-19089-0-1-0\" class=\"so-panel widget widget_sow-editor panel-first-child panel-last-child\" data-index=\"1\" ><div class=\"panel-widget-style panel-widget-style-for-19089-0-1-0\" ><div\n\t\t\t\n\t\t\tclass=\"so-widget-sow-editor so-widget-sow-editor-base\"\n\t\t\t\n\t\t>\n<div class=\"siteorigin-widget-tinymce textwidget\">\n\t<h3 style=\"text-align: right;\"><strong><span style=\"color: #ffffff;\">FIREPOND to BIOPOND<\/span><\/strong><\/h3>\n<p>\u00bfQu\u00e9 hacer si construyes estanques para nadar pero vives en un apartamento en un tercer piso?<\/p>\n<p>\u00a1Construye tu propia peque\u00f1a piscina natural en la azotea!<br \/>\nEs cierto que es una apuesta un tanto atrevida dadas las condiciones clim\u00e1ticas de Ibiza. Las dimensiones de una cama queen size con una profundidad de agua de 50-60 cm a pleno sol en pleno Mediterr\u00e1neo... ya son un l\u00edmite. \u00a1Pero la peque\u00f1a piscina natural ha demostrado su eficacia a lo largo de los a\u00f1os! El filtro instalado por separado no es un premio de belleza, pero cumple su funci\u00f3n a la perfecci\u00f3n.<br \/>\nA\u00f1o de construcci\u00f3n: 2013, volumen total de agua: 2,4 m\u00b3, de los cuales 1 m\u00b3 en el filtro.<\/p>\n<p>Superficie: 400 m\u00b2<br \/>\nVolumen de agua: aprox. 700 m\u00b3<br \/>\nProfundidad: Zona poco profunda sobre el dep\u00f3sito de agua de lluvia como zona de juegos infantiles, zona de ba\u00f1o de 1,4\/3 m, zona de vegetaci\u00f3n de 1,5 y 3 m<br \/>\nConcepto de filtrado: Prefiltro mec\u00e1nico, filtro de grava con plantas, acuicultura<br \/>\nTecnolog\u00eda: Skimmer de piscina y filtro de malla curva, 2 bombas de bajo consumo regulables<br \/>\nPlanificaci\u00f3n: 2020<br \/>\nFase de construcci\u00f3n: Junio \u200b\u200b2020 - Octubre 2020<br \/>\nPrimero surgi\u00f3 la idea de crear un estanque de fuego que tambi\u00e9n recogiera el agua de la lluvia. Luego se desarroll\u00f3 la idea de crear un biotopo para animales y plantas que se han vuelto raros. \u00bfY por qu\u00e9 no aprovecharlo para ba\u00f1arse? As\u00ed se cre\u00f3 este estanque de ba\u00f1o con una cuenca de captaci\u00f3n de agua de lluvia integrada.<\/p>\n<\/div>\n<\/div><\/div><\/div><\/div><\/div><\/div><div id=\"pg-19089-1\"  class=\"panel-grid panel-has-style\" ><div class=\"siteorigin-panels-stretch panel-row-style panel-row-style-for-19089-1\" data-stretch-type=\"full-width-stretch\" ><div id=\"pgc-19089-1-0\"  class=\"panel-grid-cell\" ><div id=\"panel-19089-1-0-0\" class=\"so-panel widget widget_sow-image panel-first-child panel-last-child\" data-index=\"2\" ><div class=\"foobox panel-widget-style panel-widget-style-for-19089-1-0-0\" ><div\n\t\t\t\n\t\t\tclass=\"so-widget-sow-image so-widget-sow-image-default-8b5b6f678277-19089\"\n\t\t\t\n\t\t>\n<div class=\"sow-image-container\">\n\t\t\t<a href=\"https:\/\/thebiopool.com\/wp-content\/uploads\/lago-contra-incendios-balneable_800.jpg\"\n\t\t\t\t\t>\n\t\t\t<img \n\tdata-src=\"https:\/\/thebiopool.com\/wp-content\/uploads\/lago-contra-incendios-balneable_800-e1743067580393.jpg\" width=\"800\" height=\"800\" data-srcset=\"https:\/\/thebiopool.com\/wp-content\/uploads\/lago-contra-incendios-balneable_800-e1743067580393.jpg 800w, https:\/\/thebiopool.com\/wp-content\/uploads\/lago-contra-incendios-balneable_800-e1743067580393-300x300.jpg 300w, https:\/\/thebiopool.com\/wp-content\/uploads\/lago-contra-incendios-balneable_800-e1743067580393-150x150.jpg 150w, https:\/\/thebiopool.com\/wp-content\/uploads\/lago-contra-incendios-balneable_800-e1743067580393-600x600.jpg 600w, https:\/\/thebiopool.com\/wp-content\/uploads\/lago-contra-incendios-balneable_800-e1743067580393-768x768.jpg 768w\" data-sizes=\"(max-width: 800px) 100vw, 800px\" title=\"Fire Pond extended IBIZA by theBIOPOOL\" alt=\"Fire Pond extended IBIZA by theBIOPOOL\" \t\tclass=\"so-widget-image lazyload\" src=\"data:image\/svg+xml;base64,PHN2ZyB3aWR0aD0iMSIgaGVpZ2h0PSIxIiB4bWxucz0iaHR0cDovL3d3dy53My5vcmcvMjAwMC9zdmciPjwvc3ZnPg==\" style=\"--smush-placeholder-width: 800px; --smush-placeholder-aspect-ratio: 800\/800;\" \/>\n\t\t\t<\/a><\/div>\n\n<\/div><\/div><\/div><\/div><div id=\"pgc-19089-1-1\"  class=\"panel-grid-cell\" ><div id=\"panel-19089-1-1-0\" class=\"so-panel widget widget_sow-image panel-first-child panel-last-child\" data-index=\"3\" ><div class=\"foobox panel-widget-style panel-widget-style-for-19089-1-1-0\" ><div\n\t\t\t\n\t\t\tclass=\"so-widget-sow-image so-widget-sow-image-default-8b5b6f678277-19089\"\n\t\t\t\n\t\t>\n<div class=\"sow-image-container\">\n\t\t\t<a href=\"https:\/\/thebiopool.com\/wp-content\/uploads\/Loschteich-2.jpg\"\n\t\t\t\t\t>\n\t\t\t<img \n\tdata-src=\"https:\/\/thebiopool.com\/wp-content\/uploads\/Loschteich-2-e1743068290116-768x768.jpg\" width=\"768\" height=\"768\" data-srcset=\"https:\/\/thebiopool.com\/wp-content\/uploads\/Loschteich-2-e1743068290116-768x768.jpg 768w, https:\/\/thebiopool.com\/wp-content\/uploads\/Loschteich-2-e1743068290116-300x300.jpg 300w, https:\/\/thebiopool.com\/wp-content\/uploads\/Loschteich-2-e1743068290116-150x150.jpg 150w, https:\/\/thebiopool.com\/wp-content\/uploads\/Loschteich-2-e1743068290116-600x600.jpg 600w, https:\/\/thebiopool.com\/wp-content\/uploads\/Loschteich-2-e1743068290116.jpg 800w\" data-sizes=\"(max-width: 768px) 100vw, 768px\" title=\"Fire Pond Ibiza\" alt=\"Fire Pond Ibiza by theBIOPOOL\" \t\tclass=\"so-widget-image lazyload\" src=\"data:image\/svg+xml;base64,PHN2ZyB3aWR0aD0iMSIgaGVpZ2h0PSIxIiB4bWxucz0iaHR0cDovL3d3dy53My5vcmcvMjAwMC9zdmciPjwvc3ZnPg==\" style=\"--smush-placeholder-width: 768px; --smush-placeholder-aspect-ratio: 768\/768;\" \/>\n\t\t\t<\/a><\/div>\n\n<\/div><\/div><\/div><\/div><div id=\"pgc-19089-1-2\"  class=\"panel-grid-cell\" ><div id=\"panel-19089-1-2-0\" class=\"so-panel widget widget_sow-image panel-first-child panel-last-child\" data-index=\"4\" ><div class=\"foobox panel-widget-style panel-widget-style-for-19089-1-2-0\" ><div\n\t\t\t\n\t\t\tclass=\"so-widget-sow-image so-widget-sow-image-default-8b5b6f678277-19089\"\n\t\t\t\n\t\t>\n<div class=\"sow-image-container\">\n\t\t\t<a href=\"https:\/\/thebiopool.com\/wp-content\/uploads\/Loschteich-1.jpg\"\n\t\t\ttarget=\"_blank\" rel=\"noopener noreferrer\" \t\t>\n\t\t\t<img \n\tdata-src=\"https:\/\/thebiopool.com\/wp-content\/uploads\/Loschteich-1-e1743068555610-768x626.jpg\" width=\"768\" height=\"626\" data-srcset=\"https:\/\/thebiopool.com\/wp-content\/uploads\/Loschteich-1-e1743068555610-768x626.jpg 768w, https:\/\/thebiopool.com\/wp-content\/uploads\/Loschteich-1-e1743068555610-600x489.jpg 600w, https:\/\/thebiopool.com\/wp-content\/uploads\/Loschteich-1-e1743068555610-300x245.jpg 300w, https:\/\/thebiopool.com\/wp-content\/uploads\/Loschteich-1-e1743068555610.jpg 981w\" data-sizes=\"(max-width: 768px) 100vw, 768px\" title=\"Firepond by theBIOPOOL\" alt=\"Fire Pond by theBIOPOOL\" \t\tclass=\"so-widget-image lazyload\" src=\"data:image\/svg+xml;base64,PHN2ZyB3aWR0aD0iMSIgaGVpZ2h0PSIxIiB4bWxucz0iaHR0cDovL3d3dy53My5vcmcvMjAwMC9zdmciPjwvc3ZnPg==\" style=\"--smush-placeholder-width: 768px; --smush-placeholder-aspect-ratio: 768\/626;\" \/>\n\t\t\t<\/a><\/div>\n\n<\/div><\/div><\/div><\/div><\/div><\/div><div id=\"pg-19089-2\"  class=\"panel-grid panel-has-style\" ><div class=\"panel-row-style panel-row-style-for-19089-2\" ><div id=\"pgc-19089-2-0\"  class=\"panel-grid-cell\" ><div id=\"panel-19089-2-0-0\" class=\"so-panel widget widget_sow-editor panel-first-child panel-last-child\" data-index=\"5\" ><div\n\t\t\t\n\t\t\tclass=\"so-widget-sow-editor so-widget-sow-editor-base\"\n\t\t\t\n\t\t>\n<div class=\"siteorigin-widget-tinymce textwidget\">\n\t<h3 style=\"text-align: center;\"><a href=\"https:\/\/thebiopool.com\/fire-pond-for-swimming-spain\/\">M\u00e1s fotos<\/a><br \/>\n<a href=\"https:\/\/thebiopool.com\/fire-pond-for-swimming-spain\/\"><\/a><\/h3>\n<\/div>\n<\/div><\/div><\/div><\/div><\/div><\/div>","protected":false},"excerpt":{"rendered":"<p>FIREPOND to BIOPOND &iquest;Qu&eacute; hacer si construyes estanques para nadar pero vives en un apartamento en un tercer piso? &iexcl;Construye tu propia peque&ntilde;a piscina natural en la azotea! Es cierto que es una apuesta un tanto atrevida dadas las condiciones clim&aacute;ticas de Ibiza. Las dimensiones de una cama queen size con una profundidad de agua de 50-60 cm a pleno sol en pleno Mediterr&aacute;neo&#8230; ya son un l&iacute;mite. &iexcl;Pero la peque&ntilde;a piscina natural ha demostrado su eficacia a lo largo de los a&ntilde;os! El filtro instalado por separado no es un premio de belleza, pero cumple su funci&oacute;n a la&hellip;<\/p>\n","protected":false},"author":1,"featured_media":0,"parent":0,"menu_order":0,"comment_status":"closed","ping_status":"closed","template":"","meta":{"footnotes":""},"class_list":["post-19089","page","type-page","status-publish","hentry"],"yoast_head":"<!-- This site is optimized with the Yoast SEO plugin v27.5 - https:\/\/yoast.com\/product\/yoast-seo-wordpress\/ -->\n<title>Estanque de fuego - Experts for natural ponds<\/title>\n<meta name=\"description\" content=\"(English) If you want a natural and healthy water experience as a pool or pond owner in Ibiza we are your no.1 planer and builder\" \/>\n<meta name=\"robots\" content=\"index, follow, max-snippet:-1, max-image-preview:large, max-video-preview:-1\" \/>\n<link rel=\"canonical\" href=\"https:\/\/thebiopool.com\/es\/fire-pond\/\" \/>\n<meta property=\"og:locale\" content=\"es_ES\" \/>\n<meta property=\"og:type\" content=\"article\" \/>\n<meta property=\"og:title\" content=\"Estanque de fuego - Experts for natural ponds\" \/>\n<meta property=\"og:description\" content=\"(English) If you want a natural and healthy water experience as a pool or pond owner in Ibiza we are your no.1 planer and builder\" \/>\n<meta property=\"og:url\" content=\"https:\/\/thebiopool.com\/es\/fire-pond\/\" \/>\n<meta property=\"og:site_name\" content=\"expertos en piscinas y estanques naturales\" \/>\n<meta property=\"article:publisher\" content=\"https:\/\/www.facebook.com\/Naturaleza-y-Arte-Stefan-Meier-162702410430553\/\" \/>\n<meta property=\"article:modified_time\" content=\"2025-03-27T09:50:35+00:00\" \/>\n<meta name=\"twitter:card\" content=\"summary_large_image\" \/>\n<meta name=\"twitter:label1\" content=\"Tiempo de lectura\" \/>\n\t<meta name=\"twitter:data1\" content=\"4 minutos\" \/>\n<script type=\"application\/ld+json\" class=\"yoast-schema-graph\">{\"@context\":\"https:\\\/\\\/schema.org\",\"@graph\":[{\"@type\":\"WebPage\",\"@id\":\"https:\\\/\\\/thebiopool.com\\\/es\\\/fire-pond\\\/\",\"url\":\"https:\\\/\\\/thebiopool.com\\\/es\\\/fire-pond\\\/\",\"name\":\"Estanque de fuego - Experts for natural ponds\",\"isPartOf\":{\"@id\":\"https:\\\/\\\/thebiopool.com\\\/es\\\/#website\"},\"datePublished\":\"2025-03-27T09:24:06+00:00\",\"dateModified\":\"2025-03-27T09:50:35+00:00\",\"description\":\"(English) If you want a natural and healthy water experience as a pool or pond owner in Ibiza we are your no.1 planer and builder\",\"breadcrumb\":{\"@id\":\"https:\\\/\\\/thebiopool.com\\\/es\\\/fire-pond\\\/#breadcrumb\"},\"inLanguage\":\"es\",\"potentialAction\":[{\"@type\":\"ReadAction\",\"target\":[[\"https:\\\/\\\/thebiopool.com\\\/es\\\/fire-pond\\\/\"]]}]},{\"@type\":\"BreadcrumbList\",\"@id\":\"https:\\\/\\\/thebiopool.com\\\/es\\\/fire-pond\\\/#breadcrumb\",\"itemListElement\":[{\"@type\":\"ListItem\",\"position\":1,\"name\":\"Home\",\"item\":\"https:\\\/\\\/thebiopool.com\\\/es\\\/\"},{\"@type\":\"ListItem\",\"position\":2,\"name\":\"Fire Pond\"}]},{\"@type\":\"WebSite\",\"@id\":\"https:\\\/\\\/thebiopool.com\\\/es\\\/#website\",\"url\":\"https:\\\/\\\/thebiopool.com\\\/es\\\/\",\"name\":\"TheBiopool\",\"description\":\"planificamos y creamos su estanque natural\",\"publisher\":{\"@id\":\"https:\\\/\\\/thebiopool.com\\\/es\\\/#organization\"},\"potentialAction\":[{\"@type\":\"SearchAction\",\"target\":{\"@type\":\"EntryPoint\",\"urlTemplate\":\"https:\\\/\\\/thebiopool.com\\\/es\\\/?s={search_term_string}\"},\"query-input\":{\"@type\":\"PropertyValueSpecification\",\"valueRequired\":true,\"valueName\":\"search_term_string\"}}],\"inLanguage\":\"es\"},{\"@type\":\"Organization\",\"@id\":\"https:\\\/\\\/thebiopool.com\\\/es\\\/#organization\",\"name\":\"TheBiopool\",\"url\":\"https:\\\/\\\/thebiopool.com\\\/es\\\/\",\"logo\":{\"@type\":\"ImageObject\",\"inLanguage\":\"es\",\"@id\":\"https:\\\/\\\/thebiopool.com\\\/es\\\/#\\\/schema\\\/logo\\\/image\\\/\",\"url\":\"https:\\\/\\\/thebiopool.com\\\/wp-content\\\/uploads\\\/logo-schatten-website-klein.png\",\"contentUrl\":\"https:\\\/\\\/thebiopool.com\\\/wp-content\\\/uploads\\\/logo-schatten-website-klein.png\",\"width\":220,\"height\":64,\"caption\":\"TheBiopool\"},\"image\":{\"@id\":\"https:\\\/\\\/thebiopool.com\\\/es\\\/#\\\/schema\\\/logo\\\/image\\\/\"},\"sameAs\":[\"https:\\\/\\\/www.facebook.com\\\/Naturaleza-y-Arte-Stefan-Meier-162702410430553\\\/\",\"https:\\\/\\\/www.instagram.com\\\/thebiopool\\\/\"]}]}<\/script>\n<!-- \/ Yoast SEO plugin. -->","yoast_head_json":{"title":"Estanque de fuego - Experts for natural ponds","description":"(English) If you want a natural and healthy water experience as a pool or pond owner in Ibiza we are your no.1 planer and builder","robots":{"index":"index","follow":"follow","max-snippet":"max-snippet:-1","max-image-preview":"max-image-preview:large","max-video-preview":"max-video-preview:-1"},"canonical":"https:\/\/thebiopool.com\/es\/fire-pond\/","og_locale":"es_ES","og_type":"article","og_title":"Estanque de fuego - Experts for natural ponds","og_description":"(English) If you want a natural and healthy water experience as a pool or pond owner in Ibiza we are your no.1 planer and builder","og_url":"https:\/\/thebiopool.com\/es\/fire-pond\/","og_site_name":"expertos en piscinas y estanques naturales","article_publisher":"https:\/\/www.facebook.com\/Naturaleza-y-Arte-Stefan-Meier-162702410430553\/","article_modified_time":"2025-03-27T09:50:35+00:00","twitter_card":"summary_large_image","twitter_misc":{"Tiempo de lectura":"4 minutos"},"schema":{"@context":"https:\/\/schema.org","@graph":[{"@type":"WebPage","@id":"https:\/\/thebiopool.com\/es\/fire-pond\/","url":"https:\/\/thebiopool.com\/es\/fire-pond\/","name":"Estanque de fuego - Experts for natural ponds","isPartOf":{"@id":"https:\/\/thebiopool.com\/es\/#website"},"datePublished":"2025-03-27T09:24:06+00:00","dateModified":"2025-03-27T09:50:35+00:00","description":"(English) If you want a natural and healthy water experience as a pool or pond owner in Ibiza we are your no.1 planer and builder","breadcrumb":{"@id":"https:\/\/thebiopool.com\/es\/fire-pond\/#breadcrumb"},"inLanguage":"es","potentialAction":[{"@type":"ReadAction","target":[["https:\/\/thebiopool.com\/es\/fire-pond\/"]]}]},{"@type":"BreadcrumbList","@id":"https:\/\/thebiopool.com\/es\/fire-pond\/#breadcrumb","itemListElement":[{"@type":"ListItem","position":1,"name":"Home","item":"https:\/\/thebiopool.com\/es\/"},{"@type":"ListItem","position":2,"name":"Fire Pond"}]},{"@type":"WebSite","@id":"https:\/\/thebiopool.com\/es\/#website","url":"https:\/\/thebiopool.com\/es\/","name":"TheBiopool","description":"planificamos y creamos su estanque natural","publisher":{"@id":"https:\/\/thebiopool.com\/es\/#organization"},"potentialAction":[{"@type":"SearchAction","target":{"@type":"EntryPoint","urlTemplate":"https:\/\/thebiopool.com\/es\/?s={search_term_string}"},"query-input":{"@type":"PropertyValueSpecification","valueRequired":true,"valueName":"search_term_string"}}],"inLanguage":"es"},{"@type":"Organization","@id":"https:\/\/thebiopool.com\/es\/#organization","name":"TheBiopool","url":"https:\/\/thebiopool.com\/es\/","logo":{"@type":"ImageObject","inLanguage":"es","@id":"https:\/\/thebiopool.com\/es\/#\/schema\/logo\/image\/","url":"https:\/\/thebiopool.com\/wp-content\/uploads\/logo-schatten-website-klein.png","contentUrl":"https:\/\/thebiopool.com\/wp-content\/uploads\/logo-schatten-website-klein.png","width":220,"height":64,"caption":"TheBiopool"},"image":{"@id":"https:\/\/thebiopool.com\/es\/#\/schema\/logo\/image\/"},"sameAs":["https:\/\/www.facebook.com\/Naturaleza-y-Arte-Stefan-Meier-162702410430553\/","https:\/\/www.instagram.com\/thebiopool\/"]}]}},"_links":{"self":[{"href":"https:\/\/thebiopool.com\/es\/wp-json\/wp\/v2\/pages\/19089","targetHints":{"allow":["GET"]}}],"collection":[{"href":"https:\/\/thebiopool.com\/es\/wp-json\/wp\/v2\/pages"}],"about":[{"href":"https:\/\/thebiopool.com\/es\/wp-json\/wp\/v2\/types\/page"}],"author":[{"embeddable":true,"href":"https:\/\/thebiopool.com\/es\/wp-json\/wp\/v2\/users\/1"}],"replies":[{"embeddable":true,"href":"https:\/\/thebiopool.com\/es\/wp-json\/wp\/v2\/comments?post=19089"}],"version-history":[{"count":0,"href":"https:\/\/thebiopool.com\/es\/wp-json\/wp\/v2\/pages\/19089\/revisions"}],"wp:attachment":[{"href":"https:\/\/thebiopool.com\/es\/wp-json\/wp\/v2\/media?parent=19089"}],"curies":[{"name":"wp","href":"https:\/\/api.w.org\/{rel}","templated":true}]}}