{"id":16051,"date":"2019-07-12T08:44:16","date_gmt":"2019-07-12T06:44:16","guid":{"rendered":"https:\/\/thebiopool.com\/product\/filtro-de-hoja\/"},"modified":"2024-10-25T15:01:50","modified_gmt":"2024-10-25T13:01:50","slug":"filtro-de-hoja","status":"publish","type":"product","link":"https:\/\/thebiopool.com\/es\/product\/filtro-de-hoja\/","title":{"rendered":"Filtro de hoja"},"content":{"rendered":"<p>Estructura similar a un filtro de cartucho en la parte superior.\u2028\u2028<br \/>\nFiltro de acero inoxidable, con sitema de auto-limpieza mediante el hueco de arco el\u00e9ctrico.<br \/>\n\u2028\u2028Incluye recipiente de recogida y cable alimentador.\u2028Incorpora un acoplamiento para la conexi\u00f3n de la manguera.<br \/>\nArbeitsbreite: 49 cm Aufnahmeleistung bis zu 30m\u00b3\/h Filtersch\u00e4rfe: >300\u00b5<br \/>\nMa\u00dfe: B 67x T 58 x H 77 cm<br \/>\nGewicht: 26,5 kg Ancho: 49 cm<br \/>\nPotencia de entrada hasta 30 m\u00b3\/h<br \/>\nNitidez del filtro: >300 micras<br \/>\nDimensiones: An 67 x Pr 58 x Al 77 cm<br \/>\nPeso: 26,5 kg<br \/>\nEl filtro de hoja AQUA CLEAR es un producto hecho exclusivamente para Manzke, y pertenece a la gama alta de filtros. El cometido de la hoja es separar las impurezas de mayor tama\u00f1o a trav\u00e9s de un colador muy fino. Es una t\u00e9cnica simple de filtrado y al mismo tiempo muy eficaz. La forma curva del filtro facilita la entrada del agua no filtrada que contiene residuos. Los filtros est\u00e1n disponibles en diferentes tama\u00f1os. Est\u00e1 hecho en acero inoxidable, incorpora un sistema de auto limpieza, un recipiente de recogida, un cable de alimentaci\u00f3n a la red y un acoplamiento para manguera.<br \/>\nPotencia de entrada hasta 30 m\u00b3\/h<br \/>\nFiltraci\u00f3n: >300 micras<br \/>\nDimensiones: An 67 x Pr 58 x Al 77 cm<br \/>\nPeso: 26,5 kg<br \/>\nNuestro servicio de atenci\u00f3n al cliente estar\u00e1 encantado de asesorarle por tel\u00e9fono y correo electr\u00f3nico. Contamos con un equipo de expertos que sabr\u00e1n responder todas sus dudas o inquietudes.<\/p>","protected":false},"excerpt":{"rendered":"<p>Estructura similar a un filtro de cartucho en la parte superior.<\/p>\n<p>Filtro de acero inoxidable Auto-limpieza hueco de arco el\u00e9ctrico<\/p>\n<p>Incluye recipiente de recogida y cable alimentador.<br \/>\ncon un acoplamiento para la conexi\u00f3n de la manguera.<\/p>\n","protected":false},"featured_media":16050,"comment_status":"open","ping_status":"closed","template":"","meta":[],"product_brand":[],"product_cat":[215],"product_tag":[],"class_list":{"0":"post-16051","1":"product","2":"type-product","3":"status-publish","4":"has-post-thumbnail","6":"product_cat-filtertechnik","7":"product_shipping_class-aquaclear","9":"first","10":"instock","11":"taxable","12":"shipping-taxable","13":"purchasable","14":"product-type-simple"},"yoast_head":"<!-- This site is optimized with the Yoast SEO plugin v27.5 - https:\/\/yoast.com\/product\/yoast-seo-wordpress\/ -->\n<title>Filtro de hoja - expertos en piscinas y estanques naturales<\/title>\n<meta name=\"robots\" content=\"index, follow, max-snippet:-1, max-image-preview:large, max-video-preview:-1\" \/>\n<link rel=\"canonical\" href=\"https:\/\/thebiopool.com\/es\/product\/filtro-de-hoja\/\" \/>\n<meta property=\"og:locale\" content=\"es_ES\" \/>\n<meta property=\"og:type\" content=\"article\" \/>\n<meta property=\"og:title\" content=\"Filtro de hoja - expertos en piscinas y estanques naturales\" \/>\n<meta property=\"og:description\" content=\"Estructura similar a un filtro de cartucho en la parte superior.  Filtro de acero inoxidable Auto-limpieza hueco de arco el\u00e9ctrico  Incluye recipiente de recogida y cable alimentador. con un acoplamiento para la conexi\u00f3n de la manguera.\" \/>\n<meta property=\"og:url\" content=\"https:\/\/thebiopool.com\/es\/product\/filtro-de-hoja\/\" \/>\n<meta property=\"og:site_name\" content=\"expertos en piscinas y estanques naturales\" \/>\n<meta property=\"article:publisher\" content=\"https:\/\/www.facebook.com\/Naturaleza-y-Arte-Stefan-Meier-162702410430553\/\" \/>\n<meta property=\"article:modified_time\" content=\"2024-10-25T13:01:50+00:00\" \/>\n<meta property=\"og:image\" content=\"https:\/\/thebiopool.com\/wp-content\/uploads\/manzke20171220_006-1.jpg\" \/>\n\t<meta property=\"og:image:width\" content=\"768\" \/>\n\t<meta property=\"og:image:height\" content=\"1152\" \/>\n\t<meta property=\"og:image:type\" content=\"image\/jpeg\" \/>\n<meta name=\"twitter:card\" content=\"summary_large_image\" \/>\n<meta name=\"twitter:label1\" content=\"Tiempo de lectura\" \/>\n\t<meta name=\"twitter:data1\" content=\"1 minuto\" \/>\n<script type=\"application\/ld+json\" class=\"yoast-schema-graph\">{\"@context\":\"https:\\\/\\\/schema.org\",\"@graph\":[{\"@type\":\"WebPage\",\"@id\":\"https:\\\/\\\/thebiopool.com\\\/es\\\/product\\\/filtro-de-hoja\\\/\",\"url\":\"https:\\\/\\\/thebiopool.com\\\/es\\\/product\\\/filtro-de-hoja\\\/\",\"name\":\"Filtro de hoja - expertos en piscinas y estanques naturales\",\"isPartOf\":{\"@id\":\"https:\\\/\\\/thebiopool.com\\\/es\\\/#website\"},\"primaryImageOfPage\":{\"@id\":\"https:\\\/\\\/thebiopool.com\\\/es\\\/product\\\/filtro-de-hoja\\\/#primaryimage\"},\"image\":{\"@id\":\"https:\\\/\\\/thebiopool.com\\\/product\\\/filtro-de-hoja\\\/#primaryimage\"},\"thumbnailUrl\":\"https:\\\/\\\/thebiopool.com\\\/wp-content\\\/uploads\\\/manzke20171220_006-1.jpg\",\"datePublished\":\"2019-07-12T06:44:16+00:00\",\"dateModified\":\"2024-10-25T13:01:50+00:00\",\"breadcrumb\":{\"@id\":\"https:\\\/\\\/thebiopool.com\\\/es\\\/product\\\/filtro-de-hoja\\\/#breadcrumb\"},\"inLanguage\":\"es\",\"potentialAction\":[{\"@type\":\"ReadAction\",\"target\":[[\"https:\\\/\\\/thebiopool.com\\\/es\\\/product\\\/filtro-de-hoja\\\/\"]]}]},{\"@type\":\"ImageObject\",\"inLanguage\":\"es\",\"@id\":\"https:\\\/\\\/thebiopool.com\\\/es\\\/product\\\/filtro-de-hoja\\\/#primaryimage\",\"url\":\"https:\\\/\\\/thebiopool.com\\\/wp-content\\\/uploads\\\/manzke20171220_006-1.jpg\",\"contentUrl\":\"https:\\\/\\\/thebiopool.com\\\/wp-content\\\/uploads\\\/manzke20171220_006-1.jpg\",\"width\":768,\"height\":1152},{\"@type\":\"BreadcrumbList\",\"@id\":\"https:\\\/\\\/thebiopool.com\\\/es\\\/product\\\/filtro-de-hoja\\\/#breadcrumb\",\"itemListElement\":[{\"@type\":\"ListItem\",\"position\":1,\"name\":\"Home\",\"item\":\"https:\\\/\\\/thebiopool.com\\\/es\\\/\"},{\"@type\":\"ListItem\",\"position\":2,\"name\":\"Shop\",\"item\":\"https:\\\/\\\/thebiopool.com\\\/es\\\/shop\\\/\"},{\"@type\":\"ListItem\",\"position\":3,\"name\":\"Leaf filter\"}]},{\"@type\":\"WebSite\",\"@id\":\"https:\\\/\\\/thebiopool.com\\\/es\\\/#website\",\"url\":\"https:\\\/\\\/thebiopool.com\\\/es\\\/\",\"name\":\"TheBiopool\",\"description\":\"planificamos y creamos su estanque natural\",\"publisher\":{\"@id\":\"https:\\\/\\\/thebiopool.com\\\/es\\\/#organization\"},\"potentialAction\":[{\"@type\":\"SearchAction\",\"target\":{\"@type\":\"EntryPoint\",\"urlTemplate\":\"https:\\\/\\\/thebiopool.com\\\/es\\\/?s={search_term_string}\"},\"query-input\":{\"@type\":\"PropertyValueSpecification\",\"valueRequired\":true,\"valueName\":\"search_term_string\"}}],\"inLanguage\":\"es\"},{\"@type\":\"Organization\",\"@id\":\"https:\\\/\\\/thebiopool.com\\\/es\\\/#organization\",\"name\":\"TheBiopool\",\"url\":\"https:\\\/\\\/thebiopool.com\\\/es\\\/\",\"logo\":{\"@type\":\"ImageObject\",\"inLanguage\":\"es\",\"@id\":\"https:\\\/\\\/thebiopool.com\\\/es\\\/#\\\/schema\\\/logo\\\/image\\\/\",\"url\":\"https:\\\/\\\/thebiopool.com\\\/wp-content\\\/uploads\\\/logo-schatten-website-klein.png\",\"contentUrl\":\"https:\\\/\\\/thebiopool.com\\\/wp-content\\\/uploads\\\/logo-schatten-website-klein.png\",\"width\":220,\"height\":64,\"caption\":\"TheBiopool\"},\"image\":{\"@id\":\"https:\\\/\\\/thebiopool.com\\\/es\\\/#\\\/schema\\\/logo\\\/image\\\/\"},\"sameAs\":[\"https:\\\/\\\/www.facebook.com\\\/Naturaleza-y-Arte-Stefan-Meier-162702410430553\\\/\",\"https:\\\/\\\/www.instagram.com\\\/thebiopool\\\/\"]}]}<\/script>\n<!-- \/ Yoast SEO plugin. -->","yoast_head_json":{"title":"Filtro de hoja - expertos en piscinas y estanques naturales","robots":{"index":"index","follow":"follow","max-snippet":"max-snippet:-1","max-image-preview":"max-image-preview:large","max-video-preview":"max-video-preview:-1"},"canonical":"https:\/\/thebiopool.com\/es\/product\/filtro-de-hoja\/","og_locale":"es_ES","og_type":"article","og_title":"Filtro de hoja - expertos en piscinas y estanques naturales","og_description":"Estructura similar a un filtro de cartucho en la parte superior.  Filtro de acero inoxidable Auto-limpieza hueco de arco el\u00e9ctrico  Incluye recipiente de recogida y cable alimentador. con un acoplamiento para la conexi\u00f3n de la manguera.","og_url":"https:\/\/thebiopool.com\/es\/product\/filtro-de-hoja\/","og_site_name":"expertos en piscinas y estanques naturales","article_publisher":"https:\/\/www.facebook.com\/Naturaleza-y-Arte-Stefan-Meier-162702410430553\/","article_modified_time":"2024-10-25T13:01:50+00:00","og_image":[{"width":768,"height":1152,"url":"https:\/\/thebiopool.com\/wp-content\/uploads\/manzke20171220_006-1.jpg","type":"image\/jpeg"}],"twitter_card":"summary_large_image","twitter_misc":{"Tiempo de lectura":"1 minuto"},"schema":{"@context":"https:\/\/schema.org","@graph":[{"@type":"WebPage","@id":"https:\/\/thebiopool.com\/es\/product\/filtro-de-hoja\/","url":"https:\/\/thebiopool.com\/es\/product\/filtro-de-hoja\/","name":"Filtro de hoja - expertos en piscinas y estanques naturales","isPartOf":{"@id":"https:\/\/thebiopool.com\/es\/#website"},"primaryImageOfPage":{"@id":"https:\/\/thebiopool.com\/es\/product\/filtro-de-hoja\/#primaryimage"},"image":{"@id":"https:\/\/thebiopool.com\/product\/filtro-de-hoja\/#primaryimage"},"thumbnailUrl":"https:\/\/thebiopool.com\/wp-content\/uploads\/manzke20171220_006-1.jpg","datePublished":"2019-07-12T06:44:16+00:00","dateModified":"2024-10-25T13:01:50+00:00","breadcrumb":{"@id":"https:\/\/thebiopool.com\/es\/product\/filtro-de-hoja\/#breadcrumb"},"inLanguage":"es","potentialAction":[{"@type":"ReadAction","target":[["https:\/\/thebiopool.com\/es\/product\/filtro-de-hoja\/"]]}]},{"@type":"ImageObject","inLanguage":"es","@id":"https:\/\/thebiopool.com\/es\/product\/filtro-de-hoja\/#primaryimage","url":"https:\/\/thebiopool.com\/wp-content\/uploads\/manzke20171220_006-1.jpg","contentUrl":"https:\/\/thebiopool.com\/wp-content\/uploads\/manzke20171220_006-1.jpg","width":768,"height":1152},{"@type":"BreadcrumbList","@id":"https:\/\/thebiopool.com\/es\/product\/filtro-de-hoja\/#breadcrumb","itemListElement":[{"@type":"ListItem","position":1,"name":"Home","item":"https:\/\/thebiopool.com\/es\/"},{"@type":"ListItem","position":2,"name":"Shop","item":"https:\/\/thebiopool.com\/es\/shop\/"},{"@type":"ListItem","position":3,"name":"Leaf filter"}]},{"@type":"WebSite","@id":"https:\/\/thebiopool.com\/es\/#website","url":"https:\/\/thebiopool.com\/es\/","name":"TheBiopool","description":"planificamos y creamos su estanque natural","publisher":{"@id":"https:\/\/thebiopool.com\/es\/#organization"},"potentialAction":[{"@type":"SearchAction","target":{"@type":"EntryPoint","urlTemplate":"https:\/\/thebiopool.com\/es\/?s={search_term_string}"},"query-input":{"@type":"PropertyValueSpecification","valueRequired":true,"valueName":"search_term_string"}}],"inLanguage":"es"},{"@type":"Organization","@id":"https:\/\/thebiopool.com\/es\/#organization","name":"TheBiopool","url":"https:\/\/thebiopool.com\/es\/","logo":{"@type":"ImageObject","inLanguage":"es","@id":"https:\/\/thebiopool.com\/es\/#\/schema\/logo\/image\/","url":"https:\/\/thebiopool.com\/wp-content\/uploads\/logo-schatten-website-klein.png","contentUrl":"https:\/\/thebiopool.com\/wp-content\/uploads\/logo-schatten-website-klein.png","width":220,"height":64,"caption":"TheBiopool"},"image":{"@id":"https:\/\/thebiopool.com\/es\/#\/schema\/logo\/image\/"},"sameAs":["https:\/\/www.facebook.com\/Naturaleza-y-Arte-Stefan-Meier-162702410430553\/","https:\/\/www.instagram.com\/thebiopool\/"]}]}},"_links":{"self":[{"href":"https:\/\/thebiopool.com\/es\/wp-json\/wp\/v2\/product\/16051","targetHints":{"allow":["GET"]}}],"collection":[{"href":"https:\/\/thebiopool.com\/es\/wp-json\/wp\/v2\/product"}],"about":[{"href":"https:\/\/thebiopool.com\/es\/wp-json\/wp\/v2\/types\/product"}],"replies":[{"embeddable":true,"href":"https:\/\/thebiopool.com\/es\/wp-json\/wp\/v2\/comments?post=16051"}],"wp:featuredmedia":[{"embeddable":true,"href":"https:\/\/thebiopool.com\/es\/wp-json\/wp\/v2\/media\/16050"}],"wp:attachment":[{"href":"https:\/\/thebiopool.com\/es\/wp-json\/wp\/v2\/media?parent=16051"}],"wp:term":[{"taxonomy":"product_brand","embeddable":true,"href":"https:\/\/thebiopool.com\/es\/wp-json\/wp\/v2\/product_brand?post=16051"},{"taxonomy":"product_cat","embeddable":true,"href":"https:\/\/thebiopool.com\/es\/wp-json\/wp\/v2\/product_cat?post=16051"},{"taxonomy":"product_tag","embeddable":true,"href":"https:\/\/thebiopool.com\/es\/wp-json\/wp\/v2\/product_tag?post=16051"}],"curies":[{"name":"wp","href":"https:\/\/api.w.org\/{rel}","templated":true}]}}