{"id":16099,"date":"2019-07-12T09:46:24","date_gmt":"2019-07-12T07:46:24","guid":{"rendered":"https:\/\/thebiopool.com\/product\/bomba-profesional-5000\/"},"modified":"2024-10-29T17:11:56","modified_gmt":"2024-10-29T16:11:56","slug":"bomba-profesional-5000","status":"publish","type":"product","link":"https:\/\/thebiopool.com\/es\/product\/bomba-profesional-5000\/","title":{"rendered":"Bomba profesional 5000"},"content":{"rendered":"<p>La bomba profesional 5000 ha sido sometida a rigurosas pruebas para garantizar la m\u00e1s alta calidad en sus funciones para la filtraci\u00f3n de toda el agua en su piscina. La bomba garantiza la eliminaci\u00f3n de arenan, hojas e impureza del agua, adem\u00e1s cuenta con un pre-separador de piedras que detecta tama\u00f1os de hasta 10mm. La bomba profesional 5000 es auto-aspirante, y est\u00e1 hecho de materiales de alta resistencia al cloro, sal y elementos qu\u00edmicos. Una bomba de alta calidad como \u00e9sta no s\u00f3lo se consigue un incremento en la vida \u00fatil de la bomba, sino tambi\u00e9n de los dem\u00e1s componentes t\u00e9cnicos instalados en la piscina (ej: depuradora, tuber\u00edas, etc.). Todos los componentes se pueden reparar o sustituir.<br \/>\n\u00a1Es mejor comprar algo bueno una vez que no barato muchas veces!<\/p>","protected":false},"excerpt":{"rendered":"<p>auto aspirante<\/p>\n<p>carcasa de la bomba de acero inoxidable<br \/>\nimpulsor de caucho resistente al desgaste<br \/>\ndise\u00f1o compacto<br \/>\nfacilidad de limpieza<br \/>\nfacilidad de uso<br \/>\nmotor 230 voltios AC 750 Watt<br \/>\ninterruptor de inversi\u00f3n (derecha-izquierda)<br \/>\nelaborado a 8 m de columna de agua<br \/>\nempuja hacia arriba a la columna de agua de 48 m<br \/>\nManual en alem\u00e1n<br \/>\ntodos los elementos disponibles como piezas de repuesto<br \/>\nConexi\u00f3n: 2 x 2 \u00abrosca externa<\/p>\n","protected":false},"featured_media":16098,"comment_status":"open","ping_status":"closed","template":"","meta":[],"product_brand":[],"product_cat":[216],"product_tag":[],"class_list":{"0":"post-16099","1":"product","2":"type-product","3":"status-publish","4":"has-post-thumbnail","6":"product_cat-teichpumpen","7":"product_shipping_class-228","9":"first","10":"instock","11":"taxable","12":"shipping-taxable","13":"purchasable","14":"product-type-simple"},"yoast_head":"<!-- This site is optimized with the Yoast SEO plugin v27.5 - https:\/\/yoast.com\/product\/yoast-seo-wordpress\/ -->\n<title>Bomba profesional 5000 - expertos en piscinas y estanques naturales<\/title>\n<meta name=\"robots\" content=\"index, follow, max-snippet:-1, max-image-preview:large, max-video-preview:-1\" \/>\n<link rel=\"canonical\" href=\"https:\/\/thebiopool.com\/es\/product\/bomba-profesional-5000\/\" \/>\n<meta property=\"og:locale\" content=\"es_ES\" \/>\n<meta property=\"og:type\" content=\"article\" \/>\n<meta property=\"og:title\" content=\"Bomba profesional 5000 - expertos en piscinas y estanques naturales\" \/>\n<meta property=\"og:description\" content=\"auto aspirante  carcasa de la bomba de acero inoxidable impulsor de caucho resistente al desgaste dise\u00f1o compacto facilidad de limpieza facilidad de uso motor 230 voltios AC 750 Watt interruptor de inversi\u00f3n (derecha-izquierda) elaborado a 8 m de columna de agua empuja hacia arriba a la columna de agua de 48 m Manual en alem\u00e1n todos los elementos disponibles como piezas de repuesto Conexi\u00f3n: 2 x 2 &quot;rosca externa\" \/>\n<meta property=\"og:url\" content=\"https:\/\/thebiopool.com\/es\/product\/bomba-profesional-5000\/\" \/>\n<meta property=\"og:site_name\" content=\"expertos en piscinas y estanques naturales\" \/>\n<meta property=\"article:publisher\" content=\"https:\/\/www.facebook.com\/Naturaleza-y-Arte-Stefan-Meier-162702410430553\/\" \/>\n<meta property=\"article:modified_time\" content=\"2024-10-29T16:11:56+00:00\" \/>\n<meta property=\"og:image\" content=\"https:\/\/thebiopool.com\/wp-content\/uploads\/3001_1.jpg\" \/>\n\t<meta property=\"og:image:width\" content=\"1000\" \/>\n\t<meta property=\"og:image:height\" content=\"1000\" \/>\n\t<meta property=\"og:image:type\" content=\"image\/jpeg\" \/>\n<meta name=\"twitter:card\" content=\"summary_large_image\" \/>\n<meta name=\"twitter:label1\" content=\"Tiempo de lectura\" \/>\n\t<meta name=\"twitter:data1\" content=\"1 minuto\" \/>\n<script type=\"application\/ld+json\" class=\"yoast-schema-graph\">{\"@context\":\"https:\\\/\\\/schema.org\",\"@graph\":[{\"@type\":\"WebPage\",\"@id\":\"https:\\\/\\\/thebiopool.com\\\/es\\\/product\\\/bomba-profesional-5000\\\/\",\"url\":\"https:\\\/\\\/thebiopool.com\\\/es\\\/product\\\/bomba-profesional-5000\\\/\",\"name\":\"Bomba profesional 5000 - expertos en piscinas y estanques naturales\",\"isPartOf\":{\"@id\":\"https:\\\/\\\/thebiopool.com\\\/es\\\/#website\"},\"primaryImageOfPage\":{\"@id\":\"https:\\\/\\\/thebiopool.com\\\/es\\\/product\\\/bomba-profesional-5000\\\/#primaryimage\"},\"image\":{\"@id\":\"https:\\\/\\\/thebiopool.com\\\/product\\\/bomba-profesional-5000\\\/#primaryimage\"},\"thumbnailUrl\":\"https:\\\/\\\/thebiopool.com\\\/wp-content\\\/uploads\\\/3001_1.jpg\",\"datePublished\":\"2019-07-12T07:46:24+00:00\",\"dateModified\":\"2024-10-29T16:11:56+00:00\",\"breadcrumb\":{\"@id\":\"https:\\\/\\\/thebiopool.com\\\/es\\\/product\\\/bomba-profesional-5000\\\/#breadcrumb\"},\"inLanguage\":\"es\",\"potentialAction\":[{\"@type\":\"ReadAction\",\"target\":[[\"https:\\\/\\\/thebiopool.com\\\/es\\\/product\\\/bomba-profesional-5000\\\/\"]]}]},{\"@type\":\"ImageObject\",\"inLanguage\":\"es\",\"@id\":\"https:\\\/\\\/thebiopool.com\\\/es\\\/product\\\/bomba-profesional-5000\\\/#primaryimage\",\"url\":\"https:\\\/\\\/thebiopool.com\\\/wp-content\\\/uploads\\\/3001_1.jpg\",\"contentUrl\":\"https:\\\/\\\/thebiopool.com\\\/wp-content\\\/uploads\\\/3001_1.jpg\",\"width\":1000,\"height\":1000},{\"@type\":\"BreadcrumbList\",\"@id\":\"https:\\\/\\\/thebiopool.com\\\/es\\\/product\\\/bomba-profesional-5000\\\/#breadcrumb\",\"itemListElement\":[{\"@type\":\"ListItem\",\"position\":1,\"name\":\"Home\",\"item\":\"https:\\\/\\\/thebiopool.com\\\/es\\\/\"},{\"@type\":\"ListItem\",\"position\":2,\"name\":\"Shop\",\"item\":\"https:\\\/\\\/thebiopool.com\\\/es\\\/shop\\\/\"},{\"@type\":\"ListItem\",\"position\":3,\"name\":\"Professional pump 5000\"}]},{\"@type\":\"WebSite\",\"@id\":\"https:\\\/\\\/thebiopool.com\\\/es\\\/#website\",\"url\":\"https:\\\/\\\/thebiopool.com\\\/es\\\/\",\"name\":\"TheBiopool\",\"description\":\"planificamos y creamos su estanque natural\",\"publisher\":{\"@id\":\"https:\\\/\\\/thebiopool.com\\\/es\\\/#organization\"},\"potentialAction\":[{\"@type\":\"SearchAction\",\"target\":{\"@type\":\"EntryPoint\",\"urlTemplate\":\"https:\\\/\\\/thebiopool.com\\\/es\\\/?s={search_term_string}\"},\"query-input\":{\"@type\":\"PropertyValueSpecification\",\"valueRequired\":true,\"valueName\":\"search_term_string\"}}],\"inLanguage\":\"es\"},{\"@type\":\"Organization\",\"@id\":\"https:\\\/\\\/thebiopool.com\\\/es\\\/#organization\",\"name\":\"TheBiopool\",\"url\":\"https:\\\/\\\/thebiopool.com\\\/es\\\/\",\"logo\":{\"@type\":\"ImageObject\",\"inLanguage\":\"es\",\"@id\":\"https:\\\/\\\/thebiopool.com\\\/es\\\/#\\\/schema\\\/logo\\\/image\\\/\",\"url\":\"https:\\\/\\\/thebiopool.com\\\/wp-content\\\/uploads\\\/logo-schatten-website-klein.png\",\"contentUrl\":\"https:\\\/\\\/thebiopool.com\\\/wp-content\\\/uploads\\\/logo-schatten-website-klein.png\",\"width\":220,\"height\":64,\"caption\":\"TheBiopool\"},\"image\":{\"@id\":\"https:\\\/\\\/thebiopool.com\\\/es\\\/#\\\/schema\\\/logo\\\/image\\\/\"},\"sameAs\":[\"https:\\\/\\\/www.facebook.com\\\/Naturaleza-y-Arte-Stefan-Meier-162702410430553\\\/\",\"https:\\\/\\\/www.instagram.com\\\/thebiopool\\\/\"]}]}<\/script>\n<!-- \/ Yoast SEO plugin. -->","yoast_head_json":{"title":"Bomba profesional 5000 - expertos en piscinas y estanques naturales","robots":{"index":"index","follow":"follow","max-snippet":"max-snippet:-1","max-image-preview":"max-image-preview:large","max-video-preview":"max-video-preview:-1"},"canonical":"https:\/\/thebiopool.com\/es\/product\/bomba-profesional-5000\/","og_locale":"es_ES","og_type":"article","og_title":"Bomba profesional 5000 - expertos en piscinas y estanques naturales","og_description":"auto aspirante  carcasa de la bomba de acero inoxidable impulsor de caucho resistente al desgaste dise\u00f1o compacto facilidad de limpieza facilidad de uso motor 230 voltios AC 750 Watt interruptor de inversi\u00f3n (derecha-izquierda) elaborado a 8 m de columna de agua empuja hacia arriba a la columna de agua de 48 m Manual en alem\u00e1n todos los elementos disponibles como piezas de repuesto Conexi\u00f3n: 2 x 2 \"rosca externa","og_url":"https:\/\/thebiopool.com\/es\/product\/bomba-profesional-5000\/","og_site_name":"expertos en piscinas y estanques naturales","article_publisher":"https:\/\/www.facebook.com\/Naturaleza-y-Arte-Stefan-Meier-162702410430553\/","article_modified_time":"2024-10-29T16:11:56+00:00","og_image":[{"width":1000,"height":1000,"url":"https:\/\/thebiopool.com\/wp-content\/uploads\/3001_1.jpg","type":"image\/jpeg"}],"twitter_card":"summary_large_image","twitter_misc":{"Tiempo de lectura":"1 minuto"},"schema":{"@context":"https:\/\/schema.org","@graph":[{"@type":"WebPage","@id":"https:\/\/thebiopool.com\/es\/product\/bomba-profesional-5000\/","url":"https:\/\/thebiopool.com\/es\/product\/bomba-profesional-5000\/","name":"Bomba profesional 5000 - expertos en piscinas y estanques naturales","isPartOf":{"@id":"https:\/\/thebiopool.com\/es\/#website"},"primaryImageOfPage":{"@id":"https:\/\/thebiopool.com\/es\/product\/bomba-profesional-5000\/#primaryimage"},"image":{"@id":"https:\/\/thebiopool.com\/product\/bomba-profesional-5000\/#primaryimage"},"thumbnailUrl":"https:\/\/thebiopool.com\/wp-content\/uploads\/3001_1.jpg","datePublished":"2019-07-12T07:46:24+00:00","dateModified":"2024-10-29T16:11:56+00:00","breadcrumb":{"@id":"https:\/\/thebiopool.com\/es\/product\/bomba-profesional-5000\/#breadcrumb"},"inLanguage":"es","potentialAction":[{"@type":"ReadAction","target":[["https:\/\/thebiopool.com\/es\/product\/bomba-profesional-5000\/"]]}]},{"@type":"ImageObject","inLanguage":"es","@id":"https:\/\/thebiopool.com\/es\/product\/bomba-profesional-5000\/#primaryimage","url":"https:\/\/thebiopool.com\/wp-content\/uploads\/3001_1.jpg","contentUrl":"https:\/\/thebiopool.com\/wp-content\/uploads\/3001_1.jpg","width":1000,"height":1000},{"@type":"BreadcrumbList","@id":"https:\/\/thebiopool.com\/es\/product\/bomba-profesional-5000\/#breadcrumb","itemListElement":[{"@type":"ListItem","position":1,"name":"Home","item":"https:\/\/thebiopool.com\/es\/"},{"@type":"ListItem","position":2,"name":"Shop","item":"https:\/\/thebiopool.com\/es\/shop\/"},{"@type":"ListItem","position":3,"name":"Professional pump 5000"}]},{"@type":"WebSite","@id":"https:\/\/thebiopool.com\/es\/#website","url":"https:\/\/thebiopool.com\/es\/","name":"TheBiopool","description":"planificamos y creamos su estanque natural","publisher":{"@id":"https:\/\/thebiopool.com\/es\/#organization"},"potentialAction":[{"@type":"SearchAction","target":{"@type":"EntryPoint","urlTemplate":"https:\/\/thebiopool.com\/es\/?s={search_term_string}"},"query-input":{"@type":"PropertyValueSpecification","valueRequired":true,"valueName":"search_term_string"}}],"inLanguage":"es"},{"@type":"Organization","@id":"https:\/\/thebiopool.com\/es\/#organization","name":"TheBiopool","url":"https:\/\/thebiopool.com\/es\/","logo":{"@type":"ImageObject","inLanguage":"es","@id":"https:\/\/thebiopool.com\/es\/#\/schema\/logo\/image\/","url":"https:\/\/thebiopool.com\/wp-content\/uploads\/logo-schatten-website-klein.png","contentUrl":"https:\/\/thebiopool.com\/wp-content\/uploads\/logo-schatten-website-klein.png","width":220,"height":64,"caption":"TheBiopool"},"image":{"@id":"https:\/\/thebiopool.com\/es\/#\/schema\/logo\/image\/"},"sameAs":["https:\/\/www.facebook.com\/Naturaleza-y-Arte-Stefan-Meier-162702410430553\/","https:\/\/www.instagram.com\/thebiopool\/"]}]}},"_links":{"self":[{"href":"https:\/\/thebiopool.com\/es\/wp-json\/wp\/v2\/product\/16099","targetHints":{"allow":["GET"]}}],"collection":[{"href":"https:\/\/thebiopool.com\/es\/wp-json\/wp\/v2\/product"}],"about":[{"href":"https:\/\/thebiopool.com\/es\/wp-json\/wp\/v2\/types\/product"}],"replies":[{"embeddable":true,"href":"https:\/\/thebiopool.com\/es\/wp-json\/wp\/v2\/comments?post=16099"}],"wp:featuredmedia":[{"embeddable":true,"href":"https:\/\/thebiopool.com\/es\/wp-json\/wp\/v2\/media\/16098"}],"wp:attachment":[{"href":"https:\/\/thebiopool.com\/es\/wp-json\/wp\/v2\/media?parent=16099"}],"wp:term":[{"taxonomy":"product_brand","embeddable":true,"href":"https:\/\/thebiopool.com\/es\/wp-json\/wp\/v2\/product_brand?post=16099"},{"taxonomy":"product_cat","embeddable":true,"href":"https:\/\/thebiopool.com\/es\/wp-json\/wp\/v2\/product_cat?post=16099"},{"taxonomy":"product_tag","embeddable":true,"href":"https:\/\/thebiopool.com\/es\/wp-json\/wp\/v2\/product_tag?post=16099"}],"curies":[{"name":"wp","href":"https:\/\/api.w.org\/{rel}","templated":true}]}}